{"id":956,"date":"2022-01-17T23:56:53","date_gmt":"2022-01-17T23:56:53","guid":{"rendered":"https:\/\/www.capitalcientifica.com.mx\/?post_type=product&#038;p=956"},"modified":"2023-02-22T18:01:38","modified_gmt":"2023-02-22T18:01:38","slug":"kjeldahl-combinado-abierto-el-aparato-kjeldahl-se-disena-para-las-deteriminaciones-de-nitrogenoe-materiales-como-alimentos-granos-fertilizantesbasura-organica-etc-esta-disenado-para-el-metodo-astm","status":"publish","type":"product","link":"https:\/\/capitalcientifica.com.mx\/tienda\/product\/kjeldahl-combinado-abierto-el-aparato-kjeldahl-se-disena-para-las-deteriminaciones-de-nitrogenoe-materiales-como-alimentos-granos-fertilizantesbasura-organica-etc-esta-disenado-para-el-metodo-astm\/","title":{"rendered":"KJELDAHL COMBINADO ABIERTO"},"content":{"rendered":"<p>KJELDAHL COMBINADO ABIERTO EL APARATO KJELDAHL SE DISE\u00d1A PARA LAS DETERIMINACIONES DE NITROGENOE MATERIALES COMO ALIMENTOS, GRANOS, FERTILIZANTES,BASURA ORGANICA ETC. ESTA DISE\u00d1ADO PARA EL METODO ASTM E147,D29 Y D1542 ACABADO EN POLVO H\u00cdBRIDO EPOXI-POLI\u00c9STER BAJO SISTEMA ELECTROEST\u00c1TICO HORNEADO Y RECUBRIMIENTO DE POLIURETANO, PUEDE SER CONSTRUIDO PARA CONSUMO ELECTRICO O DE GAS, CON ALIMENTACION DE 120 O 220 VOLTS<\/p>\n<p>MODELO K4U-COMB K6U-COMB K12U-COMB<\/p>\n<p>CAPACIDAD 4 UNIDADES 6 UNIDADES 12 UNIDADES<\/p>\n<p>MEDIDA EXT (FFA) 80XX75X205 110X75X205 180X75X205<\/p>\n<p>POTENCIA 120 V,60 NZ 5280 W 4.2 KVA 120 V,60 NZ 7920 W 4.2 KVA 220 V,60 NZ 16000 W 7.2 KVA<\/p>\n","protected":false},"excerpt":{"rendered":"<p>KJELDAHL COMBINADO ABIERTO EL APARATO KJELDAHL SE DISE\u00d1A PARA LAS DETERIMINACIONES DE NITROGENOE MATERIALES COMO ALIMENTOS, GRANOS, FERTILIZANTES,BASURA ORGANICA ETC. ESTA DISE\u00d1ADO PARA EL METODO ASTM E147,D29 Y D1542 ACABADO EN POLVO H\u00cdBRIDO EPOXI-POLI\u00c9STER BAJO SISTEMA ELECTROEST\u00c1TICO HORNEADO Y RECUBRIMIENTO DE POLIURETANO, PUEDE SER CONSTRUIDO PARA CONSUMO ELECTRICO O DE GAS, CON ALIMENTACION DE 120&hellip;<\/p>\n","protected":false},"featured_media":0,"comment_status":"open","ping_status":"closed","template":"","meta":{"_joinchat":[]},"product_cat":[61,15],"product_tag":[172,173,1239],"class_list":{"0":"post-956","1":"product","2":"type-product","3":"status-publish","5":"product_cat-equipos-de-laboratorio","6":"product_cat-sin-categoria","7":"product_tag-equipo-de-laboratorio","8":"product_tag-equipo-para-laboratorio","9":"product_tag-kjeldahl-combinado-abierto","11":"first","12":"instock","13":"shipping-taxable","14":"product-type-simple","15":"col-xs-6 col-sm-4","16":"col-md-3 col-lg-3","17":"un-4-cols"},"yoast_head":"<!-- This site is optimized with the Yoast SEO plugin v27.2 - https:\/\/yoast.com\/product\/yoast-seo-wordpress\/ -->\n<title>KJELDAHL COMBINADO ABIERTO - Capital Cient&iacute;fica<\/title>\n<meta name=\"robots\" content=\"index, follow, max-snippet:-1, max-image-preview:large, max-video-preview:-1\" \/>\n<link rel=\"canonical\" href=\"https:\/\/capitalcientifica.com.mx\/tienda\/product\/kjeldahl-combinado-abierto-el-aparato-kjeldahl-se-disena-para-las-deteriminaciones-de-nitrogenoe-materiales-como-alimentos-granos-fertilizantesbasura-organica-etc-esta-disenado-para-el-metodo-astm\/\" \/>\n<meta property=\"og:locale\" content=\"es_ES\" \/>\n<meta property=\"og:type\" content=\"article\" \/>\n<meta property=\"og:title\" content=\"KJELDAHL COMBINADO ABIERTO - Capital Cient&iacute;fica\" \/>\n<meta property=\"og:description\" content=\"KJELDAHL COMBINADO ABIERTO EL APARATO KJELDAHL SE DISE\u00d1A PARA LAS DETERIMINACIONES DE NITROGENOE MATERIALES COMO ALIMENTOS, GRANOS, FERTILIZANTES,BASURA ORGANICA ETC. ESTA DISE\u00d1ADO PARA EL METODO ASTM E147,D29 Y D1542 ACABADO EN POLVO H\u00cdBRIDO EPOXI-POLI\u00c9STER BAJO SISTEMA ELECTROEST\u00c1TICO HORNEADO Y RECUBRIMIENTO DE POLIURETANO, PUEDE SER CONSTRUIDO PARA CONSUMO ELECTRICO O DE GAS, CON ALIMENTACION DE 120&hellip;\" \/>\n<meta property=\"og:url\" content=\"https:\/\/capitalcientifica.com.mx\/tienda\/product\/kjeldahl-combinado-abierto-el-aparato-kjeldahl-se-disena-para-las-deteriminaciones-de-nitrogenoe-materiales-como-alimentos-granos-fertilizantesbasura-organica-etc-esta-disenado-para-el-metodo-astm\/\" \/>\n<meta property=\"og:site_name\" content=\"Capital Cient&iacute;fica\" \/>\n<meta property=\"article:modified_time\" content=\"2023-02-22T18:01:38+00:00\" \/>\n<meta name=\"twitter:card\" content=\"summary_large_image\" \/>\n<script type=\"application\/ld+json\" class=\"yoast-schema-graph\">{\"@context\":\"https:\/\/schema.org\",\"@graph\":[{\"@type\":\"WebPage\",\"@id\":\"https:\/\/capitalcientifica.com.mx\/tienda\/product\/kjeldahl-combinado-abierto-el-aparato-kjeldahl-se-disena-para-las-deteriminaciones-de-nitrogenoe-materiales-como-alimentos-granos-fertilizantesbasura-organica-etc-esta-disenado-para-el-metodo-astm\/\",\"url\":\"https:\/\/capitalcientifica.com.mx\/tienda\/product\/kjeldahl-combinado-abierto-el-aparato-kjeldahl-se-disena-para-las-deteriminaciones-de-nitrogenoe-materiales-como-alimentos-granos-fertilizantesbasura-organica-etc-esta-disenado-para-el-metodo-astm\/\",\"name\":\"KJELDAHL COMBINADO ABIERTO - Capital Cient&iacute;fica\",\"isPartOf\":{\"@id\":\"https:\/\/capitalcientifica.com.mx\/tienda\/#website\"},\"datePublished\":\"2022-01-17T23:56:53+00:00\",\"dateModified\":\"2023-02-22T18:01:38+00:00\",\"breadcrumb\":{\"@id\":\"https:\/\/capitalcientifica.com.mx\/tienda\/product\/kjeldahl-combinado-abierto-el-aparato-kjeldahl-se-disena-para-las-deteriminaciones-de-nitrogenoe-materiales-como-alimentos-granos-fertilizantesbasura-organica-etc-esta-disenado-para-el-metodo-astm\/#breadcrumb\"},\"inLanguage\":\"es\",\"potentialAction\":[{\"@type\":\"ReadAction\",\"target\":[\"https:\/\/capitalcientifica.com.mx\/tienda\/product\/kjeldahl-combinado-abierto-el-aparato-kjeldahl-se-disena-para-las-deteriminaciones-de-nitrogenoe-materiales-como-alimentos-granos-fertilizantesbasura-organica-etc-esta-disenado-para-el-metodo-astm\/\"]}]},{\"@type\":\"BreadcrumbList\",\"@id\":\"https:\/\/capitalcientifica.com.mx\/tienda\/product\/kjeldahl-combinado-abierto-el-aparato-kjeldahl-se-disena-para-las-deteriminaciones-de-nitrogenoe-materiales-como-alimentos-granos-fertilizantesbasura-organica-etc-esta-disenado-para-el-metodo-astm\/#breadcrumb\",\"itemListElement\":[{\"@type\":\"ListItem\",\"position\":1,\"name\":\"Portada\",\"item\":\"https:\/\/capitalcientifica.com.mx\/tienda\/\"},{\"@type\":\"ListItem\",\"position\":2,\"name\":\"Shop\",\"item\":\"https:\/\/capitalcientifica.com.mx\/tienda\/shop\/\"},{\"@type\":\"ListItem\",\"position\":3,\"name\":\"KJELDAHL COMBINADO ABIERTO\"}]},{\"@type\":\"WebSite\",\"@id\":\"https:\/\/capitalcientifica.com.mx\/tienda\/#website\",\"url\":\"https:\/\/capitalcientifica.com.mx\/tienda\/\",\"name\":\"Capital Cient&iacute;fica\",\"description\":\"Equipo para laboratorio\",\"potentialAction\":[{\"@type\":\"SearchAction\",\"target\":{\"@type\":\"EntryPoint\",\"urlTemplate\":\"https:\/\/capitalcientifica.com.mx\/tienda\/?s={search_term_string}\"},\"query-input\":{\"@type\":\"PropertyValueSpecification\",\"valueRequired\":true,\"valueName\":\"search_term_string\"}}],\"inLanguage\":\"es\"}]}<\/script>\n<!-- \/ Yoast SEO plugin. -->","yoast_head_json":{"title":"KJELDAHL COMBINADO ABIERTO - Capital Cient&iacute;fica","robots":{"index":"index","follow":"follow","max-snippet":"max-snippet:-1","max-image-preview":"max-image-preview:large","max-video-preview":"max-video-preview:-1"},"canonical":"https:\/\/capitalcientifica.com.mx\/tienda\/product\/kjeldahl-combinado-abierto-el-aparato-kjeldahl-se-disena-para-las-deteriminaciones-de-nitrogenoe-materiales-como-alimentos-granos-fertilizantesbasura-organica-etc-esta-disenado-para-el-metodo-astm\/","og_locale":"es_ES","og_type":"article","og_title":"KJELDAHL COMBINADO ABIERTO - Capital Cient&iacute;fica","og_description":"KJELDAHL COMBINADO ABIERTO EL APARATO KJELDAHL SE DISE\u00d1A PARA LAS DETERIMINACIONES DE NITROGENOE MATERIALES COMO ALIMENTOS, GRANOS, FERTILIZANTES,BASURA ORGANICA ETC. ESTA DISE\u00d1ADO PARA EL METODO ASTM E147,D29 Y D1542 ACABADO EN POLVO H\u00cdBRIDO EPOXI-POLI\u00c9STER BAJO SISTEMA ELECTROEST\u00c1TICO HORNEADO Y RECUBRIMIENTO DE POLIURETANO, PUEDE SER CONSTRUIDO PARA CONSUMO ELECTRICO O DE GAS, CON ALIMENTACION DE 120&hellip;","og_url":"https:\/\/capitalcientifica.com.mx\/tienda\/product\/kjeldahl-combinado-abierto-el-aparato-kjeldahl-se-disena-para-las-deteriminaciones-de-nitrogenoe-materiales-como-alimentos-granos-fertilizantesbasura-organica-etc-esta-disenado-para-el-metodo-astm\/","og_site_name":"Capital Cient&iacute;fica","article_modified_time":"2023-02-22T18:01:38+00:00","twitter_card":"summary_large_image","schema":{"@context":"https:\/\/schema.org","@graph":[{"@type":"WebPage","@id":"https:\/\/capitalcientifica.com.mx\/tienda\/product\/kjeldahl-combinado-abierto-el-aparato-kjeldahl-se-disena-para-las-deteriminaciones-de-nitrogenoe-materiales-como-alimentos-granos-fertilizantesbasura-organica-etc-esta-disenado-para-el-metodo-astm\/","url":"https:\/\/capitalcientifica.com.mx\/tienda\/product\/kjeldahl-combinado-abierto-el-aparato-kjeldahl-se-disena-para-las-deteriminaciones-de-nitrogenoe-materiales-como-alimentos-granos-fertilizantesbasura-organica-etc-esta-disenado-para-el-metodo-astm\/","name":"KJELDAHL COMBINADO ABIERTO - Capital Cient&iacute;fica","isPartOf":{"@id":"https:\/\/capitalcientifica.com.mx\/tienda\/#website"},"datePublished":"2022-01-17T23:56:53+00:00","dateModified":"2023-02-22T18:01:38+00:00","breadcrumb":{"@id":"https:\/\/capitalcientifica.com.mx\/tienda\/product\/kjeldahl-combinado-abierto-el-aparato-kjeldahl-se-disena-para-las-deteriminaciones-de-nitrogenoe-materiales-como-alimentos-granos-fertilizantesbasura-organica-etc-esta-disenado-para-el-metodo-astm\/#breadcrumb"},"inLanguage":"es","potentialAction":[{"@type":"ReadAction","target":["https:\/\/capitalcientifica.com.mx\/tienda\/product\/kjeldahl-combinado-abierto-el-aparato-kjeldahl-se-disena-para-las-deteriminaciones-de-nitrogenoe-materiales-como-alimentos-granos-fertilizantesbasura-organica-etc-esta-disenado-para-el-metodo-astm\/"]}]},{"@type":"BreadcrumbList","@id":"https:\/\/capitalcientifica.com.mx\/tienda\/product\/kjeldahl-combinado-abierto-el-aparato-kjeldahl-se-disena-para-las-deteriminaciones-de-nitrogenoe-materiales-como-alimentos-granos-fertilizantesbasura-organica-etc-esta-disenado-para-el-metodo-astm\/#breadcrumb","itemListElement":[{"@type":"ListItem","position":1,"name":"Portada","item":"https:\/\/capitalcientifica.com.mx\/tienda\/"},{"@type":"ListItem","position":2,"name":"Shop","item":"https:\/\/capitalcientifica.com.mx\/tienda\/shop\/"},{"@type":"ListItem","position":3,"name":"KJELDAHL COMBINADO ABIERTO"}]},{"@type":"WebSite","@id":"https:\/\/capitalcientifica.com.mx\/tienda\/#website","url":"https:\/\/capitalcientifica.com.mx\/tienda\/","name":"Capital Cient&iacute;fica","description":"Equipo para laboratorio","potentialAction":[{"@type":"SearchAction","target":{"@type":"EntryPoint","urlTemplate":"https:\/\/capitalcientifica.com.mx\/tienda\/?s={search_term_string}"},"query-input":{"@type":"PropertyValueSpecification","valueRequired":true,"valueName":"search_term_string"}}],"inLanguage":"es"}]}},"_links":{"self":[{"href":"https:\/\/capitalcientifica.com.mx\/tienda\/wp-json\/wp\/v2\/product\/956","targetHints":{"allow":["GET"]}}],"collection":[{"href":"https:\/\/capitalcientifica.com.mx\/tienda\/wp-json\/wp\/v2\/product"}],"about":[{"href":"https:\/\/capitalcientifica.com.mx\/tienda\/wp-json\/wp\/v2\/types\/product"}],"replies":[{"embeddable":true,"href":"https:\/\/capitalcientifica.com.mx\/tienda\/wp-json\/wp\/v2\/comments?post=956"}],"wp:attachment":[{"href":"https:\/\/capitalcientifica.com.mx\/tienda\/wp-json\/wp\/v2\/media?parent=956"}],"wp:term":[{"taxonomy":"product_cat","embeddable":true,"href":"https:\/\/capitalcientifica.com.mx\/tienda\/wp-json\/wp\/v2\/product_cat?post=956"},{"taxonomy":"product_tag","embeddable":true,"href":"https:\/\/capitalcientifica.com.mx\/tienda\/wp-json\/wp\/v2\/product_tag?post=956"}],"curies":[{"name":"wp","href":"https:\/\/api.w.org\/{rel}","templated":true}]}}