{"id":942,"date":"2022-01-17T22:31:48","date_gmt":"2022-01-17T22:31:48","guid":{"rendered":"https:\/\/www.capitalcientifica.com.mx\/?post_type=product&#038;p=942"},"modified":"2023-02-27T19:32:07","modified_gmt":"2023-02-27T19:32:07","slug":"este-microscopio-forense-profesional-que-esta-especializado-en-imagenes-que-aportan-exactitud-calidad-presicion-y-reproductibilidad-de-los-resultados-para-examinar-las-pruebas-con-plenas-garantias","status":"publish","type":"product","link":"https:\/\/capitalcientifica.com.mx\/tienda\/product\/este-microscopio-forense-profesional-que-esta-especializado-en-imagenes-que-aportan-exactitud-calidad-presicion-y-reproductibilidad-de-los-resultados-para-examinar-las-pruebas-con-plenas-garantias\/","title":{"rendered":"Microscopio Forense Profesional"},"content":{"rendered":"<p>Este microscopio forense profesional que esta especializado en im\u00e1genes que aportan exactitud, calidad, presici\u00f3n y reproductibilidad de los resultados para examinar las pruebas con plenas garant\u00edas.<\/p>\n<table class=\"data-table\">\n<tbody>\n<tr class=\"odd\">\n<td class=\"spec-name\">Subcategor\u00eda<\/td>\n<td class=\"spec-value\">Profesional<\/td>\n<\/tr>\n<tr class=\"even\">\n<td class=\"spec-name\">Tipo<\/td>\n<td class=\"spec-value\">Biol\u00f3gicos<\/td>\n<\/tr>\n<tr class=\"odd\">\n<td class=\"spec-name\">Nivel<\/td>\n<td class=\"spec-value\">Profesional<\/td>\n<\/tr>\n<tr class=\"even\">\n<td class=\"spec-name\">Cuerpo<\/td>\n<td class=\"spec-value\">Met\u00e1lico, ergon\u00f3mico con pintura ep\u00f3xica<\/td>\n<\/tr>\n<tr class=\"odd\">\n<td class=\"spec-name\">Cabezal<\/td>\n<td class=\"spec-value\">Trinocular<\/td>\n<\/tr>\n<tr class=\"even\">\n<td class=\"spec-name\">Tipo de cabezal<\/td>\n<td class=\"spec-value\">C<\/td>\n<\/tr>\n<tr class=\"odd\">\n<td class=\"spec-name\">Inclinaci\u00f3n del cabezal<\/td>\n<td class=\"spec-value\">45\u00ba<\/td>\n<\/tr>\n<tr class=\"even\">\n<td class=\"spec-name\">Cabezal giratorio<\/td>\n<td class=\"spec-value\">Fija<\/td>\n<\/tr>\n<tr class=\"odd\">\n<td class=\"spec-name\">Ajuste de dioptr\u00edas<\/td>\n<td class=\"spec-value\">Ambos oculares<\/td>\n<\/tr>\n<tr class=\"even\">\n<td class=\"spec-name\">Ajuste interpupilar<\/td>\n<td class=\"spec-value\">S\u00ed<\/td>\n<\/tr>\n<tr class=\"odd\">\n<td class=\"spec-name\">Oculares<\/td>\n<td class=\"spec-value\">WF (campo amplio) 10x 22mm con antireflejante<\/td>\n<\/tr>\n<tr class=\"even\">\n<td class=\"spec-name\">Ocular con prisionero<\/td>\n<td class=\"spec-value\">No<\/td>\n<\/tr>\n<tr class=\"odd\">\n<td class=\"spec-name\">Rev\u00f3lver<\/td>\n<td class=\"spec-value\">No<\/td>\n<\/tr>\n<tr class=\"even\">\n<td class=\"spec-name\">\u00d3ptica<\/td>\n<td class=\"spec-value\">No<\/td>\n<\/tr>\n<tr class=\"odd\">\n<td class=\"spec-name\">Objetivos<\/td>\n<td class=\"spec-value\">0.8x1x2x3x4.8<\/td>\n<\/tr>\n<tr class=\"even\">\n<td class=\"spec-name\">Aumentos<\/td>\n<td class=\"spec-value\">8x10x20x30x48<\/td>\n<\/tr>\n<tr class=\"odd\">\n<td class=\"spec-name\">Enfoque<\/td>\n<td class=\"spec-value\">Macrom\u00e9trico<\/td>\n<\/tr>\n<tr class=\"even\">\n<td class=\"spec-name\">Platina<\/td>\n<td class=\"spec-value\">Doble patina m\u00f3vil integral de doble placa con mandos coaxiales para movimientos x-y,con escala milim\u00e9trica y vernier<\/td>\n<\/tr>\n<tr class=\"odd\">\n<td class=\"spec-name\">Tama\u00f1o de platina<\/td>\n<td class=\"spec-value\">100 mm x 100 mm<\/td>\n<\/tr>\n<tr class=\"even\">\n<td class=\"spec-name\">Tope<\/td>\n<td class=\"spec-value\">Control de tensi\u00f3n y tope de clutch<\/td>\n<\/tr>\n<tr class=\"odd\">\n<td class=\"spec-name\">Condensador<\/td>\n<td class=\"spec-value\">No<\/td>\n<\/tr>\n<tr class=\"even\">\n<td class=\"spec-name\">Diafragma<\/td>\n<td class=\"spec-value\">No<\/td>\n<\/tr>\n<tr class=\"odd\">\n<td class=\"spec-name\">Porta filtros<\/td>\n<td class=\"spec-value\">No<\/td>\n<\/tr>\n<tr class=\"even\">\n<td class=\"spec-name\">Control de iluminaci\u00f3n<\/td>\n<td class=\"spec-value\">S\u00ed<\/td>\n<\/tr>\n<tr class=\"odd\">\n<td class=\"spec-name\">Iluminaci\u00f3n<\/td>\n<td class=\"spec-value\">Hal\u00f3gena 12V 100W<\/td>\n<\/tr>\n<tr class=\"even\">\n<td class=\"spec-name\">Kohler<\/td>\n<td class=\"spec-value\">No<\/td>\n<\/tr>\n<tr class=\"odd\">\n<td class=\"spec-name\">Alimentaci\u00f3n el\u00e9ctrica<\/td>\n<td class=\"spec-value\">Cable tripolar 110v\/60Hz<\/td>\n<\/tr>\n<tr class=\"even\">\n<td class=\"spec-name\">C\u00e1mara digital<\/td>\n<td class=\"spec-value\">No<\/td>\n<\/tr>\n<tr class=\"odd\">\n<td class=\"spec-name\">Filtros<\/td>\n<td class=\"spec-value\">2 claros, 2 rojos y 2 verdes<\/td>\n<\/tr>\n<tr class=\"even\">\n<td class=\"spec-name\">Incluye<\/td>\n<td class=\"spec-value\">11 adaptadores metalicos con vidrio, 2 oculares wf20x12<\/td>\n<\/tr>\n<tr class=\"odd\">\n<td class=\"spec-name\">Opci\u00f3n de campo obscuro<\/td>\n<td class=\"spec-value\">No<\/td>\n<\/tr>\n<tr class=\"even\">\n<td class=\"spec-name\">Opci\u00f3n epiflourescencia<\/td>\n<td class=\"spec-value\">No<\/td>\n<\/tr>\n<tr class=\"odd\">\n<td class=\"spec-name\">Opci\u00f3n de contraste de fases<\/td>\n<td class=\"spec-value\">No<\/td>\n<\/tr>\n<tr class=\"even\">\n<td class=\"spec-name\">Distancia de trabajo<\/td>\n<td class=\"spec-value\">110 mm<\/td>\n<\/tr>\n<tr class=\"odd\">\n<td class=\"spec-name\">Obervaciones<\/td>\n<td class=\"spec-value\">Entrada para v\u00eddeo (magnificaci\u00f3n de 1x) y c\u00e1mara (magnificaci\u00f3n de 3x)<\/td>\n<\/tr>\n<tr class=\"even\">\n<td class=\"spec-name\">Medidas del producto<\/td>\n<td class=\"spec-value\">63 x 26 x 66 cm<\/td>\n<\/tr>\n<\/tbody>\n<\/table>\n","protected":false},"excerpt":{"rendered":"<p>Este microscopio forense profesional que esta especializado en im\u00e1genes que aportan exactitud, calidad, presici\u00f3n y reproductibilidad de los resultados para examinar las pruebas con plenas garant\u00edas.<\/p>\n<table class=\"data-table\">\n<tbody>\n<tr class=\"odd\">\n<td class=\"spec-name\">Subcategor\u00eda<\/td>\n<td class=\"spec-value\">Profesional<\/td>\n<\/tr>\n<tr class=\"even\">\n<td class=\"spec-name\">Tipo<\/td>\n<td class=\"spec-value\">Biol\u00f3gicos<\/td>\n<\/tr>\n<tr class=\"odd\">\n<td class=\"spec-name\">Nivel<\/td>\n<td class=\"spec-value\">Profesional<\/td>\n<\/tr>\n<tr class=\"even\">\n<td class=\"spec-name\">Cuerpo<\/td>\n<td class=\"spec-value\">Met\u00e1lico, ergon\u00f3mico con pintura ep\u00f3xica<\/td>\n<\/tr>\n<tr class=\"odd\">\n<td class=\"spec-name\">Cabezal<\/td>\n<td class=\"spec-value\">Trinocular<\/td>\n<\/tr>\n<tr class=\"even\">\n<td class=\"spec-name\">Tipo de cabezal<\/td>\n<td class=\"spec-value\">C<\/td>\n<\/tr>\n<tr class=\"odd\">\n<td class=\"spec-name\">Inclinaci\u00f3n del cabezal<\/td>\n<td class=\"spec-value\">45\u00ba<\/td>\n<\/tr>\n<tr class=\"even\">\n<td class=\"spec-name\">Cabezal giratorio<\/td>\n<td class=\"spec-value\">Fija<\/td>\n<\/tr>\n<tr class=\"odd\">\n<td class=\"spec-name\">Ajuste de dioptr\u00edas<\/td>\n<td class=\"spec-value\">Ambos oculares<\/td>\n<\/tr>\n<tr class=\"even\">\n<td class=\"spec-name\">Ajuste interpupilar<\/td>\n<td class=\"spec-value\">S\u00ed<\/td>\n<\/tr>\n<tr class=\"odd\">\n<td class=\"spec-name\">Oculares<\/td>\n<td class=\"spec-value\">WF (campo amplio) 10x 22mm con antireflejante<\/td>\n<\/tr>\n<tr class=\"even\">\n<td class=\"spec-name\">Ocular con prisionero<\/td>\n<td class=\"spec-value\">No<\/td>\n<\/tr>\n<tr class=\"odd\">\n<td class=\"spec-name\">Rev\u00f3lver<\/td>\n<td class=\"spec-value\">No<\/td>\n<\/tr>\n<tr class=\"even\">\n<td class=\"spec-name\">\u00d3ptica<\/td>\n<td class=\"spec-value\">No<\/td>\n<\/tr>\n<tr class=\"odd\">\n<td class=\"spec-name\">Objetivos<\/td>\n<td class=\"spec-value\">0.8x1x2x3x4.8<\/td>\n<\/tr>\n<tr class=\"even\">\n<td class=\"spec-name\">Aumentos<\/td>\n<td class=\"spec-value\">8x10x20x30x48<\/td>\n<\/tr>\n<tr class=\"odd\">\n<td class=\"spec-name\">Enfoque<\/td>\n<td class=\"spec-value\">Macrom\u00e9trico<\/td>\n<\/tr>\n<tr class=\"even\">\n<td class=\"spec-name\">Platina<\/td>\n<td class=\"spec-value\">Doble patina m\u00f3vil integral de doble placa con mandos coaxiales para movimientos x-y,con escala milim\u00e9trica y vernier<\/td>\n<\/tr>\n<tr class=\"odd\">\n<td class=\"spec-name\">Tama\u00f1o de platina<\/td>\n<td class=\"spec-value\">100 mm x 100 mm<\/td>\n<\/tr>\n<tr class=\"even\">\n<td class=\"spec-name\">Tope<\/td>\n<td class=\"spec-value\">Control de tensi\u00f3n y tope de clutch<\/td>\n<\/tr>\n<tr class=\"odd\">\n<td class=\"spec-name\">Condensador<\/td>\n<td class=\"spec-value\">No<\/td>\n<\/tr>\n<tr class=\"even\">\n<td class=\"spec-name\">Diafragma<\/td>\n<td class=\"spec-value\">No<\/td>\n<\/tr>\n<tr class=\"odd\">\n<td class=\"spec-name\">Porta filtros<\/td>\n<td class=\"spec-value\">No<\/td>\n<\/tr>\n<tr class=\"even\">\n<td class=\"spec-name\">Control de iluminaci\u00f3n<\/td>\n<td class=\"spec-value\">S\u00ed<\/td>\n<\/tr>\n<tr class=\"odd\">\n<td class=\"spec-name\">Iluminaci\u00f3n<\/td>\n<td class=\"spec-value\">Hal\u00f3gena 12V 100W<\/td>\n<\/tr>\n<tr class=\"even\">\n<td class=\"spec-name\">Kohler<\/td>\n<td class=\"spec-value\">No<\/td>\n<\/tr>\n<tr class=\"odd\">\n<td class=\"spec-name\">Alimentaci\u00f3n el\u00e9ctrica<\/td>\n<td class=\"spec-value\">Cable tripolar 110v\/60Hz<\/td>\n<\/tr>\n<tr class=\"even\">\n<td class=\"spec-name\">C\u00e1mara digital<\/td>\n<td class=\"spec-value\">No<\/td>\n<\/tr>\n<tr class=\"odd\">\n<td class=\"spec-name\">Filtros<\/td>\n<td class=\"spec-value\">2 claros, 2 rojos y 2 verdes<\/td>\n<\/tr>\n<tr class=\"even\">\n<td class=\"spec-name\">Incluye<\/td>\n<td class=\"spec-value\">11 adaptadores metalicos con vidrio, 2 oculares wf20x12<\/td>\n<\/tr>\n<tr class=\"odd\">\n<td class=\"spec-name\">Opci\u00f3n de campo obscuro<\/td>\n<td class=\"spec-value\">No<\/td>\n<\/tr>\n<tr class=\"even\">\n<td class=\"spec-name\">Opci\u00f3n epiflourescencia<\/td>\n<td class=\"spec-value\">No<\/td>\n<\/tr>\n<tr class=\"odd\">\n<td class=\"spec-name\">Opci\u00f3n de contraste de fases<\/td>\n<td class=\"spec-value\">No<\/td>\n<\/tr>\n<tr class=\"even\">\n<td class=\"spec-name\">Distancia de trabajo<\/td>\n<td class=\"spec-value\">110 mm<\/td>\n<\/tr>\n<tr class=\"odd\">\n<td class=\"spec-name\">Obervaciones<\/td>\n<td class=\"spec-value\">Entrada para v\u00eddeo (magnificaci\u00f3n de 1x) y c\u00e1mara (magnificaci\u00f3n de 3x)<\/td>\n<\/tr>\n<tr class=\"even\">\n<td class=\"spec-name\">Medidas del producto<\/td>\n<td class=\"spec-value\">63 x 26 x 66 cm<\/td>\n<\/tr>\n<\/tbody>\n<\/table>\n","protected":false},"featured_media":943,"comment_status":"open","ping_status":"closed","template":"","meta":{"_joinchat":[]},"product_cat":[15],"product_tag":[172,173,1828],"class_list":{"0":"post-942","1":"product","2":"type-product","3":"status-publish","4":"has-post-thumbnail","6":"product_cat-sin-categoria","7":"product_tag-equipo-de-laboratorio","8":"product_tag-equipo-para-laboratorio","9":"product_tag-microscopio-forense-profesional","11":"first","12":"instock","13":"shipping-taxable","14":"product-type-simple","15":"col-xs-6 col-sm-4","16":"col-md-3 col-lg-3","17":"un-4-cols"},"yoast_head":"<!-- This site is optimized with the Yoast SEO plugin v27.2 - https:\/\/yoast.com\/product\/yoast-seo-wordpress\/ -->\n<title>Microscopio Forense Profesional - Capital Cient&iacute;fica<\/title>\n<meta name=\"robots\" content=\"index, follow, max-snippet:-1, max-image-preview:large, max-video-preview:-1\" \/>\n<link rel=\"canonical\" href=\"https:\/\/capitalcientifica.com.mx\/tienda\/product\/este-microscopio-forense-profesional-que-esta-especializado-en-imagenes-que-aportan-exactitud-calidad-presicion-y-reproductibilidad-de-los-resultados-para-examinar-las-pruebas-con-plenas-garantias\/\" \/>\n<meta property=\"og:locale\" content=\"es_ES\" \/>\n<meta property=\"og:type\" content=\"article\" \/>\n<meta property=\"og:title\" content=\"Microscopio Forense Profesional - Capital Cient&iacute;fica\" \/>\n<meta property=\"og:description\" content=\"Este microscopio forense profesional que esta especializado en im\u00e1genes que aportan exactitud, calidad, presici\u00f3n y reproductibilidad de los resultados para examinar las pruebas con plenas garant\u00edas.    Subcategor\u00eda Profesional   Tipo Biol\u00f3gicos   Nivel Profesional   Cuerpo Met\u00e1lico, ergon\u00f3mico con pintura ep\u00f3xica   Cabezal Trinocular   Tipo de cabezal C   Inclinaci\u00f3n del cabezal 45\u00ba   Cabezal giratorio Fija   Ajuste de dioptr\u00edas Ambos oculares   Ajuste interpupilar S\u00ed   Oculares WF (campo amplio) 10x 22mm con antireflejante   Ocular con prisionero No   Rev\u00f3lver No   \u00d3ptica No   Objetivos 0.8x1x2x3x4.8   Aumentos 8x10x20x30x48   Enfoque Macrom\u00e9trico   Platina Doble patina m\u00f3vil integral de doble placa con mandos coaxiales para movimientos x-y,con escala milim\u00e9trica y vernier   Tama\u00f1o de platina 100 mm x 100 mm   Tope Control de tensi\u00f3n y tope de clutch   Condensador No   Diafragma No   Porta filtros No   Control de iluminaci\u00f3n S\u00ed   Iluminaci\u00f3n Hal\u00f3gena 12V 100W   Kohler No   Alimentaci\u00f3n el\u00e9ctrica Cable tripolar 110v\/60Hz   C\u00e1mara digital No   Filtros 2 claros, 2 rojos y 2 verdes   Incluye 11 adaptadores metalicos con vidrio, 2 oculares wf20x12   Opci\u00f3n de campo obscuro No   Opci\u00f3n epiflourescencia No   Opci\u00f3n de contraste de fases No   Distancia de trabajo 110 mm   Obervaciones Entrada para v\u00eddeo (magnificaci\u00f3n de 1x) y c\u00e1mara (magnificaci\u00f3n de 3x)   Medidas del producto 63 x 26 x 66 cm\" \/>\n<meta property=\"og:url\" content=\"https:\/\/capitalcientifica.com.mx\/tienda\/product\/este-microscopio-forense-profesional-que-esta-especializado-en-imagenes-que-aportan-exactitud-calidad-presicion-y-reproductibilidad-de-los-resultados-para-examinar-las-pruebas-con-plenas-garantias\/\" \/>\n<meta property=\"og:site_name\" content=\"Capital Cient&iacute;fica\" \/>\n<meta property=\"article:modified_time\" content=\"2023-02-27T19:32:07+00:00\" \/>\n<meta property=\"og:image\" content=\"https:\/\/capitalcientifica.com.mx\/tienda\/wp-content\/uploads\/2022\/01\/FORENSE-PROFESIONAL.jpg\" \/>\n\t<meta property=\"og:image:width\" content=\"335\" \/>\n\t<meta property=\"og:image:height\" content=\"420\" \/>\n\t<meta property=\"og:image:type\" content=\"image\/jpeg\" \/>\n<meta name=\"twitter:card\" content=\"summary_large_image\" \/>\n<meta name=\"twitter:label1\" content=\"Tiempo de lectura\" \/>\n\t<meta name=\"twitter:data1\" content=\"1 minuto\" \/>\n<script type=\"application\/ld+json\" class=\"yoast-schema-graph\">{\"@context\":\"https:\/\/schema.org\",\"@graph\":[{\"@type\":\"WebPage\",\"@id\":\"https:\/\/capitalcientifica.com.mx\/tienda\/product\/este-microscopio-forense-profesional-que-esta-especializado-en-imagenes-que-aportan-exactitud-calidad-presicion-y-reproductibilidad-de-los-resultados-para-examinar-las-pruebas-con-plenas-garantias\/\",\"url\":\"https:\/\/capitalcientifica.com.mx\/tienda\/product\/este-microscopio-forense-profesional-que-esta-especializado-en-imagenes-que-aportan-exactitud-calidad-presicion-y-reproductibilidad-de-los-resultados-para-examinar-las-pruebas-con-plenas-garantias\/\",\"name\":\"Microscopio Forense Profesional - Capital Cient&iacute;fica\",\"isPartOf\":{\"@id\":\"https:\/\/capitalcientifica.com.mx\/tienda\/#website\"},\"primaryImageOfPage\":{\"@id\":\"https:\/\/capitalcientifica.com.mx\/tienda\/product\/este-microscopio-forense-profesional-que-esta-especializado-en-imagenes-que-aportan-exactitud-calidad-presicion-y-reproductibilidad-de-los-resultados-para-examinar-las-pruebas-con-plenas-garantias\/#primaryimage\"},\"image\":{\"@id\":\"https:\/\/capitalcientifica.com.mx\/tienda\/product\/este-microscopio-forense-profesional-que-esta-especializado-en-imagenes-que-aportan-exactitud-calidad-presicion-y-reproductibilidad-de-los-resultados-para-examinar-las-pruebas-con-plenas-garantias\/#primaryimage\"},\"thumbnailUrl\":\"https:\/\/capitalcientifica.com.mx\/tienda\/wp-content\/uploads\/2022\/01\/FORENSE-PROFESIONAL.jpg\",\"datePublished\":\"2022-01-17T22:31:48+00:00\",\"dateModified\":\"2023-02-27T19:32:07+00:00\",\"breadcrumb\":{\"@id\":\"https:\/\/capitalcientifica.com.mx\/tienda\/product\/este-microscopio-forense-profesional-que-esta-especializado-en-imagenes-que-aportan-exactitud-calidad-presicion-y-reproductibilidad-de-los-resultados-para-examinar-las-pruebas-con-plenas-garantias\/#breadcrumb\"},\"inLanguage\":\"es\",\"potentialAction\":[{\"@type\":\"ReadAction\",\"target\":[\"https:\/\/capitalcientifica.com.mx\/tienda\/product\/este-microscopio-forense-profesional-que-esta-especializado-en-imagenes-que-aportan-exactitud-calidad-presicion-y-reproductibilidad-de-los-resultados-para-examinar-las-pruebas-con-plenas-garantias\/\"]}]},{\"@type\":\"ImageObject\",\"inLanguage\":\"es\",\"@id\":\"https:\/\/capitalcientifica.com.mx\/tienda\/product\/este-microscopio-forense-profesional-que-esta-especializado-en-imagenes-que-aportan-exactitud-calidad-presicion-y-reproductibilidad-de-los-resultados-para-examinar-las-pruebas-con-plenas-garantias\/#primaryimage\",\"url\":\"https:\/\/capitalcientifica.com.mx\/tienda\/wp-content\/uploads\/2022\/01\/FORENSE-PROFESIONAL.jpg\",\"contentUrl\":\"https:\/\/capitalcientifica.com.mx\/tienda\/wp-content\/uploads\/2022\/01\/FORENSE-PROFESIONAL.jpg\",\"width\":335,\"height\":420},{\"@type\":\"BreadcrumbList\",\"@id\":\"https:\/\/capitalcientifica.com.mx\/tienda\/product\/este-microscopio-forense-profesional-que-esta-especializado-en-imagenes-que-aportan-exactitud-calidad-presicion-y-reproductibilidad-de-los-resultados-para-examinar-las-pruebas-con-plenas-garantias\/#breadcrumb\",\"itemListElement\":[{\"@type\":\"ListItem\",\"position\":1,\"name\":\"Portada\",\"item\":\"https:\/\/capitalcientifica.com.mx\/tienda\/\"},{\"@type\":\"ListItem\",\"position\":2,\"name\":\"Shop\",\"item\":\"https:\/\/capitalcientifica.com.mx\/tienda\/shop\/\"},{\"@type\":\"ListItem\",\"position\":3,\"name\":\"Microscopio Forense Profesional\"}]},{\"@type\":\"WebSite\",\"@id\":\"https:\/\/capitalcientifica.com.mx\/tienda\/#website\",\"url\":\"https:\/\/capitalcientifica.com.mx\/tienda\/\",\"name\":\"Capital Cient&iacute;fica\",\"description\":\"Equipo para laboratorio\",\"potentialAction\":[{\"@type\":\"SearchAction\",\"target\":{\"@type\":\"EntryPoint\",\"urlTemplate\":\"https:\/\/capitalcientifica.com.mx\/tienda\/?s={search_term_string}\"},\"query-input\":{\"@type\":\"PropertyValueSpecification\",\"valueRequired\":true,\"valueName\":\"search_term_string\"}}],\"inLanguage\":\"es\"}]}<\/script>\n<!-- \/ Yoast SEO plugin. -->","yoast_head_json":{"title":"Microscopio Forense Profesional - Capital Cient&iacute;fica","robots":{"index":"index","follow":"follow","max-snippet":"max-snippet:-1","max-image-preview":"max-image-preview:large","max-video-preview":"max-video-preview:-1"},"canonical":"https:\/\/capitalcientifica.com.mx\/tienda\/product\/este-microscopio-forense-profesional-que-esta-especializado-en-imagenes-que-aportan-exactitud-calidad-presicion-y-reproductibilidad-de-los-resultados-para-examinar-las-pruebas-con-plenas-garantias\/","og_locale":"es_ES","og_type":"article","og_title":"Microscopio Forense Profesional - Capital Cient&iacute;fica","og_description":"Este microscopio forense profesional que esta especializado en im\u00e1genes que aportan exactitud, calidad, presici\u00f3n y reproductibilidad de los resultados para examinar las pruebas con plenas garant\u00edas.    Subcategor\u00eda Profesional   Tipo Biol\u00f3gicos   Nivel Profesional   Cuerpo Met\u00e1lico, ergon\u00f3mico con pintura ep\u00f3xica   Cabezal Trinocular   Tipo de cabezal C   Inclinaci\u00f3n del cabezal 45\u00ba   Cabezal giratorio Fija   Ajuste de dioptr\u00edas Ambos oculares   Ajuste interpupilar S\u00ed   Oculares WF (campo amplio) 10x 22mm con antireflejante   Ocular con prisionero No   Rev\u00f3lver No   \u00d3ptica No   Objetivos 0.8x1x2x3x4.8   Aumentos 8x10x20x30x48   Enfoque Macrom\u00e9trico   Platina Doble patina m\u00f3vil integral de doble placa con mandos coaxiales para movimientos x-y,con escala milim\u00e9trica y vernier   Tama\u00f1o de platina 100 mm x 100 mm   Tope Control de tensi\u00f3n y tope de clutch   Condensador No   Diafragma No   Porta filtros No   Control de iluminaci\u00f3n S\u00ed   Iluminaci\u00f3n Hal\u00f3gena 12V 100W   Kohler No   Alimentaci\u00f3n el\u00e9ctrica Cable tripolar 110v\/60Hz   C\u00e1mara digital No   Filtros 2 claros, 2 rojos y 2 verdes   Incluye 11 adaptadores metalicos con vidrio, 2 oculares wf20x12   Opci\u00f3n de campo obscuro No   Opci\u00f3n epiflourescencia No   Opci\u00f3n de contraste de fases No   Distancia de trabajo 110 mm   Obervaciones Entrada para v\u00eddeo (magnificaci\u00f3n de 1x) y c\u00e1mara (magnificaci\u00f3n de 3x)   Medidas del producto 63 x 26 x 66 cm","og_url":"https:\/\/capitalcientifica.com.mx\/tienda\/product\/este-microscopio-forense-profesional-que-esta-especializado-en-imagenes-que-aportan-exactitud-calidad-presicion-y-reproductibilidad-de-los-resultados-para-examinar-las-pruebas-con-plenas-garantias\/","og_site_name":"Capital Cient&iacute;fica","article_modified_time":"2023-02-27T19:32:07+00:00","og_image":[{"width":335,"height":420,"url":"https:\/\/capitalcientifica.com.mx\/tienda\/wp-content\/uploads\/2022\/01\/FORENSE-PROFESIONAL.jpg","type":"image\/jpeg"}],"twitter_card":"summary_large_image","twitter_misc":{"Tiempo de lectura":"1 minuto"},"schema":{"@context":"https:\/\/schema.org","@graph":[{"@type":"WebPage","@id":"https:\/\/capitalcientifica.com.mx\/tienda\/product\/este-microscopio-forense-profesional-que-esta-especializado-en-imagenes-que-aportan-exactitud-calidad-presicion-y-reproductibilidad-de-los-resultados-para-examinar-las-pruebas-con-plenas-garantias\/","url":"https:\/\/capitalcientifica.com.mx\/tienda\/product\/este-microscopio-forense-profesional-que-esta-especializado-en-imagenes-que-aportan-exactitud-calidad-presicion-y-reproductibilidad-de-los-resultados-para-examinar-las-pruebas-con-plenas-garantias\/","name":"Microscopio Forense Profesional - Capital Cient&iacute;fica","isPartOf":{"@id":"https:\/\/capitalcientifica.com.mx\/tienda\/#website"},"primaryImageOfPage":{"@id":"https:\/\/capitalcientifica.com.mx\/tienda\/product\/este-microscopio-forense-profesional-que-esta-especializado-en-imagenes-que-aportan-exactitud-calidad-presicion-y-reproductibilidad-de-los-resultados-para-examinar-las-pruebas-con-plenas-garantias\/#primaryimage"},"image":{"@id":"https:\/\/capitalcientifica.com.mx\/tienda\/product\/este-microscopio-forense-profesional-que-esta-especializado-en-imagenes-que-aportan-exactitud-calidad-presicion-y-reproductibilidad-de-los-resultados-para-examinar-las-pruebas-con-plenas-garantias\/#primaryimage"},"thumbnailUrl":"https:\/\/capitalcientifica.com.mx\/tienda\/wp-content\/uploads\/2022\/01\/FORENSE-PROFESIONAL.jpg","datePublished":"2022-01-17T22:31:48+00:00","dateModified":"2023-02-27T19:32:07+00:00","breadcrumb":{"@id":"https:\/\/capitalcientifica.com.mx\/tienda\/product\/este-microscopio-forense-profesional-que-esta-especializado-en-imagenes-que-aportan-exactitud-calidad-presicion-y-reproductibilidad-de-los-resultados-para-examinar-las-pruebas-con-plenas-garantias\/#breadcrumb"},"inLanguage":"es","potentialAction":[{"@type":"ReadAction","target":["https:\/\/capitalcientifica.com.mx\/tienda\/product\/este-microscopio-forense-profesional-que-esta-especializado-en-imagenes-que-aportan-exactitud-calidad-presicion-y-reproductibilidad-de-los-resultados-para-examinar-las-pruebas-con-plenas-garantias\/"]}]},{"@type":"ImageObject","inLanguage":"es","@id":"https:\/\/capitalcientifica.com.mx\/tienda\/product\/este-microscopio-forense-profesional-que-esta-especializado-en-imagenes-que-aportan-exactitud-calidad-presicion-y-reproductibilidad-de-los-resultados-para-examinar-las-pruebas-con-plenas-garantias\/#primaryimage","url":"https:\/\/capitalcientifica.com.mx\/tienda\/wp-content\/uploads\/2022\/01\/FORENSE-PROFESIONAL.jpg","contentUrl":"https:\/\/capitalcientifica.com.mx\/tienda\/wp-content\/uploads\/2022\/01\/FORENSE-PROFESIONAL.jpg","width":335,"height":420},{"@type":"BreadcrumbList","@id":"https:\/\/capitalcientifica.com.mx\/tienda\/product\/este-microscopio-forense-profesional-que-esta-especializado-en-imagenes-que-aportan-exactitud-calidad-presicion-y-reproductibilidad-de-los-resultados-para-examinar-las-pruebas-con-plenas-garantias\/#breadcrumb","itemListElement":[{"@type":"ListItem","position":1,"name":"Portada","item":"https:\/\/capitalcientifica.com.mx\/tienda\/"},{"@type":"ListItem","position":2,"name":"Shop","item":"https:\/\/capitalcientifica.com.mx\/tienda\/shop\/"},{"@type":"ListItem","position":3,"name":"Microscopio Forense Profesional"}]},{"@type":"WebSite","@id":"https:\/\/capitalcientifica.com.mx\/tienda\/#website","url":"https:\/\/capitalcientifica.com.mx\/tienda\/","name":"Capital Cient&iacute;fica","description":"Equipo para laboratorio","potentialAction":[{"@type":"SearchAction","target":{"@type":"EntryPoint","urlTemplate":"https:\/\/capitalcientifica.com.mx\/tienda\/?s={search_term_string}"},"query-input":{"@type":"PropertyValueSpecification","valueRequired":true,"valueName":"search_term_string"}}],"inLanguage":"es"}]}},"_links":{"self":[{"href":"https:\/\/capitalcientifica.com.mx\/tienda\/wp-json\/wp\/v2\/product\/942","targetHints":{"allow":["GET"]}}],"collection":[{"href":"https:\/\/capitalcientifica.com.mx\/tienda\/wp-json\/wp\/v2\/product"}],"about":[{"href":"https:\/\/capitalcientifica.com.mx\/tienda\/wp-json\/wp\/v2\/types\/product"}],"replies":[{"embeddable":true,"href":"https:\/\/capitalcientifica.com.mx\/tienda\/wp-json\/wp\/v2\/comments?post=942"}],"wp:featuredmedia":[{"embeddable":true,"href":"https:\/\/capitalcientifica.com.mx\/tienda\/wp-json\/wp\/v2\/media\/943"}],"wp:attachment":[{"href":"https:\/\/capitalcientifica.com.mx\/tienda\/wp-json\/wp\/v2\/media?parent=942"}],"wp:term":[{"taxonomy":"product_cat","embeddable":true,"href":"https:\/\/capitalcientifica.com.mx\/tienda\/wp-json\/wp\/v2\/product_cat?post=942"},{"taxonomy":"product_tag","embeddable":true,"href":"https:\/\/capitalcientifica.com.mx\/tienda\/wp-json\/wp\/v2\/product_tag?post=942"}],"curies":[{"name":"wp","href":"https:\/\/api.w.org\/{rel}","templated":true}]}}