{"id":938,"date":"2022-01-17T22:22:27","date_gmt":"2022-01-17T22:22:27","guid":{"rendered":"https:\/\/www.capitalcientifica.com.mx\/?post_type=product&#038;p=938"},"modified":"2023-02-27T19:31:21","modified_gmt":"2023-02-27T19:31:21","slug":"este-microscopio-biologico-invertido-es-un-equipo-multifuncional-que-cuenta-con-sistema-optica-plan-acromatica-al-infinito-su-diseno-es-ergonomico-para-facilitar-la-operacion-del-equipo-el-sistema-d","status":"publish","type":"product","link":"https:\/\/capitalcientifica.com.mx\/tienda\/product\/este-microscopio-biologico-invertido-es-un-equipo-multifuncional-que-cuenta-con-sistema-optica-plan-acromatica-al-infinito-su-diseno-es-ergonomico-para-facilitar-la-operacion-del-equipo-el-sistema-d\/","title":{"rendered":"Microscopio Biol\u00f3gico Invertido"},"content":{"rendered":"<p>Este microscopio biol\u00f3gico invertido es un equipo multifuncional que cuenta con sistema \u00f3ptica plan acrom\u00e1tica al infinito. Su dise\u00f1o es ergon\u00f3mico para facilitar la operaci\u00f3n del equipo. El sistema de iluminaci\u00f3n dispersa correctamente el calor para su uso seguro. Cuenta con la opci\u00f3n de hacer uso de contraste de fases. BIO 6N<\/p>\n<table class=\"data-table\">\n<tbody>\n<tr class=\"odd\">\n<td class=\"spec-name\">Subcategor\u00eda<\/td>\n<td class=\"spec-value\">Profesional<\/td>\n<\/tr>\n<tr class=\"even\">\n<td class=\"spec-name\">Tipo<\/td>\n<td class=\"spec-value\">Biol\u00f3gicos<\/td>\n<\/tr>\n<tr class=\"odd\">\n<td class=\"spec-name\">Nivel<\/td>\n<td class=\"spec-value\">Profesional<\/td>\n<\/tr>\n<tr class=\"even\">\n<td class=\"spec-name\">Cuerpo<\/td>\n<td class=\"spec-value\">Met\u00e1lico, ergon\u00f3mico con pintura ep\u00f3xica<\/td>\n<\/tr>\n<tr class=\"odd\">\n<td class=\"spec-name\">Cabezal<\/td>\n<td class=\"spec-value\">Trinocular<\/td>\n<\/tr>\n<tr class=\"even\">\n<td class=\"spec-name\">Tipo de cabezal<\/td>\n<td class=\"spec-value\">C<\/td>\n<\/tr>\n<tr class=\"odd\">\n<td class=\"spec-name\">Cabezal giratorio<\/td>\n<td class=\"spec-value\">Fija<\/td>\n<\/tr>\n<tr class=\"even\">\n<td class=\"spec-name\">Ajuste de dioptr\u00edas<\/td>\n<td class=\"spec-value\">Ambos oculares<\/td>\n<\/tr>\n<tr class=\"odd\">\n<td class=\"spec-name\">Oculares<\/td>\n<td class=\"spec-value\">WF (campo amplio) 10x 22mm con antireflejante<\/td>\n<\/tr>\n<tr class=\"even\">\n<td class=\"spec-name\">Ocular con prisionero<\/td>\n<td class=\"spec-value\">S\u00ed<\/td>\n<\/tr>\n<tr class=\"odd\">\n<td class=\"spec-name\">Rev\u00f3lver<\/td>\n<td class=\"spec-value\">Qu\u00edntuple embalado<\/td>\n<\/tr>\n<tr class=\"even\">\n<td class=\"spec-name\">\u00d3ptica<\/td>\n<td class=\"spec-value\">Plan acrom\u00e1tica con correcci\u00f3n al infinito. Sistema antif\u00fangico<\/td>\n<\/tr>\n<tr class=\"odd\">\n<td class=\"spec-name\">Objetivos<\/td>\n<td class=\"spec-value\">10 x 20 ph x 20 x 40 x<\/td>\n<\/tr>\n<tr class=\"even\">\n<td class=\"spec-name\">Aumentos<\/td>\n<td class=\"spec-value\">100 x 200 ph x 200 x 400 x<\/td>\n<\/tr>\n<tr class=\"odd\">\n<td class=\"spec-name\">Enfoque<\/td>\n<td class=\"spec-value\">Macro-microm\u00e9trico coaxial<\/td>\n<\/tr>\n<tr class=\"even\">\n<td class=\"spec-name\">Platina<\/td>\n<td class=\"spec-value\">Met\u00e1lica m\u00f3vil integral de doble placa con mandos coaxiales para movimiento X-Y, escalas milim\u00e9tricas y vernier. Con sistema de engranes de elevaci\u00f3n met\u00e1lica<\/td>\n<\/tr>\n<tr class=\"odd\">\n<td class=\"spec-name\">Tama\u00f1o de platina<\/td>\n<td class=\"spec-value\">230 x 210 mm<\/td>\n<\/tr>\n<tr class=\"even\">\n<td class=\"spec-name\">Tope<\/td>\n<td class=\"spec-value\">Control de tensi\u00f3n y tope de clutch<\/td>\n<\/tr>\n<tr class=\"odd\">\n<td class=\"spec-name\">Condensador<\/td>\n<td class=\"spec-value\">De torreta N.A. 0.30<\/td>\n<\/tr>\n<tr class=\"even\">\n<td class=\"spec-name\">Diafragma<\/td>\n<td class=\"spec-value\">Iris<\/td>\n<\/tr>\n<tr class=\"odd\">\n<td class=\"spec-name\">Porta filtros<\/td>\n<td class=\"spec-value\">S\u00ed<\/td>\n<\/tr>\n<tr class=\"even\">\n<td class=\"spec-name\">Control de iluminaci\u00f3n<\/td>\n<td class=\"spec-value\">S\u00ed<\/td>\n<\/tr>\n<tr class=\"odd\">\n<td class=\"spec-name\">Iluminaci\u00f3n<\/td>\n<td class=\"spec-value\">Hal\u00f3gena 6V 30W<\/td>\n<\/tr>\n<tr class=\"even\">\n<td class=\"spec-name\">Alimentaci\u00f3n el\u00e9ctrica<\/td>\n<td class=\"spec-value\">Cable tripolar 110v\/60Hz<\/td>\n<\/tr>\n<tr class=\"odd\">\n<td class=\"spec-name\">C\u00e1mara digital<\/td>\n<td class=\"spec-value\">Opcional<\/td>\n<\/tr>\n<tr class=\"even\">\n<td class=\"spec-name\">Filtros<\/td>\n<td class=\"spec-value\">Verde<\/td>\n<\/tr>\n<tr class=\"odd\">\n<td class=\"spec-name\">Opci\u00f3n de campo obscuro<\/td>\n<td class=\"spec-value\">S\u00ed<\/td>\n<\/tr>\n<tr class=\"even\">\n<td class=\"spec-name\">Garant\u00eda<\/td>\n<td class=\"spec-value\">10 a\u00f1os<\/td>\n<\/tr>\n<tr class=\"odd\">\n<td class=\"spec-name\">Medidas del producto<\/td>\n<td class=\"spec-value\">20 x 39 x 54 cm<\/td>\n<\/tr>\n<\/tbody>\n<\/table>\n","protected":false},"excerpt":{"rendered":"<p>Este microscopio biol\u00f3gico invertido es un equipo multifuncional que cuenta con sistema \u00f3ptica plan acrom\u00e1tica al infinito. Su dise\u00f1o es ergon\u00f3mico para facilitar la operaci\u00f3n del equipo. El sistema de iluminaci\u00f3n dispersa correctamente el calor para su uso seguro. Cuenta con la opci\u00f3n de hacer uso de contraste de fases. BIO 6N<\/p>\n<table class=\"data-table\">\n<tbody>\n<tr class=\"odd\">\n<td class=\"spec-name\">Subcategor\u00eda<\/td>\n<td class=\"spec-value\">Profesional<\/td>\n<\/tr>\n<tr class=\"even\">\n<td class=\"spec-name\">Tipo<\/td>\n<td class=\"spec-value\">Biol\u00f3gicos<\/td>\n<\/tr>\n<tr class=\"odd\">\n<td class=\"spec-name\">Nivel<\/td>\n<td class=\"spec-value\">Profesional<\/td>\n<\/tr>\n<tr class=\"even\">\n<td class=\"spec-name\">Cuerpo<\/td>\n<td class=\"spec-value\">Met\u00e1lico, ergon\u00f3mico con pintura ep\u00f3xica<\/td>\n<\/tr>\n<tr class=\"odd\">\n<td class=\"spec-name\">Cabezal<\/td>\n<td class=\"spec-value\">Trinocular<\/td>\n<\/tr>\n<tr class=\"even\">\n<td class=\"spec-name\">Tipo de cabezal<\/td>\n<td class=\"spec-value\">C<\/td>\n<\/tr>\n<tr class=\"odd\">\n<td class=\"spec-name\">Cabezal giratorio<\/td>\n<td class=\"spec-value\">Fija<\/td>\n<\/tr>\n<tr class=\"even\">\n<td class=\"spec-name\">Ajuste de dioptr\u00edas<\/td>\n<td class=\"spec-value\">Ambos oculares<\/td>\n<\/tr>\n<tr class=\"odd\">\n<td class=\"spec-name\">Oculares<\/td>\n<td class=\"spec-value\">WF (campo amplio) 10x 22mm con antireflejante<\/td>\n<\/tr>\n<tr class=\"even\">\n<td class=\"spec-name\">Ocular con prisionero<\/td>\n<td class=\"spec-value\">S\u00ed<\/td>\n<\/tr>\n<tr class=\"odd\">\n<td class=\"spec-name\">Rev\u00f3lver<\/td>\n<td class=\"spec-value\">Qu\u00edntuple embalado<\/td>\n<\/tr>\n<tr class=\"even\">\n<td class=\"spec-name\">\u00d3ptica<\/td>\n<td class=\"spec-value\">Plan acrom\u00e1tica con correcci\u00f3n al infinito. Sistema antif\u00fangico<\/td>\n<\/tr>\n<tr class=\"odd\">\n<td class=\"spec-name\">Objetivos<\/td>\n<td class=\"spec-value\">10 x 20 ph x 20 x 40 x<\/td>\n<\/tr>\n<tr class=\"even\">\n<td class=\"spec-name\">Aumentos<\/td>\n<td class=\"spec-value\">100 x 200 ph x 200 x 400 x<\/td>\n<\/tr>\n<tr class=\"odd\">\n<td class=\"spec-name\">Enfoque<\/td>\n<td class=\"spec-value\">Macro-microm\u00e9trico coaxial<\/td>\n<\/tr>\n<tr class=\"even\">\n<td class=\"spec-name\">Platina<\/td>\n<td class=\"spec-value\">Met\u00e1lica m\u00f3vil integral de doble placa con mandos coaxiales para movimiento X-Y, escalas milim\u00e9tricas y vernier. Con sistema de engranes de elevaci\u00f3n met\u00e1lica<\/td>\n<\/tr>\n<tr class=\"odd\">\n<td class=\"spec-name\">Tama\u00f1o de platina<\/td>\n<td class=\"spec-value\">230 x 210 mm<\/td>\n<\/tr>\n<tr class=\"even\">\n<td class=\"spec-name\">Tope<\/td>\n<td class=\"spec-value\">Control de tensi\u00f3n y tope de clutch<\/td>\n<\/tr>\n<tr class=\"odd\">\n<td class=\"spec-name\">Condensador<\/td>\n<td class=\"spec-value\">De torreta N.A. 0.30<\/td>\n<\/tr>\n<tr class=\"even\">\n<td class=\"spec-name\">Diafragma<\/td>\n<td class=\"spec-value\">Iris<\/td>\n<\/tr>\n<tr class=\"odd\">\n<td class=\"spec-name\">Porta filtros<\/td>\n<td class=\"spec-value\">S\u00ed<\/td>\n<\/tr>\n<tr class=\"even\">\n<td class=\"spec-name\">Control de iluminaci\u00f3n<\/td>\n<td class=\"spec-value\">S\u00ed<\/td>\n<\/tr>\n<tr class=\"odd\">\n<td class=\"spec-name\">Iluminaci\u00f3n<\/td>\n<td class=\"spec-value\">Hal\u00f3gena 6V 30W<\/td>\n<\/tr>\n<tr class=\"even\">\n<td class=\"spec-name\">Alimentaci\u00f3n el\u00e9ctrica<\/td>\n<td class=\"spec-value\">Cable tripolar 110v\/60Hz<\/td>\n<\/tr>\n<tr class=\"odd\">\n<td class=\"spec-name\">C\u00e1mara digital<\/td>\n<td class=\"spec-value\">Opcional<\/td>\n<\/tr>\n<tr class=\"even\">\n<td class=\"spec-name\">Filtros<\/td>\n<td class=\"spec-value\">Verde<\/td>\n<\/tr>\n<tr class=\"odd\">\n<td class=\"spec-name\">Opci\u00f3n de campo obscuro<\/td>\n<td class=\"spec-value\">S\u00ed<\/td>\n<\/tr>\n<tr class=\"even\">\n<td class=\"spec-name\">Garant\u00eda<\/td>\n<td class=\"spec-value\">10 a\u00f1os<\/td>\n<\/tr>\n<tr class=\"odd\">\n<td class=\"spec-name\">Medidas del producto<\/td>\n<td class=\"spec-value\">20 x 39 x 54 cm<\/td>\n<\/tr>\n<\/tbody>\n<\/table>\n","protected":false},"featured_media":939,"comment_status":"open","ping_status":"closed","template":"","meta":{"_joinchat":[]},"product_cat":[15],"product_tag":[172,173,1824],"class_list":{"0":"post-938","1":"product","2":"type-product","3":"status-publish","4":"has-post-thumbnail","6":"product_cat-sin-categoria","7":"product_tag-equipo-de-laboratorio","8":"product_tag-equipo-para-laboratorio","9":"product_tag-microscopio-biologico-invertido","11":"first","12":"instock","13":"shipping-taxable","14":"product-type-simple","15":"col-xs-6 col-sm-4","16":"col-md-3 col-lg-3","17":"un-4-cols"},"yoast_head":"<!-- This site is optimized with the Yoast SEO plugin v27.2 - https:\/\/yoast.com\/product\/yoast-seo-wordpress\/ -->\n<title>Microscopio Biol\u00f3gico Invertido - Capital Cient&iacute;fica<\/title>\n<meta name=\"robots\" content=\"index, follow, max-snippet:-1, max-image-preview:large, max-video-preview:-1\" \/>\n<link rel=\"canonical\" href=\"https:\/\/capitalcientifica.com.mx\/tienda\/product\/este-microscopio-biologico-invertido-es-un-equipo-multifuncional-que-cuenta-con-sistema-optica-plan-acromatica-al-infinito-su-diseno-es-ergonomico-para-facilitar-la-operacion-del-equipo-el-sistema-d\/\" \/>\n<meta property=\"og:locale\" content=\"es_ES\" \/>\n<meta property=\"og:type\" content=\"article\" \/>\n<meta property=\"og:title\" content=\"Microscopio Biol\u00f3gico Invertido - Capital Cient&iacute;fica\" \/>\n<meta property=\"og:description\" content=\"Este microscopio biol\u00f3gico invertido es un equipo multifuncional que cuenta con sistema \u00f3ptica plan acrom\u00e1tica al infinito. Su dise\u00f1o es ergon\u00f3mico para facilitar la operaci\u00f3n del equipo. El sistema de iluminaci\u00f3n dispersa correctamente el calor para su uso seguro. Cuenta con la opci\u00f3n de hacer uso de contraste de fases. BIO 6N    Subcategor\u00eda Profesional   Tipo Biol\u00f3gicos   Nivel Profesional   Cuerpo Met\u00e1lico, ergon\u00f3mico con pintura ep\u00f3xica   Cabezal Trinocular   Tipo de cabezal C   Cabezal giratorio Fija   Ajuste de dioptr\u00edas Ambos oculares   Oculares WF (campo amplio) 10x 22mm con antireflejante   Ocular con prisionero S\u00ed   Rev\u00f3lver Qu\u00edntuple embalado   \u00d3ptica Plan acrom\u00e1tica con correcci\u00f3n al infinito. Sistema antif\u00fangico   Objetivos 10 x 20 ph x 20 x 40 x   Aumentos 100 x 200 ph x 200 x 400 x   Enfoque Macro-microm\u00e9trico coaxial   Platina Met\u00e1lica m\u00f3vil integral de doble placa con mandos coaxiales para movimiento X-Y, escalas milim\u00e9tricas y vernier. Con sistema de engranes de elevaci\u00f3n met\u00e1lica   Tama\u00f1o de platina 230 x 210 mm   Tope Control de tensi\u00f3n y tope de clutch   Condensador De torreta N.A. 0.30   Diafragma Iris   Porta filtros S\u00ed   Control de iluminaci\u00f3n S\u00ed   Iluminaci\u00f3n Hal\u00f3gena 6V 30W   Alimentaci\u00f3n el\u00e9ctrica Cable tripolar 110v\/60Hz   C\u00e1mara digital Opcional   Filtros Verde   Opci\u00f3n de campo obscuro S\u00ed   Garant\u00eda 10 a\u00f1os   Medidas del producto 20 x 39 x 54 cm\" \/>\n<meta property=\"og:url\" content=\"https:\/\/capitalcientifica.com.mx\/tienda\/product\/este-microscopio-biologico-invertido-es-un-equipo-multifuncional-que-cuenta-con-sistema-optica-plan-acromatica-al-infinito-su-diseno-es-ergonomico-para-facilitar-la-operacion-del-equipo-el-sistema-d\/\" \/>\n<meta property=\"og:site_name\" content=\"Capital Cient&iacute;fica\" \/>\n<meta property=\"article:modified_time\" content=\"2023-02-27T19:31:21+00:00\" \/>\n<meta property=\"og:image\" content=\"https:\/\/capitalcientifica.com.mx\/tienda\/wp-content\/uploads\/2022\/01\/BIOLOGICO-INVERTIDO-6N.jpg\" \/>\n\t<meta property=\"og:image:width\" content=\"390\" \/>\n\t<meta property=\"og:image:height\" content=\"394\" \/>\n\t<meta property=\"og:image:type\" content=\"image\/jpeg\" \/>\n<meta name=\"twitter:card\" content=\"summary_large_image\" \/>\n<meta name=\"twitter:label1\" content=\"Tiempo de lectura\" \/>\n\t<meta name=\"twitter:data1\" content=\"1 minuto\" \/>\n<script type=\"application\/ld+json\" class=\"yoast-schema-graph\">{\"@context\":\"https:\/\/schema.org\",\"@graph\":[{\"@type\":\"WebPage\",\"@id\":\"https:\/\/capitalcientifica.com.mx\/tienda\/product\/este-microscopio-biologico-invertido-es-un-equipo-multifuncional-que-cuenta-con-sistema-optica-plan-acromatica-al-infinito-su-diseno-es-ergonomico-para-facilitar-la-operacion-del-equipo-el-sistema-d\/\",\"url\":\"https:\/\/capitalcientifica.com.mx\/tienda\/product\/este-microscopio-biologico-invertido-es-un-equipo-multifuncional-que-cuenta-con-sistema-optica-plan-acromatica-al-infinito-su-diseno-es-ergonomico-para-facilitar-la-operacion-del-equipo-el-sistema-d\/\",\"name\":\"Microscopio Biol\u00f3gico Invertido - Capital Cient&iacute;fica\",\"isPartOf\":{\"@id\":\"https:\/\/capitalcientifica.com.mx\/tienda\/#website\"},\"primaryImageOfPage\":{\"@id\":\"https:\/\/capitalcientifica.com.mx\/tienda\/product\/este-microscopio-biologico-invertido-es-un-equipo-multifuncional-que-cuenta-con-sistema-optica-plan-acromatica-al-infinito-su-diseno-es-ergonomico-para-facilitar-la-operacion-del-equipo-el-sistema-d\/#primaryimage\"},\"image\":{\"@id\":\"https:\/\/capitalcientifica.com.mx\/tienda\/product\/este-microscopio-biologico-invertido-es-un-equipo-multifuncional-que-cuenta-con-sistema-optica-plan-acromatica-al-infinito-su-diseno-es-ergonomico-para-facilitar-la-operacion-del-equipo-el-sistema-d\/#primaryimage\"},\"thumbnailUrl\":\"https:\/\/capitalcientifica.com.mx\/tienda\/wp-content\/uploads\/2022\/01\/BIOLOGICO-INVERTIDO-6N.jpg\",\"datePublished\":\"2022-01-17T22:22:27+00:00\",\"dateModified\":\"2023-02-27T19:31:21+00:00\",\"breadcrumb\":{\"@id\":\"https:\/\/capitalcientifica.com.mx\/tienda\/product\/este-microscopio-biologico-invertido-es-un-equipo-multifuncional-que-cuenta-con-sistema-optica-plan-acromatica-al-infinito-su-diseno-es-ergonomico-para-facilitar-la-operacion-del-equipo-el-sistema-d\/#breadcrumb\"},\"inLanguage\":\"es\",\"potentialAction\":[{\"@type\":\"ReadAction\",\"target\":[\"https:\/\/capitalcientifica.com.mx\/tienda\/product\/este-microscopio-biologico-invertido-es-un-equipo-multifuncional-que-cuenta-con-sistema-optica-plan-acromatica-al-infinito-su-diseno-es-ergonomico-para-facilitar-la-operacion-del-equipo-el-sistema-d\/\"]}]},{\"@type\":\"ImageObject\",\"inLanguage\":\"es\",\"@id\":\"https:\/\/capitalcientifica.com.mx\/tienda\/product\/este-microscopio-biologico-invertido-es-un-equipo-multifuncional-que-cuenta-con-sistema-optica-plan-acromatica-al-infinito-su-diseno-es-ergonomico-para-facilitar-la-operacion-del-equipo-el-sistema-d\/#primaryimage\",\"url\":\"https:\/\/capitalcientifica.com.mx\/tienda\/wp-content\/uploads\/2022\/01\/BIOLOGICO-INVERTIDO-6N.jpg\",\"contentUrl\":\"https:\/\/capitalcientifica.com.mx\/tienda\/wp-content\/uploads\/2022\/01\/BIOLOGICO-INVERTIDO-6N.jpg\",\"width\":390,\"height\":394},{\"@type\":\"BreadcrumbList\",\"@id\":\"https:\/\/capitalcientifica.com.mx\/tienda\/product\/este-microscopio-biologico-invertido-es-un-equipo-multifuncional-que-cuenta-con-sistema-optica-plan-acromatica-al-infinito-su-diseno-es-ergonomico-para-facilitar-la-operacion-del-equipo-el-sistema-d\/#breadcrumb\",\"itemListElement\":[{\"@type\":\"ListItem\",\"position\":1,\"name\":\"Portada\",\"item\":\"https:\/\/capitalcientifica.com.mx\/tienda\/\"},{\"@type\":\"ListItem\",\"position\":2,\"name\":\"Shop\",\"item\":\"https:\/\/capitalcientifica.com.mx\/tienda\/shop\/\"},{\"@type\":\"ListItem\",\"position\":3,\"name\":\"Microscopio Biol\u00f3gico Invertido\"}]},{\"@type\":\"WebSite\",\"@id\":\"https:\/\/capitalcientifica.com.mx\/tienda\/#website\",\"url\":\"https:\/\/capitalcientifica.com.mx\/tienda\/\",\"name\":\"Capital Cient&iacute;fica\",\"description\":\"Equipo para laboratorio\",\"potentialAction\":[{\"@type\":\"SearchAction\",\"target\":{\"@type\":\"EntryPoint\",\"urlTemplate\":\"https:\/\/capitalcientifica.com.mx\/tienda\/?s={search_term_string}\"},\"query-input\":{\"@type\":\"PropertyValueSpecification\",\"valueRequired\":true,\"valueName\":\"search_term_string\"}}],\"inLanguage\":\"es\"}]}<\/script>\n<!-- \/ Yoast SEO plugin. -->","yoast_head_json":{"title":"Microscopio Biol\u00f3gico Invertido - Capital Cient&iacute;fica","robots":{"index":"index","follow":"follow","max-snippet":"max-snippet:-1","max-image-preview":"max-image-preview:large","max-video-preview":"max-video-preview:-1"},"canonical":"https:\/\/capitalcientifica.com.mx\/tienda\/product\/este-microscopio-biologico-invertido-es-un-equipo-multifuncional-que-cuenta-con-sistema-optica-plan-acromatica-al-infinito-su-diseno-es-ergonomico-para-facilitar-la-operacion-del-equipo-el-sistema-d\/","og_locale":"es_ES","og_type":"article","og_title":"Microscopio Biol\u00f3gico Invertido - Capital Cient&iacute;fica","og_description":"Este microscopio biol\u00f3gico invertido es un equipo multifuncional que cuenta con sistema \u00f3ptica plan acrom\u00e1tica al infinito. Su dise\u00f1o es ergon\u00f3mico para facilitar la operaci\u00f3n del equipo. El sistema de iluminaci\u00f3n dispersa correctamente el calor para su uso seguro. Cuenta con la opci\u00f3n de hacer uso de contraste de fases. BIO 6N    Subcategor\u00eda Profesional   Tipo Biol\u00f3gicos   Nivel Profesional   Cuerpo Met\u00e1lico, ergon\u00f3mico con pintura ep\u00f3xica   Cabezal Trinocular   Tipo de cabezal C   Cabezal giratorio Fija   Ajuste de dioptr\u00edas Ambos oculares   Oculares WF (campo amplio) 10x 22mm con antireflejante   Ocular con prisionero S\u00ed   Rev\u00f3lver Qu\u00edntuple embalado   \u00d3ptica Plan acrom\u00e1tica con correcci\u00f3n al infinito. Sistema antif\u00fangico   Objetivos 10 x 20 ph x 20 x 40 x   Aumentos 100 x 200 ph x 200 x 400 x   Enfoque Macro-microm\u00e9trico coaxial   Platina Met\u00e1lica m\u00f3vil integral de doble placa con mandos coaxiales para movimiento X-Y, escalas milim\u00e9tricas y vernier. Con sistema de engranes de elevaci\u00f3n met\u00e1lica   Tama\u00f1o de platina 230 x 210 mm   Tope Control de tensi\u00f3n y tope de clutch   Condensador De torreta N.A. 0.30   Diafragma Iris   Porta filtros S\u00ed   Control de iluminaci\u00f3n S\u00ed   Iluminaci\u00f3n Hal\u00f3gena 6V 30W   Alimentaci\u00f3n el\u00e9ctrica Cable tripolar 110v\/60Hz   C\u00e1mara digital Opcional   Filtros Verde   Opci\u00f3n de campo obscuro S\u00ed   Garant\u00eda 10 a\u00f1os   Medidas del producto 20 x 39 x 54 cm","og_url":"https:\/\/capitalcientifica.com.mx\/tienda\/product\/este-microscopio-biologico-invertido-es-un-equipo-multifuncional-que-cuenta-con-sistema-optica-plan-acromatica-al-infinito-su-diseno-es-ergonomico-para-facilitar-la-operacion-del-equipo-el-sistema-d\/","og_site_name":"Capital Cient&iacute;fica","article_modified_time":"2023-02-27T19:31:21+00:00","og_image":[{"width":390,"height":394,"url":"https:\/\/capitalcientifica.com.mx\/tienda\/wp-content\/uploads\/2022\/01\/BIOLOGICO-INVERTIDO-6N.jpg","type":"image\/jpeg"}],"twitter_card":"summary_large_image","twitter_misc":{"Tiempo de lectura":"1 minuto"},"schema":{"@context":"https:\/\/schema.org","@graph":[{"@type":"WebPage","@id":"https:\/\/capitalcientifica.com.mx\/tienda\/product\/este-microscopio-biologico-invertido-es-un-equipo-multifuncional-que-cuenta-con-sistema-optica-plan-acromatica-al-infinito-su-diseno-es-ergonomico-para-facilitar-la-operacion-del-equipo-el-sistema-d\/","url":"https:\/\/capitalcientifica.com.mx\/tienda\/product\/este-microscopio-biologico-invertido-es-un-equipo-multifuncional-que-cuenta-con-sistema-optica-plan-acromatica-al-infinito-su-diseno-es-ergonomico-para-facilitar-la-operacion-del-equipo-el-sistema-d\/","name":"Microscopio Biol\u00f3gico Invertido - Capital Cient&iacute;fica","isPartOf":{"@id":"https:\/\/capitalcientifica.com.mx\/tienda\/#website"},"primaryImageOfPage":{"@id":"https:\/\/capitalcientifica.com.mx\/tienda\/product\/este-microscopio-biologico-invertido-es-un-equipo-multifuncional-que-cuenta-con-sistema-optica-plan-acromatica-al-infinito-su-diseno-es-ergonomico-para-facilitar-la-operacion-del-equipo-el-sistema-d\/#primaryimage"},"image":{"@id":"https:\/\/capitalcientifica.com.mx\/tienda\/product\/este-microscopio-biologico-invertido-es-un-equipo-multifuncional-que-cuenta-con-sistema-optica-plan-acromatica-al-infinito-su-diseno-es-ergonomico-para-facilitar-la-operacion-del-equipo-el-sistema-d\/#primaryimage"},"thumbnailUrl":"https:\/\/capitalcientifica.com.mx\/tienda\/wp-content\/uploads\/2022\/01\/BIOLOGICO-INVERTIDO-6N.jpg","datePublished":"2022-01-17T22:22:27+00:00","dateModified":"2023-02-27T19:31:21+00:00","breadcrumb":{"@id":"https:\/\/capitalcientifica.com.mx\/tienda\/product\/este-microscopio-biologico-invertido-es-un-equipo-multifuncional-que-cuenta-con-sistema-optica-plan-acromatica-al-infinito-su-diseno-es-ergonomico-para-facilitar-la-operacion-del-equipo-el-sistema-d\/#breadcrumb"},"inLanguage":"es","potentialAction":[{"@type":"ReadAction","target":["https:\/\/capitalcientifica.com.mx\/tienda\/product\/este-microscopio-biologico-invertido-es-un-equipo-multifuncional-que-cuenta-con-sistema-optica-plan-acromatica-al-infinito-su-diseno-es-ergonomico-para-facilitar-la-operacion-del-equipo-el-sistema-d\/"]}]},{"@type":"ImageObject","inLanguage":"es","@id":"https:\/\/capitalcientifica.com.mx\/tienda\/product\/este-microscopio-biologico-invertido-es-un-equipo-multifuncional-que-cuenta-con-sistema-optica-plan-acromatica-al-infinito-su-diseno-es-ergonomico-para-facilitar-la-operacion-del-equipo-el-sistema-d\/#primaryimage","url":"https:\/\/capitalcientifica.com.mx\/tienda\/wp-content\/uploads\/2022\/01\/BIOLOGICO-INVERTIDO-6N.jpg","contentUrl":"https:\/\/capitalcientifica.com.mx\/tienda\/wp-content\/uploads\/2022\/01\/BIOLOGICO-INVERTIDO-6N.jpg","width":390,"height":394},{"@type":"BreadcrumbList","@id":"https:\/\/capitalcientifica.com.mx\/tienda\/product\/este-microscopio-biologico-invertido-es-un-equipo-multifuncional-que-cuenta-con-sistema-optica-plan-acromatica-al-infinito-su-diseno-es-ergonomico-para-facilitar-la-operacion-del-equipo-el-sistema-d\/#breadcrumb","itemListElement":[{"@type":"ListItem","position":1,"name":"Portada","item":"https:\/\/capitalcientifica.com.mx\/tienda\/"},{"@type":"ListItem","position":2,"name":"Shop","item":"https:\/\/capitalcientifica.com.mx\/tienda\/shop\/"},{"@type":"ListItem","position":3,"name":"Microscopio Biol\u00f3gico Invertido"}]},{"@type":"WebSite","@id":"https:\/\/capitalcientifica.com.mx\/tienda\/#website","url":"https:\/\/capitalcientifica.com.mx\/tienda\/","name":"Capital Cient&iacute;fica","description":"Equipo para laboratorio","potentialAction":[{"@type":"SearchAction","target":{"@type":"EntryPoint","urlTemplate":"https:\/\/capitalcientifica.com.mx\/tienda\/?s={search_term_string}"},"query-input":{"@type":"PropertyValueSpecification","valueRequired":true,"valueName":"search_term_string"}}],"inLanguage":"es"}]}},"_links":{"self":[{"href":"https:\/\/capitalcientifica.com.mx\/tienda\/wp-json\/wp\/v2\/product\/938","targetHints":{"allow":["GET"]}}],"collection":[{"href":"https:\/\/capitalcientifica.com.mx\/tienda\/wp-json\/wp\/v2\/product"}],"about":[{"href":"https:\/\/capitalcientifica.com.mx\/tienda\/wp-json\/wp\/v2\/types\/product"}],"replies":[{"embeddable":true,"href":"https:\/\/capitalcientifica.com.mx\/tienda\/wp-json\/wp\/v2\/comments?post=938"}],"wp:featuredmedia":[{"embeddable":true,"href":"https:\/\/capitalcientifica.com.mx\/tienda\/wp-json\/wp\/v2\/media\/939"}],"wp:attachment":[{"href":"https:\/\/capitalcientifica.com.mx\/tienda\/wp-json\/wp\/v2\/media?parent=938"}],"wp:term":[{"taxonomy":"product_cat","embeddable":true,"href":"https:\/\/capitalcientifica.com.mx\/tienda\/wp-json\/wp\/v2\/product_cat?post=938"},{"taxonomy":"product_tag","embeddable":true,"href":"https:\/\/capitalcientifica.com.mx\/tienda\/wp-json\/wp\/v2\/product_tag?post=938"}],"curies":[{"name":"wp","href":"https:\/\/api.w.org\/{rel}","templated":true}]}}