{"id":936,"date":"2022-01-17T22:17:57","date_gmt":"2022-01-17T22:17:57","guid":{"rendered":"https:\/\/www.capitalcientifica.com.mx\/?post_type=product&#038;p=936"},"modified":"2023-02-27T19:33:26","modified_gmt":"2023-02-27T19:33:26","slug":"microscopio-profesional-y-comodo-ideal-para-la-observacion-y-el-cultivo-de-tejidos-celulares-socios-de-investigacion-de-ciencias-biologicas-aplicable-a-la-investigacion-medica-laboratorio-de-alta","status":"publish","type":"product","link":"https:\/\/capitalcientifica.com.mx\/tienda\/product\/microscopio-profesional-y-comodo-ideal-para-la-observacion-y-el-cultivo-de-tejidos-celulares-socios-de-investigacion-de-ciencias-biologicas-aplicable-a-la-investigacion-medica-laboratorio-de-alta\/","title":{"rendered":"MICROSCOPIO PROFESIONAL Y C\u00d3MODO"},"content":{"rendered":"<p><strong>MICROSCOPIO PROFESIONAL Y C\u00d3MODO, IDEAL PARA LA OBSERVACI\u00d3N Y EL CULTIVO DE TEJIDOS CELULARES, SOCIOS DE INVESTIGACI\u00d3N DE CIENCIAS BIOL\u00d3GICAS. APLICABLE A LA INVESTIGACI\u00d3N M\u00c9DICA, LABORATORIO DE ALTA GAMA. BIO 5N<\/strong><\/p>\n<table class=\"data-table\">\n<tbody>\n<tr class=\"odd\">\n<td class=\"spec-name\">Subcategor\u00eda<\/td>\n<td class=\"spec-value\">Profesional<\/td>\n<\/tr>\n<tr class=\"even\">\n<td class=\"spec-name\">Tipo<\/td>\n<td class=\"spec-value\">Biol\u00f3gicos<\/td>\n<\/tr>\n<tr class=\"odd\">\n<td class=\"spec-name\">Nivel<\/td>\n<td class=\"spec-value\">Profesional<\/td>\n<\/tr>\n<tr class=\"even\">\n<td class=\"spec-name\">Cuerpo<\/td>\n<td class=\"spec-value\">Met\u00e1lico, ergon\u00f3mico con pintura ep\u00f3xica<\/td>\n<\/tr>\n<tr class=\"odd\">\n<td class=\"spec-name\">Cabezal<\/td>\n<td class=\"spec-value\">Trinocular<\/td>\n<\/tr>\n<tr class=\"even\">\n<td class=\"spec-name\">Tipo de cabezal<\/td>\n<td class=\"spec-value\">C<\/td>\n<\/tr>\n<tr class=\"odd\">\n<td class=\"spec-name\">Inclinaci\u00f3n del cabezal<\/td>\n<td class=\"spec-value\">45\u00ba<\/td>\n<\/tr>\n<tr class=\"even\">\n<td class=\"spec-name\">Ajuste interpupilar<\/td>\n<td class=\"spec-value\">S\u00ed<\/td>\n<\/tr>\n<tr class=\"odd\">\n<td class=\"spec-name\">Oculares<\/td>\n<td class=\"spec-value\">WF (campo amplio) 10x 22mm<\/td>\n<\/tr>\n<tr class=\"even\">\n<td class=\"spec-name\">Objetivos<\/td>\n<td class=\"spec-value\">PL-L 4\/0.15 | PL-L 10\/0.25 PHP2 | PL-L 20\/0.40 | PL-L 40\/0.60 PHP2 1.2 FN22<\/td>\n<\/tr>\n<tr class=\"odd\">\n<td class=\"spec-name\">Aumentos<\/td>\n<td class=\"spec-value\">40x, 100x, 200x y 400x<\/td>\n<\/tr>\n<tr class=\"even\">\n<td class=\"spec-name\">Enfoque<\/td>\n<td class=\"spec-value\">Macro-microm\u00e9trico coaxial<\/td>\n<\/tr>\n<tr class=\"odd\">\n<td class=\"spec-name\">Platina<\/td>\n<td class=\"spec-value\">Doble patina m\u00f3vil integral de doble placa con mandos coaxiales para movimientos x-y,con escala milim\u00e9trica y vernier<\/td>\n<\/tr>\n<tr class=\"even\">\n<td class=\"spec-name\">Tama\u00f1o de platina<\/td>\n<td class=\"spec-value\">250 x 230 mm<\/td>\n<\/tr>\n<tr class=\"odd\">\n<td class=\"spec-name\">Tope<\/td>\n<td class=\"spec-value\">Control de tensi\u00f3n y tope de clutch<\/td>\n<\/tr>\n<tr class=\"even\">\n<td class=\"spec-name\">Diafragma<\/td>\n<td class=\"spec-value\">Iris<\/td>\n<\/tr>\n<tr class=\"odd\">\n<td class=\"spec-name\">Porta filtros<\/td>\n<td class=\"spec-value\">S\u00ed<\/td>\n<\/tr>\n<tr class=\"even\">\n<td class=\"spec-name\">Control de iluminaci\u00f3n<\/td>\n<td class=\"spec-value\">S\u00ed<\/td>\n<\/tr>\n<tr class=\"odd\">\n<td class=\"spec-name\">Iluminaci\u00f3n<\/td>\n<td class=\"spec-value\">LED (alta luminosidad, baja temperatura y larga vida) 9w<\/td>\n<\/tr>\n<tr class=\"even\">\n<td class=\"spec-name\">Alimentaci\u00f3n el\u00e9ctrica<\/td>\n<td class=\"spec-value\">Cable tripolar 110v\/60Hz<\/td>\n<\/tr>\n<tr class=\"odd\">\n<td class=\"spec-name\">C\u00e1mara digital<\/td>\n<td class=\"spec-value\">Opcional<\/td>\n<\/tr>\n<tr class=\"even\">\n<td class=\"spec-name\">Filtros<\/td>\n<td class=\"spec-value\">Azul y verde<\/td>\n<\/tr>\n<tr class=\"odd\">\n<td class=\"spec-name\">Opci\u00f3n de campo obscuro<\/td>\n<td class=\"spec-value\">S\u00ed<\/td>\n<\/tr>\n<tr class=\"even\">\n<td class=\"spec-name\">Opci\u00f3n de contraste de fases<\/td>\n<td class=\"spec-value\">S\u00ed<\/td>\n<\/tr>\n<tr class=\"odd\">\n<td class=\"spec-name\">Medidas del producto<\/td>\n<td class=\"spec-value\">20 x 36 x 53 cm<\/td>\n<\/tr>\n<\/tbody>\n<\/table>\n","protected":false},"excerpt":{"rendered":"<p><strong>MICROSCOPIO PROFESIONAL Y C\u00d3MODO, IDEAL PARA LA OBSERVACI\u00d3N Y EL CULTIVO DE TEJIDOS CELULARES, SOCIOS DE INVESTIGACI\u00d3N DE CIENCIAS BIOL\u00d3GICAS. APLICABLE A LA INVESTIGACI\u00d3N M\u00c9DICA, LABORATORIO DE ALTA GAMA. BIO 5N<\/strong><\/p>\n<table class=\"data-table\">\n<tbody>\n<tr class=\"odd\">\n<td class=\"spec-name\">Subcategor\u00eda<\/td>\n<td class=\"spec-value\">Profesional<\/td>\n<\/tr>\n<tr class=\"even\">\n<td class=\"spec-name\">Tipo<\/td>\n<td class=\"spec-value\">Biol\u00f3gicos<\/td>\n<\/tr>\n<tr class=\"odd\">\n<td class=\"spec-name\">Nivel<\/td>\n<td class=\"spec-value\">Profesional<\/td>\n<\/tr>\n<tr class=\"even\">\n<td class=\"spec-name\">Cuerpo<\/td>\n<td class=\"spec-value\">Met\u00e1lico, ergon\u00f3mico con pintura ep\u00f3xica<\/td>\n<\/tr>\n<tr class=\"odd\">\n<td class=\"spec-name\">Cabezal<\/td>\n<td class=\"spec-value\">Trinocular<\/td>\n<\/tr>\n<tr class=\"even\">\n<td class=\"spec-name\">Tipo de cabezal<\/td>\n<td class=\"spec-value\">C<\/td>\n<\/tr>\n<tr class=\"odd\">\n<td class=\"spec-name\">Inclinaci\u00f3n del cabezal<\/td>\n<td class=\"spec-value\">45\u00ba<\/td>\n<\/tr>\n<tr class=\"even\">\n<td class=\"spec-name\">Ajuste interpupilar<\/td>\n<td class=\"spec-value\">S\u00ed<\/td>\n<\/tr>\n<tr class=\"odd\">\n<td class=\"spec-name\">Oculares<\/td>\n<td class=\"spec-value\">WF (campo amplio) 10x 22mm<\/td>\n<\/tr>\n<tr class=\"even\">\n<td class=\"spec-name\">Objetivos<\/td>\n<td class=\"spec-value\">PL-L 4\/0.15 | PL-L 10\/0.25 PHP2 | PL-L 20\/0.40 | PL-L 40\/0.60 PHP2 1.2 FN22<\/td>\n<\/tr>\n<tr class=\"odd\">\n<td class=\"spec-name\">Aumentos<\/td>\n<td class=\"spec-value\">40x, 100x, 200x y 400x<\/td>\n<\/tr>\n<tr class=\"even\">\n<td class=\"spec-name\">Enfoque<\/td>\n<td class=\"spec-value\">Macro-microm\u00e9trico coaxial<\/td>\n<\/tr>\n<tr class=\"odd\">\n<td class=\"spec-name\">Platina<\/td>\n<td class=\"spec-value\">Doble patina m\u00f3vil integral de doble placa con mandos coaxiales para movimientos x-y,con escala milim\u00e9trica y vernier<\/td>\n<\/tr>\n<tr class=\"even\">\n<td class=\"spec-name\">Tama\u00f1o de platina<\/td>\n<td class=\"spec-value\">250 x 230 mm<\/td>\n<\/tr>\n<tr class=\"odd\">\n<td class=\"spec-name\">Tope<\/td>\n<td class=\"spec-value\">Control de tensi\u00f3n y tope de clutch<\/td>\n<\/tr>\n<tr class=\"even\">\n<td class=\"spec-name\">Diafragma<\/td>\n<td class=\"spec-value\">Iris<\/td>\n<\/tr>\n<tr class=\"odd\">\n<td class=\"spec-name\">Porta filtros<\/td>\n<td class=\"spec-value\">S\u00ed<\/td>\n<\/tr>\n<tr class=\"even\">\n<td class=\"spec-name\">Control de iluminaci\u00f3n<\/td>\n<td class=\"spec-value\">S\u00ed<\/td>\n<\/tr>\n<tr class=\"odd\">\n<td class=\"spec-name\">Iluminaci\u00f3n<\/td>\n<td class=\"spec-value\">LED (alta luminosidad, baja temperatura y larga vida) 9w<\/td>\n<\/tr>\n<tr class=\"even\">\n<td class=\"spec-name\">Alimentaci\u00f3n el\u00e9ctrica<\/td>\n<td class=\"spec-value\">Cable tripolar 110v\/60Hz<\/td>\n<\/tr>\n<tr class=\"odd\">\n<td class=\"spec-name\">C\u00e1mara digital<\/td>\n<td class=\"spec-value\">Opcional<\/td>\n<\/tr>\n<tr class=\"even\">\n<td class=\"spec-name\">Filtros<\/td>\n<td class=\"spec-value\">Azul y verde<\/td>\n<\/tr>\n<tr class=\"odd\">\n<td class=\"spec-name\">Opci\u00f3n de campo obscuro<\/td>\n<td class=\"spec-value\">S\u00ed<\/td>\n<\/tr>\n<tr class=\"even\">\n<td class=\"spec-name\">Opci\u00f3n de contraste de fases<\/td>\n<td class=\"spec-value\">S\u00ed<\/td>\n<\/tr>\n<tr class=\"odd\">\n<td class=\"spec-name\">Medidas del producto<\/td>\n<td class=\"spec-value\">20 x 36 x 53 cm<\/td>\n<\/tr>\n<\/tbody>\n<\/table>\n","protected":false},"featured_media":937,"comment_status":"open","ping_status":"closed","template":"","meta":{"_joinchat":[]},"product_cat":[15],"product_tag":[172,173,1831],"class_list":{"0":"post-936","1":"product","2":"type-product","3":"status-publish","4":"has-post-thumbnail","6":"product_cat-sin-categoria","7":"product_tag-equipo-de-laboratorio","8":"product_tag-equipo-para-laboratorio","9":"product_tag-microscopio-profesional-y-comodo","11":"first","12":"instock","13":"shipping-taxable","14":"product-type-simple","15":"col-xs-6 col-sm-4","16":"col-md-3 col-lg-3","17":"un-4-cols"},"yoast_head":"<!-- This site is optimized with the Yoast SEO plugin v27.2 - https:\/\/yoast.com\/product\/yoast-seo-wordpress\/ -->\n<title>MICROSCOPIO PROFESIONAL Y C\u00d3MODO - Capital Cient&iacute;fica<\/title>\n<meta name=\"robots\" content=\"index, follow, max-snippet:-1, max-image-preview:large, max-video-preview:-1\" \/>\n<link rel=\"canonical\" href=\"https:\/\/capitalcientifica.com.mx\/tienda\/product\/microscopio-profesional-y-comodo-ideal-para-la-observacion-y-el-cultivo-de-tejidos-celulares-socios-de-investigacion-de-ciencias-biologicas-aplicable-a-la-investigacion-medica-laboratorio-de-alta\/\" \/>\n<meta property=\"og:locale\" content=\"es_ES\" \/>\n<meta property=\"og:type\" content=\"article\" \/>\n<meta property=\"og:title\" content=\"MICROSCOPIO PROFESIONAL Y C\u00d3MODO - Capital Cient&iacute;fica\" \/>\n<meta property=\"og:description\" content=\"MICROSCOPIO PROFESIONAL Y C\u00d3MODO, IDEAL PARA LA OBSERVACI\u00d3N Y EL CULTIVO DE TEJIDOS CELULARES, SOCIOS DE INVESTIGACI\u00d3N DE CIENCIAS BIOL\u00d3GICAS. APLICABLE A LA INVESTIGACI\u00d3N M\u00c9DICA, LABORATORIO DE ALTA GAMA. BIO 5N    Subcategor\u00eda Profesional   Tipo Biol\u00f3gicos   Nivel Profesional   Cuerpo Met\u00e1lico, ergon\u00f3mico con pintura ep\u00f3xica   Cabezal Trinocular   Tipo de cabezal C   Inclinaci\u00f3n del cabezal 45\u00ba   Ajuste interpupilar S\u00ed   Oculares WF (campo amplio) 10x 22mm   Objetivos PL-L 4\/0.15 | PL-L 10\/0.25 PHP2 | PL-L 20\/0.40 | PL-L 40\/0.60 PHP2 1.2 FN22   Aumentos 40x, 100x, 200x y 400x   Enfoque Macro-microm\u00e9trico coaxial   Platina Doble patina m\u00f3vil integral de doble placa con mandos coaxiales para movimientos x-y,con escala milim\u00e9trica y vernier   Tama\u00f1o de platina 250 x 230 mm   Tope Control de tensi\u00f3n y tope de clutch   Diafragma Iris   Porta filtros S\u00ed   Control de iluminaci\u00f3n S\u00ed   Iluminaci\u00f3n LED (alta luminosidad, baja temperatura y larga vida) 9w   Alimentaci\u00f3n el\u00e9ctrica Cable tripolar 110v\/60Hz   C\u00e1mara digital Opcional   Filtros Azul y verde   Opci\u00f3n de campo obscuro S\u00ed   Opci\u00f3n de contraste de fases S\u00ed   Medidas del producto 20 x 36 x 53 cm\" \/>\n<meta property=\"og:url\" content=\"https:\/\/capitalcientifica.com.mx\/tienda\/product\/microscopio-profesional-y-comodo-ideal-para-la-observacion-y-el-cultivo-de-tejidos-celulares-socios-de-investigacion-de-ciencias-biologicas-aplicable-a-la-investigacion-medica-laboratorio-de-alta\/\" \/>\n<meta property=\"og:site_name\" content=\"Capital Cient&iacute;fica\" \/>\n<meta property=\"article:modified_time\" content=\"2023-02-27T19:33:26+00:00\" \/>\n<meta property=\"og:image\" content=\"https:\/\/capitalcientifica.com.mx\/tienda\/wp-content\/uploads\/2022\/01\/INVERTIDO-TRIOCULAR.jpg\" \/>\n\t<meta property=\"og:image:width\" content=\"394\" \/>\n\t<meta property=\"og:image:height\" content=\"390\" \/>\n\t<meta property=\"og:image:type\" content=\"image\/jpeg\" \/>\n<meta name=\"twitter:card\" content=\"summary_large_image\" \/>\n<meta name=\"twitter:label1\" content=\"Tiempo de lectura\" \/>\n\t<meta name=\"twitter:data1\" content=\"1 minuto\" \/>\n<script type=\"application\/ld+json\" class=\"yoast-schema-graph\">{\"@context\":\"https:\/\/schema.org\",\"@graph\":[{\"@type\":\"WebPage\",\"@id\":\"https:\/\/capitalcientifica.com.mx\/tienda\/product\/microscopio-profesional-y-comodo-ideal-para-la-observacion-y-el-cultivo-de-tejidos-celulares-socios-de-investigacion-de-ciencias-biologicas-aplicable-a-la-investigacion-medica-laboratorio-de-alta\/\",\"url\":\"https:\/\/capitalcientifica.com.mx\/tienda\/product\/microscopio-profesional-y-comodo-ideal-para-la-observacion-y-el-cultivo-de-tejidos-celulares-socios-de-investigacion-de-ciencias-biologicas-aplicable-a-la-investigacion-medica-laboratorio-de-alta\/\",\"name\":\"MICROSCOPIO PROFESIONAL Y C\u00d3MODO - Capital Cient&iacute;fica\",\"isPartOf\":{\"@id\":\"https:\/\/capitalcientifica.com.mx\/tienda\/#website\"},\"primaryImageOfPage\":{\"@id\":\"https:\/\/capitalcientifica.com.mx\/tienda\/product\/microscopio-profesional-y-comodo-ideal-para-la-observacion-y-el-cultivo-de-tejidos-celulares-socios-de-investigacion-de-ciencias-biologicas-aplicable-a-la-investigacion-medica-laboratorio-de-alta\/#primaryimage\"},\"image\":{\"@id\":\"https:\/\/capitalcientifica.com.mx\/tienda\/product\/microscopio-profesional-y-comodo-ideal-para-la-observacion-y-el-cultivo-de-tejidos-celulares-socios-de-investigacion-de-ciencias-biologicas-aplicable-a-la-investigacion-medica-laboratorio-de-alta\/#primaryimage\"},\"thumbnailUrl\":\"https:\/\/capitalcientifica.com.mx\/tienda\/wp-content\/uploads\/2022\/01\/INVERTIDO-TRIOCULAR.jpg\",\"datePublished\":\"2022-01-17T22:17:57+00:00\",\"dateModified\":\"2023-02-27T19:33:26+00:00\",\"breadcrumb\":{\"@id\":\"https:\/\/capitalcientifica.com.mx\/tienda\/product\/microscopio-profesional-y-comodo-ideal-para-la-observacion-y-el-cultivo-de-tejidos-celulares-socios-de-investigacion-de-ciencias-biologicas-aplicable-a-la-investigacion-medica-laboratorio-de-alta\/#breadcrumb\"},\"inLanguage\":\"es\",\"potentialAction\":[{\"@type\":\"ReadAction\",\"target\":[\"https:\/\/capitalcientifica.com.mx\/tienda\/product\/microscopio-profesional-y-comodo-ideal-para-la-observacion-y-el-cultivo-de-tejidos-celulares-socios-de-investigacion-de-ciencias-biologicas-aplicable-a-la-investigacion-medica-laboratorio-de-alta\/\"]}]},{\"@type\":\"ImageObject\",\"inLanguage\":\"es\",\"@id\":\"https:\/\/capitalcientifica.com.mx\/tienda\/product\/microscopio-profesional-y-comodo-ideal-para-la-observacion-y-el-cultivo-de-tejidos-celulares-socios-de-investigacion-de-ciencias-biologicas-aplicable-a-la-investigacion-medica-laboratorio-de-alta\/#primaryimage\",\"url\":\"https:\/\/capitalcientifica.com.mx\/tienda\/wp-content\/uploads\/2022\/01\/INVERTIDO-TRIOCULAR.jpg\",\"contentUrl\":\"https:\/\/capitalcientifica.com.mx\/tienda\/wp-content\/uploads\/2022\/01\/INVERTIDO-TRIOCULAR.jpg\",\"width\":394,\"height\":390},{\"@type\":\"BreadcrumbList\",\"@id\":\"https:\/\/capitalcientifica.com.mx\/tienda\/product\/microscopio-profesional-y-comodo-ideal-para-la-observacion-y-el-cultivo-de-tejidos-celulares-socios-de-investigacion-de-ciencias-biologicas-aplicable-a-la-investigacion-medica-laboratorio-de-alta\/#breadcrumb\",\"itemListElement\":[{\"@type\":\"ListItem\",\"position\":1,\"name\":\"Portada\",\"item\":\"https:\/\/capitalcientifica.com.mx\/tienda\/\"},{\"@type\":\"ListItem\",\"position\":2,\"name\":\"Shop\",\"item\":\"https:\/\/capitalcientifica.com.mx\/tienda\/shop\/\"},{\"@type\":\"ListItem\",\"position\":3,\"name\":\"MICROSCOPIO PROFESIONAL Y C\u00d3MODO\"}]},{\"@type\":\"WebSite\",\"@id\":\"https:\/\/capitalcientifica.com.mx\/tienda\/#website\",\"url\":\"https:\/\/capitalcientifica.com.mx\/tienda\/\",\"name\":\"Capital Cient&iacute;fica\",\"description\":\"Equipo para laboratorio\",\"potentialAction\":[{\"@type\":\"SearchAction\",\"target\":{\"@type\":\"EntryPoint\",\"urlTemplate\":\"https:\/\/capitalcientifica.com.mx\/tienda\/?s={search_term_string}\"},\"query-input\":{\"@type\":\"PropertyValueSpecification\",\"valueRequired\":true,\"valueName\":\"search_term_string\"}}],\"inLanguage\":\"es\"}]}<\/script>\n<!-- \/ Yoast SEO plugin. -->","yoast_head_json":{"title":"MICROSCOPIO PROFESIONAL Y C\u00d3MODO - Capital Cient&iacute;fica","robots":{"index":"index","follow":"follow","max-snippet":"max-snippet:-1","max-image-preview":"max-image-preview:large","max-video-preview":"max-video-preview:-1"},"canonical":"https:\/\/capitalcientifica.com.mx\/tienda\/product\/microscopio-profesional-y-comodo-ideal-para-la-observacion-y-el-cultivo-de-tejidos-celulares-socios-de-investigacion-de-ciencias-biologicas-aplicable-a-la-investigacion-medica-laboratorio-de-alta\/","og_locale":"es_ES","og_type":"article","og_title":"MICROSCOPIO PROFESIONAL Y C\u00d3MODO - Capital Cient&iacute;fica","og_description":"MICROSCOPIO PROFESIONAL Y C\u00d3MODO, IDEAL PARA LA OBSERVACI\u00d3N Y EL CULTIVO DE TEJIDOS CELULARES, SOCIOS DE INVESTIGACI\u00d3N DE CIENCIAS BIOL\u00d3GICAS. APLICABLE A LA INVESTIGACI\u00d3N M\u00c9DICA, LABORATORIO DE ALTA GAMA. BIO 5N    Subcategor\u00eda Profesional   Tipo Biol\u00f3gicos   Nivel Profesional   Cuerpo Met\u00e1lico, ergon\u00f3mico con pintura ep\u00f3xica   Cabezal Trinocular   Tipo de cabezal C   Inclinaci\u00f3n del cabezal 45\u00ba   Ajuste interpupilar S\u00ed   Oculares WF (campo amplio) 10x 22mm   Objetivos PL-L 4\/0.15 | PL-L 10\/0.25 PHP2 | PL-L 20\/0.40 | PL-L 40\/0.60 PHP2 1.2 FN22   Aumentos 40x, 100x, 200x y 400x   Enfoque Macro-microm\u00e9trico coaxial   Platina Doble patina m\u00f3vil integral de doble placa con mandos coaxiales para movimientos x-y,con escala milim\u00e9trica y vernier   Tama\u00f1o de platina 250 x 230 mm   Tope Control de tensi\u00f3n y tope de clutch   Diafragma Iris   Porta filtros S\u00ed   Control de iluminaci\u00f3n S\u00ed   Iluminaci\u00f3n LED (alta luminosidad, baja temperatura y larga vida) 9w   Alimentaci\u00f3n el\u00e9ctrica Cable tripolar 110v\/60Hz   C\u00e1mara digital Opcional   Filtros Azul y verde   Opci\u00f3n de campo obscuro S\u00ed   Opci\u00f3n de contraste de fases S\u00ed   Medidas del producto 20 x 36 x 53 cm","og_url":"https:\/\/capitalcientifica.com.mx\/tienda\/product\/microscopio-profesional-y-comodo-ideal-para-la-observacion-y-el-cultivo-de-tejidos-celulares-socios-de-investigacion-de-ciencias-biologicas-aplicable-a-la-investigacion-medica-laboratorio-de-alta\/","og_site_name":"Capital Cient&iacute;fica","article_modified_time":"2023-02-27T19:33:26+00:00","og_image":[{"width":394,"height":390,"url":"https:\/\/capitalcientifica.com.mx\/tienda\/wp-content\/uploads\/2022\/01\/INVERTIDO-TRIOCULAR.jpg","type":"image\/jpeg"}],"twitter_card":"summary_large_image","twitter_misc":{"Tiempo de lectura":"1 minuto"},"schema":{"@context":"https:\/\/schema.org","@graph":[{"@type":"WebPage","@id":"https:\/\/capitalcientifica.com.mx\/tienda\/product\/microscopio-profesional-y-comodo-ideal-para-la-observacion-y-el-cultivo-de-tejidos-celulares-socios-de-investigacion-de-ciencias-biologicas-aplicable-a-la-investigacion-medica-laboratorio-de-alta\/","url":"https:\/\/capitalcientifica.com.mx\/tienda\/product\/microscopio-profesional-y-comodo-ideal-para-la-observacion-y-el-cultivo-de-tejidos-celulares-socios-de-investigacion-de-ciencias-biologicas-aplicable-a-la-investigacion-medica-laboratorio-de-alta\/","name":"MICROSCOPIO PROFESIONAL Y C\u00d3MODO - Capital Cient&iacute;fica","isPartOf":{"@id":"https:\/\/capitalcientifica.com.mx\/tienda\/#website"},"primaryImageOfPage":{"@id":"https:\/\/capitalcientifica.com.mx\/tienda\/product\/microscopio-profesional-y-comodo-ideal-para-la-observacion-y-el-cultivo-de-tejidos-celulares-socios-de-investigacion-de-ciencias-biologicas-aplicable-a-la-investigacion-medica-laboratorio-de-alta\/#primaryimage"},"image":{"@id":"https:\/\/capitalcientifica.com.mx\/tienda\/product\/microscopio-profesional-y-comodo-ideal-para-la-observacion-y-el-cultivo-de-tejidos-celulares-socios-de-investigacion-de-ciencias-biologicas-aplicable-a-la-investigacion-medica-laboratorio-de-alta\/#primaryimage"},"thumbnailUrl":"https:\/\/capitalcientifica.com.mx\/tienda\/wp-content\/uploads\/2022\/01\/INVERTIDO-TRIOCULAR.jpg","datePublished":"2022-01-17T22:17:57+00:00","dateModified":"2023-02-27T19:33:26+00:00","breadcrumb":{"@id":"https:\/\/capitalcientifica.com.mx\/tienda\/product\/microscopio-profesional-y-comodo-ideal-para-la-observacion-y-el-cultivo-de-tejidos-celulares-socios-de-investigacion-de-ciencias-biologicas-aplicable-a-la-investigacion-medica-laboratorio-de-alta\/#breadcrumb"},"inLanguage":"es","potentialAction":[{"@type":"ReadAction","target":["https:\/\/capitalcientifica.com.mx\/tienda\/product\/microscopio-profesional-y-comodo-ideal-para-la-observacion-y-el-cultivo-de-tejidos-celulares-socios-de-investigacion-de-ciencias-biologicas-aplicable-a-la-investigacion-medica-laboratorio-de-alta\/"]}]},{"@type":"ImageObject","inLanguage":"es","@id":"https:\/\/capitalcientifica.com.mx\/tienda\/product\/microscopio-profesional-y-comodo-ideal-para-la-observacion-y-el-cultivo-de-tejidos-celulares-socios-de-investigacion-de-ciencias-biologicas-aplicable-a-la-investigacion-medica-laboratorio-de-alta\/#primaryimage","url":"https:\/\/capitalcientifica.com.mx\/tienda\/wp-content\/uploads\/2022\/01\/INVERTIDO-TRIOCULAR.jpg","contentUrl":"https:\/\/capitalcientifica.com.mx\/tienda\/wp-content\/uploads\/2022\/01\/INVERTIDO-TRIOCULAR.jpg","width":394,"height":390},{"@type":"BreadcrumbList","@id":"https:\/\/capitalcientifica.com.mx\/tienda\/product\/microscopio-profesional-y-comodo-ideal-para-la-observacion-y-el-cultivo-de-tejidos-celulares-socios-de-investigacion-de-ciencias-biologicas-aplicable-a-la-investigacion-medica-laboratorio-de-alta\/#breadcrumb","itemListElement":[{"@type":"ListItem","position":1,"name":"Portada","item":"https:\/\/capitalcientifica.com.mx\/tienda\/"},{"@type":"ListItem","position":2,"name":"Shop","item":"https:\/\/capitalcientifica.com.mx\/tienda\/shop\/"},{"@type":"ListItem","position":3,"name":"MICROSCOPIO PROFESIONAL Y C\u00d3MODO"}]},{"@type":"WebSite","@id":"https:\/\/capitalcientifica.com.mx\/tienda\/#website","url":"https:\/\/capitalcientifica.com.mx\/tienda\/","name":"Capital Cient&iacute;fica","description":"Equipo para laboratorio","potentialAction":[{"@type":"SearchAction","target":{"@type":"EntryPoint","urlTemplate":"https:\/\/capitalcientifica.com.mx\/tienda\/?s={search_term_string}"},"query-input":{"@type":"PropertyValueSpecification","valueRequired":true,"valueName":"search_term_string"}}],"inLanguage":"es"}]}},"_links":{"self":[{"href":"https:\/\/capitalcientifica.com.mx\/tienda\/wp-json\/wp\/v2\/product\/936","targetHints":{"allow":["GET"]}}],"collection":[{"href":"https:\/\/capitalcientifica.com.mx\/tienda\/wp-json\/wp\/v2\/product"}],"about":[{"href":"https:\/\/capitalcientifica.com.mx\/tienda\/wp-json\/wp\/v2\/types\/product"}],"replies":[{"embeddable":true,"href":"https:\/\/capitalcientifica.com.mx\/tienda\/wp-json\/wp\/v2\/comments?post=936"}],"wp:featuredmedia":[{"embeddable":true,"href":"https:\/\/capitalcientifica.com.mx\/tienda\/wp-json\/wp\/v2\/media\/937"}],"wp:attachment":[{"href":"https:\/\/capitalcientifica.com.mx\/tienda\/wp-json\/wp\/v2\/media?parent=936"}],"wp:term":[{"taxonomy":"product_cat","embeddable":true,"href":"https:\/\/capitalcientifica.com.mx\/tienda\/wp-json\/wp\/v2\/product_cat?post=936"},{"taxonomy":"product_tag","embeddable":true,"href":"https:\/\/capitalcientifica.com.mx\/tienda\/wp-json\/wp\/v2\/product_tag?post=936"}],"curies":[{"name":"wp","href":"https:\/\/api.w.org\/{rel}","templated":true}]}}