{"id":932,"date":"2022-01-17T22:11:30","date_gmt":"2022-01-17T22:11:30","guid":{"rendered":"https:\/\/www.capitalcientifica.com.mx\/?post_type=product&#038;p=932"},"modified":"2023-02-17T18:20:03","modified_gmt":"2023-02-17T18:20:03","slug":"ideal-para-examinar-especimenes-estudios-de-las-celulas-vivas-cultivos-de-tejidos-y-parasitos","status":"publish","type":"product","link":"https:\/\/capitalcientifica.com.mx\/tienda\/product\/ideal-para-examinar-especimenes-estudios-de-las-celulas-vivas-cultivos-de-tejidos-y-parasitos\/","title":{"rendered":"IDEAL PARA EXAMINAR ESPECIMENES, ESTUDIOS DE LAS C\u00c9LULAS VIVAS, CULTIVOS DE TEJIDOS Y PAR\u00c1SITOS."},"content":{"rendered":"<p><strong>IDEAL PARA EXAMINAR ESPECIMENES, ESTUDIOS DE LAS C\u00c9LULAS VIVAS, CULTIVOS DE TEJIDOS Y PAR\u00c1SITOS. INVERTIDO BIOLOGICO TRIOCULAR<\/strong><\/p>\n<table class=\"data-table\">\n<tbody>\n<tr class=\"odd\">\n<td class=\"spec-name\">Subcategor\u00eda<\/td>\n<td class=\"spec-value\">Profesional<\/td>\n<\/tr>\n<tr class=\"even\">\n<td class=\"spec-name\">Tipo<\/td>\n<td class=\"spec-value\">Biol\u00f3gicos<\/td>\n<\/tr>\n<tr class=\"odd\">\n<td class=\"spec-name\">Nivel<\/td>\n<td class=\"spec-value\">Profesional<\/td>\n<\/tr>\n<tr class=\"even\">\n<td class=\"spec-name\">Cuerpo<\/td>\n<td class=\"spec-value\">Met\u00e1lico, ergon\u00f3mico con pintura ep\u00f3xica<\/td>\n<\/tr>\n<tr class=\"odd\">\n<td class=\"spec-name\">Cabezal<\/td>\n<td class=\"spec-value\">Trinocular<\/td>\n<\/tr>\n<tr class=\"even\">\n<td class=\"spec-name\">Tipo de cabezal<\/td>\n<td class=\"spec-value\">C<\/td>\n<\/tr>\n<tr class=\"odd\">\n<td class=\"spec-name\">Inclinaci\u00f3n del cabezal<\/td>\n<td class=\"spec-value\">45\u00ba<\/td>\n<\/tr>\n<tr class=\"even\">\n<td class=\"spec-name\">Cabezal giratorio<\/td>\n<td class=\"spec-value\">Fija<\/td>\n<\/tr>\n<tr class=\"odd\">\n<td class=\"spec-name\">Ajuste de dioptr\u00edas<\/td>\n<td class=\"spec-value\">1 ojo<\/td>\n<\/tr>\n<tr class=\"even\">\n<td class=\"spec-name\">Ajuste interpupilar<\/td>\n<td class=\"spec-value\">S\u00ed<\/td>\n<\/tr>\n<tr class=\"odd\">\n<td class=\"spec-name\">Oculares<\/td>\n<td class=\"spec-value\">WF (campo amplio) 10 x 20 mm con antirreflejante<\/td>\n<\/tr>\n<tr class=\"even\">\n<td class=\"spec-name\">Ocular con prisionero<\/td>\n<td class=\"spec-value\">No<\/td>\n<\/tr>\n<tr class=\"odd\">\n<td class=\"spec-name\">Rev\u00f3lver<\/td>\n<td class=\"spec-value\">Qu\u00edntuple embalado invertido<\/td>\n<\/tr>\n<tr class=\"even\">\n<td class=\"spec-name\">\u00d3ptica<\/td>\n<td class=\"spec-value\">Plan acrom\u00e1tica. Sistema antif\u00fangico<\/td>\n<\/tr>\n<tr class=\"odd\">\n<td class=\"spec-name\">Objetivos<\/td>\n<td class=\"spec-value\">10 x 25 x ph x 25 x 40 x<\/td>\n<\/tr>\n<tr class=\"even\">\n<td class=\"spec-name\">Aumentos<\/td>\n<td class=\"spec-value\">100 x 250 ph x 250 x 400 x<\/td>\n<\/tr>\n<tr class=\"odd\">\n<td class=\"spec-name\">Enfoque<\/td>\n<td class=\"spec-value\">Macro-microm\u00e9trico coaxial<\/td>\n<\/tr>\n<tr class=\"even\">\n<td class=\"spec-name\">Platina<\/td>\n<td class=\"spec-value\">Met\u00e1lica m\u00f3vil integral de doble placa con mandos coaxiales para movimiento X-Y, escalas milim\u00e9tricas y vernier. Con sistema de engranes de elevaci\u00f3n met\u00e1lica<\/td>\n<\/tr>\n<tr class=\"odd\">\n<td class=\"spec-name\">Tama\u00f1o de platina<\/td>\n<td class=\"spec-value\">170 x 200 x mm<\/td>\n<\/tr>\n<tr class=\"even\">\n<td class=\"spec-name\">Tope<\/td>\n<td class=\"spec-value\">Tipo tornillo para no romper preparaciones<\/td>\n<\/tr>\n<tr class=\"odd\">\n<td class=\"spec-name\">Condensador<\/td>\n<td class=\"spec-value\">No<\/td>\n<\/tr>\n<tr class=\"even\">\n<td class=\"spec-name\">Diafragma<\/td>\n<td class=\"spec-value\">Iris<\/td>\n<\/tr>\n<tr class=\"odd\">\n<td class=\"spec-name\">Porta filtros<\/td>\n<td class=\"spec-value\">S\u00ed<\/td>\n<\/tr>\n<tr class=\"even\">\n<td class=\"spec-name\">Control de iluminaci\u00f3n<\/td>\n<td class=\"spec-value\">S\u00ed<\/td>\n<\/tr>\n<tr class=\"odd\">\n<td class=\"spec-name\">Iluminaci\u00f3n<\/td>\n<td class=\"spec-value\">Hal\u00f3gena 6V 20W<\/td>\n<\/tr>\n<tr class=\"even\">\n<td class=\"spec-name\">Alimentaci\u00f3n el\u00e9ctrica<\/td>\n<td class=\"spec-value\">Cable tripolar 110v\/60Hz<\/td>\n<\/tr>\n<tr class=\"odd\">\n<td class=\"spec-name\">C\u00e1mara digital<\/td>\n<td class=\"spec-value\">Opcional<\/td>\n<\/tr>\n<tr class=\"even\">\n<td class=\"spec-name\">Filtros<\/td>\n<td class=\"spec-value\">Azul y verde<\/td>\n<\/tr>\n<tr class=\"odd\">\n<td class=\"spec-name\">Incluye<\/td>\n<td class=\"spec-value\">Funda, cable 2 fusibles, foco 6V\/20W,4 botes, 1 porta fitro, un analizador para campo oscuro 25x.<\/td>\n<\/tr>\n<tr class=\"even\">\n<td class=\"spec-name\">Opci\u00f3n de campo obscuro<\/td>\n<td class=\"spec-value\">S\u00ed<\/td>\n<\/tr>\n<tr class=\"odd\">\n<td class=\"spec-name\">Garant\u00eda<\/td>\n<td class=\"spec-value\">10 a\u00f1os<\/td>\n<\/tr>\n<tr class=\"even\">\n<td class=\"spec-name\">Medidas del producto<\/td>\n<td class=\"spec-value\">22 x 34 x 50 cm<\/td>\n<\/tr>\n<\/tbody>\n<\/table>\n","protected":false},"excerpt":{"rendered":"<p><strong>IDEAL PARA EXAMINAR ESPECIMENES, ESTUDIOS DE LAS C\u00c9LULAS VIVAS, CULTIVOS DE TEJIDOS Y PAR\u00c1SITOS.<\/strong><\/p>\n<table class=\"data-table\">\n<tbody>\n<tr class=\"odd\">\n<td class=\"spec-name\">Subcategor\u00eda<\/td>\n<td class=\"spec-value\">Profesional<\/td>\n<\/tr>\n<tr class=\"even\">\n<td class=\"spec-name\">Tipo<\/td>\n<td class=\"spec-value\">Biol\u00f3gicos<\/td>\n<\/tr>\n<tr class=\"odd\">\n<td class=\"spec-name\">Nivel<\/td>\n<td class=\"spec-value\">Profesional<\/td>\n<\/tr>\n<tr class=\"even\">\n<td class=\"spec-name\">Cuerpo<\/td>\n<td class=\"spec-value\">Met\u00e1lico, ergon\u00f3mico con pintura ep\u00f3xica<\/td>\n<\/tr>\n<tr class=\"odd\">\n<td class=\"spec-name\">Cabezal<\/td>\n<td class=\"spec-value\">Trinocular<\/td>\n<\/tr>\n<tr class=\"even\">\n<td class=\"spec-name\">Tipo de cabezal<\/td>\n<td class=\"spec-value\">C<\/td>\n<\/tr>\n<tr class=\"odd\">\n<td class=\"spec-name\">Inclinaci\u00f3n del cabezal<\/td>\n<td class=\"spec-value\">45\u00ba<\/td>\n<\/tr>\n<tr class=\"even\">\n<td class=\"spec-name\">Cabezal giratorio<\/td>\n<td class=\"spec-value\">Fija<\/td>\n<\/tr>\n<tr class=\"odd\">\n<td class=\"spec-name\">Ajuste de dioptr\u00edas<\/td>\n<td class=\"spec-value\">1 ojo<\/td>\n<\/tr>\n<tr class=\"even\">\n<td class=\"spec-name\">Ajuste interpupilar<\/td>\n<td class=\"spec-value\">S\u00ed<\/td>\n<\/tr>\n<tr class=\"odd\">\n<td class=\"spec-name\">Oculares<\/td>\n<td class=\"spec-value\">WF (campo amplio) 10 x 20 mm con antirreflejante<\/td>\n<\/tr>\n<tr class=\"even\">\n<td class=\"spec-name\">Ocular con prisionero<\/td>\n<td class=\"spec-value\">No<\/td>\n<\/tr>\n<tr class=\"odd\">\n<td class=\"spec-name\">Rev\u00f3lver<\/td>\n<td class=\"spec-value\">Qu\u00edntuple embalado invertido<\/td>\n<\/tr>\n<tr class=\"even\">\n<td class=\"spec-name\">\u00d3ptica<\/td>\n<td class=\"spec-value\">Plan acrom\u00e1tica. Sistema antif\u00fangico<\/td>\n<\/tr>\n<tr class=\"odd\">\n<td class=\"spec-name\">Objetivos<\/td>\n<td class=\"spec-value\">10 x 25 x ph x 25 x 40 x<\/td>\n<\/tr>\n<tr class=\"even\">\n<td class=\"spec-name\">Aumentos<\/td>\n<td class=\"spec-value\">100 x 250 ph x 250 x 400 x<\/td>\n<\/tr>\n<tr class=\"odd\">\n<td class=\"spec-name\">Enfoque<\/td>\n<td class=\"spec-value\">Macro-microm\u00e9trico coaxial<\/td>\n<\/tr>\n<tr class=\"even\">\n<td class=\"spec-name\">Platina<\/td>\n<td class=\"spec-value\">Met\u00e1lica m\u00f3vil integral de doble placa con mandos coaxiales para movimiento X-Y, escalas milim\u00e9tricas y vernier. Con sistema de engranes de elevaci\u00f3n met\u00e1lica<\/td>\n<\/tr>\n<tr class=\"odd\">\n<td class=\"spec-name\">Tama\u00f1o de platina<\/td>\n<td class=\"spec-value\">170 x 200 x mm<\/td>\n<\/tr>\n<tr class=\"even\">\n<td class=\"spec-name\">Tope<\/td>\n<td class=\"spec-value\">Tipo tornillo para no romper preparaciones<\/td>\n<\/tr>\n<tr class=\"odd\">\n<td class=\"spec-name\">Condensador<\/td>\n<td class=\"spec-value\">No<\/td>\n<\/tr>\n<tr class=\"even\">\n<td class=\"spec-name\">Diafragma<\/td>\n<td class=\"spec-value\">Iris<\/td>\n<\/tr>\n<tr class=\"odd\">\n<td class=\"spec-name\">Porta filtros<\/td>\n<td class=\"spec-value\">S\u00ed<\/td>\n<\/tr>\n<tr class=\"even\">\n<td class=\"spec-name\">Control de iluminaci\u00f3n<\/td>\n<td class=\"spec-value\">S\u00ed<\/td>\n<\/tr>\n<tr class=\"odd\">\n<td class=\"spec-name\">Iluminaci\u00f3n<\/td>\n<td class=\"spec-value\">Hal\u00f3gena 6V 20W<\/td>\n<\/tr>\n<tr class=\"even\">\n<td class=\"spec-name\">Alimentaci\u00f3n el\u00e9ctrica<\/td>\n<td class=\"spec-value\">Cable tripolar 110v\/60Hz<\/td>\n<\/tr>\n<tr class=\"odd\">\n<td class=\"spec-name\">C\u00e1mara digital<\/td>\n<td class=\"spec-value\">Opcional<\/td>\n<\/tr>\n<tr class=\"even\">\n<td class=\"spec-name\">Filtros<\/td>\n<td class=\"spec-value\">Azul y verde<\/td>\n<\/tr>\n<tr class=\"odd\">\n<td class=\"spec-name\">Incluye<\/td>\n<td class=\"spec-value\">Funda, cable 2 fusibles, foco 6V\/20W,4 botes, 1 porta fitro, un analizador para campo oscuro 25x.<\/td>\n<\/tr>\n<tr class=\"even\">\n<td class=\"spec-name\">Opci\u00f3n de campo obscuro<\/td>\n<td class=\"spec-value\">S\u00ed<\/td>\n<\/tr>\n<tr class=\"odd\">\n<td class=\"spec-name\">Garant\u00eda<\/td>\n<td class=\"spec-value\">10 a\u00f1os<\/td>\n<\/tr>\n<tr class=\"even\">\n<td class=\"spec-name\">Medidas del producto<\/td>\n<td class=\"spec-value\">22 x 34 x 50 cm<\/td>\n<\/tr>\n<\/tbody>\n<\/table>\n","protected":false},"featured_media":933,"comment_status":"open","ping_status":"closed","template":"","meta":{"_joinchat":[]},"product_cat":[15],"product_tag":[1218,172,173,1217,1216],"class_list":{"0":"post-932","1":"product","2":"type-product","3":"status-publish","4":"has-post-thumbnail","6":"product_cat-sin-categoria","7":"product_tag-cultivos-de-tejidos-y-parasitos","8":"product_tag-equipo-de-laboratorio","9":"product_tag-equipo-para-laboratorio","10":"product_tag-estudios-de-las-celulas-vivas","11":"product_tag-ideal-para-examinar-especimenes","13":"first","14":"instock","15":"shipping-taxable","16":"product-type-simple","17":"col-xs-6 col-sm-4","18":"col-md-3 col-lg-3","19":"un-4-cols"},"yoast_head":"<!-- This site is optimized with the Yoast SEO plugin v27.2 - https:\/\/yoast.com\/product\/yoast-seo-wordpress\/ -->\n<title>IDEAL PARA EXAMINAR ESPECIMENES, ESTUDIOS DE LAS C\u00c9LULAS VIVAS, CULTIVOS DE TEJIDOS Y PAR\u00c1SITOS. - Capital Cient&iacute;fica<\/title>\n<meta name=\"robots\" content=\"index, follow, max-snippet:-1, max-image-preview:large, max-video-preview:-1\" \/>\n<link rel=\"canonical\" href=\"https:\/\/capitalcientifica.com.mx\/tienda\/product\/ideal-para-examinar-especimenes-estudios-de-las-celulas-vivas-cultivos-de-tejidos-y-parasitos\/\" \/>\n<meta property=\"og:locale\" content=\"es_ES\" \/>\n<meta property=\"og:type\" content=\"article\" \/>\n<meta property=\"og:title\" content=\"IDEAL PARA EXAMINAR ESPECIMENES, ESTUDIOS DE LAS C\u00c9LULAS VIVAS, CULTIVOS DE TEJIDOS Y PAR\u00c1SITOS. - Capital Cient&iacute;fica\" \/>\n<meta property=\"og:description\" content=\"IDEAL PARA EXAMINAR ESPECIMENES, ESTUDIOS DE LAS C\u00c9LULAS VIVAS, CULTIVOS DE TEJIDOS Y PAR\u00c1SITOS.    Subcategor\u00eda Profesional   Tipo Biol\u00f3gicos   Nivel Profesional   Cuerpo Met\u00e1lico, ergon\u00f3mico con pintura ep\u00f3xica   Cabezal Trinocular   Tipo de cabezal C   Inclinaci\u00f3n del cabezal 45\u00ba   Cabezal giratorio Fija   Ajuste de dioptr\u00edas 1 ojo   Ajuste interpupilar S\u00ed   Oculares WF (campo amplio) 10 x 20 mm con antirreflejante   Ocular con prisionero No   Rev\u00f3lver Qu\u00edntuple embalado invertido   \u00d3ptica Plan acrom\u00e1tica. Sistema antif\u00fangico   Objetivos 10 x 25 x ph x 25 x 40 x   Aumentos 100 x 250 ph x 250 x 400 x   Enfoque Macro-microm\u00e9trico coaxial   Platina Met\u00e1lica m\u00f3vil integral de doble placa con mandos coaxiales para movimiento X-Y, escalas milim\u00e9tricas y vernier. Con sistema de engranes de elevaci\u00f3n met\u00e1lica   Tama\u00f1o de platina 170 x 200 x mm   Tope Tipo tornillo para no romper preparaciones   Condensador No   Diafragma Iris   Porta filtros S\u00ed   Control de iluminaci\u00f3n S\u00ed   Iluminaci\u00f3n Hal\u00f3gena 6V 20W   Alimentaci\u00f3n el\u00e9ctrica Cable tripolar 110v\/60Hz   C\u00e1mara digital Opcional   Filtros Azul y verde   Incluye Funda, cable 2 fusibles, foco 6V\/20W,4 botes, 1 porta fitro, un analizador para campo oscuro 25x.   Opci\u00f3n de campo obscuro S\u00ed   Garant\u00eda 10 a\u00f1os   Medidas del producto 22 x 34 x 50 cm\" \/>\n<meta property=\"og:url\" content=\"https:\/\/capitalcientifica.com.mx\/tienda\/product\/ideal-para-examinar-especimenes-estudios-de-las-celulas-vivas-cultivos-de-tejidos-y-parasitos\/\" \/>\n<meta property=\"og:site_name\" content=\"Capital Cient&iacute;fica\" \/>\n<meta property=\"article:modified_time\" content=\"2023-02-17T18:20:03+00:00\" \/>\n<meta property=\"og:image\" content=\"https:\/\/capitalcientifica.com.mx\/tienda\/wp-content\/uploads\/2022\/01\/BIOLOGICO-TRIOCULAR-INVERTIDO.jpg\" \/>\n\t<meta property=\"og:image:width\" content=\"375\" \/>\n\t<meta property=\"og:image:height\" content=\"388\" \/>\n\t<meta property=\"og:image:type\" content=\"image\/jpeg\" \/>\n<meta name=\"twitter:card\" content=\"summary_large_image\" \/>\n<meta name=\"twitter:label1\" content=\"Tiempo de lectura\" \/>\n\t<meta name=\"twitter:data1\" content=\"1 minuto\" \/>\n<script type=\"application\/ld+json\" class=\"yoast-schema-graph\">{\"@context\":\"https:\/\/schema.org\",\"@graph\":[{\"@type\":\"WebPage\",\"@id\":\"https:\/\/capitalcientifica.com.mx\/tienda\/product\/ideal-para-examinar-especimenes-estudios-de-las-celulas-vivas-cultivos-de-tejidos-y-parasitos\/\",\"url\":\"https:\/\/capitalcientifica.com.mx\/tienda\/product\/ideal-para-examinar-especimenes-estudios-de-las-celulas-vivas-cultivos-de-tejidos-y-parasitos\/\",\"name\":\"IDEAL PARA EXAMINAR ESPECIMENES, ESTUDIOS DE LAS C\u00c9LULAS VIVAS, CULTIVOS DE TEJIDOS Y PAR\u00c1SITOS. - Capital Cient&iacute;fica\",\"isPartOf\":{\"@id\":\"https:\/\/capitalcientifica.com.mx\/tienda\/#website\"},\"primaryImageOfPage\":{\"@id\":\"https:\/\/capitalcientifica.com.mx\/tienda\/product\/ideal-para-examinar-especimenes-estudios-de-las-celulas-vivas-cultivos-de-tejidos-y-parasitos\/#primaryimage\"},\"image\":{\"@id\":\"https:\/\/capitalcientifica.com.mx\/tienda\/product\/ideal-para-examinar-especimenes-estudios-de-las-celulas-vivas-cultivos-de-tejidos-y-parasitos\/#primaryimage\"},\"thumbnailUrl\":\"https:\/\/capitalcientifica.com.mx\/tienda\/wp-content\/uploads\/2022\/01\/BIOLOGICO-TRIOCULAR-INVERTIDO.jpg\",\"datePublished\":\"2022-01-17T22:11:30+00:00\",\"dateModified\":\"2023-02-17T18:20:03+00:00\",\"breadcrumb\":{\"@id\":\"https:\/\/capitalcientifica.com.mx\/tienda\/product\/ideal-para-examinar-especimenes-estudios-de-las-celulas-vivas-cultivos-de-tejidos-y-parasitos\/#breadcrumb\"},\"inLanguage\":\"es\",\"potentialAction\":[{\"@type\":\"ReadAction\",\"target\":[\"https:\/\/capitalcientifica.com.mx\/tienda\/product\/ideal-para-examinar-especimenes-estudios-de-las-celulas-vivas-cultivos-de-tejidos-y-parasitos\/\"]}]},{\"@type\":\"ImageObject\",\"inLanguage\":\"es\",\"@id\":\"https:\/\/capitalcientifica.com.mx\/tienda\/product\/ideal-para-examinar-especimenes-estudios-de-las-celulas-vivas-cultivos-de-tejidos-y-parasitos\/#primaryimage\",\"url\":\"https:\/\/capitalcientifica.com.mx\/tienda\/wp-content\/uploads\/2022\/01\/BIOLOGICO-TRIOCULAR-INVERTIDO.jpg\",\"contentUrl\":\"https:\/\/capitalcientifica.com.mx\/tienda\/wp-content\/uploads\/2022\/01\/BIOLOGICO-TRIOCULAR-INVERTIDO.jpg\",\"width\":375,\"height\":388},{\"@type\":\"BreadcrumbList\",\"@id\":\"https:\/\/capitalcientifica.com.mx\/tienda\/product\/ideal-para-examinar-especimenes-estudios-de-las-celulas-vivas-cultivos-de-tejidos-y-parasitos\/#breadcrumb\",\"itemListElement\":[{\"@type\":\"ListItem\",\"position\":1,\"name\":\"Portada\",\"item\":\"https:\/\/capitalcientifica.com.mx\/tienda\/\"},{\"@type\":\"ListItem\",\"position\":2,\"name\":\"Shop\",\"item\":\"https:\/\/capitalcientifica.com.mx\/tienda\/shop\/\"},{\"@type\":\"ListItem\",\"position\":3,\"name\":\"IDEAL PARA EXAMINAR ESPECIMENES, ESTUDIOS DE LAS C\u00c9LULAS VIVAS, CULTIVOS DE TEJIDOS Y PAR\u00c1SITOS.\"}]},{\"@type\":\"WebSite\",\"@id\":\"https:\/\/capitalcientifica.com.mx\/tienda\/#website\",\"url\":\"https:\/\/capitalcientifica.com.mx\/tienda\/\",\"name\":\"Capital Cient&iacute;fica\",\"description\":\"Equipo para laboratorio\",\"potentialAction\":[{\"@type\":\"SearchAction\",\"target\":{\"@type\":\"EntryPoint\",\"urlTemplate\":\"https:\/\/capitalcientifica.com.mx\/tienda\/?s={search_term_string}\"},\"query-input\":{\"@type\":\"PropertyValueSpecification\",\"valueRequired\":true,\"valueName\":\"search_term_string\"}}],\"inLanguage\":\"es\"}]}<\/script>\n<!-- \/ Yoast SEO plugin. -->","yoast_head_json":{"title":"IDEAL PARA EXAMINAR ESPECIMENES, ESTUDIOS DE LAS C\u00c9LULAS VIVAS, CULTIVOS DE TEJIDOS Y PAR\u00c1SITOS. - Capital Cient&iacute;fica","robots":{"index":"index","follow":"follow","max-snippet":"max-snippet:-1","max-image-preview":"max-image-preview:large","max-video-preview":"max-video-preview:-1"},"canonical":"https:\/\/capitalcientifica.com.mx\/tienda\/product\/ideal-para-examinar-especimenes-estudios-de-las-celulas-vivas-cultivos-de-tejidos-y-parasitos\/","og_locale":"es_ES","og_type":"article","og_title":"IDEAL PARA EXAMINAR ESPECIMENES, ESTUDIOS DE LAS C\u00c9LULAS VIVAS, CULTIVOS DE TEJIDOS Y PAR\u00c1SITOS. - Capital Cient&iacute;fica","og_description":"IDEAL PARA EXAMINAR ESPECIMENES, ESTUDIOS DE LAS C\u00c9LULAS VIVAS, CULTIVOS DE TEJIDOS Y PAR\u00c1SITOS.    Subcategor\u00eda Profesional   Tipo Biol\u00f3gicos   Nivel Profesional   Cuerpo Met\u00e1lico, ergon\u00f3mico con pintura ep\u00f3xica   Cabezal Trinocular   Tipo de cabezal C   Inclinaci\u00f3n del cabezal 45\u00ba   Cabezal giratorio Fija   Ajuste de dioptr\u00edas 1 ojo   Ajuste interpupilar S\u00ed   Oculares WF (campo amplio) 10 x 20 mm con antirreflejante   Ocular con prisionero No   Rev\u00f3lver Qu\u00edntuple embalado invertido   \u00d3ptica Plan acrom\u00e1tica. Sistema antif\u00fangico   Objetivos 10 x 25 x ph x 25 x 40 x   Aumentos 100 x 250 ph x 250 x 400 x   Enfoque Macro-microm\u00e9trico coaxial   Platina Met\u00e1lica m\u00f3vil integral de doble placa con mandos coaxiales para movimiento X-Y, escalas milim\u00e9tricas y vernier. Con sistema de engranes de elevaci\u00f3n met\u00e1lica   Tama\u00f1o de platina 170 x 200 x mm   Tope Tipo tornillo para no romper preparaciones   Condensador No   Diafragma Iris   Porta filtros S\u00ed   Control de iluminaci\u00f3n S\u00ed   Iluminaci\u00f3n Hal\u00f3gena 6V 20W   Alimentaci\u00f3n el\u00e9ctrica Cable tripolar 110v\/60Hz   C\u00e1mara digital Opcional   Filtros Azul y verde   Incluye Funda, cable 2 fusibles, foco 6V\/20W,4 botes, 1 porta fitro, un analizador para campo oscuro 25x.   Opci\u00f3n de campo obscuro S\u00ed   Garant\u00eda 10 a\u00f1os   Medidas del producto 22 x 34 x 50 cm","og_url":"https:\/\/capitalcientifica.com.mx\/tienda\/product\/ideal-para-examinar-especimenes-estudios-de-las-celulas-vivas-cultivos-de-tejidos-y-parasitos\/","og_site_name":"Capital Cient&iacute;fica","article_modified_time":"2023-02-17T18:20:03+00:00","og_image":[{"width":375,"height":388,"url":"https:\/\/capitalcientifica.com.mx\/tienda\/wp-content\/uploads\/2022\/01\/BIOLOGICO-TRIOCULAR-INVERTIDO.jpg","type":"image\/jpeg"}],"twitter_card":"summary_large_image","twitter_misc":{"Tiempo de lectura":"1 minuto"},"schema":{"@context":"https:\/\/schema.org","@graph":[{"@type":"WebPage","@id":"https:\/\/capitalcientifica.com.mx\/tienda\/product\/ideal-para-examinar-especimenes-estudios-de-las-celulas-vivas-cultivos-de-tejidos-y-parasitos\/","url":"https:\/\/capitalcientifica.com.mx\/tienda\/product\/ideal-para-examinar-especimenes-estudios-de-las-celulas-vivas-cultivos-de-tejidos-y-parasitos\/","name":"IDEAL PARA EXAMINAR ESPECIMENES, ESTUDIOS DE LAS C\u00c9LULAS VIVAS, CULTIVOS DE TEJIDOS Y PAR\u00c1SITOS. - Capital Cient&iacute;fica","isPartOf":{"@id":"https:\/\/capitalcientifica.com.mx\/tienda\/#website"},"primaryImageOfPage":{"@id":"https:\/\/capitalcientifica.com.mx\/tienda\/product\/ideal-para-examinar-especimenes-estudios-de-las-celulas-vivas-cultivos-de-tejidos-y-parasitos\/#primaryimage"},"image":{"@id":"https:\/\/capitalcientifica.com.mx\/tienda\/product\/ideal-para-examinar-especimenes-estudios-de-las-celulas-vivas-cultivos-de-tejidos-y-parasitos\/#primaryimage"},"thumbnailUrl":"https:\/\/capitalcientifica.com.mx\/tienda\/wp-content\/uploads\/2022\/01\/BIOLOGICO-TRIOCULAR-INVERTIDO.jpg","datePublished":"2022-01-17T22:11:30+00:00","dateModified":"2023-02-17T18:20:03+00:00","breadcrumb":{"@id":"https:\/\/capitalcientifica.com.mx\/tienda\/product\/ideal-para-examinar-especimenes-estudios-de-las-celulas-vivas-cultivos-de-tejidos-y-parasitos\/#breadcrumb"},"inLanguage":"es","potentialAction":[{"@type":"ReadAction","target":["https:\/\/capitalcientifica.com.mx\/tienda\/product\/ideal-para-examinar-especimenes-estudios-de-las-celulas-vivas-cultivos-de-tejidos-y-parasitos\/"]}]},{"@type":"ImageObject","inLanguage":"es","@id":"https:\/\/capitalcientifica.com.mx\/tienda\/product\/ideal-para-examinar-especimenes-estudios-de-las-celulas-vivas-cultivos-de-tejidos-y-parasitos\/#primaryimage","url":"https:\/\/capitalcientifica.com.mx\/tienda\/wp-content\/uploads\/2022\/01\/BIOLOGICO-TRIOCULAR-INVERTIDO.jpg","contentUrl":"https:\/\/capitalcientifica.com.mx\/tienda\/wp-content\/uploads\/2022\/01\/BIOLOGICO-TRIOCULAR-INVERTIDO.jpg","width":375,"height":388},{"@type":"BreadcrumbList","@id":"https:\/\/capitalcientifica.com.mx\/tienda\/product\/ideal-para-examinar-especimenes-estudios-de-las-celulas-vivas-cultivos-de-tejidos-y-parasitos\/#breadcrumb","itemListElement":[{"@type":"ListItem","position":1,"name":"Portada","item":"https:\/\/capitalcientifica.com.mx\/tienda\/"},{"@type":"ListItem","position":2,"name":"Shop","item":"https:\/\/capitalcientifica.com.mx\/tienda\/shop\/"},{"@type":"ListItem","position":3,"name":"IDEAL PARA EXAMINAR ESPECIMENES, ESTUDIOS DE LAS C\u00c9LULAS VIVAS, CULTIVOS DE TEJIDOS Y PAR\u00c1SITOS."}]},{"@type":"WebSite","@id":"https:\/\/capitalcientifica.com.mx\/tienda\/#website","url":"https:\/\/capitalcientifica.com.mx\/tienda\/","name":"Capital Cient&iacute;fica","description":"Equipo para laboratorio","potentialAction":[{"@type":"SearchAction","target":{"@type":"EntryPoint","urlTemplate":"https:\/\/capitalcientifica.com.mx\/tienda\/?s={search_term_string}"},"query-input":{"@type":"PropertyValueSpecification","valueRequired":true,"valueName":"search_term_string"}}],"inLanguage":"es"}]}},"_links":{"self":[{"href":"https:\/\/capitalcientifica.com.mx\/tienda\/wp-json\/wp\/v2\/product\/932","targetHints":{"allow":["GET"]}}],"collection":[{"href":"https:\/\/capitalcientifica.com.mx\/tienda\/wp-json\/wp\/v2\/product"}],"about":[{"href":"https:\/\/capitalcientifica.com.mx\/tienda\/wp-json\/wp\/v2\/types\/product"}],"replies":[{"embeddable":true,"href":"https:\/\/capitalcientifica.com.mx\/tienda\/wp-json\/wp\/v2\/comments?post=932"}],"wp:featuredmedia":[{"embeddable":true,"href":"https:\/\/capitalcientifica.com.mx\/tienda\/wp-json\/wp\/v2\/media\/933"}],"wp:attachment":[{"href":"https:\/\/capitalcientifica.com.mx\/tienda\/wp-json\/wp\/v2\/media?parent=932"}],"wp:term":[{"taxonomy":"product_cat","embeddable":true,"href":"https:\/\/capitalcientifica.com.mx\/tienda\/wp-json\/wp\/v2\/product_cat?post=932"},{"taxonomy":"product_tag","embeddable":true,"href":"https:\/\/capitalcientifica.com.mx\/tienda\/wp-json\/wp\/v2\/product_tag?post=932"}],"curies":[{"name":"wp","href":"https:\/\/api.w.org\/{rel}","templated":true}]}}