{"id":925,"date":"2022-01-17T22:01:28","date_gmt":"2022-01-17T22:01:28","guid":{"rendered":"https:\/\/www.capitalcientifica.com.mx\/?post_type=product&#038;p=925"},"modified":"2023-02-27T19:28:33","modified_gmt":"2023-02-27T19:28:33","slug":"este-microscopio-binocular-biologico-esta-disenado-para-uso-profesional-su-capacidad-de-adatar-diversos-componentes-permite-que-sea-un-equipo-muy-versatil-para-observacion-con-diferentes-tecnicas-es","status":"publish","type":"product","link":"https:\/\/capitalcientifica.com.mx\/tienda\/product\/este-microscopio-binocular-biologico-esta-disenado-para-uso-profesional-su-capacidad-de-adatar-diversos-componentes-permite-que-sea-un-equipo-muy-versatil-para-observacion-con-diferentes-tecnicas-es\/","title":{"rendered":"MICROSCOPIO BINOCULAR BIOL\u00d3GICO USO PROFESIONAL. VIRTUE INF PL"},"content":{"rendered":"<p><strong>ESTE MICROSCOPIO BINOCULAR BIOL\u00d3GICO EST\u00c1 DISE\u00d1ADO PARA USO PROFESIONAL. SU CAPACIDAD DE ADATAR DIVERSOS COMPONENTES PERMITE QUE SEA UN EQUIPO MUY VERSATIL PARA OBSERVACI\u00d3N CON DIFERENTES T\u00c9CNICAS. ESTA FABRICADO CON LA M\u00c1S ALTA TECNOLOG\u00cdA.<\/strong><\/p>\n<p>&nbsp;<\/p>\n","protected":false},"excerpt":{"rendered":"<p><strong>ESTE MICROSCOPIO BINOCULAR BIOL\u00d3GICO EST\u00c1 DISE\u00d1ADO PARA USO PROFESIONAL. SU CAPACIDAD DE ADATAR DIVERSOS COMPONENTES PERMITE QUE SEA UN EQUIPO MUY VERSATIL PARA OBSERVACI\u00d3N CON DIFERENTES T\u00c9CNICAS. ESTA FABRICADO CON LA M\u00c1S ALTA TECNOLOG\u00cdA.<\/strong><\/p>\n","protected":false},"featured_media":927,"comment_status":"open","ping_status":"closed","template":"","meta":{"_joinchat":[]},"product_cat":[15],"product_tag":[172,173,1816],"class_list":{"0":"post-925","1":"product","2":"type-product","3":"status-publish","4":"has-post-thumbnail","6":"product_cat-sin-categoria","7":"product_tag-equipo-de-laboratorio","8":"product_tag-equipo-para-laboratorio","9":"product_tag-microscopio-binocular-biologico-uso-profesional-virtue-inf-pl","11":"first","12":"instock","13":"shipping-taxable","14":"product-type-simple","15":"col-xs-6 col-sm-4","16":"col-md-3 col-lg-3","17":"un-4-cols"},"yoast_head":"<!-- This site is optimized with the Yoast SEO plugin v27.2 - https:\/\/yoast.com\/product\/yoast-seo-wordpress\/ -->\n<title>MICROSCOPIO BINOCULAR BIOL\u00d3GICO USO PROFESIONAL. VIRTUE INF PL - Capital Cient&iacute;fica<\/title>\n<meta name=\"robots\" content=\"index, follow, max-snippet:-1, max-image-preview:large, max-video-preview:-1\" \/>\n<link rel=\"canonical\" href=\"https:\/\/capitalcientifica.com.mx\/tienda\/product\/este-microscopio-binocular-biologico-esta-disenado-para-uso-profesional-su-capacidad-de-adatar-diversos-componentes-permite-que-sea-un-equipo-muy-versatil-para-observacion-con-diferentes-tecnicas-es\/\" \/>\n<meta property=\"og:locale\" content=\"es_ES\" \/>\n<meta property=\"og:type\" content=\"article\" \/>\n<meta property=\"og:title\" content=\"MICROSCOPIO BINOCULAR BIOL\u00d3GICO USO PROFESIONAL. VIRTUE INF PL - Capital Cient&iacute;fica\" \/>\n<meta property=\"og:description\" content=\"ESTE MICROSCOPIO BINOCULAR BIOL\u00d3GICO EST\u00c1 DISE\u00d1ADO PARA USO PROFESIONAL. SU CAPACIDAD DE ADATAR DIVERSOS COMPONENTES PERMITE QUE SEA UN EQUIPO MUY VERSATIL PARA OBSERVACI\u00d3N CON DIFERENTES T\u00c9CNICAS. ESTA FABRICADO CON LA M\u00c1S ALTA TECNOLOG\u00cdA.\" \/>\n<meta property=\"og:url\" content=\"https:\/\/capitalcientifica.com.mx\/tienda\/product\/este-microscopio-binocular-biologico-esta-disenado-para-uso-profesional-su-capacidad-de-adatar-diversos-componentes-permite-que-sea-un-equipo-muy-versatil-para-observacion-con-diferentes-tecnicas-es\/\" \/>\n<meta property=\"og:site_name\" content=\"Capital Cient&iacute;fica\" \/>\n<meta property=\"article:modified_time\" content=\"2023-02-27T19:28:33+00:00\" \/>\n<meta property=\"og:image\" content=\"https:\/\/capitalcientifica.com.mx\/tienda\/wp-content\/uploads\/2022\/01\/VIRTUE-INF-PL.jpg\" \/>\n\t<meta property=\"og:image:width\" content=\"389\" \/>\n\t<meta property=\"og:image:height\" content=\"378\" \/>\n\t<meta property=\"og:image:type\" content=\"image\/jpeg\" \/>\n<meta name=\"twitter:card\" content=\"summary_large_image\" \/>\n<script type=\"application\/ld+json\" class=\"yoast-schema-graph\">{\"@context\":\"https:\/\/schema.org\",\"@graph\":[{\"@type\":\"WebPage\",\"@id\":\"https:\/\/capitalcientifica.com.mx\/tienda\/product\/este-microscopio-binocular-biologico-esta-disenado-para-uso-profesional-su-capacidad-de-adatar-diversos-componentes-permite-que-sea-un-equipo-muy-versatil-para-observacion-con-diferentes-tecnicas-es\/\",\"url\":\"https:\/\/capitalcientifica.com.mx\/tienda\/product\/este-microscopio-binocular-biologico-esta-disenado-para-uso-profesional-su-capacidad-de-adatar-diversos-componentes-permite-que-sea-un-equipo-muy-versatil-para-observacion-con-diferentes-tecnicas-es\/\",\"name\":\"MICROSCOPIO BINOCULAR BIOL\u00d3GICO USO PROFESIONAL. VIRTUE INF PL - Capital Cient&iacute;fica\",\"isPartOf\":{\"@id\":\"https:\/\/capitalcientifica.com.mx\/tienda\/#website\"},\"primaryImageOfPage\":{\"@id\":\"https:\/\/capitalcientifica.com.mx\/tienda\/product\/este-microscopio-binocular-biologico-esta-disenado-para-uso-profesional-su-capacidad-de-adatar-diversos-componentes-permite-que-sea-un-equipo-muy-versatil-para-observacion-con-diferentes-tecnicas-es\/#primaryimage\"},\"image\":{\"@id\":\"https:\/\/capitalcientifica.com.mx\/tienda\/product\/este-microscopio-binocular-biologico-esta-disenado-para-uso-profesional-su-capacidad-de-adatar-diversos-componentes-permite-que-sea-un-equipo-muy-versatil-para-observacion-con-diferentes-tecnicas-es\/#primaryimage\"},\"thumbnailUrl\":\"https:\/\/capitalcientifica.com.mx\/tienda\/wp-content\/uploads\/2022\/01\/VIRTUE-INF-PL.jpg\",\"datePublished\":\"2022-01-17T22:01:28+00:00\",\"dateModified\":\"2023-02-27T19:28:33+00:00\",\"breadcrumb\":{\"@id\":\"https:\/\/capitalcientifica.com.mx\/tienda\/product\/este-microscopio-binocular-biologico-esta-disenado-para-uso-profesional-su-capacidad-de-adatar-diversos-componentes-permite-que-sea-un-equipo-muy-versatil-para-observacion-con-diferentes-tecnicas-es\/#breadcrumb\"},\"inLanguage\":\"es\",\"potentialAction\":[{\"@type\":\"ReadAction\",\"target\":[\"https:\/\/capitalcientifica.com.mx\/tienda\/product\/este-microscopio-binocular-biologico-esta-disenado-para-uso-profesional-su-capacidad-de-adatar-diversos-componentes-permite-que-sea-un-equipo-muy-versatil-para-observacion-con-diferentes-tecnicas-es\/\"]}]},{\"@type\":\"ImageObject\",\"inLanguage\":\"es\",\"@id\":\"https:\/\/capitalcientifica.com.mx\/tienda\/product\/este-microscopio-binocular-biologico-esta-disenado-para-uso-profesional-su-capacidad-de-adatar-diversos-componentes-permite-que-sea-un-equipo-muy-versatil-para-observacion-con-diferentes-tecnicas-es\/#primaryimage\",\"url\":\"https:\/\/capitalcientifica.com.mx\/tienda\/wp-content\/uploads\/2022\/01\/VIRTUE-INF-PL.jpg\",\"contentUrl\":\"https:\/\/capitalcientifica.com.mx\/tienda\/wp-content\/uploads\/2022\/01\/VIRTUE-INF-PL.jpg\",\"width\":389,\"height\":378},{\"@type\":\"BreadcrumbList\",\"@id\":\"https:\/\/capitalcientifica.com.mx\/tienda\/product\/este-microscopio-binocular-biologico-esta-disenado-para-uso-profesional-su-capacidad-de-adatar-diversos-componentes-permite-que-sea-un-equipo-muy-versatil-para-observacion-con-diferentes-tecnicas-es\/#breadcrumb\",\"itemListElement\":[{\"@type\":\"ListItem\",\"position\":1,\"name\":\"Portada\",\"item\":\"https:\/\/capitalcientifica.com.mx\/tienda\/\"},{\"@type\":\"ListItem\",\"position\":2,\"name\":\"Shop\",\"item\":\"https:\/\/capitalcientifica.com.mx\/tienda\/shop\/\"},{\"@type\":\"ListItem\",\"position\":3,\"name\":\"MICROSCOPIO BINOCULAR BIOL\u00d3GICO USO PROFESIONAL. VIRTUE INF PL\"}]},{\"@type\":\"WebSite\",\"@id\":\"https:\/\/capitalcientifica.com.mx\/tienda\/#website\",\"url\":\"https:\/\/capitalcientifica.com.mx\/tienda\/\",\"name\":\"Capital Cient&iacute;fica\",\"description\":\"Equipo para laboratorio\",\"potentialAction\":[{\"@type\":\"SearchAction\",\"target\":{\"@type\":\"EntryPoint\",\"urlTemplate\":\"https:\/\/capitalcientifica.com.mx\/tienda\/?s={search_term_string}\"},\"query-input\":{\"@type\":\"PropertyValueSpecification\",\"valueRequired\":true,\"valueName\":\"search_term_string\"}}],\"inLanguage\":\"es\"}]}<\/script>\n<!-- \/ Yoast SEO plugin. -->","yoast_head_json":{"title":"MICROSCOPIO BINOCULAR BIOL\u00d3GICO USO PROFESIONAL. VIRTUE INF PL - Capital Cient&iacute;fica","robots":{"index":"index","follow":"follow","max-snippet":"max-snippet:-1","max-image-preview":"max-image-preview:large","max-video-preview":"max-video-preview:-1"},"canonical":"https:\/\/capitalcientifica.com.mx\/tienda\/product\/este-microscopio-binocular-biologico-esta-disenado-para-uso-profesional-su-capacidad-de-adatar-diversos-componentes-permite-que-sea-un-equipo-muy-versatil-para-observacion-con-diferentes-tecnicas-es\/","og_locale":"es_ES","og_type":"article","og_title":"MICROSCOPIO BINOCULAR BIOL\u00d3GICO USO PROFESIONAL. VIRTUE INF PL - Capital Cient&iacute;fica","og_description":"ESTE MICROSCOPIO BINOCULAR BIOL\u00d3GICO EST\u00c1 DISE\u00d1ADO PARA USO PROFESIONAL. SU CAPACIDAD DE ADATAR DIVERSOS COMPONENTES PERMITE QUE SEA UN EQUIPO MUY VERSATIL PARA OBSERVACI\u00d3N CON DIFERENTES T\u00c9CNICAS. ESTA FABRICADO CON LA M\u00c1S ALTA TECNOLOG\u00cdA.","og_url":"https:\/\/capitalcientifica.com.mx\/tienda\/product\/este-microscopio-binocular-biologico-esta-disenado-para-uso-profesional-su-capacidad-de-adatar-diversos-componentes-permite-que-sea-un-equipo-muy-versatil-para-observacion-con-diferentes-tecnicas-es\/","og_site_name":"Capital Cient&iacute;fica","article_modified_time":"2023-02-27T19:28:33+00:00","og_image":[{"width":389,"height":378,"url":"https:\/\/capitalcientifica.com.mx\/tienda\/wp-content\/uploads\/2022\/01\/VIRTUE-INF-PL.jpg","type":"image\/jpeg"}],"twitter_card":"summary_large_image","schema":{"@context":"https:\/\/schema.org","@graph":[{"@type":"WebPage","@id":"https:\/\/capitalcientifica.com.mx\/tienda\/product\/este-microscopio-binocular-biologico-esta-disenado-para-uso-profesional-su-capacidad-de-adatar-diversos-componentes-permite-que-sea-un-equipo-muy-versatil-para-observacion-con-diferentes-tecnicas-es\/","url":"https:\/\/capitalcientifica.com.mx\/tienda\/product\/este-microscopio-binocular-biologico-esta-disenado-para-uso-profesional-su-capacidad-de-adatar-diversos-componentes-permite-que-sea-un-equipo-muy-versatil-para-observacion-con-diferentes-tecnicas-es\/","name":"MICROSCOPIO BINOCULAR BIOL\u00d3GICO USO PROFESIONAL. VIRTUE INF PL - Capital Cient&iacute;fica","isPartOf":{"@id":"https:\/\/capitalcientifica.com.mx\/tienda\/#website"},"primaryImageOfPage":{"@id":"https:\/\/capitalcientifica.com.mx\/tienda\/product\/este-microscopio-binocular-biologico-esta-disenado-para-uso-profesional-su-capacidad-de-adatar-diversos-componentes-permite-que-sea-un-equipo-muy-versatil-para-observacion-con-diferentes-tecnicas-es\/#primaryimage"},"image":{"@id":"https:\/\/capitalcientifica.com.mx\/tienda\/product\/este-microscopio-binocular-biologico-esta-disenado-para-uso-profesional-su-capacidad-de-adatar-diversos-componentes-permite-que-sea-un-equipo-muy-versatil-para-observacion-con-diferentes-tecnicas-es\/#primaryimage"},"thumbnailUrl":"https:\/\/capitalcientifica.com.mx\/tienda\/wp-content\/uploads\/2022\/01\/VIRTUE-INF-PL.jpg","datePublished":"2022-01-17T22:01:28+00:00","dateModified":"2023-02-27T19:28:33+00:00","breadcrumb":{"@id":"https:\/\/capitalcientifica.com.mx\/tienda\/product\/este-microscopio-binocular-biologico-esta-disenado-para-uso-profesional-su-capacidad-de-adatar-diversos-componentes-permite-que-sea-un-equipo-muy-versatil-para-observacion-con-diferentes-tecnicas-es\/#breadcrumb"},"inLanguage":"es","potentialAction":[{"@type":"ReadAction","target":["https:\/\/capitalcientifica.com.mx\/tienda\/product\/este-microscopio-binocular-biologico-esta-disenado-para-uso-profesional-su-capacidad-de-adatar-diversos-componentes-permite-que-sea-un-equipo-muy-versatil-para-observacion-con-diferentes-tecnicas-es\/"]}]},{"@type":"ImageObject","inLanguage":"es","@id":"https:\/\/capitalcientifica.com.mx\/tienda\/product\/este-microscopio-binocular-biologico-esta-disenado-para-uso-profesional-su-capacidad-de-adatar-diversos-componentes-permite-que-sea-un-equipo-muy-versatil-para-observacion-con-diferentes-tecnicas-es\/#primaryimage","url":"https:\/\/capitalcientifica.com.mx\/tienda\/wp-content\/uploads\/2022\/01\/VIRTUE-INF-PL.jpg","contentUrl":"https:\/\/capitalcientifica.com.mx\/tienda\/wp-content\/uploads\/2022\/01\/VIRTUE-INF-PL.jpg","width":389,"height":378},{"@type":"BreadcrumbList","@id":"https:\/\/capitalcientifica.com.mx\/tienda\/product\/este-microscopio-binocular-biologico-esta-disenado-para-uso-profesional-su-capacidad-de-adatar-diversos-componentes-permite-que-sea-un-equipo-muy-versatil-para-observacion-con-diferentes-tecnicas-es\/#breadcrumb","itemListElement":[{"@type":"ListItem","position":1,"name":"Portada","item":"https:\/\/capitalcientifica.com.mx\/tienda\/"},{"@type":"ListItem","position":2,"name":"Shop","item":"https:\/\/capitalcientifica.com.mx\/tienda\/shop\/"},{"@type":"ListItem","position":3,"name":"MICROSCOPIO BINOCULAR BIOL\u00d3GICO USO PROFESIONAL. VIRTUE INF PL"}]},{"@type":"WebSite","@id":"https:\/\/capitalcientifica.com.mx\/tienda\/#website","url":"https:\/\/capitalcientifica.com.mx\/tienda\/","name":"Capital Cient&iacute;fica","description":"Equipo para laboratorio","potentialAction":[{"@type":"SearchAction","target":{"@type":"EntryPoint","urlTemplate":"https:\/\/capitalcientifica.com.mx\/tienda\/?s={search_term_string}"},"query-input":{"@type":"PropertyValueSpecification","valueRequired":true,"valueName":"search_term_string"}}],"inLanguage":"es"}]}},"_links":{"self":[{"href":"https:\/\/capitalcientifica.com.mx\/tienda\/wp-json\/wp\/v2\/product\/925","targetHints":{"allow":["GET"]}}],"collection":[{"href":"https:\/\/capitalcientifica.com.mx\/tienda\/wp-json\/wp\/v2\/product"}],"about":[{"href":"https:\/\/capitalcientifica.com.mx\/tienda\/wp-json\/wp\/v2\/types\/product"}],"replies":[{"embeddable":true,"href":"https:\/\/capitalcientifica.com.mx\/tienda\/wp-json\/wp\/v2\/comments?post=925"}],"wp:featuredmedia":[{"embeddable":true,"href":"https:\/\/capitalcientifica.com.mx\/tienda\/wp-json\/wp\/v2\/media\/927"}],"wp:attachment":[{"href":"https:\/\/capitalcientifica.com.mx\/tienda\/wp-json\/wp\/v2\/media?parent=925"}],"wp:term":[{"taxonomy":"product_cat","embeddable":true,"href":"https:\/\/capitalcientifica.com.mx\/tienda\/wp-json\/wp\/v2\/product_cat?post=925"},{"taxonomy":"product_tag","embeddable":true,"href":"https:\/\/capitalcientifica.com.mx\/tienda\/wp-json\/wp\/v2\/product_tag?post=925"}],"curies":[{"name":"wp","href":"https:\/\/api.w.org\/{rel}","templated":true}]}}