{"id":9248,"date":"2023-06-01T20:14:35","date_gmt":"2023-06-01T20:14:35","guid":{"rendered":"https:\/\/capitalcientifica.com.mx\/tienda\/?post_type=product&#038;p=9248"},"modified":"2023-06-01T20:14:36","modified_gmt":"2023-06-01T20:14:36","slug":"juego-de-reactivos-tnt-para-fosforo-total-molibdovanadato-de-alto-rango-hach","status":"publish","type":"product","link":"https:\/\/capitalcientifica.com.mx\/tienda\/product\/juego-de-reactivos-tnt-para-fosforo-total-molibdovanadato-de-alto-rango-hach\/","title":{"rendered":"Juego de reactivos TNT para f\u00f3sforo (total), molibdovanadato de alto rango, Hach"},"content":{"rendered":"<h1>Juego de reactivos TNT para f\u00f3sforo (total), molibdovanadato de alto rango, Hach<\/h1>\n<p>CADUCADO, POSIBLE DONACION<\/p>\n","protected":false},"excerpt":{"rendered":"<div class=\"overviewSection\">\n<div id=\"productImages\">\n<div id=\"currentProductImageContainer\">\n<table>\n<tbody>\n<tr>\n<td id=\"currentProductImage\"><a class=\"currentImageLink\" href=\"https:\/\/www.reactivosyequipos.com.mx\/juego-de-reactivos-tnt-para-fosforo-total-molibdovanadato-de-alto-rango-hach\/product?id=62337689846&amp;callback=qs#\"><img decoding=\"async\" title=\"Juego de reactivos TNT para f\u00f3sforo (total), molibdovanadato de alto rango, Hach\" src=\"https:\/\/www.reactivosyequipos.com.mx\/asset-get.product.image.jsa?sku=2767245-LM&amp;type=P&amp;size=M\" alt=\"Juego de reactivos TNT para f\u00f3sforo (total), molibdovanadato de alto rango, Hach\" \/><\/a><\/td>\n<\/tr>\n<\/tbody>\n<\/table>\n<\/div>\n<div id=\"productImageThumbs\"><a class=\"galleryLink\"><i class=\"fa fa-angle-double-right\" aria-hidden=\"true\"><\/i>\u00a0Galeria<\/a><\/div>\n<\/div>\n<div id=\"overviewInfo\">\n<div id=\"productNumber\" class=\"infoRow\"><span class=\"label\"># de producto:<\/span><span class=\"value\">2767245-LM<\/span><\/div>\n<div class=\"infoRow\"><\/div>\n<div id=\"priceInfoNotice_2767245-LM\"><span class=\"priceDetails\">Vea el detalle de los precios en el carrito de la compra<\/span><\/div>\n<div><\/div>\n<form id=\"addToForm\" action=\"https:\/\/www.reactivosyequipos.com.mx\/juego-de-reactivos-tnt-para-fosforo-total-molibdovanadato-de-alto-rango-hach\/product?id=62337689846&amp;callback=qs#\" method=\"get\">\n<div class=\"formActions\">\n<div class=\"infoRow&quot;\"><\/div>\n<\/div>\n<\/form>\n<\/div>\n<\/div>\n<div class=\"overviewSection\">\n<div class=\"productDescription\">\n<p>Para realizar determinaciones de f\u00f3sforo total (fosfato) mediante el m\u00e9todo \u00abTest &#8216;N Tube\u00bb (TNT) de molibdovanadato.<br \/>\nM\u00e9todo 10127 de Hach. Rango: 1,0 &#8211; 100,0 mg\/l PO4<br \/>\nEl juego incluye viales y reactivos para realizar entre 25-50 pruebas (lo cual depende de la cantidad de pruebas en blanco de reactivos realizadas).<\/p>\n<ul class=\"bulletList\">\n<li>Los productos Test &#8216;N Tube brindan condiciones de prueba convenientes y seguras<\/li>\n<li>F\u00e1ciles de pedir<\/li>\n<li>Realice digestiones y mediciones fotom\u00e9tricas en el mismo vial.<\/li>\n<\/ul>\n<\/div>\n<\/div>\n","protected":false},"featured_media":9253,"comment_status":"closed","ping_status":"closed","template":"","meta":{"_joinchat":[]},"product_cat":[63,29,109,168,164],"product_tag":[],"class_list":{"0":"post-9248","1":"product","2":"type-product","3":"status-publish","4":"has-post-thumbnail","6":"product_cat-consumibles","7":"product_cat-hach","8":"product_cat-importacion","9":"product_cat-productos-destacados","10":"product_cat-promociones","12":"first","13":"instock","14":"shipping-taxable","15":"product-type-simple","16":"col-xs-6 col-sm-4","17":"col-md-3 col-lg-3","18":"un-4-cols"},"yoast_head":"<!-- This site is optimized with the Yoast SEO plugin v27.2 - https:\/\/yoast.com\/product\/yoast-seo-wordpress\/ -->\n<title>Juego de reactivos TNT para f\u00f3sforo (total), molibdovanadato de alto rango, Hach - Capital Cient&iacute;fica<\/title>\n<meta name=\"robots\" content=\"index, follow, max-snippet:-1, max-image-preview:large, max-video-preview:-1\" \/>\n<link rel=\"canonical\" href=\"https:\/\/capitalcientifica.com.mx\/tienda\/product\/juego-de-reactivos-tnt-para-fosforo-total-molibdovanadato-de-alto-rango-hach\/\" \/>\n<meta property=\"og:locale\" content=\"es_ES\" \/>\n<meta property=\"og:type\" content=\"article\" \/>\n<meta property=\"og:title\" content=\"Juego de reactivos TNT para f\u00f3sforo (total), molibdovanadato de alto rango, Hach - Capital Cient&iacute;fica\" \/>\n<meta property=\"og:description\" content=\"\u00a0Galeria   # de producto:2767245-LM  Vea el detalle de los precios en el carrito de la compra           Para realizar determinaciones de f\u00f3sforo total (fosfato) mediante el m\u00e9todo &quot;Test &#039;N Tube&quot; (TNT) de molibdovanadato. M\u00e9todo 10127 de Hach. Rango: 1,0 - 100,0 mg\/l PO4 El juego incluye viales y reactivos para realizar entre 25-50 pruebas (lo cual depende de la cantidad de pruebas en blanco de reactivos realizadas).   Los productos Test &#039;N Tube brindan condiciones de prueba convenientes y seguras  F\u00e1ciles de pedir  Realice digestiones y mediciones fotom\u00e9tricas en el mismo vial.\" \/>\n<meta property=\"og:url\" content=\"https:\/\/capitalcientifica.com.mx\/tienda\/product\/juego-de-reactivos-tnt-para-fosforo-total-molibdovanadato-de-alto-rango-hach\/\" \/>\n<meta property=\"og:site_name\" content=\"Capital Cient&iacute;fica\" \/>\n<meta property=\"article:modified_time\" content=\"2023-06-01T20:14:36+00:00\" \/>\n<meta property=\"og:image\" content=\"https:\/\/capitalcientifica.com.mx\/tienda\/wp-content\/uploads\/2023\/06\/HACH-2767245.jpg\" \/>\n\t<meta property=\"og:image:width\" content=\"201\" \/>\n\t<meta property=\"og:image:height\" content=\"251\" \/>\n\t<meta property=\"og:image:type\" content=\"image\/jpeg\" \/>\n<meta name=\"twitter:card\" content=\"summary_large_image\" \/>\n<meta name=\"twitter:label1\" content=\"Tiempo de lectura\" \/>\n\t<meta name=\"twitter:data1\" content=\"1 minuto\" \/>\n<script type=\"application\/ld+json\" class=\"yoast-schema-graph\">{\"@context\":\"https:\/\/schema.org\",\"@graph\":[{\"@type\":\"WebPage\",\"@id\":\"https:\/\/capitalcientifica.com.mx\/tienda\/product\/juego-de-reactivos-tnt-para-fosforo-total-molibdovanadato-de-alto-rango-hach\/\",\"url\":\"https:\/\/capitalcientifica.com.mx\/tienda\/product\/juego-de-reactivos-tnt-para-fosforo-total-molibdovanadato-de-alto-rango-hach\/\",\"name\":\"Juego de reactivos TNT para f\u00f3sforo (total), molibdovanadato de alto rango, Hach - Capital Cient&iacute;fica\",\"isPartOf\":{\"@id\":\"https:\/\/capitalcientifica.com.mx\/tienda\/#website\"},\"primaryImageOfPage\":{\"@id\":\"https:\/\/capitalcientifica.com.mx\/tienda\/product\/juego-de-reactivos-tnt-para-fosforo-total-molibdovanadato-de-alto-rango-hach\/#primaryimage\"},\"image\":{\"@id\":\"https:\/\/capitalcientifica.com.mx\/tienda\/product\/juego-de-reactivos-tnt-para-fosforo-total-molibdovanadato-de-alto-rango-hach\/#primaryimage\"},\"thumbnailUrl\":\"https:\/\/capitalcientifica.com.mx\/tienda\/wp-content\/uploads\/2023\/06\/HACH-2767245.jpg\",\"datePublished\":\"2023-06-01T20:14:35+00:00\",\"dateModified\":\"2023-06-01T20:14:36+00:00\",\"breadcrumb\":{\"@id\":\"https:\/\/capitalcientifica.com.mx\/tienda\/product\/juego-de-reactivos-tnt-para-fosforo-total-molibdovanadato-de-alto-rango-hach\/#breadcrumb\"},\"inLanguage\":\"es\",\"potentialAction\":[{\"@type\":\"ReadAction\",\"target\":[\"https:\/\/capitalcientifica.com.mx\/tienda\/product\/juego-de-reactivos-tnt-para-fosforo-total-molibdovanadato-de-alto-rango-hach\/\"]}]},{\"@type\":\"ImageObject\",\"inLanguage\":\"es\",\"@id\":\"https:\/\/capitalcientifica.com.mx\/tienda\/product\/juego-de-reactivos-tnt-para-fosforo-total-molibdovanadato-de-alto-rango-hach\/#primaryimage\",\"url\":\"https:\/\/capitalcientifica.com.mx\/tienda\/wp-content\/uploads\/2023\/06\/HACH-2767245.jpg\",\"contentUrl\":\"https:\/\/capitalcientifica.com.mx\/tienda\/wp-content\/uploads\/2023\/06\/HACH-2767245.jpg\",\"width\":201,\"height\":251},{\"@type\":\"BreadcrumbList\",\"@id\":\"https:\/\/capitalcientifica.com.mx\/tienda\/product\/juego-de-reactivos-tnt-para-fosforo-total-molibdovanadato-de-alto-rango-hach\/#breadcrumb\",\"itemListElement\":[{\"@type\":\"ListItem\",\"position\":1,\"name\":\"Portada\",\"item\":\"https:\/\/capitalcientifica.com.mx\/tienda\/\"},{\"@type\":\"ListItem\",\"position\":2,\"name\":\"Shop\",\"item\":\"https:\/\/capitalcientifica.com.mx\/tienda\/shop\/\"},{\"@type\":\"ListItem\",\"position\":3,\"name\":\"Juego de reactivos TNT para f\u00f3sforo (total), molibdovanadato de alto rango, Hach\"}]},{\"@type\":\"WebSite\",\"@id\":\"https:\/\/capitalcientifica.com.mx\/tienda\/#website\",\"url\":\"https:\/\/capitalcientifica.com.mx\/tienda\/\",\"name\":\"Capital Cient&iacute;fica\",\"description\":\"Equipo para laboratorio\",\"potentialAction\":[{\"@type\":\"SearchAction\",\"target\":{\"@type\":\"EntryPoint\",\"urlTemplate\":\"https:\/\/capitalcientifica.com.mx\/tienda\/?s={search_term_string}\"},\"query-input\":{\"@type\":\"PropertyValueSpecification\",\"valueRequired\":true,\"valueName\":\"search_term_string\"}}],\"inLanguage\":\"es\"}]}<\/script>\n<!-- \/ Yoast SEO plugin. -->","yoast_head_json":{"title":"Juego de reactivos TNT para f\u00f3sforo (total), molibdovanadato de alto rango, Hach - Capital Cient&iacute;fica","robots":{"index":"index","follow":"follow","max-snippet":"max-snippet:-1","max-image-preview":"max-image-preview:large","max-video-preview":"max-video-preview:-1"},"canonical":"https:\/\/capitalcientifica.com.mx\/tienda\/product\/juego-de-reactivos-tnt-para-fosforo-total-molibdovanadato-de-alto-rango-hach\/","og_locale":"es_ES","og_type":"article","og_title":"Juego de reactivos TNT para f\u00f3sforo (total), molibdovanadato de alto rango, Hach - Capital Cient&iacute;fica","og_description":"\u00a0Galeria   # de producto:2767245-LM  Vea el detalle de los precios en el carrito de la compra           Para realizar determinaciones de f\u00f3sforo total (fosfato) mediante el m\u00e9todo \"Test 'N Tube\" (TNT) de molibdovanadato. M\u00e9todo 10127 de Hach. Rango: 1,0 - 100,0 mg\/l PO4 El juego incluye viales y reactivos para realizar entre 25-50 pruebas (lo cual depende de la cantidad de pruebas en blanco de reactivos realizadas).   Los productos Test 'N Tube brindan condiciones de prueba convenientes y seguras  F\u00e1ciles de pedir  Realice digestiones y mediciones fotom\u00e9tricas en el mismo vial.","og_url":"https:\/\/capitalcientifica.com.mx\/tienda\/product\/juego-de-reactivos-tnt-para-fosforo-total-molibdovanadato-de-alto-rango-hach\/","og_site_name":"Capital Cient&iacute;fica","article_modified_time":"2023-06-01T20:14:36+00:00","og_image":[{"width":201,"height":251,"url":"https:\/\/capitalcientifica.com.mx\/tienda\/wp-content\/uploads\/2023\/06\/HACH-2767245.jpg","type":"image\/jpeg"}],"twitter_card":"summary_large_image","twitter_misc":{"Tiempo de lectura":"1 minuto"},"schema":{"@context":"https:\/\/schema.org","@graph":[{"@type":"WebPage","@id":"https:\/\/capitalcientifica.com.mx\/tienda\/product\/juego-de-reactivos-tnt-para-fosforo-total-molibdovanadato-de-alto-rango-hach\/","url":"https:\/\/capitalcientifica.com.mx\/tienda\/product\/juego-de-reactivos-tnt-para-fosforo-total-molibdovanadato-de-alto-rango-hach\/","name":"Juego de reactivos TNT para f\u00f3sforo (total), molibdovanadato de alto rango, Hach - Capital Cient&iacute;fica","isPartOf":{"@id":"https:\/\/capitalcientifica.com.mx\/tienda\/#website"},"primaryImageOfPage":{"@id":"https:\/\/capitalcientifica.com.mx\/tienda\/product\/juego-de-reactivos-tnt-para-fosforo-total-molibdovanadato-de-alto-rango-hach\/#primaryimage"},"image":{"@id":"https:\/\/capitalcientifica.com.mx\/tienda\/product\/juego-de-reactivos-tnt-para-fosforo-total-molibdovanadato-de-alto-rango-hach\/#primaryimage"},"thumbnailUrl":"https:\/\/capitalcientifica.com.mx\/tienda\/wp-content\/uploads\/2023\/06\/HACH-2767245.jpg","datePublished":"2023-06-01T20:14:35+00:00","dateModified":"2023-06-01T20:14:36+00:00","breadcrumb":{"@id":"https:\/\/capitalcientifica.com.mx\/tienda\/product\/juego-de-reactivos-tnt-para-fosforo-total-molibdovanadato-de-alto-rango-hach\/#breadcrumb"},"inLanguage":"es","potentialAction":[{"@type":"ReadAction","target":["https:\/\/capitalcientifica.com.mx\/tienda\/product\/juego-de-reactivos-tnt-para-fosforo-total-molibdovanadato-de-alto-rango-hach\/"]}]},{"@type":"ImageObject","inLanguage":"es","@id":"https:\/\/capitalcientifica.com.mx\/tienda\/product\/juego-de-reactivos-tnt-para-fosforo-total-molibdovanadato-de-alto-rango-hach\/#primaryimage","url":"https:\/\/capitalcientifica.com.mx\/tienda\/wp-content\/uploads\/2023\/06\/HACH-2767245.jpg","contentUrl":"https:\/\/capitalcientifica.com.mx\/tienda\/wp-content\/uploads\/2023\/06\/HACH-2767245.jpg","width":201,"height":251},{"@type":"BreadcrumbList","@id":"https:\/\/capitalcientifica.com.mx\/tienda\/product\/juego-de-reactivos-tnt-para-fosforo-total-molibdovanadato-de-alto-rango-hach\/#breadcrumb","itemListElement":[{"@type":"ListItem","position":1,"name":"Portada","item":"https:\/\/capitalcientifica.com.mx\/tienda\/"},{"@type":"ListItem","position":2,"name":"Shop","item":"https:\/\/capitalcientifica.com.mx\/tienda\/shop\/"},{"@type":"ListItem","position":3,"name":"Juego de reactivos TNT para f\u00f3sforo (total), molibdovanadato de alto rango, Hach"}]},{"@type":"WebSite","@id":"https:\/\/capitalcientifica.com.mx\/tienda\/#website","url":"https:\/\/capitalcientifica.com.mx\/tienda\/","name":"Capital Cient&iacute;fica","description":"Equipo para laboratorio","potentialAction":[{"@type":"SearchAction","target":{"@type":"EntryPoint","urlTemplate":"https:\/\/capitalcientifica.com.mx\/tienda\/?s={search_term_string}"},"query-input":{"@type":"PropertyValueSpecification","valueRequired":true,"valueName":"search_term_string"}}],"inLanguage":"es"}]}},"_links":{"self":[{"href":"https:\/\/capitalcientifica.com.mx\/tienda\/wp-json\/wp\/v2\/product\/9248","targetHints":{"allow":["GET"]}}],"collection":[{"href":"https:\/\/capitalcientifica.com.mx\/tienda\/wp-json\/wp\/v2\/product"}],"about":[{"href":"https:\/\/capitalcientifica.com.mx\/tienda\/wp-json\/wp\/v2\/types\/product"}],"replies":[{"embeddable":true,"href":"https:\/\/capitalcientifica.com.mx\/tienda\/wp-json\/wp\/v2\/comments?post=9248"}],"wp:featuredmedia":[{"embeddable":true,"href":"https:\/\/capitalcientifica.com.mx\/tienda\/wp-json\/wp\/v2\/media\/9253"}],"wp:attachment":[{"href":"https:\/\/capitalcientifica.com.mx\/tienda\/wp-json\/wp\/v2\/media?parent=9248"}],"wp:term":[{"taxonomy":"product_cat","embeddable":true,"href":"https:\/\/capitalcientifica.com.mx\/tienda\/wp-json\/wp\/v2\/product_cat?post=9248"},{"taxonomy":"product_tag","embeddable":true,"href":"https:\/\/capitalcientifica.com.mx\/tienda\/wp-json\/wp\/v2\/product_tag?post=9248"}],"curies":[{"name":"wp","href":"https:\/\/api.w.org\/{rel}","templated":true}]}}