{"id":9223,"date":"2023-06-01T19:57:37","date_gmt":"2023-06-01T19:57:37","guid":{"rendered":"https:\/\/capitalcientifica.com.mx\/tienda\/?post_type=product&#038;p=9223"},"modified":"2023-06-01T19:57:38","modified_gmt":"2023-06-01T19:57:38","slug":"kit-de-prueba-de-silice-modelo-si-7-hach","status":"publish","type":"product","link":"https:\/\/capitalcientifica.com.mx\/tienda\/product\/kit-de-prueba-de-silice-modelo-si-7-hach\/","title":{"rendered":"Kit de prueba de s\u00edlice, Modelo SI-7, Hach"},"content":{"rendered":"<div>CATALOGO HACH 2255000-LM<\/div>\n<div class=\"infoRow\"><span class=\"label\">Contenido de la caja:<\/span><span class=\"value\">Incluye tres reactivos, tubo de visualizaci\u00f3n, caja de comparaci\u00f3n de color, discos de color, adaptador de visualizaci\u00f3n, botella, tap\u00f3n, hoja de instrucciones y caja de transporte.<\/span><\/div>\n<div class=\"infoRow\"><span class=\"label\">Incremento m\u00ednimo:<\/span><span class=\"value\">0.02<\/span><\/div>\n<div class=\"infoRow\"><span class=\"label\">Modelo:<\/span><span class=\"value\">SI-7<\/span><\/div>\n<div class=\"infoRow\"><span class=\"label\">\u00a0<\/span><span class=\"value\">SI-7<\/span><\/div>\n<div class=\"infoRow\"><span class=\"label\">Nombre del m\u00e9todo:<\/span><span class=\"value\">Disco de color\/azul, heteropoli, amino\u00e1cido<\/span><\/div>\n<div class=\"infoRow\"><span class=\"label\">N\u00famero de tests:<\/span><span class=\"value\">100<\/span><\/div>\n<div class=\"infoRow\"><span class=\"label\">Parameter:<\/span><span class=\"value\">Silica<\/span><\/div>\n<div class=\"infoRow\"><span class=\"label\">Par\u00e1metro:<\/span><span class=\"value\">S\u00edlice, rango bajo &#8211; Como SiO<sub>2<\/sub><\/span><\/div>\n<div class=\"infoRow\"><span class=\"label\">Peso de env\u00edo:<\/span><span class=\"value\">2.5<\/span><\/div>\n<div class=\"infoRow\"><span class=\"label\">Plataforma:<\/span><span class=\"value\">Color Disc<\/span><\/div>\n<div class=\"infoRow\"><span class=\"label\">Rango:<\/span><span class=\"value\">0 &#8211; 1 mg\/L SiO<sub>2<\/sub><\/span><\/div>\n<div class=\"infoRow\"><span class=\"label\">\u00a0<\/span><span class=\"value\">Single Range<\/span><\/div>\n<div class=\"infoRow\"><span class=\"label\">Rango est\u00e1ndar:<\/span><span class=\"value\">0 &#8211; 1 mg\/L SiO\u2082<\/span><\/div>\n<div class=\"infoRow\"><span class=\"label\">Tpo de carcasa:<\/span><span class=\"value\">D<\/span><\/div>\n","protected":false},"excerpt":{"rendered":"<p>Incluye tres reactivos, tubo de visualizaci\u00f3n, caja de comparaci\u00f3n de color, discos de color, adaptador de visualizaci\u00f3n, botella, tap\u00f3n, hoja de instrucciones y caja de transporte.<\/p>\n<p>&nbsp;<\/p>\n","protected":false},"featured_media":9230,"comment_status":"closed","ping_status":"closed","template":"","meta":{"_joinchat":[]},"product_cat":[63,29,109,168,164],"product_tag":[],"class_list":{"0":"post-9223","1":"product","2":"type-product","3":"status-publish","4":"has-post-thumbnail","6":"product_cat-consumibles","7":"product_cat-hach","8":"product_cat-importacion","9":"product_cat-productos-destacados","10":"product_cat-promociones","12":"first","13":"instock","14":"shipping-taxable","15":"product-type-simple","16":"col-xs-6 col-sm-4","17":"col-md-3 col-lg-3","18":"un-4-cols"},"yoast_head":"<!-- This site is optimized with the Yoast SEO plugin v27.2 - https:\/\/yoast.com\/product\/yoast-seo-wordpress\/ -->\n<title>Kit de prueba de s\u00edlice, Modelo SI-7, Hach - Capital Cient&iacute;fica<\/title>\n<meta name=\"robots\" content=\"index, follow, max-snippet:-1, max-image-preview:large, max-video-preview:-1\" \/>\n<link rel=\"canonical\" href=\"https:\/\/capitalcientifica.com.mx\/tienda\/product\/kit-de-prueba-de-silice-modelo-si-7-hach\/\" \/>\n<meta property=\"og:locale\" content=\"es_ES\" \/>\n<meta property=\"og:type\" content=\"article\" \/>\n<meta property=\"og:title\" content=\"Kit de prueba de s\u00edlice, Modelo SI-7, Hach - Capital Cient&iacute;fica\" \/>\n<meta property=\"og:description\" content=\"Incluye tres reactivos, tubo de visualizaci\u00f3n, caja de comparaci\u00f3n de color, discos de color, adaptador de visualizaci\u00f3n, botella, tap\u00f3n, hoja de instrucciones y caja de transporte.  &nbsp;\" \/>\n<meta property=\"og:url\" content=\"https:\/\/capitalcientifica.com.mx\/tienda\/product\/kit-de-prueba-de-silice-modelo-si-7-hach\/\" \/>\n<meta property=\"og:site_name\" content=\"Capital Cient&iacute;fica\" \/>\n<meta property=\"article:modified_time\" content=\"2023-06-01T19:57:38+00:00\" \/>\n<meta property=\"og:image\" content=\"https:\/\/capitalcientifica.com.mx\/tienda\/wp-content\/uploads\/2023\/06\/HACH-2255000.jpg\" \/>\n\t<meta property=\"og:image:width\" content=\"256\" \/>\n\t<meta property=\"og:image:height\" content=\"257\" \/>\n\t<meta property=\"og:image:type\" content=\"image\/jpeg\" \/>\n<meta name=\"twitter:card\" content=\"summary_large_image\" \/>\n<meta name=\"twitter:label1\" content=\"Tiempo de lectura\" \/>\n\t<meta name=\"twitter:data1\" content=\"1 minuto\" \/>\n<script type=\"application\/ld+json\" class=\"yoast-schema-graph\">{\"@context\":\"https:\/\/schema.org\",\"@graph\":[{\"@type\":\"WebPage\",\"@id\":\"https:\/\/capitalcientifica.com.mx\/tienda\/product\/kit-de-prueba-de-silice-modelo-si-7-hach\/\",\"url\":\"https:\/\/capitalcientifica.com.mx\/tienda\/product\/kit-de-prueba-de-silice-modelo-si-7-hach\/\",\"name\":\"Kit de prueba de s\u00edlice, Modelo SI-7, Hach - Capital Cient&iacute;fica\",\"isPartOf\":{\"@id\":\"https:\/\/capitalcientifica.com.mx\/tienda\/#website\"},\"primaryImageOfPage\":{\"@id\":\"https:\/\/capitalcientifica.com.mx\/tienda\/product\/kit-de-prueba-de-silice-modelo-si-7-hach\/#primaryimage\"},\"image\":{\"@id\":\"https:\/\/capitalcientifica.com.mx\/tienda\/product\/kit-de-prueba-de-silice-modelo-si-7-hach\/#primaryimage\"},\"thumbnailUrl\":\"https:\/\/capitalcientifica.com.mx\/tienda\/wp-content\/uploads\/2023\/06\/HACH-2255000.jpg\",\"datePublished\":\"2023-06-01T19:57:37+00:00\",\"dateModified\":\"2023-06-01T19:57:38+00:00\",\"breadcrumb\":{\"@id\":\"https:\/\/capitalcientifica.com.mx\/tienda\/product\/kit-de-prueba-de-silice-modelo-si-7-hach\/#breadcrumb\"},\"inLanguage\":\"es\",\"potentialAction\":[{\"@type\":\"ReadAction\",\"target\":[\"https:\/\/capitalcientifica.com.mx\/tienda\/product\/kit-de-prueba-de-silice-modelo-si-7-hach\/\"]}]},{\"@type\":\"ImageObject\",\"inLanguage\":\"es\",\"@id\":\"https:\/\/capitalcientifica.com.mx\/tienda\/product\/kit-de-prueba-de-silice-modelo-si-7-hach\/#primaryimage\",\"url\":\"https:\/\/capitalcientifica.com.mx\/tienda\/wp-content\/uploads\/2023\/06\/HACH-2255000.jpg\",\"contentUrl\":\"https:\/\/capitalcientifica.com.mx\/tienda\/wp-content\/uploads\/2023\/06\/HACH-2255000.jpg\",\"width\":256,\"height\":257},{\"@type\":\"BreadcrumbList\",\"@id\":\"https:\/\/capitalcientifica.com.mx\/tienda\/product\/kit-de-prueba-de-silice-modelo-si-7-hach\/#breadcrumb\",\"itemListElement\":[{\"@type\":\"ListItem\",\"position\":1,\"name\":\"Portada\",\"item\":\"https:\/\/capitalcientifica.com.mx\/tienda\/\"},{\"@type\":\"ListItem\",\"position\":2,\"name\":\"Shop\",\"item\":\"https:\/\/capitalcientifica.com.mx\/tienda\/shop\/\"},{\"@type\":\"ListItem\",\"position\":3,\"name\":\"Kit de prueba de s\u00edlice, Modelo SI-7, Hach\"}]},{\"@type\":\"WebSite\",\"@id\":\"https:\/\/capitalcientifica.com.mx\/tienda\/#website\",\"url\":\"https:\/\/capitalcientifica.com.mx\/tienda\/\",\"name\":\"Capital Cient&iacute;fica\",\"description\":\"Equipo para laboratorio\",\"potentialAction\":[{\"@type\":\"SearchAction\",\"target\":{\"@type\":\"EntryPoint\",\"urlTemplate\":\"https:\/\/capitalcientifica.com.mx\/tienda\/?s={search_term_string}\"},\"query-input\":{\"@type\":\"PropertyValueSpecification\",\"valueRequired\":true,\"valueName\":\"search_term_string\"}}],\"inLanguage\":\"es\"}]}<\/script>\n<!-- \/ Yoast SEO plugin. -->","yoast_head_json":{"title":"Kit de prueba de s\u00edlice, Modelo SI-7, Hach - Capital Cient&iacute;fica","robots":{"index":"index","follow":"follow","max-snippet":"max-snippet:-1","max-image-preview":"max-image-preview:large","max-video-preview":"max-video-preview:-1"},"canonical":"https:\/\/capitalcientifica.com.mx\/tienda\/product\/kit-de-prueba-de-silice-modelo-si-7-hach\/","og_locale":"es_ES","og_type":"article","og_title":"Kit de prueba de s\u00edlice, Modelo SI-7, Hach - Capital Cient&iacute;fica","og_description":"Incluye tres reactivos, tubo de visualizaci\u00f3n, caja de comparaci\u00f3n de color, discos de color, adaptador de visualizaci\u00f3n, botella, tap\u00f3n, hoja de instrucciones y caja de transporte.  &nbsp;","og_url":"https:\/\/capitalcientifica.com.mx\/tienda\/product\/kit-de-prueba-de-silice-modelo-si-7-hach\/","og_site_name":"Capital Cient&iacute;fica","article_modified_time":"2023-06-01T19:57:38+00:00","og_image":[{"width":256,"height":257,"url":"https:\/\/capitalcientifica.com.mx\/tienda\/wp-content\/uploads\/2023\/06\/HACH-2255000.jpg","type":"image\/jpeg"}],"twitter_card":"summary_large_image","twitter_misc":{"Tiempo de lectura":"1 minuto"},"schema":{"@context":"https:\/\/schema.org","@graph":[{"@type":"WebPage","@id":"https:\/\/capitalcientifica.com.mx\/tienda\/product\/kit-de-prueba-de-silice-modelo-si-7-hach\/","url":"https:\/\/capitalcientifica.com.mx\/tienda\/product\/kit-de-prueba-de-silice-modelo-si-7-hach\/","name":"Kit de prueba de s\u00edlice, Modelo SI-7, Hach - Capital Cient&iacute;fica","isPartOf":{"@id":"https:\/\/capitalcientifica.com.mx\/tienda\/#website"},"primaryImageOfPage":{"@id":"https:\/\/capitalcientifica.com.mx\/tienda\/product\/kit-de-prueba-de-silice-modelo-si-7-hach\/#primaryimage"},"image":{"@id":"https:\/\/capitalcientifica.com.mx\/tienda\/product\/kit-de-prueba-de-silice-modelo-si-7-hach\/#primaryimage"},"thumbnailUrl":"https:\/\/capitalcientifica.com.mx\/tienda\/wp-content\/uploads\/2023\/06\/HACH-2255000.jpg","datePublished":"2023-06-01T19:57:37+00:00","dateModified":"2023-06-01T19:57:38+00:00","breadcrumb":{"@id":"https:\/\/capitalcientifica.com.mx\/tienda\/product\/kit-de-prueba-de-silice-modelo-si-7-hach\/#breadcrumb"},"inLanguage":"es","potentialAction":[{"@type":"ReadAction","target":["https:\/\/capitalcientifica.com.mx\/tienda\/product\/kit-de-prueba-de-silice-modelo-si-7-hach\/"]}]},{"@type":"ImageObject","inLanguage":"es","@id":"https:\/\/capitalcientifica.com.mx\/tienda\/product\/kit-de-prueba-de-silice-modelo-si-7-hach\/#primaryimage","url":"https:\/\/capitalcientifica.com.mx\/tienda\/wp-content\/uploads\/2023\/06\/HACH-2255000.jpg","contentUrl":"https:\/\/capitalcientifica.com.mx\/tienda\/wp-content\/uploads\/2023\/06\/HACH-2255000.jpg","width":256,"height":257},{"@type":"BreadcrumbList","@id":"https:\/\/capitalcientifica.com.mx\/tienda\/product\/kit-de-prueba-de-silice-modelo-si-7-hach\/#breadcrumb","itemListElement":[{"@type":"ListItem","position":1,"name":"Portada","item":"https:\/\/capitalcientifica.com.mx\/tienda\/"},{"@type":"ListItem","position":2,"name":"Shop","item":"https:\/\/capitalcientifica.com.mx\/tienda\/shop\/"},{"@type":"ListItem","position":3,"name":"Kit de prueba de s\u00edlice, Modelo SI-7, Hach"}]},{"@type":"WebSite","@id":"https:\/\/capitalcientifica.com.mx\/tienda\/#website","url":"https:\/\/capitalcientifica.com.mx\/tienda\/","name":"Capital Cient&iacute;fica","description":"Equipo para laboratorio","potentialAction":[{"@type":"SearchAction","target":{"@type":"EntryPoint","urlTemplate":"https:\/\/capitalcientifica.com.mx\/tienda\/?s={search_term_string}"},"query-input":{"@type":"PropertyValueSpecification","valueRequired":true,"valueName":"search_term_string"}}],"inLanguage":"es"}]}},"_links":{"self":[{"href":"https:\/\/capitalcientifica.com.mx\/tienda\/wp-json\/wp\/v2\/product\/9223","targetHints":{"allow":["GET"]}}],"collection":[{"href":"https:\/\/capitalcientifica.com.mx\/tienda\/wp-json\/wp\/v2\/product"}],"about":[{"href":"https:\/\/capitalcientifica.com.mx\/tienda\/wp-json\/wp\/v2\/types\/product"}],"replies":[{"embeddable":true,"href":"https:\/\/capitalcientifica.com.mx\/tienda\/wp-json\/wp\/v2\/comments?post=9223"}],"wp:featuredmedia":[{"embeddable":true,"href":"https:\/\/capitalcientifica.com.mx\/tienda\/wp-json\/wp\/v2\/media\/9230"}],"wp:attachment":[{"href":"https:\/\/capitalcientifica.com.mx\/tienda\/wp-json\/wp\/v2\/media?parent=9223"}],"wp:term":[{"taxonomy":"product_cat","embeddable":true,"href":"https:\/\/capitalcientifica.com.mx\/tienda\/wp-json\/wp\/v2\/product_cat?post=9223"},{"taxonomy":"product_tag","embeddable":true,"href":"https:\/\/capitalcientifica.com.mx\/tienda\/wp-json\/wp\/v2\/product_tag?post=9223"}],"curies":[{"name":"wp","href":"https:\/\/api.w.org\/{rel}","templated":true}]}}