{"id":9203,"date":"2023-06-01T19:39:56","date_gmt":"2023-06-01T19:39:56","guid":{"rendered":"https:\/\/capitalcientifica.com.mx\/tienda\/?post_type=product&#038;p=9203"},"modified":"2023-06-01T19:39:57","modified_gmt":"2023-06-01T19:39:57","slug":"medidores-de-ph-de-sobremesa-accumet-ab150","status":"publish","type":"product","link":"https:\/\/capitalcientifica.com.mx\/tienda\/product\/medidores-de-ph-de-sobremesa-accumet-ab150\/","title":{"rendered":"Medidores de pH de sobremesa accumet\u2122 AB150"},"content":{"rendered":"<p>N\u00famero de cat\u00e1logo: 13636AB150<\/p>\n<p>Ofrecen un funcionamiento sencillo e intuitivo y mediciones de alta exactitud en un medidor compacto y asequible. Los medidores de sobremesa de pH Fisherbrand accumet AB150 tienen una gran pantalla retroiluminada que ofrece gran visibilidad en entornos de laboratorio. El medidor de pH accumet AB150 es la opci\u00f3n elegida en el sector cuando se requieren fiabilidad y uniformidad en las mediciones.<\/p>\n","protected":false},"excerpt":{"rendered":"<table class=\"pdp-table__full-specs\">\n<tbody>\n<tr>\n<td class=\"pdp-table__full-specs-label\">Incluye<\/td>\n<td class=\"pdp-table__full-specs-value\">Medidor, electrodo de pH\/ATC compatible con TRIS\u00a0<b>(13-620-631<\/b>, brazo de electrodo, cables USB y RS-232, fuente de alimentaci\u00f3n de 100\/240 V<\/td>\n<\/tr>\n<tr>\n<td class=\"pdp-table__full-specs-label\">Intervalo (pH)<\/td>\n<td class=\"pdp-table__full-specs-value\">De &#8211; 2 a 20<\/td>\n<\/tr>\n<tr>\n<td class=\"pdp-table__full-specs-label\">Resoluci\u00f3n (pH)<\/td>\n<td class=\"pdp-table__full-specs-value\">0,1; 0,01; 0,001<\/td>\n<\/tr>\n<tr>\n<td class=\"pdp-table__full-specs-label\">Accuracy (pH)<\/td>\n<td class=\"pdp-table__full-specs-value\">\u00b1\u00a00,002<\/td>\n<\/tr>\n<tr>\n<td class=\"pdp-table__full-specs-label\">Puntos de calibraci\u00f3n (pH)<\/td>\n<td class=\"pdp-table__full-specs-value\">Hasta 6 predefinidos o 5 personalizados<\/td>\n<\/tr>\n<tr>\n<td class=\"pdp-table__full-specs-label\">Intervalo (mV)<\/td>\n<td class=\"pdp-table__full-specs-value\">\u00b12000\u00a0mV<\/td>\n<\/tr>\n<tr>\n<td class=\"pdp-table__full-specs-label\">Resoluci\u00f3n (mV)<\/td>\n<td class=\"pdp-table__full-specs-value\">0,1 mV<\/td>\n<\/tr>\n<tr>\n<td class=\"pdp-table__full-specs-label\">Accuracy (mV)<\/td>\n<td class=\"pdp-table__full-specs-value\">\u00b1\u00a00,2mV<\/td>\n<\/tr>\n<tr>\n<td class=\"pdp-table__full-specs-label\">Calibration Points<\/td>\n<td class=\"pdp-table__full-specs-value\">Desde 1 hasta 6<\/td>\n<\/tr>\n<tr>\n<td class=\"pdp-table__full-specs-label\">Intervalo de temperatura (m\u00e9trico)<\/td>\n<td class=\"pdp-table__full-specs-value\">0\u00b0C a 100\u00b0C<\/td>\n<\/tr>\n<tr>\n<td class=\"pdp-table__full-specs-label\">Resoluci\u00f3n (temperatura)<\/td>\n<td class=\"pdp-table__full-specs-value\">0,1\u00a0\u00b0C<\/td>\n<\/tr>\n<tr>\n<td class=\"pdp-table__full-specs-label\">Accuracy (Temperature)<\/td>\n<td class=\"pdp-table__full-specs-value\">\u00b1\u00a00,3\u00a0\u00b0C<\/td>\n<\/tr>\n<tr>\n<td class=\"pdp-table__full-specs-label\">Tipo de pantalla<\/td>\n<td class=\"pdp-table__full-specs-value\">LCD<\/td>\n<\/tr>\n<tr>\n<td class=\"pdp-table__full-specs-label\">Puntos de datos<\/td>\n<td class=\"pdp-table__full-specs-value\">500<\/td>\n<\/tr>\n<tr>\n<td class=\"pdp-table__full-specs-label\">Data Management Details<\/td>\n<td class=\"pdp-table__full-specs-value\">Manual, con temporizador (seleccionable para cada 3 a 3600\u00a0s), impresora o formato CSV<\/td>\n<\/tr>\n<tr>\n<td class=\"pdp-table__full-specs-label\">Entradas<\/td>\n<td class=\"pdp-table__full-specs-value\">BNC, ATC<\/td>\n<\/tr>\n<tr>\n<td class=\"pdp-table__full-specs-label\">Salidas<\/td>\n<td class=\"pdp-table__full-specs-value\">RS232 (toma fono), mini-USB-B, agitador<\/td>\n<\/tr>\n<tr>\n<td class=\"pdp-table__full-specs-label\">Certificaciones\/conformidad<\/td>\n<td class=\"pdp-table__full-specs-value\">Sin certificado de pH trazable al NIST<\/td>\n<\/tr>\n<tr>\n<td class=\"pdp-table__full-specs-label\">Garant\u00eda<\/td>\n<td class=\"pdp-table__full-specs-value\">3 a\u00f1os<\/td>\n<\/tr>\n<tr>\n<td class=\"pdp-table__full-specs-label\">Modelo<\/td>\n<td class=\"pdp-table__full-specs-value\">Kit para pH AB150<\/td>\n<\/tr>\n<tr>\n<td class=\"pdp-table__full-specs-label\">Tensi\u00f3n<\/td>\n<td class=\"pdp-table__full-specs-value\">100\/240\u00a0V<\/td>\n<\/tr>\n<tr>\n<td class=\"pdp-table__full-specs-label\">Frecuencia<\/td>\n<td class=\"pdp-table__full-specs-value\">50\/60\u00a0Hz<\/td>\n<\/tr>\n<tr>\n<td class=\"pdp-table__full-specs-label\">Unit Size<\/td>\n<td class=\"pdp-table__full-specs-value\">Each<\/td>\n<\/tr>\n<\/tbody>\n<\/table>\n","protected":false},"featured_media":9205,"comment_status":"closed","ping_status":"closed","template":"","meta":{"_joinchat":[]},"product_cat":[61,109,168,34],"product_tag":[],"class_list":{"0":"post-9203","1":"product","2":"type-product","3":"status-publish","4":"has-post-thumbnail","6":"product_cat-equipos-de-laboratorio","7":"product_cat-importacion","8":"product_cat-productos-destacados","9":"product_cat-thermo-fisher","11":"first","12":"instock","13":"shipping-taxable","14":"product-type-simple","15":"col-xs-6 col-sm-4","16":"col-md-3 col-lg-3","17":"un-4-cols"},"yoast_head":"<!-- This site is optimized with the Yoast SEO plugin v27.2 - https:\/\/yoast.com\/product\/yoast-seo-wordpress\/ -->\n<title>Medidores de pH de sobremesa accumet\u2122 AB150 - Capital Cient&iacute;fica<\/title>\n<meta name=\"robots\" content=\"index, follow, max-snippet:-1, max-image-preview:large, max-video-preview:-1\" \/>\n<link rel=\"canonical\" href=\"https:\/\/capitalcientifica.com.mx\/tienda\/product\/medidores-de-ph-de-sobremesa-accumet-ab150\/\" \/>\n<meta property=\"og:locale\" content=\"es_ES\" \/>\n<meta property=\"og:type\" content=\"article\" \/>\n<meta property=\"og:title\" content=\"Medidores de pH de sobremesa accumet\u2122 AB150 - Capital Cient&iacute;fica\" \/>\n<meta property=\"og:description\" content=\"Incluye Medidor, electrodo de pH\/ATC compatible con TRIS\u00a0(13-620-631, brazo de electrodo, cables USB y RS-232, fuente de alimentaci\u00f3n de 100\/240 V   Intervalo (pH) De - 2 a 20   Resoluci\u00f3n (pH) 0,1; 0,01; 0,001   Accuracy (pH) \u00b1\u00a00,002   Puntos de calibraci\u00f3n (pH) Hasta 6 predefinidos o 5 personalizados   Intervalo (mV) \u00b12000\u00a0mV   Resoluci\u00f3n (mV) 0,1 mV   Accuracy (mV) \u00b1\u00a00,2mV   Calibration Points Desde 1 hasta 6   Intervalo de temperatura (m\u00e9trico) 0\u00b0C a 100\u00b0C   Resoluci\u00f3n (temperatura) 0,1\u00a0\u00b0C   Accuracy (Temperature) \u00b1\u00a00,3\u00a0\u00b0C   Tipo de pantalla LCD   Puntos de datos 500   Data Management Details Manual, con temporizador (seleccionable para cada 3 a 3600\u00a0s), impresora o formato CSV   Entradas BNC, ATC   Salidas RS232 (toma fono), mini-USB-B, agitador   Certificaciones\/conformidad Sin certificado de pH trazable al NIST   Garant\u00eda 3 a\u00f1os   Modelo Kit para pH AB150   Tensi\u00f3n 100\/240\u00a0V   Frecuencia 50\/60\u00a0Hz   Unit Size Each\" \/>\n<meta property=\"og:url\" content=\"https:\/\/capitalcientifica.com.mx\/tienda\/product\/medidores-de-ph-de-sobremesa-accumet-ab150\/\" \/>\n<meta property=\"og:site_name\" content=\"Capital Cient&iacute;fica\" \/>\n<meta property=\"article:modified_time\" content=\"2023-06-01T19:39:57+00:00\" \/>\n<meta property=\"og:image\" content=\"https:\/\/capitalcientifica.com.mx\/tienda\/wp-content\/uploads\/2023\/06\/13-636-ab150.jpg\" \/>\n\t<meta property=\"og:image:width\" content=\"650\" \/>\n\t<meta property=\"og:image:height\" content=\"628\" \/>\n\t<meta property=\"og:image:type\" content=\"image\/jpeg\" \/>\n<meta name=\"twitter:card\" content=\"summary_large_image\" \/>\n<meta name=\"twitter:label1\" content=\"Tiempo de lectura\" \/>\n\t<meta name=\"twitter:data1\" content=\"1 minuto\" \/>\n<script type=\"application\/ld+json\" class=\"yoast-schema-graph\">{\"@context\":\"https:\/\/schema.org\",\"@graph\":[{\"@type\":\"WebPage\",\"@id\":\"https:\/\/capitalcientifica.com.mx\/tienda\/product\/medidores-de-ph-de-sobremesa-accumet-ab150\/\",\"url\":\"https:\/\/capitalcientifica.com.mx\/tienda\/product\/medidores-de-ph-de-sobremesa-accumet-ab150\/\",\"name\":\"Medidores de pH de sobremesa accumet\u2122 AB150 - Capital Cient&iacute;fica\",\"isPartOf\":{\"@id\":\"https:\/\/capitalcientifica.com.mx\/tienda\/#website\"},\"primaryImageOfPage\":{\"@id\":\"https:\/\/capitalcientifica.com.mx\/tienda\/product\/medidores-de-ph-de-sobremesa-accumet-ab150\/#primaryimage\"},\"image\":{\"@id\":\"https:\/\/capitalcientifica.com.mx\/tienda\/product\/medidores-de-ph-de-sobremesa-accumet-ab150\/#primaryimage\"},\"thumbnailUrl\":\"https:\/\/capitalcientifica.com.mx\/tienda\/wp-content\/uploads\/2023\/06\/13-636-ab150.jpg\",\"datePublished\":\"2023-06-01T19:39:56+00:00\",\"dateModified\":\"2023-06-01T19:39:57+00:00\",\"breadcrumb\":{\"@id\":\"https:\/\/capitalcientifica.com.mx\/tienda\/product\/medidores-de-ph-de-sobremesa-accumet-ab150\/#breadcrumb\"},\"inLanguage\":\"es\",\"potentialAction\":[{\"@type\":\"ReadAction\",\"target\":[\"https:\/\/capitalcientifica.com.mx\/tienda\/product\/medidores-de-ph-de-sobremesa-accumet-ab150\/\"]}]},{\"@type\":\"ImageObject\",\"inLanguage\":\"es\",\"@id\":\"https:\/\/capitalcientifica.com.mx\/tienda\/product\/medidores-de-ph-de-sobremesa-accumet-ab150\/#primaryimage\",\"url\":\"https:\/\/capitalcientifica.com.mx\/tienda\/wp-content\/uploads\/2023\/06\/13-636-ab150.jpg\",\"contentUrl\":\"https:\/\/capitalcientifica.com.mx\/tienda\/wp-content\/uploads\/2023\/06\/13-636-ab150.jpg\",\"width\":650,\"height\":628},{\"@type\":\"BreadcrumbList\",\"@id\":\"https:\/\/capitalcientifica.com.mx\/tienda\/product\/medidores-de-ph-de-sobremesa-accumet-ab150\/#breadcrumb\",\"itemListElement\":[{\"@type\":\"ListItem\",\"position\":1,\"name\":\"Portada\",\"item\":\"https:\/\/capitalcientifica.com.mx\/tienda\/\"},{\"@type\":\"ListItem\",\"position\":2,\"name\":\"Shop\",\"item\":\"https:\/\/capitalcientifica.com.mx\/tienda\/shop\/\"},{\"@type\":\"ListItem\",\"position\":3,\"name\":\"Medidores de pH de sobremesa accumet\u2122 AB150\"}]},{\"@type\":\"WebSite\",\"@id\":\"https:\/\/capitalcientifica.com.mx\/tienda\/#website\",\"url\":\"https:\/\/capitalcientifica.com.mx\/tienda\/\",\"name\":\"Capital Cient&iacute;fica\",\"description\":\"Equipo para laboratorio\",\"potentialAction\":[{\"@type\":\"SearchAction\",\"target\":{\"@type\":\"EntryPoint\",\"urlTemplate\":\"https:\/\/capitalcientifica.com.mx\/tienda\/?s={search_term_string}\"},\"query-input\":{\"@type\":\"PropertyValueSpecification\",\"valueRequired\":true,\"valueName\":\"search_term_string\"}}],\"inLanguage\":\"es\"}]}<\/script>\n<!-- \/ Yoast SEO plugin. -->","yoast_head_json":{"title":"Medidores de pH de sobremesa accumet\u2122 AB150 - Capital Cient&iacute;fica","robots":{"index":"index","follow":"follow","max-snippet":"max-snippet:-1","max-image-preview":"max-image-preview:large","max-video-preview":"max-video-preview:-1"},"canonical":"https:\/\/capitalcientifica.com.mx\/tienda\/product\/medidores-de-ph-de-sobremesa-accumet-ab150\/","og_locale":"es_ES","og_type":"article","og_title":"Medidores de pH de sobremesa accumet\u2122 AB150 - Capital Cient&iacute;fica","og_description":"Incluye Medidor, electrodo de pH\/ATC compatible con TRIS\u00a0(13-620-631, brazo de electrodo, cables USB y RS-232, fuente de alimentaci\u00f3n de 100\/240 V   Intervalo (pH) De - 2 a 20   Resoluci\u00f3n (pH) 0,1; 0,01; 0,001   Accuracy (pH) \u00b1\u00a00,002   Puntos de calibraci\u00f3n (pH) Hasta 6 predefinidos o 5 personalizados   Intervalo (mV) \u00b12000\u00a0mV   Resoluci\u00f3n (mV) 0,1 mV   Accuracy (mV) \u00b1\u00a00,2mV   Calibration Points Desde 1 hasta 6   Intervalo de temperatura (m\u00e9trico) 0\u00b0C a 100\u00b0C   Resoluci\u00f3n (temperatura) 0,1\u00a0\u00b0C   Accuracy (Temperature) \u00b1\u00a00,3\u00a0\u00b0C   Tipo de pantalla LCD   Puntos de datos 500   Data Management Details Manual, con temporizador (seleccionable para cada 3 a 3600\u00a0s), impresora o formato CSV   Entradas BNC, ATC   Salidas RS232 (toma fono), mini-USB-B, agitador   Certificaciones\/conformidad Sin certificado de pH trazable al NIST   Garant\u00eda 3 a\u00f1os   Modelo Kit para pH AB150   Tensi\u00f3n 100\/240\u00a0V   Frecuencia 50\/60\u00a0Hz   Unit Size Each","og_url":"https:\/\/capitalcientifica.com.mx\/tienda\/product\/medidores-de-ph-de-sobremesa-accumet-ab150\/","og_site_name":"Capital Cient&iacute;fica","article_modified_time":"2023-06-01T19:39:57+00:00","og_image":[{"width":650,"height":628,"url":"https:\/\/capitalcientifica.com.mx\/tienda\/wp-content\/uploads\/2023\/06\/13-636-ab150.jpg","type":"image\/jpeg"}],"twitter_card":"summary_large_image","twitter_misc":{"Tiempo de lectura":"1 minuto"},"schema":{"@context":"https:\/\/schema.org","@graph":[{"@type":"WebPage","@id":"https:\/\/capitalcientifica.com.mx\/tienda\/product\/medidores-de-ph-de-sobremesa-accumet-ab150\/","url":"https:\/\/capitalcientifica.com.mx\/tienda\/product\/medidores-de-ph-de-sobremesa-accumet-ab150\/","name":"Medidores de pH de sobremesa accumet\u2122 AB150 - Capital Cient&iacute;fica","isPartOf":{"@id":"https:\/\/capitalcientifica.com.mx\/tienda\/#website"},"primaryImageOfPage":{"@id":"https:\/\/capitalcientifica.com.mx\/tienda\/product\/medidores-de-ph-de-sobremesa-accumet-ab150\/#primaryimage"},"image":{"@id":"https:\/\/capitalcientifica.com.mx\/tienda\/product\/medidores-de-ph-de-sobremesa-accumet-ab150\/#primaryimage"},"thumbnailUrl":"https:\/\/capitalcientifica.com.mx\/tienda\/wp-content\/uploads\/2023\/06\/13-636-ab150.jpg","datePublished":"2023-06-01T19:39:56+00:00","dateModified":"2023-06-01T19:39:57+00:00","breadcrumb":{"@id":"https:\/\/capitalcientifica.com.mx\/tienda\/product\/medidores-de-ph-de-sobremesa-accumet-ab150\/#breadcrumb"},"inLanguage":"es","potentialAction":[{"@type":"ReadAction","target":["https:\/\/capitalcientifica.com.mx\/tienda\/product\/medidores-de-ph-de-sobremesa-accumet-ab150\/"]}]},{"@type":"ImageObject","inLanguage":"es","@id":"https:\/\/capitalcientifica.com.mx\/tienda\/product\/medidores-de-ph-de-sobremesa-accumet-ab150\/#primaryimage","url":"https:\/\/capitalcientifica.com.mx\/tienda\/wp-content\/uploads\/2023\/06\/13-636-ab150.jpg","contentUrl":"https:\/\/capitalcientifica.com.mx\/tienda\/wp-content\/uploads\/2023\/06\/13-636-ab150.jpg","width":650,"height":628},{"@type":"BreadcrumbList","@id":"https:\/\/capitalcientifica.com.mx\/tienda\/product\/medidores-de-ph-de-sobremesa-accumet-ab150\/#breadcrumb","itemListElement":[{"@type":"ListItem","position":1,"name":"Portada","item":"https:\/\/capitalcientifica.com.mx\/tienda\/"},{"@type":"ListItem","position":2,"name":"Shop","item":"https:\/\/capitalcientifica.com.mx\/tienda\/shop\/"},{"@type":"ListItem","position":3,"name":"Medidores de pH de sobremesa accumet\u2122 AB150"}]},{"@type":"WebSite","@id":"https:\/\/capitalcientifica.com.mx\/tienda\/#website","url":"https:\/\/capitalcientifica.com.mx\/tienda\/","name":"Capital Cient&iacute;fica","description":"Equipo para laboratorio","potentialAction":[{"@type":"SearchAction","target":{"@type":"EntryPoint","urlTemplate":"https:\/\/capitalcientifica.com.mx\/tienda\/?s={search_term_string}"},"query-input":{"@type":"PropertyValueSpecification","valueRequired":true,"valueName":"search_term_string"}}],"inLanguage":"es"}]}},"_links":{"self":[{"href":"https:\/\/capitalcientifica.com.mx\/tienda\/wp-json\/wp\/v2\/product\/9203","targetHints":{"allow":["GET"]}}],"collection":[{"href":"https:\/\/capitalcientifica.com.mx\/tienda\/wp-json\/wp\/v2\/product"}],"about":[{"href":"https:\/\/capitalcientifica.com.mx\/tienda\/wp-json\/wp\/v2\/types\/product"}],"replies":[{"embeddable":true,"href":"https:\/\/capitalcientifica.com.mx\/tienda\/wp-json\/wp\/v2\/comments?post=9203"}],"wp:featuredmedia":[{"embeddable":true,"href":"https:\/\/capitalcientifica.com.mx\/tienda\/wp-json\/wp\/v2\/media\/9205"}],"wp:attachment":[{"href":"https:\/\/capitalcientifica.com.mx\/tienda\/wp-json\/wp\/v2\/media?parent=9203"}],"wp:term":[{"taxonomy":"product_cat","embeddable":true,"href":"https:\/\/capitalcientifica.com.mx\/tienda\/wp-json\/wp\/v2\/product_cat?post=9203"},{"taxonomy":"product_tag","embeddable":true,"href":"https:\/\/capitalcientifica.com.mx\/tienda\/wp-json\/wp\/v2\/product_tag?post=9203"}],"curies":[{"name":"wp","href":"https:\/\/api.w.org\/{rel}","templated":true}]}}