{"id":917,"date":"2022-01-17T21:46:07","date_gmt":"2022-01-17T21:46:07","guid":{"rendered":"https:\/\/www.capitalcientifica.com.mx\/?post_type=product&#038;p=917"},"modified":"2023-02-27T19:33:55","modified_gmt":"2023-02-27T19:33:55","slug":"microscopio-triocular-biologico-con-ajuste-de-distancia-interpuilar-de-54-75-mm-ajuste-de-dioptrias-en-ambos-oculares-wf-10x-18mm-ajuste-de-distancia-interpupilar-55-75-mm-luz-led-con-control-de","status":"publish","type":"product","link":"https:\/\/capitalcientifica.com.mx\/tienda\/product\/microscopio-triocular-biologico-con-ajuste-de-distancia-interpuilar-de-54-75-mm-ajuste-de-dioptrias-en-ambos-oculares-wf-10x-18mm-ajuste-de-distancia-interpupilar-55-75-mm-luz-led-con-control-de\/","title":{"rendered":"MICROSCOPIO TRIOCULAR BIOL\u00d3GICO. TRINOPLUS N"},"content":{"rendered":"<p>MICROSCOPIO TRIOCULAR BIOL\u00d3GICO CON AJUSTE DE DISTANCIA INTERPU\u00ccLAR DE 54- 75 MM. AJUSTE DE DIOPTR\u00cdAS EN AMBOS OCULARES (WF 10X 18MM. AJUSTE DE DISTANCIA INTERPUPILAR 55-75 MM. LUZ LED CON CONTROL DE INTENSIDAD. OBJETIVOS 4X, 10X, 40X RETR\u00c1CTIL Y 100X RETR\u00c1CTIL DE INMERSI\u00d3N. ENFOQUE MACRO- MICROM\u00c9TRICO COAXIAL. TRINOPLUS N<\/p>\n<table class=\"data-table\">\n<tbody>\n<tr class=\"even\">\n<td class=\"spec-name\">Subcategor\u00eda<\/td>\n<td class=\"spec-value\">Profesional<\/td>\n<\/tr>\n<tr class=\"odd\">\n<td class=\"spec-name\">Tipo<\/td>\n<td class=\"spec-value\">Biol\u00f3gicos<\/td>\n<\/tr>\n<tr class=\"even\">\n<td class=\"spec-name\">Nivel<\/td>\n<td class=\"spec-value\">Profesional<\/td>\n<\/tr>\n<tr class=\"odd\">\n<td class=\"spec-name\">Cuerpo<\/td>\n<td class=\"spec-value\">Met\u00e1lico, ergon\u00f3mico con pintura ep\u00f3xica<\/td>\n<\/tr>\n<tr class=\"even\">\n<td class=\"spec-name\">Cabezal<\/td>\n<td class=\"spec-value\">Trinocular<\/td>\n<\/tr>\n<tr class=\"odd\">\n<td class=\"spec-name\">Tipo de cabezal<\/td>\n<td class=\"spec-value\">C<\/td>\n<\/tr>\n<tr class=\"even\">\n<td class=\"spec-name\">Inclinaci\u00f3n del cabezal<\/td>\n<td class=\"spec-value\">45\u00ba<\/td>\n<\/tr>\n<tr class=\"odd\">\n<td class=\"spec-name\">Cabezal giratorio<\/td>\n<td class=\"spec-value\">360\u00ba<\/td>\n<\/tr>\n<tr class=\"even\">\n<td class=\"spec-name\">Ajuste de dioptr\u00edas<\/td>\n<td class=\"spec-value\">Ambos oculares<\/td>\n<\/tr>\n<tr class=\"odd\">\n<td class=\"spec-name\">Ajuste interpupilar<\/td>\n<td class=\"spec-value\">54-75 mm.<\/td>\n<\/tr>\n<tr class=\"even\">\n<td class=\"spec-name\">Oculares<\/td>\n<td class=\"spec-value\">WF (campo amplio) 10X 18mm con antirreflejante<\/td>\n<\/tr>\n<tr class=\"odd\">\n<td class=\"spec-name\">Ocular con prisionero<\/td>\n<td class=\"spec-value\">No<\/td>\n<\/tr>\n<tr class=\"even\">\n<td class=\"spec-name\">Rev\u00f3lver<\/td>\n<td class=\"spec-value\">Cu\u00e1druple embalado<\/td>\n<\/tr>\n<tr class=\"odd\">\n<td class=\"spec-name\">\u00d3ptica<\/td>\n<td class=\"spec-value\">Acrom\u00e1tica. Sistema antif\u00fangico<\/td>\n<\/tr>\n<tr class=\"even\">\n<td class=\"spec-name\">Objetivos<\/td>\n<td class=\"spec-value\">4x,10x, 40x retractil y 100x retr\u00e1ctil de inmersi\u00f3n.<\/td>\n<\/tr>\n<tr class=\"odd\">\n<td class=\"spec-name\">Aumentos<\/td>\n<td class=\"spec-value\">40x, 100x, 400x y 1000x<\/td>\n<\/tr>\n<tr class=\"even\">\n<td class=\"spec-name\">Enfoque<\/td>\n<td class=\"spec-value\">Macro-microm\u00e9trico coaxial<\/td>\n<\/tr>\n<tr class=\"odd\">\n<td class=\"spec-name\">Platina<\/td>\n<td class=\"spec-value\">Met\u00e1lica m\u00f3vil integral de doble placa con mandos coaxiales para movimiento X-Y, escalas milim\u00e9tricas y vernier. Con sistema de engranes de elevaci\u00f3n met\u00e1lica<\/td>\n<\/tr>\n<tr class=\"even\">\n<td class=\"spec-name\">Tama\u00f1o de platina<\/td>\n<td class=\"spec-value\">125 x 110 mm<\/td>\n<\/tr>\n<tr class=\"odd\">\n<td class=\"spec-name\">Tope<\/td>\n<td class=\"spec-value\">Control de tensi\u00f3n y tope de clutch<\/td>\n<\/tr>\n<tr class=\"even\">\n<td class=\"spec-name\">Condensador<\/td>\n<td class=\"spec-value\">ABBE N.A.1.25. Elevador independiente por pi\u00f1\u00f3n y cremallera<\/td>\n<\/tr>\n<tr class=\"odd\">\n<td class=\"spec-name\">Diafragma<\/td>\n<td class=\"spec-value\">Iris<\/td>\n<\/tr>\n<tr class=\"even\">\n<td class=\"spec-name\">Porta filtros<\/td>\n<td class=\"spec-value\">Si<\/td>\n<\/tr>\n<tr class=\"odd\">\n<td class=\"spec-name\">Control de iluminaci\u00f3n<\/td>\n<td class=\"spec-value\">S\u00ed<\/td>\n<\/tr>\n<tr class=\"even\">\n<td class=\"spec-name\">Iluminaci\u00f3n<\/td>\n<td class=\"spec-value\">Led (alta luminosidad, baja temperatura y larga vida) 1w<\/td>\n<\/tr>\n<tr class=\"odd\">\n<td class=\"spec-name\">Kohler<\/td>\n<td class=\"spec-value\">S\u00ed<\/td>\n<\/tr>\n<tr class=\"even\">\n<td class=\"spec-name\">Alimentaci\u00f3n el\u00e9ctrica<\/td>\n<td class=\"spec-value\">Cable tripolar 110v\/60Hz<\/td>\n<\/tr>\n<tr class=\"odd\">\n<td class=\"spec-name\">C\u00e1mara digital<\/td>\n<td class=\"spec-value\">Opcional<\/td>\n<\/tr>\n<tr class=\"even\">\n<td class=\"spec-name\">Filtros<\/td>\n<td class=\"spec-value\">Azul<\/td>\n<\/tr>\n<tr class=\"odd\">\n<td class=\"spec-name\">Incluye<\/td>\n<td class=\"spec-value\">Aceite de inmersi\u00f3n, instructivo digital de operaci\u00f3n en espa\u00f1ol, empaque de poliestireno y funda<\/td>\n<\/tr>\n<tr class=\"even\">\n<td class=\"spec-name\">Opci\u00f3n de campo obscuro<\/td>\n<td class=\"spec-value\">No<\/td>\n<\/tr>\n<tr class=\"odd\">\n<td class=\"spec-name\">Opci\u00f3n epiflourescencia<\/td>\n<td class=\"spec-value\">No<\/td>\n<\/tr>\n<tr class=\"even\">\n<td class=\"spec-name\">Opci\u00f3n de contraste de fases<\/td>\n<td class=\"spec-value\">No<\/td>\n<\/tr>\n<\/tbody>\n<\/table>\n","protected":false},"excerpt":{"rendered":"<p>MICROSCOPIO TRIOCULAR BIOL\u00d3GICO CON AJUSTE DE DISTANCIA INTERPU\u00ccLAR DE 54- 75 MM. AJUSTE DE DIOPTR\u00cdAS EN AMBOS OCULARES (WF 10X 18MM. AJUSTE DE DISTANCIA INTERPUPILAR 55-75 MM. LUZ LED CON CONTROL DE INTENSIDAD. OBJETIVOS 4X, 10X, 40X RETR\u00c1CTIL Y 100X RETR\u00c1CTIL DE INMERSI\u00d3N. ENFOQUE MACRO- MICROM\u00c9TRICO COAXIAL. TRINOPLUS N<\/p>\n<table class=\"data-table\">\n<tbody>\n<tr class=\"even\">\n<td class=\"spec-name\">Subcategor\u00eda<\/td>\n<td class=\"spec-value\">Profesional<\/td>\n<\/tr>\n<tr class=\"odd\">\n<td class=\"spec-name\">Tipo<\/td>\n<td class=\"spec-value\">Biol\u00f3gicos<\/td>\n<\/tr>\n<tr class=\"even\">\n<td class=\"spec-name\">Nivel<\/td>\n<td class=\"spec-value\">Profesional<\/td>\n<\/tr>\n<tr class=\"odd\">\n<td class=\"spec-name\">Cuerpo<\/td>\n<td class=\"spec-value\">Met\u00e1lico, ergon\u00f3mico con pintura ep\u00f3xica<\/td>\n<\/tr>\n<tr class=\"even\">\n<td class=\"spec-name\">Cabezal<\/td>\n<td class=\"spec-value\">Trinocular<\/td>\n<\/tr>\n<tr class=\"odd\">\n<td class=\"spec-name\">Tipo de cabezal<\/td>\n<td class=\"spec-value\">C<\/td>\n<\/tr>\n<tr class=\"even\">\n<td class=\"spec-name\">Inclinaci\u00f3n del cabezal<\/td>\n<td class=\"spec-value\">45\u00ba<\/td>\n<\/tr>\n<tr class=\"odd\">\n<td class=\"spec-name\">Cabezal giratorio<\/td>\n<td class=\"spec-value\">360\u00ba<\/td>\n<\/tr>\n<tr class=\"even\">\n<td class=\"spec-name\">Ajuste de dioptr\u00edas<\/td>\n<td class=\"spec-value\">Ambos oculares<\/td>\n<\/tr>\n<tr class=\"odd\">\n<td class=\"spec-name\">Ajuste interpupilar<\/td>\n<td class=\"spec-value\">54-75 mm.<\/td>\n<\/tr>\n<tr class=\"even\">\n<td class=\"spec-name\">Oculares<\/td>\n<td class=\"spec-value\">WF (campo amplio) 10X 18mm con antirreflejante<\/td>\n<\/tr>\n<tr class=\"odd\">\n<td class=\"spec-name\">Ocular con prisionero<\/td>\n<td class=\"spec-value\">No<\/td>\n<\/tr>\n<tr class=\"even\">\n<td class=\"spec-name\">Rev\u00f3lver<\/td>\n<td class=\"spec-value\">Cu\u00e1druple embalado<\/td>\n<\/tr>\n<tr class=\"odd\">\n<td class=\"spec-name\">\u00d3ptica<\/td>\n<td class=\"spec-value\">Acrom\u00e1tica. Sistema antif\u00fangico<\/td>\n<\/tr>\n<tr class=\"even\">\n<td class=\"spec-name\">Objetivos<\/td>\n<td class=\"spec-value\">4x,10x, 40x retractil y 100x retr\u00e1ctil de inmersi\u00f3n.<\/td>\n<\/tr>\n<tr class=\"odd\">\n<td class=\"spec-name\">Aumentos<\/td>\n<td class=\"spec-value\">40x, 100x, 400x y 1000x<\/td>\n<\/tr>\n<tr class=\"even\">\n<td class=\"spec-name\">Enfoque<\/td>\n<td class=\"spec-value\">Macro-microm\u00e9trico coaxial<\/td>\n<\/tr>\n<tr class=\"odd\">\n<td class=\"spec-name\">Platina<\/td>\n<td class=\"spec-value\">Met\u00e1lica m\u00f3vil integral de doble placa con mandos coaxiales para movimiento X-Y, escalas milim\u00e9tricas y vernier. Con sistema de engranes de elevaci\u00f3n met\u00e1lica<\/td>\n<\/tr>\n<tr class=\"even\">\n<td class=\"spec-name\">Tama\u00f1o de platina<\/td>\n<td class=\"spec-value\">125 x 110 mm<\/td>\n<\/tr>\n<tr class=\"odd\">\n<td class=\"spec-name\">Tope<\/td>\n<td class=\"spec-value\">Control de tensi\u00f3n y tope de clutch<\/td>\n<\/tr>\n<tr class=\"even\">\n<td class=\"spec-name\">Condensador<\/td>\n<td class=\"spec-value\">ABBE N.A.1.25. Elevador independiente por pi\u00f1\u00f3n y cremallera<\/td>\n<\/tr>\n<tr class=\"odd\">\n<td class=\"spec-name\">Diafragma<\/td>\n<td class=\"spec-value\">Iris<\/td>\n<\/tr>\n<tr class=\"even\">\n<td class=\"spec-name\">Porta filtros<\/td>\n<td class=\"spec-value\">Si<\/td>\n<\/tr>\n<tr class=\"odd\">\n<td class=\"spec-name\">Control de iluminaci\u00f3n<\/td>\n<td class=\"spec-value\">S\u00ed<\/td>\n<\/tr>\n<tr class=\"even\">\n<td class=\"spec-name\">Iluminaci\u00f3n<\/td>\n<td class=\"spec-value\">Led (alta luminosidad, baja temperatura y larga vida) 1w<\/td>\n<\/tr>\n<tr class=\"odd\">\n<td class=\"spec-name\">Kohler<\/td>\n<td class=\"spec-value\">S\u00ed<\/td>\n<\/tr>\n<tr class=\"even\">\n<td class=\"spec-name\">Alimentaci\u00f3n el\u00e9ctrica<\/td>\n<td class=\"spec-value\">Cable tripolar 110v\/60Hz<\/td>\n<\/tr>\n<tr class=\"odd\">\n<td class=\"spec-name\">C\u00e1mara digital<\/td>\n<td class=\"spec-value\">Opcional<\/td>\n<\/tr>\n<tr class=\"even\">\n<td class=\"spec-name\">Filtros<\/td>\n<td class=\"spec-value\">Azul<\/td>\n<\/tr>\n<tr class=\"odd\">\n<td class=\"spec-name\">Incluye<\/td>\n<td class=\"spec-value\">Aceite de inmersi\u00f3n, instructivo digital de operaci\u00f3n en espa\u00f1ol, empaque de poliestireno y funda<\/td>\n<\/tr>\n<tr class=\"even\">\n<td class=\"spec-name\">Opci\u00f3n de campo obscuro<\/td>\n<td class=\"spec-value\">No<\/td>\n<\/tr>\n<tr class=\"odd\">\n<td class=\"spec-name\">Opci\u00f3n epiflourescencia<\/td>\n<td class=\"spec-value\">No<\/td>\n<\/tr>\n<tr class=\"even\">\n<td class=\"spec-name\">Opci\u00f3n de contraste de fases<\/td>\n<td class=\"spec-value\">No<\/td>\n<\/tr>\n<\/tbody>\n<\/table>\n","protected":false},"featured_media":918,"comment_status":"open","ping_status":"closed","template":"","meta":{"_joinchat":[]},"product_cat":[15],"product_tag":[172,173,1833],"class_list":{"0":"post-917","1":"product","2":"type-product","3":"status-publish","4":"has-post-thumbnail","6":"product_cat-sin-categoria","7":"product_tag-equipo-de-laboratorio","8":"product_tag-equipo-para-laboratorio","9":"product_tag-microscopio-triocular-biologico-trinoplus-n","11":"first","12":"instock","13":"shipping-taxable","14":"product-type-simple","15":"col-xs-6 col-sm-4","16":"col-md-3 col-lg-3","17":"un-4-cols"},"yoast_head":"<!-- This site is optimized with the Yoast SEO plugin v27.2 - https:\/\/yoast.com\/product\/yoast-seo-wordpress\/ -->\n<title>MICROSCOPIO TRIOCULAR BIOL\u00d3GICO. TRINOPLUS N - Capital Cient&iacute;fica<\/title>\n<meta name=\"robots\" content=\"index, follow, max-snippet:-1, max-image-preview:large, max-video-preview:-1\" \/>\n<link rel=\"canonical\" href=\"https:\/\/capitalcientifica.com.mx\/tienda\/product\/microscopio-triocular-biologico-con-ajuste-de-distancia-interpuilar-de-54-75-mm-ajuste-de-dioptrias-en-ambos-oculares-wf-10x-18mm-ajuste-de-distancia-interpupilar-55-75-mm-luz-led-con-control-de\/\" \/>\n<meta property=\"og:locale\" content=\"es_ES\" \/>\n<meta property=\"og:type\" content=\"article\" \/>\n<meta property=\"og:title\" content=\"MICROSCOPIO TRIOCULAR BIOL\u00d3GICO. TRINOPLUS N - Capital Cient&iacute;fica\" \/>\n<meta property=\"og:description\" content=\"MICROSCOPIO TRIOCULAR BIOL\u00d3GICO CON AJUSTE DE DISTANCIA INTERPU\u00ccLAR DE 54- 75 MM. AJUSTE DE DIOPTR\u00cdAS EN AMBOS OCULARES (WF 10X 18MM. AJUSTE DE DISTANCIA INTERPUPILAR 55-75 MM. LUZ LED CON CONTROL DE INTENSIDAD. OBJETIVOS 4X, 10X, 40X RETR\u00c1CTIL Y 100X RETR\u00c1CTIL DE INMERSI\u00d3N. ENFOQUE MACRO- MICROM\u00c9TRICO COAXIAL. TRINOPLUS N    Subcategor\u00eda Profesional   Tipo Biol\u00f3gicos   Nivel Profesional   Cuerpo Met\u00e1lico, ergon\u00f3mico con pintura ep\u00f3xica   Cabezal Trinocular   Tipo de cabezal C   Inclinaci\u00f3n del cabezal 45\u00ba   Cabezal giratorio 360\u00ba   Ajuste de dioptr\u00edas Ambos oculares   Ajuste interpupilar 54-75 mm.   Oculares WF (campo amplio) 10X 18mm con antirreflejante   Ocular con prisionero No   Rev\u00f3lver Cu\u00e1druple embalado   \u00d3ptica Acrom\u00e1tica. Sistema antif\u00fangico   Objetivos 4x,10x, 40x retractil y 100x retr\u00e1ctil de inmersi\u00f3n.   Aumentos 40x, 100x, 400x y 1000x   Enfoque Macro-microm\u00e9trico coaxial   Platina Met\u00e1lica m\u00f3vil integral de doble placa con mandos coaxiales para movimiento X-Y, escalas milim\u00e9tricas y vernier. Con sistema de engranes de elevaci\u00f3n met\u00e1lica   Tama\u00f1o de platina 125 x 110 mm   Tope Control de tensi\u00f3n y tope de clutch   Condensador ABBE N.A.1.25. Elevador independiente por pi\u00f1\u00f3n y cremallera   Diafragma Iris   Porta filtros Si   Control de iluminaci\u00f3n S\u00ed   Iluminaci\u00f3n Led (alta luminosidad, baja temperatura y larga vida) 1w   Kohler S\u00ed   Alimentaci\u00f3n el\u00e9ctrica Cable tripolar 110v\/60Hz   C\u00e1mara digital Opcional   Filtros Azul   Incluye Aceite de inmersi\u00f3n, instructivo digital de operaci\u00f3n en espa\u00f1ol, empaque de poliestireno y funda   Opci\u00f3n de campo obscuro No   Opci\u00f3n epiflourescencia No   Opci\u00f3n de contraste de fases No\" \/>\n<meta property=\"og:url\" content=\"https:\/\/capitalcientifica.com.mx\/tienda\/product\/microscopio-triocular-biologico-con-ajuste-de-distancia-interpuilar-de-54-75-mm-ajuste-de-dioptrias-en-ambos-oculares-wf-10x-18mm-ajuste-de-distancia-interpupilar-55-75-mm-luz-led-con-control-de\/\" \/>\n<meta property=\"og:site_name\" content=\"Capital Cient&iacute;fica\" \/>\n<meta property=\"article:modified_time\" content=\"2023-02-27T19:33:55+00:00\" \/>\n<meta property=\"og:image\" content=\"https:\/\/capitalcientifica.com.mx\/tienda\/wp-content\/uploads\/2022\/01\/TRINOPLUS-N.jpg\" \/>\n\t<meta property=\"og:image:width\" content=\"316\" \/>\n\t<meta property=\"og:image:height\" content=\"428\" \/>\n\t<meta property=\"og:image:type\" content=\"image\/jpeg\" \/>\n<meta name=\"twitter:card\" content=\"summary_large_image\" \/>\n<meta name=\"twitter:label1\" content=\"Tiempo de lectura\" \/>\n\t<meta name=\"twitter:data1\" content=\"1 minuto\" \/>\n<script type=\"application\/ld+json\" class=\"yoast-schema-graph\">{\"@context\":\"https:\/\/schema.org\",\"@graph\":[{\"@type\":\"WebPage\",\"@id\":\"https:\/\/capitalcientifica.com.mx\/tienda\/product\/microscopio-triocular-biologico-con-ajuste-de-distancia-interpuilar-de-54-75-mm-ajuste-de-dioptrias-en-ambos-oculares-wf-10x-18mm-ajuste-de-distancia-interpupilar-55-75-mm-luz-led-con-control-de\/\",\"url\":\"https:\/\/capitalcientifica.com.mx\/tienda\/product\/microscopio-triocular-biologico-con-ajuste-de-distancia-interpuilar-de-54-75-mm-ajuste-de-dioptrias-en-ambos-oculares-wf-10x-18mm-ajuste-de-distancia-interpupilar-55-75-mm-luz-led-con-control-de\/\",\"name\":\"MICROSCOPIO TRIOCULAR BIOL\u00d3GICO. TRINOPLUS N - Capital Cient&iacute;fica\",\"isPartOf\":{\"@id\":\"https:\/\/capitalcientifica.com.mx\/tienda\/#website\"},\"primaryImageOfPage\":{\"@id\":\"https:\/\/capitalcientifica.com.mx\/tienda\/product\/microscopio-triocular-biologico-con-ajuste-de-distancia-interpuilar-de-54-75-mm-ajuste-de-dioptrias-en-ambos-oculares-wf-10x-18mm-ajuste-de-distancia-interpupilar-55-75-mm-luz-led-con-control-de\/#primaryimage\"},\"image\":{\"@id\":\"https:\/\/capitalcientifica.com.mx\/tienda\/product\/microscopio-triocular-biologico-con-ajuste-de-distancia-interpuilar-de-54-75-mm-ajuste-de-dioptrias-en-ambos-oculares-wf-10x-18mm-ajuste-de-distancia-interpupilar-55-75-mm-luz-led-con-control-de\/#primaryimage\"},\"thumbnailUrl\":\"https:\/\/capitalcientifica.com.mx\/tienda\/wp-content\/uploads\/2022\/01\/TRINOPLUS-N.jpg\",\"datePublished\":\"2022-01-17T21:46:07+00:00\",\"dateModified\":\"2023-02-27T19:33:55+00:00\",\"breadcrumb\":{\"@id\":\"https:\/\/capitalcientifica.com.mx\/tienda\/product\/microscopio-triocular-biologico-con-ajuste-de-distancia-interpuilar-de-54-75-mm-ajuste-de-dioptrias-en-ambos-oculares-wf-10x-18mm-ajuste-de-distancia-interpupilar-55-75-mm-luz-led-con-control-de\/#breadcrumb\"},\"inLanguage\":\"es\",\"potentialAction\":[{\"@type\":\"ReadAction\",\"target\":[\"https:\/\/capitalcientifica.com.mx\/tienda\/product\/microscopio-triocular-biologico-con-ajuste-de-distancia-interpuilar-de-54-75-mm-ajuste-de-dioptrias-en-ambos-oculares-wf-10x-18mm-ajuste-de-distancia-interpupilar-55-75-mm-luz-led-con-control-de\/\"]}]},{\"@type\":\"ImageObject\",\"inLanguage\":\"es\",\"@id\":\"https:\/\/capitalcientifica.com.mx\/tienda\/product\/microscopio-triocular-biologico-con-ajuste-de-distancia-interpuilar-de-54-75-mm-ajuste-de-dioptrias-en-ambos-oculares-wf-10x-18mm-ajuste-de-distancia-interpupilar-55-75-mm-luz-led-con-control-de\/#primaryimage\",\"url\":\"https:\/\/capitalcientifica.com.mx\/tienda\/wp-content\/uploads\/2022\/01\/TRINOPLUS-N.jpg\",\"contentUrl\":\"https:\/\/capitalcientifica.com.mx\/tienda\/wp-content\/uploads\/2022\/01\/TRINOPLUS-N.jpg\",\"width\":316,\"height\":428},{\"@type\":\"BreadcrumbList\",\"@id\":\"https:\/\/capitalcientifica.com.mx\/tienda\/product\/microscopio-triocular-biologico-con-ajuste-de-distancia-interpuilar-de-54-75-mm-ajuste-de-dioptrias-en-ambos-oculares-wf-10x-18mm-ajuste-de-distancia-interpupilar-55-75-mm-luz-led-con-control-de\/#breadcrumb\",\"itemListElement\":[{\"@type\":\"ListItem\",\"position\":1,\"name\":\"Portada\",\"item\":\"https:\/\/capitalcientifica.com.mx\/tienda\/\"},{\"@type\":\"ListItem\",\"position\":2,\"name\":\"Shop\",\"item\":\"https:\/\/capitalcientifica.com.mx\/tienda\/shop\/\"},{\"@type\":\"ListItem\",\"position\":3,\"name\":\"MICROSCOPIO TRIOCULAR BIOL\u00d3GICO. TRINOPLUS N\"}]},{\"@type\":\"WebSite\",\"@id\":\"https:\/\/capitalcientifica.com.mx\/tienda\/#website\",\"url\":\"https:\/\/capitalcientifica.com.mx\/tienda\/\",\"name\":\"Capital Cient&iacute;fica\",\"description\":\"Equipo para laboratorio\",\"potentialAction\":[{\"@type\":\"SearchAction\",\"target\":{\"@type\":\"EntryPoint\",\"urlTemplate\":\"https:\/\/capitalcientifica.com.mx\/tienda\/?s={search_term_string}\"},\"query-input\":{\"@type\":\"PropertyValueSpecification\",\"valueRequired\":true,\"valueName\":\"search_term_string\"}}],\"inLanguage\":\"es\"}]}<\/script>\n<!-- \/ Yoast SEO plugin. -->","yoast_head_json":{"title":"MICROSCOPIO TRIOCULAR BIOL\u00d3GICO. TRINOPLUS N - Capital Cient&iacute;fica","robots":{"index":"index","follow":"follow","max-snippet":"max-snippet:-1","max-image-preview":"max-image-preview:large","max-video-preview":"max-video-preview:-1"},"canonical":"https:\/\/capitalcientifica.com.mx\/tienda\/product\/microscopio-triocular-biologico-con-ajuste-de-distancia-interpuilar-de-54-75-mm-ajuste-de-dioptrias-en-ambos-oculares-wf-10x-18mm-ajuste-de-distancia-interpupilar-55-75-mm-luz-led-con-control-de\/","og_locale":"es_ES","og_type":"article","og_title":"MICROSCOPIO TRIOCULAR BIOL\u00d3GICO. TRINOPLUS N - Capital Cient&iacute;fica","og_description":"MICROSCOPIO TRIOCULAR BIOL\u00d3GICO CON AJUSTE DE DISTANCIA INTERPU\u00ccLAR DE 54- 75 MM. AJUSTE DE DIOPTR\u00cdAS EN AMBOS OCULARES (WF 10X 18MM. AJUSTE DE DISTANCIA INTERPUPILAR 55-75 MM. LUZ LED CON CONTROL DE INTENSIDAD. OBJETIVOS 4X, 10X, 40X RETR\u00c1CTIL Y 100X RETR\u00c1CTIL DE INMERSI\u00d3N. ENFOQUE MACRO- MICROM\u00c9TRICO COAXIAL. TRINOPLUS N    Subcategor\u00eda Profesional   Tipo Biol\u00f3gicos   Nivel Profesional   Cuerpo Met\u00e1lico, ergon\u00f3mico con pintura ep\u00f3xica   Cabezal Trinocular   Tipo de cabezal C   Inclinaci\u00f3n del cabezal 45\u00ba   Cabezal giratorio 360\u00ba   Ajuste de dioptr\u00edas Ambos oculares   Ajuste interpupilar 54-75 mm.   Oculares WF (campo amplio) 10X 18mm con antirreflejante   Ocular con prisionero No   Rev\u00f3lver Cu\u00e1druple embalado   \u00d3ptica Acrom\u00e1tica. Sistema antif\u00fangico   Objetivos 4x,10x, 40x retractil y 100x retr\u00e1ctil de inmersi\u00f3n.   Aumentos 40x, 100x, 400x y 1000x   Enfoque Macro-microm\u00e9trico coaxial   Platina Met\u00e1lica m\u00f3vil integral de doble placa con mandos coaxiales para movimiento X-Y, escalas milim\u00e9tricas y vernier. Con sistema de engranes de elevaci\u00f3n met\u00e1lica   Tama\u00f1o de platina 125 x 110 mm   Tope Control de tensi\u00f3n y tope de clutch   Condensador ABBE N.A.1.25. Elevador independiente por pi\u00f1\u00f3n y cremallera   Diafragma Iris   Porta filtros Si   Control de iluminaci\u00f3n S\u00ed   Iluminaci\u00f3n Led (alta luminosidad, baja temperatura y larga vida) 1w   Kohler S\u00ed   Alimentaci\u00f3n el\u00e9ctrica Cable tripolar 110v\/60Hz   C\u00e1mara digital Opcional   Filtros Azul   Incluye Aceite de inmersi\u00f3n, instructivo digital de operaci\u00f3n en espa\u00f1ol, empaque de poliestireno y funda   Opci\u00f3n de campo obscuro No   Opci\u00f3n epiflourescencia No   Opci\u00f3n de contraste de fases No","og_url":"https:\/\/capitalcientifica.com.mx\/tienda\/product\/microscopio-triocular-biologico-con-ajuste-de-distancia-interpuilar-de-54-75-mm-ajuste-de-dioptrias-en-ambos-oculares-wf-10x-18mm-ajuste-de-distancia-interpupilar-55-75-mm-luz-led-con-control-de\/","og_site_name":"Capital Cient&iacute;fica","article_modified_time":"2023-02-27T19:33:55+00:00","og_image":[{"width":316,"height":428,"url":"https:\/\/capitalcientifica.com.mx\/tienda\/wp-content\/uploads\/2022\/01\/TRINOPLUS-N.jpg","type":"image\/jpeg"}],"twitter_card":"summary_large_image","twitter_misc":{"Tiempo de lectura":"1 minuto"},"schema":{"@context":"https:\/\/schema.org","@graph":[{"@type":"WebPage","@id":"https:\/\/capitalcientifica.com.mx\/tienda\/product\/microscopio-triocular-biologico-con-ajuste-de-distancia-interpuilar-de-54-75-mm-ajuste-de-dioptrias-en-ambos-oculares-wf-10x-18mm-ajuste-de-distancia-interpupilar-55-75-mm-luz-led-con-control-de\/","url":"https:\/\/capitalcientifica.com.mx\/tienda\/product\/microscopio-triocular-biologico-con-ajuste-de-distancia-interpuilar-de-54-75-mm-ajuste-de-dioptrias-en-ambos-oculares-wf-10x-18mm-ajuste-de-distancia-interpupilar-55-75-mm-luz-led-con-control-de\/","name":"MICROSCOPIO TRIOCULAR BIOL\u00d3GICO. TRINOPLUS N - Capital Cient&iacute;fica","isPartOf":{"@id":"https:\/\/capitalcientifica.com.mx\/tienda\/#website"},"primaryImageOfPage":{"@id":"https:\/\/capitalcientifica.com.mx\/tienda\/product\/microscopio-triocular-biologico-con-ajuste-de-distancia-interpuilar-de-54-75-mm-ajuste-de-dioptrias-en-ambos-oculares-wf-10x-18mm-ajuste-de-distancia-interpupilar-55-75-mm-luz-led-con-control-de\/#primaryimage"},"image":{"@id":"https:\/\/capitalcientifica.com.mx\/tienda\/product\/microscopio-triocular-biologico-con-ajuste-de-distancia-interpuilar-de-54-75-mm-ajuste-de-dioptrias-en-ambos-oculares-wf-10x-18mm-ajuste-de-distancia-interpupilar-55-75-mm-luz-led-con-control-de\/#primaryimage"},"thumbnailUrl":"https:\/\/capitalcientifica.com.mx\/tienda\/wp-content\/uploads\/2022\/01\/TRINOPLUS-N.jpg","datePublished":"2022-01-17T21:46:07+00:00","dateModified":"2023-02-27T19:33:55+00:00","breadcrumb":{"@id":"https:\/\/capitalcientifica.com.mx\/tienda\/product\/microscopio-triocular-biologico-con-ajuste-de-distancia-interpuilar-de-54-75-mm-ajuste-de-dioptrias-en-ambos-oculares-wf-10x-18mm-ajuste-de-distancia-interpupilar-55-75-mm-luz-led-con-control-de\/#breadcrumb"},"inLanguage":"es","potentialAction":[{"@type":"ReadAction","target":["https:\/\/capitalcientifica.com.mx\/tienda\/product\/microscopio-triocular-biologico-con-ajuste-de-distancia-interpuilar-de-54-75-mm-ajuste-de-dioptrias-en-ambos-oculares-wf-10x-18mm-ajuste-de-distancia-interpupilar-55-75-mm-luz-led-con-control-de\/"]}]},{"@type":"ImageObject","inLanguage":"es","@id":"https:\/\/capitalcientifica.com.mx\/tienda\/product\/microscopio-triocular-biologico-con-ajuste-de-distancia-interpuilar-de-54-75-mm-ajuste-de-dioptrias-en-ambos-oculares-wf-10x-18mm-ajuste-de-distancia-interpupilar-55-75-mm-luz-led-con-control-de\/#primaryimage","url":"https:\/\/capitalcientifica.com.mx\/tienda\/wp-content\/uploads\/2022\/01\/TRINOPLUS-N.jpg","contentUrl":"https:\/\/capitalcientifica.com.mx\/tienda\/wp-content\/uploads\/2022\/01\/TRINOPLUS-N.jpg","width":316,"height":428},{"@type":"BreadcrumbList","@id":"https:\/\/capitalcientifica.com.mx\/tienda\/product\/microscopio-triocular-biologico-con-ajuste-de-distancia-interpuilar-de-54-75-mm-ajuste-de-dioptrias-en-ambos-oculares-wf-10x-18mm-ajuste-de-distancia-interpupilar-55-75-mm-luz-led-con-control-de\/#breadcrumb","itemListElement":[{"@type":"ListItem","position":1,"name":"Portada","item":"https:\/\/capitalcientifica.com.mx\/tienda\/"},{"@type":"ListItem","position":2,"name":"Shop","item":"https:\/\/capitalcientifica.com.mx\/tienda\/shop\/"},{"@type":"ListItem","position":3,"name":"MICROSCOPIO TRIOCULAR BIOL\u00d3GICO. TRINOPLUS N"}]},{"@type":"WebSite","@id":"https:\/\/capitalcientifica.com.mx\/tienda\/#website","url":"https:\/\/capitalcientifica.com.mx\/tienda\/","name":"Capital Cient&iacute;fica","description":"Equipo para laboratorio","potentialAction":[{"@type":"SearchAction","target":{"@type":"EntryPoint","urlTemplate":"https:\/\/capitalcientifica.com.mx\/tienda\/?s={search_term_string}"},"query-input":{"@type":"PropertyValueSpecification","valueRequired":true,"valueName":"search_term_string"}}],"inLanguage":"es"}]}},"_links":{"self":[{"href":"https:\/\/capitalcientifica.com.mx\/tienda\/wp-json\/wp\/v2\/product\/917","targetHints":{"allow":["GET"]}}],"collection":[{"href":"https:\/\/capitalcientifica.com.mx\/tienda\/wp-json\/wp\/v2\/product"}],"about":[{"href":"https:\/\/capitalcientifica.com.mx\/tienda\/wp-json\/wp\/v2\/types\/product"}],"replies":[{"embeddable":true,"href":"https:\/\/capitalcientifica.com.mx\/tienda\/wp-json\/wp\/v2\/comments?post=917"}],"wp:featuredmedia":[{"embeddable":true,"href":"https:\/\/capitalcientifica.com.mx\/tienda\/wp-json\/wp\/v2\/media\/918"}],"wp:attachment":[{"href":"https:\/\/capitalcientifica.com.mx\/tienda\/wp-json\/wp\/v2\/media?parent=917"}],"wp:term":[{"taxonomy":"product_cat","embeddable":true,"href":"https:\/\/capitalcientifica.com.mx\/tienda\/wp-json\/wp\/v2\/product_cat?post=917"},{"taxonomy":"product_tag","embeddable":true,"href":"https:\/\/capitalcientifica.com.mx\/tienda\/wp-json\/wp\/v2\/product_tag?post=917"}],"curies":[{"name":"wp","href":"https:\/\/api.w.org\/{rel}","templated":true}]}}