{"id":908,"date":"2022-01-17T21:23:05","date_gmt":"2022-01-17T21:23:05","guid":{"rendered":"https:\/\/www.capitalcientifica.com.mx\/?post_type=product&#038;p=908"},"modified":"2023-02-27T19:33:14","modified_gmt":"2023-02-27T19:33:14","slug":"microscopio-monocular-con-cabeza-inclinada-de-45-grados-y-giratoria-de-360-grados-objetivos-4x-10x-40x-y-100x-oculares-con-campo-amplio-wf-10x-18-mm-luz-led-con-control-de-intensidad-enfoque-macr","status":"publish","type":"product","link":"https:\/\/capitalcientifica.com.mx\/tienda\/product\/microscopio-monocular-con-cabeza-inclinada-de-45-grados-y-giratoria-de-360-grados-objetivos-4x-10x-40x-y-100x-oculares-con-campo-amplio-wf-10x-18-mm-luz-led-con-control-de-intensidad-enfoque-macr\/","title":{"rendered":"MICROSCOPIO MONOCULAR CON CABEZA INCLINADA DE 45 GRADOS Y GIRATORIA DE 360 GRADOS"},"content":{"rendered":"<p><strong>MICROSCOPIO MONOCULAR CON CABEZA INCLINADA DE 45 GRADOS Y GIRATORIA DE 360 GRADOS. OBJETIVOS: 4X 10X 40X Y 100X. OCULARES CON CAMPO AMPLIO WF 10X\/18 MM. LUZ LED CON CONTROL DE INTENSIDAD. ENFOQUE MACRO- MICROM\u00c9TRICO COAXIAL. MONOCULAR, INCLINADA, 45 GRADOS. GIRATORIA DE 360 GRADOS. PLATINA CUADRADA DE 12.5 CM. X 11 CM. CON COMANDOS COAXIALES PARA MOVIMIENTOS X-Y CON ESCALAS MILIM\u00c9TRICAS Y VERNIER. OBJETIVOS: 4 X 10X 40 X Y 100X. OCULARES CAMPO AMPLIO: WF 10X\/18 MM. LUZ LED CON CONTROL DE INTENSIDAD AC 100V-240V 50\/60 HZ. ENFOQUE MACRO- MICROM\u00c9TRICO COAXIAL. 32.5 CM. X 23.5 CM. X 21 CM. ESO: 3.6 KG. INCLUYE FILTRO AZUL, FUNDA DE PL\u00c1STICO, INSTRUCTIVO EN ESPA\u00d1OL, ACEITE DE INMERSI\u00d3N, CABLE TRIPOLAR. ENFOQUE MACRO-MICROM\u00c9TRICO COAXIAL. DIMENSIONES: 32.5 X 23.5 X 21 CM. PESO 3,600 KG. FILTRO AZUL. AUMENTO: 40X 100 X 400 X Y 1000 X.<\/strong><\/p>\n<table class=\"data-table\">\n<tbody>\n<tr class=\"odd\">\n<td class=\"spec-name\">Marca<\/td>\n<td class=\"spec-value\">ONYX<\/td>\n<\/tr>\n<tr class=\"even\">\n<td class=\"spec-name\">Subcategor\u00eda<\/td>\n<td class=\"spec-value\">Medio<\/td>\n<\/tr>\n<tr class=\"odd\">\n<td class=\"spec-name\">Tipo<\/td>\n<td class=\"spec-value\">Biol\u00f3gicos<\/td>\n<\/tr>\n<tr class=\"even\">\n<td class=\"spec-name\">Nivel<\/td>\n<td class=\"spec-value\">Estudiantil<\/td>\n<\/tr>\n<tr class=\"odd\">\n<td class=\"spec-name\">Cuerpo<\/td>\n<td class=\"spec-value\">Met\u00e1lico, ergon\u00f3mico con pintura ep\u00f3xica<\/td>\n<\/tr>\n<tr class=\"even\">\n<td class=\"spec-name\">Cabezal<\/td>\n<td class=\"spec-value\">Monocular<\/td>\n<\/tr>\n<tr class=\"odd\">\n<td class=\"spec-name\">Tipo de cabezal<\/td>\n<td class=\"spec-value\">C<\/td>\n<\/tr>\n<tr class=\"even\">\n<td class=\"spec-name\">Inclinaci\u00f3n del cabezal<\/td>\n<td class=\"spec-value\">45\u00ba<\/td>\n<\/tr>\n<tr class=\"odd\">\n<td class=\"spec-name\">Cabezal giratorio<\/td>\n<td class=\"spec-value\">360\u00ba<\/td>\n<\/tr>\n<tr class=\"even\">\n<td class=\"spec-name\">Ajuste de dioptr\u00edas<\/td>\n<td class=\"spec-value\">No<\/td>\n<\/tr>\n<tr class=\"odd\">\n<td class=\"spec-name\">Ajuste interpupilar<\/td>\n<td class=\"spec-value\">50-75 mm.<\/td>\n<\/tr>\n<tr class=\"even\">\n<td class=\"spec-name\">Oculares<\/td>\n<td class=\"spec-value\">WF (campo amplio) 10x 18mm<\/td>\n<\/tr>\n<tr class=\"odd\">\n<td class=\"spec-name\">Ocular con prisionero<\/td>\n<td class=\"spec-value\">S\u00ed<\/td>\n<\/tr>\n<tr class=\"even\">\n<td class=\"spec-name\">Rev\u00f3lver<\/td>\n<td class=\"spec-value\">Cu\u00e1druple embalado invertido<\/td>\n<\/tr>\n<tr class=\"odd\">\n<td class=\"spec-name\">\u00d3ptica<\/td>\n<td class=\"spec-value\">Acrom\u00e1tica. Sistema antif\u00fangico<\/td>\n<\/tr>\n<tr class=\"even\">\n<td class=\"spec-name\">Objetivos<\/td>\n<td class=\"spec-value\">4x, 10x, 40x retr\u00e1ctil y 100x retr\u00e1ctil de inmersi\u00f3n<\/td>\n<\/tr>\n<tr class=\"odd\">\n<td class=\"spec-name\">Aumentos<\/td>\n<td class=\"spec-value\">100x, 200x, 400x y 1000x<\/td>\n<\/tr>\n<tr class=\"even\">\n<td class=\"spec-name\">Enfoque<\/td>\n<td class=\"spec-value\">Macro-microm\u00e9trico coaxial<\/td>\n<\/tr>\n<tr class=\"odd\">\n<td class=\"spec-name\">Platina<\/td>\n<td class=\"spec-value\">Met\u00e1lica m\u00f3vil integral de doble placa con mandos coaxiales para movimiento X-Y, escalas milim\u00e9tricas y vernier. Con sistema de engranes de elevaci\u00f3n met\u00e1lica<\/td>\n<\/tr>\n<tr class=\"even\">\n<td class=\"spec-name\">Tama\u00f1o de platina<\/td>\n<td class=\"spec-value\">120 x 110 mm<\/td>\n<\/tr>\n<tr class=\"odd\">\n<td class=\"spec-name\">Tope<\/td>\n<td class=\"spec-value\">Tipo tornillo para no romper preparaciones<\/td>\n<\/tr>\n<tr class=\"even\">\n<td class=\"spec-name\">Condensador<\/td>\n<td class=\"spec-value\">ABBE N.A.1.25. Elevador independiente por pi\u00f1\u00f3n y cremallera<\/td>\n<\/tr>\n<tr class=\"odd\">\n<td class=\"spec-name\">Diafragma<\/td>\n<td class=\"spec-value\">Iris<\/td>\n<\/tr>\n<tr class=\"even\">\n<td class=\"spec-name\">Porta filtros<\/td>\n<td class=\"spec-value\">S\u00ed<\/td>\n<\/tr>\n<tr class=\"odd\">\n<td class=\"spec-name\">Control de iluminaci\u00f3n<\/td>\n<td class=\"spec-value\">S\u00ed<\/td>\n<\/tr>\n<tr class=\"even\">\n<td class=\"spec-name\">Iluminaci\u00f3n<\/td>\n<td class=\"spec-value\">Led (alta luminosidad, baja temperatura y larga vida)<\/td>\n<\/tr>\n<tr class=\"odd\">\n<td class=\"spec-name\">Kohler<\/td>\n<td class=\"spec-value\">No<\/td>\n<\/tr>\n<tr class=\"even\">\n<td class=\"spec-name\">Alimentaci\u00f3n el\u00e9ctrica<\/td>\n<td class=\"spec-value\">Cable tripolar 110v\/60Hz<\/td>\n<\/tr>\n<tr class=\"odd\">\n<td class=\"spec-name\">C\u00e1mara digital<\/td>\n<td class=\"spec-value\">No<\/td>\n<\/tr>\n<tr class=\"even\">\n<td class=\"spec-name\">Filtros<\/td>\n<td class=\"spec-value\">Azul<\/td>\n<\/tr>\n<tr class=\"odd\">\n<td class=\"spec-name\">Incluye<\/td>\n<td class=\"spec-value\">Aceite de inmersi\u00f3n, instructivo digital de operaci\u00f3n en espa\u00f1ol, empaque de poliestireno y funda<\/td>\n<\/tr>\n<tr class=\"even\">\n<td class=\"spec-name\">Opci\u00f3n de campo obscuro<\/td>\n<td class=\"spec-value\">No<\/td>\n<\/tr>\n<tr class=\"odd\">\n<td class=\"spec-name\">Opci\u00f3n epiflourescencia<\/td>\n<td class=\"spec-value\">No<\/td>\n<\/tr>\n<tr class=\"even\">\n<td class=\"spec-name\">Opci\u00f3n de contraste de fases<\/td>\n<td class=\"spec-value\">No<\/td>\n<\/tr>\n<tr class=\"odd\">\n<td class=\"spec-name\">Medidas del producto<\/td>\n<td class=\"spec-value\">21 x 24 x 36 cm<\/td>\n<\/tr>\n<\/tbody>\n<\/table>\n","protected":false},"excerpt":{"rendered":"<p><strong>MICROSCOPIO MONOCULAR CON CABEZA INCLINADA DE 45 GRADOS Y GIRATORIA DE 360 GRADOS. OBJETIVOS: 4X 10X 40X Y 100X. OCULARES CON CAMPO AMPLIO WF 10X\/18 MM. LUZ LED CON CONTROL DE INTENSIDAD. ENFOQUE MACRO- MICROM\u00c9TRICO COAXIAL. MONOCULAR, INCLINADA, 45 GRADOS. GIRATORIA DE 360 GRADOS. PLATINA CUADRADA DE 12.5 CM. X 11 CM. CON COMANDOS COAXIALES PARA MOVIMIENTOS X-Y CON ESCALAS MILIM\u00c9TRICAS Y VERNIER. OBJETIVOS: 4 X 10X 40 X Y 100X. OCULARES CAMPO AMPLIO: WF 10X\/18 MM. LUZ LED CON CONTROL DE INTENSIDAD AC 100V-240V 50\/60 HZ. ENFOQUE MACRO- MICROM\u00c9TRICO COAXIAL. 32.5 CM. X 23.5 CM. X 21 CM. ESO: 3.6 KG. INCLUYE FILTRO AZUL, FUNDA DE PL\u00c1STICO, INSTRUCTIVO EN ESPA\u00d1OL, ACEITE DE INMERSI\u00d3N, CABLE TRIPOLAR. ENFOQUE MACRO-MICROM\u00c9TRICO COAXIAL. DIMENSIONES: 32.5 X 23.5 X 21 CM. PESO 3,600 KG. FILTRO AZUL. AUMENTO: 40X 100 X 400 X Y 1000 X.<\/strong><\/p>\n<table class=\"data-table\">\n<tbody>\n<tr class=\"odd\">\n<td class=\"spec-name\">Marca<\/td>\n<td class=\"spec-value\">ONYX<\/td>\n<\/tr>\n<tr class=\"even\">\n<td class=\"spec-name\">Subcategor\u00eda<\/td>\n<td class=\"spec-value\">Medio<\/td>\n<\/tr>\n<tr class=\"odd\">\n<td class=\"spec-name\">Tipo<\/td>\n<td class=\"spec-value\">Biol\u00f3gicos<\/td>\n<\/tr>\n<tr class=\"even\">\n<td class=\"spec-name\">Nivel<\/td>\n<td class=\"spec-value\">Estudiantil<\/td>\n<\/tr>\n<tr class=\"odd\">\n<td class=\"spec-name\">Cuerpo<\/td>\n<td class=\"spec-value\">Met\u00e1lico, ergon\u00f3mico con pintura ep\u00f3xica<\/td>\n<\/tr>\n<tr class=\"even\">\n<td class=\"spec-name\">Cabezal<\/td>\n<td class=\"spec-value\">Monocular<\/td>\n<\/tr>\n<tr class=\"odd\">\n<td class=\"spec-name\">Tipo de cabezal<\/td>\n<td class=\"spec-value\">C<\/td>\n<\/tr>\n<tr class=\"even\">\n<td class=\"spec-name\">Inclinaci\u00f3n del cabezal<\/td>\n<td class=\"spec-value\">45\u00ba<\/td>\n<\/tr>\n<tr class=\"odd\">\n<td class=\"spec-name\">Cabezal giratorio<\/td>\n<td class=\"spec-value\">360\u00ba<\/td>\n<\/tr>\n<tr class=\"even\">\n<td class=\"spec-name\">Ajuste de dioptr\u00edas<\/td>\n<td class=\"spec-value\">No<\/td>\n<\/tr>\n<tr class=\"odd\">\n<td class=\"spec-name\">Ajuste interpupilar<\/td>\n<td class=\"spec-value\">50-75 mm.<\/td>\n<\/tr>\n<tr class=\"even\">\n<td class=\"spec-name\">Oculares<\/td>\n<td class=\"spec-value\">WF (campo amplio) 10x 18mm<\/td>\n<\/tr>\n<tr class=\"odd\">\n<td class=\"spec-name\">Ocular con prisionero<\/td>\n<td class=\"spec-value\">S\u00ed<\/td>\n<\/tr>\n<tr class=\"even\">\n<td class=\"spec-name\">Rev\u00f3lver<\/td>\n<td class=\"spec-value\">Cu\u00e1druple embalado invertido<\/td>\n<\/tr>\n<tr class=\"odd\">\n<td class=\"spec-name\">\u00d3ptica<\/td>\n<td class=\"spec-value\">Acrom\u00e1tica. Sistema antif\u00fangico<\/td>\n<\/tr>\n<tr class=\"even\">\n<td class=\"spec-name\">Objetivos<\/td>\n<td class=\"spec-value\">4x, 10x, 40x retr\u00e1ctil y 100x retr\u00e1ctil de inmersi\u00f3n<\/td>\n<\/tr>\n<tr class=\"odd\">\n<td class=\"spec-name\">Aumentos<\/td>\n<td class=\"spec-value\">100x, 200x, 400x y 1000x<\/td>\n<\/tr>\n<tr class=\"even\">\n<td class=\"spec-name\">Enfoque<\/td>\n<td class=\"spec-value\">Macro-microm\u00e9trico coaxial<\/td>\n<\/tr>\n<tr class=\"odd\">\n<td class=\"spec-name\">Platina<\/td>\n<td class=\"spec-value\">Met\u00e1lica m\u00f3vil integral de doble placa con mandos coaxiales para movimiento X-Y, escalas milim\u00e9tricas y vernier. Con sistema de engranes de elevaci\u00f3n met\u00e1lica<\/td>\n<\/tr>\n<tr class=\"even\">\n<td class=\"spec-name\">Tama\u00f1o de platina<\/td>\n<td class=\"spec-value\">120 x 110 mm<\/td>\n<\/tr>\n<tr class=\"odd\">\n<td class=\"spec-name\">Tope<\/td>\n<td class=\"spec-value\">Tipo tornillo para no romper preparaciones<\/td>\n<\/tr>\n<tr class=\"even\">\n<td class=\"spec-name\">Condensador<\/td>\n<td class=\"spec-value\">ABBE N.A.1.25. Elevador independiente por pi\u00f1\u00f3n y cremallera<\/td>\n<\/tr>\n<tr class=\"odd\">\n<td class=\"spec-name\">Diafragma<\/td>\n<td class=\"spec-value\">Iris<\/td>\n<\/tr>\n<tr class=\"even\">\n<td class=\"spec-name\">Porta filtros<\/td>\n<td class=\"spec-value\">S\u00ed<\/td>\n<\/tr>\n<tr class=\"odd\">\n<td class=\"spec-name\">Control de iluminaci\u00f3n<\/td>\n<td class=\"spec-value\">S\u00ed<\/td>\n<\/tr>\n<tr class=\"even\">\n<td class=\"spec-name\">Iluminaci\u00f3n<\/td>\n<td class=\"spec-value\">Led (alta luminosidad, baja temperatura y larga vida)<\/td>\n<\/tr>\n<tr class=\"odd\">\n<td class=\"spec-name\">Kohler<\/td>\n<td class=\"spec-value\">No<\/td>\n<\/tr>\n<tr class=\"even\">\n<td class=\"spec-name\">Alimentaci\u00f3n el\u00e9ctrica<\/td>\n<td class=\"spec-value\">Cable tripolar 110v\/60Hz<\/td>\n<\/tr>\n<tr class=\"odd\">\n<td class=\"spec-name\">C\u00e1mara digital<\/td>\n<td class=\"spec-value\">No<\/td>\n<\/tr>\n<tr class=\"even\">\n<td class=\"spec-name\">Filtros<\/td>\n<td class=\"spec-value\">Azul<\/td>\n<\/tr>\n<tr class=\"odd\">\n<td class=\"spec-name\">Incluye<\/td>\n<td class=\"spec-value\">Aceite de inmersi\u00f3n, instructivo digital de operaci\u00f3n en espa\u00f1ol, empaque de poliestireno y funda<\/td>\n<\/tr>\n<tr class=\"even\">\n<td class=\"spec-name\">Opci\u00f3n de campo obscuro<\/td>\n<td class=\"spec-value\">No<\/td>\n<\/tr>\n<tr class=\"odd\">\n<td class=\"spec-name\">Opci\u00f3n epiflourescencia<\/td>\n<td class=\"spec-value\">No<\/td>\n<\/tr>\n<tr class=\"even\">\n<td class=\"spec-name\">Opci\u00f3n de contraste de fases<\/td>\n<td class=\"spec-value\">No<\/td>\n<\/tr>\n<tr class=\"odd\">\n<td class=\"spec-name\">Medidas del producto<\/td>\n<td class=\"spec-value\">21 x 24 x 36 cm<\/td>\n<\/tr>\n<\/tbody>\n<\/table>\n","protected":false},"featured_media":0,"comment_status":"open","ping_status":"closed","template":"","meta":{"_joinchat":[]},"product_cat":[15],"product_tag":[172,173,1830],"class_list":{"0":"post-908","1":"product","2":"type-product","3":"status-publish","5":"product_cat-sin-categoria","6":"product_tag-equipo-de-laboratorio","7":"product_tag-equipo-para-laboratorio","8":"product_tag-microscopio-monocular-con-cabeza-inclinada-de-45-grados-y-giratoria-de-360-grados","10":"first","11":"instock","12":"shipping-taxable","13":"product-type-simple","14":"col-xs-6 col-sm-4","15":"col-md-3 col-lg-3","16":"un-4-cols"},"yoast_head":"<!-- This site is optimized with the Yoast SEO plugin v27.2 - https:\/\/yoast.com\/product\/yoast-seo-wordpress\/ -->\n<title>MICROSCOPIO MONOCULAR CON CABEZA INCLINADA DE 45 GRADOS Y GIRATORIA DE 360 GRADOS - Capital Cient&iacute;fica<\/title>\n<meta name=\"robots\" content=\"index, follow, max-snippet:-1, max-image-preview:large, max-video-preview:-1\" \/>\n<link rel=\"canonical\" href=\"https:\/\/capitalcientifica.com.mx\/tienda\/product\/microscopio-monocular-con-cabeza-inclinada-de-45-grados-y-giratoria-de-360-grados-objetivos-4x-10x-40x-y-100x-oculares-con-campo-amplio-wf-10x-18-mm-luz-led-con-control-de-intensidad-enfoque-macr\/\" \/>\n<meta property=\"og:locale\" content=\"es_ES\" \/>\n<meta property=\"og:type\" content=\"article\" \/>\n<meta property=\"og:title\" content=\"MICROSCOPIO MONOCULAR CON CABEZA INCLINADA DE 45 GRADOS Y GIRATORIA DE 360 GRADOS - Capital Cient&iacute;fica\" \/>\n<meta property=\"og:description\" content=\"MICROSCOPIO MONOCULAR CON CABEZA INCLINADA DE 45 GRADOS Y GIRATORIA DE 360 GRADOS. OBJETIVOS: 4X 10X 40X Y 100X. OCULARES CON CAMPO AMPLIO WF 10X\/18 MM. LUZ LED CON CONTROL DE INTENSIDAD. ENFOQUE MACRO- MICROM\u00c9TRICO COAXIAL. MONOCULAR, INCLINADA, 45 GRADOS. GIRATORIA DE 360 GRADOS. PLATINA CUADRADA DE 12.5 CM. X 11 CM. CON COMANDOS COAXIALES PARA MOVIMIENTOS X-Y CON ESCALAS MILIM\u00c9TRICAS Y VERNIER. OBJETIVOS: 4 X 10X 40 X Y 100X. OCULARES CAMPO AMPLIO: WF 10X\/18 MM. LUZ LED CON CONTROL DE INTENSIDAD AC 100V-240V 50\/60 HZ. ENFOQUE MACRO- MICROM\u00c9TRICO COAXIAL. 32.5 CM. X 23.5 CM. X 21 CM. ESO: 3.6 KG. INCLUYE FILTRO AZUL, FUNDA DE PL\u00c1STICO, INSTRUCTIVO EN ESPA\u00d1OL, ACEITE DE INMERSI\u00d3N, CABLE TRIPOLAR. ENFOQUE MACRO-MICROM\u00c9TRICO COAXIAL. DIMENSIONES: 32.5 X 23.5 X 21 CM. PESO 3,600 KG. FILTRO AZUL. AUMENTO: 40X 100 X 400 X Y 1000 X.    Marca ONYX   Subcategor\u00eda Medio   Tipo Biol\u00f3gicos   Nivel Estudiantil   Cuerpo Met\u00e1lico, ergon\u00f3mico con pintura ep\u00f3xica   Cabezal Monocular   Tipo de cabezal C   Inclinaci\u00f3n del cabezal 45\u00ba   Cabezal giratorio 360\u00ba   Ajuste de dioptr\u00edas No   Ajuste interpupilar 50-75 mm.   Oculares WF (campo amplio) 10x 18mm   Ocular con prisionero S\u00ed   Rev\u00f3lver Cu\u00e1druple embalado invertido   \u00d3ptica Acrom\u00e1tica. Sistema antif\u00fangico   Objetivos 4x, 10x, 40x retr\u00e1ctil y 100x retr\u00e1ctil de inmersi\u00f3n   Aumentos 100x, 200x, 400x y 1000x   Enfoque Macro-microm\u00e9trico coaxial   Platina Met\u00e1lica m\u00f3vil integral de doble placa con mandos coaxiales para movimiento X-Y, escalas milim\u00e9tricas y vernier. Con sistema de engranes de elevaci\u00f3n met\u00e1lica   Tama\u00f1o de platina 120 x 110 mm   Tope Tipo tornillo para no romper preparaciones   Condensador ABBE N.A.1.25. Elevador independiente por pi\u00f1\u00f3n y cremallera   Diafragma Iris   Porta filtros S\u00ed   Control de iluminaci\u00f3n S\u00ed   Iluminaci\u00f3n Led (alta luminosidad, baja temperatura y larga vida)   Kohler No   Alimentaci\u00f3n el\u00e9ctrica Cable tripolar 110v\/60Hz   C\u00e1mara digital No   Filtros Azul   Incluye Aceite de inmersi\u00f3n, instructivo digital de operaci\u00f3n en espa\u00f1ol, empaque de poliestireno y funda   Opci\u00f3n de campo obscuro No   Opci\u00f3n epiflourescencia No   Opci\u00f3n de contraste de fases No   Medidas del producto 21 x 24 x 36 cm\" \/>\n<meta property=\"og:url\" content=\"https:\/\/capitalcientifica.com.mx\/tienda\/product\/microscopio-monocular-con-cabeza-inclinada-de-45-grados-y-giratoria-de-360-grados-objetivos-4x-10x-40x-y-100x-oculares-con-campo-amplio-wf-10x-18-mm-luz-led-con-control-de-intensidad-enfoque-macr\/\" \/>\n<meta property=\"og:site_name\" content=\"Capital Cient&iacute;fica\" \/>\n<meta property=\"article:modified_time\" content=\"2023-02-27T19:33:14+00:00\" \/>\n<meta name=\"twitter:card\" content=\"summary_large_image\" \/>\n<meta name=\"twitter:label1\" content=\"Tiempo de lectura\" \/>\n\t<meta name=\"twitter:data1\" content=\"2 minutos\" \/>\n<script type=\"application\/ld+json\" class=\"yoast-schema-graph\">{\"@context\":\"https:\/\/schema.org\",\"@graph\":[{\"@type\":\"WebPage\",\"@id\":\"https:\/\/capitalcientifica.com.mx\/tienda\/product\/microscopio-monocular-con-cabeza-inclinada-de-45-grados-y-giratoria-de-360-grados-objetivos-4x-10x-40x-y-100x-oculares-con-campo-amplio-wf-10x-18-mm-luz-led-con-control-de-intensidad-enfoque-macr\/\",\"url\":\"https:\/\/capitalcientifica.com.mx\/tienda\/product\/microscopio-monocular-con-cabeza-inclinada-de-45-grados-y-giratoria-de-360-grados-objetivos-4x-10x-40x-y-100x-oculares-con-campo-amplio-wf-10x-18-mm-luz-led-con-control-de-intensidad-enfoque-macr\/\",\"name\":\"MICROSCOPIO MONOCULAR CON CABEZA INCLINADA DE 45 GRADOS Y GIRATORIA DE 360 GRADOS - Capital Cient&iacute;fica\",\"isPartOf\":{\"@id\":\"https:\/\/capitalcientifica.com.mx\/tienda\/#website\"},\"datePublished\":\"2022-01-17T21:23:05+00:00\",\"dateModified\":\"2023-02-27T19:33:14+00:00\",\"breadcrumb\":{\"@id\":\"https:\/\/capitalcientifica.com.mx\/tienda\/product\/microscopio-monocular-con-cabeza-inclinada-de-45-grados-y-giratoria-de-360-grados-objetivos-4x-10x-40x-y-100x-oculares-con-campo-amplio-wf-10x-18-mm-luz-led-con-control-de-intensidad-enfoque-macr\/#breadcrumb\"},\"inLanguage\":\"es\",\"potentialAction\":[{\"@type\":\"ReadAction\",\"target\":[\"https:\/\/capitalcientifica.com.mx\/tienda\/product\/microscopio-monocular-con-cabeza-inclinada-de-45-grados-y-giratoria-de-360-grados-objetivos-4x-10x-40x-y-100x-oculares-con-campo-amplio-wf-10x-18-mm-luz-led-con-control-de-intensidad-enfoque-macr\/\"]}]},{\"@type\":\"BreadcrumbList\",\"@id\":\"https:\/\/capitalcientifica.com.mx\/tienda\/product\/microscopio-monocular-con-cabeza-inclinada-de-45-grados-y-giratoria-de-360-grados-objetivos-4x-10x-40x-y-100x-oculares-con-campo-amplio-wf-10x-18-mm-luz-led-con-control-de-intensidad-enfoque-macr\/#breadcrumb\",\"itemListElement\":[{\"@type\":\"ListItem\",\"position\":1,\"name\":\"Portada\",\"item\":\"https:\/\/capitalcientifica.com.mx\/tienda\/\"},{\"@type\":\"ListItem\",\"position\":2,\"name\":\"Shop\",\"item\":\"https:\/\/capitalcientifica.com.mx\/tienda\/shop\/\"},{\"@type\":\"ListItem\",\"position\":3,\"name\":\"MICROSCOPIO MONOCULAR CON CABEZA INCLINADA DE 45 GRADOS Y GIRATORIA DE 360 GRADOS\"}]},{\"@type\":\"WebSite\",\"@id\":\"https:\/\/capitalcientifica.com.mx\/tienda\/#website\",\"url\":\"https:\/\/capitalcientifica.com.mx\/tienda\/\",\"name\":\"Capital Cient&iacute;fica\",\"description\":\"Equipo para laboratorio\",\"potentialAction\":[{\"@type\":\"SearchAction\",\"target\":{\"@type\":\"EntryPoint\",\"urlTemplate\":\"https:\/\/capitalcientifica.com.mx\/tienda\/?s={search_term_string}\"},\"query-input\":{\"@type\":\"PropertyValueSpecification\",\"valueRequired\":true,\"valueName\":\"search_term_string\"}}],\"inLanguage\":\"es\"}]}<\/script>\n<!-- \/ Yoast SEO plugin. -->","yoast_head_json":{"title":"MICROSCOPIO MONOCULAR CON CABEZA INCLINADA DE 45 GRADOS Y GIRATORIA DE 360 GRADOS - Capital Cient&iacute;fica","robots":{"index":"index","follow":"follow","max-snippet":"max-snippet:-1","max-image-preview":"max-image-preview:large","max-video-preview":"max-video-preview:-1"},"canonical":"https:\/\/capitalcientifica.com.mx\/tienda\/product\/microscopio-monocular-con-cabeza-inclinada-de-45-grados-y-giratoria-de-360-grados-objetivos-4x-10x-40x-y-100x-oculares-con-campo-amplio-wf-10x-18-mm-luz-led-con-control-de-intensidad-enfoque-macr\/","og_locale":"es_ES","og_type":"article","og_title":"MICROSCOPIO MONOCULAR CON CABEZA INCLINADA DE 45 GRADOS Y GIRATORIA DE 360 GRADOS - Capital Cient&iacute;fica","og_description":"MICROSCOPIO MONOCULAR CON CABEZA INCLINADA DE 45 GRADOS Y GIRATORIA DE 360 GRADOS. OBJETIVOS: 4X 10X 40X Y 100X. OCULARES CON CAMPO AMPLIO WF 10X\/18 MM. LUZ LED CON CONTROL DE INTENSIDAD. ENFOQUE MACRO- MICROM\u00c9TRICO COAXIAL. MONOCULAR, INCLINADA, 45 GRADOS. GIRATORIA DE 360 GRADOS. PLATINA CUADRADA DE 12.5 CM. X 11 CM. CON COMANDOS COAXIALES PARA MOVIMIENTOS X-Y CON ESCALAS MILIM\u00c9TRICAS Y VERNIER. OBJETIVOS: 4 X 10X 40 X Y 100X. OCULARES CAMPO AMPLIO: WF 10X\/18 MM. LUZ LED CON CONTROL DE INTENSIDAD AC 100V-240V 50\/60 HZ. ENFOQUE MACRO- MICROM\u00c9TRICO COAXIAL. 32.5 CM. X 23.5 CM. X 21 CM. ESO: 3.6 KG. INCLUYE FILTRO AZUL, FUNDA DE PL\u00c1STICO, INSTRUCTIVO EN ESPA\u00d1OL, ACEITE DE INMERSI\u00d3N, CABLE TRIPOLAR. ENFOQUE MACRO-MICROM\u00c9TRICO COAXIAL. DIMENSIONES: 32.5 X 23.5 X 21 CM. PESO 3,600 KG. FILTRO AZUL. AUMENTO: 40X 100 X 400 X Y 1000 X.    Marca ONYX   Subcategor\u00eda Medio   Tipo Biol\u00f3gicos   Nivel Estudiantil   Cuerpo Met\u00e1lico, ergon\u00f3mico con pintura ep\u00f3xica   Cabezal Monocular   Tipo de cabezal C   Inclinaci\u00f3n del cabezal 45\u00ba   Cabezal giratorio 360\u00ba   Ajuste de dioptr\u00edas No   Ajuste interpupilar 50-75 mm.   Oculares WF (campo amplio) 10x 18mm   Ocular con prisionero S\u00ed   Rev\u00f3lver Cu\u00e1druple embalado invertido   \u00d3ptica Acrom\u00e1tica. Sistema antif\u00fangico   Objetivos 4x, 10x, 40x retr\u00e1ctil y 100x retr\u00e1ctil de inmersi\u00f3n   Aumentos 100x, 200x, 400x y 1000x   Enfoque Macro-microm\u00e9trico coaxial   Platina Met\u00e1lica m\u00f3vil integral de doble placa con mandos coaxiales para movimiento X-Y, escalas milim\u00e9tricas y vernier. Con sistema de engranes de elevaci\u00f3n met\u00e1lica   Tama\u00f1o de platina 120 x 110 mm   Tope Tipo tornillo para no romper preparaciones   Condensador ABBE N.A.1.25. Elevador independiente por pi\u00f1\u00f3n y cremallera   Diafragma Iris   Porta filtros S\u00ed   Control de iluminaci\u00f3n S\u00ed   Iluminaci\u00f3n Led (alta luminosidad, baja temperatura y larga vida)   Kohler No   Alimentaci\u00f3n el\u00e9ctrica Cable tripolar 110v\/60Hz   C\u00e1mara digital No   Filtros Azul   Incluye Aceite de inmersi\u00f3n, instructivo digital de operaci\u00f3n en espa\u00f1ol, empaque de poliestireno y funda   Opci\u00f3n de campo obscuro No   Opci\u00f3n epiflourescencia No   Opci\u00f3n de contraste de fases No   Medidas del producto 21 x 24 x 36 cm","og_url":"https:\/\/capitalcientifica.com.mx\/tienda\/product\/microscopio-monocular-con-cabeza-inclinada-de-45-grados-y-giratoria-de-360-grados-objetivos-4x-10x-40x-y-100x-oculares-con-campo-amplio-wf-10x-18-mm-luz-led-con-control-de-intensidad-enfoque-macr\/","og_site_name":"Capital Cient&iacute;fica","article_modified_time":"2023-02-27T19:33:14+00:00","twitter_card":"summary_large_image","twitter_misc":{"Tiempo de lectura":"2 minutos"},"schema":{"@context":"https:\/\/schema.org","@graph":[{"@type":"WebPage","@id":"https:\/\/capitalcientifica.com.mx\/tienda\/product\/microscopio-monocular-con-cabeza-inclinada-de-45-grados-y-giratoria-de-360-grados-objetivos-4x-10x-40x-y-100x-oculares-con-campo-amplio-wf-10x-18-mm-luz-led-con-control-de-intensidad-enfoque-macr\/","url":"https:\/\/capitalcientifica.com.mx\/tienda\/product\/microscopio-monocular-con-cabeza-inclinada-de-45-grados-y-giratoria-de-360-grados-objetivos-4x-10x-40x-y-100x-oculares-con-campo-amplio-wf-10x-18-mm-luz-led-con-control-de-intensidad-enfoque-macr\/","name":"MICROSCOPIO MONOCULAR CON CABEZA INCLINADA DE 45 GRADOS Y GIRATORIA DE 360 GRADOS - Capital Cient&iacute;fica","isPartOf":{"@id":"https:\/\/capitalcientifica.com.mx\/tienda\/#website"},"datePublished":"2022-01-17T21:23:05+00:00","dateModified":"2023-02-27T19:33:14+00:00","breadcrumb":{"@id":"https:\/\/capitalcientifica.com.mx\/tienda\/product\/microscopio-monocular-con-cabeza-inclinada-de-45-grados-y-giratoria-de-360-grados-objetivos-4x-10x-40x-y-100x-oculares-con-campo-amplio-wf-10x-18-mm-luz-led-con-control-de-intensidad-enfoque-macr\/#breadcrumb"},"inLanguage":"es","potentialAction":[{"@type":"ReadAction","target":["https:\/\/capitalcientifica.com.mx\/tienda\/product\/microscopio-monocular-con-cabeza-inclinada-de-45-grados-y-giratoria-de-360-grados-objetivos-4x-10x-40x-y-100x-oculares-con-campo-amplio-wf-10x-18-mm-luz-led-con-control-de-intensidad-enfoque-macr\/"]}]},{"@type":"BreadcrumbList","@id":"https:\/\/capitalcientifica.com.mx\/tienda\/product\/microscopio-monocular-con-cabeza-inclinada-de-45-grados-y-giratoria-de-360-grados-objetivos-4x-10x-40x-y-100x-oculares-con-campo-amplio-wf-10x-18-mm-luz-led-con-control-de-intensidad-enfoque-macr\/#breadcrumb","itemListElement":[{"@type":"ListItem","position":1,"name":"Portada","item":"https:\/\/capitalcientifica.com.mx\/tienda\/"},{"@type":"ListItem","position":2,"name":"Shop","item":"https:\/\/capitalcientifica.com.mx\/tienda\/shop\/"},{"@type":"ListItem","position":3,"name":"MICROSCOPIO MONOCULAR CON CABEZA INCLINADA DE 45 GRADOS Y GIRATORIA DE 360 GRADOS"}]},{"@type":"WebSite","@id":"https:\/\/capitalcientifica.com.mx\/tienda\/#website","url":"https:\/\/capitalcientifica.com.mx\/tienda\/","name":"Capital Cient&iacute;fica","description":"Equipo para laboratorio","potentialAction":[{"@type":"SearchAction","target":{"@type":"EntryPoint","urlTemplate":"https:\/\/capitalcientifica.com.mx\/tienda\/?s={search_term_string}"},"query-input":{"@type":"PropertyValueSpecification","valueRequired":true,"valueName":"search_term_string"}}],"inLanguage":"es"}]}},"_links":{"self":[{"href":"https:\/\/capitalcientifica.com.mx\/tienda\/wp-json\/wp\/v2\/product\/908","targetHints":{"allow":["GET"]}}],"collection":[{"href":"https:\/\/capitalcientifica.com.mx\/tienda\/wp-json\/wp\/v2\/product"}],"about":[{"href":"https:\/\/capitalcientifica.com.mx\/tienda\/wp-json\/wp\/v2\/types\/product"}],"replies":[{"embeddable":true,"href":"https:\/\/capitalcientifica.com.mx\/tienda\/wp-json\/wp\/v2\/comments?post=908"}],"wp:attachment":[{"href":"https:\/\/capitalcientifica.com.mx\/tienda\/wp-json\/wp\/v2\/media?parent=908"}],"wp:term":[{"taxonomy":"product_cat","embeddable":true,"href":"https:\/\/capitalcientifica.com.mx\/tienda\/wp-json\/wp\/v2\/product_cat?post=908"},{"taxonomy":"product_tag","embeddable":true,"href":"https:\/\/capitalcientifica.com.mx\/tienda\/wp-json\/wp\/v2\/product_tag?post=908"}],"curies":[{"name":"wp","href":"https:\/\/api.w.org\/{rel}","templated":true}]}}