{"id":800,"date":"2022-01-15T23:30:33","date_gmt":"2022-01-15T23:30:33","guid":{"rendered":"https:\/\/www.capitalcientifica.com.mx\/?post_type=product&#038;p=800"},"modified":"2023-02-27T19:32:26","modified_gmt":"2023-02-27T19:32:26","slug":"microscopio-monocular-biologico","status":"publish","type":"product","link":"https:\/\/capitalcientifica.com.mx\/tienda\/product\/microscopio-monocular-biologico\/","title":{"rendered":"MICROSCOPIO MONOCULAR BIOLOGICO"},"content":{"rendered":"<p><strong>MICROSCOPIO MONOCULAR BIOL\u00d3GICO PARA NIVEL B\u00c1SICO Y MEDIO EDUCATIVO. AUMENTO: 40 ; 100 ; 400 ; 1000. ENFOQUE MACRO- MICRO M\u00c9TRICO COAXIAL. OBJETIVOS: 4X, 10X, 40X, RETR\u00c1CTIL Y 100X RETR\u00c1CTIL DE INMERSI\u00d3N.<\/strong><\/p>\n<table class=\"data-table\">\n<tbody>\n<tr class=\"even\">\n<td class=\"spec-name\">Subcategor\u00eda<\/td>\n<td class=\"spec-value\">Estudiantil<\/td>\n<\/tr>\n<tr class=\"odd\">\n<td class=\"spec-name\">Tipo<\/td>\n<td class=\"spec-value\">Biol\u00f3gicos<\/td>\n<\/tr>\n<tr class=\"even\">\n<td class=\"spec-name\">Nivel<\/td>\n<td class=\"spec-value\">Estudiantil<\/td>\n<\/tr>\n<tr class=\"odd\">\n<td class=\"spec-name\">Cuerpo<\/td>\n<td class=\"spec-value\">Met\u00e1lico, ergon\u00f3mico con pintura ep\u00f3xica<\/td>\n<\/tr>\n<tr class=\"even\">\n<td class=\"spec-name\">Cabezal<\/td>\n<td class=\"spec-value\">Monocular<\/td>\n<\/tr>\n<tr class=\"odd\">\n<td class=\"spec-name\">Tipo de cabezal<\/td>\n<td class=\"spec-value\">C<\/td>\n<\/tr>\n<tr class=\"even\">\n<td class=\"spec-name\">Inclinaci\u00f3n del cabezal<\/td>\n<td class=\"spec-value\">45\u00ba<\/td>\n<\/tr>\n<tr class=\"odd\">\n<td class=\"spec-name\">Cabezal giratorio<\/td>\n<td class=\"spec-value\">360\u00ba<\/td>\n<\/tr>\n<tr class=\"even\">\n<td class=\"spec-name\">Ajuste de dioptr\u00edas<\/td>\n<td class=\"spec-value\">No<\/td>\n<\/tr>\n<tr class=\"odd\">\n<td class=\"spec-name\">Ajuste interpupilar<\/td>\n<td class=\"spec-value\">No<\/td>\n<\/tr>\n<tr class=\"even\">\n<td class=\"spec-name\">Oculares<\/td>\n<td class=\"spec-value\">WF (campo amplio) 10x 18mm<\/td>\n<\/tr>\n<tr class=\"odd\">\n<td class=\"spec-name\">Ocular con prisionero<\/td>\n<td class=\"spec-value\">S\u00ed<\/td>\n<\/tr>\n<tr class=\"even\">\n<td class=\"spec-name\">Rev\u00f3lver<\/td>\n<td class=\"spec-value\">Cu\u00e1druple embalado invertido<\/td>\n<\/tr>\n<tr class=\"odd\">\n<td class=\"spec-name\">\u00d3ptica<\/td>\n<td class=\"spec-value\">Acrom\u00e1tica. Sistema antif\u00fangico<\/td>\n<\/tr>\n<tr class=\"even\">\n<td class=\"spec-name\">Objetivos<\/td>\n<td class=\"spec-value\">4x, 10x, 40x retr\u00e1ctil y 100x retr\u00e1ctil de inmersi\u00f3n<\/td>\n<\/tr>\n<tr class=\"odd\">\n<td class=\"spec-name\">Aumentos<\/td>\n<td class=\"spec-value\">40x, 100x, 400x y 1000x<\/td>\n<\/tr>\n<tr class=\"even\">\n<td class=\"spec-name\">Enfoque<\/td>\n<td class=\"spec-value\">Macro-microm\u00e9trico coaxial<\/td>\n<\/tr>\n<tr class=\"odd\">\n<td class=\"spec-name\">Platina<\/td>\n<td class=\"spec-value\">Met\u00e1lica m\u00f3vil integral de doble placa con mandos coaxiales para movimiento X-Y, escalas milim\u00e9tricas y vernier. Con sistema de engranes de elevaci\u00f3n met\u00e1lica<\/td>\n<\/tr>\n<tr class=\"even\">\n<td class=\"spec-name\">Tama\u00f1o de platina<\/td>\n<td class=\"spec-value\">130 mm x 125 mm<\/td>\n<\/tr>\n<tr class=\"odd\">\n<td class=\"spec-name\">Tope<\/td>\n<td class=\"spec-value\">Tipo tornillo para no romper preparaciones<\/td>\n<\/tr>\n<tr class=\"even\">\n<td class=\"spec-name\">Condensador<\/td>\n<td class=\"spec-value\">ABBE N.A.1.25. Elevador independiente por pi\u00f1\u00f3n y cremallera<\/td>\n<\/tr>\n<tr class=\"odd\">\n<td class=\"spec-name\">Diafragma<\/td>\n<td class=\"spec-value\">Iris<\/td>\n<\/tr>\n<tr class=\"even\">\n<td class=\"spec-name\">Porta filtros<\/td>\n<td class=\"spec-value\">S\u00ed<\/td>\n<\/tr>\n<tr class=\"odd\">\n<td class=\"spec-name\">Control de iluminaci\u00f3n<\/td>\n<td class=\"spec-value\">S\u00ed<\/td>\n<\/tr>\n<tr class=\"even\">\n<td class=\"spec-name\">Iluminaci\u00f3n<\/td>\n<td class=\"spec-value\">Led (alta luminosidad, baja temperatura y larga vida) 1w<\/td>\n<\/tr>\n<tr class=\"odd\">\n<td class=\"spec-name\">Kohler<\/td>\n<td class=\"spec-value\">No<\/td>\n<\/tr>\n<tr class=\"even\">\n<td class=\"spec-name\">Alimentaci\u00f3n el\u00e9ctrica<\/td>\n<td class=\"spec-value\">Cable tripolar 110v\/60Hz<\/td>\n<\/tr>\n<\/tbody>\n<\/table>\n","protected":false},"excerpt":{"rendered":"<p><strong>MICROSCOPIO MONOCULAR BIOL\u00d3GICO PARA NIVEL B\u00c1SICO Y MEDIO EDUCATIVO. AUMENTO: 40 ; 100 ; 400 ; 1000. ENFOQUE MACRO- MICRO M\u00c9TRICO COAXIAL. OBJETIVOS: 4X, 10X, 40X, RETR\u00c1CTIL Y 100X RETR\u00c1CTIL DE INMERSI\u00d3N.<\/strong><\/p>\n<table class=\"data-table\">\n<tbody>\n<tr class=\"even\">\n<td class=\"spec-name\">Subcategor\u00eda<\/td>\n<td class=\"spec-value\">Estudiantil<\/td>\n<\/tr>\n<tr class=\"odd\">\n<td class=\"spec-name\">Tipo<\/td>\n<td class=\"spec-value\">Biol\u00f3gicos<\/td>\n<\/tr>\n<tr class=\"even\">\n<td class=\"spec-name\">Nivel<\/td>\n<td class=\"spec-value\">Estudiantil<\/td>\n<\/tr>\n<tr class=\"odd\">\n<td class=\"spec-name\">Cuerpo<\/td>\n<td class=\"spec-value\">Met\u00e1lico, ergon\u00f3mico con pintura ep\u00f3xica<\/td>\n<\/tr>\n<tr class=\"even\">\n<td class=\"spec-name\">Cabezal<\/td>\n<td class=\"spec-value\">Monocular<\/td>\n<\/tr>\n<tr class=\"odd\">\n<td class=\"spec-name\">Tipo de cabezal<\/td>\n<td class=\"spec-value\">C<\/td>\n<\/tr>\n<tr class=\"even\">\n<td class=\"spec-name\">Inclinaci\u00f3n del cabezal<\/td>\n<td class=\"spec-value\">45\u00ba<\/td>\n<\/tr>\n<tr class=\"odd\">\n<td class=\"spec-name\">Cabezal giratorio<\/td>\n<td class=\"spec-value\">360\u00ba<\/td>\n<\/tr>\n<tr class=\"even\">\n<td class=\"spec-name\">Ajuste de dioptr\u00edas<\/td>\n<td class=\"spec-value\">No<\/td>\n<\/tr>\n<tr class=\"odd\">\n<td class=\"spec-name\">Ajuste interpupilar<\/td>\n<td class=\"spec-value\">No<\/td>\n<\/tr>\n<tr class=\"even\">\n<td class=\"spec-name\">Oculares<\/td>\n<td class=\"spec-value\">WF (campo amplio) 10x 18mm<\/td>\n<\/tr>\n<tr class=\"odd\">\n<td class=\"spec-name\">Ocular con prisionero<\/td>\n<td class=\"spec-value\">S\u00ed<\/td>\n<\/tr>\n<tr class=\"even\">\n<td class=\"spec-name\">Rev\u00f3lver<\/td>\n<td class=\"spec-value\">Cu\u00e1druple embalado invertido<\/td>\n<\/tr>\n<tr class=\"odd\">\n<td class=\"spec-name\">\u00d3ptica<\/td>\n<td class=\"spec-value\">Acrom\u00e1tica. Sistema antif\u00fangico<\/td>\n<\/tr>\n<tr class=\"even\">\n<td class=\"spec-name\">Objetivos<\/td>\n<td class=\"spec-value\">4x, 10x, 40x retr\u00e1ctil y 100x retr\u00e1ctil de inmersi\u00f3n<\/td>\n<\/tr>\n<tr class=\"odd\">\n<td class=\"spec-name\">Aumentos<\/td>\n<td class=\"spec-value\">40x, 100x, 400x y 1000x<\/td>\n<\/tr>\n<tr class=\"even\">\n<td class=\"spec-name\">Enfoque<\/td>\n<td class=\"spec-value\">Macro-microm\u00e9trico coaxial<\/td>\n<\/tr>\n<tr class=\"odd\">\n<td class=\"spec-name\">Platina<\/td>\n<td class=\"spec-value\">Met\u00e1lica m\u00f3vil integral de doble placa con mandos coaxiales para movimiento X-Y, escalas milim\u00e9tricas y vernier. Con sistema de engranes de elevaci\u00f3n met\u00e1lica<\/td>\n<\/tr>\n<tr class=\"even\">\n<td class=\"spec-name\">Tama\u00f1o de platina<\/td>\n<td class=\"spec-value\">130 mm x 125 mm<\/td>\n<\/tr>\n<tr class=\"odd\">\n<td class=\"spec-name\">Tope<\/td>\n<td class=\"spec-value\">Tipo tornillo para no romper preparaciones<\/td>\n<\/tr>\n<tr class=\"even\">\n<td class=\"spec-name\">Condensador<\/td>\n<td class=\"spec-value\">ABBE N.A.1.25. Elevador independiente por pi\u00f1\u00f3n y cremallera<\/td>\n<\/tr>\n<tr class=\"odd\">\n<td class=\"spec-name\">Diafragma<\/td>\n<td class=\"spec-value\">Iris<\/td>\n<\/tr>\n<tr class=\"even\">\n<td class=\"spec-name\">Porta filtros<\/td>\n<td class=\"spec-value\">S\u00ed<\/td>\n<\/tr>\n<tr class=\"odd\">\n<td class=\"spec-name\">Control de iluminaci\u00f3n<\/td>\n<td class=\"spec-value\">S\u00ed<\/td>\n<\/tr>\n<tr class=\"even\">\n<td class=\"spec-name\">Iluminaci\u00f3n<\/td>\n<td class=\"spec-value\">Led (alta luminosidad, baja temperatura y larga vida) 1w<\/td>\n<\/tr>\n<tr class=\"odd\">\n<td class=\"spec-name\">Kohler<\/td>\n<td class=\"spec-value\">No<\/td>\n<\/tr>\n<tr class=\"even\">\n<td class=\"spec-name\">Alimentaci\u00f3n el\u00e9ctrica<\/td>\n<td class=\"spec-value\">Cable tripolar 110v\/60Hz<\/td>\n<\/tr>\n<\/tbody>\n<\/table>\n","protected":false},"featured_media":801,"comment_status":"open","ping_status":"closed","template":"","meta":{"_joinchat":[]},"product_cat":[61],"product_tag":[172,173,1829],"class_list":{"0":"post-800","1":"product","2":"type-product","3":"status-publish","4":"has-post-thumbnail","6":"product_cat-equipos-de-laboratorio","7":"product_tag-equipo-de-laboratorio","8":"product_tag-equipo-para-laboratorio","9":"product_tag-microscopio-monocular-biologico","11":"first","12":"instock","13":"shipping-taxable","14":"product-type-simple","15":"col-xs-6 col-sm-4","16":"col-md-3 col-lg-3","17":"un-4-cols"},"yoast_head":"<!-- This site is optimized with the Yoast SEO plugin v27.2 - https:\/\/yoast.com\/product\/yoast-seo-wordpress\/ -->\n<title>MICROSCOPIO MONOCULAR BIOLOGICO - Capital Cient&iacute;fica<\/title>\n<meta name=\"robots\" content=\"index, follow, max-snippet:-1, max-image-preview:large, max-video-preview:-1\" \/>\n<link rel=\"canonical\" href=\"https:\/\/capitalcientifica.com.mx\/tienda\/product\/microscopio-monocular-biologico\/\" \/>\n<meta property=\"og:locale\" content=\"es_ES\" \/>\n<meta property=\"og:type\" content=\"article\" \/>\n<meta property=\"og:title\" content=\"MICROSCOPIO MONOCULAR BIOLOGICO - Capital Cient&iacute;fica\" \/>\n<meta property=\"og:description\" content=\"MICROSCOPIO MONOCULAR BIOL\u00d3GICO PARA NIVEL B\u00c1SICO Y MEDIO EDUCATIVO. AUMENTO: 40 ; 100 ; 400 ; 1000. ENFOQUE MACRO- MICRO M\u00c9TRICO COAXIAL. OBJETIVOS: 4X, 10X, 40X, RETR\u00c1CTIL Y 100X RETR\u00c1CTIL DE INMERSI\u00d3N.    Subcategor\u00eda Estudiantil   Tipo Biol\u00f3gicos   Nivel Estudiantil   Cuerpo Met\u00e1lico, ergon\u00f3mico con pintura ep\u00f3xica   Cabezal Monocular   Tipo de cabezal C   Inclinaci\u00f3n del cabezal 45\u00ba   Cabezal giratorio 360\u00ba   Ajuste de dioptr\u00edas No   Ajuste interpupilar No   Oculares WF (campo amplio) 10x 18mm   Ocular con prisionero S\u00ed   Rev\u00f3lver Cu\u00e1druple embalado invertido   \u00d3ptica Acrom\u00e1tica. Sistema antif\u00fangico   Objetivos 4x, 10x, 40x retr\u00e1ctil y 100x retr\u00e1ctil de inmersi\u00f3n   Aumentos 40x, 100x, 400x y 1000x   Enfoque Macro-microm\u00e9trico coaxial   Platina Met\u00e1lica m\u00f3vil integral de doble placa con mandos coaxiales para movimiento X-Y, escalas milim\u00e9tricas y vernier. Con sistema de engranes de elevaci\u00f3n met\u00e1lica   Tama\u00f1o de platina 130 mm x 125 mm   Tope Tipo tornillo para no romper preparaciones   Condensador ABBE N.A.1.25. Elevador independiente por pi\u00f1\u00f3n y cremallera   Diafragma Iris   Porta filtros S\u00ed   Control de iluminaci\u00f3n S\u00ed   Iluminaci\u00f3n Led (alta luminosidad, baja temperatura y larga vida) 1w   Kohler No   Alimentaci\u00f3n el\u00e9ctrica Cable tripolar 110v\/60Hz\" \/>\n<meta property=\"og:url\" content=\"https:\/\/capitalcientifica.com.mx\/tienda\/product\/microscopio-monocular-biologico\/\" \/>\n<meta property=\"og:site_name\" content=\"Capital Cient&iacute;fica\" \/>\n<meta property=\"article:modified_time\" content=\"2023-02-27T19:32:26+00:00\" \/>\n<meta property=\"og:image\" content=\"https:\/\/capitalcientifica.com.mx\/tienda\/wp-content\/uploads\/2022\/01\/52F2C635-5F8F-4CF6-971F-AFAFEE99AB14.jpeg\" \/>\n\t<meta property=\"og:image:width\" content=\"1000\" \/>\n\t<meta property=\"og:image:height\" content=\"1000\" \/>\n\t<meta property=\"og:image:type\" content=\"image\/jpeg\" \/>\n<meta name=\"twitter:card\" content=\"summary_large_image\" \/>\n<meta name=\"twitter:label1\" content=\"Tiempo de lectura\" \/>\n\t<meta name=\"twitter:data1\" content=\"1 minuto\" \/>\n<script type=\"application\/ld+json\" class=\"yoast-schema-graph\">{\"@context\":\"https:\/\/schema.org\",\"@graph\":[{\"@type\":\"WebPage\",\"@id\":\"https:\/\/capitalcientifica.com.mx\/tienda\/product\/microscopio-monocular-biologico\/\",\"url\":\"https:\/\/capitalcientifica.com.mx\/tienda\/product\/microscopio-monocular-biologico\/\",\"name\":\"MICROSCOPIO MONOCULAR BIOLOGICO - Capital Cient&iacute;fica\",\"isPartOf\":{\"@id\":\"https:\/\/capitalcientifica.com.mx\/tienda\/#website\"},\"primaryImageOfPage\":{\"@id\":\"https:\/\/capitalcientifica.com.mx\/tienda\/product\/microscopio-monocular-biologico\/#primaryimage\"},\"image\":{\"@id\":\"https:\/\/capitalcientifica.com.mx\/tienda\/product\/microscopio-monocular-biologico\/#primaryimage\"},\"thumbnailUrl\":\"https:\/\/capitalcientifica.com.mx\/tienda\/wp-content\/uploads\/2022\/01\/52F2C635-5F8F-4CF6-971F-AFAFEE99AB14.jpeg\",\"datePublished\":\"2022-01-15T23:30:33+00:00\",\"dateModified\":\"2023-02-27T19:32:26+00:00\",\"breadcrumb\":{\"@id\":\"https:\/\/capitalcientifica.com.mx\/tienda\/product\/microscopio-monocular-biologico\/#breadcrumb\"},\"inLanguage\":\"es\",\"potentialAction\":[{\"@type\":\"ReadAction\",\"target\":[\"https:\/\/capitalcientifica.com.mx\/tienda\/product\/microscopio-monocular-biologico\/\"]}]},{\"@type\":\"ImageObject\",\"inLanguage\":\"es\",\"@id\":\"https:\/\/capitalcientifica.com.mx\/tienda\/product\/microscopio-monocular-biologico\/#primaryimage\",\"url\":\"https:\/\/capitalcientifica.com.mx\/tienda\/wp-content\/uploads\/2022\/01\/52F2C635-5F8F-4CF6-971F-AFAFEE99AB14.jpeg\",\"contentUrl\":\"https:\/\/capitalcientifica.com.mx\/tienda\/wp-content\/uploads\/2022\/01\/52F2C635-5F8F-4CF6-971F-AFAFEE99AB14.jpeg\",\"width\":1000,\"height\":1000},{\"@type\":\"BreadcrumbList\",\"@id\":\"https:\/\/capitalcientifica.com.mx\/tienda\/product\/microscopio-monocular-biologico\/#breadcrumb\",\"itemListElement\":[{\"@type\":\"ListItem\",\"position\":1,\"name\":\"Portada\",\"item\":\"https:\/\/capitalcientifica.com.mx\/tienda\/\"},{\"@type\":\"ListItem\",\"position\":2,\"name\":\"Shop\",\"item\":\"https:\/\/capitalcientifica.com.mx\/tienda\/shop\/\"},{\"@type\":\"ListItem\",\"position\":3,\"name\":\"MICROSCOPIO MONOCULAR BIOLOGICO\"}]},{\"@type\":\"WebSite\",\"@id\":\"https:\/\/capitalcientifica.com.mx\/tienda\/#website\",\"url\":\"https:\/\/capitalcientifica.com.mx\/tienda\/\",\"name\":\"Capital Cient&iacute;fica\",\"description\":\"Equipo para laboratorio\",\"potentialAction\":[{\"@type\":\"SearchAction\",\"target\":{\"@type\":\"EntryPoint\",\"urlTemplate\":\"https:\/\/capitalcientifica.com.mx\/tienda\/?s={search_term_string}\"},\"query-input\":{\"@type\":\"PropertyValueSpecification\",\"valueRequired\":true,\"valueName\":\"search_term_string\"}}],\"inLanguage\":\"es\"}]}<\/script>\n<!-- \/ Yoast SEO plugin. -->","yoast_head_json":{"title":"MICROSCOPIO MONOCULAR BIOLOGICO - Capital Cient&iacute;fica","robots":{"index":"index","follow":"follow","max-snippet":"max-snippet:-1","max-image-preview":"max-image-preview:large","max-video-preview":"max-video-preview:-1"},"canonical":"https:\/\/capitalcientifica.com.mx\/tienda\/product\/microscopio-monocular-biologico\/","og_locale":"es_ES","og_type":"article","og_title":"MICROSCOPIO MONOCULAR BIOLOGICO - Capital Cient&iacute;fica","og_description":"MICROSCOPIO MONOCULAR BIOL\u00d3GICO PARA NIVEL B\u00c1SICO Y MEDIO EDUCATIVO. AUMENTO: 40 ; 100 ; 400 ; 1000. ENFOQUE MACRO- MICRO M\u00c9TRICO COAXIAL. OBJETIVOS: 4X, 10X, 40X, RETR\u00c1CTIL Y 100X RETR\u00c1CTIL DE INMERSI\u00d3N.    Subcategor\u00eda Estudiantil   Tipo Biol\u00f3gicos   Nivel Estudiantil   Cuerpo Met\u00e1lico, ergon\u00f3mico con pintura ep\u00f3xica   Cabezal Monocular   Tipo de cabezal C   Inclinaci\u00f3n del cabezal 45\u00ba   Cabezal giratorio 360\u00ba   Ajuste de dioptr\u00edas No   Ajuste interpupilar No   Oculares WF (campo amplio) 10x 18mm   Ocular con prisionero S\u00ed   Rev\u00f3lver Cu\u00e1druple embalado invertido   \u00d3ptica Acrom\u00e1tica. Sistema antif\u00fangico   Objetivos 4x, 10x, 40x retr\u00e1ctil y 100x retr\u00e1ctil de inmersi\u00f3n   Aumentos 40x, 100x, 400x y 1000x   Enfoque Macro-microm\u00e9trico coaxial   Platina Met\u00e1lica m\u00f3vil integral de doble placa con mandos coaxiales para movimiento X-Y, escalas milim\u00e9tricas y vernier. Con sistema de engranes de elevaci\u00f3n met\u00e1lica   Tama\u00f1o de platina 130 mm x 125 mm   Tope Tipo tornillo para no romper preparaciones   Condensador ABBE N.A.1.25. Elevador independiente por pi\u00f1\u00f3n y cremallera   Diafragma Iris   Porta filtros S\u00ed   Control de iluminaci\u00f3n S\u00ed   Iluminaci\u00f3n Led (alta luminosidad, baja temperatura y larga vida) 1w   Kohler No   Alimentaci\u00f3n el\u00e9ctrica Cable tripolar 110v\/60Hz","og_url":"https:\/\/capitalcientifica.com.mx\/tienda\/product\/microscopio-monocular-biologico\/","og_site_name":"Capital Cient&iacute;fica","article_modified_time":"2023-02-27T19:32:26+00:00","og_image":[{"width":1000,"height":1000,"url":"https:\/\/capitalcientifica.com.mx\/tienda\/wp-content\/uploads\/2022\/01\/52F2C635-5F8F-4CF6-971F-AFAFEE99AB14.jpeg","type":"image\/jpeg"}],"twitter_card":"summary_large_image","twitter_misc":{"Tiempo de lectura":"1 minuto"},"schema":{"@context":"https:\/\/schema.org","@graph":[{"@type":"WebPage","@id":"https:\/\/capitalcientifica.com.mx\/tienda\/product\/microscopio-monocular-biologico\/","url":"https:\/\/capitalcientifica.com.mx\/tienda\/product\/microscopio-monocular-biologico\/","name":"MICROSCOPIO MONOCULAR BIOLOGICO - Capital Cient&iacute;fica","isPartOf":{"@id":"https:\/\/capitalcientifica.com.mx\/tienda\/#website"},"primaryImageOfPage":{"@id":"https:\/\/capitalcientifica.com.mx\/tienda\/product\/microscopio-monocular-biologico\/#primaryimage"},"image":{"@id":"https:\/\/capitalcientifica.com.mx\/tienda\/product\/microscopio-monocular-biologico\/#primaryimage"},"thumbnailUrl":"https:\/\/capitalcientifica.com.mx\/tienda\/wp-content\/uploads\/2022\/01\/52F2C635-5F8F-4CF6-971F-AFAFEE99AB14.jpeg","datePublished":"2022-01-15T23:30:33+00:00","dateModified":"2023-02-27T19:32:26+00:00","breadcrumb":{"@id":"https:\/\/capitalcientifica.com.mx\/tienda\/product\/microscopio-monocular-biologico\/#breadcrumb"},"inLanguage":"es","potentialAction":[{"@type":"ReadAction","target":["https:\/\/capitalcientifica.com.mx\/tienda\/product\/microscopio-monocular-biologico\/"]}]},{"@type":"ImageObject","inLanguage":"es","@id":"https:\/\/capitalcientifica.com.mx\/tienda\/product\/microscopio-monocular-biologico\/#primaryimage","url":"https:\/\/capitalcientifica.com.mx\/tienda\/wp-content\/uploads\/2022\/01\/52F2C635-5F8F-4CF6-971F-AFAFEE99AB14.jpeg","contentUrl":"https:\/\/capitalcientifica.com.mx\/tienda\/wp-content\/uploads\/2022\/01\/52F2C635-5F8F-4CF6-971F-AFAFEE99AB14.jpeg","width":1000,"height":1000},{"@type":"BreadcrumbList","@id":"https:\/\/capitalcientifica.com.mx\/tienda\/product\/microscopio-monocular-biologico\/#breadcrumb","itemListElement":[{"@type":"ListItem","position":1,"name":"Portada","item":"https:\/\/capitalcientifica.com.mx\/tienda\/"},{"@type":"ListItem","position":2,"name":"Shop","item":"https:\/\/capitalcientifica.com.mx\/tienda\/shop\/"},{"@type":"ListItem","position":3,"name":"MICROSCOPIO MONOCULAR BIOLOGICO"}]},{"@type":"WebSite","@id":"https:\/\/capitalcientifica.com.mx\/tienda\/#website","url":"https:\/\/capitalcientifica.com.mx\/tienda\/","name":"Capital Cient&iacute;fica","description":"Equipo para laboratorio","potentialAction":[{"@type":"SearchAction","target":{"@type":"EntryPoint","urlTemplate":"https:\/\/capitalcientifica.com.mx\/tienda\/?s={search_term_string}"},"query-input":{"@type":"PropertyValueSpecification","valueRequired":true,"valueName":"search_term_string"}}],"inLanguage":"es"}]}},"_links":{"self":[{"href":"https:\/\/capitalcientifica.com.mx\/tienda\/wp-json\/wp\/v2\/product\/800","targetHints":{"allow":["GET"]}}],"collection":[{"href":"https:\/\/capitalcientifica.com.mx\/tienda\/wp-json\/wp\/v2\/product"}],"about":[{"href":"https:\/\/capitalcientifica.com.mx\/tienda\/wp-json\/wp\/v2\/types\/product"}],"replies":[{"embeddable":true,"href":"https:\/\/capitalcientifica.com.mx\/tienda\/wp-json\/wp\/v2\/comments?post=800"}],"wp:featuredmedia":[{"embeddable":true,"href":"https:\/\/capitalcientifica.com.mx\/tienda\/wp-json\/wp\/v2\/media\/801"}],"wp:attachment":[{"href":"https:\/\/capitalcientifica.com.mx\/tienda\/wp-json\/wp\/v2\/media?parent=800"}],"wp:term":[{"taxonomy":"product_cat","embeddable":true,"href":"https:\/\/capitalcientifica.com.mx\/tienda\/wp-json\/wp\/v2\/product_cat?post=800"},{"taxonomy":"product_tag","embeddable":true,"href":"https:\/\/capitalcientifica.com.mx\/tienda\/wp-json\/wp\/v2\/product_tag?post=800"}],"curies":[{"name":"wp","href":"https:\/\/api.w.org\/{rel}","templated":true}]}}