{"id":6691,"date":"2023-04-28T23:07:58","date_gmt":"2023-04-28T23:07:58","guid":{"rendered":"https:\/\/capitalcientifica.com.mx\/tienda\/?post_type=product&#038;p=6691"},"modified":"2023-04-28T23:10:38","modified_gmt":"2023-04-28T23:10:38","slug":"turbidimetro-portatil-2100q-sin-usb-luz-de-filamento-de-tungsteno-100-240v-50-60hz-hach-sku-2100q01-lm","status":"publish","type":"product","link":"https:\/\/capitalcientifica.com.mx\/tienda\/product\/turbidimetro-portatil-2100q-sin-usb-luz-de-filamento-de-tungsteno-100-240v-50-60hz-hach-sku-2100q01-lm\/","title":{"rendered":"TURBIDIMETRO PORTATIL 2100Q SIN USB, LUZ DE FILAMENTO DE TUNGSTENO 100-240V 50\/60HZ HACH SKU: 2100Q01-LM"},"content":{"rendered":"<p class=\"ProductMeta__Title Heading u-h2\">TURBIDIMETRO PORTATIL 2100Q SIN USB, LUZ DE FILAMENTO DE TUNGSTENO 100-240V 50\/60HZ HACH<\/p>\n<p class=\"ProductMeta__Sku Heading Text--subdued u-h6\">SKU:\u00a0<span class=\"ProductMeta__SkuNumber\">2100Q01-LM<\/span><\/p>\n<p>CON LAS INSTRUCCIONES EN PANTALLA F\u00c1CILES DE SEGUIR, NO SON NECESARIOS MANUALES NI HAY QUE MEMORIZAR NING\u00daN PASO PARA LAS CALIBRACIONES RUTINARIAS. EL MODO RAPIDLY SETTLING TURBIDITY\u2122 PERMITE REALIZAR MEDICIONES EXACTAS INCLUSO CON LAS MUESTRAS DE SEDIMENTACI\u00d3N M\u00c1S DIF\u00cdCILES DE MEDIR.<br \/>\nLA TRANSFERENCIA DE DATOS CON EL 2100Q ES SIMPLE, FLEXIBLE, Y NO REQUIERE DE SOFTWARE ADICIONAL CUANDO SE UTILIZA CON EL M\u00d3DULO OPCIONAL USB + ALIMENTACI\u00d3N. TODOS LOS DATOS PUEDEN SER TRANSFERIDOS AL M\u00d3DULO PARA POSTERIORMENTE DESCARGARLOS DE MANERA SENCILLA EN EL ORDENADOR A TRAV\u00c9S DE UNA CONEXI\u00d3N USB.<br \/>\nLOS TURBID\u00cdMETROS PORT\u00c1TILES DE HACH 2100Q INCORPORAN EL INNOVADOR MODO DE MEDICI\u00d3N RST QUE PERMITE OBTENER UNOS RESULTADOS M\u00c1S EXACTOS Y REPETIBLES EN MUESTRAS DIF\u00cdCILES DE R\u00c1PIDA SEDIMENTACI\u00d3N.<br \/>\nHASTA 500 MEDICIONES SON ALMACENADAS AUTOM\u00c1TICAMENTE EN EL INSTRUMENTO PARA UN ACCESO Y RECUPERACI\u00d3N R\u00c1PIDOS. LA INFORMACI\u00d3N ALMACENADA INCLUYE: FECHA Y HORA, ID DE USUARIO, MODO DE LECTURA, ID DE LA MUESTRA, N\u00daMERO DE MUESTRA, UNIDADES, TIEMPO DE CALIBRACI\u00d3N, ESTADO DE LA CALIBRACI\u00d3N, MENSAJES DE ERROR Y EL RESULTADO.<br \/>\nEL SISTEMA \u00d3PTICO DE DOS DETECTORES COMPENSA EL COLOR DE LA MUESTRA, LA FLUCTUACI\u00d3N DE LA LUZ, Y LA LUZ DIFUSA, PERMITIENDO A LOS ANALISTAS OBTENER UNOS RESULTADOS DE CALIDAD DE LABORATORIO EN UN AMPLIO RANGO DE MUESTRAS, INCLUSO BAJO CONDICIONES DIF\u00cdCILES.<\/p>\n","protected":false},"excerpt":{"rendered":"<p>TURBIDIMETRO PORTATIL 2100Q SIN USB, LUZ DE FILAMENTO DE TUNGSTENO 100-240V 50\/60HZ HACH SKU:\u00a02100Q01-LM CON LAS INSTRUCCIONES EN PANTALLA F\u00c1CILES DE SEGUIR, NO SON NECESARIOS MANUALES NI HAY QUE MEMORIZAR NING\u00daN PASO PARA LAS CALIBRACIONES RUTINARIAS. EL MODO RAPIDLY SETTLING TURBIDITY\u2122 PERMITE REALIZAR MEDICIONES EXACTAS INCLUSO CON LAS MUESTRAS DE SEDIMENTACI\u00d3N M\u00c1S DIF\u00cdCILES DE MEDIR.&hellip;<\/p>\n","protected":false},"featured_media":6693,"comment_status":"closed","ping_status":"closed","template":"","meta":{"_joinchat":[]},"product_cat":[29],"product_tag":[],"class_list":{"0":"post-6691","1":"product","2":"type-product","3":"status-publish","4":"has-post-thumbnail","6":"product_cat-hach","8":"first","9":"instock","10":"shipping-taxable","11":"product-type-simple","12":"col-xs-6 col-sm-4","13":"col-md-3 col-lg-3","14":"un-4-cols"},"yoast_head":"<!-- This site is optimized with the Yoast SEO plugin v27.2 - https:\/\/yoast.com\/product\/yoast-seo-wordpress\/ -->\n<title>TURBIDIMETRO PORTATIL 2100Q SIN USB, LUZ DE FILAMENTO DE TUNGSTENO 100-240V 50\/60HZ HACH SKU: 2100Q01-LM - Capital Cient&iacute;fica<\/title>\n<meta name=\"robots\" content=\"index, follow, max-snippet:-1, max-image-preview:large, max-video-preview:-1\" \/>\n<link rel=\"canonical\" href=\"https:\/\/capitalcientifica.com.mx\/tienda\/product\/turbidimetro-portatil-2100q-sin-usb-luz-de-filamento-de-tungsteno-100-240v-50-60hz-hach-sku-2100q01-lm\/\" \/>\n<meta property=\"og:locale\" content=\"es_ES\" \/>\n<meta property=\"og:type\" content=\"article\" \/>\n<meta property=\"og:title\" content=\"TURBIDIMETRO PORTATIL 2100Q SIN USB, LUZ DE FILAMENTO DE TUNGSTENO 100-240V 50\/60HZ HACH SKU: 2100Q01-LM - Capital Cient&iacute;fica\" \/>\n<meta property=\"og:description\" content=\"TURBIDIMETRO PORTATIL 2100Q SIN USB, LUZ DE FILAMENTO DE TUNGSTENO 100-240V 50\/60HZ HACH SKU:\u00a02100Q01-LM CON LAS INSTRUCCIONES EN PANTALLA F\u00c1CILES DE SEGUIR, NO SON NECESARIOS MANUALES NI HAY QUE MEMORIZAR NING\u00daN PASO PARA LAS CALIBRACIONES RUTINARIAS. EL MODO RAPIDLY SETTLING TURBIDITY\u2122 PERMITE REALIZAR MEDICIONES EXACTAS INCLUSO CON LAS MUESTRAS DE SEDIMENTACI\u00d3N M\u00c1S DIF\u00cdCILES DE MEDIR.&hellip;\" \/>\n<meta property=\"og:url\" content=\"https:\/\/capitalcientifica.com.mx\/tienda\/product\/turbidimetro-portatil-2100q-sin-usb-luz-de-filamento-de-tungsteno-100-240v-50-60hz-hach-sku-2100q01-lm\/\" \/>\n<meta property=\"og:site_name\" content=\"Capital Cient&iacute;fica\" \/>\n<meta property=\"article:modified_time\" content=\"2023-04-28T23:10:38+00:00\" \/>\n<meta property=\"og:image\" content=\"https:\/\/capitalcientifica.com.mx\/tienda\/wp-content\/uploads\/2023\/04\/2100Q01-LM_400x.webp\" \/>\n\t<meta property=\"og:image:width\" content=\"400\" \/>\n\t<meta property=\"og:image:height\" content=\"400\" \/>\n\t<meta property=\"og:image:type\" content=\"image\/webp\" \/>\n<meta name=\"twitter:card\" content=\"summary_large_image\" \/>\n<meta name=\"twitter:label1\" content=\"Tiempo de lectura\" \/>\n\t<meta name=\"twitter:data1\" content=\"2 minutos\" \/>\n<script type=\"application\/ld+json\" class=\"yoast-schema-graph\">{\"@context\":\"https:\/\/schema.org\",\"@graph\":[{\"@type\":\"WebPage\",\"@id\":\"https:\/\/capitalcientifica.com.mx\/tienda\/product\/turbidimetro-portatil-2100q-sin-usb-luz-de-filamento-de-tungsteno-100-240v-50-60hz-hach-sku-2100q01-lm\/\",\"url\":\"https:\/\/capitalcientifica.com.mx\/tienda\/product\/turbidimetro-portatil-2100q-sin-usb-luz-de-filamento-de-tungsteno-100-240v-50-60hz-hach-sku-2100q01-lm\/\",\"name\":\"TURBIDIMETRO PORTATIL 2100Q SIN USB, LUZ DE FILAMENTO DE TUNGSTENO 100-240V 50\/60HZ HACH SKU: 2100Q01-LM - Capital Cient&iacute;fica\",\"isPartOf\":{\"@id\":\"https:\/\/capitalcientifica.com.mx\/tienda\/#website\"},\"primaryImageOfPage\":{\"@id\":\"https:\/\/capitalcientifica.com.mx\/tienda\/product\/turbidimetro-portatil-2100q-sin-usb-luz-de-filamento-de-tungsteno-100-240v-50-60hz-hach-sku-2100q01-lm\/#primaryimage\"},\"image\":{\"@id\":\"https:\/\/capitalcientifica.com.mx\/tienda\/product\/turbidimetro-portatil-2100q-sin-usb-luz-de-filamento-de-tungsteno-100-240v-50-60hz-hach-sku-2100q01-lm\/#primaryimage\"},\"thumbnailUrl\":\"https:\/\/capitalcientifica.com.mx\/tienda\/wp-content\/uploads\/2023\/04\/2100Q01-LM_400x.webp\",\"datePublished\":\"2023-04-28T23:07:58+00:00\",\"dateModified\":\"2023-04-28T23:10:38+00:00\",\"breadcrumb\":{\"@id\":\"https:\/\/capitalcientifica.com.mx\/tienda\/product\/turbidimetro-portatil-2100q-sin-usb-luz-de-filamento-de-tungsteno-100-240v-50-60hz-hach-sku-2100q01-lm\/#breadcrumb\"},\"inLanguage\":\"es\",\"potentialAction\":[{\"@type\":\"ReadAction\",\"target\":[\"https:\/\/capitalcientifica.com.mx\/tienda\/product\/turbidimetro-portatil-2100q-sin-usb-luz-de-filamento-de-tungsteno-100-240v-50-60hz-hach-sku-2100q01-lm\/\"]}]},{\"@type\":\"ImageObject\",\"inLanguage\":\"es\",\"@id\":\"https:\/\/capitalcientifica.com.mx\/tienda\/product\/turbidimetro-portatil-2100q-sin-usb-luz-de-filamento-de-tungsteno-100-240v-50-60hz-hach-sku-2100q01-lm\/#primaryimage\",\"url\":\"https:\/\/capitalcientifica.com.mx\/tienda\/wp-content\/uploads\/2023\/04\/2100Q01-LM_400x.webp\",\"contentUrl\":\"https:\/\/capitalcientifica.com.mx\/tienda\/wp-content\/uploads\/2023\/04\/2100Q01-LM_400x.webp\",\"width\":400,\"height\":400},{\"@type\":\"BreadcrumbList\",\"@id\":\"https:\/\/capitalcientifica.com.mx\/tienda\/product\/turbidimetro-portatil-2100q-sin-usb-luz-de-filamento-de-tungsteno-100-240v-50-60hz-hach-sku-2100q01-lm\/#breadcrumb\",\"itemListElement\":[{\"@type\":\"ListItem\",\"position\":1,\"name\":\"Portada\",\"item\":\"https:\/\/capitalcientifica.com.mx\/tienda\/\"},{\"@type\":\"ListItem\",\"position\":2,\"name\":\"Shop\",\"item\":\"https:\/\/capitalcientifica.com.mx\/tienda\/shop\/\"},{\"@type\":\"ListItem\",\"position\":3,\"name\":\"TURBIDIMETRO PORTATIL 2100Q SIN USB, LUZ DE FILAMENTO DE TUNGSTENO 100-240V 50\/60HZ HACH SKU: 2100Q01-LM\"}]},{\"@type\":\"WebSite\",\"@id\":\"https:\/\/capitalcientifica.com.mx\/tienda\/#website\",\"url\":\"https:\/\/capitalcientifica.com.mx\/tienda\/\",\"name\":\"Capital Cient&iacute;fica\",\"description\":\"Equipo para laboratorio\",\"potentialAction\":[{\"@type\":\"SearchAction\",\"target\":{\"@type\":\"EntryPoint\",\"urlTemplate\":\"https:\/\/capitalcientifica.com.mx\/tienda\/?s={search_term_string}\"},\"query-input\":{\"@type\":\"PropertyValueSpecification\",\"valueRequired\":true,\"valueName\":\"search_term_string\"}}],\"inLanguage\":\"es\"}]}<\/script>\n<!-- \/ Yoast SEO plugin. -->","yoast_head_json":{"title":"TURBIDIMETRO PORTATIL 2100Q SIN USB, LUZ DE FILAMENTO DE TUNGSTENO 100-240V 50\/60HZ HACH SKU: 2100Q01-LM - Capital Cient&iacute;fica","robots":{"index":"index","follow":"follow","max-snippet":"max-snippet:-1","max-image-preview":"max-image-preview:large","max-video-preview":"max-video-preview:-1"},"canonical":"https:\/\/capitalcientifica.com.mx\/tienda\/product\/turbidimetro-portatil-2100q-sin-usb-luz-de-filamento-de-tungsteno-100-240v-50-60hz-hach-sku-2100q01-lm\/","og_locale":"es_ES","og_type":"article","og_title":"TURBIDIMETRO PORTATIL 2100Q SIN USB, LUZ DE FILAMENTO DE TUNGSTENO 100-240V 50\/60HZ HACH SKU: 2100Q01-LM - Capital Cient&iacute;fica","og_description":"TURBIDIMETRO PORTATIL 2100Q SIN USB, LUZ DE FILAMENTO DE TUNGSTENO 100-240V 50\/60HZ HACH SKU:\u00a02100Q01-LM CON LAS INSTRUCCIONES EN PANTALLA F\u00c1CILES DE SEGUIR, NO SON NECESARIOS MANUALES NI HAY QUE MEMORIZAR NING\u00daN PASO PARA LAS CALIBRACIONES RUTINARIAS. EL MODO RAPIDLY SETTLING TURBIDITY\u2122 PERMITE REALIZAR MEDICIONES EXACTAS INCLUSO CON LAS MUESTRAS DE SEDIMENTACI\u00d3N M\u00c1S DIF\u00cdCILES DE MEDIR.&hellip;","og_url":"https:\/\/capitalcientifica.com.mx\/tienda\/product\/turbidimetro-portatil-2100q-sin-usb-luz-de-filamento-de-tungsteno-100-240v-50-60hz-hach-sku-2100q01-lm\/","og_site_name":"Capital Cient&iacute;fica","article_modified_time":"2023-04-28T23:10:38+00:00","og_image":[{"width":400,"height":400,"url":"https:\/\/capitalcientifica.com.mx\/tienda\/wp-content\/uploads\/2023\/04\/2100Q01-LM_400x.webp","type":"image\/webp"}],"twitter_card":"summary_large_image","twitter_misc":{"Tiempo de lectura":"2 minutos"},"schema":{"@context":"https:\/\/schema.org","@graph":[{"@type":"WebPage","@id":"https:\/\/capitalcientifica.com.mx\/tienda\/product\/turbidimetro-portatil-2100q-sin-usb-luz-de-filamento-de-tungsteno-100-240v-50-60hz-hach-sku-2100q01-lm\/","url":"https:\/\/capitalcientifica.com.mx\/tienda\/product\/turbidimetro-portatil-2100q-sin-usb-luz-de-filamento-de-tungsteno-100-240v-50-60hz-hach-sku-2100q01-lm\/","name":"TURBIDIMETRO PORTATIL 2100Q SIN USB, LUZ DE FILAMENTO DE TUNGSTENO 100-240V 50\/60HZ HACH SKU: 2100Q01-LM - Capital Cient&iacute;fica","isPartOf":{"@id":"https:\/\/capitalcientifica.com.mx\/tienda\/#website"},"primaryImageOfPage":{"@id":"https:\/\/capitalcientifica.com.mx\/tienda\/product\/turbidimetro-portatil-2100q-sin-usb-luz-de-filamento-de-tungsteno-100-240v-50-60hz-hach-sku-2100q01-lm\/#primaryimage"},"image":{"@id":"https:\/\/capitalcientifica.com.mx\/tienda\/product\/turbidimetro-portatil-2100q-sin-usb-luz-de-filamento-de-tungsteno-100-240v-50-60hz-hach-sku-2100q01-lm\/#primaryimage"},"thumbnailUrl":"https:\/\/capitalcientifica.com.mx\/tienda\/wp-content\/uploads\/2023\/04\/2100Q01-LM_400x.webp","datePublished":"2023-04-28T23:07:58+00:00","dateModified":"2023-04-28T23:10:38+00:00","breadcrumb":{"@id":"https:\/\/capitalcientifica.com.mx\/tienda\/product\/turbidimetro-portatil-2100q-sin-usb-luz-de-filamento-de-tungsteno-100-240v-50-60hz-hach-sku-2100q01-lm\/#breadcrumb"},"inLanguage":"es","potentialAction":[{"@type":"ReadAction","target":["https:\/\/capitalcientifica.com.mx\/tienda\/product\/turbidimetro-portatil-2100q-sin-usb-luz-de-filamento-de-tungsteno-100-240v-50-60hz-hach-sku-2100q01-lm\/"]}]},{"@type":"ImageObject","inLanguage":"es","@id":"https:\/\/capitalcientifica.com.mx\/tienda\/product\/turbidimetro-portatil-2100q-sin-usb-luz-de-filamento-de-tungsteno-100-240v-50-60hz-hach-sku-2100q01-lm\/#primaryimage","url":"https:\/\/capitalcientifica.com.mx\/tienda\/wp-content\/uploads\/2023\/04\/2100Q01-LM_400x.webp","contentUrl":"https:\/\/capitalcientifica.com.mx\/tienda\/wp-content\/uploads\/2023\/04\/2100Q01-LM_400x.webp","width":400,"height":400},{"@type":"BreadcrumbList","@id":"https:\/\/capitalcientifica.com.mx\/tienda\/product\/turbidimetro-portatil-2100q-sin-usb-luz-de-filamento-de-tungsteno-100-240v-50-60hz-hach-sku-2100q01-lm\/#breadcrumb","itemListElement":[{"@type":"ListItem","position":1,"name":"Portada","item":"https:\/\/capitalcientifica.com.mx\/tienda\/"},{"@type":"ListItem","position":2,"name":"Shop","item":"https:\/\/capitalcientifica.com.mx\/tienda\/shop\/"},{"@type":"ListItem","position":3,"name":"TURBIDIMETRO PORTATIL 2100Q SIN USB, LUZ DE FILAMENTO DE TUNGSTENO 100-240V 50\/60HZ HACH SKU: 2100Q01-LM"}]},{"@type":"WebSite","@id":"https:\/\/capitalcientifica.com.mx\/tienda\/#website","url":"https:\/\/capitalcientifica.com.mx\/tienda\/","name":"Capital Cient&iacute;fica","description":"Equipo para laboratorio","potentialAction":[{"@type":"SearchAction","target":{"@type":"EntryPoint","urlTemplate":"https:\/\/capitalcientifica.com.mx\/tienda\/?s={search_term_string}"},"query-input":{"@type":"PropertyValueSpecification","valueRequired":true,"valueName":"search_term_string"}}],"inLanguage":"es"}]}},"_links":{"self":[{"href":"https:\/\/capitalcientifica.com.mx\/tienda\/wp-json\/wp\/v2\/product\/6691","targetHints":{"allow":["GET"]}}],"collection":[{"href":"https:\/\/capitalcientifica.com.mx\/tienda\/wp-json\/wp\/v2\/product"}],"about":[{"href":"https:\/\/capitalcientifica.com.mx\/tienda\/wp-json\/wp\/v2\/types\/product"}],"replies":[{"embeddable":true,"href":"https:\/\/capitalcientifica.com.mx\/tienda\/wp-json\/wp\/v2\/comments?post=6691"}],"wp:featuredmedia":[{"embeddable":true,"href":"https:\/\/capitalcientifica.com.mx\/tienda\/wp-json\/wp\/v2\/media\/6693"}],"wp:attachment":[{"href":"https:\/\/capitalcientifica.com.mx\/tienda\/wp-json\/wp\/v2\/media?parent=6691"}],"wp:term":[{"taxonomy":"product_cat","embeddable":true,"href":"https:\/\/capitalcientifica.com.mx\/tienda\/wp-json\/wp\/v2\/product_cat?post=6691"},{"taxonomy":"product_tag","embeddable":true,"href":"https:\/\/capitalcientifica.com.mx\/tienda\/wp-json\/wp\/v2\/product_tag?post=6691"}],"curies":[{"name":"wp","href":"https:\/\/api.w.org\/{rel}","templated":true}]}}