{"id":6676,"date":"2023-04-28T22:55:36","date_gmt":"2023-04-28T22:55:36","guid":{"rendered":"https:\/\/capitalcientifica.com.mx\/tienda\/?post_type=product&#038;p=6676"},"modified":"2023-04-28T23:11:19","modified_gmt":"2023-04-28T23:11:19","slug":"fermont-productos-quimicos-monterrey-pqm","status":"publish","type":"product","link":"https:\/\/capitalcientifica.com.mx\/tienda\/product\/fermont-productos-quimicos-monterrey-pqm\/","title":{"rendered":"FERMONT PRODUCTOS QUIMICOS MONTERREY PQM"},"content":{"rendered":"<p>\u00e1cidos, sales. solventes, est\u00e1ndares de referencia, soluciones amortiguadoras de pH y soluciones volum\u00e9tricas<\/p>\n<p>Fermont es el \u00fanico productor de materiales de referencia en M\u00e9xico de disoluciones patr\u00f3n de pH calidad MRTC con las cu\u00e1les se asegura trazabilidad metrol\u00f3gica al Sistema internacional de unidades SI.<\/p>\n<p>PQM es un productor de materiales de referencia acreditado por ema, a.c. con acreditaci\u00f3n No. PMR-002. Nuestros material de referencia de pH cuentan con trazabilidad certificada y son producidos bajo los requerimientos de ISO17034:2016<\/p>\n<p>&nbsp;<\/p>\n","protected":false},"excerpt":{"rendered":"<p>Industria Alimenticia<\/p>\n<p>Nuestras sales tienen diversas aplicaciones en la industria de los alimentos, desde conservadores hasta fortificantes minerales, nuestros productos dan confianza a nuestros clientes para expandir sus ofertas de productos.<\/p>\n","protected":false},"featured_media":6692,"comment_status":"closed","ping_status":"closed","template":"","meta":{"_joinchat":[]},"product_cat":[66,70,71,101,168,164,59,69,68,67],"product_tag":[],"class_list":{"0":"post-6676","1":"product","2":"type-product","3":"status-publish","4":"has-post-thumbnail","6":"product_cat-acidos","7":"product_cat-agua","8":"product_cat-bases","9":"product_cat-fabricacion-nacional","10":"product_cat-productos-destacados","11":"product_cat-promociones","12":"product_cat-reactivos-quimicos","13":"product_cat-soluciones-buffer","14":"product_cat-soluciones-valoradas","15":"product_cat-solventes","17":"first","18":"instock","19":"shipping-taxable","20":"product-type-simple","21":"col-xs-6 col-sm-4","22":"col-md-3 col-lg-3","23":"un-4-cols"},"yoast_head":"<!-- This site is optimized with the Yoast SEO plugin v27.2 - https:\/\/yoast.com\/product\/yoast-seo-wordpress\/ -->\n<title>FERMONT PRODUCTOS QUIMICOS MONTERREY PQM - Capital Cient&iacute;fica<\/title>\n<meta name=\"robots\" content=\"index, follow, max-snippet:-1, max-image-preview:large, max-video-preview:-1\" \/>\n<link rel=\"canonical\" href=\"https:\/\/capitalcientifica.com.mx\/tienda\/product\/fermont-productos-quimicos-monterrey-pqm\/\" \/>\n<meta property=\"og:locale\" content=\"es_ES\" \/>\n<meta property=\"og:type\" content=\"article\" \/>\n<meta property=\"og:title\" content=\"FERMONT PRODUCTOS QUIMICOS MONTERREY PQM - Capital Cient&iacute;fica\" \/>\n<meta property=\"og:description\" content=\"Industria Alimenticia  Nuestras sales tienen diversas aplicaciones en la industria de los alimentos, desde conservadores hasta fortificantes minerales, nuestros productos dan confianza a nuestros clientes para expandir sus ofertas de productos.\" \/>\n<meta property=\"og:url\" content=\"https:\/\/capitalcientifica.com.mx\/tienda\/product\/fermont-productos-quimicos-monterrey-pqm\/\" \/>\n<meta property=\"og:site_name\" content=\"Capital Cient&iacute;fica\" \/>\n<meta property=\"article:modified_time\" content=\"2023-04-28T23:11:19+00:00\" \/>\n<meta property=\"og:image\" content=\"https:\/\/capitalcientifica.com.mx\/tienda\/wp-content\/uploads\/2023\/04\/TAMPON-EMA1.jpg\" \/>\n\t<meta property=\"og:image:width\" content=\"320\" \/>\n\t<meta property=\"og:image:height\" content=\"340\" \/>\n\t<meta property=\"og:image:type\" content=\"image\/jpeg\" \/>\n<meta name=\"twitter:card\" content=\"summary_large_image\" \/>\n<meta name=\"twitter:label1\" content=\"Tiempo de lectura\" \/>\n\t<meta name=\"twitter:data1\" content=\"1 minuto\" \/>\n<script type=\"application\/ld+json\" class=\"yoast-schema-graph\">{\"@context\":\"https:\/\/schema.org\",\"@graph\":[{\"@type\":\"WebPage\",\"@id\":\"https:\/\/capitalcientifica.com.mx\/tienda\/product\/fermont-productos-quimicos-monterrey-pqm\/\",\"url\":\"https:\/\/capitalcientifica.com.mx\/tienda\/product\/fermont-productos-quimicos-monterrey-pqm\/\",\"name\":\"FERMONT PRODUCTOS QUIMICOS MONTERREY PQM - Capital Cient&iacute;fica\",\"isPartOf\":{\"@id\":\"https:\/\/capitalcientifica.com.mx\/tienda\/#website\"},\"primaryImageOfPage\":{\"@id\":\"https:\/\/capitalcientifica.com.mx\/tienda\/product\/fermont-productos-quimicos-monterrey-pqm\/#primaryimage\"},\"image\":{\"@id\":\"https:\/\/capitalcientifica.com.mx\/tienda\/product\/fermont-productos-quimicos-monterrey-pqm\/#primaryimage\"},\"thumbnailUrl\":\"https:\/\/capitalcientifica.com.mx\/tienda\/wp-content\/uploads\/2023\/04\/TAMPON-EMA1.jpg\",\"datePublished\":\"2023-04-28T22:55:36+00:00\",\"dateModified\":\"2023-04-28T23:11:19+00:00\",\"breadcrumb\":{\"@id\":\"https:\/\/capitalcientifica.com.mx\/tienda\/product\/fermont-productos-quimicos-monterrey-pqm\/#breadcrumb\"},\"inLanguage\":\"es\",\"potentialAction\":[{\"@type\":\"ReadAction\",\"target\":[\"https:\/\/capitalcientifica.com.mx\/tienda\/product\/fermont-productos-quimicos-monterrey-pqm\/\"]}]},{\"@type\":\"ImageObject\",\"inLanguage\":\"es\",\"@id\":\"https:\/\/capitalcientifica.com.mx\/tienda\/product\/fermont-productos-quimicos-monterrey-pqm\/#primaryimage\",\"url\":\"https:\/\/capitalcientifica.com.mx\/tienda\/wp-content\/uploads\/2023\/04\/TAMPON-EMA1.jpg\",\"contentUrl\":\"https:\/\/capitalcientifica.com.mx\/tienda\/wp-content\/uploads\/2023\/04\/TAMPON-EMA1.jpg\",\"width\":320,\"height\":340},{\"@type\":\"BreadcrumbList\",\"@id\":\"https:\/\/capitalcientifica.com.mx\/tienda\/product\/fermont-productos-quimicos-monterrey-pqm\/#breadcrumb\",\"itemListElement\":[{\"@type\":\"ListItem\",\"position\":1,\"name\":\"Portada\",\"item\":\"https:\/\/capitalcientifica.com.mx\/tienda\/\"},{\"@type\":\"ListItem\",\"position\":2,\"name\":\"Shop\",\"item\":\"https:\/\/capitalcientifica.com.mx\/tienda\/shop\/\"},{\"@type\":\"ListItem\",\"position\":3,\"name\":\"FERMONT PRODUCTOS QUIMICOS MONTERREY PQM\"}]},{\"@type\":\"WebSite\",\"@id\":\"https:\/\/capitalcientifica.com.mx\/tienda\/#website\",\"url\":\"https:\/\/capitalcientifica.com.mx\/tienda\/\",\"name\":\"Capital Cient&iacute;fica\",\"description\":\"Equipo para laboratorio\",\"potentialAction\":[{\"@type\":\"SearchAction\",\"target\":{\"@type\":\"EntryPoint\",\"urlTemplate\":\"https:\/\/capitalcientifica.com.mx\/tienda\/?s={search_term_string}\"},\"query-input\":{\"@type\":\"PropertyValueSpecification\",\"valueRequired\":true,\"valueName\":\"search_term_string\"}}],\"inLanguage\":\"es\"}]}<\/script>\n<!-- \/ Yoast SEO plugin. -->","yoast_head_json":{"title":"FERMONT PRODUCTOS QUIMICOS MONTERREY PQM - Capital Cient&iacute;fica","robots":{"index":"index","follow":"follow","max-snippet":"max-snippet:-1","max-image-preview":"max-image-preview:large","max-video-preview":"max-video-preview:-1"},"canonical":"https:\/\/capitalcientifica.com.mx\/tienda\/product\/fermont-productos-quimicos-monterrey-pqm\/","og_locale":"es_ES","og_type":"article","og_title":"FERMONT PRODUCTOS QUIMICOS MONTERREY PQM - Capital Cient&iacute;fica","og_description":"Industria Alimenticia  Nuestras sales tienen diversas aplicaciones en la industria de los alimentos, desde conservadores hasta fortificantes minerales, nuestros productos dan confianza a nuestros clientes para expandir sus ofertas de productos.","og_url":"https:\/\/capitalcientifica.com.mx\/tienda\/product\/fermont-productos-quimicos-monterrey-pqm\/","og_site_name":"Capital Cient&iacute;fica","article_modified_time":"2023-04-28T23:11:19+00:00","og_image":[{"width":320,"height":340,"url":"https:\/\/capitalcientifica.com.mx\/tienda\/wp-content\/uploads\/2023\/04\/TAMPON-EMA1.jpg","type":"image\/jpeg"}],"twitter_card":"summary_large_image","twitter_misc":{"Tiempo de lectura":"1 minuto"},"schema":{"@context":"https:\/\/schema.org","@graph":[{"@type":"WebPage","@id":"https:\/\/capitalcientifica.com.mx\/tienda\/product\/fermont-productos-quimicos-monterrey-pqm\/","url":"https:\/\/capitalcientifica.com.mx\/tienda\/product\/fermont-productos-quimicos-monterrey-pqm\/","name":"FERMONT PRODUCTOS QUIMICOS MONTERREY PQM - Capital Cient&iacute;fica","isPartOf":{"@id":"https:\/\/capitalcientifica.com.mx\/tienda\/#website"},"primaryImageOfPage":{"@id":"https:\/\/capitalcientifica.com.mx\/tienda\/product\/fermont-productos-quimicos-monterrey-pqm\/#primaryimage"},"image":{"@id":"https:\/\/capitalcientifica.com.mx\/tienda\/product\/fermont-productos-quimicos-monterrey-pqm\/#primaryimage"},"thumbnailUrl":"https:\/\/capitalcientifica.com.mx\/tienda\/wp-content\/uploads\/2023\/04\/TAMPON-EMA1.jpg","datePublished":"2023-04-28T22:55:36+00:00","dateModified":"2023-04-28T23:11:19+00:00","breadcrumb":{"@id":"https:\/\/capitalcientifica.com.mx\/tienda\/product\/fermont-productos-quimicos-monterrey-pqm\/#breadcrumb"},"inLanguage":"es","potentialAction":[{"@type":"ReadAction","target":["https:\/\/capitalcientifica.com.mx\/tienda\/product\/fermont-productos-quimicos-monterrey-pqm\/"]}]},{"@type":"ImageObject","inLanguage":"es","@id":"https:\/\/capitalcientifica.com.mx\/tienda\/product\/fermont-productos-quimicos-monterrey-pqm\/#primaryimage","url":"https:\/\/capitalcientifica.com.mx\/tienda\/wp-content\/uploads\/2023\/04\/TAMPON-EMA1.jpg","contentUrl":"https:\/\/capitalcientifica.com.mx\/tienda\/wp-content\/uploads\/2023\/04\/TAMPON-EMA1.jpg","width":320,"height":340},{"@type":"BreadcrumbList","@id":"https:\/\/capitalcientifica.com.mx\/tienda\/product\/fermont-productos-quimicos-monterrey-pqm\/#breadcrumb","itemListElement":[{"@type":"ListItem","position":1,"name":"Portada","item":"https:\/\/capitalcientifica.com.mx\/tienda\/"},{"@type":"ListItem","position":2,"name":"Shop","item":"https:\/\/capitalcientifica.com.mx\/tienda\/shop\/"},{"@type":"ListItem","position":3,"name":"FERMONT PRODUCTOS QUIMICOS MONTERREY PQM"}]},{"@type":"WebSite","@id":"https:\/\/capitalcientifica.com.mx\/tienda\/#website","url":"https:\/\/capitalcientifica.com.mx\/tienda\/","name":"Capital Cient&iacute;fica","description":"Equipo para laboratorio","potentialAction":[{"@type":"SearchAction","target":{"@type":"EntryPoint","urlTemplate":"https:\/\/capitalcientifica.com.mx\/tienda\/?s={search_term_string}"},"query-input":{"@type":"PropertyValueSpecification","valueRequired":true,"valueName":"search_term_string"}}],"inLanguage":"es"}]}},"_links":{"self":[{"href":"https:\/\/capitalcientifica.com.mx\/tienda\/wp-json\/wp\/v2\/product\/6676","targetHints":{"allow":["GET"]}}],"collection":[{"href":"https:\/\/capitalcientifica.com.mx\/tienda\/wp-json\/wp\/v2\/product"}],"about":[{"href":"https:\/\/capitalcientifica.com.mx\/tienda\/wp-json\/wp\/v2\/types\/product"}],"replies":[{"embeddable":true,"href":"https:\/\/capitalcientifica.com.mx\/tienda\/wp-json\/wp\/v2\/comments?post=6676"}],"wp:featuredmedia":[{"embeddable":true,"href":"https:\/\/capitalcientifica.com.mx\/tienda\/wp-json\/wp\/v2\/media\/6692"}],"wp:attachment":[{"href":"https:\/\/capitalcientifica.com.mx\/tienda\/wp-json\/wp\/v2\/media?parent=6676"}],"wp:term":[{"taxonomy":"product_cat","embeddable":true,"href":"https:\/\/capitalcientifica.com.mx\/tienda\/wp-json\/wp\/v2\/product_cat?post=6676"},{"taxonomy":"product_tag","embeddable":true,"href":"https:\/\/capitalcientifica.com.mx\/tienda\/wp-json\/wp\/v2\/product_tag?post=6676"}],"curies":[{"name":"wp","href":"https:\/\/api.w.org\/{rel}","templated":true}]}}