{"id":5936,"date":"2023-04-14T21:29:03","date_gmt":"2023-04-14T21:29:03","guid":{"rendered":"https:\/\/capitalcientifica.com.mx\/tienda\/?post_type=product&#038;p=5936"},"modified":"2023-04-14T21:29:04","modified_gmt":"2023-04-14T21:29:04","slug":"agitador-digital-caframo-bcd2002","status":"publish","type":"product","link":"https:\/\/capitalcientifica.com.mx\/tienda\/product\/agitador-digital-caframo-bcd2002\/","title":{"rendered":"Agitador Digital Caframo BCD2002"},"content":{"rendered":"<p><span>El BDC2002 de Caframo ofrece la m\u00e1xima versatilidad y maximiza la productividad.\u00a0<\/span><span>Con solo presionar un bot\u00f3n, el exclusivo Stirlight\u2122 se ilumina para que las soluciones se puedan ver claramente.\u00a0<\/span><span>Active la funci\u00f3n de inicio autom\u00e1tico para comenzar o reanudar la agitaci\u00f3n autom\u00e1ticamente cuando el equipo de control suministre energ\u00eda o despu\u00e9s de un corte de energ\u00eda.\u00a0<\/span><span>Incluido en cada compra: Motor del agitador, mandril, llave del mandril, varilla de soporte, fuente de alimentaci\u00f3n externa, cable de alimentaci\u00f3n con conexi\u00f3n a tierra, manual en cuatro idiomas (ingl\u00e9s, franc\u00e9s, espa\u00f1ol y alem\u00e1n.<\/span><\/p>\n<table class=\"product-specifications\">\n<tbody>\n<tr>\n<td colspan=\"3\"><span>BDC2002<\/span><\/td>\n<td colspan=\"1\"><\/td>\n<td colspan=\"6\"><span>Motor agitador a\u00e9reo 100-240 voltios, 50\/60 Hz.\u00a0Incluye varilla de soporte, portabrocas, llave de portabrocas, fuente de alimentaci\u00f3n externa, cable de alimentaci\u00f3n norteamericano con conexi\u00f3n a tierra y manual impreso.<\/span><\/td>\n<\/tr>\n<\/tbody>\n<\/table>\n","protected":false},"excerpt":{"rendered":"<table class=\"product-specifications\">\n<tbody>\n<tr>\n<td><span>Velocidad<\/span><\/td>\n<td><span>40-2002 rpm<\/span><\/td>\n<\/tr>\n<tr>\n<td><span>Volumen m\u00e1ximo<\/span><\/td>\n<td><span>25 L (6,5 galones estadounidenses)<\/span><\/td>\n<\/tr>\n<tr>\n<td><span>Viscosidad M\u00e1xima<\/span><\/td>\n<td><span>15 000 mPas (15 000 cP)<\/span><\/td>\n<\/tr>\n<tr>\n<td><span>Par M\u00e1ximo<\/span><\/td>\n<td><span>70 Ncm (6 in-lb = 100 in-oz)<\/span><\/td>\n<\/tr>\n<tr>\n<td><span>Potencia de salida<\/span><\/td>\n<td><span>40 vatios (1\/18 hp)<\/span><\/td>\n<\/tr>\n<tr>\n<td><span>Pantalla de velocidad<\/span><\/td>\n<td><span>S\u00ed<\/span><\/td>\n<\/tr>\n<tr>\n<td><span>Precisi\u00f3n de velocidad<\/span><\/td>\n<td><span>\u00b1 1 rpm o \u00b1 3% de lectura<\/span><\/td>\n<\/tr>\n<tr>\n<td><span>Pantalla de par<\/span><\/td>\n<td><span>No<\/span><\/td>\n<\/tr>\n<tr>\n<td><span>Torque cero<\/span><\/td>\n<td><span>No<\/span><\/td>\n<\/tr>\n<tr>\n<td><span>Temporizador<\/span><\/td>\n<td><span>No<\/span><\/td>\n<\/tr>\n<tr>\n<td><span>a trav\u00e9s del eje<\/span><\/td>\n<td><span>S\u00ed<\/span><\/td>\n<\/tr>\n<tr>\n<td><span>Di\u00e1metro m\u00e1ximo del eje del mandril<\/span><\/td>\n<td><span>10 mm (\u215c pulgadas)<\/span><\/td>\n<\/tr>\n<tr>\n<td><span>Guardia de mandril<\/span><\/td>\n<td><span>Disponible<\/span><\/td>\n<\/tr>\n<tr>\n<td><span>Direcci\u00f3n de rotaci\u00f3n<\/span><\/td>\n<td><span>Solo en el sentido de las agujas del reloj<\/span><\/td>\n<\/tr>\n<tr>\n<td><span>Autoencendido<\/span><\/td>\n<td><span>S\u00ed<\/span><\/td>\n<\/tr>\n<tr>\n<td><span>Alojamiento<\/span><\/td>\n<td><span>Zinc recubierto de epoxi<\/span><\/td>\n<\/tr>\n<tr>\n<td><span>Peso<\/span><\/td>\n<td><span>Fuente de alimentaci\u00f3n: 0,5 kg (1 lb), Agitador: 3,0 kg (7 lb)<\/span><\/td>\n<\/tr>\n<tr>\n<td><span>Clasificaci\u00f3n del IP<\/span><\/td>\n<td><span>IP42<\/span><\/td>\n<\/tr>\n<tr>\n<td><span>Voltaje<\/span><\/td>\n<td><span>100-240 voltios debe usar fuente de alimentaci\u00f3n Caframo<\/span><\/td>\n<\/tr>\n<tr>\n<td><span>Frecuencia<\/span><\/td>\n<td><span>50\/60 Hz<\/span><\/td>\n<\/tr>\n<tr>\n<td><span>Operaci\u00f3n a temperatura ambiente<\/span><\/td>\n<td><span>5-40 \u00b0C (41-104 \u00b0F)<\/span><\/td>\n<\/tr>\n<tr>\n<td><span>Operaci\u00f3n de humedad relativa<\/span><\/td>\n<td><span>80 %<\/span><\/td>\n<\/tr>\n<tr>\n<td><span>Aprobaciones<\/span><\/td>\n<td><span>Listado por CSA seg\u00fan los est\u00e1ndares de Canad\u00e1 y EE. UU.<\/span><\/td>\n<\/tr>\n<\/tbody>\n<\/table>\n","protected":false},"featured_media":5937,"comment_status":"closed","ping_status":"closed","template":"","meta":{"_joinchat":[]},"product_cat":[61,109,168],"product_tag":[],"class_list":{"0":"post-5936","1":"product","2":"type-product","3":"status-publish","4":"has-post-thumbnail","6":"product_cat-equipos-de-laboratorio","7":"product_cat-importacion","8":"product_cat-productos-destacados","10":"first","11":"instock","12":"shipping-taxable","13":"product-type-simple","14":"col-xs-6 col-sm-4","15":"col-md-3 col-lg-3","16":"un-4-cols"},"yoast_head":"<!-- This site is optimized with the Yoast SEO plugin v27.2 - https:\/\/yoast.com\/product\/yoast-seo-wordpress\/ -->\n<title>Agitador Digital Caframo BCD2002 - Capital Cient&iacute;fica<\/title>\n<meta name=\"robots\" content=\"index, follow, max-snippet:-1, max-image-preview:large, max-video-preview:-1\" \/>\n<link rel=\"canonical\" href=\"https:\/\/capitalcientifica.com.mx\/tienda\/product\/agitador-digital-caframo-bcd2002\/\" \/>\n<meta property=\"og:locale\" content=\"es_ES\" \/>\n<meta property=\"og:type\" content=\"article\" \/>\n<meta property=\"og:title\" content=\"Agitador Digital Caframo BCD2002 - Capital Cient&iacute;fica\" \/>\n<meta property=\"og:description\" content=\"Velocidad 40-2002 rpm   Volumen m\u00e1ximo 25 L (6,5 galones estadounidenses)   Viscosidad M\u00e1xima 15 000 mPas (15 000 cP)   Par M\u00e1ximo 70 Ncm (6 in-lb = 100 in-oz)   Potencia de salida 40 vatios (1\/18 hp)   Pantalla de velocidad S\u00ed   Precisi\u00f3n de velocidad \u00b1 1 rpm o \u00b1 3% de lectura   Pantalla de par No   Torque cero No   Temporizador No   a trav\u00e9s del eje S\u00ed   Di\u00e1metro m\u00e1ximo del eje del mandril 10 mm (\u215c pulgadas)   Guardia de mandril Disponible   Direcci\u00f3n de rotaci\u00f3n Solo en el sentido de las agujas del reloj   Autoencendido S\u00ed   Alojamiento Zinc recubierto de epoxi   Peso Fuente de alimentaci\u00f3n: 0,5 kg (1 lb), Agitador: 3,0 kg (7 lb)   Clasificaci\u00f3n del IP IP42   Voltaje 100-240 voltios debe usar fuente de alimentaci\u00f3n Caframo   Frecuencia 50\/60 Hz   Operaci\u00f3n a temperatura ambiente 5-40 \u00b0C (41-104 \u00b0F)   Operaci\u00f3n de humedad relativa 80 %   Aprobaciones Listado por CSA seg\u00fan los est\u00e1ndares de Canad\u00e1 y EE. UU.\" \/>\n<meta property=\"og:url\" content=\"https:\/\/capitalcientifica.com.mx\/tienda\/product\/agitador-digital-caframo-bcd2002\/\" \/>\n<meta property=\"og:site_name\" content=\"Capital Cient&iacute;fica\" \/>\n<meta property=\"article:modified_time\" content=\"2023-04-14T21:29:04+00:00\" \/>\n<meta property=\"og:image\" content=\"https:\/\/capitalcientifica.com.mx\/tienda\/wp-content\/uploads\/2023\/04\/agitador-caframo-2002.jpg\" \/>\n\t<meta property=\"og:image:width\" content=\"297\" \/>\n\t<meta property=\"og:image:height\" content=\"567\" \/>\n\t<meta property=\"og:image:type\" content=\"image\/jpeg\" \/>\n<meta name=\"twitter:card\" content=\"summary_large_image\" \/>\n<meta name=\"twitter:label1\" content=\"Tiempo de lectura\" \/>\n\t<meta name=\"twitter:data1\" content=\"1 minuto\" \/>\n<script type=\"application\/ld+json\" class=\"yoast-schema-graph\">{\"@context\":\"https:\/\/schema.org\",\"@graph\":[{\"@type\":\"WebPage\",\"@id\":\"https:\/\/capitalcientifica.com.mx\/tienda\/product\/agitador-digital-caframo-bcd2002\/\",\"url\":\"https:\/\/capitalcientifica.com.mx\/tienda\/product\/agitador-digital-caframo-bcd2002\/\",\"name\":\"Agitador Digital Caframo BCD2002 - Capital Cient&iacute;fica\",\"isPartOf\":{\"@id\":\"https:\/\/capitalcientifica.com.mx\/tienda\/#website\"},\"primaryImageOfPage\":{\"@id\":\"https:\/\/capitalcientifica.com.mx\/tienda\/product\/agitador-digital-caframo-bcd2002\/#primaryimage\"},\"image\":{\"@id\":\"https:\/\/capitalcientifica.com.mx\/tienda\/product\/agitador-digital-caframo-bcd2002\/#primaryimage\"},\"thumbnailUrl\":\"https:\/\/capitalcientifica.com.mx\/tienda\/wp-content\/uploads\/2023\/04\/agitador-caframo-2002.jpg\",\"datePublished\":\"2023-04-14T21:29:03+00:00\",\"dateModified\":\"2023-04-14T21:29:04+00:00\",\"breadcrumb\":{\"@id\":\"https:\/\/capitalcientifica.com.mx\/tienda\/product\/agitador-digital-caframo-bcd2002\/#breadcrumb\"},\"inLanguage\":\"es\",\"potentialAction\":[{\"@type\":\"ReadAction\",\"target\":[\"https:\/\/capitalcientifica.com.mx\/tienda\/product\/agitador-digital-caframo-bcd2002\/\"]}]},{\"@type\":\"ImageObject\",\"inLanguage\":\"es\",\"@id\":\"https:\/\/capitalcientifica.com.mx\/tienda\/product\/agitador-digital-caframo-bcd2002\/#primaryimage\",\"url\":\"https:\/\/capitalcientifica.com.mx\/tienda\/wp-content\/uploads\/2023\/04\/agitador-caframo-2002.jpg\",\"contentUrl\":\"https:\/\/capitalcientifica.com.mx\/tienda\/wp-content\/uploads\/2023\/04\/agitador-caframo-2002.jpg\",\"width\":297,\"height\":567},{\"@type\":\"BreadcrumbList\",\"@id\":\"https:\/\/capitalcientifica.com.mx\/tienda\/product\/agitador-digital-caframo-bcd2002\/#breadcrumb\",\"itemListElement\":[{\"@type\":\"ListItem\",\"position\":1,\"name\":\"Portada\",\"item\":\"https:\/\/capitalcientifica.com.mx\/tienda\/\"},{\"@type\":\"ListItem\",\"position\":2,\"name\":\"Shop\",\"item\":\"https:\/\/capitalcientifica.com.mx\/tienda\/shop\/\"},{\"@type\":\"ListItem\",\"position\":3,\"name\":\"Agitador Digital Caframo BCD2002\"}]},{\"@type\":\"WebSite\",\"@id\":\"https:\/\/capitalcientifica.com.mx\/tienda\/#website\",\"url\":\"https:\/\/capitalcientifica.com.mx\/tienda\/\",\"name\":\"Capital Cient&iacute;fica\",\"description\":\"Equipo para laboratorio\",\"potentialAction\":[{\"@type\":\"SearchAction\",\"target\":{\"@type\":\"EntryPoint\",\"urlTemplate\":\"https:\/\/capitalcientifica.com.mx\/tienda\/?s={search_term_string}\"},\"query-input\":{\"@type\":\"PropertyValueSpecification\",\"valueRequired\":true,\"valueName\":\"search_term_string\"}}],\"inLanguage\":\"es\"}]}<\/script>\n<!-- \/ Yoast SEO plugin. -->","yoast_head_json":{"title":"Agitador Digital Caframo BCD2002 - Capital Cient&iacute;fica","robots":{"index":"index","follow":"follow","max-snippet":"max-snippet:-1","max-image-preview":"max-image-preview:large","max-video-preview":"max-video-preview:-1"},"canonical":"https:\/\/capitalcientifica.com.mx\/tienda\/product\/agitador-digital-caframo-bcd2002\/","og_locale":"es_ES","og_type":"article","og_title":"Agitador Digital Caframo BCD2002 - Capital Cient&iacute;fica","og_description":"Velocidad 40-2002 rpm   Volumen m\u00e1ximo 25 L (6,5 galones estadounidenses)   Viscosidad M\u00e1xima 15 000 mPas (15 000 cP)   Par M\u00e1ximo 70 Ncm (6 in-lb = 100 in-oz)   Potencia de salida 40 vatios (1\/18 hp)   Pantalla de velocidad S\u00ed   Precisi\u00f3n de velocidad \u00b1 1 rpm o \u00b1 3% de lectura   Pantalla de par No   Torque cero No   Temporizador No   a trav\u00e9s del eje S\u00ed   Di\u00e1metro m\u00e1ximo del eje del mandril 10 mm (\u215c pulgadas)   Guardia de mandril Disponible   Direcci\u00f3n de rotaci\u00f3n Solo en el sentido de las agujas del reloj   Autoencendido S\u00ed   Alojamiento Zinc recubierto de epoxi   Peso Fuente de alimentaci\u00f3n: 0,5 kg (1 lb), Agitador: 3,0 kg (7 lb)   Clasificaci\u00f3n del IP IP42   Voltaje 100-240 voltios debe usar fuente de alimentaci\u00f3n Caframo   Frecuencia 50\/60 Hz   Operaci\u00f3n a temperatura ambiente 5-40 \u00b0C (41-104 \u00b0F)   Operaci\u00f3n de humedad relativa 80 %   Aprobaciones Listado por CSA seg\u00fan los est\u00e1ndares de Canad\u00e1 y EE. UU.","og_url":"https:\/\/capitalcientifica.com.mx\/tienda\/product\/agitador-digital-caframo-bcd2002\/","og_site_name":"Capital Cient&iacute;fica","article_modified_time":"2023-04-14T21:29:04+00:00","og_image":[{"width":297,"height":567,"url":"https:\/\/capitalcientifica.com.mx\/tienda\/wp-content\/uploads\/2023\/04\/agitador-caframo-2002.jpg","type":"image\/jpeg"}],"twitter_card":"summary_large_image","twitter_misc":{"Tiempo de lectura":"1 minuto"},"schema":{"@context":"https:\/\/schema.org","@graph":[{"@type":"WebPage","@id":"https:\/\/capitalcientifica.com.mx\/tienda\/product\/agitador-digital-caframo-bcd2002\/","url":"https:\/\/capitalcientifica.com.mx\/tienda\/product\/agitador-digital-caframo-bcd2002\/","name":"Agitador Digital Caframo BCD2002 - Capital Cient&iacute;fica","isPartOf":{"@id":"https:\/\/capitalcientifica.com.mx\/tienda\/#website"},"primaryImageOfPage":{"@id":"https:\/\/capitalcientifica.com.mx\/tienda\/product\/agitador-digital-caframo-bcd2002\/#primaryimage"},"image":{"@id":"https:\/\/capitalcientifica.com.mx\/tienda\/product\/agitador-digital-caframo-bcd2002\/#primaryimage"},"thumbnailUrl":"https:\/\/capitalcientifica.com.mx\/tienda\/wp-content\/uploads\/2023\/04\/agitador-caframo-2002.jpg","datePublished":"2023-04-14T21:29:03+00:00","dateModified":"2023-04-14T21:29:04+00:00","breadcrumb":{"@id":"https:\/\/capitalcientifica.com.mx\/tienda\/product\/agitador-digital-caframo-bcd2002\/#breadcrumb"},"inLanguage":"es","potentialAction":[{"@type":"ReadAction","target":["https:\/\/capitalcientifica.com.mx\/tienda\/product\/agitador-digital-caframo-bcd2002\/"]}]},{"@type":"ImageObject","inLanguage":"es","@id":"https:\/\/capitalcientifica.com.mx\/tienda\/product\/agitador-digital-caframo-bcd2002\/#primaryimage","url":"https:\/\/capitalcientifica.com.mx\/tienda\/wp-content\/uploads\/2023\/04\/agitador-caframo-2002.jpg","contentUrl":"https:\/\/capitalcientifica.com.mx\/tienda\/wp-content\/uploads\/2023\/04\/agitador-caframo-2002.jpg","width":297,"height":567},{"@type":"BreadcrumbList","@id":"https:\/\/capitalcientifica.com.mx\/tienda\/product\/agitador-digital-caframo-bcd2002\/#breadcrumb","itemListElement":[{"@type":"ListItem","position":1,"name":"Portada","item":"https:\/\/capitalcientifica.com.mx\/tienda\/"},{"@type":"ListItem","position":2,"name":"Shop","item":"https:\/\/capitalcientifica.com.mx\/tienda\/shop\/"},{"@type":"ListItem","position":3,"name":"Agitador Digital Caframo BCD2002"}]},{"@type":"WebSite","@id":"https:\/\/capitalcientifica.com.mx\/tienda\/#website","url":"https:\/\/capitalcientifica.com.mx\/tienda\/","name":"Capital Cient&iacute;fica","description":"Equipo para laboratorio","potentialAction":[{"@type":"SearchAction","target":{"@type":"EntryPoint","urlTemplate":"https:\/\/capitalcientifica.com.mx\/tienda\/?s={search_term_string}"},"query-input":{"@type":"PropertyValueSpecification","valueRequired":true,"valueName":"search_term_string"}}],"inLanguage":"es"}]}},"_links":{"self":[{"href":"https:\/\/capitalcientifica.com.mx\/tienda\/wp-json\/wp\/v2\/product\/5936","targetHints":{"allow":["GET"]}}],"collection":[{"href":"https:\/\/capitalcientifica.com.mx\/tienda\/wp-json\/wp\/v2\/product"}],"about":[{"href":"https:\/\/capitalcientifica.com.mx\/tienda\/wp-json\/wp\/v2\/types\/product"}],"replies":[{"embeddable":true,"href":"https:\/\/capitalcientifica.com.mx\/tienda\/wp-json\/wp\/v2\/comments?post=5936"}],"wp:featuredmedia":[{"embeddable":true,"href":"https:\/\/capitalcientifica.com.mx\/tienda\/wp-json\/wp\/v2\/media\/5937"}],"wp:attachment":[{"href":"https:\/\/capitalcientifica.com.mx\/tienda\/wp-json\/wp\/v2\/media?parent=5936"}],"wp:term":[{"taxonomy":"product_cat","embeddable":true,"href":"https:\/\/capitalcientifica.com.mx\/tienda\/wp-json\/wp\/v2\/product_cat?post=5936"},{"taxonomy":"product_tag","embeddable":true,"href":"https:\/\/capitalcientifica.com.mx\/tienda\/wp-json\/wp\/v2\/product_tag?post=5936"}],"curies":[{"name":"wp","href":"https:\/\/api.w.org\/{rel}","templated":true}]}}