{"id":5932,"date":"2023-04-14T19:15:18","date_gmt":"2023-04-14T19:15:18","guid":{"rendered":"https:\/\/capitalcientifica.com.mx\/tienda\/?post_type=product&#038;p=5932"},"modified":"2023-04-14T19:15:19","modified_gmt":"2023-04-14T19:15:19","slug":"bomba-de-vacio-vp-10l-vp-15l-vp-30l","status":"publish","type":"product","link":"https:\/\/capitalcientifica.com.mx\/tienda\/product\/bomba-de-vacio-vp-10l-vp-15l-vp-30l\/","title":{"rendered":"Bomba de vac\u00edo &#8211; VP-10L\/VP-15L\/VP-30L"},"content":{"rendered":"<h1 class=\"product_h1\"><span>Bomba de vac\u00edo &#8211; VP-10L\/VP-15L\/VP-30L<\/span><\/h1>\n<div class=\"product_info\">\n<p><span>1. Funciona sin aceite de bomba.<\/span><\/p>\n<p><span>2.Peque\u00f1o volumen.<\/span><\/p>\n<p><span>3.10L \/15L \/30L por caudal de succi\u00f3n<\/span><\/p>\n<p><span>4. Voltaje universal 110V~220V<\/span><\/p>\n<\/div>\n","protected":false},"excerpt":{"rendered":"<table width=\"749\">\n<tbody>\n<tr class=\"firstRow\">\n<td colspan=\"5\" width=\"374\" height=\"30\"><span>Datos t\u00e9cnicos de la bomba de vac\u00edo<\/span><\/td>\n<\/tr>\n<tr>\n<td width=\"374\" height=\"30\"><span>\u00a0Modelo\u00a0<\/span><\/td>\n<td width=\"375\" height=\"30\"><span>VP &#8211; 10L<\/span><\/td>\n<td width=\"375\" height=\"30\"><span>VP &#8211; 15L<\/span><\/td>\n<td width=\"375\" height=\"30\"><span>VP-15S<\/span><\/td>\n<td width=\"375\" height=\"30\"><span>VP &#8211; 30L<\/span><\/td>\n<\/tr>\n<tr>\n<td width=\"374\" height=\"30\"><span>Imagen<\/span><\/td>\n<td width=\"375\" height=\"30\"><img loading=\"lazy\" decoding=\"async\" src=\"https:\/\/s.alicdn.com\/@sc04\/kf\/Hd42215ee1f784e8c9729b11c46b02b68W\/220552482\/Hd42215ee1f784e8c9729b11c46b02b68W.jpg?quality=close\" alt=\"Bomba de vac\u00edo port\u00e1til de diafragma sin aceite JOAN LAB para uso en laboratorio\" width=\"134\" height=\"99\" data-src=\"\/\/s.alicdn.com\/@sc04\/kf\/Hd42215ee1f784e8c9729b11c46b02b68W\/220552482\/Hd42215ee1f784e8c9729b11c46b02b68W.jpg?quality=close\" data-alt=\"JOAN LAB Oilless Diaphragm Portable Vacuum Pump For Laboratory Use\" \/><\/td>\n<td width=\"375\" height=\"30\"><img loading=\"lazy\" decoding=\"async\" src=\"https:\/\/s.alicdn.com\/@sc04\/kf\/Hd42215ee1f784e8c9729b11c46b02b68W\/220552482\/Hd42215ee1f784e8c9729b11c46b02b68W.jpg?quality=close\" alt=\"Bomba de vac\u00edo port\u00e1til de diafragma sin aceite JOAN LAB para uso en laboratorio\" width=\"134\" height=\"99\" data-src=\"\/\/s.alicdn.com\/@sc04\/kf\/Hd42215ee1f784e8c9729b11c46b02b68W\/220552482\/Hd42215ee1f784e8c9729b11c46b02b68W.jpg?quality=close\" data-alt=\"JOAN LAB Oilless Diaphragm Portable Vacuum Pump For Laboratory Use\" \/><\/td>\n<td width=\"375\" height=\"30\"><img loading=\"lazy\" decoding=\"async\" src=\"https:\/\/s.alicdn.com\/@sc04\/kf\/H03c437d825e34bc18e3095e609b25f16Z\/220552482\/H03c437d825e34bc18e3095e609b25f16Z.jpg?quality=close\" alt=\"Bomba de vac\u00edo port\u00e1til de diafragma sin aceite JOAN LAB para uso en laboratorio\" width=\"134\" height=\"99\" data-src=\"\/\/s.alicdn.com\/@sc04\/kf\/H03c437d825e34bc18e3095e609b25f16Z\/220552482\/H03c437d825e34bc18e3095e609b25f16Z.jpg?quality=close\" data-alt=\"JOAN LAB Oilless Diaphragm Portable Vacuum Pump For Laboratory Use\" \/><\/td>\n<td width=\"375\" height=\"30\"><img loading=\"lazy\" decoding=\"async\" src=\"https:\/\/s.alicdn.com\/@sc04\/kf\/Hf753f8cf02ec4be984247bc452fff7bf6\/220552482\/Hf753f8cf02ec4be984247bc452fff7bf6.jpg?quality=close\" alt=\"Bomba de vac\u00edo port\u00e1til de diafragma sin aceite JOAN LAB para uso en laboratorio\" width=\"134\" height=\"99\" data-src=\"\/\/s.alicdn.com\/@sc04\/kf\/Hf753f8cf02ec4be984247bc452fff7bf6\/220552482\/Hf753f8cf02ec4be984247bc452fff7bf6.jpg?quality=close\" data-alt=\"JOAN LAB Oilless Diaphragm Portable Vacuum Pump For Laboratory Use\" \/><\/td>\n<\/tr>\n<tr>\n<td width=\"374\" height=\"30\"><span>\u00a0Tipo\u00a0<\/span><\/td>\n<td colspan=\"3\" width=\"375\" height=\"30\"><span>Presi\u00f3n negativa<\/span><\/td>\n<td width=\"375\" height=\"30\"><span>Positivo<\/span><\/p>\n<p><span>y<\/span><\/p>\n<p><span>Presi\u00f3n negativa<\/span><\/td>\n<\/tr>\n<tr>\n<td width=\"374\" height=\"30\"><span>Velocidad de bombeo: (L\/min)<\/span><\/td>\n<td width=\"375\" height=\"30\"><span>10\u00a0<\/span><\/td>\n<td width=\"375\" height=\"30\"><span>15<\/span><\/td>\n<td width=\"375\" height=\"30\"><strong><span>0 &#8211; 15<\/span><\/strong><\/td>\n<td width=\"375\" height=\"30\"><span>30<\/span><\/td>\n<\/tr>\n<tr>\n<td width=\"374\" height=\"30\">\n<p data-spm-anchor-id=\"a2700.wholesale.0.i28.36cb7f60tHqsgp\"><span>Vac\u00edo final \/ Presi\u00f3n negativa (Mpa)<\/span><\/p>\n<\/td>\n<td width=\"375\" height=\"30\"><span>0.075<\/span><\/td>\n<td colspan=\"2\" width=\"375\" height=\"30\"><span>0.08<\/span><\/td>\n<td width=\"375\" height=\"30\"><span>0.085<\/span><\/td>\n<\/tr>\n<tr>\n<td width=\"374\" height=\"30\">\n<p data-spm-anchor-id=\"a2700.wholesale.0.i27.36cb7f60tHqsgp\"><span>Presi\u00f3n m\u00e1xima\/presi\u00f3n positiva (bar)<\/span><\/p>\n<\/td>\n<td width=\"375\" height=\"30\">\n<p data-spm-anchor-id=\"a2700.wholesale.0.i29.36cb7f60tHqsgp\"><span>\/<\/span><\/p>\n<\/td>\n<td colspan=\"2\" width=\"375\" height=\"30\"><span>\/<\/span><\/td>\n<td width=\"375\" height=\"30\"><span>5.0<\/span><\/td>\n<\/tr>\n<tr>\n<td width=\"374\" height=\"30\"><span>\u00a0Nivel de ruido (DB)<\/span><\/td>\n<td width=\"375\" height=\"30\"><span>&lt;40<\/span><\/td>\n<td colspan=\"2\" width=\"375\" height=\"30\"><span>&lt;45<\/span><\/td>\n<td width=\"375\" height=\"30\"><span>&lt;50<\/span><\/td>\n<\/tr>\n<tr>\n<td width=\"374\" height=\"30\"><span>\u00a0Potencia del motor (W)<\/span><\/td>\n<td width=\"375\" height=\"30\"><span>20<\/span><\/td>\n<td colspan=\"2\" width=\"375\" height=\"30\"><span>30<\/span><\/td>\n<td width=\"375\" height=\"30\"><span>50<\/span><\/td>\n<\/tr>\n<tr>\n<td width=\"374\" height=\"30\"><span>\u00a0Diafragma y Vales<\/span><\/td>\n<td colspan=\"4\" width=\"375\" height=\"30\"><span>NBR<\/span><\/td>\n<\/tr>\n<tr>\n<td width=\"374\" height=\"30\"><span>\u00a0Protecci\u00f3n de sobrecarga\u00a0<\/span><\/td>\n<td colspan=\"4\" width=\"375\" height=\"30\"><span>S\u00cd<\/span><\/td>\n<\/tr>\n<tr>\n<td width=\"374\" height=\"30\"><span>\u00a0Protecci\u00f3n contra sobretemperatura<\/span><\/td>\n<td colspan=\"4\" width=\"375\" height=\"30\"><span>S\u00cd<\/span><\/td>\n<\/tr>\n<tr>\n<td width=\"374\" height=\"30\"><span>\u00a0Protecci\u00f3n contra cortocircuitos<\/span><\/td>\n<td colspan=\"4\" width=\"375\" height=\"30\"><span>S\u00cd<\/span><\/td>\n<\/tr>\n<tr>\n<td width=\"374\" height=\"30\"><span>\u00a0Dimensiones (mm)<\/span><\/td>\n<td colspan=\"3\" width=\"375\" height=\"30\"><span>192x100x135\u00a0<\/span><\/td>\n<td width=\"375\" height=\"30\"><span>240x120x160<\/span><\/td>\n<\/tr>\n<tr>\n<td width=\"374\" height=\"30\"><span>\u00a0Peso de los productos (kg)<\/span><\/td>\n<td colspan=\"3\" width=\"375\" height=\"30\"><span>\u00a01.58<\/span><\/td>\n<td width=\"375\" height=\"30\"><span>2.68<\/span><\/td>\n<\/tr>\n<\/tbody>\n<\/table>\n","protected":false},"featured_media":5934,"comment_status":"closed","ping_status":"closed","template":"","meta":{"_joinchat":[]},"product_cat":[61,168],"product_tag":[],"class_list":{"0":"post-5932","1":"product","2":"type-product","3":"status-publish","4":"has-post-thumbnail","6":"product_cat-equipos-de-laboratorio","7":"product_cat-productos-destacados","9":"first","10":"instock","11":"shipping-taxable","12":"product-type-simple","13":"col-xs-6 col-sm-4","14":"col-md-3 col-lg-3","15":"un-4-cols"},"yoast_head":"<!-- This site is optimized with the Yoast SEO plugin v27.2 - https:\/\/yoast.com\/product\/yoast-seo-wordpress\/ -->\n<title>Bomba de vac\u00edo - VP-10L\/VP-15L\/VP-30L - Capital Cient&iacute;fica<\/title>\n<meta name=\"robots\" content=\"index, follow, max-snippet:-1, max-image-preview:large, max-video-preview:-1\" \/>\n<link rel=\"canonical\" href=\"https:\/\/capitalcientifica.com.mx\/tienda\/product\/bomba-de-vacio-vp-10l-vp-15l-vp-30l\/\" \/>\n<meta property=\"og:locale\" content=\"es_ES\" \/>\n<meta property=\"og:type\" content=\"article\" \/>\n<meta property=\"og:title\" content=\"Bomba de vac\u00edo - VP-10L\/VP-15L\/VP-30L - Capital Cient&iacute;fica\" \/>\n<meta property=\"og:description\" content=\"Datos t\u00e9cnicos de la bomba de vac\u00edo   \u00a0Modelo\u00a0 VP - 10L VP - 15L VP-15S VP - 30L   Imagen       \u00a0Tipo\u00a0 Presi\u00f3n negativa Positivo  y  Presi\u00f3n negativa   Velocidad de bombeo: (L\/min) 10\u00a0 15 0 - 15 30    Vac\u00edo final \/ Presi\u00f3n negativa (Mpa)  0.075 0.08 0.085    Presi\u00f3n m\u00e1xima\/presi\u00f3n positiva (bar)   \/  \/ 5.0   \u00a0Nivel de ruido (DB) &lt;40 &lt;45 &lt;50   \u00a0Potencia del motor (W) 20 30 50   \u00a0Diafragma y Vales NBR   \u00a0Protecci\u00f3n de sobrecarga\u00a0 S\u00cd   \u00a0Protecci\u00f3n contra sobretemperatura S\u00cd   \u00a0Protecci\u00f3n contra cortocircuitos S\u00cd   \u00a0Dimensiones (mm) 192x100x135\u00a0 240x120x160   \u00a0Peso de los productos (kg) \u00a01.58 2.68\" \/>\n<meta property=\"og:url\" content=\"https:\/\/capitalcientifica.com.mx\/tienda\/product\/bomba-de-vacio-vp-10l-vp-15l-vp-30l\/\" \/>\n<meta property=\"og:site_name\" content=\"Capital Cient&iacute;fica\" \/>\n<meta property=\"article:modified_time\" content=\"2023-04-14T19:15:19+00:00\" \/>\n<meta property=\"og:image\" content=\"https:\/\/capitalcientifica.com.mx\/tienda\/wp-content\/uploads\/2023\/04\/bomba-de-vacio-vp10lt.jpg\" \/>\n\t<meta property=\"og:image:width\" content=\"349\" \/>\n\t<meta property=\"og:image:height\" content=\"306\" \/>\n\t<meta property=\"og:image:type\" content=\"image\/jpeg\" \/>\n<meta name=\"twitter:card\" content=\"summary_large_image\" \/>\n<meta name=\"twitter:label1\" content=\"Tiempo de lectura\" \/>\n\t<meta name=\"twitter:data1\" content=\"1 minuto\" \/>\n<script type=\"application\/ld+json\" class=\"yoast-schema-graph\">{\"@context\":\"https:\/\/schema.org\",\"@graph\":[{\"@type\":\"WebPage\",\"@id\":\"https:\/\/capitalcientifica.com.mx\/tienda\/product\/bomba-de-vacio-vp-10l-vp-15l-vp-30l\/\",\"url\":\"https:\/\/capitalcientifica.com.mx\/tienda\/product\/bomba-de-vacio-vp-10l-vp-15l-vp-30l\/\",\"name\":\"Bomba de vac\u00edo - VP-10L\/VP-15L\/VP-30L - Capital Cient&iacute;fica\",\"isPartOf\":{\"@id\":\"https:\/\/capitalcientifica.com.mx\/tienda\/#website\"},\"primaryImageOfPage\":{\"@id\":\"https:\/\/capitalcientifica.com.mx\/tienda\/product\/bomba-de-vacio-vp-10l-vp-15l-vp-30l\/#primaryimage\"},\"image\":{\"@id\":\"https:\/\/capitalcientifica.com.mx\/tienda\/product\/bomba-de-vacio-vp-10l-vp-15l-vp-30l\/#primaryimage\"},\"thumbnailUrl\":\"https:\/\/capitalcientifica.com.mx\/tienda\/wp-content\/uploads\/2023\/04\/bomba-de-vacio-vp10lt.jpg\",\"datePublished\":\"2023-04-14T19:15:18+00:00\",\"dateModified\":\"2023-04-14T19:15:19+00:00\",\"breadcrumb\":{\"@id\":\"https:\/\/capitalcientifica.com.mx\/tienda\/product\/bomba-de-vacio-vp-10l-vp-15l-vp-30l\/#breadcrumb\"},\"inLanguage\":\"es\",\"potentialAction\":[{\"@type\":\"ReadAction\",\"target\":[\"https:\/\/capitalcientifica.com.mx\/tienda\/product\/bomba-de-vacio-vp-10l-vp-15l-vp-30l\/\"]}]},{\"@type\":\"ImageObject\",\"inLanguage\":\"es\",\"@id\":\"https:\/\/capitalcientifica.com.mx\/tienda\/product\/bomba-de-vacio-vp-10l-vp-15l-vp-30l\/#primaryimage\",\"url\":\"https:\/\/capitalcientifica.com.mx\/tienda\/wp-content\/uploads\/2023\/04\/bomba-de-vacio-vp10lt.jpg\",\"contentUrl\":\"https:\/\/capitalcientifica.com.mx\/tienda\/wp-content\/uploads\/2023\/04\/bomba-de-vacio-vp10lt.jpg\",\"width\":349,\"height\":306},{\"@type\":\"BreadcrumbList\",\"@id\":\"https:\/\/capitalcientifica.com.mx\/tienda\/product\/bomba-de-vacio-vp-10l-vp-15l-vp-30l\/#breadcrumb\",\"itemListElement\":[{\"@type\":\"ListItem\",\"position\":1,\"name\":\"Portada\",\"item\":\"https:\/\/capitalcientifica.com.mx\/tienda\/\"},{\"@type\":\"ListItem\",\"position\":2,\"name\":\"Shop\",\"item\":\"https:\/\/capitalcientifica.com.mx\/tienda\/shop\/\"},{\"@type\":\"ListItem\",\"position\":3,\"name\":\"Bomba de vac\u00edo &#8211; VP-10L\/VP-15L\/VP-30L\"}]},{\"@type\":\"WebSite\",\"@id\":\"https:\/\/capitalcientifica.com.mx\/tienda\/#website\",\"url\":\"https:\/\/capitalcientifica.com.mx\/tienda\/\",\"name\":\"Capital Cient&iacute;fica\",\"description\":\"Equipo para laboratorio\",\"potentialAction\":[{\"@type\":\"SearchAction\",\"target\":{\"@type\":\"EntryPoint\",\"urlTemplate\":\"https:\/\/capitalcientifica.com.mx\/tienda\/?s={search_term_string}\"},\"query-input\":{\"@type\":\"PropertyValueSpecification\",\"valueRequired\":true,\"valueName\":\"search_term_string\"}}],\"inLanguage\":\"es\"}]}<\/script>\n<!-- \/ Yoast SEO plugin. -->","yoast_head_json":{"title":"Bomba de vac\u00edo - VP-10L\/VP-15L\/VP-30L - Capital Cient&iacute;fica","robots":{"index":"index","follow":"follow","max-snippet":"max-snippet:-1","max-image-preview":"max-image-preview:large","max-video-preview":"max-video-preview:-1"},"canonical":"https:\/\/capitalcientifica.com.mx\/tienda\/product\/bomba-de-vacio-vp-10l-vp-15l-vp-30l\/","og_locale":"es_ES","og_type":"article","og_title":"Bomba de vac\u00edo - VP-10L\/VP-15L\/VP-30L - Capital Cient&iacute;fica","og_description":"Datos t\u00e9cnicos de la bomba de vac\u00edo   \u00a0Modelo\u00a0 VP - 10L VP - 15L VP-15S VP - 30L   Imagen       \u00a0Tipo\u00a0 Presi\u00f3n negativa Positivo  y  Presi\u00f3n negativa   Velocidad de bombeo: (L\/min) 10\u00a0 15 0 - 15 30    Vac\u00edo final \/ Presi\u00f3n negativa (Mpa)  0.075 0.08 0.085    Presi\u00f3n m\u00e1xima\/presi\u00f3n positiva (bar)   \/  \/ 5.0   \u00a0Nivel de ruido (DB) &lt;40 &lt;45 &lt;50   \u00a0Potencia del motor (W) 20 30 50   \u00a0Diafragma y Vales NBR   \u00a0Protecci\u00f3n de sobrecarga\u00a0 S\u00cd   \u00a0Protecci\u00f3n contra sobretemperatura S\u00cd   \u00a0Protecci\u00f3n contra cortocircuitos S\u00cd   \u00a0Dimensiones (mm) 192x100x135\u00a0 240x120x160   \u00a0Peso de los productos (kg) \u00a01.58 2.68","og_url":"https:\/\/capitalcientifica.com.mx\/tienda\/product\/bomba-de-vacio-vp-10l-vp-15l-vp-30l\/","og_site_name":"Capital Cient&iacute;fica","article_modified_time":"2023-04-14T19:15:19+00:00","og_image":[{"width":349,"height":306,"url":"https:\/\/capitalcientifica.com.mx\/tienda\/wp-content\/uploads\/2023\/04\/bomba-de-vacio-vp10lt.jpg","type":"image\/jpeg"}],"twitter_card":"summary_large_image","twitter_misc":{"Tiempo de lectura":"1 minuto"},"schema":{"@context":"https:\/\/schema.org","@graph":[{"@type":"WebPage","@id":"https:\/\/capitalcientifica.com.mx\/tienda\/product\/bomba-de-vacio-vp-10l-vp-15l-vp-30l\/","url":"https:\/\/capitalcientifica.com.mx\/tienda\/product\/bomba-de-vacio-vp-10l-vp-15l-vp-30l\/","name":"Bomba de vac\u00edo - VP-10L\/VP-15L\/VP-30L - Capital Cient&iacute;fica","isPartOf":{"@id":"https:\/\/capitalcientifica.com.mx\/tienda\/#website"},"primaryImageOfPage":{"@id":"https:\/\/capitalcientifica.com.mx\/tienda\/product\/bomba-de-vacio-vp-10l-vp-15l-vp-30l\/#primaryimage"},"image":{"@id":"https:\/\/capitalcientifica.com.mx\/tienda\/product\/bomba-de-vacio-vp-10l-vp-15l-vp-30l\/#primaryimage"},"thumbnailUrl":"https:\/\/capitalcientifica.com.mx\/tienda\/wp-content\/uploads\/2023\/04\/bomba-de-vacio-vp10lt.jpg","datePublished":"2023-04-14T19:15:18+00:00","dateModified":"2023-04-14T19:15:19+00:00","breadcrumb":{"@id":"https:\/\/capitalcientifica.com.mx\/tienda\/product\/bomba-de-vacio-vp-10l-vp-15l-vp-30l\/#breadcrumb"},"inLanguage":"es","potentialAction":[{"@type":"ReadAction","target":["https:\/\/capitalcientifica.com.mx\/tienda\/product\/bomba-de-vacio-vp-10l-vp-15l-vp-30l\/"]}]},{"@type":"ImageObject","inLanguage":"es","@id":"https:\/\/capitalcientifica.com.mx\/tienda\/product\/bomba-de-vacio-vp-10l-vp-15l-vp-30l\/#primaryimage","url":"https:\/\/capitalcientifica.com.mx\/tienda\/wp-content\/uploads\/2023\/04\/bomba-de-vacio-vp10lt.jpg","contentUrl":"https:\/\/capitalcientifica.com.mx\/tienda\/wp-content\/uploads\/2023\/04\/bomba-de-vacio-vp10lt.jpg","width":349,"height":306},{"@type":"BreadcrumbList","@id":"https:\/\/capitalcientifica.com.mx\/tienda\/product\/bomba-de-vacio-vp-10l-vp-15l-vp-30l\/#breadcrumb","itemListElement":[{"@type":"ListItem","position":1,"name":"Portada","item":"https:\/\/capitalcientifica.com.mx\/tienda\/"},{"@type":"ListItem","position":2,"name":"Shop","item":"https:\/\/capitalcientifica.com.mx\/tienda\/shop\/"},{"@type":"ListItem","position":3,"name":"Bomba de vac\u00edo &#8211; VP-10L\/VP-15L\/VP-30L"}]},{"@type":"WebSite","@id":"https:\/\/capitalcientifica.com.mx\/tienda\/#website","url":"https:\/\/capitalcientifica.com.mx\/tienda\/","name":"Capital Cient&iacute;fica","description":"Equipo para laboratorio","potentialAction":[{"@type":"SearchAction","target":{"@type":"EntryPoint","urlTemplate":"https:\/\/capitalcientifica.com.mx\/tienda\/?s={search_term_string}"},"query-input":{"@type":"PropertyValueSpecification","valueRequired":true,"valueName":"search_term_string"}}],"inLanguage":"es"}]}},"_links":{"self":[{"href":"https:\/\/capitalcientifica.com.mx\/tienda\/wp-json\/wp\/v2\/product\/5932","targetHints":{"allow":["GET"]}}],"collection":[{"href":"https:\/\/capitalcientifica.com.mx\/tienda\/wp-json\/wp\/v2\/product"}],"about":[{"href":"https:\/\/capitalcientifica.com.mx\/tienda\/wp-json\/wp\/v2\/types\/product"}],"replies":[{"embeddable":true,"href":"https:\/\/capitalcientifica.com.mx\/tienda\/wp-json\/wp\/v2\/comments?post=5932"}],"wp:featuredmedia":[{"embeddable":true,"href":"https:\/\/capitalcientifica.com.mx\/tienda\/wp-json\/wp\/v2\/media\/5934"}],"wp:attachment":[{"href":"https:\/\/capitalcientifica.com.mx\/tienda\/wp-json\/wp\/v2\/media?parent=5932"}],"wp:term":[{"taxonomy":"product_cat","embeddable":true,"href":"https:\/\/capitalcientifica.com.mx\/tienda\/wp-json\/wp\/v2\/product_cat?post=5932"},{"taxonomy":"product_tag","embeddable":true,"href":"https:\/\/capitalcientifica.com.mx\/tienda\/wp-json\/wp\/v2\/product_tag?post=5932"}],"curies":[{"name":"wp","href":"https:\/\/api.w.org\/{rel}","templated":true}]}}