{"id":5924,"date":"2023-04-14T00:05:47","date_gmt":"2023-04-14T00:05:47","guid":{"rendered":"https:\/\/capitalcientifica.com.mx\/tienda\/?post_type=product&#038;p=5924"},"modified":"2023-04-14T00:05:47","modified_gmt":"2023-04-14T00:05:47","slug":"autoclave-vertical-de-50-lts","status":"publish","type":"product","link":"https:\/\/capitalcientifica.com.mx\/tienda\/product\/autoclave-vertical-de-50-lts\/","title":{"rendered":"AUTOCLAVE VERTICAL DE 50 LTS"},"content":{"rendered":"<ul class=\"dot_list\">\n<li><span>El controlador de microprocesador y la funci\u00f3n de calibraci\u00f3n de temperatura permiten un control de temperatura de alta precisi\u00f3n.<\/span><br \/>\n<span>&#8211; Temperatura de esterilizaci\u00f3n de 110 a 123\u00b0C<\/span><br \/>\n<span>&#8211; Temperatura de fusi\u00f3n* de 60 a 100\u00b0C<\/span><br \/>\n<span>* Licuefacci\u00f3n de medios de agar coagulado.<\/span><\/li>\n<li><span>Sistema de esterilizaci\u00f3n autom\u00e1tico para operaci\u00f3n desatendida.<\/span><br \/>\n<span>&#8211; Calentamiento &gt; Comprobar caja fuerte &gt; Esterilizaci\u00f3n &gt; Esterilizaci\u00f3n caja fuerte &gt; Agotamiento &gt; Fin<\/span><\/li>\n<li><span>Convenientes modos de operaci\u00f3n para varios usos.<\/span><br \/>\n<span>&#8211; Los modos est\u00e1ndar y los modos de programa se enumeran en detalle en las siguientes tablas.<\/span><\/li>\n<li><span>Funci\u00f3n de calibraci\u00f3n de temperatura.<\/span><\/li>\n<\/ul>\n","protected":false},"excerpt":{"rendered":"<table>\n<tbody>\n<tr>\n<th colspan=\"2\"><span>Modelo<\/span><\/th>\n<th><span>ST-50G<\/span><\/th>\n<th><span>ST-65G<\/span><\/th>\n<th><span>ST-85G<\/span><\/th>\n<th><span>ST-105G\u00a0<\/span><\/th>\n<\/tr>\n<tr>\n<td colspan=\"2\"><span>Control<\/span><\/td>\n<td colspan=\"4\"><span>Control PID por microprocesador<\/span><\/td>\n<\/tr>\n<tr>\n<td colspan=\"2\"><span>Volumen de la c\u00e1mara\u00a0<\/span><span class=\"small_text\"><span>(L \/ pies c\u00fabicos)<\/span><\/span><\/td>\n<td><span>50 \/ 1,76<\/span><\/td>\n<td><span>65 \/ 2,29<\/span><\/td>\n<td><span>85 \/ 3.0<\/span><\/td>\n<td><span>105 \/ 3.7<\/span><\/td>\n<\/tr>\n<tr>\n<td rowspan=\"2\"><span>Temperatura<\/span><\/td>\n<td><span>Temperatura de esterilizaci\u00f3n.\u00a0<\/span><span class=\"small_text\"><span>(\u2103 \/ \u2109)<\/span><\/span><\/td>\n<td colspan=\"4\"><span>110 a 123 \/ 230 a 253,4<\/span><\/td>\n<\/tr>\n<tr>\n<td><span>Temperatura de fusi\u00f3n.\u00a0<\/span><span class=\"small_text\"><span>(\u2103 \/ \u2109)<\/span><\/span><\/td>\n<td colspan=\"4\"><span>60 a 100 \/ 140 a 212<\/span><\/td>\n<\/tr>\n<tr>\n<td rowspan=\"3\"><span>Presi\u00f3n<\/span><\/td>\n<td><span>Esterilizaci\u00f3n a 121 \u2103\u00a0<\/span><span class=\"small_text\"><span>(kg\/cm2)<\/span><\/span><\/td>\n<td colspan=\"4\"><span>1.1 a 1.2<\/span><\/td>\n<\/tr>\n<tr>\n<td><span>Rango de calibre en anal\u00f3gico\u00a0<\/span><span class=\"small_text\"><span>(Mpa)<\/span><\/span><\/td>\n<td colspan=\"4\"><span>&#8211; 0,1 a 0,6<\/span><\/td>\n<\/tr>\n<tr>\n<td><span>Altitud admisible\u00a0<\/span><span class=\"small_text\"><span>(m)<\/span><\/span><\/td>\n<td colspan=\"4\"><span>hasta 800<\/span><\/td>\n<\/tr>\n<tr>\n<td colspan=\"2\" rowspan=\"2\"><span>Seguridad<\/span><\/td>\n<td colspan=\"4\"><span>Protector de sobretemperatura \/ V\u00e1lvula de seguridad de presi\u00f3n \/ Protector de sobrecorriente<\/span><\/td>\n<\/tr>\n<tr>\n<td colspan=\"4\"><span>Alerta de advertencia\u00a0<\/span><span class=\"small_text\"><span>(temperatura excesiva, temperatura baja, temperatura baja, falla de esterilizaci\u00f3n, nivel de agua bajo)<\/span><\/span><\/td>\n<\/tr>\n<tr>\n<td colspan=\"2\"><span>Temporizador<\/span><\/td>\n<td colspan=\"4\"><span>0 a 999 min.<\/span><\/td>\n<\/tr>\n<tr>\n<td rowspan=\"6\"><span>Dimensi\u00f3n<\/span><\/td>\n<td><span>Interior\u00a0<\/span><span class=\"small_text\"><span>(ancho x alto)\u00a0<\/span><\/span><span class=\"small_text\"><span>(mm\/pulgadas)<\/span><\/span><\/td>\n<td><span>400&#215;458 \/ 15,75&#215;18,03<\/span><\/td>\n<td><span>400&#215;558 \/ 15,75&#215;21,97<\/span><\/td>\n<td><span>400&#215;758 \/ 15,75&#215;29,84<\/span><\/td>\n<td><span>400&#215;908 \/ 15,75&#215;35,75<\/span><\/td>\n<\/tr>\n<tr>\n<td><span>Exterior\u00a0<\/span><span class=\"small_text\"><span>(An. \u00d7 Pr. \u00d7 Al.)\u00a0<\/span><\/span><span class=\"small_text\"><span>(mm\/pulgadas)<\/span><\/span><\/td>\n<td><span>624x672x870<\/span><\/p>\n<p><span>\/ 24,57&#215;26,46&#215;34,25<\/span><\/td>\n<td><span>624x672x971<\/span><\/p>\n<p><span>\/ 24,57&#215;26,46&#215;38,23<\/span><\/td>\n<td><span>624x672x1083<\/span><\/p>\n<p><span>\/ 24,57&#215;26,46&#215;42,64<\/span><\/td>\n<td><span>624x672x1233<\/span><\/p>\n<p><span>\/ 24,57&#215;26,46&#215;48,54<\/span><\/td>\n<\/tr>\n<tr>\n<td><span>Exterior con tanque de escape<\/span><\/p>\n<p><span class=\"small_text\"><span>(Ancho\u00d7Profundidad\u00d7Alto)\u00a0<\/span><\/span><span class=\"small_text\"><span>(mm\/pulgadas)<\/span><\/span><\/td>\n<td><span>722x672x870<\/span><\/p>\n<p><span>\/ 28,42&#215;26,46&#215;34,25<\/span><\/td>\n<td><span>722x672x971<\/span><\/p>\n<p><span>\/ 28,42&#215;26,46&#215;38,23<\/span><\/td>\n<td><span>722x672x1083<\/span><\/p>\n<p><span>\/ 28,42&#215;26,46&#215;42,64<\/span><\/td>\n<td><span>722x672x1233<\/span><\/p>\n<p><span>\/ 28,42&#215;26,46&#215;48,54<\/span><\/td>\n<\/tr>\n<tr>\n<td><span>puerta m\u00e1x.\u00a0apertura<\/span><\/p>\n<p><span class=\"small_text\"><span>(Ancho\u00d7Profundidad\u00d7Alto)\u00a0<\/span><\/span><span class=\"small_text\"><span>(mm\/pulgadas)<\/span><\/span><\/td>\n<td><span>1012x672x882<\/span><\/p>\n<p><span>\/ 39,84&#215;26,46&#215;34,72<\/span><\/td>\n<td><span>1012x672x983<\/span><\/p>\n<p><span>\/ 39,84&#215;26,46&#215;38,7<\/span><\/td>\n<td><span>1012x672x1095<\/span><\/p>\n<p><span>\/ 39,84&#215;26,46&#215;43,11<\/span><\/td>\n<td><span>1012x672x1245<\/span><\/p>\n<p><span>\/ 39,84&#215;26,46&#215;49,01<\/span><\/td>\n<\/tr>\n<tr>\n<td><span>Cesta\u00a0<\/span><span class=\"small_text\"><span>(\u00d8xH)\u00a0<\/span><\/span><span class=\"small_text\"><span>(mm \/ pulgadas)<\/span><\/span><\/td>\n<td><span>380&#215;180 \/ 14,96&#215;7,09<\/span><\/td>\n<td><span>380&#215;230 \/ 14,96&#215;9,05<\/span><\/td>\n<td><span>380&#215;330 \/ 14,96&#215;12,99<\/span><\/td>\n<td><span>380&#215;405 \/ 14,96&#215;15,94<\/span><\/td>\n<\/tr>\n<tr>\n<td><span>Peso neto\u00a0<\/span><span class=\"small_text\"><span>(Kg \/ lbs)<\/span><\/span><\/td>\n<td><span>94,5 \/ 208,34<\/span><\/td>\n<td><span>99,5 \/ 219,36<\/span><\/td>\n<td><span>104 \/ 229.28<\/span><\/td>\n<td><span>110 \/ 242.51<\/span><\/td>\n<\/tr>\n<tr>\n<td colspan=\"2\"><span>Requisitos el\u00e9ctricos\u00a0<\/span><span class=\"small_text\"><span>(230V, 50\/60 Hz)<\/span><\/span><\/td>\n<td><span>14.3A<\/span><\/td>\n<td><span>14.3A<\/span><\/td>\n<td><span>14.3A<\/span><\/td>\n<td><span>21.3A<\/span><\/td>\n<\/tr>\n<tr>\n<td colspan=\"2\"><b><span>Gato.\u00a0No.<\/span><\/b><\/td>\n<td><b><span>AAHL1015K<\/span><\/b><\/td>\n<td><b><span>AAHL1025K<\/span><\/b><\/td>\n<td><b><span>AAHL1035K<\/span><\/b><\/td>\n<td><strong><span>AAHL1045K<\/span><\/strong><\/td>\n<\/tr>\n<\/tbody>\n<\/table>\n","protected":false},"featured_media":5925,"comment_status":"closed","ping_status":"closed","template":"","meta":{"_joinchat":[]},"product_cat":[61,168],"product_tag":[],"class_list":{"0":"post-5924","1":"product","2":"type-product","3":"status-publish","4":"has-post-thumbnail","6":"product_cat-equipos-de-laboratorio","7":"product_cat-productos-destacados","9":"first","10":"instock","11":"shipping-taxable","12":"product-type-simple","13":"col-xs-6 col-sm-4","14":"col-md-3 col-lg-3","15":"un-4-cols"},"yoast_head":"<!-- This site is optimized with the Yoast SEO plugin v27.2 - https:\/\/yoast.com\/product\/yoast-seo-wordpress\/ -->\n<title>AUTOCLAVE VERTICAL DE 50 LTS - Capital Cient&iacute;fica<\/title>\n<meta name=\"robots\" content=\"index, follow, max-snippet:-1, max-image-preview:large, max-video-preview:-1\" \/>\n<link rel=\"canonical\" href=\"https:\/\/capitalcientifica.com.mx\/tienda\/product\/autoclave-vertical-de-50-lts\/\" \/>\n<meta property=\"og:locale\" content=\"es_ES\" \/>\n<meta property=\"og:type\" content=\"article\" \/>\n<meta property=\"og:title\" content=\"AUTOCLAVE VERTICAL DE 50 LTS - Capital Cient&iacute;fica\" \/>\n<meta property=\"og:description\" content=\"Modelo ST-50G ST-65G ST-85G ST-105G\u00a0   Control Control PID por microprocesador   Volumen de la c\u00e1mara\u00a0(L \/ pies c\u00fabicos) 50 \/ 1,76 65 \/ 2,29 85 \/ 3.0 105 \/ 3.7   Temperatura Temperatura de esterilizaci\u00f3n.\u00a0(\u2103 \/ \u2109) 110 a 123 \/ 230 a 253,4   Temperatura de fusi\u00f3n.\u00a0(\u2103 \/ \u2109) 60 a 100 \/ 140 a 212   Presi\u00f3n Esterilizaci\u00f3n a 121 \u2103\u00a0(kg\/cm2) 1.1 a 1.2   Rango de calibre en anal\u00f3gico\u00a0(Mpa) - 0,1 a 0,6   Altitud admisible\u00a0(m) hasta 800   Seguridad Protector de sobretemperatura \/ V\u00e1lvula de seguridad de presi\u00f3n \/ Protector de sobrecorriente   Alerta de advertencia\u00a0(temperatura excesiva, temperatura baja, temperatura baja, falla de esterilizaci\u00f3n, nivel de agua bajo)   Temporizador 0 a 999 min.   Dimensi\u00f3n Interior\u00a0(ancho x alto)\u00a0(mm\/pulgadas) 400x458 \/ 15,75x18,03 400x558 \/ 15,75x21,97 400x758 \/ 15,75x29,84 400x908 \/ 15,75x35,75   Exterior\u00a0(An. \u00d7 Pr. \u00d7 Al.)\u00a0(mm\/pulgadas) 624x672x870  \/ 24,57x26,46x34,25 624x672x971  \/ 24,57x26,46x38,23 624x672x1083  \/ 24,57x26,46x42,64 624x672x1233  \/ 24,57x26,46x48,54   Exterior con tanque de escape  (Ancho\u00d7Profundidad\u00d7Alto)\u00a0(mm\/pulgadas) 722x672x870  \/ 28,42x26,46x34,25 722x672x971  \/ 28,42x26,46x38,23 722x672x1083  \/ 28,42x26,46x42,64 722x672x1233  \/ 28,42x26,46x48,54   puerta m\u00e1x.\u00a0apertura  (Ancho\u00d7Profundidad\u00d7Alto)\u00a0(mm\/pulgadas) 1012x672x882  \/ 39,84x26,46x34,72 1012x672x983  \/ 39,84x26,46x38,7 1012x672x1095  \/ 39,84x26,46x43,11 1012x672x1245  \/ 39,84x26,46x49,01   Cesta\u00a0(\u00d8xH)\u00a0(mm \/ pulgadas) 380x180 \/ 14,96x7,09 380x230 \/ 14,96x9,05 380x330 \/ 14,96x12,99 380x405 \/ 14,96x15,94   Peso neto\u00a0(Kg \/ lbs) 94,5 \/ 208,34 99,5 \/ 219,36 104 \/ 229.28 110 \/ 242.51   Requisitos el\u00e9ctricos\u00a0(230V, 50\/60 Hz) 14.3A 14.3A 14.3A 21.3A   Gato.\u00a0No. AAHL1015K AAHL1025K AAHL1035K AAHL1045K\" \/>\n<meta property=\"og:url\" content=\"https:\/\/capitalcientifica.com.mx\/tienda\/product\/autoclave-vertical-de-50-lts\/\" \/>\n<meta property=\"og:site_name\" content=\"Capital Cient&iacute;fica\" \/>\n<meta property=\"og:image\" content=\"https:\/\/capitalcientifica.com.mx\/tienda\/wp-content\/uploads\/2023\/04\/AUTOCLAVE-VERTICAL.jpg\" \/>\n\t<meta property=\"og:image:width\" content=\"534\" \/>\n\t<meta property=\"og:image:height\" content=\"560\" \/>\n\t<meta property=\"og:image:type\" content=\"image\/jpeg\" \/>\n<meta name=\"twitter:card\" content=\"summary_large_image\" \/>\n<meta name=\"twitter:label1\" content=\"Tiempo de lectura\" \/>\n\t<meta name=\"twitter:data1\" content=\"1 minuto\" \/>\n<script type=\"application\/ld+json\" class=\"yoast-schema-graph\">{\"@context\":\"https:\/\/schema.org\",\"@graph\":[{\"@type\":\"WebPage\",\"@id\":\"https:\/\/capitalcientifica.com.mx\/tienda\/product\/autoclave-vertical-de-50-lts\/\",\"url\":\"https:\/\/capitalcientifica.com.mx\/tienda\/product\/autoclave-vertical-de-50-lts\/\",\"name\":\"AUTOCLAVE VERTICAL DE 50 LTS - Capital Cient&iacute;fica\",\"isPartOf\":{\"@id\":\"https:\/\/capitalcientifica.com.mx\/tienda\/#website\"},\"primaryImageOfPage\":{\"@id\":\"https:\/\/capitalcientifica.com.mx\/tienda\/product\/autoclave-vertical-de-50-lts\/#primaryimage\"},\"image\":{\"@id\":\"https:\/\/capitalcientifica.com.mx\/tienda\/product\/autoclave-vertical-de-50-lts\/#primaryimage\"},\"thumbnailUrl\":\"https:\/\/capitalcientifica.com.mx\/tienda\/wp-content\/uploads\/2023\/04\/AUTOCLAVE-VERTICAL.jpg\",\"datePublished\":\"2023-04-14T00:05:47+00:00\",\"breadcrumb\":{\"@id\":\"https:\/\/capitalcientifica.com.mx\/tienda\/product\/autoclave-vertical-de-50-lts\/#breadcrumb\"},\"inLanguage\":\"es\",\"potentialAction\":[{\"@type\":\"ReadAction\",\"target\":[\"https:\/\/capitalcientifica.com.mx\/tienda\/product\/autoclave-vertical-de-50-lts\/\"]}]},{\"@type\":\"ImageObject\",\"inLanguage\":\"es\",\"@id\":\"https:\/\/capitalcientifica.com.mx\/tienda\/product\/autoclave-vertical-de-50-lts\/#primaryimage\",\"url\":\"https:\/\/capitalcientifica.com.mx\/tienda\/wp-content\/uploads\/2023\/04\/AUTOCLAVE-VERTICAL.jpg\",\"contentUrl\":\"https:\/\/capitalcientifica.com.mx\/tienda\/wp-content\/uploads\/2023\/04\/AUTOCLAVE-VERTICAL.jpg\",\"width\":534,\"height\":560},{\"@type\":\"BreadcrumbList\",\"@id\":\"https:\/\/capitalcientifica.com.mx\/tienda\/product\/autoclave-vertical-de-50-lts\/#breadcrumb\",\"itemListElement\":[{\"@type\":\"ListItem\",\"position\":1,\"name\":\"Portada\",\"item\":\"https:\/\/capitalcientifica.com.mx\/tienda\/\"},{\"@type\":\"ListItem\",\"position\":2,\"name\":\"Shop\",\"item\":\"https:\/\/capitalcientifica.com.mx\/tienda\/shop\/\"},{\"@type\":\"ListItem\",\"position\":3,\"name\":\"AUTOCLAVE VERTICAL DE 50 LTS\"}]},{\"@type\":\"WebSite\",\"@id\":\"https:\/\/capitalcientifica.com.mx\/tienda\/#website\",\"url\":\"https:\/\/capitalcientifica.com.mx\/tienda\/\",\"name\":\"Capital Cient&iacute;fica\",\"description\":\"Equipo para laboratorio\",\"potentialAction\":[{\"@type\":\"SearchAction\",\"target\":{\"@type\":\"EntryPoint\",\"urlTemplate\":\"https:\/\/capitalcientifica.com.mx\/tienda\/?s={search_term_string}\"},\"query-input\":{\"@type\":\"PropertyValueSpecification\",\"valueRequired\":true,\"valueName\":\"search_term_string\"}}],\"inLanguage\":\"es\"}]}<\/script>\n<!-- \/ Yoast SEO plugin. -->","yoast_head_json":{"title":"AUTOCLAVE VERTICAL DE 50 LTS - Capital Cient&iacute;fica","robots":{"index":"index","follow":"follow","max-snippet":"max-snippet:-1","max-image-preview":"max-image-preview:large","max-video-preview":"max-video-preview:-1"},"canonical":"https:\/\/capitalcientifica.com.mx\/tienda\/product\/autoclave-vertical-de-50-lts\/","og_locale":"es_ES","og_type":"article","og_title":"AUTOCLAVE VERTICAL DE 50 LTS - Capital Cient&iacute;fica","og_description":"Modelo ST-50G ST-65G ST-85G ST-105G\u00a0   Control Control PID por microprocesador   Volumen de la c\u00e1mara\u00a0(L \/ pies c\u00fabicos) 50 \/ 1,76 65 \/ 2,29 85 \/ 3.0 105 \/ 3.7   Temperatura Temperatura de esterilizaci\u00f3n.\u00a0(\u2103 \/ \u2109) 110 a 123 \/ 230 a 253,4   Temperatura de fusi\u00f3n.\u00a0(\u2103 \/ \u2109) 60 a 100 \/ 140 a 212   Presi\u00f3n Esterilizaci\u00f3n a 121 \u2103\u00a0(kg\/cm2) 1.1 a 1.2   Rango de calibre en anal\u00f3gico\u00a0(Mpa) - 0,1 a 0,6   Altitud admisible\u00a0(m) hasta 800   Seguridad Protector de sobretemperatura \/ V\u00e1lvula de seguridad de presi\u00f3n \/ Protector de sobrecorriente   Alerta de advertencia\u00a0(temperatura excesiva, temperatura baja, temperatura baja, falla de esterilizaci\u00f3n, nivel de agua bajo)   Temporizador 0 a 999 min.   Dimensi\u00f3n Interior\u00a0(ancho x alto)\u00a0(mm\/pulgadas) 400x458 \/ 15,75x18,03 400x558 \/ 15,75x21,97 400x758 \/ 15,75x29,84 400x908 \/ 15,75x35,75   Exterior\u00a0(An. \u00d7 Pr. \u00d7 Al.)\u00a0(mm\/pulgadas) 624x672x870  \/ 24,57x26,46x34,25 624x672x971  \/ 24,57x26,46x38,23 624x672x1083  \/ 24,57x26,46x42,64 624x672x1233  \/ 24,57x26,46x48,54   Exterior con tanque de escape  (Ancho\u00d7Profundidad\u00d7Alto)\u00a0(mm\/pulgadas) 722x672x870  \/ 28,42x26,46x34,25 722x672x971  \/ 28,42x26,46x38,23 722x672x1083  \/ 28,42x26,46x42,64 722x672x1233  \/ 28,42x26,46x48,54   puerta m\u00e1x.\u00a0apertura  (Ancho\u00d7Profundidad\u00d7Alto)\u00a0(mm\/pulgadas) 1012x672x882  \/ 39,84x26,46x34,72 1012x672x983  \/ 39,84x26,46x38,7 1012x672x1095  \/ 39,84x26,46x43,11 1012x672x1245  \/ 39,84x26,46x49,01   Cesta\u00a0(\u00d8xH)\u00a0(mm \/ pulgadas) 380x180 \/ 14,96x7,09 380x230 \/ 14,96x9,05 380x330 \/ 14,96x12,99 380x405 \/ 14,96x15,94   Peso neto\u00a0(Kg \/ lbs) 94,5 \/ 208,34 99,5 \/ 219,36 104 \/ 229.28 110 \/ 242.51   Requisitos el\u00e9ctricos\u00a0(230V, 50\/60 Hz) 14.3A 14.3A 14.3A 21.3A   Gato.\u00a0No. AAHL1015K AAHL1025K AAHL1035K AAHL1045K","og_url":"https:\/\/capitalcientifica.com.mx\/tienda\/product\/autoclave-vertical-de-50-lts\/","og_site_name":"Capital Cient&iacute;fica","og_image":[{"width":534,"height":560,"url":"https:\/\/capitalcientifica.com.mx\/tienda\/wp-content\/uploads\/2023\/04\/AUTOCLAVE-VERTICAL.jpg","type":"image\/jpeg"}],"twitter_card":"summary_large_image","twitter_misc":{"Tiempo de lectura":"1 minuto"},"schema":{"@context":"https:\/\/schema.org","@graph":[{"@type":"WebPage","@id":"https:\/\/capitalcientifica.com.mx\/tienda\/product\/autoclave-vertical-de-50-lts\/","url":"https:\/\/capitalcientifica.com.mx\/tienda\/product\/autoclave-vertical-de-50-lts\/","name":"AUTOCLAVE VERTICAL DE 50 LTS - Capital Cient&iacute;fica","isPartOf":{"@id":"https:\/\/capitalcientifica.com.mx\/tienda\/#website"},"primaryImageOfPage":{"@id":"https:\/\/capitalcientifica.com.mx\/tienda\/product\/autoclave-vertical-de-50-lts\/#primaryimage"},"image":{"@id":"https:\/\/capitalcientifica.com.mx\/tienda\/product\/autoclave-vertical-de-50-lts\/#primaryimage"},"thumbnailUrl":"https:\/\/capitalcientifica.com.mx\/tienda\/wp-content\/uploads\/2023\/04\/AUTOCLAVE-VERTICAL.jpg","datePublished":"2023-04-14T00:05:47+00:00","breadcrumb":{"@id":"https:\/\/capitalcientifica.com.mx\/tienda\/product\/autoclave-vertical-de-50-lts\/#breadcrumb"},"inLanguage":"es","potentialAction":[{"@type":"ReadAction","target":["https:\/\/capitalcientifica.com.mx\/tienda\/product\/autoclave-vertical-de-50-lts\/"]}]},{"@type":"ImageObject","inLanguage":"es","@id":"https:\/\/capitalcientifica.com.mx\/tienda\/product\/autoclave-vertical-de-50-lts\/#primaryimage","url":"https:\/\/capitalcientifica.com.mx\/tienda\/wp-content\/uploads\/2023\/04\/AUTOCLAVE-VERTICAL.jpg","contentUrl":"https:\/\/capitalcientifica.com.mx\/tienda\/wp-content\/uploads\/2023\/04\/AUTOCLAVE-VERTICAL.jpg","width":534,"height":560},{"@type":"BreadcrumbList","@id":"https:\/\/capitalcientifica.com.mx\/tienda\/product\/autoclave-vertical-de-50-lts\/#breadcrumb","itemListElement":[{"@type":"ListItem","position":1,"name":"Portada","item":"https:\/\/capitalcientifica.com.mx\/tienda\/"},{"@type":"ListItem","position":2,"name":"Shop","item":"https:\/\/capitalcientifica.com.mx\/tienda\/shop\/"},{"@type":"ListItem","position":3,"name":"AUTOCLAVE VERTICAL DE 50 LTS"}]},{"@type":"WebSite","@id":"https:\/\/capitalcientifica.com.mx\/tienda\/#website","url":"https:\/\/capitalcientifica.com.mx\/tienda\/","name":"Capital Cient&iacute;fica","description":"Equipo para laboratorio","potentialAction":[{"@type":"SearchAction","target":{"@type":"EntryPoint","urlTemplate":"https:\/\/capitalcientifica.com.mx\/tienda\/?s={search_term_string}"},"query-input":{"@type":"PropertyValueSpecification","valueRequired":true,"valueName":"search_term_string"}}],"inLanguage":"es"}]}},"_links":{"self":[{"href":"https:\/\/capitalcientifica.com.mx\/tienda\/wp-json\/wp\/v2\/product\/5924","targetHints":{"allow":["GET"]}}],"collection":[{"href":"https:\/\/capitalcientifica.com.mx\/tienda\/wp-json\/wp\/v2\/product"}],"about":[{"href":"https:\/\/capitalcientifica.com.mx\/tienda\/wp-json\/wp\/v2\/types\/product"}],"replies":[{"embeddable":true,"href":"https:\/\/capitalcientifica.com.mx\/tienda\/wp-json\/wp\/v2\/comments?post=5924"}],"wp:featuredmedia":[{"embeddable":true,"href":"https:\/\/capitalcientifica.com.mx\/tienda\/wp-json\/wp\/v2\/media\/5925"}],"wp:attachment":[{"href":"https:\/\/capitalcientifica.com.mx\/tienda\/wp-json\/wp\/v2\/media?parent=5924"}],"wp:term":[{"taxonomy":"product_cat","embeddable":true,"href":"https:\/\/capitalcientifica.com.mx\/tienda\/wp-json\/wp\/v2\/product_cat?post=5924"},{"taxonomy":"product_tag","embeddable":true,"href":"https:\/\/capitalcientifica.com.mx\/tienda\/wp-json\/wp\/v2\/product_tag?post=5924"}],"curies":[{"name":"wp","href":"https:\/\/api.w.org\/{rel}","templated":true}]}}