{"id":5911,"date":"2023-03-22T23:42:19","date_gmt":"2023-03-22T23:42:19","guid":{"rendered":"https:\/\/capitalcientifica.com.mx\/tienda\/?post_type=product&#038;p=5911"},"modified":"2023-04-04T21:00:44","modified_gmt":"2023-04-04T21:00:44","slug":"agitador-para-tubos-mojonnier","status":"publish","type":"product","link":"https:\/\/capitalcientifica.com.mx\/tienda\/product\/agitador-para-tubos-mojonnier\/","title":{"rendered":"AGITADOR PARA TUBOS MOJONNIER"},"content":{"rendered":"<p>AGITADOR PARA TUBOS MOJONNIER PARA 8 PLAZAS<\/p>\n<p>EL AGITADOR PARA TUBOS MOJONNIER SE UTILIZAN PARA DETERMINAR LA GRASA DE LA LECHE, EST\u00c1 DISE\u00d1ADO PARA AGITAR LOS TUBOS MOJONNIER POR IGUAL,\u00a0 USUARIO DEFINE EL TIEMPO DE AGITACI\u00d3N, DEBE UTILIZARSE EN UN \u00c1REA DE LABORATORIO SECA.<\/p>\n<p>PREGUNTE POR NUESTRA GRADILLA PARA TUBOS MOJONNIER DE 8 PLAZAS<\/p>\n<p><img loading=\"lazy\" decoding=\"async\" class=\"\" src=\"https:\/\/capitalcientifica.com.mx\/tienda\/wp-content\/uploads\/2023\/03\/agitador-mojonier.jpg\" width=\"311\" height=\"291\" \/><\/p>\n","protected":false},"excerpt":{"rendered":"<p><img loading=\"lazy\" decoding=\"async\" class=\"\" src=\"https:\/\/capitalcientifica.com.mx\/tienda\/wp-content\/uploads\/2023\/03\/agitador-mojonier.jpg\" width=\"311\" height=\"291\" \/><\/p>\n<p>LA CARCASA EST\u00c1 HECHA DE PVC Y EST\u00c1 EQUIPADA CON UNA PANTALLA DIGITAL.<\/p>\n<p>UN MOTOR DE INDUCCI\u00d3N IMPULSA EL AGITADOR.<\/p>\n<p>DATOS T\u00c9CNICOS:<\/p>\n<p>CARCASA: PVC BLANCO<\/p>\n<p>MOTOR DE INDUCCI\u00d3N \/ MOVIMIENTO DE AGITACI\u00d3N 100 RPM POR 15 MINUTOS.<\/p>\n<p>ARTICULACIONES GIRANDO EN BOLA<\/p>\n<p>&nbsp;<\/p>\n<p>OPERA:<\/p>\n<p>MEDIADAS\u00a0 30 X 26 X 27 FRENTE ALTURA FONDO<\/p>\n<p>CONTROL DE TIEMPOO ELECTR\u00d3NICO CON PANTALLA DIGITAL (PROGRAMABLE SEG\/MIN) Y APAGADOR GENERAL<\/p>\n<p>FUENTE DE ALIMENTACI\u00d3N: 220 VCA\/15 AMP<\/p>\n","protected":false},"featured_media":5913,"comment_status":"closed","ping_status":"closed","template":"","meta":{"_joinchat":[]},"product_cat":[94,61,168],"product_tag":[2982,172,173],"class_list":{"0":"post-5911","1":"product","2":"type-product","3":"status-publish","4":"has-post-thumbnail","6":"product_cat-agitadores","7":"product_cat-equipos-de-laboratorio","8":"product_cat-productos-destacados","9":"product_tag-agitador-para-tubos-mojonnier","10":"product_tag-equipo-de-laboratorio","11":"product_tag-equipo-para-laboratorio","13":"first","14":"instock","15":"shipping-taxable","16":"product-type-simple","17":"col-xs-6 col-sm-4","18":"col-md-3 col-lg-3","19":"un-4-cols"},"yoast_head":"<!-- This site is optimized with the Yoast SEO plugin v27.2 - https:\/\/yoast.com\/product\/yoast-seo-wordpress\/ -->\n<title>AGITADOR PARA TUBOS MOJONNIER - Capital Cient&iacute;fica<\/title>\n<meta name=\"robots\" content=\"index, follow, max-snippet:-1, max-image-preview:large, max-video-preview:-1\" \/>\n<link rel=\"canonical\" href=\"https:\/\/capitalcientifica.com.mx\/tienda\/product\/agitador-para-tubos-mojonnier\/\" \/>\n<meta property=\"og:locale\" content=\"es_ES\" \/>\n<meta property=\"og:type\" content=\"article\" \/>\n<meta property=\"og:title\" content=\"AGITADOR PARA TUBOS MOJONNIER - Capital Cient&iacute;fica\" \/>\n<meta property=\"og:description\" content=\"LA CARCASA EST\u00c1 HECHA DE PVC Y EST\u00c1 EQUIPADA CON UNA PANTALLA DIGITAL.  UN MOTOR DE INDUCCI\u00d3N IMPULSA EL AGITADOR.  DATOS T\u00c9CNICOS:  CARCASA: PVC BLANCO  MOTOR DE INDUCCI\u00d3N \/ MOVIMIENTO DE AGITACI\u00d3N 100 RPM POR 15 MINUTOS.  ARTICULACIONES GIRANDO EN BOLA  &nbsp;  OPERA:  MEDIADAS\u00a0 30 X 26 X 27 FRENTE ALTURA FONDO  CONTROL DE TIEMPOO ELECTR\u00d3NICO CON PANTALLA DIGITAL (PROGRAMABLE SEG\/MIN) Y APAGADOR GENERAL  FUENTE DE ALIMENTACI\u00d3N: 220 VCA\/15 AMP\" \/>\n<meta property=\"og:url\" content=\"https:\/\/capitalcientifica.com.mx\/tienda\/product\/agitador-para-tubos-mojonnier\/\" \/>\n<meta property=\"og:site_name\" content=\"Capital Cient&iacute;fica\" \/>\n<meta property=\"article:modified_time\" content=\"2023-04-04T21:00:44+00:00\" \/>\n<meta property=\"og:image\" content=\"https:\/\/capitalcientifica.com.mx\/tienda\/wp-content\/uploads\/2023\/03\/AGIT-MOJONNIER.jpg\" \/>\n\t<meta property=\"og:image:width\" content=\"332\" \/>\n\t<meta property=\"og:image:height\" content=\"295\" \/>\n\t<meta property=\"og:image:type\" content=\"image\/jpeg\" \/>\n<meta name=\"twitter:card\" content=\"summary_large_image\" \/>\n<meta name=\"twitter:label1\" content=\"Tiempo de lectura\" \/>\n\t<meta name=\"twitter:data1\" content=\"1 minuto\" \/>\n<script type=\"application\/ld+json\" class=\"yoast-schema-graph\">{\"@context\":\"https:\/\/schema.org\",\"@graph\":[{\"@type\":\"WebPage\",\"@id\":\"https:\/\/capitalcientifica.com.mx\/tienda\/product\/agitador-para-tubos-mojonnier\/\",\"url\":\"https:\/\/capitalcientifica.com.mx\/tienda\/product\/agitador-para-tubos-mojonnier\/\",\"name\":\"AGITADOR PARA TUBOS MOJONNIER - Capital Cient&iacute;fica\",\"isPartOf\":{\"@id\":\"https:\/\/capitalcientifica.com.mx\/tienda\/#website\"},\"primaryImageOfPage\":{\"@id\":\"https:\/\/capitalcientifica.com.mx\/tienda\/product\/agitador-para-tubos-mojonnier\/#primaryimage\"},\"image\":{\"@id\":\"https:\/\/capitalcientifica.com.mx\/tienda\/product\/agitador-para-tubos-mojonnier\/#primaryimage\"},\"thumbnailUrl\":\"https:\/\/capitalcientifica.com.mx\/tienda\/wp-content\/uploads\/2023\/03\/AGIT-MOJONNIER.jpg\",\"datePublished\":\"2023-03-22T23:42:19+00:00\",\"dateModified\":\"2023-04-04T21:00:44+00:00\",\"breadcrumb\":{\"@id\":\"https:\/\/capitalcientifica.com.mx\/tienda\/product\/agitador-para-tubos-mojonnier\/#breadcrumb\"},\"inLanguage\":\"es\",\"potentialAction\":[{\"@type\":\"ReadAction\",\"target\":[\"https:\/\/capitalcientifica.com.mx\/tienda\/product\/agitador-para-tubos-mojonnier\/\"]}]},{\"@type\":\"ImageObject\",\"inLanguage\":\"es\",\"@id\":\"https:\/\/capitalcientifica.com.mx\/tienda\/product\/agitador-para-tubos-mojonnier\/#primaryimage\",\"url\":\"https:\/\/capitalcientifica.com.mx\/tienda\/wp-content\/uploads\/2023\/03\/AGIT-MOJONNIER.jpg\",\"contentUrl\":\"https:\/\/capitalcientifica.com.mx\/tienda\/wp-content\/uploads\/2023\/03\/AGIT-MOJONNIER.jpg\",\"width\":332,\"height\":295},{\"@type\":\"BreadcrumbList\",\"@id\":\"https:\/\/capitalcientifica.com.mx\/tienda\/product\/agitador-para-tubos-mojonnier\/#breadcrumb\",\"itemListElement\":[{\"@type\":\"ListItem\",\"position\":1,\"name\":\"Portada\",\"item\":\"https:\/\/capitalcientifica.com.mx\/tienda\/\"},{\"@type\":\"ListItem\",\"position\":2,\"name\":\"Shop\",\"item\":\"https:\/\/capitalcientifica.com.mx\/tienda\/shop\/\"},{\"@type\":\"ListItem\",\"position\":3,\"name\":\"AGITADOR PARA TUBOS MOJONNIER\"}]},{\"@type\":\"WebSite\",\"@id\":\"https:\/\/capitalcientifica.com.mx\/tienda\/#website\",\"url\":\"https:\/\/capitalcientifica.com.mx\/tienda\/\",\"name\":\"Capital Cient&iacute;fica\",\"description\":\"Equipo para laboratorio\",\"potentialAction\":[{\"@type\":\"SearchAction\",\"target\":{\"@type\":\"EntryPoint\",\"urlTemplate\":\"https:\/\/capitalcientifica.com.mx\/tienda\/?s={search_term_string}\"},\"query-input\":{\"@type\":\"PropertyValueSpecification\",\"valueRequired\":true,\"valueName\":\"search_term_string\"}}],\"inLanguage\":\"es\"}]}<\/script>\n<!-- \/ Yoast SEO plugin. -->","yoast_head_json":{"title":"AGITADOR PARA TUBOS MOJONNIER - Capital Cient&iacute;fica","robots":{"index":"index","follow":"follow","max-snippet":"max-snippet:-1","max-image-preview":"max-image-preview:large","max-video-preview":"max-video-preview:-1"},"canonical":"https:\/\/capitalcientifica.com.mx\/tienda\/product\/agitador-para-tubos-mojonnier\/","og_locale":"es_ES","og_type":"article","og_title":"AGITADOR PARA TUBOS MOJONNIER - Capital Cient&iacute;fica","og_description":"LA CARCASA EST\u00c1 HECHA DE PVC Y EST\u00c1 EQUIPADA CON UNA PANTALLA DIGITAL.  UN MOTOR DE INDUCCI\u00d3N IMPULSA EL AGITADOR.  DATOS T\u00c9CNICOS:  CARCASA: PVC BLANCO  MOTOR DE INDUCCI\u00d3N \/ MOVIMIENTO DE AGITACI\u00d3N 100 RPM POR 15 MINUTOS.  ARTICULACIONES GIRANDO EN BOLA  &nbsp;  OPERA:  MEDIADAS\u00a0 30 X 26 X 27 FRENTE ALTURA FONDO  CONTROL DE TIEMPOO ELECTR\u00d3NICO CON PANTALLA DIGITAL (PROGRAMABLE SEG\/MIN) Y APAGADOR GENERAL  FUENTE DE ALIMENTACI\u00d3N: 220 VCA\/15 AMP","og_url":"https:\/\/capitalcientifica.com.mx\/tienda\/product\/agitador-para-tubos-mojonnier\/","og_site_name":"Capital Cient&iacute;fica","article_modified_time":"2023-04-04T21:00:44+00:00","og_image":[{"width":332,"height":295,"url":"https:\/\/capitalcientifica.com.mx\/tienda\/wp-content\/uploads\/2023\/03\/AGIT-MOJONNIER.jpg","type":"image\/jpeg"}],"twitter_card":"summary_large_image","twitter_misc":{"Tiempo de lectura":"1 minuto"},"schema":{"@context":"https:\/\/schema.org","@graph":[{"@type":"WebPage","@id":"https:\/\/capitalcientifica.com.mx\/tienda\/product\/agitador-para-tubos-mojonnier\/","url":"https:\/\/capitalcientifica.com.mx\/tienda\/product\/agitador-para-tubos-mojonnier\/","name":"AGITADOR PARA TUBOS MOJONNIER - Capital Cient&iacute;fica","isPartOf":{"@id":"https:\/\/capitalcientifica.com.mx\/tienda\/#website"},"primaryImageOfPage":{"@id":"https:\/\/capitalcientifica.com.mx\/tienda\/product\/agitador-para-tubos-mojonnier\/#primaryimage"},"image":{"@id":"https:\/\/capitalcientifica.com.mx\/tienda\/product\/agitador-para-tubos-mojonnier\/#primaryimage"},"thumbnailUrl":"https:\/\/capitalcientifica.com.mx\/tienda\/wp-content\/uploads\/2023\/03\/AGIT-MOJONNIER.jpg","datePublished":"2023-03-22T23:42:19+00:00","dateModified":"2023-04-04T21:00:44+00:00","breadcrumb":{"@id":"https:\/\/capitalcientifica.com.mx\/tienda\/product\/agitador-para-tubos-mojonnier\/#breadcrumb"},"inLanguage":"es","potentialAction":[{"@type":"ReadAction","target":["https:\/\/capitalcientifica.com.mx\/tienda\/product\/agitador-para-tubos-mojonnier\/"]}]},{"@type":"ImageObject","inLanguage":"es","@id":"https:\/\/capitalcientifica.com.mx\/tienda\/product\/agitador-para-tubos-mojonnier\/#primaryimage","url":"https:\/\/capitalcientifica.com.mx\/tienda\/wp-content\/uploads\/2023\/03\/AGIT-MOJONNIER.jpg","contentUrl":"https:\/\/capitalcientifica.com.mx\/tienda\/wp-content\/uploads\/2023\/03\/AGIT-MOJONNIER.jpg","width":332,"height":295},{"@type":"BreadcrumbList","@id":"https:\/\/capitalcientifica.com.mx\/tienda\/product\/agitador-para-tubos-mojonnier\/#breadcrumb","itemListElement":[{"@type":"ListItem","position":1,"name":"Portada","item":"https:\/\/capitalcientifica.com.mx\/tienda\/"},{"@type":"ListItem","position":2,"name":"Shop","item":"https:\/\/capitalcientifica.com.mx\/tienda\/shop\/"},{"@type":"ListItem","position":3,"name":"AGITADOR PARA TUBOS MOJONNIER"}]},{"@type":"WebSite","@id":"https:\/\/capitalcientifica.com.mx\/tienda\/#website","url":"https:\/\/capitalcientifica.com.mx\/tienda\/","name":"Capital Cient&iacute;fica","description":"Equipo para laboratorio","potentialAction":[{"@type":"SearchAction","target":{"@type":"EntryPoint","urlTemplate":"https:\/\/capitalcientifica.com.mx\/tienda\/?s={search_term_string}"},"query-input":{"@type":"PropertyValueSpecification","valueRequired":true,"valueName":"search_term_string"}}],"inLanguage":"es"}]}},"_links":{"self":[{"href":"https:\/\/capitalcientifica.com.mx\/tienda\/wp-json\/wp\/v2\/product\/5911","targetHints":{"allow":["GET"]}}],"collection":[{"href":"https:\/\/capitalcientifica.com.mx\/tienda\/wp-json\/wp\/v2\/product"}],"about":[{"href":"https:\/\/capitalcientifica.com.mx\/tienda\/wp-json\/wp\/v2\/types\/product"}],"replies":[{"embeddable":true,"href":"https:\/\/capitalcientifica.com.mx\/tienda\/wp-json\/wp\/v2\/comments?post=5911"}],"wp:featuredmedia":[{"embeddable":true,"href":"https:\/\/capitalcientifica.com.mx\/tienda\/wp-json\/wp\/v2\/media\/5913"}],"wp:attachment":[{"href":"https:\/\/capitalcientifica.com.mx\/tienda\/wp-json\/wp\/v2\/media?parent=5911"}],"wp:term":[{"taxonomy":"product_cat","embeddable":true,"href":"https:\/\/capitalcientifica.com.mx\/tienda\/wp-json\/wp\/v2\/product_cat?post=5911"},{"taxonomy":"product_tag","embeddable":true,"href":"https:\/\/capitalcientifica.com.mx\/tienda\/wp-json\/wp\/v2\/product_tag?post=5911"}],"curies":[{"name":"wp","href":"https:\/\/api.w.org\/{rel}","templated":true}]}}