{"id":5907,"date":"2023-03-22T23:17:48","date_gmt":"2023-03-22T23:17:48","guid":{"rendered":"https:\/\/capitalcientifica.com.mx\/tienda\/?post_type=product&#038;p=5907"},"modified":"2023-04-04T21:01:33","modified_gmt":"2023-04-04T21:01:33","slug":"termo-bano-dlab-con-agitacion","status":"publish","type":"product","link":"https:\/\/capitalcientifica.com.mx\/tienda\/product\/termo-bano-dlab-con-agitacion\/","title":{"rendered":"Termo ba\u00f1o DLAB con agitaci\u00f3n."},"content":{"rendered":"<h4><a title=\"\" href=\"https:\/\/www.laboteca.com.mx\/products\/termo-bano-con-agitacion\">\u00a0Termo ba\u00f1o con agitaci\u00f3n.<\/a><\/h4>\n<h4>El termo ba\u00f1o con agitaci\u00f3n permite una agitaci\u00f3n y mezcla\u00a0 precisa y eficiente, as\u00ed como una excelente precisi\u00f3n y uniformidad en su temperatura. Ideal para aplicaciones como s\u00edntesis g\u00e9nica, desnaturalizaci\u00f3n gen\u00e9tica y proteica, reacci\u00f3n enzim\u00e1tica, etc.<\/h4>\n","protected":false},"excerpt":{"rendered":"<table border=\"1\">\n<tbody>\n<tr>\n<td>Rango de temperatura<\/td>\n<td>Calefacci\u00f3n:Temperatura ambiente a 100\u00b0C<\/td>\n<\/tr>\n<tr>\n<td>Precisi\u00f3n de control de temperatura\u00a0 \u00a0 [@ 20-45 \u00b0 C]<\/td>\n<td>\u00a0\u00b1 0.5 \u00b0C<\/td>\n<\/tr>\n<tr>\n<td>Uniformidad de temperatura [@ 20-45 \u00b0 C]<\/td>\n<td>\u00a0M\u00e1xima\u00a0\u00b1 0.5 \u00b0C<\/td>\n<\/tr>\n<tr>\n<td>Rango\u00a0m\u00e1ximo de calentamiento<\/td>\n<td>\u00a05.5 \u00b0C \/ min.<\/td>\n<\/tr>\n<tr>\n<td>\u00a0Rango de velocidad<\/td>\n<td>\u00a0300-1500 RPM<\/td>\n<\/tr>\n<tr>\n<td>\u00d3rbita\u00a0de agitaci\u00f3n<\/td>\n<td>\u00a03 mm<\/td>\n<\/tr>\n<tr>\n<td>\u00a0Pantalla<\/td>\n<td>\u00a0TFT<\/td>\n<\/tr>\n<tr>\n<td>\u00a0Programas<\/td>\n<td>6<\/td>\n<\/tr>\n<tr>\n<td>Temperatura de seguridad<\/td>\n<td>\u00a0150 \u00b0 C<\/td>\n<\/tr>\n<tr>\n<td>\u00a0Material del bloque adaptador<\/td>\n<td>\u00a0Aluminio<\/td>\n<\/tr>\n<tr>\n<td>\u00a0Alimentaci\u00f3n<\/td>\n<td>\u00a0100-120 \/ 220-240 V, 50 Hz \/ 60 Hz<\/td>\n<\/tr>\n<tr>\n<td>\u00a0Poder<\/td>\n<td>\u00a0200 W<\/td>\n<\/tr>\n<tr>\n<td>\u00a0Dimensiones del equipo sin bloque<\/td>\n<td>\u00a0200 \u00d7 235 \u00d7 120 mm<\/td>\n<\/tr>\n<tr>\n<td>\u00a0Peso<\/td>\n<td>\u00a07.3 kg<\/td>\n<\/tr>\n<\/tbody>\n<\/table>\n","protected":false},"featured_media":5908,"comment_status":"closed","ping_status":"closed","template":"","meta":{"_joinchat":[]},"product_cat":[2820,61,109,168],"product_tag":[172,173,2984],"class_list":{"0":"post-5907","1":"product","2":"type-product","3":"status-publish","4":"has-post-thumbnail","6":"product_cat-dlab","7":"product_cat-equipos-de-laboratorio","8":"product_cat-importacion","9":"product_cat-productos-destacados","10":"product_tag-equipo-de-laboratorio","11":"product_tag-equipo-para-laboratorio","12":"product_tag-termo-bano-dlab-con-agitacion","14":"first","15":"instock","16":"shipping-taxable","17":"product-type-simple","18":"col-xs-6 col-sm-4","19":"col-md-3 col-lg-3","20":"un-4-cols"},"yoast_head":"<!-- This site is optimized with the Yoast SEO plugin v27.2 - https:\/\/yoast.com\/product\/yoast-seo-wordpress\/ -->\n<title>Termo ba\u00f1o DLAB con agitaci\u00f3n. - Capital Cient&iacute;fica<\/title>\n<meta name=\"robots\" content=\"index, follow, max-snippet:-1, max-image-preview:large, max-video-preview:-1\" \/>\n<link rel=\"canonical\" href=\"https:\/\/capitalcientifica.com.mx\/tienda\/product\/termo-bano-dlab-con-agitacion\/\" \/>\n<meta property=\"og:locale\" content=\"es_ES\" \/>\n<meta property=\"og:type\" content=\"article\" \/>\n<meta property=\"og:title\" content=\"Termo ba\u00f1o DLAB con agitaci\u00f3n. - Capital Cient&iacute;fica\" \/>\n<meta property=\"og:description\" content=\"Rango de temperatura Calefacci\u00f3n:Temperatura ambiente a 100\u00b0C   Precisi\u00f3n de control de temperatura\u00a0 \u00a0 [@ 20-45 \u00b0 C] \u00a0\u00b1 0.5 \u00b0C   Uniformidad de temperatura [@ 20-45 \u00b0 C] \u00a0M\u00e1xima\u00a0\u00b1 0.5 \u00b0C   Rango\u00a0m\u00e1ximo de calentamiento \u00a05.5 \u00b0C \/ min.   \u00a0Rango de velocidad \u00a0300-1500 RPM   \u00d3rbita\u00a0de agitaci\u00f3n \u00a03 mm   \u00a0Pantalla \u00a0TFT   \u00a0Programas 6   Temperatura de seguridad \u00a0150 \u00b0 C   \u00a0Material del bloque adaptador \u00a0Aluminio   \u00a0Alimentaci\u00f3n \u00a0100-120 \/ 220-240 V, 50 Hz \/ 60 Hz   \u00a0Poder \u00a0200 W   \u00a0Dimensiones del equipo sin bloque \u00a0200 \u00d7 235 \u00d7 120 mm   \u00a0Peso \u00a07.3 kg\" \/>\n<meta property=\"og:url\" content=\"https:\/\/capitalcientifica.com.mx\/tienda\/product\/termo-bano-dlab-con-agitacion\/\" \/>\n<meta property=\"og:site_name\" content=\"Capital Cient&iacute;fica\" \/>\n<meta property=\"article:modified_time\" content=\"2023-04-04T21:01:33+00:00\" \/>\n<meta property=\"og:image\" content=\"https:\/\/capitalcientifica.com.mx\/tienda\/wp-content\/uploads\/2023\/03\/HM100-PRO-Termo-bano-con-agitacion..jpg\" \/>\n\t<meta property=\"og:image:width\" content=\"316\" \/>\n\t<meta property=\"og:image:height\" content=\"323\" \/>\n\t<meta property=\"og:image:type\" content=\"image\/jpeg\" \/>\n<meta name=\"twitter:card\" content=\"summary_large_image\" \/>\n<meta name=\"twitter:label1\" content=\"Tiempo de lectura\" \/>\n\t<meta name=\"twitter:data1\" content=\"1 minuto\" \/>\n<script type=\"application\/ld+json\" class=\"yoast-schema-graph\">{\"@context\":\"https:\/\/schema.org\",\"@graph\":[{\"@type\":\"WebPage\",\"@id\":\"https:\/\/capitalcientifica.com.mx\/tienda\/product\/termo-bano-dlab-con-agitacion\/\",\"url\":\"https:\/\/capitalcientifica.com.mx\/tienda\/product\/termo-bano-dlab-con-agitacion\/\",\"name\":\"Termo ba\u00f1o DLAB con agitaci\u00f3n. - Capital Cient&iacute;fica\",\"isPartOf\":{\"@id\":\"https:\/\/capitalcientifica.com.mx\/tienda\/#website\"},\"primaryImageOfPage\":{\"@id\":\"https:\/\/capitalcientifica.com.mx\/tienda\/product\/termo-bano-dlab-con-agitacion\/#primaryimage\"},\"image\":{\"@id\":\"https:\/\/capitalcientifica.com.mx\/tienda\/product\/termo-bano-dlab-con-agitacion\/#primaryimage\"},\"thumbnailUrl\":\"https:\/\/capitalcientifica.com.mx\/tienda\/wp-content\/uploads\/2023\/03\/HM100-PRO-Termo-bano-con-agitacion..jpg\",\"datePublished\":\"2023-03-22T23:17:48+00:00\",\"dateModified\":\"2023-04-04T21:01:33+00:00\",\"breadcrumb\":{\"@id\":\"https:\/\/capitalcientifica.com.mx\/tienda\/product\/termo-bano-dlab-con-agitacion\/#breadcrumb\"},\"inLanguage\":\"es\",\"potentialAction\":[{\"@type\":\"ReadAction\",\"target\":[\"https:\/\/capitalcientifica.com.mx\/tienda\/product\/termo-bano-dlab-con-agitacion\/\"]}]},{\"@type\":\"ImageObject\",\"inLanguage\":\"es\",\"@id\":\"https:\/\/capitalcientifica.com.mx\/tienda\/product\/termo-bano-dlab-con-agitacion\/#primaryimage\",\"url\":\"https:\/\/capitalcientifica.com.mx\/tienda\/wp-content\/uploads\/2023\/03\/HM100-PRO-Termo-bano-con-agitacion..jpg\",\"contentUrl\":\"https:\/\/capitalcientifica.com.mx\/tienda\/wp-content\/uploads\/2023\/03\/HM100-PRO-Termo-bano-con-agitacion..jpg\",\"width\":316,\"height\":323},{\"@type\":\"BreadcrumbList\",\"@id\":\"https:\/\/capitalcientifica.com.mx\/tienda\/product\/termo-bano-dlab-con-agitacion\/#breadcrumb\",\"itemListElement\":[{\"@type\":\"ListItem\",\"position\":1,\"name\":\"Portada\",\"item\":\"https:\/\/capitalcientifica.com.mx\/tienda\/\"},{\"@type\":\"ListItem\",\"position\":2,\"name\":\"Shop\",\"item\":\"https:\/\/capitalcientifica.com.mx\/tienda\/shop\/\"},{\"@type\":\"ListItem\",\"position\":3,\"name\":\"Termo ba\u00f1o DLAB con agitaci\u00f3n.\"}]},{\"@type\":\"WebSite\",\"@id\":\"https:\/\/capitalcientifica.com.mx\/tienda\/#website\",\"url\":\"https:\/\/capitalcientifica.com.mx\/tienda\/\",\"name\":\"Capital Cient&iacute;fica\",\"description\":\"Equipo para laboratorio\",\"potentialAction\":[{\"@type\":\"SearchAction\",\"target\":{\"@type\":\"EntryPoint\",\"urlTemplate\":\"https:\/\/capitalcientifica.com.mx\/tienda\/?s={search_term_string}\"},\"query-input\":{\"@type\":\"PropertyValueSpecification\",\"valueRequired\":true,\"valueName\":\"search_term_string\"}}],\"inLanguage\":\"es\"}]}<\/script>\n<!-- \/ Yoast SEO plugin. -->","yoast_head_json":{"title":"Termo ba\u00f1o DLAB con agitaci\u00f3n. - Capital Cient&iacute;fica","robots":{"index":"index","follow":"follow","max-snippet":"max-snippet:-1","max-image-preview":"max-image-preview:large","max-video-preview":"max-video-preview:-1"},"canonical":"https:\/\/capitalcientifica.com.mx\/tienda\/product\/termo-bano-dlab-con-agitacion\/","og_locale":"es_ES","og_type":"article","og_title":"Termo ba\u00f1o DLAB con agitaci\u00f3n. - Capital Cient&iacute;fica","og_description":"Rango de temperatura Calefacci\u00f3n:Temperatura ambiente a 100\u00b0C   Precisi\u00f3n de control de temperatura\u00a0 \u00a0 [@ 20-45 \u00b0 C] \u00a0\u00b1 0.5 \u00b0C   Uniformidad de temperatura [@ 20-45 \u00b0 C] \u00a0M\u00e1xima\u00a0\u00b1 0.5 \u00b0C   Rango\u00a0m\u00e1ximo de calentamiento \u00a05.5 \u00b0C \/ min.   \u00a0Rango de velocidad \u00a0300-1500 RPM   \u00d3rbita\u00a0de agitaci\u00f3n \u00a03 mm   \u00a0Pantalla \u00a0TFT   \u00a0Programas 6   Temperatura de seguridad \u00a0150 \u00b0 C   \u00a0Material del bloque adaptador \u00a0Aluminio   \u00a0Alimentaci\u00f3n \u00a0100-120 \/ 220-240 V, 50 Hz \/ 60 Hz   \u00a0Poder \u00a0200 W   \u00a0Dimensiones del equipo sin bloque \u00a0200 \u00d7 235 \u00d7 120 mm   \u00a0Peso \u00a07.3 kg","og_url":"https:\/\/capitalcientifica.com.mx\/tienda\/product\/termo-bano-dlab-con-agitacion\/","og_site_name":"Capital Cient&iacute;fica","article_modified_time":"2023-04-04T21:01:33+00:00","og_image":[{"width":316,"height":323,"url":"https:\/\/capitalcientifica.com.mx\/tienda\/wp-content\/uploads\/2023\/03\/HM100-PRO-Termo-bano-con-agitacion..jpg","type":"image\/jpeg"}],"twitter_card":"summary_large_image","twitter_misc":{"Tiempo de lectura":"1 minuto"},"schema":{"@context":"https:\/\/schema.org","@graph":[{"@type":"WebPage","@id":"https:\/\/capitalcientifica.com.mx\/tienda\/product\/termo-bano-dlab-con-agitacion\/","url":"https:\/\/capitalcientifica.com.mx\/tienda\/product\/termo-bano-dlab-con-agitacion\/","name":"Termo ba\u00f1o DLAB con agitaci\u00f3n. - Capital Cient&iacute;fica","isPartOf":{"@id":"https:\/\/capitalcientifica.com.mx\/tienda\/#website"},"primaryImageOfPage":{"@id":"https:\/\/capitalcientifica.com.mx\/tienda\/product\/termo-bano-dlab-con-agitacion\/#primaryimage"},"image":{"@id":"https:\/\/capitalcientifica.com.mx\/tienda\/product\/termo-bano-dlab-con-agitacion\/#primaryimage"},"thumbnailUrl":"https:\/\/capitalcientifica.com.mx\/tienda\/wp-content\/uploads\/2023\/03\/HM100-PRO-Termo-bano-con-agitacion..jpg","datePublished":"2023-03-22T23:17:48+00:00","dateModified":"2023-04-04T21:01:33+00:00","breadcrumb":{"@id":"https:\/\/capitalcientifica.com.mx\/tienda\/product\/termo-bano-dlab-con-agitacion\/#breadcrumb"},"inLanguage":"es","potentialAction":[{"@type":"ReadAction","target":["https:\/\/capitalcientifica.com.mx\/tienda\/product\/termo-bano-dlab-con-agitacion\/"]}]},{"@type":"ImageObject","inLanguage":"es","@id":"https:\/\/capitalcientifica.com.mx\/tienda\/product\/termo-bano-dlab-con-agitacion\/#primaryimage","url":"https:\/\/capitalcientifica.com.mx\/tienda\/wp-content\/uploads\/2023\/03\/HM100-PRO-Termo-bano-con-agitacion..jpg","contentUrl":"https:\/\/capitalcientifica.com.mx\/tienda\/wp-content\/uploads\/2023\/03\/HM100-PRO-Termo-bano-con-agitacion..jpg","width":316,"height":323},{"@type":"BreadcrumbList","@id":"https:\/\/capitalcientifica.com.mx\/tienda\/product\/termo-bano-dlab-con-agitacion\/#breadcrumb","itemListElement":[{"@type":"ListItem","position":1,"name":"Portada","item":"https:\/\/capitalcientifica.com.mx\/tienda\/"},{"@type":"ListItem","position":2,"name":"Shop","item":"https:\/\/capitalcientifica.com.mx\/tienda\/shop\/"},{"@type":"ListItem","position":3,"name":"Termo ba\u00f1o DLAB con agitaci\u00f3n."}]},{"@type":"WebSite","@id":"https:\/\/capitalcientifica.com.mx\/tienda\/#website","url":"https:\/\/capitalcientifica.com.mx\/tienda\/","name":"Capital Cient&iacute;fica","description":"Equipo para laboratorio","potentialAction":[{"@type":"SearchAction","target":{"@type":"EntryPoint","urlTemplate":"https:\/\/capitalcientifica.com.mx\/tienda\/?s={search_term_string}"},"query-input":{"@type":"PropertyValueSpecification","valueRequired":true,"valueName":"search_term_string"}}],"inLanguage":"es"}]}},"_links":{"self":[{"href":"https:\/\/capitalcientifica.com.mx\/tienda\/wp-json\/wp\/v2\/product\/5907","targetHints":{"allow":["GET"]}}],"collection":[{"href":"https:\/\/capitalcientifica.com.mx\/tienda\/wp-json\/wp\/v2\/product"}],"about":[{"href":"https:\/\/capitalcientifica.com.mx\/tienda\/wp-json\/wp\/v2\/types\/product"}],"replies":[{"embeddable":true,"href":"https:\/\/capitalcientifica.com.mx\/tienda\/wp-json\/wp\/v2\/comments?post=5907"}],"wp:featuredmedia":[{"embeddable":true,"href":"https:\/\/capitalcientifica.com.mx\/tienda\/wp-json\/wp\/v2\/media\/5908"}],"wp:attachment":[{"href":"https:\/\/capitalcientifica.com.mx\/tienda\/wp-json\/wp\/v2\/media?parent=5907"}],"wp:term":[{"taxonomy":"product_cat","embeddable":true,"href":"https:\/\/capitalcientifica.com.mx\/tienda\/wp-json\/wp\/v2\/product_cat?post=5907"},{"taxonomy":"product_tag","embeddable":true,"href":"https:\/\/capitalcientifica.com.mx\/tienda\/wp-json\/wp\/v2\/product_tag?post=5907"}],"curies":[{"name":"wp","href":"https:\/\/api.w.org\/{rel}","templated":true}]}}