{"id":5905,"date":"2023-03-22T23:14:11","date_gmt":"2023-03-22T23:14:11","guid":{"rendered":"https:\/\/capitalcientifica.com.mx\/tienda\/?post_type=product&#038;p=5905"},"modified":"2023-04-21T23:16:37","modified_gmt":"2023-04-21T23:16:37","slug":"agitador-dlab-magnetico-para-10-plazas-con-calentamiento","status":"publish","type":"product","link":"https:\/\/capitalcientifica.com.mx\/tienda\/product\/agitador-dlab-magnetico-para-10-plazas-con-calentamiento\/","title":{"rendered":"Agitador DLAB magn\u00e9tico para 10 plazas PREGUNTAR POR MISMO MODELO PERO CON CALENTAMIENTO"},"content":{"rendered":"<p>Agitador de placa con diez plazas, con cubierta de acero inoxidable a prueba de derrames, fabricado con materiales altamente resistentes contra la corrosi\u00f3n y altas temperaturas, f\u00e1cil de limpiar.Silencioso y muy preciso en su sistema de calentamiento y agitaci\u00f3n MS10<\/p>\n<p>PARRILLA CON AGITACION MAGNETICA DE 10 PLAZAS<\/p>\n<p>&nbsp;<\/p>\n","protected":false},"excerpt":{"rendered":"<table border=\"1\">\n<tbody>\n<tr>\n<td>M\u00e1xima\u00a0cantidad\u00a0de agitaci\u00f3n [H2O]<\/td>\n<td>0,4 L \u00d7 10<\/td>\n<\/tr>\n<tr>\n<td>Rango de velocidad<\/td>\n<td>0-1100 rpm<\/td>\n<\/tr>\n<tr>\n<td>M\u00e1xima\u00a0barra magn\u00e9tica [longitud]<\/td>\n<td>40 mm<\/td>\n<\/tr>\n<tr>\n<td>Posiciones de agitaci\u00f3n<\/td>\n<td>10<\/td>\n<\/tr>\n<tr>\n<td>Material de la placa de trabajo<\/td>\n<td>De acero inoxidable con el amortiguador de silicona<\/td>\n<\/tr>\n<tr>\n<td>Tipo de motor<\/td>\n<td>Motor de corriente continua sin escobillas<\/td>\n<\/tr>\n<tr>\n<td>Visualizaci\u00f3n de la velocidad<\/td>\n<td>Escala<\/td>\n<\/tr>\n<tr>\n<td>Potencia de entrada del motor<\/td>\n<td>\u00a012W<\/td>\n<\/tr>\n<tr>\n<td>Potencia de salida del motor<\/td>\n<td>\u00a04W<\/td>\n<\/tr>\n<tr>\n<td>Poder<\/td>\n<td>\u00a020W<\/td>\n<\/tr>\n<tr>\n<td>Temperatura ambiente admisible y la humedad<\/td>\n<td>\u00a0Temperatura: 5-40 \u00b0 C,<\/p>\n<p>Humedad relativa: 80%<\/td>\n<\/tr>\n<tr>\n<td>Clase de protecci\u00f3n<\/td>\n<td>\u00a0IP2X<\/td>\n<\/tr>\n<tr>\n<td>Dimensi\u00f3n<\/td>\n<td>\u00a0182 \u00d7 622 \u00d7 65 mm<\/td>\n<\/tr>\n<tr>\n<td>Dimensi\u00f3n de placa de trabajo<\/td>\n<td>180 \u00d7 450 mm<\/td>\n<\/tr>\n<tr>\n<td>Peso<\/td>\n<td>\u00a03,2 kg<\/td>\n<\/tr>\n<\/tbody>\n<\/table>\n","protected":false},"featured_media":5906,"comment_status":"closed","ping_status":"closed","template":"","meta":{"_joinchat":[]},"product_cat":[94,2820,61,100],"product_tag":[2985,172,173],"class_list":{"0":"post-5905","1":"product","2":"type-product","3":"status-publish","4":"has-post-thumbnail","6":"product_cat-agitadores","7":"product_cat-dlab","8":"product_cat-equipos-de-laboratorio","9":"product_cat-parrillas","10":"product_tag-agitador-dlab-magnetico-para-10-plazas-con-calentamiento","11":"product_tag-equipo-de-laboratorio","12":"product_tag-equipo-para-laboratorio","14":"first","15":"instock","16":"shipping-taxable","17":"product-type-simple","18":"col-xs-6 col-sm-4","19":"col-md-3 col-lg-3","20":"un-4-cols"},"yoast_head":"<!-- This site is optimized with the Yoast SEO plugin v27.2 - https:\/\/yoast.com\/product\/yoast-seo-wordpress\/ -->\n<title>Agitador DLAB magn\u00e9tico para 10 plazas PREGUNTAR POR MISMO MODELO PERO CON CALENTAMIENTO - Capital Cient&iacute;fica<\/title>\n<meta name=\"robots\" content=\"index, follow, max-snippet:-1, max-image-preview:large, max-video-preview:-1\" \/>\n<link rel=\"canonical\" href=\"https:\/\/capitalcientifica.com.mx\/tienda\/product\/agitador-dlab-magnetico-para-10-plazas-con-calentamiento\/\" \/>\n<meta property=\"og:locale\" content=\"es_ES\" \/>\n<meta property=\"og:type\" content=\"article\" \/>\n<meta property=\"og:title\" content=\"Agitador DLAB magn\u00e9tico para 10 plazas PREGUNTAR POR MISMO MODELO PERO CON CALENTAMIENTO - Capital Cient&iacute;fica\" \/>\n<meta property=\"og:description\" content=\"M\u00e1xima\u00a0cantidad\u00a0de agitaci\u00f3n [H2O] 0,4 L \u00d7 10   Rango de velocidad 0-1100 rpm   M\u00e1xima\u00a0barra magn\u00e9tica [longitud] 40 mm   Posiciones de agitaci\u00f3n 10   Material de la placa de trabajo De acero inoxidable con el amortiguador de silicona   Tipo de motor Motor de corriente continua sin escobillas   Visualizaci\u00f3n de la velocidad Escala   Potencia de entrada del motor \u00a012W   Potencia de salida del motor \u00a04W   Poder \u00a020W   Temperatura ambiente admisible y la humedad \u00a0Temperatura: 5-40 \u00b0 C,  Humedad relativa: 80%   Clase de protecci\u00f3n \u00a0IP2X   Dimensi\u00f3n \u00a0182 \u00d7 622 \u00d7 65 mm   Dimensi\u00f3n de placa de trabajo 180 \u00d7 450 mm   Peso \u00a03,2 kg\" \/>\n<meta property=\"og:url\" content=\"https:\/\/capitalcientifica.com.mx\/tienda\/product\/agitador-dlab-magnetico-para-10-plazas-con-calentamiento\/\" \/>\n<meta property=\"og:site_name\" content=\"Capital Cient&iacute;fica\" \/>\n<meta property=\"article:modified_time\" content=\"2023-04-21T23:16:37+00:00\" \/>\n<meta property=\"og:image\" content=\"https:\/\/capitalcientifica.com.mx\/tienda\/wp-content\/uploads\/2023\/03\/MS-M-S10-Agitador-magnetico-para-10-plazas..jpg\" \/>\n\t<meta property=\"og:image:width\" content=\"361\" \/>\n\t<meta property=\"og:image:height\" content=\"265\" \/>\n\t<meta property=\"og:image:type\" content=\"image\/jpeg\" \/>\n<meta name=\"twitter:card\" content=\"summary_large_image\" \/>\n<meta name=\"twitter:label1\" content=\"Tiempo de lectura\" \/>\n\t<meta name=\"twitter:data1\" content=\"1 minuto\" \/>\n<script type=\"application\/ld+json\" class=\"yoast-schema-graph\">{\"@context\":\"https:\/\/schema.org\",\"@graph\":[{\"@type\":\"WebPage\",\"@id\":\"https:\/\/capitalcientifica.com.mx\/tienda\/product\/agitador-dlab-magnetico-para-10-plazas-con-calentamiento\/\",\"url\":\"https:\/\/capitalcientifica.com.mx\/tienda\/product\/agitador-dlab-magnetico-para-10-plazas-con-calentamiento\/\",\"name\":\"Agitador DLAB magn\u00e9tico para 10 plazas PREGUNTAR POR MISMO MODELO PERO CON CALENTAMIENTO - Capital Cient&iacute;fica\",\"isPartOf\":{\"@id\":\"https:\/\/capitalcientifica.com.mx\/tienda\/#website\"},\"primaryImageOfPage\":{\"@id\":\"https:\/\/capitalcientifica.com.mx\/tienda\/product\/agitador-dlab-magnetico-para-10-plazas-con-calentamiento\/#primaryimage\"},\"image\":{\"@id\":\"https:\/\/capitalcientifica.com.mx\/tienda\/product\/agitador-dlab-magnetico-para-10-plazas-con-calentamiento\/#primaryimage\"},\"thumbnailUrl\":\"https:\/\/capitalcientifica.com.mx\/tienda\/wp-content\/uploads\/2023\/03\/MS-M-S10-Agitador-magnetico-para-10-plazas..jpg\",\"datePublished\":\"2023-03-22T23:14:11+00:00\",\"dateModified\":\"2023-04-21T23:16:37+00:00\",\"breadcrumb\":{\"@id\":\"https:\/\/capitalcientifica.com.mx\/tienda\/product\/agitador-dlab-magnetico-para-10-plazas-con-calentamiento\/#breadcrumb\"},\"inLanguage\":\"es\",\"potentialAction\":[{\"@type\":\"ReadAction\",\"target\":[\"https:\/\/capitalcientifica.com.mx\/tienda\/product\/agitador-dlab-magnetico-para-10-plazas-con-calentamiento\/\"]}]},{\"@type\":\"ImageObject\",\"inLanguage\":\"es\",\"@id\":\"https:\/\/capitalcientifica.com.mx\/tienda\/product\/agitador-dlab-magnetico-para-10-plazas-con-calentamiento\/#primaryimage\",\"url\":\"https:\/\/capitalcientifica.com.mx\/tienda\/wp-content\/uploads\/2023\/03\/MS-M-S10-Agitador-magnetico-para-10-plazas..jpg\",\"contentUrl\":\"https:\/\/capitalcientifica.com.mx\/tienda\/wp-content\/uploads\/2023\/03\/MS-M-S10-Agitador-magnetico-para-10-plazas..jpg\",\"width\":361,\"height\":265},{\"@type\":\"BreadcrumbList\",\"@id\":\"https:\/\/capitalcientifica.com.mx\/tienda\/product\/agitador-dlab-magnetico-para-10-plazas-con-calentamiento\/#breadcrumb\",\"itemListElement\":[{\"@type\":\"ListItem\",\"position\":1,\"name\":\"Portada\",\"item\":\"https:\/\/capitalcientifica.com.mx\/tienda\/\"},{\"@type\":\"ListItem\",\"position\":2,\"name\":\"Shop\",\"item\":\"https:\/\/capitalcientifica.com.mx\/tienda\/shop\/\"},{\"@type\":\"ListItem\",\"position\":3,\"name\":\"Agitador DLAB magn\u00e9tico para 10 plazas PREGUNTAR POR MISMO MODELO PERO CON CALENTAMIENTO\"}]},{\"@type\":\"WebSite\",\"@id\":\"https:\/\/capitalcientifica.com.mx\/tienda\/#website\",\"url\":\"https:\/\/capitalcientifica.com.mx\/tienda\/\",\"name\":\"Capital Cient&iacute;fica\",\"description\":\"Equipo para laboratorio\",\"potentialAction\":[{\"@type\":\"SearchAction\",\"target\":{\"@type\":\"EntryPoint\",\"urlTemplate\":\"https:\/\/capitalcientifica.com.mx\/tienda\/?s={search_term_string}\"},\"query-input\":{\"@type\":\"PropertyValueSpecification\",\"valueRequired\":true,\"valueName\":\"search_term_string\"}}],\"inLanguage\":\"es\"}]}<\/script>\n<!-- \/ Yoast SEO plugin. -->","yoast_head_json":{"title":"Agitador DLAB magn\u00e9tico para 10 plazas PREGUNTAR POR MISMO MODELO PERO CON CALENTAMIENTO - Capital Cient&iacute;fica","robots":{"index":"index","follow":"follow","max-snippet":"max-snippet:-1","max-image-preview":"max-image-preview:large","max-video-preview":"max-video-preview:-1"},"canonical":"https:\/\/capitalcientifica.com.mx\/tienda\/product\/agitador-dlab-magnetico-para-10-plazas-con-calentamiento\/","og_locale":"es_ES","og_type":"article","og_title":"Agitador DLAB magn\u00e9tico para 10 plazas PREGUNTAR POR MISMO MODELO PERO CON CALENTAMIENTO - Capital Cient&iacute;fica","og_description":"M\u00e1xima\u00a0cantidad\u00a0de agitaci\u00f3n [H2O] 0,4 L \u00d7 10   Rango de velocidad 0-1100 rpm   M\u00e1xima\u00a0barra magn\u00e9tica [longitud] 40 mm   Posiciones de agitaci\u00f3n 10   Material de la placa de trabajo De acero inoxidable con el amortiguador de silicona   Tipo de motor Motor de corriente continua sin escobillas   Visualizaci\u00f3n de la velocidad Escala   Potencia de entrada del motor \u00a012W   Potencia de salida del motor \u00a04W   Poder \u00a020W   Temperatura ambiente admisible y la humedad \u00a0Temperatura: 5-40 \u00b0 C,  Humedad relativa: 80%   Clase de protecci\u00f3n \u00a0IP2X   Dimensi\u00f3n \u00a0182 \u00d7 622 \u00d7 65 mm   Dimensi\u00f3n de placa de trabajo 180 \u00d7 450 mm   Peso \u00a03,2 kg","og_url":"https:\/\/capitalcientifica.com.mx\/tienda\/product\/agitador-dlab-magnetico-para-10-plazas-con-calentamiento\/","og_site_name":"Capital Cient&iacute;fica","article_modified_time":"2023-04-21T23:16:37+00:00","og_image":[{"width":361,"height":265,"url":"https:\/\/capitalcientifica.com.mx\/tienda\/wp-content\/uploads\/2023\/03\/MS-M-S10-Agitador-magnetico-para-10-plazas..jpg","type":"image\/jpeg"}],"twitter_card":"summary_large_image","twitter_misc":{"Tiempo de lectura":"1 minuto"},"schema":{"@context":"https:\/\/schema.org","@graph":[{"@type":"WebPage","@id":"https:\/\/capitalcientifica.com.mx\/tienda\/product\/agitador-dlab-magnetico-para-10-plazas-con-calentamiento\/","url":"https:\/\/capitalcientifica.com.mx\/tienda\/product\/agitador-dlab-magnetico-para-10-plazas-con-calentamiento\/","name":"Agitador DLAB magn\u00e9tico para 10 plazas PREGUNTAR POR MISMO MODELO PERO CON CALENTAMIENTO - Capital Cient&iacute;fica","isPartOf":{"@id":"https:\/\/capitalcientifica.com.mx\/tienda\/#website"},"primaryImageOfPage":{"@id":"https:\/\/capitalcientifica.com.mx\/tienda\/product\/agitador-dlab-magnetico-para-10-plazas-con-calentamiento\/#primaryimage"},"image":{"@id":"https:\/\/capitalcientifica.com.mx\/tienda\/product\/agitador-dlab-magnetico-para-10-plazas-con-calentamiento\/#primaryimage"},"thumbnailUrl":"https:\/\/capitalcientifica.com.mx\/tienda\/wp-content\/uploads\/2023\/03\/MS-M-S10-Agitador-magnetico-para-10-plazas..jpg","datePublished":"2023-03-22T23:14:11+00:00","dateModified":"2023-04-21T23:16:37+00:00","breadcrumb":{"@id":"https:\/\/capitalcientifica.com.mx\/tienda\/product\/agitador-dlab-magnetico-para-10-plazas-con-calentamiento\/#breadcrumb"},"inLanguage":"es","potentialAction":[{"@type":"ReadAction","target":["https:\/\/capitalcientifica.com.mx\/tienda\/product\/agitador-dlab-magnetico-para-10-plazas-con-calentamiento\/"]}]},{"@type":"ImageObject","inLanguage":"es","@id":"https:\/\/capitalcientifica.com.mx\/tienda\/product\/agitador-dlab-magnetico-para-10-plazas-con-calentamiento\/#primaryimage","url":"https:\/\/capitalcientifica.com.mx\/tienda\/wp-content\/uploads\/2023\/03\/MS-M-S10-Agitador-magnetico-para-10-plazas..jpg","contentUrl":"https:\/\/capitalcientifica.com.mx\/tienda\/wp-content\/uploads\/2023\/03\/MS-M-S10-Agitador-magnetico-para-10-plazas..jpg","width":361,"height":265},{"@type":"BreadcrumbList","@id":"https:\/\/capitalcientifica.com.mx\/tienda\/product\/agitador-dlab-magnetico-para-10-plazas-con-calentamiento\/#breadcrumb","itemListElement":[{"@type":"ListItem","position":1,"name":"Portada","item":"https:\/\/capitalcientifica.com.mx\/tienda\/"},{"@type":"ListItem","position":2,"name":"Shop","item":"https:\/\/capitalcientifica.com.mx\/tienda\/shop\/"},{"@type":"ListItem","position":3,"name":"Agitador DLAB magn\u00e9tico para 10 plazas PREGUNTAR POR MISMO MODELO PERO CON CALENTAMIENTO"}]},{"@type":"WebSite","@id":"https:\/\/capitalcientifica.com.mx\/tienda\/#website","url":"https:\/\/capitalcientifica.com.mx\/tienda\/","name":"Capital Cient&iacute;fica","description":"Equipo para laboratorio","potentialAction":[{"@type":"SearchAction","target":{"@type":"EntryPoint","urlTemplate":"https:\/\/capitalcientifica.com.mx\/tienda\/?s={search_term_string}"},"query-input":{"@type":"PropertyValueSpecification","valueRequired":true,"valueName":"search_term_string"}}],"inLanguage":"es"}]}},"_links":{"self":[{"href":"https:\/\/capitalcientifica.com.mx\/tienda\/wp-json\/wp\/v2\/product\/5905","targetHints":{"allow":["GET"]}}],"collection":[{"href":"https:\/\/capitalcientifica.com.mx\/tienda\/wp-json\/wp\/v2\/product"}],"about":[{"href":"https:\/\/capitalcientifica.com.mx\/tienda\/wp-json\/wp\/v2\/types\/product"}],"replies":[{"embeddable":true,"href":"https:\/\/capitalcientifica.com.mx\/tienda\/wp-json\/wp\/v2\/comments?post=5905"}],"wp:featuredmedia":[{"embeddable":true,"href":"https:\/\/capitalcientifica.com.mx\/tienda\/wp-json\/wp\/v2\/media\/5906"}],"wp:attachment":[{"href":"https:\/\/capitalcientifica.com.mx\/tienda\/wp-json\/wp\/v2\/media?parent=5905"}],"wp:term":[{"taxonomy":"product_cat","embeddable":true,"href":"https:\/\/capitalcientifica.com.mx\/tienda\/wp-json\/wp\/v2\/product_cat?post=5905"},{"taxonomy":"product_tag","embeddable":true,"href":"https:\/\/capitalcientifica.com.mx\/tienda\/wp-json\/wp\/v2\/product_tag?post=5905"}],"curies":[{"name":"wp","href":"https:\/\/api.w.org\/{rel}","templated":true}]}}