{"id":5895,"date":"2023-03-22T22:39:14","date_gmt":"2023-03-22T22:39:14","guid":{"rendered":"https:\/\/capitalcientifica.com.mx\/tienda\/?post_type=product&#038;p=5895"},"modified":"2023-04-04T21:03:36","modified_gmt":"2023-04-04T21:03:36","slug":"agitador-dlab-compacto-ligero-y-economico-para-laboratorios-farmaceuticos-industriales-o-educativos","status":"publish","type":"product","link":"https:\/\/capitalcientifica.com.mx\/tienda\/product\/agitador-dlab-compacto-ligero-y-economico-para-laboratorios-farmaceuticos-industriales-o-educativos\/","title":{"rendered":"Agitador DLAB compacto, ligero y econ\u00f3mico para laboratorios farmac\u00e9uticos, industriales o educativos"},"content":{"rendered":"<p>Agitador compacto, ligero y econ\u00f3mico para laboratorios farmac\u00e9uticos, industriales o educativos.\u00a0 Especificaciones M\u00e1xima cantidad agitaci\u00f3n [H2O] 3 litros Rango de velocidad 0-1500 rpm M\u00e1xima barra magn\u00e9tica [longitud] 50 mm Dimensi\u00f3n de placa de trabajo 135 mm (5 pulgadas)<\/p>\n","protected":false},"excerpt":{"rendered":"<table border=\"1\">\n<tbody>\n<tr>\n<td>M\u00e1xima\u00a0cantidad agitaci\u00f3n [H2O]<\/td>\n<td>3 litros<\/td>\n<\/tr>\n<tr>\n<td>Rango de velocidad<\/td>\n<td>0-1500 rpm<\/td>\n<\/tr>\n<tr>\n<td>M\u00e1xima\u00a0barra magn\u00e9tica [longitud]<\/td>\n<td>50 mm<\/td>\n<\/tr>\n<tr>\n<td>Dimensi\u00f3n de placa de trabajo<\/td>\n<td>135 mm (5 pulgadas)<\/td>\n<\/tr>\n<tr>\n<td>Material de la placa de trabajo<\/td>\n<td>\u00a0Nyl\u00f3n<\/td>\n<\/tr>\n<tr>\n<td>\u00a0Tipo de motor<\/td>\n<td>\u00a0Motor de corriente continua<\/td>\n<\/tr>\n<tr>\n<td>\u00a0Potencia de entrada del motor<\/td>\n<td>\u00a05W<\/td>\n<\/tr>\n<tr>\n<td>\u00a0Potencia de salida del motor<\/td>\n<td>\u00a03 W<\/td>\n<\/tr>\n<tr>\n<td>Ambiente de operaci\u00f3n<\/td>\n<td>Temperatura: 5-40 \u00b0 C,<\/p>\n<p>Humedad relativa: 80%<\/td>\n<\/tr>\n<tr>\n<td>Poder<\/td>\n<td>\u00a010W<\/td>\n<\/tr>\n<tr>\n<td>Posiciones de agitaci\u00f3n<\/td>\n<td>\u00a01<\/td>\n<\/tr>\n<tr>\n<td>\u00a0Visualizaci\u00f3n de la velocidad<\/td>\n<td>\u00a0Escala<\/td>\n<\/tr>\n<tr>\n<td>\u00a0Clase de protecci\u00f3n<\/td>\n<td>\u00a0IP42<\/td>\n<\/tr>\n<tr>\n<td>\u00a0Dimensi\u00f3n<\/td>\n<td>\u00a0150 \u00d7 260 \u00d7 80 mm<\/td>\n<\/tr>\n<tr>\n<td>\u00a0Peso<\/td>\n<td>\u00a01,8 kg<\/td>\n<\/tr>\n<tr>\n<td>\u00a0Alimentaci\u00f3n<\/td>\n<td>\u00a0100-120 \/ 200-240V, 50 \/ 60Hz<\/td>\n<\/tr>\n<\/tbody>\n<\/table>\n","protected":false},"featured_media":5896,"comment_status":"closed","ping_status":"closed","template":"","meta":{"_joinchat":[]},"product_cat":[94,2820,61,109],"product_tag":[2989,172,173],"class_list":{"0":"post-5895","1":"product","2":"type-product","3":"status-publish","4":"has-post-thumbnail","6":"product_cat-agitadores","7":"product_cat-dlab","8":"product_cat-equipos-de-laboratorio","9":"product_cat-importacion","10":"product_tag-agitador-dlab-para-laboratorios-farmaceuticos-industriales-o-educativos","11":"product_tag-equipo-de-laboratorio","12":"product_tag-equipo-para-laboratorio","14":"first","15":"instock","16":"shipping-taxable","17":"product-type-simple","18":"col-xs-6 col-sm-4","19":"col-md-3 col-lg-3","20":"un-4-cols"},"yoast_head":"<!-- This site is optimized with the Yoast SEO plugin v27.2 - https:\/\/yoast.com\/product\/yoast-seo-wordpress\/ -->\n<title>Agitador DLAB compacto, ligero y econ\u00f3mico para laboratorios farmac\u00e9uticos, industriales o educativos - Capital Cient&iacute;fica<\/title>\n<meta name=\"robots\" content=\"index, follow, max-snippet:-1, max-image-preview:large, max-video-preview:-1\" \/>\n<link rel=\"canonical\" href=\"https:\/\/capitalcientifica.com.mx\/tienda\/product\/agitador-dlab-compacto-ligero-y-economico-para-laboratorios-farmaceuticos-industriales-o-educativos\/\" \/>\n<meta property=\"og:locale\" content=\"es_ES\" \/>\n<meta property=\"og:type\" content=\"article\" \/>\n<meta property=\"og:title\" content=\"Agitador DLAB compacto, ligero y econ\u00f3mico para laboratorios farmac\u00e9uticos, industriales o educativos - Capital Cient&iacute;fica\" \/>\n<meta property=\"og:description\" content=\"M\u00e1xima\u00a0cantidad agitaci\u00f3n [H2O] 3 litros   Rango de velocidad 0-1500 rpm   M\u00e1xima\u00a0barra magn\u00e9tica [longitud] 50 mm   Dimensi\u00f3n de placa de trabajo 135 mm (5 pulgadas)   Material de la placa de trabajo \u00a0Nyl\u00f3n   \u00a0Tipo de motor \u00a0Motor de corriente continua   \u00a0Potencia de entrada del motor \u00a05W   \u00a0Potencia de salida del motor \u00a03 W   Ambiente de operaci\u00f3n Temperatura: 5-40 \u00b0 C,  Humedad relativa: 80%   Poder \u00a010W   Posiciones de agitaci\u00f3n \u00a01   \u00a0Visualizaci\u00f3n de la velocidad \u00a0Escala   \u00a0Clase de protecci\u00f3n \u00a0IP42   \u00a0Dimensi\u00f3n \u00a0150 \u00d7 260 \u00d7 80 mm   \u00a0Peso \u00a01,8 kg   \u00a0Alimentaci\u00f3n \u00a0100-120 \/ 200-240V, 50 \/ 60Hz\" \/>\n<meta property=\"og:url\" content=\"https:\/\/capitalcientifica.com.mx\/tienda\/product\/agitador-dlab-compacto-ligero-y-economico-para-laboratorios-farmaceuticos-industriales-o-educativos\/\" \/>\n<meta property=\"og:site_name\" content=\"Capital Cient&iacute;fica\" \/>\n<meta property=\"article:modified_time\" content=\"2023-04-04T21:03:36+00:00\" \/>\n<meta property=\"og:image\" content=\"https:\/\/capitalcientifica.com.mx\/tienda\/wp-content\/uploads\/2023\/03\/MS-PB-Agitador-magnetico.jpg\" \/>\n\t<meta property=\"og:image:width\" content=\"339\" \/>\n\t<meta property=\"og:image:height\" content=\"286\" \/>\n\t<meta property=\"og:image:type\" content=\"image\/jpeg\" \/>\n<meta name=\"twitter:card\" content=\"summary_large_image\" \/>\n<meta name=\"twitter:label1\" content=\"Tiempo de lectura\" \/>\n\t<meta name=\"twitter:data1\" content=\"1 minuto\" \/>\n<script type=\"application\/ld+json\" class=\"yoast-schema-graph\">{\"@context\":\"https:\/\/schema.org\",\"@graph\":[{\"@type\":\"WebPage\",\"@id\":\"https:\/\/capitalcientifica.com.mx\/tienda\/product\/agitador-dlab-compacto-ligero-y-economico-para-laboratorios-farmaceuticos-industriales-o-educativos\/\",\"url\":\"https:\/\/capitalcientifica.com.mx\/tienda\/product\/agitador-dlab-compacto-ligero-y-economico-para-laboratorios-farmaceuticos-industriales-o-educativos\/\",\"name\":\"Agitador DLAB compacto, ligero y econ\u00f3mico para laboratorios farmac\u00e9uticos, industriales o educativos - Capital Cient&iacute;fica\",\"isPartOf\":{\"@id\":\"https:\/\/capitalcientifica.com.mx\/tienda\/#website\"},\"primaryImageOfPage\":{\"@id\":\"https:\/\/capitalcientifica.com.mx\/tienda\/product\/agitador-dlab-compacto-ligero-y-economico-para-laboratorios-farmaceuticos-industriales-o-educativos\/#primaryimage\"},\"image\":{\"@id\":\"https:\/\/capitalcientifica.com.mx\/tienda\/product\/agitador-dlab-compacto-ligero-y-economico-para-laboratorios-farmaceuticos-industriales-o-educativos\/#primaryimage\"},\"thumbnailUrl\":\"https:\/\/capitalcientifica.com.mx\/tienda\/wp-content\/uploads\/2023\/03\/MS-PB-Agitador-magnetico.jpg\",\"datePublished\":\"2023-03-22T22:39:14+00:00\",\"dateModified\":\"2023-04-04T21:03:36+00:00\",\"breadcrumb\":{\"@id\":\"https:\/\/capitalcientifica.com.mx\/tienda\/product\/agitador-dlab-compacto-ligero-y-economico-para-laboratorios-farmaceuticos-industriales-o-educativos\/#breadcrumb\"},\"inLanguage\":\"es\",\"potentialAction\":[{\"@type\":\"ReadAction\",\"target\":[\"https:\/\/capitalcientifica.com.mx\/tienda\/product\/agitador-dlab-compacto-ligero-y-economico-para-laboratorios-farmaceuticos-industriales-o-educativos\/\"]}]},{\"@type\":\"ImageObject\",\"inLanguage\":\"es\",\"@id\":\"https:\/\/capitalcientifica.com.mx\/tienda\/product\/agitador-dlab-compacto-ligero-y-economico-para-laboratorios-farmaceuticos-industriales-o-educativos\/#primaryimage\",\"url\":\"https:\/\/capitalcientifica.com.mx\/tienda\/wp-content\/uploads\/2023\/03\/MS-PB-Agitador-magnetico.jpg\",\"contentUrl\":\"https:\/\/capitalcientifica.com.mx\/tienda\/wp-content\/uploads\/2023\/03\/MS-PB-Agitador-magnetico.jpg\",\"width\":339,\"height\":286},{\"@type\":\"BreadcrumbList\",\"@id\":\"https:\/\/capitalcientifica.com.mx\/tienda\/product\/agitador-dlab-compacto-ligero-y-economico-para-laboratorios-farmaceuticos-industriales-o-educativos\/#breadcrumb\",\"itemListElement\":[{\"@type\":\"ListItem\",\"position\":1,\"name\":\"Portada\",\"item\":\"https:\/\/capitalcientifica.com.mx\/tienda\/\"},{\"@type\":\"ListItem\",\"position\":2,\"name\":\"Shop\",\"item\":\"https:\/\/capitalcientifica.com.mx\/tienda\/shop\/\"},{\"@type\":\"ListItem\",\"position\":3,\"name\":\"Agitador DLAB compacto, ligero y econ\u00f3mico para laboratorios farmac\u00e9uticos, industriales o educativos\"}]},{\"@type\":\"WebSite\",\"@id\":\"https:\/\/capitalcientifica.com.mx\/tienda\/#website\",\"url\":\"https:\/\/capitalcientifica.com.mx\/tienda\/\",\"name\":\"Capital Cient&iacute;fica\",\"description\":\"Equipo para laboratorio\",\"potentialAction\":[{\"@type\":\"SearchAction\",\"target\":{\"@type\":\"EntryPoint\",\"urlTemplate\":\"https:\/\/capitalcientifica.com.mx\/tienda\/?s={search_term_string}\"},\"query-input\":{\"@type\":\"PropertyValueSpecification\",\"valueRequired\":true,\"valueName\":\"search_term_string\"}}],\"inLanguage\":\"es\"}]}<\/script>\n<!-- \/ Yoast SEO plugin. -->","yoast_head_json":{"title":"Agitador DLAB compacto, ligero y econ\u00f3mico para laboratorios farmac\u00e9uticos, industriales o educativos - Capital Cient&iacute;fica","robots":{"index":"index","follow":"follow","max-snippet":"max-snippet:-1","max-image-preview":"max-image-preview:large","max-video-preview":"max-video-preview:-1"},"canonical":"https:\/\/capitalcientifica.com.mx\/tienda\/product\/agitador-dlab-compacto-ligero-y-economico-para-laboratorios-farmaceuticos-industriales-o-educativos\/","og_locale":"es_ES","og_type":"article","og_title":"Agitador DLAB compacto, ligero y econ\u00f3mico para laboratorios farmac\u00e9uticos, industriales o educativos - Capital Cient&iacute;fica","og_description":"M\u00e1xima\u00a0cantidad agitaci\u00f3n [H2O] 3 litros   Rango de velocidad 0-1500 rpm   M\u00e1xima\u00a0barra magn\u00e9tica [longitud] 50 mm   Dimensi\u00f3n de placa de trabajo 135 mm (5 pulgadas)   Material de la placa de trabajo \u00a0Nyl\u00f3n   \u00a0Tipo de motor \u00a0Motor de corriente continua   \u00a0Potencia de entrada del motor \u00a05W   \u00a0Potencia de salida del motor \u00a03 W   Ambiente de operaci\u00f3n Temperatura: 5-40 \u00b0 C,  Humedad relativa: 80%   Poder \u00a010W   Posiciones de agitaci\u00f3n \u00a01   \u00a0Visualizaci\u00f3n de la velocidad \u00a0Escala   \u00a0Clase de protecci\u00f3n \u00a0IP42   \u00a0Dimensi\u00f3n \u00a0150 \u00d7 260 \u00d7 80 mm   \u00a0Peso \u00a01,8 kg   \u00a0Alimentaci\u00f3n \u00a0100-120 \/ 200-240V, 50 \/ 60Hz","og_url":"https:\/\/capitalcientifica.com.mx\/tienda\/product\/agitador-dlab-compacto-ligero-y-economico-para-laboratorios-farmaceuticos-industriales-o-educativos\/","og_site_name":"Capital Cient&iacute;fica","article_modified_time":"2023-04-04T21:03:36+00:00","og_image":[{"width":339,"height":286,"url":"https:\/\/capitalcientifica.com.mx\/tienda\/wp-content\/uploads\/2023\/03\/MS-PB-Agitador-magnetico.jpg","type":"image\/jpeg"}],"twitter_card":"summary_large_image","twitter_misc":{"Tiempo de lectura":"1 minuto"},"schema":{"@context":"https:\/\/schema.org","@graph":[{"@type":"WebPage","@id":"https:\/\/capitalcientifica.com.mx\/tienda\/product\/agitador-dlab-compacto-ligero-y-economico-para-laboratorios-farmaceuticos-industriales-o-educativos\/","url":"https:\/\/capitalcientifica.com.mx\/tienda\/product\/agitador-dlab-compacto-ligero-y-economico-para-laboratorios-farmaceuticos-industriales-o-educativos\/","name":"Agitador DLAB compacto, ligero y econ\u00f3mico para laboratorios farmac\u00e9uticos, industriales o educativos - Capital Cient&iacute;fica","isPartOf":{"@id":"https:\/\/capitalcientifica.com.mx\/tienda\/#website"},"primaryImageOfPage":{"@id":"https:\/\/capitalcientifica.com.mx\/tienda\/product\/agitador-dlab-compacto-ligero-y-economico-para-laboratorios-farmaceuticos-industriales-o-educativos\/#primaryimage"},"image":{"@id":"https:\/\/capitalcientifica.com.mx\/tienda\/product\/agitador-dlab-compacto-ligero-y-economico-para-laboratorios-farmaceuticos-industriales-o-educativos\/#primaryimage"},"thumbnailUrl":"https:\/\/capitalcientifica.com.mx\/tienda\/wp-content\/uploads\/2023\/03\/MS-PB-Agitador-magnetico.jpg","datePublished":"2023-03-22T22:39:14+00:00","dateModified":"2023-04-04T21:03:36+00:00","breadcrumb":{"@id":"https:\/\/capitalcientifica.com.mx\/tienda\/product\/agitador-dlab-compacto-ligero-y-economico-para-laboratorios-farmaceuticos-industriales-o-educativos\/#breadcrumb"},"inLanguage":"es","potentialAction":[{"@type":"ReadAction","target":["https:\/\/capitalcientifica.com.mx\/tienda\/product\/agitador-dlab-compacto-ligero-y-economico-para-laboratorios-farmaceuticos-industriales-o-educativos\/"]}]},{"@type":"ImageObject","inLanguage":"es","@id":"https:\/\/capitalcientifica.com.mx\/tienda\/product\/agitador-dlab-compacto-ligero-y-economico-para-laboratorios-farmaceuticos-industriales-o-educativos\/#primaryimage","url":"https:\/\/capitalcientifica.com.mx\/tienda\/wp-content\/uploads\/2023\/03\/MS-PB-Agitador-magnetico.jpg","contentUrl":"https:\/\/capitalcientifica.com.mx\/tienda\/wp-content\/uploads\/2023\/03\/MS-PB-Agitador-magnetico.jpg","width":339,"height":286},{"@type":"BreadcrumbList","@id":"https:\/\/capitalcientifica.com.mx\/tienda\/product\/agitador-dlab-compacto-ligero-y-economico-para-laboratorios-farmaceuticos-industriales-o-educativos\/#breadcrumb","itemListElement":[{"@type":"ListItem","position":1,"name":"Portada","item":"https:\/\/capitalcientifica.com.mx\/tienda\/"},{"@type":"ListItem","position":2,"name":"Shop","item":"https:\/\/capitalcientifica.com.mx\/tienda\/shop\/"},{"@type":"ListItem","position":3,"name":"Agitador DLAB compacto, ligero y econ\u00f3mico para laboratorios farmac\u00e9uticos, industriales o educativos"}]},{"@type":"WebSite","@id":"https:\/\/capitalcientifica.com.mx\/tienda\/#website","url":"https:\/\/capitalcientifica.com.mx\/tienda\/","name":"Capital Cient&iacute;fica","description":"Equipo para laboratorio","potentialAction":[{"@type":"SearchAction","target":{"@type":"EntryPoint","urlTemplate":"https:\/\/capitalcientifica.com.mx\/tienda\/?s={search_term_string}"},"query-input":{"@type":"PropertyValueSpecification","valueRequired":true,"valueName":"search_term_string"}}],"inLanguage":"es"}]}},"_links":{"self":[{"href":"https:\/\/capitalcientifica.com.mx\/tienda\/wp-json\/wp\/v2\/product\/5895","targetHints":{"allow":["GET"]}}],"collection":[{"href":"https:\/\/capitalcientifica.com.mx\/tienda\/wp-json\/wp\/v2\/product"}],"about":[{"href":"https:\/\/capitalcientifica.com.mx\/tienda\/wp-json\/wp\/v2\/types\/product"}],"replies":[{"embeddable":true,"href":"https:\/\/capitalcientifica.com.mx\/tienda\/wp-json\/wp\/v2\/comments?post=5895"}],"wp:featuredmedia":[{"embeddable":true,"href":"https:\/\/capitalcientifica.com.mx\/tienda\/wp-json\/wp\/v2\/media\/5896"}],"wp:attachment":[{"href":"https:\/\/capitalcientifica.com.mx\/tienda\/wp-json\/wp\/v2\/media?parent=5895"}],"wp:term":[{"taxonomy":"product_cat","embeddable":true,"href":"https:\/\/capitalcientifica.com.mx\/tienda\/wp-json\/wp\/v2\/product_cat?post=5895"},{"taxonomy":"product_tag","embeddable":true,"href":"https:\/\/capitalcientifica.com.mx\/tienda\/wp-json\/wp\/v2\/product_tag?post=5895"}],"curies":[{"name":"wp","href":"https:\/\/api.w.org\/{rel}","templated":true}]}}