{"id":5885,"date":"2023-03-16T23:17:30","date_gmt":"2023-03-16T23:17:30","guid":{"rendered":"https:\/\/capitalcientifica.com.mx\/tienda\/?post_type=product&#038;p=5885"},"modified":"2023-04-04T20:57:03","modified_gmt":"2023-04-04T20:57:03","slug":"bano-maria-de-36-lt","status":"publish","type":"product","link":"https:\/\/capitalcientifica.com.mx\/tienda\/product\/bano-maria-de-36-lt\/","title":{"rendered":"BA\u00d1O MARIA DE 36 LT"},"content":{"rendered":"<p>BA\u00d1O MARIA DE 36 LT CON TAPA Y GRADILLA<\/p>\n<table>\n<tbody>\n<tr>\n<td width=\"236\">Capacidad<\/td>\n<td width=\"353\">Aprox. 36 L<\/td>\n<\/tr>\n<tr>\n<td width=\"236\">Intervalo de temperatura<\/td>\n<td width=\"353\">T.A.+5\u00b0C a 100\u00b0C<\/td>\n<\/tr>\n<tr>\n<td width=\"236\">Estabilidad<\/td>\n<td width=\"353\">\u00b11\u00b0C<\/td>\n<\/tr>\n<tr>\n<td width=\"236\">Temporizador<\/td>\n<td width=\"353\">0 &#8211; 9999 min<\/td>\n<\/tr>\n<tr>\n<td width=\"236\">Dimensiones del equipo<\/td>\n<td width=\"353\">Aprox. 775 x 350 x 340 mm<\/td>\n<\/tr>\n<tr>\n<td width=\"236\">Dimensiones del tanque de agua<\/td>\n<td width=\"353\">Aprox. 600 x 300 x 200 mm<\/td>\n<\/tr>\n<tr>\n<td width=\"236\">Peso neto<\/td>\n<td width=\"353\">18.1 kg<\/td>\n<\/tr>\n<tr>\n<td width=\"236\">Potencia<\/td>\n<td width=\"353\">2000 W \u00b1 10%<\/td>\n<\/tr>\n<tr>\n<td width=\"236\">Alimentaci\u00f3n<\/td>\n<td width=\"353\">CA 110V, 60Hz<\/td>\n<\/tr>\n<\/tbody>\n<\/table>\n","protected":false},"excerpt":{"rendered":"<table>\n<tbody>\n<tr>\n<td width=\"236\">Accesorios incluidos<\/td>\n<td width=\"353\">\n<ul>\n<li>Cubierta desmontable con 6 cavidades<\/li>\n<li>Gradilla<\/li>\n<li>Fondo falso con orificios<\/li>\n<li>Anillos reductores\/conc\u00e9ntricos y tapas (desmontables)<\/li>\n<li>Manguera de desag\u00fce<\/li>\n<li>Cable de alimentaci\u00f3n<\/li>\n<li>Manual de operaci\u00f3n<\/li>\n<\/ul>\n<\/td>\n<\/tr>\n<tr>\n<td width=\"236\">Caracter\u00edsticas adicionales<\/td>\n<td width=\"353\">\n<ul>\n<li>Cuenta con una cubierta con 6 cavidades, distribuidas en 2 \ufb01las de 3 cavidades cada una.<\/li>\n<li>Incluye doble pantalla LED para visualizar el tiempo con\ufb01gurado y la temperatura del ba\u00f1o.<\/li>\n<li>Es de f\u00e1cil uso con teclado suave y protecci\u00f3n contra sobrecalentamiento.<\/li>\n<li>El equipo tiene una tapa sobre el tanque de agua que puede proteger muestras o soluciones sensibles a la luz.<\/li>\n<\/ul>\n<\/td>\n<\/tr>\n<\/tbody>\n<\/table>\n","protected":false},"featured_media":5886,"comment_status":"closed","ping_status":"closed","template":"","meta":{"_joinchat":[]},"product_cat":[61,109,168],"product_tag":[2977,172,173],"class_list":{"0":"post-5885","1":"product","2":"type-product","3":"status-publish","4":"has-post-thumbnail","6":"product_cat-equipos-de-laboratorio","7":"product_cat-importacion","8":"product_cat-productos-destacados","9":"product_tag-bano-maria-de-36-lt","10":"product_tag-equipo-de-laboratorio","11":"product_tag-equipo-para-laboratorio","13":"first","14":"instock","15":"shipping-taxable","16":"product-type-simple","17":"col-xs-6 col-sm-4","18":"col-md-3 col-lg-3","19":"un-4-cols"},"yoast_head":"<!-- This site is optimized with the Yoast SEO plugin v27.2 - https:\/\/yoast.com\/product\/yoast-seo-wordpress\/ -->\n<title>BA\u00d1O MARIA DE 36 LT - Capital Cient&iacute;fica<\/title>\n<meta name=\"robots\" content=\"index, follow, max-snippet:-1, max-image-preview:large, max-video-preview:-1\" \/>\n<link rel=\"canonical\" href=\"https:\/\/capitalcientifica.com.mx\/tienda\/product\/bano-maria-de-36-lt\/\" \/>\n<meta property=\"og:locale\" content=\"es_ES\" \/>\n<meta property=\"og:type\" content=\"article\" \/>\n<meta property=\"og:title\" content=\"BA\u00d1O MARIA DE 36 LT - Capital Cient&iacute;fica\" \/>\n<meta property=\"og:description\" content=\"Accesorios incluidos    Cubierta desmontable con 6 cavidades  Gradilla  Fondo falso con orificios  Anillos reductores\/conc\u00e9ntricos y tapas (desmontables)  Manguera de desag\u00fce  Cable de alimentaci\u00f3n  Manual de operaci\u00f3n     Caracter\u00edsticas adicionales    Cuenta con una cubierta con 6 cavidades, distribuidas en 2 \ufb01las de 3 cavidades cada una.  Incluye doble pantalla LED para visualizar el tiempo con\ufb01gurado y la temperatura del ba\u00f1o.  Es de f\u00e1cil uso con teclado suave y protecci\u00f3n contra sobrecalentamiento.  El equipo tiene una tapa sobre el tanque de agua que puede proteger muestras o soluciones sensibles a la luz.\" \/>\n<meta property=\"og:url\" content=\"https:\/\/capitalcientifica.com.mx\/tienda\/product\/bano-maria-de-36-lt\/\" \/>\n<meta property=\"og:site_name\" content=\"Capital Cient&iacute;fica\" \/>\n<meta property=\"article:modified_time\" content=\"2023-04-04T20:57:03+00:00\" \/>\n<meta property=\"og:image\" content=\"https:\/\/capitalcientifica.com.mx\/tienda\/wp-content\/uploads\/2023\/03\/BANO-MARIA-36-LT.jpg\" \/>\n\t<meta property=\"og:image:width\" content=\"478\" \/>\n\t<meta property=\"og:image:height\" content=\"377\" \/>\n\t<meta property=\"og:image:type\" content=\"image\/jpeg\" \/>\n<meta name=\"twitter:card\" content=\"summary_large_image\" \/>\n<meta name=\"twitter:label1\" content=\"Tiempo de lectura\" \/>\n\t<meta name=\"twitter:data1\" content=\"1 minuto\" \/>\n<script type=\"application\/ld+json\" class=\"yoast-schema-graph\">{\"@context\":\"https:\/\/schema.org\",\"@graph\":[{\"@type\":\"WebPage\",\"@id\":\"https:\/\/capitalcientifica.com.mx\/tienda\/product\/bano-maria-de-36-lt\/\",\"url\":\"https:\/\/capitalcientifica.com.mx\/tienda\/product\/bano-maria-de-36-lt\/\",\"name\":\"BA\u00d1O MARIA DE 36 LT - Capital Cient&iacute;fica\",\"isPartOf\":{\"@id\":\"https:\/\/capitalcientifica.com.mx\/tienda\/#website\"},\"primaryImageOfPage\":{\"@id\":\"https:\/\/capitalcientifica.com.mx\/tienda\/product\/bano-maria-de-36-lt\/#primaryimage\"},\"image\":{\"@id\":\"https:\/\/capitalcientifica.com.mx\/tienda\/product\/bano-maria-de-36-lt\/#primaryimage\"},\"thumbnailUrl\":\"https:\/\/capitalcientifica.com.mx\/tienda\/wp-content\/uploads\/2023\/03\/BANO-MARIA-36-LT.jpg\",\"datePublished\":\"2023-03-16T23:17:30+00:00\",\"dateModified\":\"2023-04-04T20:57:03+00:00\",\"breadcrumb\":{\"@id\":\"https:\/\/capitalcientifica.com.mx\/tienda\/product\/bano-maria-de-36-lt\/#breadcrumb\"},\"inLanguage\":\"es\",\"potentialAction\":[{\"@type\":\"ReadAction\",\"target\":[\"https:\/\/capitalcientifica.com.mx\/tienda\/product\/bano-maria-de-36-lt\/\"]}]},{\"@type\":\"ImageObject\",\"inLanguage\":\"es\",\"@id\":\"https:\/\/capitalcientifica.com.mx\/tienda\/product\/bano-maria-de-36-lt\/#primaryimage\",\"url\":\"https:\/\/capitalcientifica.com.mx\/tienda\/wp-content\/uploads\/2023\/03\/BANO-MARIA-36-LT.jpg\",\"contentUrl\":\"https:\/\/capitalcientifica.com.mx\/tienda\/wp-content\/uploads\/2023\/03\/BANO-MARIA-36-LT.jpg\",\"width\":478,\"height\":377},{\"@type\":\"BreadcrumbList\",\"@id\":\"https:\/\/capitalcientifica.com.mx\/tienda\/product\/bano-maria-de-36-lt\/#breadcrumb\",\"itemListElement\":[{\"@type\":\"ListItem\",\"position\":1,\"name\":\"Portada\",\"item\":\"https:\/\/capitalcientifica.com.mx\/tienda\/\"},{\"@type\":\"ListItem\",\"position\":2,\"name\":\"Shop\",\"item\":\"https:\/\/capitalcientifica.com.mx\/tienda\/shop\/\"},{\"@type\":\"ListItem\",\"position\":3,\"name\":\"BA\u00d1O MARIA DE 36 LT\"}]},{\"@type\":\"WebSite\",\"@id\":\"https:\/\/capitalcientifica.com.mx\/tienda\/#website\",\"url\":\"https:\/\/capitalcientifica.com.mx\/tienda\/\",\"name\":\"Capital Cient&iacute;fica\",\"description\":\"Equipo para laboratorio\",\"potentialAction\":[{\"@type\":\"SearchAction\",\"target\":{\"@type\":\"EntryPoint\",\"urlTemplate\":\"https:\/\/capitalcientifica.com.mx\/tienda\/?s={search_term_string}\"},\"query-input\":{\"@type\":\"PropertyValueSpecification\",\"valueRequired\":true,\"valueName\":\"search_term_string\"}}],\"inLanguage\":\"es\"}]}<\/script>\n<!-- \/ Yoast SEO plugin. -->","yoast_head_json":{"title":"BA\u00d1O MARIA DE 36 LT - Capital Cient&iacute;fica","robots":{"index":"index","follow":"follow","max-snippet":"max-snippet:-1","max-image-preview":"max-image-preview:large","max-video-preview":"max-video-preview:-1"},"canonical":"https:\/\/capitalcientifica.com.mx\/tienda\/product\/bano-maria-de-36-lt\/","og_locale":"es_ES","og_type":"article","og_title":"BA\u00d1O MARIA DE 36 LT - Capital Cient&iacute;fica","og_description":"Accesorios incluidos    Cubierta desmontable con 6 cavidades  Gradilla  Fondo falso con orificios  Anillos reductores\/conc\u00e9ntricos y tapas (desmontables)  Manguera de desag\u00fce  Cable de alimentaci\u00f3n  Manual de operaci\u00f3n     Caracter\u00edsticas adicionales    Cuenta con una cubierta con 6 cavidades, distribuidas en 2 \ufb01las de 3 cavidades cada una.  Incluye doble pantalla LED para visualizar el tiempo con\ufb01gurado y la temperatura del ba\u00f1o.  Es de f\u00e1cil uso con teclado suave y protecci\u00f3n contra sobrecalentamiento.  El equipo tiene una tapa sobre el tanque de agua que puede proteger muestras o soluciones sensibles a la luz.","og_url":"https:\/\/capitalcientifica.com.mx\/tienda\/product\/bano-maria-de-36-lt\/","og_site_name":"Capital Cient&iacute;fica","article_modified_time":"2023-04-04T20:57:03+00:00","og_image":[{"width":478,"height":377,"url":"https:\/\/capitalcientifica.com.mx\/tienda\/wp-content\/uploads\/2023\/03\/BANO-MARIA-36-LT.jpg","type":"image\/jpeg"}],"twitter_card":"summary_large_image","twitter_misc":{"Tiempo de lectura":"1 minuto"},"schema":{"@context":"https:\/\/schema.org","@graph":[{"@type":"WebPage","@id":"https:\/\/capitalcientifica.com.mx\/tienda\/product\/bano-maria-de-36-lt\/","url":"https:\/\/capitalcientifica.com.mx\/tienda\/product\/bano-maria-de-36-lt\/","name":"BA\u00d1O MARIA DE 36 LT - Capital Cient&iacute;fica","isPartOf":{"@id":"https:\/\/capitalcientifica.com.mx\/tienda\/#website"},"primaryImageOfPage":{"@id":"https:\/\/capitalcientifica.com.mx\/tienda\/product\/bano-maria-de-36-lt\/#primaryimage"},"image":{"@id":"https:\/\/capitalcientifica.com.mx\/tienda\/product\/bano-maria-de-36-lt\/#primaryimage"},"thumbnailUrl":"https:\/\/capitalcientifica.com.mx\/tienda\/wp-content\/uploads\/2023\/03\/BANO-MARIA-36-LT.jpg","datePublished":"2023-03-16T23:17:30+00:00","dateModified":"2023-04-04T20:57:03+00:00","breadcrumb":{"@id":"https:\/\/capitalcientifica.com.mx\/tienda\/product\/bano-maria-de-36-lt\/#breadcrumb"},"inLanguage":"es","potentialAction":[{"@type":"ReadAction","target":["https:\/\/capitalcientifica.com.mx\/tienda\/product\/bano-maria-de-36-lt\/"]}]},{"@type":"ImageObject","inLanguage":"es","@id":"https:\/\/capitalcientifica.com.mx\/tienda\/product\/bano-maria-de-36-lt\/#primaryimage","url":"https:\/\/capitalcientifica.com.mx\/tienda\/wp-content\/uploads\/2023\/03\/BANO-MARIA-36-LT.jpg","contentUrl":"https:\/\/capitalcientifica.com.mx\/tienda\/wp-content\/uploads\/2023\/03\/BANO-MARIA-36-LT.jpg","width":478,"height":377},{"@type":"BreadcrumbList","@id":"https:\/\/capitalcientifica.com.mx\/tienda\/product\/bano-maria-de-36-lt\/#breadcrumb","itemListElement":[{"@type":"ListItem","position":1,"name":"Portada","item":"https:\/\/capitalcientifica.com.mx\/tienda\/"},{"@type":"ListItem","position":2,"name":"Shop","item":"https:\/\/capitalcientifica.com.mx\/tienda\/shop\/"},{"@type":"ListItem","position":3,"name":"BA\u00d1O MARIA DE 36 LT"}]},{"@type":"WebSite","@id":"https:\/\/capitalcientifica.com.mx\/tienda\/#website","url":"https:\/\/capitalcientifica.com.mx\/tienda\/","name":"Capital Cient&iacute;fica","description":"Equipo para laboratorio","potentialAction":[{"@type":"SearchAction","target":{"@type":"EntryPoint","urlTemplate":"https:\/\/capitalcientifica.com.mx\/tienda\/?s={search_term_string}"},"query-input":{"@type":"PropertyValueSpecification","valueRequired":true,"valueName":"search_term_string"}}],"inLanguage":"es"}]}},"_links":{"self":[{"href":"https:\/\/capitalcientifica.com.mx\/tienda\/wp-json\/wp\/v2\/product\/5885","targetHints":{"allow":["GET"]}}],"collection":[{"href":"https:\/\/capitalcientifica.com.mx\/tienda\/wp-json\/wp\/v2\/product"}],"about":[{"href":"https:\/\/capitalcientifica.com.mx\/tienda\/wp-json\/wp\/v2\/types\/product"}],"replies":[{"embeddable":true,"href":"https:\/\/capitalcientifica.com.mx\/tienda\/wp-json\/wp\/v2\/comments?post=5885"}],"wp:featuredmedia":[{"embeddable":true,"href":"https:\/\/capitalcientifica.com.mx\/tienda\/wp-json\/wp\/v2\/media\/5886"}],"wp:attachment":[{"href":"https:\/\/capitalcientifica.com.mx\/tienda\/wp-json\/wp\/v2\/media?parent=5885"}],"wp:term":[{"taxonomy":"product_cat","embeddable":true,"href":"https:\/\/capitalcientifica.com.mx\/tienda\/wp-json\/wp\/v2\/product_cat?post=5885"},{"taxonomy":"product_tag","embeddable":true,"href":"https:\/\/capitalcientifica.com.mx\/tienda\/wp-json\/wp\/v2\/product_tag?post=5885"}],"curies":[{"name":"wp","href":"https:\/\/api.w.org\/{rel}","templated":true}]}}