{"id":5884,"date":"2023-03-16T23:01:19","date_gmt":"2023-03-16T23:01:19","guid":{"rendered":"https:\/\/capitalcientifica.com.mx\/tienda\/?post_type=product&#038;p=5884"},"modified":"2023-04-04T21:05:03","modified_gmt":"2023-04-04T21:05:03","slug":"membrana-mf-millipore-esteres-mezclados-de-celulosa-hidrofila-045-%c2%b5m-47-mm-blanca-superficie-lisa","status":"publish","type":"product","link":"https:\/\/capitalcientifica.com.mx\/tienda\/product\/membrana-mf-millipore-esteres-mezclados-de-celulosa-hidrofila-045-%c2%b5m-47-mm-blanca-superficie-lisa\/","title":{"rendered":"Membrana MF-Millipore, \u00e9steres mezclados de celulosa, hidr\u00f3fila; 0,45 \u00b5m, 47 mm, blanca, superficie lisa"},"content":{"rendered":"<h4 class=\"pdp\">Membrana MF-Millipore, \u00e9steres mezclados de celulosa, hidr\u00f3fila; 0,45\u00a0\u00b5m, 47\u00a0mm, blanca, superficie lisa<\/h4>\n<table id=\"attribute_Group_table_header_pdp_PDP_OverviewTab_Product_Description\" class=\"attribute-group-table\">\n<tbody>\n<tr>\n<td rowspan=\"1\">N\u00famero de cat\u00e1logo<\/td>\n<td>HAWP04700<\/td>\n<\/tr>\n<tr>\n<td rowspan=\"1\">Nombre comercial<\/td>\n<td>\n<ul>\n<li>MF-Millipore<\/li>\n<\/ul>\n<\/td>\n<\/tr>\n<tr>\n<td rowspan=\"1\">Descripci\u00f3n<\/td>\n<td>Membrana MF-Millipore, \u00e9steres mezclados de celulosa, hidr\u00f3fila; 0,45\u00a0\u00b5m, 47\u00a0mm, blanca, superficie lisa<\/td>\n<\/tr>\n<tr>\n<td rowspan=\"1\">Informaci\u00f3n preliminar<\/td>\n<td>Biologically inert mixtures of cellulose acetate and cellulose nitrate have made MF-Millipore\u2122 membrane filters one of the most widely used membranes in analytical and research applications.<\/p>\n<p>MF-Millipore\u2122 filters without Triton\u00ae surfactant contain minimum amounts of wetting agent and have a lower water extractable content than standard MF-Millipore\u2122 filters.<\/p>\n<p>Features &amp; Benefits:<br \/>\n&#8211; Versatile filter for biological and environmental monitoring applications<br \/>\n&#8211; Available in a range of pore sizes, colored black or white, with or without a gridded surface<br \/>\n&#8211; Compatible with ethylene oxide, gamma irradiation, and autoclave sterilization methods<\/td>\n<\/tr>\n<\/tbody>\n<\/table>\n<p><a name=\"anchor_PDP_OverviewTab_Product_Information_C\u00f3digo del filtro\"><\/a><a name=\"anchor_PDP_OverviewTab_Product_Information_Color del filtro\"><\/a><a name=\"anchor_PDP_OverviewTab_Product_Information_Temperatura de funcionamiento m\u00e1xima\"><\/a><a name=\"anchor_PDP_OverviewTab_Product_Information_Quality Level\"><\/a><\/p>\n<table id=\"attribute_Group_table_header_pdp_PDP_OverviewTab_Product_Information\" class=\"attribute-group-table\">\n<thead>\n<tr>\n<th colspan=\"2\">Informaci\u00f3n del producto<a name=\"anchor_Informaci\u00f3n del producto\"><\/a><\/th>\n<\/tr>\n<\/thead>\n<tbody>\n<tr>\n<td rowspan=\"1\">C\u00f3digo del filtro<\/td>\n<td>HAWP<\/td>\n<\/tr>\n<tr>\n<td rowspan=\"1\">Color del filtro<\/td>\n<td>Blanco<\/td>\n<\/tr>\n<tr>\n<td rowspan=\"1\">Temperatura de funcionamiento m\u00e1xima<\/td>\n<td>75 \u00b0C<\/td>\n<\/tr>\n<\/tbody>\n<\/table>\n","protected":false},"excerpt":{"rendered":"<table id=\"attribute_Group_table_header_pdp_PDP_OverviewTab_Product_Description\" class=\"attribute-group-table\">\n<tbody>\n<tr>\n<td rowspan=\"1\">N\u00famero de cat\u00e1logo<\/td>\n<td>HAWP04700<\/td>\n<\/tr>\n<tr>\n<td rowspan=\"1\">Nombre comercial<\/td>\n<td>\n<ul>\n<li>MF-Millipore<\/li>\n<\/ul>\n<\/td>\n<\/tr>\n<tr>\n<td rowspan=\"1\">Descripci\u00f3n<\/td>\n<td>Membrana MF-Millipore, \u00e9steres mezclados de celulosa, hidr\u00f3fila; 0,45\u00a0\u00b5m, 47\u00a0mm, blanca, superficie lisa<\/td>\n<\/tr>\n<tr>\n<td rowspan=\"1\">Informaci\u00f3n preliminar<\/td>\n<td>Biologically inert mixtures of cellulose acetate and cellulose nitrate have made MF-Millipore\u2122 membrane filters one of the most widely used membranes in analytical and research applications.<\/p>\n<p>MF-Millipore\u2122 filters without Triton\u00ae surfactant contain minimum amounts of wetting agent and have a lower water extractable content than standard MF-Millipore\u2122 filters.<\/p>\n<p>Features &amp; Benefits:<br \/>\n&#8211; Versatile filter for biological and environmental monitoring applications<br \/>\n&#8211; Available in a range of pore sizes, colored black or white, with or without a gridded surface<br \/>\n&#8211; Compatible with ethylene oxide, gamma irradiation, and autoclave sterilization methods<\/td>\n<\/tr>\n<\/tbody>\n<\/table>\n<p><a name=\"anchor_PDP_OverviewTab_Product_Information_C\u00f3digo del filtro\"><\/a><a name=\"anchor_PDP_OverviewTab_Product_Information_Color del filtro\"><\/a><a name=\"anchor_PDP_OverviewTab_Product_Information_Temperatura de funcionamiento m\u00e1xima\"><\/a><a name=\"anchor_PDP_OverviewTab_Product_Information_Quality Level\"><\/a><\/p>\n<table id=\"attribute_Group_table_header_pdp_PDP_OverviewTab_Product_Information\" class=\"attribute-group-table\">\n<thead>\n<tr>\n<th colspan=\"2\">Informaci\u00f3n del producto<a name=\"anchor_Informaci\u00f3n del producto\"><\/a><\/th>\n<\/tr>\n<\/thead>\n<tbody>\n<tr>\n<td rowspan=\"1\">C\u00f3digo del filtro<\/td>\n<td>HAWP<\/td>\n<\/tr>\n<tr>\n<td rowspan=\"1\">Color del filtro<\/td>\n<td>Blanco<\/td>\n<\/tr>\n<tr>\n<td rowspan=\"1\">Temperatura de funcionamiento m\u00e1xima<\/td>\n<td>75 \u00b0C<\/td>\n<\/tr>\n<\/tbody>\n<\/table>\n","protected":false},"featured_media":0,"comment_status":"closed","ping_status":"closed","template":"","meta":{"_joinchat":[]},"product_cat":[63,112,127,128,129,168],"product_tag":[172,173,2992],"class_list":{"0":"post-5884","1":"product","2":"type-product","3":"status-publish","5":"product_cat-consumibles","6":"product_cat-filtracion","7":"product_cat-filtracion-2","8":"product_cat-membranas","9":"product_cat-papeles-filtro","10":"product_cat-productos-destacados","11":"product_tag-equipo-de-laboratorio","12":"product_tag-equipo-para-laboratorio","13":"product_tag-membrana-mf-millipore","15":"first","16":"instock","17":"shipping-taxable","18":"product-type-simple","19":"col-xs-6 col-sm-4","20":"col-md-3 col-lg-3","21":"un-4-cols"},"yoast_head":"<!-- This site is optimized with the Yoast SEO plugin v27.2 - https:\/\/yoast.com\/product\/yoast-seo-wordpress\/ -->\n<title>Membrana MF-Millipore, \u00e9steres mezclados de celulosa, hidr\u00f3fila; 0,45 \u00b5m, 47 mm, blanca, superficie lisa - Capital Cient&iacute;fica<\/title>\n<meta name=\"robots\" content=\"index, follow, max-snippet:-1, max-image-preview:large, max-video-preview:-1\" \/>\n<link rel=\"canonical\" href=\"https:\/\/capitalcientifica.com.mx\/tienda\/product\/membrana-mf-millipore-esteres-mezclados-de-celulosa-hidrofila-045-\u00b5m-47-mm-blanca-superficie-lisa\/\" \/>\n<meta property=\"og:locale\" content=\"es_ES\" \/>\n<meta property=\"og:type\" content=\"article\" \/>\n<meta property=\"og:title\" content=\"Membrana MF-Millipore, \u00e9steres mezclados de celulosa, hidr\u00f3fila; 0,45 \u00b5m, 47 mm, blanca, superficie lisa - Capital Cient&iacute;fica\" \/>\n<meta property=\"og:description\" content=\"N\u00famero de cat\u00e1logo HAWP04700   Nombre comercial    MF-Millipore     Descripci\u00f3n Membrana MF-Millipore, \u00e9steres mezclados de celulosa, hidr\u00f3fila; 0,45\u00a0\u00b5m, 47\u00a0mm, blanca, superficie lisa   Informaci\u00f3n preliminar Biologically inert mixtures of cellulose acetate and cellulose nitrate have made MF-Millipore\u2122 membrane filters one of the most widely used membranes in analytical and research applications.  MF-Millipore\u2122 filters without Triton\u00ae surfactant contain minimum amounts of wetting agent and have a lower water extractable content than standard MF-Millipore\u2122 filters.  Features &amp; Benefits: - Versatile filter for biological and environmental monitoring applications - Available in a range of pore sizes, colored black or white, with or without a gridded surface - Compatible with ethylene oxide, gamma irradiation, and autoclave sterilization methods        Informaci\u00f3n del producto     C\u00f3digo del filtro HAWP   Color del filtro Blanco   Temperatura de funcionamiento m\u00e1xima 75 \u00b0C\" \/>\n<meta property=\"og:url\" content=\"https:\/\/capitalcientifica.com.mx\/tienda\/product\/membrana-mf-millipore-esteres-mezclados-de-celulosa-hidrofila-045-\u00b5m-47-mm-blanca-superficie-lisa\/\" \/>\n<meta property=\"og:site_name\" content=\"Capital Cient&iacute;fica\" \/>\n<meta property=\"article:modified_time\" content=\"2023-04-04T21:05:03+00:00\" \/>\n<meta name=\"twitter:card\" content=\"summary_large_image\" \/>\n<meta name=\"twitter:label1\" content=\"Tiempo de lectura\" \/>\n\t<meta name=\"twitter:data1\" content=\"1 minuto\" \/>\n<script type=\"application\/ld+json\" class=\"yoast-schema-graph\">{\"@context\":\"https:\/\/schema.org\",\"@graph\":[{\"@type\":\"WebPage\",\"@id\":\"https:\/\/capitalcientifica.com.mx\/tienda\/product\/membrana-mf-millipore-esteres-mezclados-de-celulosa-hidrofila-045-%c2%b5m-47-mm-blanca-superficie-lisa\/\",\"url\":\"https:\/\/capitalcientifica.com.mx\/tienda\/product\/membrana-mf-millipore-esteres-mezclados-de-celulosa-hidrofila-045-%c2%b5m-47-mm-blanca-superficie-lisa\/\",\"name\":\"Membrana MF-Millipore, \u00e9steres mezclados de celulosa, hidr\u00f3fila; 0,45 \u00b5m, 47 mm, blanca, superficie lisa - Capital Cient&iacute;fica\",\"isPartOf\":{\"@id\":\"https:\/\/capitalcientifica.com.mx\/tienda\/#website\"},\"datePublished\":\"2023-03-16T23:01:19+00:00\",\"dateModified\":\"2023-04-04T21:05:03+00:00\",\"breadcrumb\":{\"@id\":\"https:\/\/capitalcientifica.com.mx\/tienda\/product\/membrana-mf-millipore-esteres-mezclados-de-celulosa-hidrofila-045-%c2%b5m-47-mm-blanca-superficie-lisa\/#breadcrumb\"},\"inLanguage\":\"es\",\"potentialAction\":[{\"@type\":\"ReadAction\",\"target\":[\"https:\/\/capitalcientifica.com.mx\/tienda\/product\/membrana-mf-millipore-esteres-mezclados-de-celulosa-hidrofila-045-%c2%b5m-47-mm-blanca-superficie-lisa\/\"]}]},{\"@type\":\"BreadcrumbList\",\"@id\":\"https:\/\/capitalcientifica.com.mx\/tienda\/product\/membrana-mf-millipore-esteres-mezclados-de-celulosa-hidrofila-045-%c2%b5m-47-mm-blanca-superficie-lisa\/#breadcrumb\",\"itemListElement\":[{\"@type\":\"ListItem\",\"position\":1,\"name\":\"Portada\",\"item\":\"https:\/\/capitalcientifica.com.mx\/tienda\/\"},{\"@type\":\"ListItem\",\"position\":2,\"name\":\"Shop\",\"item\":\"https:\/\/capitalcientifica.com.mx\/tienda\/shop\/\"},{\"@type\":\"ListItem\",\"position\":3,\"name\":\"Membrana MF-Millipore, \u00e9steres mezclados de celulosa, hidr\u00f3fila; 0,45 \u00b5m, 47 mm, blanca, superficie lisa\"}]},{\"@type\":\"WebSite\",\"@id\":\"https:\/\/capitalcientifica.com.mx\/tienda\/#website\",\"url\":\"https:\/\/capitalcientifica.com.mx\/tienda\/\",\"name\":\"Capital Cient&iacute;fica\",\"description\":\"Equipo para laboratorio\",\"potentialAction\":[{\"@type\":\"SearchAction\",\"target\":{\"@type\":\"EntryPoint\",\"urlTemplate\":\"https:\/\/capitalcientifica.com.mx\/tienda\/?s={search_term_string}\"},\"query-input\":{\"@type\":\"PropertyValueSpecification\",\"valueRequired\":true,\"valueName\":\"search_term_string\"}}],\"inLanguage\":\"es\"}]}<\/script>\n<!-- \/ Yoast SEO plugin. -->","yoast_head_json":{"title":"Membrana MF-Millipore, \u00e9steres mezclados de celulosa, hidr\u00f3fila; 0,45 \u00b5m, 47 mm, blanca, superficie lisa - Capital Cient&iacute;fica","robots":{"index":"index","follow":"follow","max-snippet":"max-snippet:-1","max-image-preview":"max-image-preview:large","max-video-preview":"max-video-preview:-1"},"canonical":"https:\/\/capitalcientifica.com.mx\/tienda\/product\/membrana-mf-millipore-esteres-mezclados-de-celulosa-hidrofila-045-\u00b5m-47-mm-blanca-superficie-lisa\/","og_locale":"es_ES","og_type":"article","og_title":"Membrana MF-Millipore, \u00e9steres mezclados de celulosa, hidr\u00f3fila; 0,45 \u00b5m, 47 mm, blanca, superficie lisa - Capital Cient&iacute;fica","og_description":"N\u00famero de cat\u00e1logo HAWP04700   Nombre comercial    MF-Millipore     Descripci\u00f3n Membrana MF-Millipore, \u00e9steres mezclados de celulosa, hidr\u00f3fila; 0,45\u00a0\u00b5m, 47\u00a0mm, blanca, superficie lisa   Informaci\u00f3n preliminar Biologically inert mixtures of cellulose acetate and cellulose nitrate have made MF-Millipore\u2122 membrane filters one of the most widely used membranes in analytical and research applications.  MF-Millipore\u2122 filters without Triton\u00ae surfactant contain minimum amounts of wetting agent and have a lower water extractable content than standard MF-Millipore\u2122 filters.  Features &amp; Benefits: - Versatile filter for biological and environmental monitoring applications - Available in a range of pore sizes, colored black or white, with or without a gridded surface - Compatible with ethylene oxide, gamma irradiation, and autoclave sterilization methods        Informaci\u00f3n del producto     C\u00f3digo del filtro HAWP   Color del filtro Blanco   Temperatura de funcionamiento m\u00e1xima 75 \u00b0C","og_url":"https:\/\/capitalcientifica.com.mx\/tienda\/product\/membrana-mf-millipore-esteres-mezclados-de-celulosa-hidrofila-045-\u00b5m-47-mm-blanca-superficie-lisa\/","og_site_name":"Capital Cient&iacute;fica","article_modified_time":"2023-04-04T21:05:03+00:00","twitter_card":"summary_large_image","twitter_misc":{"Tiempo de lectura":"1 minuto"},"schema":{"@context":"https:\/\/schema.org","@graph":[{"@type":"WebPage","@id":"https:\/\/capitalcientifica.com.mx\/tienda\/product\/membrana-mf-millipore-esteres-mezclados-de-celulosa-hidrofila-045-%c2%b5m-47-mm-blanca-superficie-lisa\/","url":"https:\/\/capitalcientifica.com.mx\/tienda\/product\/membrana-mf-millipore-esteres-mezclados-de-celulosa-hidrofila-045-%c2%b5m-47-mm-blanca-superficie-lisa\/","name":"Membrana MF-Millipore, \u00e9steres mezclados de celulosa, hidr\u00f3fila; 0,45 \u00b5m, 47 mm, blanca, superficie lisa - Capital Cient&iacute;fica","isPartOf":{"@id":"https:\/\/capitalcientifica.com.mx\/tienda\/#website"},"datePublished":"2023-03-16T23:01:19+00:00","dateModified":"2023-04-04T21:05:03+00:00","breadcrumb":{"@id":"https:\/\/capitalcientifica.com.mx\/tienda\/product\/membrana-mf-millipore-esteres-mezclados-de-celulosa-hidrofila-045-%c2%b5m-47-mm-blanca-superficie-lisa\/#breadcrumb"},"inLanguage":"es","potentialAction":[{"@type":"ReadAction","target":["https:\/\/capitalcientifica.com.mx\/tienda\/product\/membrana-mf-millipore-esteres-mezclados-de-celulosa-hidrofila-045-%c2%b5m-47-mm-blanca-superficie-lisa\/"]}]},{"@type":"BreadcrumbList","@id":"https:\/\/capitalcientifica.com.mx\/tienda\/product\/membrana-mf-millipore-esteres-mezclados-de-celulosa-hidrofila-045-%c2%b5m-47-mm-blanca-superficie-lisa\/#breadcrumb","itemListElement":[{"@type":"ListItem","position":1,"name":"Portada","item":"https:\/\/capitalcientifica.com.mx\/tienda\/"},{"@type":"ListItem","position":2,"name":"Shop","item":"https:\/\/capitalcientifica.com.mx\/tienda\/shop\/"},{"@type":"ListItem","position":3,"name":"Membrana MF-Millipore, \u00e9steres mezclados de celulosa, hidr\u00f3fila; 0,45 \u00b5m, 47 mm, blanca, superficie lisa"}]},{"@type":"WebSite","@id":"https:\/\/capitalcientifica.com.mx\/tienda\/#website","url":"https:\/\/capitalcientifica.com.mx\/tienda\/","name":"Capital Cient&iacute;fica","description":"Equipo para laboratorio","potentialAction":[{"@type":"SearchAction","target":{"@type":"EntryPoint","urlTemplate":"https:\/\/capitalcientifica.com.mx\/tienda\/?s={search_term_string}"},"query-input":{"@type":"PropertyValueSpecification","valueRequired":true,"valueName":"search_term_string"}}],"inLanguage":"es"}]}},"_links":{"self":[{"href":"https:\/\/capitalcientifica.com.mx\/tienda\/wp-json\/wp\/v2\/product\/5884","targetHints":{"allow":["GET"]}}],"collection":[{"href":"https:\/\/capitalcientifica.com.mx\/tienda\/wp-json\/wp\/v2\/product"}],"about":[{"href":"https:\/\/capitalcientifica.com.mx\/tienda\/wp-json\/wp\/v2\/types\/product"}],"replies":[{"embeddable":true,"href":"https:\/\/capitalcientifica.com.mx\/tienda\/wp-json\/wp\/v2\/comments?post=5884"}],"wp:attachment":[{"href":"https:\/\/capitalcientifica.com.mx\/tienda\/wp-json\/wp\/v2\/media?parent=5884"}],"wp:term":[{"taxonomy":"product_cat","embeddable":true,"href":"https:\/\/capitalcientifica.com.mx\/tienda\/wp-json\/wp\/v2\/product_cat?post=5884"},{"taxonomy":"product_tag","embeddable":true,"href":"https:\/\/capitalcientifica.com.mx\/tienda\/wp-json\/wp\/v2\/product_tag?post=5884"}],"curies":[{"name":"wp","href":"https:\/\/api.w.org\/{rel}","templated":true}]}}