{"id":5860,"date":"2023-03-10T22:43:59","date_gmt":"2023-03-10T22:43:59","guid":{"rendered":"https:\/\/capitalcientifica.com.mx\/tienda\/?post_type=product&#038;p=5860"},"modified":"2023-04-04T21:08:56","modified_gmt":"2023-04-04T21:08:56","slug":"termometro-digital-interior-de-5-a-50c-y-exterior-de-50-a-70c","status":"publish","type":"product","link":"https:\/\/capitalcientifica.com.mx\/tienda\/product\/termometro-digital-interior-de-5-a-50c-y-exterior-de-50-a-70c\/","title":{"rendered":"TERMOMETRO DIGITAL INTERIOR DE  -5 A 50\u00b0C Y EXTERIOR DE  -50 A 70\u00b0C"},"content":{"rendered":"<p>El term\u00f3metro digital es un instrumento muy utilizado en las industrias y en muchas actividades relacionadas con el an\u00e1lisis t\u00e9cnico-cient\u00edfico.<\/p>\n<p>Este term\u00f3metro digital es un instrumento muy utilizado en las industrias y en muchas actividades relacionadas con el an\u00e1lisis t\u00e9cnico-cient\u00edfico. Est\u00e1 conformado por una cadena termom\u00e9trica compuesta por una sonda de temperatura con un sensor resistente al agua y el sol, siendo este mismo de longitud de 2.90 m, al igual que un indicador digital. Emplea tres formas de instalaci\u00f3n, entre ellas: en pared, soporte para mesa e im\u00e1n.<\/p>\n<p>Su exactitud y precisi\u00f3n es de excelente calidad. Es recomendable que la calibraci\u00f3n de term\u00f3metros digitales sea realizada por laboratorios de calibraci\u00f3n acreditados. Su mecanismo funciona por medio de bater\u00edas AAA, dependiendo del modelo, permiti\u00e9ndole una durabilidad funcional.<\/p>\n<p><strong>Aplicaci\u00f3n:<\/strong><\/p>\n<p>Medici\u00f3n de temperatura en medio ambiente.<\/p>\n<p><strong>Especificaciones:<\/strong><\/p>\n<figure class=\"table\">\n<table>\n<tbody>\n<tr>\n<td>Car\u00e1tula LCD:<\/td>\n<td>2&#8243;<\/td>\n<\/tr>\n<tr>\n<td>Car\u00e1tula lcd dual:<\/td>\n<td>Si<\/td>\n<\/tr>\n<tr>\n<td>Rango de temperatura exterior:<\/td>\n<td>-50 a 70\u00bac (-58 a 158\u00baf)<\/td>\n<\/tr>\n<tr>\n<td>Rango de temperatura interior:<\/td>\n<td>-5 a 50\u00bac (-23 a 122\u00baf)<\/td>\n<\/tr>\n<tr>\n<td>Exactitud de temperatura:<\/td>\n<td>+\/- 1\u00bac<\/td>\n<\/tr>\n<\/tbody>\n<\/table>\n<\/figure>\n","protected":false},"excerpt":{"rendered":"<p>Este term\u00f3metro digital es un instrumento muy utilizado en las industrias y en muchas actividades relacionadas con el an\u00e1lisis t\u00e9cnico-cient\u00edfico. Est\u00e1 conformado por una cadena termom\u00e9trica compuesta por una sonda de temperatura con un sensor resistente al agua y el sol, siendo este mismo de longitud de 2.90 m, al igual que un indicador digital. Emplea tres formas de instalaci\u00f3n, entre ellas: en pared, soporte para mesa e im\u00e1n.<\/p>\n<p>Su exactitud y precisi\u00f3n es de excelente calidad. Es recomendable que la calibraci\u00f3n de term\u00f3metros digitales sea realizada por laboratorios de calibraci\u00f3n acreditados. Su mecanismo funciona por medio de bater\u00edas AAA, dependiendo del modelo, permiti\u00e9ndole una durabilidad funcional.<\/p>\n<p><strong>Aplicaci\u00f3n:<\/strong><\/p>\n<p>Medici\u00f3n de temperatura en medio ambiente.<\/p>\n<p><strong>Especificaciones:<\/strong><\/p>\n<figure class=\"table\">\n<table>\n<tbody>\n<tr>\n<td>Car\u00e1tula LCD:<\/td>\n<td>2&#8243;<\/td>\n<\/tr>\n<tr>\n<td>Car\u00e1tula lcd dual:<\/td>\n<td>Si<\/td>\n<\/tr>\n<tr>\n<td>Rango de temperatura exterior:<\/td>\n<td>-50 a 70\u00bac (-58 a 158\u00baf)<\/td>\n<\/tr>\n<tr>\n<td>Rango de temperatura interior:<\/td>\n<td>-5 a 50\u00bac (-23 a 122\u00baf)<\/td>\n<\/tr>\n<tr>\n<td>Exactitud de temperatura:<\/td>\n<td>+\/- 1\u00bac<\/td>\n<\/tr>\n<\/tbody>\n<\/table>\n<\/figure>\n","protected":false},"featured_media":5861,"comment_status":"closed","ping_status":"closed","template":"","meta":{"_joinchat":[]},"product_cat":[64,135,131,146,168,134,133,143,144,145],"product_tag":[172,173,3002],"class_list":{"0":"post-5860","1":"product","2":"type-product","3":"status-publish","4":"has-post-thumbnail","6":"product_cat-categorias","7":"product_cat-contadores","8":"product_cat-cronometros","9":"product_cat-otros-traceable","10":"product_cat-productos-destacados","11":"product_cat-relojes-de-mesa","12":"product_cat-relojes-de-pared","13":"product_cat-termometros-ambientales","14":"product_cat-termometros-con-sonda","15":"product_cat-termometros-digitales","16":"product_tag-equipo-de-laboratorio","17":"product_tag-equipo-para-laboratorio","18":"product_tag-termometro-digital-interior-de-5-a-50c-y-exterior-de-50-a-70c","20":"first","21":"instock","22":"shipping-taxable","23":"product-type-simple","24":"col-xs-6 col-sm-4","25":"col-md-3 col-lg-3","26":"un-4-cols"},"yoast_head":"<!-- This site is optimized with the Yoast SEO plugin v27.2 - https:\/\/yoast.com\/product\/yoast-seo-wordpress\/ -->\n<title>TERMOMETRO DIGITAL INTERIOR DE -5 A 50\u00b0C Y EXTERIOR DE -50 A 70\u00b0C - Capital Cient&iacute;fica<\/title>\n<meta name=\"robots\" content=\"index, follow, max-snippet:-1, max-image-preview:large, max-video-preview:-1\" \/>\n<link rel=\"canonical\" href=\"https:\/\/capitalcientifica.com.mx\/tienda\/product\/termometro-digital-interior-de-5-a-50c-y-exterior-de-50-a-70c\/\" \/>\n<meta property=\"og:locale\" content=\"es_ES\" \/>\n<meta property=\"og:type\" content=\"article\" \/>\n<meta property=\"og:title\" content=\"TERMOMETRO DIGITAL INTERIOR DE -5 A 50\u00b0C Y EXTERIOR DE -50 A 70\u00b0C - Capital Cient&iacute;fica\" \/>\n<meta property=\"og:description\" content=\"Este term\u00f3metro digital es un instrumento muy utilizado en las industrias y en muchas actividades relacionadas con el an\u00e1lisis t\u00e9cnico-cient\u00edfico. Est\u00e1 conformado por una cadena termom\u00e9trica compuesta por una sonda de temperatura con un sensor resistente al agua y el sol, siendo este mismo de longitud de 2.90 m, al igual que un indicador digital. Emplea tres formas de instalaci\u00f3n, entre ellas: en pared, soporte para mesa e im\u00e1n.  Su exactitud y precisi\u00f3n es de excelente calidad. Es recomendable que la calibraci\u00f3n de term\u00f3metros digitales sea realizada por laboratorios de calibraci\u00f3n acreditados. Su mecanismo funciona por medio de bater\u00edas AAA, dependiendo del modelo, permiti\u00e9ndole una durabilidad funcional.  Aplicaci\u00f3n:  Medici\u00f3n de temperatura en medio ambiente.  Especificaciones:     Car\u00e1tula LCD: 2&quot;   Car\u00e1tula lcd dual: Si   Rango de temperatura exterior: -50 a 70\u00bac (-58 a 158\u00baf)   Rango de temperatura interior: -5 a 50\u00bac (-23 a 122\u00baf)   Exactitud de temperatura: +\/- 1\u00bac\" \/>\n<meta property=\"og:url\" content=\"https:\/\/capitalcientifica.com.mx\/tienda\/product\/termometro-digital-interior-de-5-a-50c-y-exterior-de-50-a-70c\/\" \/>\n<meta property=\"og:site_name\" content=\"Capital Cient&iacute;fica\" \/>\n<meta property=\"article:modified_time\" content=\"2023-04-04T21:08:56+00:00\" \/>\n<meta property=\"og:image\" content=\"https:\/\/capitalcientifica.com.mx\/tienda\/wp-content\/uploads\/2023\/03\/TERMOMETRO-DIGITAL-PARA-EXTE-E-INTER..jpg\" \/>\n\t<meta property=\"og:image:width\" content=\"210\" \/>\n\t<meta property=\"og:image:height\" content=\"251\" \/>\n\t<meta property=\"og:image:type\" content=\"image\/jpeg\" \/>\n<meta name=\"twitter:card\" content=\"summary_large_image\" \/>\n<meta name=\"twitter:label1\" content=\"Tiempo de lectura\" \/>\n\t<meta name=\"twitter:data1\" content=\"1 minuto\" \/>\n<script type=\"application\/ld+json\" class=\"yoast-schema-graph\">{\"@context\":\"https:\/\/schema.org\",\"@graph\":[{\"@type\":\"WebPage\",\"@id\":\"https:\/\/capitalcientifica.com.mx\/tienda\/product\/termometro-digital-interior-de-5-a-50c-y-exterior-de-50-a-70c\/\",\"url\":\"https:\/\/capitalcientifica.com.mx\/tienda\/product\/termometro-digital-interior-de-5-a-50c-y-exterior-de-50-a-70c\/\",\"name\":\"TERMOMETRO DIGITAL INTERIOR DE -5 A 50\u00b0C Y EXTERIOR DE -50 A 70\u00b0C - Capital Cient&iacute;fica\",\"isPartOf\":{\"@id\":\"https:\/\/capitalcientifica.com.mx\/tienda\/#website\"},\"primaryImageOfPage\":{\"@id\":\"https:\/\/capitalcientifica.com.mx\/tienda\/product\/termometro-digital-interior-de-5-a-50c-y-exterior-de-50-a-70c\/#primaryimage\"},\"image\":{\"@id\":\"https:\/\/capitalcientifica.com.mx\/tienda\/product\/termometro-digital-interior-de-5-a-50c-y-exterior-de-50-a-70c\/#primaryimage\"},\"thumbnailUrl\":\"https:\/\/capitalcientifica.com.mx\/tienda\/wp-content\/uploads\/2023\/03\/TERMOMETRO-DIGITAL-PARA-EXTE-E-INTER..jpg\",\"datePublished\":\"2023-03-10T22:43:59+00:00\",\"dateModified\":\"2023-04-04T21:08:56+00:00\",\"breadcrumb\":{\"@id\":\"https:\/\/capitalcientifica.com.mx\/tienda\/product\/termometro-digital-interior-de-5-a-50c-y-exterior-de-50-a-70c\/#breadcrumb\"},\"inLanguage\":\"es\",\"potentialAction\":[{\"@type\":\"ReadAction\",\"target\":[\"https:\/\/capitalcientifica.com.mx\/tienda\/product\/termometro-digital-interior-de-5-a-50c-y-exterior-de-50-a-70c\/\"]}]},{\"@type\":\"ImageObject\",\"inLanguage\":\"es\",\"@id\":\"https:\/\/capitalcientifica.com.mx\/tienda\/product\/termometro-digital-interior-de-5-a-50c-y-exterior-de-50-a-70c\/#primaryimage\",\"url\":\"https:\/\/capitalcientifica.com.mx\/tienda\/wp-content\/uploads\/2023\/03\/TERMOMETRO-DIGITAL-PARA-EXTE-E-INTER..jpg\",\"contentUrl\":\"https:\/\/capitalcientifica.com.mx\/tienda\/wp-content\/uploads\/2023\/03\/TERMOMETRO-DIGITAL-PARA-EXTE-E-INTER..jpg\",\"width\":210,\"height\":251},{\"@type\":\"BreadcrumbList\",\"@id\":\"https:\/\/capitalcientifica.com.mx\/tienda\/product\/termometro-digital-interior-de-5-a-50c-y-exterior-de-50-a-70c\/#breadcrumb\",\"itemListElement\":[{\"@type\":\"ListItem\",\"position\":1,\"name\":\"Portada\",\"item\":\"https:\/\/capitalcientifica.com.mx\/tienda\/\"},{\"@type\":\"ListItem\",\"position\":2,\"name\":\"Shop\",\"item\":\"https:\/\/capitalcientifica.com.mx\/tienda\/shop\/\"},{\"@type\":\"ListItem\",\"position\":3,\"name\":\"TERMOMETRO DIGITAL INTERIOR DE -5 A 50\u00b0C Y EXTERIOR DE -50 A 70\u00b0C\"}]},{\"@type\":\"WebSite\",\"@id\":\"https:\/\/capitalcientifica.com.mx\/tienda\/#website\",\"url\":\"https:\/\/capitalcientifica.com.mx\/tienda\/\",\"name\":\"Capital Cient&iacute;fica\",\"description\":\"Equipo para laboratorio\",\"potentialAction\":[{\"@type\":\"SearchAction\",\"target\":{\"@type\":\"EntryPoint\",\"urlTemplate\":\"https:\/\/capitalcientifica.com.mx\/tienda\/?s={search_term_string}\"},\"query-input\":{\"@type\":\"PropertyValueSpecification\",\"valueRequired\":true,\"valueName\":\"search_term_string\"}}],\"inLanguage\":\"es\"}]}<\/script>\n<!-- \/ Yoast SEO plugin. -->","yoast_head_json":{"title":"TERMOMETRO DIGITAL INTERIOR DE -5 A 50\u00b0C Y EXTERIOR DE -50 A 70\u00b0C - Capital Cient&iacute;fica","robots":{"index":"index","follow":"follow","max-snippet":"max-snippet:-1","max-image-preview":"max-image-preview:large","max-video-preview":"max-video-preview:-1"},"canonical":"https:\/\/capitalcientifica.com.mx\/tienda\/product\/termometro-digital-interior-de-5-a-50c-y-exterior-de-50-a-70c\/","og_locale":"es_ES","og_type":"article","og_title":"TERMOMETRO DIGITAL INTERIOR DE -5 A 50\u00b0C Y EXTERIOR DE -50 A 70\u00b0C - Capital Cient&iacute;fica","og_description":"Este term\u00f3metro digital es un instrumento muy utilizado en las industrias y en muchas actividades relacionadas con el an\u00e1lisis t\u00e9cnico-cient\u00edfico. Est\u00e1 conformado por una cadena termom\u00e9trica compuesta por una sonda de temperatura con un sensor resistente al agua y el sol, siendo este mismo de longitud de 2.90 m, al igual que un indicador digital. Emplea tres formas de instalaci\u00f3n, entre ellas: en pared, soporte para mesa e im\u00e1n.  Su exactitud y precisi\u00f3n es de excelente calidad. Es recomendable que la calibraci\u00f3n de term\u00f3metros digitales sea realizada por laboratorios de calibraci\u00f3n acreditados. Su mecanismo funciona por medio de bater\u00edas AAA, dependiendo del modelo, permiti\u00e9ndole una durabilidad funcional.  Aplicaci\u00f3n:  Medici\u00f3n de temperatura en medio ambiente.  Especificaciones:     Car\u00e1tula LCD: 2\"   Car\u00e1tula lcd dual: Si   Rango de temperatura exterior: -50 a 70\u00bac (-58 a 158\u00baf)   Rango de temperatura interior: -5 a 50\u00bac (-23 a 122\u00baf)   Exactitud de temperatura: +\/- 1\u00bac","og_url":"https:\/\/capitalcientifica.com.mx\/tienda\/product\/termometro-digital-interior-de-5-a-50c-y-exterior-de-50-a-70c\/","og_site_name":"Capital Cient&iacute;fica","article_modified_time":"2023-04-04T21:08:56+00:00","og_image":[{"width":210,"height":251,"url":"https:\/\/capitalcientifica.com.mx\/tienda\/wp-content\/uploads\/2023\/03\/TERMOMETRO-DIGITAL-PARA-EXTE-E-INTER..jpg","type":"image\/jpeg"}],"twitter_card":"summary_large_image","twitter_misc":{"Tiempo de lectura":"1 minuto"},"schema":{"@context":"https:\/\/schema.org","@graph":[{"@type":"WebPage","@id":"https:\/\/capitalcientifica.com.mx\/tienda\/product\/termometro-digital-interior-de-5-a-50c-y-exterior-de-50-a-70c\/","url":"https:\/\/capitalcientifica.com.mx\/tienda\/product\/termometro-digital-interior-de-5-a-50c-y-exterior-de-50-a-70c\/","name":"TERMOMETRO DIGITAL INTERIOR DE -5 A 50\u00b0C Y EXTERIOR DE -50 A 70\u00b0C - Capital Cient&iacute;fica","isPartOf":{"@id":"https:\/\/capitalcientifica.com.mx\/tienda\/#website"},"primaryImageOfPage":{"@id":"https:\/\/capitalcientifica.com.mx\/tienda\/product\/termometro-digital-interior-de-5-a-50c-y-exterior-de-50-a-70c\/#primaryimage"},"image":{"@id":"https:\/\/capitalcientifica.com.mx\/tienda\/product\/termometro-digital-interior-de-5-a-50c-y-exterior-de-50-a-70c\/#primaryimage"},"thumbnailUrl":"https:\/\/capitalcientifica.com.mx\/tienda\/wp-content\/uploads\/2023\/03\/TERMOMETRO-DIGITAL-PARA-EXTE-E-INTER..jpg","datePublished":"2023-03-10T22:43:59+00:00","dateModified":"2023-04-04T21:08:56+00:00","breadcrumb":{"@id":"https:\/\/capitalcientifica.com.mx\/tienda\/product\/termometro-digital-interior-de-5-a-50c-y-exterior-de-50-a-70c\/#breadcrumb"},"inLanguage":"es","potentialAction":[{"@type":"ReadAction","target":["https:\/\/capitalcientifica.com.mx\/tienda\/product\/termometro-digital-interior-de-5-a-50c-y-exterior-de-50-a-70c\/"]}]},{"@type":"ImageObject","inLanguage":"es","@id":"https:\/\/capitalcientifica.com.mx\/tienda\/product\/termometro-digital-interior-de-5-a-50c-y-exterior-de-50-a-70c\/#primaryimage","url":"https:\/\/capitalcientifica.com.mx\/tienda\/wp-content\/uploads\/2023\/03\/TERMOMETRO-DIGITAL-PARA-EXTE-E-INTER..jpg","contentUrl":"https:\/\/capitalcientifica.com.mx\/tienda\/wp-content\/uploads\/2023\/03\/TERMOMETRO-DIGITAL-PARA-EXTE-E-INTER..jpg","width":210,"height":251},{"@type":"BreadcrumbList","@id":"https:\/\/capitalcientifica.com.mx\/tienda\/product\/termometro-digital-interior-de-5-a-50c-y-exterior-de-50-a-70c\/#breadcrumb","itemListElement":[{"@type":"ListItem","position":1,"name":"Portada","item":"https:\/\/capitalcientifica.com.mx\/tienda\/"},{"@type":"ListItem","position":2,"name":"Shop","item":"https:\/\/capitalcientifica.com.mx\/tienda\/shop\/"},{"@type":"ListItem","position":3,"name":"TERMOMETRO DIGITAL INTERIOR DE -5 A 50\u00b0C Y EXTERIOR DE -50 A 70\u00b0C"}]},{"@type":"WebSite","@id":"https:\/\/capitalcientifica.com.mx\/tienda\/#website","url":"https:\/\/capitalcientifica.com.mx\/tienda\/","name":"Capital Cient&iacute;fica","description":"Equipo para laboratorio","potentialAction":[{"@type":"SearchAction","target":{"@type":"EntryPoint","urlTemplate":"https:\/\/capitalcientifica.com.mx\/tienda\/?s={search_term_string}"},"query-input":{"@type":"PropertyValueSpecification","valueRequired":true,"valueName":"search_term_string"}}],"inLanguage":"es"}]}},"_links":{"self":[{"href":"https:\/\/capitalcientifica.com.mx\/tienda\/wp-json\/wp\/v2\/product\/5860","targetHints":{"allow":["GET"]}}],"collection":[{"href":"https:\/\/capitalcientifica.com.mx\/tienda\/wp-json\/wp\/v2\/product"}],"about":[{"href":"https:\/\/capitalcientifica.com.mx\/tienda\/wp-json\/wp\/v2\/types\/product"}],"replies":[{"embeddable":true,"href":"https:\/\/capitalcientifica.com.mx\/tienda\/wp-json\/wp\/v2\/comments?post=5860"}],"wp:featuredmedia":[{"embeddable":true,"href":"https:\/\/capitalcientifica.com.mx\/tienda\/wp-json\/wp\/v2\/media\/5861"}],"wp:attachment":[{"href":"https:\/\/capitalcientifica.com.mx\/tienda\/wp-json\/wp\/v2\/media?parent=5860"}],"wp:term":[{"taxonomy":"product_cat","embeddable":true,"href":"https:\/\/capitalcientifica.com.mx\/tienda\/wp-json\/wp\/v2\/product_cat?post=5860"},{"taxonomy":"product_tag","embeddable":true,"href":"https:\/\/capitalcientifica.com.mx\/tienda\/wp-json\/wp\/v2\/product_tag?post=5860"}],"curies":[{"name":"wp","href":"https:\/\/api.w.org\/{rel}","templated":true}]}}