{"id":5858,"date":"2023-03-10T22:34:57","date_gmt":"2023-03-10T22:34:57","guid":{"rendered":"https:\/\/capitalcientifica.com.mx\/tienda\/?post_type=product&#038;p=5858"},"modified":"2023-04-04T21:09:22","modified_gmt":"2023-04-04T21:09:22","slug":"agitador-vortex-50ml","status":"publish","type":"product","link":"https:\/\/capitalcientifica.com.mx\/tienda\/product\/agitador-vortex-50ml\/","title":{"rendered":"AGITADOR VORTEX 50ML"},"content":{"rendered":"<p>AGITADOR VORTEX PEQUE\u00d1O PARA TUBO<\/p>\n<p>Agitador VORTEX MIXER<\/p>\n<p>&#8211; Peque\u00f1o, compacto y fiable<br \/>\n&#8211; F\u00e1cil de usar: funci\u00f3n t\u00e1ctil, permite mezclar r\u00e1pidamente muestras en 5 segundos<br \/>\n&#8211; Potente: para recipientes peque\u00f1os de hasta 1.7 fl oz, por ejemplo, tubos de ensayo, tubos de centrifugado.<br \/>\n&#8211; Alta calidad: motor CC duradero sin escobillas, materiales de policarbonato y silicona de alta calidad para resistir los productos qu\u00edmicos m\u00e1s com\u00fanmente utilizados<br \/>\n&#8211; Port\u00e1til para uso amplio: perfecto para agitar esmalte de u\u00f1as, gel UV, pigmento de tatuaje y uso en laboratorio<\/p>\n","protected":false},"excerpt":{"rendered":"<p>Agitador VORTEX MIXER<\/p>\n<p>&#8211; Peque\u00f1o, compacto y fiable<br \/>\n&#8211; F\u00e1cil de usar: funci\u00f3n t\u00e1ctil, permite mezclar r\u00e1pidamente muestras en 5 segundos<br \/>\n&#8211; Potente: para recipientes peque\u00f1os de hasta 1.7 fl oz, por ejemplo, tubos de ensayo, tubos de centrifugado.<br \/>\n&#8211; Alta calidad: motor CC duradero sin escobillas, materiales de policarbonato y silicona de alta calidad para resistir los productos qu\u00edmicos m\u00e1s com\u00fanmente utilizados<br \/>\n&#8211; Port\u00e1til para uso amplio: perfecto para agitar esmalte de u\u00f1as, gel UV, pigmento de tatuaje y uso en laboratorio<\/p>\n<p>Peso del producto 1.32 libras<br \/>\nVolumen del art\u00edculo 50.0 mililitros<\/p>\n","protected":false},"featured_media":5859,"comment_status":"closed","ping_status":"closed","template":"","meta":{"_joinchat":[]},"product_cat":[94,61,168,113],"product_tag":[3003,172,173],"class_list":{"0":"post-5858","1":"product","2":"type-product","3":"status-publish","4":"has-post-thumbnail","6":"product_cat-agitadores","7":"product_cat-equipos-de-laboratorio","8":"product_cat-productos-destacados","9":"product_cat-tubos","10":"product_tag-agitador-vortex-50ml","11":"product_tag-equipo-de-laboratorio","12":"product_tag-equipo-para-laboratorio","14":"first","15":"instock","16":"shipping-taxable","17":"product-type-simple","18":"col-xs-6 col-sm-4","19":"col-md-3 col-lg-3","20":"un-4-cols"},"yoast_head":"<!-- This site is optimized with the Yoast SEO plugin v27.2 - https:\/\/yoast.com\/product\/yoast-seo-wordpress\/ -->\n<title>AGITADOR VORTEX 50ML - Capital Cient&iacute;fica<\/title>\n<meta name=\"robots\" content=\"index, follow, max-snippet:-1, max-image-preview:large, max-video-preview:-1\" \/>\n<link rel=\"canonical\" href=\"https:\/\/capitalcientifica.com.mx\/tienda\/product\/agitador-vortex-50ml\/\" \/>\n<meta property=\"og:locale\" content=\"es_ES\" \/>\n<meta property=\"og:type\" content=\"article\" \/>\n<meta property=\"og:title\" content=\"AGITADOR VORTEX 50ML - Capital Cient&iacute;fica\" \/>\n<meta property=\"og:description\" content=\"Agitador VORTEX MIXER  - Peque\u00f1o, compacto y fiable - F\u00e1cil de usar: funci\u00f3n t\u00e1ctil, permite mezclar r\u00e1pidamente muestras en 5 segundos - Potente: para recipientes peque\u00f1os de hasta 1.7 fl oz, por ejemplo, tubos de ensayo, tubos de centrifugado. - Alta calidad: motor CC duradero sin escobillas, materiales de policarbonato y silicona de alta calidad para resistir los productos qu\u00edmicos m\u00e1s com\u00fanmente utilizados - Port\u00e1til para uso amplio: perfecto para agitar esmalte de u\u00f1as, gel UV, pigmento de tatuaje y uso en laboratorio  Peso del producto 1.32 libras Volumen del art\u00edculo 50.0 mililitros\" \/>\n<meta property=\"og:url\" content=\"https:\/\/capitalcientifica.com.mx\/tienda\/product\/agitador-vortex-50ml\/\" \/>\n<meta property=\"og:site_name\" content=\"Capital Cient&iacute;fica\" \/>\n<meta property=\"article:modified_time\" content=\"2023-04-04T21:09:22+00:00\" \/>\n<meta property=\"og:image\" content=\"https:\/\/capitalcientifica.com.mx\/tienda\/wp-content\/uploads\/2023\/03\/AGITADOR-VORTEX-CCVM370.jpg\" \/>\n\t<meta property=\"og:image:width\" content=\"236\" \/>\n\t<meta property=\"og:image:height\" content=\"239\" \/>\n\t<meta property=\"og:image:type\" content=\"image\/jpeg\" \/>\n<meta name=\"twitter:card\" content=\"summary_large_image\" \/>\n<meta name=\"twitter:label1\" content=\"Tiempo de lectura\" \/>\n\t<meta name=\"twitter:data1\" content=\"1 minuto\" \/>\n<script type=\"application\/ld+json\" class=\"yoast-schema-graph\">{\"@context\":\"https:\/\/schema.org\",\"@graph\":[{\"@type\":\"WebPage\",\"@id\":\"https:\/\/capitalcientifica.com.mx\/tienda\/product\/agitador-vortex-50ml\/\",\"url\":\"https:\/\/capitalcientifica.com.mx\/tienda\/product\/agitador-vortex-50ml\/\",\"name\":\"AGITADOR VORTEX 50ML - Capital Cient&iacute;fica\",\"isPartOf\":{\"@id\":\"https:\/\/capitalcientifica.com.mx\/tienda\/#website\"},\"primaryImageOfPage\":{\"@id\":\"https:\/\/capitalcientifica.com.mx\/tienda\/product\/agitador-vortex-50ml\/#primaryimage\"},\"image\":{\"@id\":\"https:\/\/capitalcientifica.com.mx\/tienda\/product\/agitador-vortex-50ml\/#primaryimage\"},\"thumbnailUrl\":\"https:\/\/capitalcientifica.com.mx\/tienda\/wp-content\/uploads\/2023\/03\/AGITADOR-VORTEX-CCVM370.jpg\",\"datePublished\":\"2023-03-10T22:34:57+00:00\",\"dateModified\":\"2023-04-04T21:09:22+00:00\",\"breadcrumb\":{\"@id\":\"https:\/\/capitalcientifica.com.mx\/tienda\/product\/agitador-vortex-50ml\/#breadcrumb\"},\"inLanguage\":\"es\",\"potentialAction\":[{\"@type\":\"ReadAction\",\"target\":[\"https:\/\/capitalcientifica.com.mx\/tienda\/product\/agitador-vortex-50ml\/\"]}]},{\"@type\":\"ImageObject\",\"inLanguage\":\"es\",\"@id\":\"https:\/\/capitalcientifica.com.mx\/tienda\/product\/agitador-vortex-50ml\/#primaryimage\",\"url\":\"https:\/\/capitalcientifica.com.mx\/tienda\/wp-content\/uploads\/2023\/03\/AGITADOR-VORTEX-CCVM370.jpg\",\"contentUrl\":\"https:\/\/capitalcientifica.com.mx\/tienda\/wp-content\/uploads\/2023\/03\/AGITADOR-VORTEX-CCVM370.jpg\",\"width\":236,\"height\":239},{\"@type\":\"BreadcrumbList\",\"@id\":\"https:\/\/capitalcientifica.com.mx\/tienda\/product\/agitador-vortex-50ml\/#breadcrumb\",\"itemListElement\":[{\"@type\":\"ListItem\",\"position\":1,\"name\":\"Portada\",\"item\":\"https:\/\/capitalcientifica.com.mx\/tienda\/\"},{\"@type\":\"ListItem\",\"position\":2,\"name\":\"Shop\",\"item\":\"https:\/\/capitalcientifica.com.mx\/tienda\/shop\/\"},{\"@type\":\"ListItem\",\"position\":3,\"name\":\"AGITADOR VORTEX 50ML\"}]},{\"@type\":\"WebSite\",\"@id\":\"https:\/\/capitalcientifica.com.mx\/tienda\/#website\",\"url\":\"https:\/\/capitalcientifica.com.mx\/tienda\/\",\"name\":\"Capital Cient&iacute;fica\",\"description\":\"Equipo para laboratorio\",\"potentialAction\":[{\"@type\":\"SearchAction\",\"target\":{\"@type\":\"EntryPoint\",\"urlTemplate\":\"https:\/\/capitalcientifica.com.mx\/tienda\/?s={search_term_string}\"},\"query-input\":{\"@type\":\"PropertyValueSpecification\",\"valueRequired\":true,\"valueName\":\"search_term_string\"}}],\"inLanguage\":\"es\"}]}<\/script>\n<!-- \/ Yoast SEO plugin. -->","yoast_head_json":{"title":"AGITADOR VORTEX 50ML - Capital Cient&iacute;fica","robots":{"index":"index","follow":"follow","max-snippet":"max-snippet:-1","max-image-preview":"max-image-preview:large","max-video-preview":"max-video-preview:-1"},"canonical":"https:\/\/capitalcientifica.com.mx\/tienda\/product\/agitador-vortex-50ml\/","og_locale":"es_ES","og_type":"article","og_title":"AGITADOR VORTEX 50ML - Capital Cient&iacute;fica","og_description":"Agitador VORTEX MIXER  - Peque\u00f1o, compacto y fiable - F\u00e1cil de usar: funci\u00f3n t\u00e1ctil, permite mezclar r\u00e1pidamente muestras en 5 segundos - Potente: para recipientes peque\u00f1os de hasta 1.7 fl oz, por ejemplo, tubos de ensayo, tubos de centrifugado. - Alta calidad: motor CC duradero sin escobillas, materiales de policarbonato y silicona de alta calidad para resistir los productos qu\u00edmicos m\u00e1s com\u00fanmente utilizados - Port\u00e1til para uso amplio: perfecto para agitar esmalte de u\u00f1as, gel UV, pigmento de tatuaje y uso en laboratorio  Peso del producto 1.32 libras Volumen del art\u00edculo 50.0 mililitros","og_url":"https:\/\/capitalcientifica.com.mx\/tienda\/product\/agitador-vortex-50ml\/","og_site_name":"Capital Cient&iacute;fica","article_modified_time":"2023-04-04T21:09:22+00:00","og_image":[{"width":236,"height":239,"url":"https:\/\/capitalcientifica.com.mx\/tienda\/wp-content\/uploads\/2023\/03\/AGITADOR-VORTEX-CCVM370.jpg","type":"image\/jpeg"}],"twitter_card":"summary_large_image","twitter_misc":{"Tiempo de lectura":"1 minuto"},"schema":{"@context":"https:\/\/schema.org","@graph":[{"@type":"WebPage","@id":"https:\/\/capitalcientifica.com.mx\/tienda\/product\/agitador-vortex-50ml\/","url":"https:\/\/capitalcientifica.com.mx\/tienda\/product\/agitador-vortex-50ml\/","name":"AGITADOR VORTEX 50ML - Capital Cient&iacute;fica","isPartOf":{"@id":"https:\/\/capitalcientifica.com.mx\/tienda\/#website"},"primaryImageOfPage":{"@id":"https:\/\/capitalcientifica.com.mx\/tienda\/product\/agitador-vortex-50ml\/#primaryimage"},"image":{"@id":"https:\/\/capitalcientifica.com.mx\/tienda\/product\/agitador-vortex-50ml\/#primaryimage"},"thumbnailUrl":"https:\/\/capitalcientifica.com.mx\/tienda\/wp-content\/uploads\/2023\/03\/AGITADOR-VORTEX-CCVM370.jpg","datePublished":"2023-03-10T22:34:57+00:00","dateModified":"2023-04-04T21:09:22+00:00","breadcrumb":{"@id":"https:\/\/capitalcientifica.com.mx\/tienda\/product\/agitador-vortex-50ml\/#breadcrumb"},"inLanguage":"es","potentialAction":[{"@type":"ReadAction","target":["https:\/\/capitalcientifica.com.mx\/tienda\/product\/agitador-vortex-50ml\/"]}]},{"@type":"ImageObject","inLanguage":"es","@id":"https:\/\/capitalcientifica.com.mx\/tienda\/product\/agitador-vortex-50ml\/#primaryimage","url":"https:\/\/capitalcientifica.com.mx\/tienda\/wp-content\/uploads\/2023\/03\/AGITADOR-VORTEX-CCVM370.jpg","contentUrl":"https:\/\/capitalcientifica.com.mx\/tienda\/wp-content\/uploads\/2023\/03\/AGITADOR-VORTEX-CCVM370.jpg","width":236,"height":239},{"@type":"BreadcrumbList","@id":"https:\/\/capitalcientifica.com.mx\/tienda\/product\/agitador-vortex-50ml\/#breadcrumb","itemListElement":[{"@type":"ListItem","position":1,"name":"Portada","item":"https:\/\/capitalcientifica.com.mx\/tienda\/"},{"@type":"ListItem","position":2,"name":"Shop","item":"https:\/\/capitalcientifica.com.mx\/tienda\/shop\/"},{"@type":"ListItem","position":3,"name":"AGITADOR VORTEX 50ML"}]},{"@type":"WebSite","@id":"https:\/\/capitalcientifica.com.mx\/tienda\/#website","url":"https:\/\/capitalcientifica.com.mx\/tienda\/","name":"Capital Cient&iacute;fica","description":"Equipo para laboratorio","potentialAction":[{"@type":"SearchAction","target":{"@type":"EntryPoint","urlTemplate":"https:\/\/capitalcientifica.com.mx\/tienda\/?s={search_term_string}"},"query-input":{"@type":"PropertyValueSpecification","valueRequired":true,"valueName":"search_term_string"}}],"inLanguage":"es"}]}},"_links":{"self":[{"href":"https:\/\/capitalcientifica.com.mx\/tienda\/wp-json\/wp\/v2\/product\/5858","targetHints":{"allow":["GET"]}}],"collection":[{"href":"https:\/\/capitalcientifica.com.mx\/tienda\/wp-json\/wp\/v2\/product"}],"about":[{"href":"https:\/\/capitalcientifica.com.mx\/tienda\/wp-json\/wp\/v2\/types\/product"}],"replies":[{"embeddable":true,"href":"https:\/\/capitalcientifica.com.mx\/tienda\/wp-json\/wp\/v2\/comments?post=5858"}],"wp:featuredmedia":[{"embeddable":true,"href":"https:\/\/capitalcientifica.com.mx\/tienda\/wp-json\/wp\/v2\/media\/5859"}],"wp:attachment":[{"href":"https:\/\/capitalcientifica.com.mx\/tienda\/wp-json\/wp\/v2\/media?parent=5858"}],"wp:term":[{"taxonomy":"product_cat","embeddable":true,"href":"https:\/\/capitalcientifica.com.mx\/tienda\/wp-json\/wp\/v2\/product_cat?post=5858"},{"taxonomy":"product_tag","embeddable":true,"href":"https:\/\/capitalcientifica.com.mx\/tienda\/wp-json\/wp\/v2\/product_tag?post=5858"}],"curies":[{"name":"wp","href":"https:\/\/api.w.org\/{rel}","templated":true}]}}