{"id":5707,"date":"2022-04-07T20:14:59","date_gmt":"2022-04-07T20:14:59","guid":{"rendered":"https:\/\/www.capitalcientifica.com.mx\/?post_type=product&#038;p=5707"},"modified":"2023-02-13T21:02:21","modified_gmt":"2023-02-13T21:02:21","slug":"analizador-de-humedad","status":"publish","type":"product","link":"https:\/\/capitalcientifica.com.mx\/tienda\/product\/analizador-de-humedad\/","title":{"rendered":"ANALIZADOR DE HUMEDAD"},"content":{"rendered":"<p>ANALIZADOR DE HUMEDAD MARCA OHAUS<\/p>\n<div class=\"ctrl-block\">\n<div class=\"filter-title\">Capacidad m\u00e1xima<\/div>\n<div class=\"filter-option\">\n<table id=\"cblAttr_1\" class=\"check-box-list cblAttr_1\">\n<tbody>\n<tr>\n<td><input id=\"cblAttr_1_0\" name=\"p$lt$ctl02$pageplaceholder$p$lt$ctl00$FamilyPageDisplay$cblAttr_1$cblAttr_1_0\" type=\"checkbox\" value=\"90 g\" \/><label for=\"cblAttr_1_0\">90 g<\/label><\/td>\n<\/tr>\n<\/tbody>\n<\/table>\n<\/div>\n<\/div>\n<div class=\"ctrl-block\">\n<div class=\"filter-title\">Contenido de lectura de humedad<\/div>\n<div class=\"filter-option\">\n<table id=\"cblAttr_2\" class=\"check-box-list cblAttr_2\">\n<tbody>\n<tr>\n<td><input id=\"cblAttr_2_0\" name=\"p$lt$ctl02$pageplaceholder$p$lt$ctl00$FamilyPageDisplay$cblAttr_2$cblAttr_2_0\" type=\"checkbox\" value=\"1\u00a0mg\/0,01\u00a0%\" \/><label for=\"cblAttr_2_0\">1\u00a0\u00a0 mg\/0,01\u00a0\u00a0 %<\/label><\/td>\n<\/tr>\n<\/tbody>\n<\/table>\n<\/div>\n<\/div>\n<div class=\"ctrl-block\">\n<div class=\"filter-title\">Tama\u00f1o del plato<\/div>\n<div class=\"filter-option\">\n<table id=\"cblAttr_3\" class=\"check-box-list cblAttr_3\">\n<tbody>\n<tr>\n<td><input id=\"cblAttr_3_0\" name=\"p$lt$ctl02$pageplaceholder$p$lt$ctl00$FamilyPageDisplay$cblAttr_3$cblAttr_3_0\" type=\"checkbox\" value=\"90 mm\" \/><label for=\"cblAttr_3_0\">90 mm<\/label><\/td>\n<\/tr>\n<\/tbody>\n<\/table>\n<\/div>\n<\/div>\n<div class=\"ctrl-block\">\n<div class=\"filter-title\">Tipo de calefactor<\/div>\n<div class=\"filter-option\">\n<table id=\"cblAttr_4\" class=\"check-box-list cblAttr_4\">\n<tbody>\n<tr>\n<td><input id=\"cblAttr_4_0\" name=\"p$lt$ctl02$pageplaceholder$p$lt$ctl00$FamilyPageDisplay$cblAttr_4$cblAttr_4_0\" type=\"checkbox\" value=\"L\u00e1mpara hal\u00f3gena\" \/><label for=\"cblAttr_4_0\">L\u00e1mpara hal\u00f3gena<\/label><\/td>\n<\/tr>\n<\/tbody>\n<\/table>\n<\/div>\n<\/div>\n<div class=\"ctrl-block\">\n<div class=\"filter-title\">Comunicaci\u00f3n<\/div>\n<div class=\"filter-option\">\n<table id=\"cblAttr_5\" class=\"check-box-list cblAttr_5\">\n<tbody>\n<tr>\n<td><input id=\"cblAttr_5_0\" name=\"p$lt$ctl02$pageplaceholder$p$lt$ctl00$FamilyPageDisplay$cblAttr_5$cblAttr_5_0\" type=\"checkbox\" value=\"Dispositivo USB;2 host USB;RS232\" \/><label for=\"cblAttr_5_0\">Dispositivo USB;\u00a0 2 host USB;\u00a0 RS232<\/label><\/td>\n<\/tr>\n<\/tbody>\n<\/table>\n<\/div>\n<\/div>\n<div class=\"ctrl-block\">\n<div class=\"filter-title\">Dimensiones<\/div>\n<div class=\"filter-option\">\n<table id=\"cblAttr_6\" class=\"check-box-list cblAttr_6\">\n<tbody>\n<tr>\n<td><input id=\"cblAttr_6_0\" name=\"p$lt$ctl02$pageplaceholder$p$lt$ctl00$FamilyPageDisplay$cblAttr_6$cblAttr_6_0\" type=\"checkbox\" value=\"355 mm x 180 mm x 211 mm (LxAxA)\" \/><label for=\"cblAttr_6_0\">355 mm x 180 mm x 211 mm (LxAxA)<\/label><\/td>\n<\/tr>\n<\/tbody>\n<\/table>\n<\/div>\n<\/div>\n<p>&nbsp;<\/p>\n<p>MODELOS DISPONIBLES<\/p>\n<p>MB90<\/p>\n<p>MB120<\/p>\n","protected":false},"excerpt":{"rendered":"<p>ANALIZADOR DE HUMEDAD MARCA OHAUS<\/p>\n<p>MB90<\/p>\n<p>MB120<\/p>\n<p>Medir el contenido de humedad nunca ha sido m\u00e1s f\u00e1cil que con el analizador de humedad MB90. La calefacci\u00f3n hal\u00f3gena del MB90 distribuye el calor de manera uniforme sobre la muestra y acelera el proceso de secado, logrando mediciones r\u00e1pidas y precisas. Dise\u00f1ado para la limpieza sin necesidad de herramientas, sus componentes se pueden quitar f\u00e1cilmente para un mantenimiento r\u00e1pido y f\u00e1cil. Manejar el MB90 es intuitivo, gracias al men\u00fa de navegaci\u00f3n basado en \u00edconos de la pantalla t\u00e1ctil.<\/p>\n","protected":false},"featured_media":5708,"comment_status":"open","ping_status":"closed","template":"","meta":{"_joinchat":[]},"product_cat":[89,61,109,30,168],"product_tag":[402,172,173],"class_list":{"0":"post-5707","1":"product","2":"type-product","3":"status-publish","4":"has-post-thumbnail","6":"product_cat-analizadoras-de-humedad","7":"product_cat-equipos-de-laboratorio","8":"product_cat-importacion","9":"product_cat-ohaus","10":"product_cat-productos-destacados","11":"product_tag-analizador-de-humedad","12":"product_tag-equipo-de-laboratorio","13":"product_tag-equipo-para-laboratorio","15":"first","16":"instock","17":"shipping-taxable","18":"product-type-simple","19":"col-xs-6 col-sm-4","20":"col-md-3 col-lg-3","21":"un-4-cols"},"yoast_head":"<!-- This site is optimized with the Yoast SEO plugin v27.2 - https:\/\/yoast.com\/product\/yoast-seo-wordpress\/ -->\n<title>ANALIZADOR DE HUMEDAD - Capital Cient&iacute;fica<\/title>\n<meta name=\"robots\" content=\"index, follow, max-snippet:-1, max-image-preview:large, max-video-preview:-1\" \/>\n<link rel=\"canonical\" href=\"https:\/\/capitalcientifica.com.mx\/tienda\/product\/analizador-de-humedad\/\" \/>\n<meta property=\"og:locale\" content=\"es_ES\" \/>\n<meta property=\"og:type\" content=\"article\" \/>\n<meta property=\"og:title\" content=\"ANALIZADOR DE HUMEDAD - Capital Cient&iacute;fica\" \/>\n<meta property=\"og:description\" content=\"ANALIZADOR DE HUMEDAD MARCA OHAUS  MB90  MB120  Medir el contenido de humedad nunca ha sido m\u00e1s f\u00e1cil que con el analizador de humedad MB90. La calefacci\u00f3n hal\u00f3gena del MB90 distribuye el calor de manera uniforme sobre la muestra y acelera el proceso de secado, logrando mediciones r\u00e1pidas y precisas. Dise\u00f1ado para la limpieza sin necesidad de herramientas, sus componentes se pueden quitar f\u00e1cilmente para un mantenimiento r\u00e1pido y f\u00e1cil. Manejar el MB90 es intuitivo, gracias al men\u00fa de navegaci\u00f3n basado en \u00edconos de la pantalla t\u00e1ctil.\" \/>\n<meta property=\"og:url\" content=\"https:\/\/capitalcientifica.com.mx\/tienda\/product\/analizador-de-humedad\/\" \/>\n<meta property=\"og:site_name\" content=\"Capital Cient&iacute;fica\" \/>\n<meta property=\"article:modified_time\" content=\"2023-02-13T21:02:21+00:00\" \/>\n<meta property=\"og:image\" content=\"https:\/\/capitalcientifica.com.mx\/tienda\/wp-content\/uploads\/2022\/04\/ANALIZADOR-DE-HUMEDAD.jpg\" \/>\n\t<meta property=\"og:image:width\" content=\"372\" \/>\n\t<meta property=\"og:image:height\" content=\"420\" \/>\n\t<meta property=\"og:image:type\" content=\"image\/jpeg\" \/>\n<meta name=\"twitter:card\" content=\"summary_large_image\" \/>\n<script type=\"application\/ld+json\" class=\"yoast-schema-graph\">{\"@context\":\"https:\/\/schema.org\",\"@graph\":[{\"@type\":\"WebPage\",\"@id\":\"https:\/\/capitalcientifica.com.mx\/tienda\/product\/analizador-de-humedad\/\",\"url\":\"https:\/\/capitalcientifica.com.mx\/tienda\/product\/analizador-de-humedad\/\",\"name\":\"ANALIZADOR DE HUMEDAD - Capital Cient&iacute;fica\",\"isPartOf\":{\"@id\":\"https:\/\/capitalcientifica.com.mx\/tienda\/#website\"},\"primaryImageOfPage\":{\"@id\":\"https:\/\/capitalcientifica.com.mx\/tienda\/product\/analizador-de-humedad\/#primaryimage\"},\"image\":{\"@id\":\"https:\/\/capitalcientifica.com.mx\/tienda\/product\/analizador-de-humedad\/#primaryimage\"},\"thumbnailUrl\":\"https:\/\/capitalcientifica.com.mx\/tienda\/wp-content\/uploads\/2022\/04\/ANALIZADOR-DE-HUMEDAD.jpg\",\"datePublished\":\"2022-04-07T20:14:59+00:00\",\"dateModified\":\"2023-02-13T21:02:21+00:00\",\"breadcrumb\":{\"@id\":\"https:\/\/capitalcientifica.com.mx\/tienda\/product\/analizador-de-humedad\/#breadcrumb\"},\"inLanguage\":\"es\",\"potentialAction\":[{\"@type\":\"ReadAction\",\"target\":[\"https:\/\/capitalcientifica.com.mx\/tienda\/product\/analizador-de-humedad\/\"]}]},{\"@type\":\"ImageObject\",\"inLanguage\":\"es\",\"@id\":\"https:\/\/capitalcientifica.com.mx\/tienda\/product\/analizador-de-humedad\/#primaryimage\",\"url\":\"https:\/\/capitalcientifica.com.mx\/tienda\/wp-content\/uploads\/2022\/04\/ANALIZADOR-DE-HUMEDAD.jpg\",\"contentUrl\":\"https:\/\/capitalcientifica.com.mx\/tienda\/wp-content\/uploads\/2022\/04\/ANALIZADOR-DE-HUMEDAD.jpg\",\"width\":372,\"height\":420},{\"@type\":\"BreadcrumbList\",\"@id\":\"https:\/\/capitalcientifica.com.mx\/tienda\/product\/analizador-de-humedad\/#breadcrumb\",\"itemListElement\":[{\"@type\":\"ListItem\",\"position\":1,\"name\":\"Portada\",\"item\":\"https:\/\/capitalcientifica.com.mx\/tienda\/\"},{\"@type\":\"ListItem\",\"position\":2,\"name\":\"Shop\",\"item\":\"https:\/\/capitalcientifica.com.mx\/tienda\/shop\/\"},{\"@type\":\"ListItem\",\"position\":3,\"name\":\"ANALIZADOR DE HUMEDAD\"}]},{\"@type\":\"WebSite\",\"@id\":\"https:\/\/capitalcientifica.com.mx\/tienda\/#website\",\"url\":\"https:\/\/capitalcientifica.com.mx\/tienda\/\",\"name\":\"Capital Cient&iacute;fica\",\"description\":\"Equipo para laboratorio\",\"potentialAction\":[{\"@type\":\"SearchAction\",\"target\":{\"@type\":\"EntryPoint\",\"urlTemplate\":\"https:\/\/capitalcientifica.com.mx\/tienda\/?s={search_term_string}\"},\"query-input\":{\"@type\":\"PropertyValueSpecification\",\"valueRequired\":true,\"valueName\":\"search_term_string\"}}],\"inLanguage\":\"es\"}]}<\/script>\n<!-- \/ Yoast SEO plugin. -->","yoast_head_json":{"title":"ANALIZADOR DE HUMEDAD - Capital Cient&iacute;fica","robots":{"index":"index","follow":"follow","max-snippet":"max-snippet:-1","max-image-preview":"max-image-preview:large","max-video-preview":"max-video-preview:-1"},"canonical":"https:\/\/capitalcientifica.com.mx\/tienda\/product\/analizador-de-humedad\/","og_locale":"es_ES","og_type":"article","og_title":"ANALIZADOR DE HUMEDAD - Capital Cient&iacute;fica","og_description":"ANALIZADOR DE HUMEDAD MARCA OHAUS  MB90  MB120  Medir el contenido de humedad nunca ha sido m\u00e1s f\u00e1cil que con el analizador de humedad MB90. La calefacci\u00f3n hal\u00f3gena del MB90 distribuye el calor de manera uniforme sobre la muestra y acelera el proceso de secado, logrando mediciones r\u00e1pidas y precisas. Dise\u00f1ado para la limpieza sin necesidad de herramientas, sus componentes se pueden quitar f\u00e1cilmente para un mantenimiento r\u00e1pido y f\u00e1cil. Manejar el MB90 es intuitivo, gracias al men\u00fa de navegaci\u00f3n basado en \u00edconos de la pantalla t\u00e1ctil.","og_url":"https:\/\/capitalcientifica.com.mx\/tienda\/product\/analizador-de-humedad\/","og_site_name":"Capital Cient&iacute;fica","article_modified_time":"2023-02-13T21:02:21+00:00","og_image":[{"width":372,"height":420,"url":"https:\/\/capitalcientifica.com.mx\/tienda\/wp-content\/uploads\/2022\/04\/ANALIZADOR-DE-HUMEDAD.jpg","type":"image\/jpeg"}],"twitter_card":"summary_large_image","schema":{"@context":"https:\/\/schema.org","@graph":[{"@type":"WebPage","@id":"https:\/\/capitalcientifica.com.mx\/tienda\/product\/analizador-de-humedad\/","url":"https:\/\/capitalcientifica.com.mx\/tienda\/product\/analizador-de-humedad\/","name":"ANALIZADOR DE HUMEDAD - Capital Cient&iacute;fica","isPartOf":{"@id":"https:\/\/capitalcientifica.com.mx\/tienda\/#website"},"primaryImageOfPage":{"@id":"https:\/\/capitalcientifica.com.mx\/tienda\/product\/analizador-de-humedad\/#primaryimage"},"image":{"@id":"https:\/\/capitalcientifica.com.mx\/tienda\/product\/analizador-de-humedad\/#primaryimage"},"thumbnailUrl":"https:\/\/capitalcientifica.com.mx\/tienda\/wp-content\/uploads\/2022\/04\/ANALIZADOR-DE-HUMEDAD.jpg","datePublished":"2022-04-07T20:14:59+00:00","dateModified":"2023-02-13T21:02:21+00:00","breadcrumb":{"@id":"https:\/\/capitalcientifica.com.mx\/tienda\/product\/analizador-de-humedad\/#breadcrumb"},"inLanguage":"es","potentialAction":[{"@type":"ReadAction","target":["https:\/\/capitalcientifica.com.mx\/tienda\/product\/analizador-de-humedad\/"]}]},{"@type":"ImageObject","inLanguage":"es","@id":"https:\/\/capitalcientifica.com.mx\/tienda\/product\/analizador-de-humedad\/#primaryimage","url":"https:\/\/capitalcientifica.com.mx\/tienda\/wp-content\/uploads\/2022\/04\/ANALIZADOR-DE-HUMEDAD.jpg","contentUrl":"https:\/\/capitalcientifica.com.mx\/tienda\/wp-content\/uploads\/2022\/04\/ANALIZADOR-DE-HUMEDAD.jpg","width":372,"height":420},{"@type":"BreadcrumbList","@id":"https:\/\/capitalcientifica.com.mx\/tienda\/product\/analizador-de-humedad\/#breadcrumb","itemListElement":[{"@type":"ListItem","position":1,"name":"Portada","item":"https:\/\/capitalcientifica.com.mx\/tienda\/"},{"@type":"ListItem","position":2,"name":"Shop","item":"https:\/\/capitalcientifica.com.mx\/tienda\/shop\/"},{"@type":"ListItem","position":3,"name":"ANALIZADOR DE HUMEDAD"}]},{"@type":"WebSite","@id":"https:\/\/capitalcientifica.com.mx\/tienda\/#website","url":"https:\/\/capitalcientifica.com.mx\/tienda\/","name":"Capital Cient&iacute;fica","description":"Equipo para laboratorio","potentialAction":[{"@type":"SearchAction","target":{"@type":"EntryPoint","urlTemplate":"https:\/\/capitalcientifica.com.mx\/tienda\/?s={search_term_string}"},"query-input":{"@type":"PropertyValueSpecification","valueRequired":true,"valueName":"search_term_string"}}],"inLanguage":"es"}]}},"_links":{"self":[{"href":"https:\/\/capitalcientifica.com.mx\/tienda\/wp-json\/wp\/v2\/product\/5707","targetHints":{"allow":["GET"]}}],"collection":[{"href":"https:\/\/capitalcientifica.com.mx\/tienda\/wp-json\/wp\/v2\/product"}],"about":[{"href":"https:\/\/capitalcientifica.com.mx\/tienda\/wp-json\/wp\/v2\/types\/product"}],"replies":[{"embeddable":true,"href":"https:\/\/capitalcientifica.com.mx\/tienda\/wp-json\/wp\/v2\/comments?post=5707"}],"wp:featuredmedia":[{"embeddable":true,"href":"https:\/\/capitalcientifica.com.mx\/tienda\/wp-json\/wp\/v2\/media\/5708"}],"wp:attachment":[{"href":"https:\/\/capitalcientifica.com.mx\/tienda\/wp-json\/wp\/v2\/media?parent=5707"}],"wp:term":[{"taxonomy":"product_cat","embeddable":true,"href":"https:\/\/capitalcientifica.com.mx\/tienda\/wp-json\/wp\/v2\/product_cat?post=5707"},{"taxonomy":"product_tag","embeddable":true,"href":"https:\/\/capitalcientifica.com.mx\/tienda\/wp-json\/wp\/v2\/product_tag?post=5707"}],"curies":[{"name":"wp","href":"https:\/\/api.w.org\/{rel}","templated":true}]}}