{"id":5701,"date":"2022-04-07T19:51:45","date_gmt":"2022-04-07T19:51:45","guid":{"rendered":"https:\/\/www.capitalcientifica.com.mx\/?post_type=product&#038;p=5701"},"modified":"2023-02-28T20:46:47","modified_gmt":"2023-02-28T20:46:47","slug":"papel-kraft-o-de-estraza-en-rollo","status":"publish","type":"product","link":"https:\/\/capitalcientifica.com.mx\/tienda\/product\/papel-kraft-o-de-estraza-en-rollo\/","title":{"rendered":"PAPEL KRAFT O DE ESTRAZA EN ROLLO"},"content":{"rendered":"<p>El\u00a0<b>papel madera<\/b>\u00a0o\u00a0<b>papel kraft<\/b>\u00a0es un tipo de\u00a0<a title=\"Papel\" href=\"https:\/\/es.wikipedia.org\/wiki\/Papel\">papel<\/a>\u00a0basto y grueso de color\u00a0<a title=\"Marr\u00f3n\" href=\"https:\/\/es.wikipedia.org\/wiki\/Marr%C3%B3n\">marr\u00f3n<\/a>.<\/p>\n<p>Se fabrica con pasta qu\u00edmica, sin blanquear y sometido a una cocci\u00f3n breve. Muy resistente al desgarro, tracci\u00f3n, estallido y al sol.<\/p>\n<p>CANTIDAD DE METROS EN ROLLO DEPENDE DEL PESO.<\/p>\n","protected":false},"excerpt":{"rendered":"<p>Se suele usar como envoltura para\u00a0<a title=\"Saco de papel\" href=\"https:\/\/es.wikipedia.org\/wiki\/Saco_de_papel\">sacos<\/a>\u00a0o bolsas, paquetes o para fabricar\u00a0<a title=\"Embalaje\" href=\"https:\/\/es.wikipedia.org\/wiki\/Embalaje\">embalajes<\/a>\u00a0en general. En construcci\u00f3n se utiliza combinado con\u00a0<a title=\"Polietileno\" href=\"https:\/\/es.wikipedia.org\/wiki\/Polietileno\">polietileno<\/a>\u00a0u oxi<a title=\"Asfalto\" href=\"https:\/\/es.wikipedia.org\/wiki\/Asfalto\">asfalto<\/a>\u00a0para formar\u00a0<a title=\"Barrera de vapor\" href=\"https:\/\/es.wikipedia.org\/wiki\/Barrera_de_vapor\">barreras de vapor<\/a>.<\/p>\n<p>En M\u00e9xico se puede encontrar para la envoltura de las\u00a0<a title=\"Tortilla de ma\u00edz\" href=\"https:\/\/es.wikipedia.org\/wiki\/Tortilla_de_ma%C3%ADz\">tortillas<\/a>\u00a0en la mayor\u00eda de las tortiller\u00edas del pa\u00eds.<\/p>\n<p>Debido a su fabricaci\u00f3n con un tacto parecido al del pl\u00e1stico, tambi\u00e9n se usa para envolver alimentos de tienda (charcuter\u00eda, carnicer\u00eda, etc.). Hoy en d\u00eda podemos a\u00fan verlos en algunos establecimientos.<\/p>\n<p>Debido a su resistencia puede emplearse para empaquetar material destinado a ser esterilizado por medio de calor h\u00famedo.<\/p>\n<p>Tambi\u00e9n se utiliza para hacer\u00a0<a title=\"Palomitas de ma\u00edz\" href=\"https:\/\/es.wikipedia.org\/wiki\/Palomitas_de_ma%C3%ADz\">palomitas de ma\u00edz<\/a>\u00a0en el\u00a0<a class=\"mw-redirect\" title=\"Horno microondas\" href=\"https:\/\/es.wikipedia.org\/wiki\/Horno_microondas\">microondas<\/a>.<sup id=\"cite_ref-1\" class=\"reference separada\"><a href=\"https:\/\/es.wikipedia.org\/wiki\/Papel_de_estraza#cite_note-1\">1<\/a><\/sup>\u200b<\/p>\n","protected":false},"featured_media":5702,"comment_status":"open","ping_status":"closed","template":"","meta":{"_joinchat":[]},"product_cat":[63,101,168],"product_tag":[172,173,2076],"class_list":{"0":"post-5701","1":"product","2":"type-product","3":"status-publish","4":"has-post-thumbnail","6":"product_cat-consumibles","7":"product_cat-fabricacion-nacional","8":"product_cat-productos-destacados","9":"product_tag-equipo-de-laboratorio","10":"product_tag-equipo-para-laboratorio","11":"product_tag-papel-kraft-o-de-estraza-en-rollo","13":"first","14":"instock","15":"shipping-taxable","16":"product-type-simple","17":"col-xs-6 col-sm-4","18":"col-md-3 col-lg-3","19":"un-4-cols"},"yoast_head":"<!-- This site is optimized with the Yoast SEO plugin v27.2 - https:\/\/yoast.com\/product\/yoast-seo-wordpress\/ -->\n<title>PAPEL KRAFT O DE ESTRAZA EN ROLLO - Capital Cient&iacute;fica<\/title>\n<meta name=\"robots\" content=\"index, follow, max-snippet:-1, max-image-preview:large, max-video-preview:-1\" \/>\n<link rel=\"canonical\" href=\"https:\/\/capitalcientifica.com.mx\/tienda\/product\/papel-kraft-o-de-estraza-en-rollo\/\" \/>\n<meta property=\"og:locale\" content=\"es_ES\" \/>\n<meta property=\"og:type\" content=\"article\" \/>\n<meta property=\"og:title\" content=\"PAPEL KRAFT O DE ESTRAZA EN ROLLO - Capital Cient&iacute;fica\" \/>\n<meta property=\"og:description\" content=\"Se suele usar como envoltura para\u00a0sacos\u00a0o bolsas, paquetes o para fabricar\u00a0embalajes\u00a0en general. En construcci\u00f3n se utiliza combinado con\u00a0polietileno\u00a0u oxiasfalto\u00a0para formar\u00a0barreras de vapor.  En M\u00e9xico se puede encontrar para la envoltura de las\u00a0tortillas\u00a0en la mayor\u00eda de las tortiller\u00edas del pa\u00eds.  Debido a su fabricaci\u00f3n con un tacto parecido al del pl\u00e1stico, tambi\u00e9n se usa para envolver alimentos de tienda (charcuter\u00eda, carnicer\u00eda, etc.). Hoy en d\u00eda podemos a\u00fan verlos en algunos establecimientos.  Debido a su resistencia puede emplearse para empaquetar material destinado a ser esterilizado por medio de calor h\u00famedo.  Tambi\u00e9n se utiliza para hacer\u00a0palomitas de ma\u00edz\u00a0en el\u00a0microondas.1\u200b\" \/>\n<meta property=\"og:url\" content=\"https:\/\/capitalcientifica.com.mx\/tienda\/product\/papel-kraft-o-de-estraza-en-rollo\/\" \/>\n<meta property=\"og:site_name\" content=\"Capital Cient&iacute;fica\" \/>\n<meta property=\"article:modified_time\" content=\"2023-02-28T20:46:47+00:00\" \/>\n<meta property=\"og:image\" content=\"https:\/\/capitalcientifica.com.mx\/tienda\/wp-content\/uploads\/2022\/04\/KRAFT.jpg\" \/>\n\t<meta property=\"og:image:width\" content=\"291\" \/>\n\t<meta property=\"og:image:height\" content=\"291\" \/>\n\t<meta property=\"og:image:type\" content=\"image\/jpeg\" \/>\n<meta name=\"twitter:card\" content=\"summary_large_image\" \/>\n<script type=\"application\/ld+json\" class=\"yoast-schema-graph\">{\"@context\":\"https:\/\/schema.org\",\"@graph\":[{\"@type\":\"WebPage\",\"@id\":\"https:\/\/capitalcientifica.com.mx\/tienda\/product\/papel-kraft-o-de-estraza-en-rollo\/\",\"url\":\"https:\/\/capitalcientifica.com.mx\/tienda\/product\/papel-kraft-o-de-estraza-en-rollo\/\",\"name\":\"PAPEL KRAFT O DE ESTRAZA EN ROLLO - Capital Cient&iacute;fica\",\"isPartOf\":{\"@id\":\"https:\/\/capitalcientifica.com.mx\/tienda\/#website\"},\"primaryImageOfPage\":{\"@id\":\"https:\/\/capitalcientifica.com.mx\/tienda\/product\/papel-kraft-o-de-estraza-en-rollo\/#primaryimage\"},\"image\":{\"@id\":\"https:\/\/capitalcientifica.com.mx\/tienda\/product\/papel-kraft-o-de-estraza-en-rollo\/#primaryimage\"},\"thumbnailUrl\":\"https:\/\/capitalcientifica.com.mx\/tienda\/wp-content\/uploads\/2022\/04\/KRAFT.jpg\",\"datePublished\":\"2022-04-07T19:51:45+00:00\",\"dateModified\":\"2023-02-28T20:46:47+00:00\",\"breadcrumb\":{\"@id\":\"https:\/\/capitalcientifica.com.mx\/tienda\/product\/papel-kraft-o-de-estraza-en-rollo\/#breadcrumb\"},\"inLanguage\":\"es\",\"potentialAction\":[{\"@type\":\"ReadAction\",\"target\":[\"https:\/\/capitalcientifica.com.mx\/tienda\/product\/papel-kraft-o-de-estraza-en-rollo\/\"]}]},{\"@type\":\"ImageObject\",\"inLanguage\":\"es\",\"@id\":\"https:\/\/capitalcientifica.com.mx\/tienda\/product\/papel-kraft-o-de-estraza-en-rollo\/#primaryimage\",\"url\":\"https:\/\/capitalcientifica.com.mx\/tienda\/wp-content\/uploads\/2022\/04\/KRAFT.jpg\",\"contentUrl\":\"https:\/\/capitalcientifica.com.mx\/tienda\/wp-content\/uploads\/2022\/04\/KRAFT.jpg\",\"width\":291,\"height\":291},{\"@type\":\"BreadcrumbList\",\"@id\":\"https:\/\/capitalcientifica.com.mx\/tienda\/product\/papel-kraft-o-de-estraza-en-rollo\/#breadcrumb\",\"itemListElement\":[{\"@type\":\"ListItem\",\"position\":1,\"name\":\"Portada\",\"item\":\"https:\/\/capitalcientifica.com.mx\/tienda\/\"},{\"@type\":\"ListItem\",\"position\":2,\"name\":\"Shop\",\"item\":\"https:\/\/capitalcientifica.com.mx\/tienda\/shop\/\"},{\"@type\":\"ListItem\",\"position\":3,\"name\":\"PAPEL KRAFT O DE ESTRAZA EN ROLLO\"}]},{\"@type\":\"WebSite\",\"@id\":\"https:\/\/capitalcientifica.com.mx\/tienda\/#website\",\"url\":\"https:\/\/capitalcientifica.com.mx\/tienda\/\",\"name\":\"Capital Cient&iacute;fica\",\"description\":\"Equipo para laboratorio\",\"potentialAction\":[{\"@type\":\"SearchAction\",\"target\":{\"@type\":\"EntryPoint\",\"urlTemplate\":\"https:\/\/capitalcientifica.com.mx\/tienda\/?s={search_term_string}\"},\"query-input\":{\"@type\":\"PropertyValueSpecification\",\"valueRequired\":true,\"valueName\":\"search_term_string\"}}],\"inLanguage\":\"es\"}]}<\/script>\n<!-- \/ Yoast SEO plugin. -->","yoast_head_json":{"title":"PAPEL KRAFT O DE ESTRAZA EN ROLLO - Capital Cient&iacute;fica","robots":{"index":"index","follow":"follow","max-snippet":"max-snippet:-1","max-image-preview":"max-image-preview:large","max-video-preview":"max-video-preview:-1"},"canonical":"https:\/\/capitalcientifica.com.mx\/tienda\/product\/papel-kraft-o-de-estraza-en-rollo\/","og_locale":"es_ES","og_type":"article","og_title":"PAPEL KRAFT O DE ESTRAZA EN ROLLO - Capital Cient&iacute;fica","og_description":"Se suele usar como envoltura para\u00a0sacos\u00a0o bolsas, paquetes o para fabricar\u00a0embalajes\u00a0en general. En construcci\u00f3n se utiliza combinado con\u00a0polietileno\u00a0u oxiasfalto\u00a0para formar\u00a0barreras de vapor.  En M\u00e9xico se puede encontrar para la envoltura de las\u00a0tortillas\u00a0en la mayor\u00eda de las tortiller\u00edas del pa\u00eds.  Debido a su fabricaci\u00f3n con un tacto parecido al del pl\u00e1stico, tambi\u00e9n se usa para envolver alimentos de tienda (charcuter\u00eda, carnicer\u00eda, etc.). Hoy en d\u00eda podemos a\u00fan verlos en algunos establecimientos.  Debido a su resistencia puede emplearse para empaquetar material destinado a ser esterilizado por medio de calor h\u00famedo.  Tambi\u00e9n se utiliza para hacer\u00a0palomitas de ma\u00edz\u00a0en el\u00a0microondas.1\u200b","og_url":"https:\/\/capitalcientifica.com.mx\/tienda\/product\/papel-kraft-o-de-estraza-en-rollo\/","og_site_name":"Capital Cient&iacute;fica","article_modified_time":"2023-02-28T20:46:47+00:00","og_image":[{"width":291,"height":291,"url":"https:\/\/capitalcientifica.com.mx\/tienda\/wp-content\/uploads\/2022\/04\/KRAFT.jpg","type":"image\/jpeg"}],"twitter_card":"summary_large_image","schema":{"@context":"https:\/\/schema.org","@graph":[{"@type":"WebPage","@id":"https:\/\/capitalcientifica.com.mx\/tienda\/product\/papel-kraft-o-de-estraza-en-rollo\/","url":"https:\/\/capitalcientifica.com.mx\/tienda\/product\/papel-kraft-o-de-estraza-en-rollo\/","name":"PAPEL KRAFT O DE ESTRAZA EN ROLLO - Capital Cient&iacute;fica","isPartOf":{"@id":"https:\/\/capitalcientifica.com.mx\/tienda\/#website"},"primaryImageOfPage":{"@id":"https:\/\/capitalcientifica.com.mx\/tienda\/product\/papel-kraft-o-de-estraza-en-rollo\/#primaryimage"},"image":{"@id":"https:\/\/capitalcientifica.com.mx\/tienda\/product\/papel-kraft-o-de-estraza-en-rollo\/#primaryimage"},"thumbnailUrl":"https:\/\/capitalcientifica.com.mx\/tienda\/wp-content\/uploads\/2022\/04\/KRAFT.jpg","datePublished":"2022-04-07T19:51:45+00:00","dateModified":"2023-02-28T20:46:47+00:00","breadcrumb":{"@id":"https:\/\/capitalcientifica.com.mx\/tienda\/product\/papel-kraft-o-de-estraza-en-rollo\/#breadcrumb"},"inLanguage":"es","potentialAction":[{"@type":"ReadAction","target":["https:\/\/capitalcientifica.com.mx\/tienda\/product\/papel-kraft-o-de-estraza-en-rollo\/"]}]},{"@type":"ImageObject","inLanguage":"es","@id":"https:\/\/capitalcientifica.com.mx\/tienda\/product\/papel-kraft-o-de-estraza-en-rollo\/#primaryimage","url":"https:\/\/capitalcientifica.com.mx\/tienda\/wp-content\/uploads\/2022\/04\/KRAFT.jpg","contentUrl":"https:\/\/capitalcientifica.com.mx\/tienda\/wp-content\/uploads\/2022\/04\/KRAFT.jpg","width":291,"height":291},{"@type":"BreadcrumbList","@id":"https:\/\/capitalcientifica.com.mx\/tienda\/product\/papel-kraft-o-de-estraza-en-rollo\/#breadcrumb","itemListElement":[{"@type":"ListItem","position":1,"name":"Portada","item":"https:\/\/capitalcientifica.com.mx\/tienda\/"},{"@type":"ListItem","position":2,"name":"Shop","item":"https:\/\/capitalcientifica.com.mx\/tienda\/shop\/"},{"@type":"ListItem","position":3,"name":"PAPEL KRAFT O DE ESTRAZA EN ROLLO"}]},{"@type":"WebSite","@id":"https:\/\/capitalcientifica.com.mx\/tienda\/#website","url":"https:\/\/capitalcientifica.com.mx\/tienda\/","name":"Capital Cient&iacute;fica","description":"Equipo para laboratorio","potentialAction":[{"@type":"SearchAction","target":{"@type":"EntryPoint","urlTemplate":"https:\/\/capitalcientifica.com.mx\/tienda\/?s={search_term_string}"},"query-input":{"@type":"PropertyValueSpecification","valueRequired":true,"valueName":"search_term_string"}}],"inLanguage":"es"}]}},"_links":{"self":[{"href":"https:\/\/capitalcientifica.com.mx\/tienda\/wp-json\/wp\/v2\/product\/5701","targetHints":{"allow":["GET"]}}],"collection":[{"href":"https:\/\/capitalcientifica.com.mx\/tienda\/wp-json\/wp\/v2\/product"}],"about":[{"href":"https:\/\/capitalcientifica.com.mx\/tienda\/wp-json\/wp\/v2\/types\/product"}],"replies":[{"embeddable":true,"href":"https:\/\/capitalcientifica.com.mx\/tienda\/wp-json\/wp\/v2\/comments?post=5701"}],"wp:featuredmedia":[{"embeddable":true,"href":"https:\/\/capitalcientifica.com.mx\/tienda\/wp-json\/wp\/v2\/media\/5702"}],"wp:attachment":[{"href":"https:\/\/capitalcientifica.com.mx\/tienda\/wp-json\/wp\/v2\/media?parent=5701"}],"wp:term":[{"taxonomy":"product_cat","embeddable":true,"href":"https:\/\/capitalcientifica.com.mx\/tienda\/wp-json\/wp\/v2\/product_cat?post=5701"},{"taxonomy":"product_tag","embeddable":true,"href":"https:\/\/capitalcientifica.com.mx\/tienda\/wp-json\/wp\/v2\/product_tag?post=5701"}],"curies":[{"name":"wp","href":"https:\/\/api.w.org\/{rel}","templated":true}]}}