{"id":5597,"date":"2022-03-11T22:18:49","date_gmt":"2022-03-11T22:18:49","guid":{"rendered":"https:\/\/www.capitalcientifica.com.mx\/?post_type=product&#038;p=5597"},"modified":"2023-03-02T22:23:05","modified_gmt":"2023-03-02T22:23:05","slug":"simulador-para-la-adquisicion-de-habilidades-durante-el-parto-sku-parto-full","status":"publish","type":"product","link":"https:\/\/capitalcientifica.com.mx\/tienda\/product\/simulador-para-la-adquisicion-de-habilidades-durante-el-parto-sku-parto-full\/","title":{"rendered":"SIMULADOR PARA LA ADQUISICI\u00d3N DE HABILIDADES DURANTE EL PARTO"},"content":{"rendered":"<p>SIMULADOR PARA LA ADQUISICI\u00d3N DE HABILIDADES DURANTE EL PARTO<\/p>\n<div class=\"short-description\">Este modelo realista de pelvis femenina es ideal para el entrenamiento de habilidades en el proceso de alumbramiento. Sus marcas anat\u00f3micas son muy realistas y el vientre es de color transparente, lo que facilita la observaci\u00f3n del feto de una manera muy did\u00e1ctica y genuina. Ideal para estudiantes de medicina y del \u00e1rea de obstetricia (adquirir\u00e1n habilidades como un buen proceso de alumbramiento, asistido, protecci\u00f3n del perineo y episiotom\u00eda. consiste en los siguientes elementos: 1. cavidad p\u00e9lvica. feto (con cord\u00f3n umbilical y placenta), modelo de revisi\u00f3n de c\u00e9rvix (los cambios que sufre antes del parto). 2. corte del perineo y entrenamiento en suturas.<\/div>\n<div class=\"availability\">\n<div class=\"additional-details\">\n<div class=\"sku\"><span class=\"label\">SKU:<\/span>\u00a0<span id=\"sku-4818\" class=\"value\">PARTO-FULL<\/span><\/div>\n<\/div>\n<\/div>\n","protected":false},"excerpt":{"rendered":"<p>SIMULADOR PARA LA ADQUISICI\u00d3N DE HABILIDADES DURANTE EL PARTO<\/p>\n<div class=\"short-description\">Este modelo realista de pelvis femenina es ideal para el entrenamiento de habilidades en el proceso de alumbramiento. Sus marcas anat\u00f3micas son muy realistas y el vientre es de color transparente, lo que facilita la observaci\u00f3n del feto de una manera muy did\u00e1ctica y genuina. Ideal para estudiantes de medicina y del \u00e1rea de obstetricia (adquirir\u00e1n habilidades como un buen proceso de alumbramiento, asistido, protecci\u00f3n del perineo y episiotom\u00eda. consiste en los siguientes elementos: 1. cavidad p\u00e9lvica. feto (con cord\u00f3n umbilical y placenta), modelo de revisi\u00f3n de c\u00e9rvix (los cambios que sufre antes del parto). 2. corte del perineo y entrenamiento en suturas.<\/div>\n<div class=\"availability\">\n<div class=\"additional-details\">\n<div class=\"sku\"><span class=\"label\">SKU:<\/span>\u00a0<span id=\"sku-4818\" class=\"value\">PARTO-FULL<\/span><\/div>\n<\/div>\n<\/div>\n","protected":false},"featured_media":5598,"comment_status":"open","ping_status":"closed","template":"","meta":{"_joinchat":[]},"product_cat":[158,147],"product_tag":[172,173,2491],"class_list":{"0":"post-5597","1":"product","2":"type-product","3":"status-publish","4":"has-post-thumbnail","6":"product_cat-gineco-obstetricia","7":"product_cat-simuladores-medicos-de-importacion","8":"product_tag-equipo-de-laboratorio","9":"product_tag-equipo-para-laboratorio","10":"product_tag-simulador-para-la-adquisicion-de-habilidades-durante-el-parto","12":"first","13":"instock","14":"shipping-taxable","15":"product-type-simple","16":"col-xs-6 col-sm-4","17":"col-md-3 col-lg-3","18":"un-4-cols"},"yoast_head":"<!-- This site is optimized with the Yoast SEO plugin v27.2 - https:\/\/yoast.com\/product\/yoast-seo-wordpress\/ -->\n<title>SIMULADOR PARA LA ADQUISICI\u00d3N DE HABILIDADES DURANTE EL PARTO - Capital Cient&iacute;fica<\/title>\n<meta name=\"robots\" content=\"index, follow, max-snippet:-1, max-image-preview:large, max-video-preview:-1\" \/>\n<link rel=\"canonical\" href=\"https:\/\/capitalcientifica.com.mx\/tienda\/product\/simulador-para-la-adquisicion-de-habilidades-durante-el-parto-sku-parto-full\/\" \/>\n<meta property=\"og:locale\" content=\"es_ES\" \/>\n<meta property=\"og:type\" content=\"article\" \/>\n<meta property=\"og:title\" content=\"SIMULADOR PARA LA ADQUISICI\u00d3N DE HABILIDADES DURANTE EL PARTO - Capital Cient&iacute;fica\" \/>\n<meta property=\"og:description\" content=\"SIMULADOR PARA LA ADQUISICI\u00d3N DE HABILIDADES DURANTE EL PARTO Este modelo realista de pelvis femenina es ideal para el entrenamiento de habilidades en el proceso de alumbramiento. Sus marcas anat\u00f3micas son muy realistas y el vientre es de color transparente, lo que facilita la observaci\u00f3n del feto de una manera muy did\u00e1ctica y genuina. Ideal para estudiantes de medicina y del \u00e1rea de obstetricia (adquirir\u00e1n habilidades como un buen proceso de alumbramiento, asistido, protecci\u00f3n del perineo y episiotom\u00eda. consiste en los siguientes elementos: 1. cavidad p\u00e9lvica. feto (con cord\u00f3n umbilical y placenta), modelo de revisi\u00f3n de c\u00e9rvix (los cambios que sufre antes del parto). 2. corte del perineo y entrenamiento en suturas.   SKU:\u00a0PARTO-FULL\" \/>\n<meta property=\"og:url\" content=\"https:\/\/capitalcientifica.com.mx\/tienda\/product\/simulador-para-la-adquisicion-de-habilidades-durante-el-parto-sku-parto-full\/\" \/>\n<meta property=\"og:site_name\" content=\"Capital Cient&iacute;fica\" \/>\n<meta property=\"article:modified_time\" content=\"2023-03-02T22:23:05+00:00\" \/>\n<meta property=\"og:image\" content=\"https:\/\/capitalcientifica.com.mx\/tienda\/wp-content\/uploads\/2022\/03\/0002536_simulador-para-la-adquisicion-de-habilidades-durante-el-parto.jpeg\" \/>\n\t<meta property=\"og:image:width\" content=\"1000\" \/>\n\t<meta property=\"og:image:height\" content=\"1000\" \/>\n\t<meta property=\"og:image:type\" content=\"image\/jpeg\" \/>\n<meta name=\"twitter:card\" content=\"summary_large_image\" \/>\n<meta name=\"twitter:label1\" content=\"Tiempo de lectura\" \/>\n\t<meta name=\"twitter:data1\" content=\"1 minuto\" \/>\n<script type=\"application\/ld+json\" class=\"yoast-schema-graph\">{\"@context\":\"https:\/\/schema.org\",\"@graph\":[{\"@type\":\"WebPage\",\"@id\":\"https:\/\/capitalcientifica.com.mx\/tienda\/product\/simulador-para-la-adquisicion-de-habilidades-durante-el-parto-sku-parto-full\/\",\"url\":\"https:\/\/capitalcientifica.com.mx\/tienda\/product\/simulador-para-la-adquisicion-de-habilidades-durante-el-parto-sku-parto-full\/\",\"name\":\"SIMULADOR PARA LA ADQUISICI\u00d3N DE HABILIDADES DURANTE EL PARTO - Capital Cient&iacute;fica\",\"isPartOf\":{\"@id\":\"https:\/\/capitalcientifica.com.mx\/tienda\/#website\"},\"primaryImageOfPage\":{\"@id\":\"https:\/\/capitalcientifica.com.mx\/tienda\/product\/simulador-para-la-adquisicion-de-habilidades-durante-el-parto-sku-parto-full\/#primaryimage\"},\"image\":{\"@id\":\"https:\/\/capitalcientifica.com.mx\/tienda\/product\/simulador-para-la-adquisicion-de-habilidades-durante-el-parto-sku-parto-full\/#primaryimage\"},\"thumbnailUrl\":\"https:\/\/capitalcientifica.com.mx\/tienda\/wp-content\/uploads\/2022\/03\/0002536_simulador-para-la-adquisicion-de-habilidades-durante-el-parto.jpeg\",\"datePublished\":\"2022-03-11T22:18:49+00:00\",\"dateModified\":\"2023-03-02T22:23:05+00:00\",\"breadcrumb\":{\"@id\":\"https:\/\/capitalcientifica.com.mx\/tienda\/product\/simulador-para-la-adquisicion-de-habilidades-durante-el-parto-sku-parto-full\/#breadcrumb\"},\"inLanguage\":\"es\",\"potentialAction\":[{\"@type\":\"ReadAction\",\"target\":[\"https:\/\/capitalcientifica.com.mx\/tienda\/product\/simulador-para-la-adquisicion-de-habilidades-durante-el-parto-sku-parto-full\/\"]}]},{\"@type\":\"ImageObject\",\"inLanguage\":\"es\",\"@id\":\"https:\/\/capitalcientifica.com.mx\/tienda\/product\/simulador-para-la-adquisicion-de-habilidades-durante-el-parto-sku-parto-full\/#primaryimage\",\"url\":\"https:\/\/capitalcientifica.com.mx\/tienda\/wp-content\/uploads\/2022\/03\/0002536_simulador-para-la-adquisicion-de-habilidades-durante-el-parto.jpeg\",\"contentUrl\":\"https:\/\/capitalcientifica.com.mx\/tienda\/wp-content\/uploads\/2022\/03\/0002536_simulador-para-la-adquisicion-de-habilidades-durante-el-parto.jpeg\",\"width\":1000,\"height\":1000},{\"@type\":\"BreadcrumbList\",\"@id\":\"https:\/\/capitalcientifica.com.mx\/tienda\/product\/simulador-para-la-adquisicion-de-habilidades-durante-el-parto-sku-parto-full\/#breadcrumb\",\"itemListElement\":[{\"@type\":\"ListItem\",\"position\":1,\"name\":\"Portada\",\"item\":\"https:\/\/capitalcientifica.com.mx\/tienda\/\"},{\"@type\":\"ListItem\",\"position\":2,\"name\":\"Shop\",\"item\":\"https:\/\/capitalcientifica.com.mx\/tienda\/shop\/\"},{\"@type\":\"ListItem\",\"position\":3,\"name\":\"SIMULADOR PARA LA ADQUISICI\u00d3N DE HABILIDADES DURANTE EL PARTO\"}]},{\"@type\":\"WebSite\",\"@id\":\"https:\/\/capitalcientifica.com.mx\/tienda\/#website\",\"url\":\"https:\/\/capitalcientifica.com.mx\/tienda\/\",\"name\":\"Capital Cient&iacute;fica\",\"description\":\"Equipo para laboratorio\",\"potentialAction\":[{\"@type\":\"SearchAction\",\"target\":{\"@type\":\"EntryPoint\",\"urlTemplate\":\"https:\/\/capitalcientifica.com.mx\/tienda\/?s={search_term_string}\"},\"query-input\":{\"@type\":\"PropertyValueSpecification\",\"valueRequired\":true,\"valueName\":\"search_term_string\"}}],\"inLanguage\":\"es\"}]}<\/script>\n<!-- \/ Yoast SEO plugin. -->","yoast_head_json":{"title":"SIMULADOR PARA LA ADQUISICI\u00d3N DE HABILIDADES DURANTE EL PARTO - Capital Cient&iacute;fica","robots":{"index":"index","follow":"follow","max-snippet":"max-snippet:-1","max-image-preview":"max-image-preview:large","max-video-preview":"max-video-preview:-1"},"canonical":"https:\/\/capitalcientifica.com.mx\/tienda\/product\/simulador-para-la-adquisicion-de-habilidades-durante-el-parto-sku-parto-full\/","og_locale":"es_ES","og_type":"article","og_title":"SIMULADOR PARA LA ADQUISICI\u00d3N DE HABILIDADES DURANTE EL PARTO - Capital Cient&iacute;fica","og_description":"SIMULADOR PARA LA ADQUISICI\u00d3N DE HABILIDADES DURANTE EL PARTO Este modelo realista de pelvis femenina es ideal para el entrenamiento de habilidades en el proceso de alumbramiento. Sus marcas anat\u00f3micas son muy realistas y el vientre es de color transparente, lo que facilita la observaci\u00f3n del feto de una manera muy did\u00e1ctica y genuina. Ideal para estudiantes de medicina y del \u00e1rea de obstetricia (adquirir\u00e1n habilidades como un buen proceso de alumbramiento, asistido, protecci\u00f3n del perineo y episiotom\u00eda. consiste en los siguientes elementos: 1. cavidad p\u00e9lvica. feto (con cord\u00f3n umbilical y placenta), modelo de revisi\u00f3n de c\u00e9rvix (los cambios que sufre antes del parto). 2. corte del perineo y entrenamiento en suturas.   SKU:\u00a0PARTO-FULL","og_url":"https:\/\/capitalcientifica.com.mx\/tienda\/product\/simulador-para-la-adquisicion-de-habilidades-durante-el-parto-sku-parto-full\/","og_site_name":"Capital Cient&iacute;fica","article_modified_time":"2023-03-02T22:23:05+00:00","og_image":[{"width":1000,"height":1000,"url":"https:\/\/capitalcientifica.com.mx\/tienda\/wp-content\/uploads\/2022\/03\/0002536_simulador-para-la-adquisicion-de-habilidades-durante-el-parto.jpeg","type":"image\/jpeg"}],"twitter_card":"summary_large_image","twitter_misc":{"Tiempo de lectura":"1 minuto"},"schema":{"@context":"https:\/\/schema.org","@graph":[{"@type":"WebPage","@id":"https:\/\/capitalcientifica.com.mx\/tienda\/product\/simulador-para-la-adquisicion-de-habilidades-durante-el-parto-sku-parto-full\/","url":"https:\/\/capitalcientifica.com.mx\/tienda\/product\/simulador-para-la-adquisicion-de-habilidades-durante-el-parto-sku-parto-full\/","name":"SIMULADOR PARA LA ADQUISICI\u00d3N DE HABILIDADES DURANTE EL PARTO - Capital Cient&iacute;fica","isPartOf":{"@id":"https:\/\/capitalcientifica.com.mx\/tienda\/#website"},"primaryImageOfPage":{"@id":"https:\/\/capitalcientifica.com.mx\/tienda\/product\/simulador-para-la-adquisicion-de-habilidades-durante-el-parto-sku-parto-full\/#primaryimage"},"image":{"@id":"https:\/\/capitalcientifica.com.mx\/tienda\/product\/simulador-para-la-adquisicion-de-habilidades-durante-el-parto-sku-parto-full\/#primaryimage"},"thumbnailUrl":"https:\/\/capitalcientifica.com.mx\/tienda\/wp-content\/uploads\/2022\/03\/0002536_simulador-para-la-adquisicion-de-habilidades-durante-el-parto.jpeg","datePublished":"2022-03-11T22:18:49+00:00","dateModified":"2023-03-02T22:23:05+00:00","breadcrumb":{"@id":"https:\/\/capitalcientifica.com.mx\/tienda\/product\/simulador-para-la-adquisicion-de-habilidades-durante-el-parto-sku-parto-full\/#breadcrumb"},"inLanguage":"es","potentialAction":[{"@type":"ReadAction","target":["https:\/\/capitalcientifica.com.mx\/tienda\/product\/simulador-para-la-adquisicion-de-habilidades-durante-el-parto-sku-parto-full\/"]}]},{"@type":"ImageObject","inLanguage":"es","@id":"https:\/\/capitalcientifica.com.mx\/tienda\/product\/simulador-para-la-adquisicion-de-habilidades-durante-el-parto-sku-parto-full\/#primaryimage","url":"https:\/\/capitalcientifica.com.mx\/tienda\/wp-content\/uploads\/2022\/03\/0002536_simulador-para-la-adquisicion-de-habilidades-durante-el-parto.jpeg","contentUrl":"https:\/\/capitalcientifica.com.mx\/tienda\/wp-content\/uploads\/2022\/03\/0002536_simulador-para-la-adquisicion-de-habilidades-durante-el-parto.jpeg","width":1000,"height":1000},{"@type":"BreadcrumbList","@id":"https:\/\/capitalcientifica.com.mx\/tienda\/product\/simulador-para-la-adquisicion-de-habilidades-durante-el-parto-sku-parto-full\/#breadcrumb","itemListElement":[{"@type":"ListItem","position":1,"name":"Portada","item":"https:\/\/capitalcientifica.com.mx\/tienda\/"},{"@type":"ListItem","position":2,"name":"Shop","item":"https:\/\/capitalcientifica.com.mx\/tienda\/shop\/"},{"@type":"ListItem","position":3,"name":"SIMULADOR PARA LA ADQUISICI\u00d3N DE HABILIDADES DURANTE EL PARTO"}]},{"@type":"WebSite","@id":"https:\/\/capitalcientifica.com.mx\/tienda\/#website","url":"https:\/\/capitalcientifica.com.mx\/tienda\/","name":"Capital Cient&iacute;fica","description":"Equipo para laboratorio","potentialAction":[{"@type":"SearchAction","target":{"@type":"EntryPoint","urlTemplate":"https:\/\/capitalcientifica.com.mx\/tienda\/?s={search_term_string}"},"query-input":{"@type":"PropertyValueSpecification","valueRequired":true,"valueName":"search_term_string"}}],"inLanguage":"es"}]}},"_links":{"self":[{"href":"https:\/\/capitalcientifica.com.mx\/tienda\/wp-json\/wp\/v2\/product\/5597","targetHints":{"allow":["GET"]}}],"collection":[{"href":"https:\/\/capitalcientifica.com.mx\/tienda\/wp-json\/wp\/v2\/product"}],"about":[{"href":"https:\/\/capitalcientifica.com.mx\/tienda\/wp-json\/wp\/v2\/types\/product"}],"replies":[{"embeddable":true,"href":"https:\/\/capitalcientifica.com.mx\/tienda\/wp-json\/wp\/v2\/comments?post=5597"}],"wp:featuredmedia":[{"embeddable":true,"href":"https:\/\/capitalcientifica.com.mx\/tienda\/wp-json\/wp\/v2\/media\/5598"}],"wp:attachment":[{"href":"https:\/\/capitalcientifica.com.mx\/tienda\/wp-json\/wp\/v2\/media?parent=5597"}],"wp:term":[{"taxonomy":"product_cat","embeddable":true,"href":"https:\/\/capitalcientifica.com.mx\/tienda\/wp-json\/wp\/v2\/product_cat?post=5597"},{"taxonomy":"product_tag","embeddable":true,"href":"https:\/\/capitalcientifica.com.mx\/tienda\/wp-json\/wp\/v2\/product_tag?post=5597"}],"curies":[{"name":"wp","href":"https:\/\/api.w.org\/{rel}","templated":true}]}}