{"id":5549,"date":"2022-03-11T21:22:51","date_gmt":"2022-03-11T21:22:51","guid":{"rendered":"https:\/\/www.capitalcientifica.com.mx\/?post_type=product&#038;p=5549"},"modified":"2023-03-02T22:18:04","modified_gmt":"2023-03-02T22:18:04","slug":"simulador-de-trauma-18-modulos-sku-trauma-dlx-43","status":"publish","type":"product","link":"https:\/\/capitalcientifica.com.mx\/tienda\/product\/simulador-de-trauma-18-modulos-sku-trauma-dlx-43\/","title":{"rendered":"SIMULADOR DE TRAUMA 18 M\u00d3DULOS"},"content":{"rendered":"<p>SIMULADOR DE TRAUMA 18 M\u00d3DULOS<\/p>\n<div class=\"short-description\">18 modulos de trauma que est\u00e1n divididos para las diferentes partes del cuerpo, hechos de vinil suave que se sujetan al maniqu\u00ed por medio de tiras de velcro.<\/div>\n<div class=\"availability\">\n<div class=\"additional-details\">\n<div class=\"sku\"><span class=\"label\">SKU:<\/span>\u00a0<span id=\"sku-6841\" class=\"value\">TRAUMA-DLX-43<\/span><\/div>\n<\/div>\n<\/div>\n","protected":false},"excerpt":{"rendered":"<p>SIMULADOR DE TRAUMA 18 M\u00d3DULOS<\/p>\n<div class=\"short-description\">18 modulos de trauma que est\u00e1n divididos para las diferentes partes del cuerpo, hechos de vinil suave que se sujetan al maniqu\u00ed por medio de tiras de velcro.<\/div>\n<div class=\"availability\">\n<div class=\"additional-details\">\n<div class=\"sku\"><span class=\"label\">SKU:<\/span>\u00a0<span id=\"sku-6841\" class=\"value\">TRAUMA-DLX-43<\/span><\/div>\n<\/div>\n<\/div>\n","protected":false},"featured_media":5550,"comment_status":"open","ping_status":"closed","template":"","meta":{"_joinchat":[]},"product_cat":[147,157],"product_tag":[172,173,2474],"class_list":{"0":"post-5549","1":"product","2":"type-product","3":"status-publish","4":"has-post-thumbnail","6":"product_cat-simuladores-medicos-de-importacion","7":"product_cat-trauma","8":"product_tag-equipo-de-laboratorio","9":"product_tag-equipo-para-laboratorio","10":"product_tag-simulador-de-trauma-18-modulos","12":"first","13":"instock","14":"shipping-taxable","15":"product-type-simple","16":"col-xs-6 col-sm-4","17":"col-md-3 col-lg-3","18":"un-4-cols"},"yoast_head":"<!-- This site is optimized with the Yoast SEO plugin v27.2 - https:\/\/yoast.com\/product\/yoast-seo-wordpress\/ -->\n<title>SIMULADOR DE TRAUMA 18 M\u00d3DULOS - Capital Cient&iacute;fica<\/title>\n<meta name=\"robots\" content=\"index, follow, max-snippet:-1, max-image-preview:large, max-video-preview:-1\" \/>\n<link rel=\"canonical\" href=\"https:\/\/capitalcientifica.com.mx\/tienda\/product\/simulador-de-trauma-18-modulos-sku-trauma-dlx-43\/\" \/>\n<meta property=\"og:locale\" content=\"es_ES\" \/>\n<meta property=\"og:type\" content=\"article\" \/>\n<meta property=\"og:title\" content=\"SIMULADOR DE TRAUMA 18 M\u00d3DULOS - Capital Cient&iacute;fica\" \/>\n<meta property=\"og:description\" content=\"SIMULADOR DE TRAUMA 18 M\u00d3DULOS 18 modulos de trauma que est\u00e1n divididos para las diferentes partes del cuerpo, hechos de vinil suave que se sujetan al maniqu\u00ed por medio de tiras de velcro.   SKU:\u00a0TRAUMA-DLX-43\" \/>\n<meta property=\"og:url\" content=\"https:\/\/capitalcientifica.com.mx\/tienda\/product\/simulador-de-trauma-18-modulos-sku-trauma-dlx-43\/\" \/>\n<meta property=\"og:site_name\" content=\"Capital Cient&iacute;fica\" \/>\n<meta property=\"article:modified_time\" content=\"2023-03-02T22:18:04+00:00\" \/>\n<meta property=\"og:image\" content=\"https:\/\/capitalcientifica.com.mx\/tienda\/wp-content\/uploads\/2022\/03\/0001967_simulador-de-trauma-18-modulos-1.jpeg\" \/>\n\t<meta property=\"og:image:width\" content=\"1000\" \/>\n\t<meta property=\"og:image:height\" content=\"1000\" \/>\n\t<meta property=\"og:image:type\" content=\"image\/jpeg\" \/>\n<meta name=\"twitter:card\" content=\"summary_large_image\" \/>\n<script type=\"application\/ld+json\" class=\"yoast-schema-graph\">{\"@context\":\"https:\/\/schema.org\",\"@graph\":[{\"@type\":\"WebPage\",\"@id\":\"https:\/\/capitalcientifica.com.mx\/tienda\/product\/simulador-de-trauma-18-modulos-sku-trauma-dlx-43\/\",\"url\":\"https:\/\/capitalcientifica.com.mx\/tienda\/product\/simulador-de-trauma-18-modulos-sku-trauma-dlx-43\/\",\"name\":\"SIMULADOR DE TRAUMA 18 M\u00d3DULOS - Capital Cient&iacute;fica\",\"isPartOf\":{\"@id\":\"https:\/\/capitalcientifica.com.mx\/tienda\/#website\"},\"primaryImageOfPage\":{\"@id\":\"https:\/\/capitalcientifica.com.mx\/tienda\/product\/simulador-de-trauma-18-modulos-sku-trauma-dlx-43\/#primaryimage\"},\"image\":{\"@id\":\"https:\/\/capitalcientifica.com.mx\/tienda\/product\/simulador-de-trauma-18-modulos-sku-trauma-dlx-43\/#primaryimage\"},\"thumbnailUrl\":\"https:\/\/capitalcientifica.com.mx\/tienda\/wp-content\/uploads\/2022\/03\/0001967_simulador-de-trauma-18-modulos-1.jpeg\",\"datePublished\":\"2022-03-11T21:22:51+00:00\",\"dateModified\":\"2023-03-02T22:18:04+00:00\",\"breadcrumb\":{\"@id\":\"https:\/\/capitalcientifica.com.mx\/tienda\/product\/simulador-de-trauma-18-modulos-sku-trauma-dlx-43\/#breadcrumb\"},\"inLanguage\":\"es\",\"potentialAction\":[{\"@type\":\"ReadAction\",\"target\":[\"https:\/\/capitalcientifica.com.mx\/tienda\/product\/simulador-de-trauma-18-modulos-sku-trauma-dlx-43\/\"]}]},{\"@type\":\"ImageObject\",\"inLanguage\":\"es\",\"@id\":\"https:\/\/capitalcientifica.com.mx\/tienda\/product\/simulador-de-trauma-18-modulos-sku-trauma-dlx-43\/#primaryimage\",\"url\":\"https:\/\/capitalcientifica.com.mx\/tienda\/wp-content\/uploads\/2022\/03\/0001967_simulador-de-trauma-18-modulos-1.jpeg\",\"contentUrl\":\"https:\/\/capitalcientifica.com.mx\/tienda\/wp-content\/uploads\/2022\/03\/0001967_simulador-de-trauma-18-modulos-1.jpeg\",\"width\":1000,\"height\":1000},{\"@type\":\"BreadcrumbList\",\"@id\":\"https:\/\/capitalcientifica.com.mx\/tienda\/product\/simulador-de-trauma-18-modulos-sku-trauma-dlx-43\/#breadcrumb\",\"itemListElement\":[{\"@type\":\"ListItem\",\"position\":1,\"name\":\"Portada\",\"item\":\"https:\/\/capitalcientifica.com.mx\/tienda\/\"},{\"@type\":\"ListItem\",\"position\":2,\"name\":\"Shop\",\"item\":\"https:\/\/capitalcientifica.com.mx\/tienda\/shop\/\"},{\"@type\":\"ListItem\",\"position\":3,\"name\":\"SIMULADOR DE TRAUMA 18 M\u00d3DULOS\"}]},{\"@type\":\"WebSite\",\"@id\":\"https:\/\/capitalcientifica.com.mx\/tienda\/#website\",\"url\":\"https:\/\/capitalcientifica.com.mx\/tienda\/\",\"name\":\"Capital Cient&iacute;fica\",\"description\":\"Equipo para laboratorio\",\"potentialAction\":[{\"@type\":\"SearchAction\",\"target\":{\"@type\":\"EntryPoint\",\"urlTemplate\":\"https:\/\/capitalcientifica.com.mx\/tienda\/?s={search_term_string}\"},\"query-input\":{\"@type\":\"PropertyValueSpecification\",\"valueRequired\":true,\"valueName\":\"search_term_string\"}}],\"inLanguage\":\"es\"}]}<\/script>\n<!-- \/ Yoast SEO plugin. -->","yoast_head_json":{"title":"SIMULADOR DE TRAUMA 18 M\u00d3DULOS - Capital Cient&iacute;fica","robots":{"index":"index","follow":"follow","max-snippet":"max-snippet:-1","max-image-preview":"max-image-preview:large","max-video-preview":"max-video-preview:-1"},"canonical":"https:\/\/capitalcientifica.com.mx\/tienda\/product\/simulador-de-trauma-18-modulos-sku-trauma-dlx-43\/","og_locale":"es_ES","og_type":"article","og_title":"SIMULADOR DE TRAUMA 18 M\u00d3DULOS - Capital Cient&iacute;fica","og_description":"SIMULADOR DE TRAUMA 18 M\u00d3DULOS 18 modulos de trauma que est\u00e1n divididos para las diferentes partes del cuerpo, hechos de vinil suave que se sujetan al maniqu\u00ed por medio de tiras de velcro.   SKU:\u00a0TRAUMA-DLX-43","og_url":"https:\/\/capitalcientifica.com.mx\/tienda\/product\/simulador-de-trauma-18-modulos-sku-trauma-dlx-43\/","og_site_name":"Capital Cient&iacute;fica","article_modified_time":"2023-03-02T22:18:04+00:00","og_image":[{"width":1000,"height":1000,"url":"https:\/\/capitalcientifica.com.mx\/tienda\/wp-content\/uploads\/2022\/03\/0001967_simulador-de-trauma-18-modulos-1.jpeg","type":"image\/jpeg"}],"twitter_card":"summary_large_image","schema":{"@context":"https:\/\/schema.org","@graph":[{"@type":"WebPage","@id":"https:\/\/capitalcientifica.com.mx\/tienda\/product\/simulador-de-trauma-18-modulos-sku-trauma-dlx-43\/","url":"https:\/\/capitalcientifica.com.mx\/tienda\/product\/simulador-de-trauma-18-modulos-sku-trauma-dlx-43\/","name":"SIMULADOR DE TRAUMA 18 M\u00d3DULOS - Capital Cient&iacute;fica","isPartOf":{"@id":"https:\/\/capitalcientifica.com.mx\/tienda\/#website"},"primaryImageOfPage":{"@id":"https:\/\/capitalcientifica.com.mx\/tienda\/product\/simulador-de-trauma-18-modulos-sku-trauma-dlx-43\/#primaryimage"},"image":{"@id":"https:\/\/capitalcientifica.com.mx\/tienda\/product\/simulador-de-trauma-18-modulos-sku-trauma-dlx-43\/#primaryimage"},"thumbnailUrl":"https:\/\/capitalcientifica.com.mx\/tienda\/wp-content\/uploads\/2022\/03\/0001967_simulador-de-trauma-18-modulos-1.jpeg","datePublished":"2022-03-11T21:22:51+00:00","dateModified":"2023-03-02T22:18:04+00:00","breadcrumb":{"@id":"https:\/\/capitalcientifica.com.mx\/tienda\/product\/simulador-de-trauma-18-modulos-sku-trauma-dlx-43\/#breadcrumb"},"inLanguage":"es","potentialAction":[{"@type":"ReadAction","target":["https:\/\/capitalcientifica.com.mx\/tienda\/product\/simulador-de-trauma-18-modulos-sku-trauma-dlx-43\/"]}]},{"@type":"ImageObject","inLanguage":"es","@id":"https:\/\/capitalcientifica.com.mx\/tienda\/product\/simulador-de-trauma-18-modulos-sku-trauma-dlx-43\/#primaryimage","url":"https:\/\/capitalcientifica.com.mx\/tienda\/wp-content\/uploads\/2022\/03\/0001967_simulador-de-trauma-18-modulos-1.jpeg","contentUrl":"https:\/\/capitalcientifica.com.mx\/tienda\/wp-content\/uploads\/2022\/03\/0001967_simulador-de-trauma-18-modulos-1.jpeg","width":1000,"height":1000},{"@type":"BreadcrumbList","@id":"https:\/\/capitalcientifica.com.mx\/tienda\/product\/simulador-de-trauma-18-modulos-sku-trauma-dlx-43\/#breadcrumb","itemListElement":[{"@type":"ListItem","position":1,"name":"Portada","item":"https:\/\/capitalcientifica.com.mx\/tienda\/"},{"@type":"ListItem","position":2,"name":"Shop","item":"https:\/\/capitalcientifica.com.mx\/tienda\/shop\/"},{"@type":"ListItem","position":3,"name":"SIMULADOR DE TRAUMA 18 M\u00d3DULOS"}]},{"@type":"WebSite","@id":"https:\/\/capitalcientifica.com.mx\/tienda\/#website","url":"https:\/\/capitalcientifica.com.mx\/tienda\/","name":"Capital Cient&iacute;fica","description":"Equipo para laboratorio","potentialAction":[{"@type":"SearchAction","target":{"@type":"EntryPoint","urlTemplate":"https:\/\/capitalcientifica.com.mx\/tienda\/?s={search_term_string}"},"query-input":{"@type":"PropertyValueSpecification","valueRequired":true,"valueName":"search_term_string"}}],"inLanguage":"es"}]}},"_links":{"self":[{"href":"https:\/\/capitalcientifica.com.mx\/tienda\/wp-json\/wp\/v2\/product\/5549","targetHints":{"allow":["GET"]}}],"collection":[{"href":"https:\/\/capitalcientifica.com.mx\/tienda\/wp-json\/wp\/v2\/product"}],"about":[{"href":"https:\/\/capitalcientifica.com.mx\/tienda\/wp-json\/wp\/v2\/types\/product"}],"replies":[{"embeddable":true,"href":"https:\/\/capitalcientifica.com.mx\/tienda\/wp-json\/wp\/v2\/comments?post=5549"}],"wp:featuredmedia":[{"embeddable":true,"href":"https:\/\/capitalcientifica.com.mx\/tienda\/wp-json\/wp\/v2\/media\/5550"}],"wp:attachment":[{"href":"https:\/\/capitalcientifica.com.mx\/tienda\/wp-json\/wp\/v2\/media?parent=5549"}],"wp:term":[{"taxonomy":"product_cat","embeddable":true,"href":"https:\/\/capitalcientifica.com.mx\/tienda\/wp-json\/wp\/v2\/product_cat?post=5549"},{"taxonomy":"product_tag","embeddable":true,"href":"https:\/\/capitalcientifica.com.mx\/tienda\/wp-json\/wp\/v2\/product_tag?post=5549"}],"curies":[{"name":"wp","href":"https:\/\/api.w.org\/{rel}","templated":true}]}}