{"id":5529,"date":"2022-03-11T20:56:53","date_gmt":"2022-03-11T20:56:53","guid":{"rendered":"https:\/\/www.capitalcientifica.com.mx\/?post_type=product&#038;p=5529"},"modified":"2023-02-28T19:05:12","modified_gmt":"2023-02-28T19:05:12","slug":"modelo-de-brazo-amputado-con-hemorragia-sku-bra-amp","status":"publish","type":"product","link":"https:\/\/capitalcientifica.com.mx\/tienda\/product\/modelo-de-brazo-amputado-con-hemorragia-sku-bra-amp\/","title":{"rendered":"MODELO DE BRAZO AMPUTADO CON HEMORRAGIA"},"content":{"rendered":"<p>MODELO DE BRAZO AMPUTADO CON HEMORRAGIA<\/p>\n<div class=\"short-description\">Este modelo de brazo amputado con hemorragia permite poner en pr\u00e1ctica una simulaci\u00f3n de emergencias de amputaci\u00f3n para que los estudiantes puedan practicar el tratamiento de este trauma mediante un torniquete (tq). Al aplicar el tq correctamente la hemorragia se detendr\u00e1.<\/p>\n<div class=\"additional-details\">\n<div class=\"sku\"><span class=\"label\">SKU:<\/span>\u00a0<span id=\"sku-6356\" class=\"value\">BRA-AMP<\/span><\/div>\n<\/div>\n<\/div>\n<div class=\"availability\"><\/div>\n","protected":false},"excerpt":{"rendered":"<p>MODELO DE BRAZO AMPUTADO CON HEMORRAGIA<\/p>\n<div class=\"short-description\">Este modelo de brazo amputado con hemorragia permite poner en pr\u00e1ctica una simulaci\u00f3n de emergencias de amputaci\u00f3n para que los estudiantes puedan practicar el tratamiento de este trauma mediante un torniquete (tq). Al aplicar el tq correctamente la hemorragia se detendr\u00e1.<\/div>\n<div class=\"availability\">\n<div class=\"additional-details\">\n<div class=\"sku\"><span class=\"label\">SKU:<\/span>\u00a0<span id=\"sku-6356\" class=\"value\">BRA-AMP<\/span><\/div>\n<\/div>\n<\/div>\n","protected":false},"featured_media":5530,"comment_status":"open","ping_status":"closed","template":"","meta":{"_joinchat":[]},"product_cat":[147,157],"product_tag":[172,173,1854],"class_list":{"0":"post-5529","1":"product","2":"type-product","3":"status-publish","4":"has-post-thumbnail","6":"product_cat-simuladores-medicos-de-importacion","7":"product_cat-trauma","8":"product_tag-equipo-de-laboratorio","9":"product_tag-equipo-para-laboratorio","10":"product_tag-modelo-de-brazo-amputado-con-hemorragia","12":"first","13":"instock","14":"shipping-taxable","15":"product-type-simple","16":"col-xs-6 col-sm-4","17":"col-md-3 col-lg-3","18":"un-4-cols"},"yoast_head":"<!-- This site is optimized with the Yoast SEO plugin v27.2 - https:\/\/yoast.com\/product\/yoast-seo-wordpress\/ -->\n<title>MODELO DE BRAZO AMPUTADO CON HEMORRAGIA - Capital Cient&iacute;fica<\/title>\n<meta name=\"robots\" content=\"index, follow, max-snippet:-1, max-image-preview:large, max-video-preview:-1\" \/>\n<link rel=\"canonical\" href=\"https:\/\/capitalcientifica.com.mx\/tienda\/product\/modelo-de-brazo-amputado-con-hemorragia-sku-bra-amp\/\" \/>\n<meta property=\"og:locale\" content=\"es_ES\" \/>\n<meta property=\"og:type\" content=\"article\" \/>\n<meta property=\"og:title\" content=\"MODELO DE BRAZO AMPUTADO CON HEMORRAGIA - Capital Cient&iacute;fica\" \/>\n<meta property=\"og:description\" content=\"MODELO DE BRAZO AMPUTADO CON HEMORRAGIA Este modelo de brazo amputado con hemorragia permite poner en pr\u00e1ctica una simulaci\u00f3n de emergencias de amputaci\u00f3n para que los estudiantes puedan practicar el tratamiento de este trauma mediante un torniquete (tq). Al aplicar el tq correctamente la hemorragia se detendr\u00e1.   SKU:\u00a0BRA-AMP\" \/>\n<meta property=\"og:url\" content=\"https:\/\/capitalcientifica.com.mx\/tienda\/product\/modelo-de-brazo-amputado-con-hemorragia-sku-bra-amp\/\" \/>\n<meta property=\"og:site_name\" content=\"Capital Cient&iacute;fica\" \/>\n<meta property=\"article:modified_time\" content=\"2023-02-28T19:05:12+00:00\" \/>\n<meta property=\"og:image\" content=\"https:\/\/capitalcientifica.com.mx\/tienda\/wp-content\/uploads\/2022\/03\/0000433_simulador-de-brazo-amputado-con-hemorragia.jpg\" \/>\n\t<meta property=\"og:image:width\" content=\"700\" \/>\n\t<meta property=\"og:image:height\" content=\"700\" \/>\n\t<meta property=\"og:image:type\" content=\"image\/jpeg\" \/>\n<meta name=\"twitter:card\" content=\"summary_large_image\" \/>\n<script type=\"application\/ld+json\" class=\"yoast-schema-graph\">{\"@context\":\"https:\/\/schema.org\",\"@graph\":[{\"@type\":\"WebPage\",\"@id\":\"https:\/\/capitalcientifica.com.mx\/tienda\/product\/modelo-de-brazo-amputado-con-hemorragia-sku-bra-amp\/\",\"url\":\"https:\/\/capitalcientifica.com.mx\/tienda\/product\/modelo-de-brazo-amputado-con-hemorragia-sku-bra-amp\/\",\"name\":\"MODELO DE BRAZO AMPUTADO CON HEMORRAGIA - Capital Cient&iacute;fica\",\"isPartOf\":{\"@id\":\"https:\/\/capitalcientifica.com.mx\/tienda\/#website\"},\"primaryImageOfPage\":{\"@id\":\"https:\/\/capitalcientifica.com.mx\/tienda\/product\/modelo-de-brazo-amputado-con-hemorragia-sku-bra-amp\/#primaryimage\"},\"image\":{\"@id\":\"https:\/\/capitalcientifica.com.mx\/tienda\/product\/modelo-de-brazo-amputado-con-hemorragia-sku-bra-amp\/#primaryimage\"},\"thumbnailUrl\":\"https:\/\/capitalcientifica.com.mx\/tienda\/wp-content\/uploads\/2022\/03\/0000433_simulador-de-brazo-amputado-con-hemorragia.jpg\",\"datePublished\":\"2022-03-11T20:56:53+00:00\",\"dateModified\":\"2023-02-28T19:05:12+00:00\",\"breadcrumb\":{\"@id\":\"https:\/\/capitalcientifica.com.mx\/tienda\/product\/modelo-de-brazo-amputado-con-hemorragia-sku-bra-amp\/#breadcrumb\"},\"inLanguage\":\"es\",\"potentialAction\":[{\"@type\":\"ReadAction\",\"target\":[\"https:\/\/capitalcientifica.com.mx\/tienda\/product\/modelo-de-brazo-amputado-con-hemorragia-sku-bra-amp\/\"]}]},{\"@type\":\"ImageObject\",\"inLanguage\":\"es\",\"@id\":\"https:\/\/capitalcientifica.com.mx\/tienda\/product\/modelo-de-brazo-amputado-con-hemorragia-sku-bra-amp\/#primaryimage\",\"url\":\"https:\/\/capitalcientifica.com.mx\/tienda\/wp-content\/uploads\/2022\/03\/0000433_simulador-de-brazo-amputado-con-hemorragia.jpg\",\"contentUrl\":\"https:\/\/capitalcientifica.com.mx\/tienda\/wp-content\/uploads\/2022\/03\/0000433_simulador-de-brazo-amputado-con-hemorragia.jpg\",\"width\":700,\"height\":700},{\"@type\":\"BreadcrumbList\",\"@id\":\"https:\/\/capitalcientifica.com.mx\/tienda\/product\/modelo-de-brazo-amputado-con-hemorragia-sku-bra-amp\/#breadcrumb\",\"itemListElement\":[{\"@type\":\"ListItem\",\"position\":1,\"name\":\"Portada\",\"item\":\"https:\/\/capitalcientifica.com.mx\/tienda\/\"},{\"@type\":\"ListItem\",\"position\":2,\"name\":\"Shop\",\"item\":\"https:\/\/capitalcientifica.com.mx\/tienda\/shop\/\"},{\"@type\":\"ListItem\",\"position\":3,\"name\":\"MODELO DE BRAZO AMPUTADO CON HEMORRAGIA\"}]},{\"@type\":\"WebSite\",\"@id\":\"https:\/\/capitalcientifica.com.mx\/tienda\/#website\",\"url\":\"https:\/\/capitalcientifica.com.mx\/tienda\/\",\"name\":\"Capital Cient&iacute;fica\",\"description\":\"Equipo para laboratorio\",\"potentialAction\":[{\"@type\":\"SearchAction\",\"target\":{\"@type\":\"EntryPoint\",\"urlTemplate\":\"https:\/\/capitalcientifica.com.mx\/tienda\/?s={search_term_string}\"},\"query-input\":{\"@type\":\"PropertyValueSpecification\",\"valueRequired\":true,\"valueName\":\"search_term_string\"}}],\"inLanguage\":\"es\"}]}<\/script>\n<!-- \/ Yoast SEO plugin. -->","yoast_head_json":{"title":"MODELO DE BRAZO AMPUTADO CON HEMORRAGIA - Capital Cient&iacute;fica","robots":{"index":"index","follow":"follow","max-snippet":"max-snippet:-1","max-image-preview":"max-image-preview:large","max-video-preview":"max-video-preview:-1"},"canonical":"https:\/\/capitalcientifica.com.mx\/tienda\/product\/modelo-de-brazo-amputado-con-hemorragia-sku-bra-amp\/","og_locale":"es_ES","og_type":"article","og_title":"MODELO DE BRAZO AMPUTADO CON HEMORRAGIA - Capital Cient&iacute;fica","og_description":"MODELO DE BRAZO AMPUTADO CON HEMORRAGIA Este modelo de brazo amputado con hemorragia permite poner en pr\u00e1ctica una simulaci\u00f3n de emergencias de amputaci\u00f3n para que los estudiantes puedan practicar el tratamiento de este trauma mediante un torniquete (tq). Al aplicar el tq correctamente la hemorragia se detendr\u00e1.   SKU:\u00a0BRA-AMP","og_url":"https:\/\/capitalcientifica.com.mx\/tienda\/product\/modelo-de-brazo-amputado-con-hemorragia-sku-bra-amp\/","og_site_name":"Capital Cient&iacute;fica","article_modified_time":"2023-02-28T19:05:12+00:00","og_image":[{"width":700,"height":700,"url":"https:\/\/capitalcientifica.com.mx\/tienda\/wp-content\/uploads\/2022\/03\/0000433_simulador-de-brazo-amputado-con-hemorragia.jpg","type":"image\/jpeg"}],"twitter_card":"summary_large_image","schema":{"@context":"https:\/\/schema.org","@graph":[{"@type":"WebPage","@id":"https:\/\/capitalcientifica.com.mx\/tienda\/product\/modelo-de-brazo-amputado-con-hemorragia-sku-bra-amp\/","url":"https:\/\/capitalcientifica.com.mx\/tienda\/product\/modelo-de-brazo-amputado-con-hemorragia-sku-bra-amp\/","name":"MODELO DE BRAZO AMPUTADO CON HEMORRAGIA - Capital Cient&iacute;fica","isPartOf":{"@id":"https:\/\/capitalcientifica.com.mx\/tienda\/#website"},"primaryImageOfPage":{"@id":"https:\/\/capitalcientifica.com.mx\/tienda\/product\/modelo-de-brazo-amputado-con-hemorragia-sku-bra-amp\/#primaryimage"},"image":{"@id":"https:\/\/capitalcientifica.com.mx\/tienda\/product\/modelo-de-brazo-amputado-con-hemorragia-sku-bra-amp\/#primaryimage"},"thumbnailUrl":"https:\/\/capitalcientifica.com.mx\/tienda\/wp-content\/uploads\/2022\/03\/0000433_simulador-de-brazo-amputado-con-hemorragia.jpg","datePublished":"2022-03-11T20:56:53+00:00","dateModified":"2023-02-28T19:05:12+00:00","breadcrumb":{"@id":"https:\/\/capitalcientifica.com.mx\/tienda\/product\/modelo-de-brazo-amputado-con-hemorragia-sku-bra-amp\/#breadcrumb"},"inLanguage":"es","potentialAction":[{"@type":"ReadAction","target":["https:\/\/capitalcientifica.com.mx\/tienda\/product\/modelo-de-brazo-amputado-con-hemorragia-sku-bra-amp\/"]}]},{"@type":"ImageObject","inLanguage":"es","@id":"https:\/\/capitalcientifica.com.mx\/tienda\/product\/modelo-de-brazo-amputado-con-hemorragia-sku-bra-amp\/#primaryimage","url":"https:\/\/capitalcientifica.com.mx\/tienda\/wp-content\/uploads\/2022\/03\/0000433_simulador-de-brazo-amputado-con-hemorragia.jpg","contentUrl":"https:\/\/capitalcientifica.com.mx\/tienda\/wp-content\/uploads\/2022\/03\/0000433_simulador-de-brazo-amputado-con-hemorragia.jpg","width":700,"height":700},{"@type":"BreadcrumbList","@id":"https:\/\/capitalcientifica.com.mx\/tienda\/product\/modelo-de-brazo-amputado-con-hemorragia-sku-bra-amp\/#breadcrumb","itemListElement":[{"@type":"ListItem","position":1,"name":"Portada","item":"https:\/\/capitalcientifica.com.mx\/tienda\/"},{"@type":"ListItem","position":2,"name":"Shop","item":"https:\/\/capitalcientifica.com.mx\/tienda\/shop\/"},{"@type":"ListItem","position":3,"name":"MODELO DE BRAZO AMPUTADO CON HEMORRAGIA"}]},{"@type":"WebSite","@id":"https:\/\/capitalcientifica.com.mx\/tienda\/#website","url":"https:\/\/capitalcientifica.com.mx\/tienda\/","name":"Capital Cient&iacute;fica","description":"Equipo para laboratorio","potentialAction":[{"@type":"SearchAction","target":{"@type":"EntryPoint","urlTemplate":"https:\/\/capitalcientifica.com.mx\/tienda\/?s={search_term_string}"},"query-input":{"@type":"PropertyValueSpecification","valueRequired":true,"valueName":"search_term_string"}}],"inLanguage":"es"}]}},"_links":{"self":[{"href":"https:\/\/capitalcientifica.com.mx\/tienda\/wp-json\/wp\/v2\/product\/5529","targetHints":{"allow":["GET"]}}],"collection":[{"href":"https:\/\/capitalcientifica.com.mx\/tienda\/wp-json\/wp\/v2\/product"}],"about":[{"href":"https:\/\/capitalcientifica.com.mx\/tienda\/wp-json\/wp\/v2\/types\/product"}],"replies":[{"embeddable":true,"href":"https:\/\/capitalcientifica.com.mx\/tienda\/wp-json\/wp\/v2\/comments?post=5529"}],"wp:featuredmedia":[{"embeddable":true,"href":"https:\/\/capitalcientifica.com.mx\/tienda\/wp-json\/wp\/v2\/media\/5530"}],"wp:attachment":[{"href":"https:\/\/capitalcientifica.com.mx\/tienda\/wp-json\/wp\/v2\/media?parent=5529"}],"wp:term":[{"taxonomy":"product_cat","embeddable":true,"href":"https:\/\/capitalcientifica.com.mx\/tienda\/wp-json\/wp\/v2\/product_cat?post=5529"},{"taxonomy":"product_tag","embeddable":true,"href":"https:\/\/capitalcientifica.com.mx\/tienda\/wp-json\/wp\/v2\/product_tag?post=5529"}],"curies":[{"name":"wp","href":"https:\/\/api.w.org\/{rel}","templated":true}]}}