{"id":5484,"date":"2022-03-11T17:58:31","date_gmt":"2022-03-11T17:58:31","guid":{"rendered":"https:\/\/www.capitalcientifica.com.mx\/?post_type=product&#038;p=5484"},"modified":"2023-02-14T20:25:48","modified_gmt":"2023-02-14T20:25:48","slug":"caterizacion-y-puncion-abdominal-sku-cat-ab","status":"publish","type":"product","link":"https:\/\/capitalcientifica.com.mx\/tienda\/product\/caterizacion-y-puncion-abdominal-sku-cat-ab\/","title":{"rendered":"CATERIZACI\u00d3N Y PUNCI\u00d3N ABDOMINAL"},"content":{"rendered":"<p>CATERIZACI\u00d3N Y PUNCI\u00d3N ABDOMINAL<\/p>\n<div class=\"short-description\">Este simulador permite demostrar y practicar la cateterizaci\u00f3n y punci\u00f3n abdominal. La sensaci\u00f3n normal de resistencia y presi\u00f3n se hace patente al insertar el cat\u00e9ter.<\/div>\n<div class=\"availability\">\n<div class=\"additional-details\">\n<div class=\"sku\"><span class=\"label\">SKU:<\/span>\u00a0<span id=\"sku-6861\" class=\"value\">CAT-AB<\/span><\/div>\n<\/div>\n<\/div>\n","protected":false},"excerpt":{"rendered":"<p>CATERIZACI\u00d3N Y PUNCI\u00d3N ABDOMINAL<\/p>\n<div class=\"short-description\">Este simulador permite demostrar y practicar la cateterizaci\u00f3n y punci\u00f3n abdominal. La sensaci\u00f3n normal de resistencia y presi\u00f3n se hace patente al insertar el cat\u00e9ter.<\/div>\n<div class=\"availability\">\n<div class=\"additional-details\">\n<div class=\"sku\"><span class=\"label\">SKU:<\/span>\u00a0<span id=\"sku-6861\" class=\"value\">CAT-AB<\/span><\/div>\n<\/div>\n<\/div>\n","protected":false},"featured_media":5485,"comment_status":"open","ping_status":"closed","template":"","meta":{"_joinchat":[]},"product_cat":[156,147],"product_tag":[715,172,173],"class_list":{"0":"post-5484","1":"product","2":"type-product","3":"status-publish","4":"has-post-thumbnail","6":"product_cat-practicas-clinicas","7":"product_cat-simuladores-medicos-de-importacion","8":"product_tag-caterizacion-y-puncion-abdominal","9":"product_tag-equipo-de-laboratorio","10":"product_tag-equipo-para-laboratorio","12":"first","13":"instock","14":"shipping-taxable","15":"product-type-simple","16":"col-xs-6 col-sm-4","17":"col-md-3 col-lg-3","18":"un-4-cols"},"yoast_head":"<!-- This site is optimized with the Yoast SEO plugin v27.2 - https:\/\/yoast.com\/product\/yoast-seo-wordpress\/ -->\n<title>CATERIZACI\u00d3N Y PUNCI\u00d3N ABDOMINAL - Capital Cient&iacute;fica<\/title>\n<meta name=\"robots\" content=\"index, follow, max-snippet:-1, max-image-preview:large, max-video-preview:-1\" \/>\n<link rel=\"canonical\" href=\"https:\/\/capitalcientifica.com.mx\/tienda\/product\/caterizacion-y-puncion-abdominal-sku-cat-ab\/\" \/>\n<meta property=\"og:locale\" content=\"es_ES\" \/>\n<meta property=\"og:type\" content=\"article\" \/>\n<meta property=\"og:title\" content=\"CATERIZACI\u00d3N Y PUNCI\u00d3N ABDOMINAL - Capital Cient&iacute;fica\" \/>\n<meta property=\"og:description\" content=\"CATERIZACI\u00d3N Y PUNCI\u00d3N ABDOMINAL Este simulador permite demostrar y practicar la cateterizaci\u00f3n y punci\u00f3n abdominal. La sensaci\u00f3n normal de resistencia y presi\u00f3n se hace patente al insertar el cat\u00e9ter.   SKU:\u00a0CAT-AB\" \/>\n<meta property=\"og:url\" content=\"https:\/\/capitalcientifica.com.mx\/tienda\/product\/caterizacion-y-puncion-abdominal-sku-cat-ab\/\" \/>\n<meta property=\"og:site_name\" content=\"Capital Cient&iacute;fica\" \/>\n<meta property=\"article:modified_time\" content=\"2023-02-14T20:25:48+00:00\" \/>\n<meta property=\"og:image\" content=\"https:\/\/capitalcientifica.com.mx\/tienda\/wp-content\/uploads\/2022\/03\/0002209_caterizacion-y-puncion-abdominal.jpeg\" \/>\n\t<meta property=\"og:image:width\" content=\"1000\" \/>\n\t<meta property=\"og:image:height\" content=\"1000\" \/>\n\t<meta property=\"og:image:type\" content=\"image\/jpeg\" \/>\n<meta name=\"twitter:card\" content=\"summary_large_image\" \/>\n<script type=\"application\/ld+json\" class=\"yoast-schema-graph\">{\"@context\":\"https:\/\/schema.org\",\"@graph\":[{\"@type\":\"WebPage\",\"@id\":\"https:\/\/capitalcientifica.com.mx\/tienda\/product\/caterizacion-y-puncion-abdominal-sku-cat-ab\/\",\"url\":\"https:\/\/capitalcientifica.com.mx\/tienda\/product\/caterizacion-y-puncion-abdominal-sku-cat-ab\/\",\"name\":\"CATERIZACI\u00d3N Y PUNCI\u00d3N ABDOMINAL - Capital Cient&iacute;fica\",\"isPartOf\":{\"@id\":\"https:\/\/capitalcientifica.com.mx\/tienda\/#website\"},\"primaryImageOfPage\":{\"@id\":\"https:\/\/capitalcientifica.com.mx\/tienda\/product\/caterizacion-y-puncion-abdominal-sku-cat-ab\/#primaryimage\"},\"image\":{\"@id\":\"https:\/\/capitalcientifica.com.mx\/tienda\/product\/caterizacion-y-puncion-abdominal-sku-cat-ab\/#primaryimage\"},\"thumbnailUrl\":\"https:\/\/capitalcientifica.com.mx\/tienda\/wp-content\/uploads\/2022\/03\/0002209_caterizacion-y-puncion-abdominal.jpeg\",\"datePublished\":\"2022-03-11T17:58:31+00:00\",\"dateModified\":\"2023-02-14T20:25:48+00:00\",\"breadcrumb\":{\"@id\":\"https:\/\/capitalcientifica.com.mx\/tienda\/product\/caterizacion-y-puncion-abdominal-sku-cat-ab\/#breadcrumb\"},\"inLanguage\":\"es\",\"potentialAction\":[{\"@type\":\"ReadAction\",\"target\":[\"https:\/\/capitalcientifica.com.mx\/tienda\/product\/caterizacion-y-puncion-abdominal-sku-cat-ab\/\"]}]},{\"@type\":\"ImageObject\",\"inLanguage\":\"es\",\"@id\":\"https:\/\/capitalcientifica.com.mx\/tienda\/product\/caterizacion-y-puncion-abdominal-sku-cat-ab\/#primaryimage\",\"url\":\"https:\/\/capitalcientifica.com.mx\/tienda\/wp-content\/uploads\/2022\/03\/0002209_caterizacion-y-puncion-abdominal.jpeg\",\"contentUrl\":\"https:\/\/capitalcientifica.com.mx\/tienda\/wp-content\/uploads\/2022\/03\/0002209_caterizacion-y-puncion-abdominal.jpeg\",\"width\":1000,\"height\":1000},{\"@type\":\"BreadcrumbList\",\"@id\":\"https:\/\/capitalcientifica.com.mx\/tienda\/product\/caterizacion-y-puncion-abdominal-sku-cat-ab\/#breadcrumb\",\"itemListElement\":[{\"@type\":\"ListItem\",\"position\":1,\"name\":\"Portada\",\"item\":\"https:\/\/capitalcientifica.com.mx\/tienda\/\"},{\"@type\":\"ListItem\",\"position\":2,\"name\":\"Shop\",\"item\":\"https:\/\/capitalcientifica.com.mx\/tienda\/shop\/\"},{\"@type\":\"ListItem\",\"position\":3,\"name\":\"CATERIZACI\u00d3N Y PUNCI\u00d3N ABDOMINAL\"}]},{\"@type\":\"WebSite\",\"@id\":\"https:\/\/capitalcientifica.com.mx\/tienda\/#website\",\"url\":\"https:\/\/capitalcientifica.com.mx\/tienda\/\",\"name\":\"Capital Cient&iacute;fica\",\"description\":\"Equipo para laboratorio\",\"potentialAction\":[{\"@type\":\"SearchAction\",\"target\":{\"@type\":\"EntryPoint\",\"urlTemplate\":\"https:\/\/capitalcientifica.com.mx\/tienda\/?s={search_term_string}\"},\"query-input\":{\"@type\":\"PropertyValueSpecification\",\"valueRequired\":true,\"valueName\":\"search_term_string\"}}],\"inLanguage\":\"es\"}]}<\/script>\n<!-- \/ Yoast SEO plugin. -->","yoast_head_json":{"title":"CATERIZACI\u00d3N Y PUNCI\u00d3N ABDOMINAL - Capital Cient&iacute;fica","robots":{"index":"index","follow":"follow","max-snippet":"max-snippet:-1","max-image-preview":"max-image-preview:large","max-video-preview":"max-video-preview:-1"},"canonical":"https:\/\/capitalcientifica.com.mx\/tienda\/product\/caterizacion-y-puncion-abdominal-sku-cat-ab\/","og_locale":"es_ES","og_type":"article","og_title":"CATERIZACI\u00d3N Y PUNCI\u00d3N ABDOMINAL - Capital Cient&iacute;fica","og_description":"CATERIZACI\u00d3N Y PUNCI\u00d3N ABDOMINAL Este simulador permite demostrar y practicar la cateterizaci\u00f3n y punci\u00f3n abdominal. La sensaci\u00f3n normal de resistencia y presi\u00f3n se hace patente al insertar el cat\u00e9ter.   SKU:\u00a0CAT-AB","og_url":"https:\/\/capitalcientifica.com.mx\/tienda\/product\/caterizacion-y-puncion-abdominal-sku-cat-ab\/","og_site_name":"Capital Cient&iacute;fica","article_modified_time":"2023-02-14T20:25:48+00:00","og_image":[{"width":1000,"height":1000,"url":"https:\/\/capitalcientifica.com.mx\/tienda\/wp-content\/uploads\/2022\/03\/0002209_caterizacion-y-puncion-abdominal.jpeg","type":"image\/jpeg"}],"twitter_card":"summary_large_image","schema":{"@context":"https:\/\/schema.org","@graph":[{"@type":"WebPage","@id":"https:\/\/capitalcientifica.com.mx\/tienda\/product\/caterizacion-y-puncion-abdominal-sku-cat-ab\/","url":"https:\/\/capitalcientifica.com.mx\/tienda\/product\/caterizacion-y-puncion-abdominal-sku-cat-ab\/","name":"CATERIZACI\u00d3N Y PUNCI\u00d3N ABDOMINAL - Capital Cient&iacute;fica","isPartOf":{"@id":"https:\/\/capitalcientifica.com.mx\/tienda\/#website"},"primaryImageOfPage":{"@id":"https:\/\/capitalcientifica.com.mx\/tienda\/product\/caterizacion-y-puncion-abdominal-sku-cat-ab\/#primaryimage"},"image":{"@id":"https:\/\/capitalcientifica.com.mx\/tienda\/product\/caterizacion-y-puncion-abdominal-sku-cat-ab\/#primaryimage"},"thumbnailUrl":"https:\/\/capitalcientifica.com.mx\/tienda\/wp-content\/uploads\/2022\/03\/0002209_caterizacion-y-puncion-abdominal.jpeg","datePublished":"2022-03-11T17:58:31+00:00","dateModified":"2023-02-14T20:25:48+00:00","breadcrumb":{"@id":"https:\/\/capitalcientifica.com.mx\/tienda\/product\/caterizacion-y-puncion-abdominal-sku-cat-ab\/#breadcrumb"},"inLanguage":"es","potentialAction":[{"@type":"ReadAction","target":["https:\/\/capitalcientifica.com.mx\/tienda\/product\/caterizacion-y-puncion-abdominal-sku-cat-ab\/"]}]},{"@type":"ImageObject","inLanguage":"es","@id":"https:\/\/capitalcientifica.com.mx\/tienda\/product\/caterizacion-y-puncion-abdominal-sku-cat-ab\/#primaryimage","url":"https:\/\/capitalcientifica.com.mx\/tienda\/wp-content\/uploads\/2022\/03\/0002209_caterizacion-y-puncion-abdominal.jpeg","contentUrl":"https:\/\/capitalcientifica.com.mx\/tienda\/wp-content\/uploads\/2022\/03\/0002209_caterizacion-y-puncion-abdominal.jpeg","width":1000,"height":1000},{"@type":"BreadcrumbList","@id":"https:\/\/capitalcientifica.com.mx\/tienda\/product\/caterizacion-y-puncion-abdominal-sku-cat-ab\/#breadcrumb","itemListElement":[{"@type":"ListItem","position":1,"name":"Portada","item":"https:\/\/capitalcientifica.com.mx\/tienda\/"},{"@type":"ListItem","position":2,"name":"Shop","item":"https:\/\/capitalcientifica.com.mx\/tienda\/shop\/"},{"@type":"ListItem","position":3,"name":"CATERIZACI\u00d3N Y PUNCI\u00d3N ABDOMINAL"}]},{"@type":"WebSite","@id":"https:\/\/capitalcientifica.com.mx\/tienda\/#website","url":"https:\/\/capitalcientifica.com.mx\/tienda\/","name":"Capital Cient&iacute;fica","description":"Equipo para laboratorio","potentialAction":[{"@type":"SearchAction","target":{"@type":"EntryPoint","urlTemplate":"https:\/\/capitalcientifica.com.mx\/tienda\/?s={search_term_string}"},"query-input":{"@type":"PropertyValueSpecification","valueRequired":true,"valueName":"search_term_string"}}],"inLanguage":"es"}]}},"_links":{"self":[{"href":"https:\/\/capitalcientifica.com.mx\/tienda\/wp-json\/wp\/v2\/product\/5484","targetHints":{"allow":["GET"]}}],"collection":[{"href":"https:\/\/capitalcientifica.com.mx\/tienda\/wp-json\/wp\/v2\/product"}],"about":[{"href":"https:\/\/capitalcientifica.com.mx\/tienda\/wp-json\/wp\/v2\/types\/product"}],"replies":[{"embeddable":true,"href":"https:\/\/capitalcientifica.com.mx\/tienda\/wp-json\/wp\/v2\/comments?post=5484"}],"wp:featuredmedia":[{"embeddable":true,"href":"https:\/\/capitalcientifica.com.mx\/tienda\/wp-json\/wp\/v2\/media\/5485"}],"wp:attachment":[{"href":"https:\/\/capitalcientifica.com.mx\/tienda\/wp-json\/wp\/v2\/media?parent=5484"}],"wp:term":[{"taxonomy":"product_cat","embeddable":true,"href":"https:\/\/capitalcientifica.com.mx\/tienda\/wp-json\/wp\/v2\/product_cat?post=5484"},{"taxonomy":"product_tag","embeddable":true,"href":"https:\/\/capitalcientifica.com.mx\/tienda\/wp-json\/wp\/v2\/product_tag?post=5484"}],"curies":[{"name":"wp","href":"https:\/\/api.w.org\/{rel}","templated":true}]}}