{"id":5445,"date":"2022-03-10T23:04:04","date_gmt":"2022-03-10T23:04:04","guid":{"rendered":"https:\/\/www.capitalcientifica.com.mx\/?post_type=product&#038;p=5445"},"modified":"2023-02-28T19:07:16","modified_gmt":"2023-02-28T19:07:16","slug":"modelo-de-entrenamiento-de-nudos-quirurgicos-electronico-sku-knot-ele","status":"publish","type":"product","link":"https:\/\/capitalcientifica.com.mx\/tienda\/product\/modelo-de-entrenamiento-de-nudos-quirurgicos-electronico-sku-knot-ele\/","title":{"rendered":"MODELO DE ENTRENAMIENTO DE NUDOS QUIR\u00daRGICOS ELECTR\u00d3NICO"},"content":{"rendered":"<p>MODELO DE ENTRENAMIENTO DE NUDOS QUIR\u00daRGICOS ELECTR\u00d3NICO<\/p>\n<div class=\"short-description\">El modelo est\u00e1 hecho de material transparente, utilizado para ense\u00f1anza, la observaci\u00f3n y evaluaci\u00f3n de las capacidades de nudos. Dise\u00f1o compacto que simula la tensi\u00f3n del tejido, las tiras el\u00e1sticas paralelas simulan los vasos sangu\u00edneos, tres tipos de cilindros forman una variedad de espacios de anudado, simulan una variedad de estructuras profundas para varios entrenamientos de anudamiento de estructura profundas, uso flexible, f\u00e1cil de desmontar.<\/div>\n<div>\n<div class=\"additional-details\">\n<div class=\"sku\"><span class=\"label\">SKU:<\/span>\u00a0<span id=\"sku-6874\" class=\"value\">KNOT-ELE<\/span><\/div>\n<div><\/div>\n<\/div>\n<\/div>\n<div class=\"availability\"><\/div>\n","protected":false},"excerpt":{"rendered":"<p>MODELO DE ENTRENAMIENTO DE NUDOS QUIR\u00daRGICOS ELECTR\u00d3NICO<\/p>\n<div class=\"short-description\">El modelo est\u00e1 hecho de material transparente, utilizado para ense\u00f1anza, la observaci\u00f3n y evaluaci\u00f3n de las capacidades de nudos. Dise\u00f1o compacto que simula la tensi\u00f3n del tejido, las tiras el\u00e1sticas paralelas simulan los vasos sangu\u00edneos, tres tipos de cilindros forman una variedad de espacios de anudado, simulan una variedad de estructuras profundas para varios entrenamientos de anudamiento de estructura profundas, uso flexible, f\u00e1cil de desmontar.<\/div>\n<div class=\"availability\">\n<div class=\"additional-details\">\n<div class=\"sku\"><span class=\"label\">SKU:<\/span>\u00a0<span id=\"sku-6874\" class=\"value\">KNOT-ELE<\/span><\/div>\n<\/div>\n<\/div>\n","protected":false},"featured_media":5446,"comment_status":"open","ping_status":"closed","template":"","meta":{"_joinchat":[]},"product_cat":[156,147],"product_tag":[172,173,1856],"class_list":{"0":"post-5445","1":"product","2":"type-product","3":"status-publish","4":"has-post-thumbnail","6":"product_cat-practicas-clinicas","7":"product_cat-simuladores-medicos-de-importacion","8":"product_tag-equipo-de-laboratorio","9":"product_tag-equipo-para-laboratorio","10":"product_tag-modelo-de-entrenamiento-de-nudos-quirurgicos-electronico","12":"first","13":"instock","14":"shipping-taxable","15":"product-type-simple","16":"col-xs-6 col-sm-4","17":"col-md-3 col-lg-3","18":"un-4-cols"},"yoast_head":"<!-- This site is optimized with the Yoast SEO plugin v27.2 - https:\/\/yoast.com\/product\/yoast-seo-wordpress\/ -->\n<title>MODELO DE ENTRENAMIENTO DE NUDOS QUIR\u00daRGICOS ELECTR\u00d3NICO - Capital Cient&iacute;fica<\/title>\n<meta name=\"robots\" content=\"index, follow, max-snippet:-1, max-image-preview:large, max-video-preview:-1\" \/>\n<link rel=\"canonical\" href=\"https:\/\/capitalcientifica.com.mx\/tienda\/product\/modelo-de-entrenamiento-de-nudos-quirurgicos-electronico-sku-knot-ele\/\" \/>\n<meta property=\"og:locale\" content=\"es_ES\" \/>\n<meta property=\"og:type\" content=\"article\" \/>\n<meta property=\"og:title\" content=\"MODELO DE ENTRENAMIENTO DE NUDOS QUIR\u00daRGICOS ELECTR\u00d3NICO - Capital Cient&iacute;fica\" \/>\n<meta property=\"og:description\" content=\"MODELO DE ENTRENAMIENTO DE NUDOS QUIR\u00daRGICOS ELECTR\u00d3NICO El modelo est\u00e1 hecho de material transparente, utilizado para ense\u00f1anza, la observaci\u00f3n y evaluaci\u00f3n de las capacidades de nudos. Dise\u00f1o compacto que simula la tensi\u00f3n del tejido, las tiras el\u00e1sticas paralelas simulan los vasos sangu\u00edneos, tres tipos de cilindros forman una variedad de espacios de anudado, simulan una variedad de estructuras profundas para varios entrenamientos de anudamiento de estructura profundas, uso flexible, f\u00e1cil de desmontar.   SKU:\u00a0KNOT-ELE\" \/>\n<meta property=\"og:url\" content=\"https:\/\/capitalcientifica.com.mx\/tienda\/product\/modelo-de-entrenamiento-de-nudos-quirurgicos-electronico-sku-knot-ele\/\" \/>\n<meta property=\"og:site_name\" content=\"Capital Cient&iacute;fica\" \/>\n<meta property=\"article:modified_time\" content=\"2023-02-28T19:07:16+00:00\" \/>\n<meta property=\"og:image\" content=\"https:\/\/capitalcientifica.com.mx\/tienda\/wp-content\/uploads\/2022\/03\/0002218_modelo-de-entrenamiento-de-nudos-quirurgicos-electronico.jpeg\" \/>\n\t<meta property=\"og:image:width\" content=\"1000\" \/>\n\t<meta property=\"og:image:height\" content=\"1000\" \/>\n\t<meta property=\"og:image:type\" content=\"image\/jpeg\" \/>\n<meta name=\"twitter:card\" content=\"summary_large_image\" \/>\n<script type=\"application\/ld+json\" class=\"yoast-schema-graph\">{\"@context\":\"https:\/\/schema.org\",\"@graph\":[{\"@type\":\"WebPage\",\"@id\":\"https:\/\/capitalcientifica.com.mx\/tienda\/product\/modelo-de-entrenamiento-de-nudos-quirurgicos-electronico-sku-knot-ele\/\",\"url\":\"https:\/\/capitalcientifica.com.mx\/tienda\/product\/modelo-de-entrenamiento-de-nudos-quirurgicos-electronico-sku-knot-ele\/\",\"name\":\"MODELO DE ENTRENAMIENTO DE NUDOS QUIR\u00daRGICOS ELECTR\u00d3NICO - Capital Cient&iacute;fica\",\"isPartOf\":{\"@id\":\"https:\/\/capitalcientifica.com.mx\/tienda\/#website\"},\"primaryImageOfPage\":{\"@id\":\"https:\/\/capitalcientifica.com.mx\/tienda\/product\/modelo-de-entrenamiento-de-nudos-quirurgicos-electronico-sku-knot-ele\/#primaryimage\"},\"image\":{\"@id\":\"https:\/\/capitalcientifica.com.mx\/tienda\/product\/modelo-de-entrenamiento-de-nudos-quirurgicos-electronico-sku-knot-ele\/#primaryimage\"},\"thumbnailUrl\":\"https:\/\/capitalcientifica.com.mx\/tienda\/wp-content\/uploads\/2022\/03\/0002218_modelo-de-entrenamiento-de-nudos-quirurgicos-electronico.jpeg\",\"datePublished\":\"2022-03-10T23:04:04+00:00\",\"dateModified\":\"2023-02-28T19:07:16+00:00\",\"breadcrumb\":{\"@id\":\"https:\/\/capitalcientifica.com.mx\/tienda\/product\/modelo-de-entrenamiento-de-nudos-quirurgicos-electronico-sku-knot-ele\/#breadcrumb\"},\"inLanguage\":\"es\",\"potentialAction\":[{\"@type\":\"ReadAction\",\"target\":[\"https:\/\/capitalcientifica.com.mx\/tienda\/product\/modelo-de-entrenamiento-de-nudos-quirurgicos-electronico-sku-knot-ele\/\"]}]},{\"@type\":\"ImageObject\",\"inLanguage\":\"es\",\"@id\":\"https:\/\/capitalcientifica.com.mx\/tienda\/product\/modelo-de-entrenamiento-de-nudos-quirurgicos-electronico-sku-knot-ele\/#primaryimage\",\"url\":\"https:\/\/capitalcientifica.com.mx\/tienda\/wp-content\/uploads\/2022\/03\/0002218_modelo-de-entrenamiento-de-nudos-quirurgicos-electronico.jpeg\",\"contentUrl\":\"https:\/\/capitalcientifica.com.mx\/tienda\/wp-content\/uploads\/2022\/03\/0002218_modelo-de-entrenamiento-de-nudos-quirurgicos-electronico.jpeg\",\"width\":1000,\"height\":1000},{\"@type\":\"BreadcrumbList\",\"@id\":\"https:\/\/capitalcientifica.com.mx\/tienda\/product\/modelo-de-entrenamiento-de-nudos-quirurgicos-electronico-sku-knot-ele\/#breadcrumb\",\"itemListElement\":[{\"@type\":\"ListItem\",\"position\":1,\"name\":\"Portada\",\"item\":\"https:\/\/capitalcientifica.com.mx\/tienda\/\"},{\"@type\":\"ListItem\",\"position\":2,\"name\":\"Shop\",\"item\":\"https:\/\/capitalcientifica.com.mx\/tienda\/shop\/\"},{\"@type\":\"ListItem\",\"position\":3,\"name\":\"MODELO DE ENTRENAMIENTO DE NUDOS QUIR\u00daRGICOS ELECTR\u00d3NICO\"}]},{\"@type\":\"WebSite\",\"@id\":\"https:\/\/capitalcientifica.com.mx\/tienda\/#website\",\"url\":\"https:\/\/capitalcientifica.com.mx\/tienda\/\",\"name\":\"Capital Cient&iacute;fica\",\"description\":\"Equipo para laboratorio\",\"potentialAction\":[{\"@type\":\"SearchAction\",\"target\":{\"@type\":\"EntryPoint\",\"urlTemplate\":\"https:\/\/capitalcientifica.com.mx\/tienda\/?s={search_term_string}\"},\"query-input\":{\"@type\":\"PropertyValueSpecification\",\"valueRequired\":true,\"valueName\":\"search_term_string\"}}],\"inLanguage\":\"es\"}]}<\/script>\n<!-- \/ Yoast SEO plugin. -->","yoast_head_json":{"title":"MODELO DE ENTRENAMIENTO DE NUDOS QUIR\u00daRGICOS ELECTR\u00d3NICO - Capital Cient&iacute;fica","robots":{"index":"index","follow":"follow","max-snippet":"max-snippet:-1","max-image-preview":"max-image-preview:large","max-video-preview":"max-video-preview:-1"},"canonical":"https:\/\/capitalcientifica.com.mx\/tienda\/product\/modelo-de-entrenamiento-de-nudos-quirurgicos-electronico-sku-knot-ele\/","og_locale":"es_ES","og_type":"article","og_title":"MODELO DE ENTRENAMIENTO DE NUDOS QUIR\u00daRGICOS ELECTR\u00d3NICO - Capital Cient&iacute;fica","og_description":"MODELO DE ENTRENAMIENTO DE NUDOS QUIR\u00daRGICOS ELECTR\u00d3NICO El modelo est\u00e1 hecho de material transparente, utilizado para ense\u00f1anza, la observaci\u00f3n y evaluaci\u00f3n de las capacidades de nudos. Dise\u00f1o compacto que simula la tensi\u00f3n del tejido, las tiras el\u00e1sticas paralelas simulan los vasos sangu\u00edneos, tres tipos de cilindros forman una variedad de espacios de anudado, simulan una variedad de estructuras profundas para varios entrenamientos de anudamiento de estructura profundas, uso flexible, f\u00e1cil de desmontar.   SKU:\u00a0KNOT-ELE","og_url":"https:\/\/capitalcientifica.com.mx\/tienda\/product\/modelo-de-entrenamiento-de-nudos-quirurgicos-electronico-sku-knot-ele\/","og_site_name":"Capital Cient&iacute;fica","article_modified_time":"2023-02-28T19:07:16+00:00","og_image":[{"width":1000,"height":1000,"url":"https:\/\/capitalcientifica.com.mx\/tienda\/wp-content\/uploads\/2022\/03\/0002218_modelo-de-entrenamiento-de-nudos-quirurgicos-electronico.jpeg","type":"image\/jpeg"}],"twitter_card":"summary_large_image","schema":{"@context":"https:\/\/schema.org","@graph":[{"@type":"WebPage","@id":"https:\/\/capitalcientifica.com.mx\/tienda\/product\/modelo-de-entrenamiento-de-nudos-quirurgicos-electronico-sku-knot-ele\/","url":"https:\/\/capitalcientifica.com.mx\/tienda\/product\/modelo-de-entrenamiento-de-nudos-quirurgicos-electronico-sku-knot-ele\/","name":"MODELO DE ENTRENAMIENTO DE NUDOS QUIR\u00daRGICOS ELECTR\u00d3NICO - Capital Cient&iacute;fica","isPartOf":{"@id":"https:\/\/capitalcientifica.com.mx\/tienda\/#website"},"primaryImageOfPage":{"@id":"https:\/\/capitalcientifica.com.mx\/tienda\/product\/modelo-de-entrenamiento-de-nudos-quirurgicos-electronico-sku-knot-ele\/#primaryimage"},"image":{"@id":"https:\/\/capitalcientifica.com.mx\/tienda\/product\/modelo-de-entrenamiento-de-nudos-quirurgicos-electronico-sku-knot-ele\/#primaryimage"},"thumbnailUrl":"https:\/\/capitalcientifica.com.mx\/tienda\/wp-content\/uploads\/2022\/03\/0002218_modelo-de-entrenamiento-de-nudos-quirurgicos-electronico.jpeg","datePublished":"2022-03-10T23:04:04+00:00","dateModified":"2023-02-28T19:07:16+00:00","breadcrumb":{"@id":"https:\/\/capitalcientifica.com.mx\/tienda\/product\/modelo-de-entrenamiento-de-nudos-quirurgicos-electronico-sku-knot-ele\/#breadcrumb"},"inLanguage":"es","potentialAction":[{"@type":"ReadAction","target":["https:\/\/capitalcientifica.com.mx\/tienda\/product\/modelo-de-entrenamiento-de-nudos-quirurgicos-electronico-sku-knot-ele\/"]}]},{"@type":"ImageObject","inLanguage":"es","@id":"https:\/\/capitalcientifica.com.mx\/tienda\/product\/modelo-de-entrenamiento-de-nudos-quirurgicos-electronico-sku-knot-ele\/#primaryimage","url":"https:\/\/capitalcientifica.com.mx\/tienda\/wp-content\/uploads\/2022\/03\/0002218_modelo-de-entrenamiento-de-nudos-quirurgicos-electronico.jpeg","contentUrl":"https:\/\/capitalcientifica.com.mx\/tienda\/wp-content\/uploads\/2022\/03\/0002218_modelo-de-entrenamiento-de-nudos-quirurgicos-electronico.jpeg","width":1000,"height":1000},{"@type":"BreadcrumbList","@id":"https:\/\/capitalcientifica.com.mx\/tienda\/product\/modelo-de-entrenamiento-de-nudos-quirurgicos-electronico-sku-knot-ele\/#breadcrumb","itemListElement":[{"@type":"ListItem","position":1,"name":"Portada","item":"https:\/\/capitalcientifica.com.mx\/tienda\/"},{"@type":"ListItem","position":2,"name":"Shop","item":"https:\/\/capitalcientifica.com.mx\/tienda\/shop\/"},{"@type":"ListItem","position":3,"name":"MODELO DE ENTRENAMIENTO DE NUDOS QUIR\u00daRGICOS ELECTR\u00d3NICO"}]},{"@type":"WebSite","@id":"https:\/\/capitalcientifica.com.mx\/tienda\/#website","url":"https:\/\/capitalcientifica.com.mx\/tienda\/","name":"Capital Cient&iacute;fica","description":"Equipo para laboratorio","potentialAction":[{"@type":"SearchAction","target":{"@type":"EntryPoint","urlTemplate":"https:\/\/capitalcientifica.com.mx\/tienda\/?s={search_term_string}"},"query-input":{"@type":"PropertyValueSpecification","valueRequired":true,"valueName":"search_term_string"}}],"inLanguage":"es"}]}},"_links":{"self":[{"href":"https:\/\/capitalcientifica.com.mx\/tienda\/wp-json\/wp\/v2\/product\/5445","targetHints":{"allow":["GET"]}}],"collection":[{"href":"https:\/\/capitalcientifica.com.mx\/tienda\/wp-json\/wp\/v2\/product"}],"about":[{"href":"https:\/\/capitalcientifica.com.mx\/tienda\/wp-json\/wp\/v2\/types\/product"}],"replies":[{"embeddable":true,"href":"https:\/\/capitalcientifica.com.mx\/tienda\/wp-json\/wp\/v2\/comments?post=5445"}],"wp:featuredmedia":[{"embeddable":true,"href":"https:\/\/capitalcientifica.com.mx\/tienda\/wp-json\/wp\/v2\/media\/5446"}],"wp:attachment":[{"href":"https:\/\/capitalcientifica.com.mx\/tienda\/wp-json\/wp\/v2\/media?parent=5445"}],"wp:term":[{"taxonomy":"product_cat","embeddable":true,"href":"https:\/\/capitalcientifica.com.mx\/tienda\/wp-json\/wp\/v2\/product_cat?post=5445"},{"taxonomy":"product_tag","embeddable":true,"href":"https:\/\/capitalcientifica.com.mx\/tienda\/wp-json\/wp\/v2\/product_tag?post=5445"}],"curies":[{"name":"wp","href":"https:\/\/api.w.org\/{rel}","templated":true}]}}