{"id":5441,"date":"2022-03-10T22:56:54","date_gmt":"2022-03-10T22:56:54","guid":{"rendered":"https:\/\/www.capitalcientifica.com.mx\/?post_type=product&#038;p=5441"},"modified":"2023-03-02T22:01:12","modified_gmt":"2023-03-02T22:01:12","slug":"simulador-avanzado-de-puncion-de-medula-osea-en-tibia-femenino","status":"publish","type":"product","link":"https:\/\/capitalcientifica.com.mx\/tienda\/product\/simulador-avanzado-de-puncion-de-medula-osea-en-tibia-femenino\/","title":{"rendered":"SIMULADOR AVANZADO DE PUNCI\u00d3N DE M\u00c9DULA \u00d3SEA EN TIBIA FEMENINO"},"content":{"rendered":"<p>SIMULADOR AVANZADO DE PUNCI\u00d3N DE M\u00c9DULA \u00d3SEA EN TIBIA FEMENINO<\/p>\n<div class=\"short-description\">Este maniqu\u00ed representa las piernas de un beb\u00e9 para realizar la punci\u00f3n de m\u00e9dula \u00f3sea, es un equipo ideal para grupos de trabajo por la posibilidad de m\u00faltiples punciones y remplazos de hueso. est\u00e1 fabricado con material de alta calidad muy realista que permite una mejore experiencia de los estudiantes en este procedimiento.<\/div>\n<div class=\"availability\"><\/div>\n<div>\n<div class=\"additional-details\">\n<div class=\"sku\"><span class=\"label\">SKU:<\/span>\u00a0<span id=\"sku-6615\" class=\"value\">INF-PUN-TIB<\/span><\/div>\n<\/div>\n<\/div>\n","protected":false},"excerpt":{"rendered":"<p>SIMULADOR AVANZADO DE PUNCI\u00d3N DE M\u00c9DULA \u00d3SEA EN TIBIA FEMENINO<\/p>\n<div class=\"short-description\">Este maniqu\u00ed representa las piernas de un beb\u00e9 para realizar la punci\u00f3n de m\u00e9dula \u00f3sea, es un equipo ideal para grupos de trabajo por la posibilidad de m\u00faltiples punciones y remplazos de hueso. est\u00e1 fabricado con material de alta calidad muy realista que permite una mejore experiencia de los estudiantes en este procedimiento.<\/div>\n<div class=\"availability\"><\/div>\n<div>\n<div class=\"additional-details\">\n<div class=\"sku\"><span class=\"label\">SKU:<\/span>\u00a0<span id=\"sku-6615\" class=\"value\">INF-PUN-TIB<\/span><\/div>\n<\/div>\n<\/div>\n","protected":false},"featured_media":5442,"comment_status":"open","ping_status":"closed","template":"","meta":{"_joinchat":[]},"product_cat":[156,147],"product_tag":[172,173,2422],"class_list":{"0":"post-5441","1":"product","2":"type-product","3":"status-publish","4":"has-post-thumbnail","6":"product_cat-practicas-clinicas","7":"product_cat-simuladores-medicos-de-importacion","8":"product_tag-equipo-de-laboratorio","9":"product_tag-equipo-para-laboratorio","10":"product_tag-simulador-avanzado-de-puncion-de-medula-osea-en-tibia-femenino","12":"first","13":"instock","14":"shipping-taxable","15":"product-type-simple","16":"col-xs-6 col-sm-4","17":"col-md-3 col-lg-3","18":"un-4-cols"},"yoast_head":"<!-- This site is optimized with the Yoast SEO plugin v27.2 - https:\/\/yoast.com\/product\/yoast-seo-wordpress\/ -->\n<title>SIMULADOR AVANZADO DE PUNCI\u00d3N DE M\u00c9DULA \u00d3SEA EN TIBIA FEMENINO - Capital Cient&iacute;fica<\/title>\n<meta name=\"robots\" content=\"index, follow, max-snippet:-1, max-image-preview:large, max-video-preview:-1\" \/>\n<link rel=\"canonical\" href=\"https:\/\/capitalcientifica.com.mx\/tienda\/product\/simulador-avanzado-de-puncion-de-medula-osea-en-tibia-femenino\/\" \/>\n<meta property=\"og:locale\" content=\"es_ES\" \/>\n<meta property=\"og:type\" content=\"article\" \/>\n<meta property=\"og:title\" content=\"SIMULADOR AVANZADO DE PUNCI\u00d3N DE M\u00c9DULA \u00d3SEA EN TIBIA FEMENINO - Capital Cient&iacute;fica\" \/>\n<meta property=\"og:description\" content=\"SIMULADOR AVANZADO DE PUNCI\u00d3N DE M\u00c9DULA \u00d3SEA EN TIBIA FEMENINO Este maniqu\u00ed representa las piernas de un beb\u00e9 para realizar la punci\u00f3n de m\u00e9dula \u00f3sea, es un equipo ideal para grupos de trabajo por la posibilidad de m\u00faltiples punciones y remplazos de hueso. est\u00e1 fabricado con material de alta calidad muy realista que permite una mejore experiencia de los estudiantes en este procedimiento.    SKU:\u00a0INF-PUN-TIB\" \/>\n<meta property=\"og:url\" content=\"https:\/\/capitalcientifica.com.mx\/tienda\/product\/simulador-avanzado-de-puncion-de-medula-osea-en-tibia-femenino\/\" \/>\n<meta property=\"og:site_name\" content=\"Capital Cient&iacute;fica\" \/>\n<meta property=\"article:modified_time\" content=\"2023-03-02T22:01:12+00:00\" \/>\n<meta property=\"og:image\" content=\"https:\/\/capitalcientifica.com.mx\/tienda\/wp-content\/uploads\/2022\/03\/0002263_simulador-avanzado-de-puncion-de-medula-osea-en-tibia.jpeg\" \/>\n\t<meta property=\"og:image:width\" content=\"1000\" \/>\n\t<meta property=\"og:image:height\" content=\"1000\" \/>\n\t<meta property=\"og:image:type\" content=\"image\/jpeg\" \/>\n<meta name=\"twitter:card\" content=\"summary_large_image\" \/>\n<script type=\"application\/ld+json\" class=\"yoast-schema-graph\">{\"@context\":\"https:\/\/schema.org\",\"@graph\":[{\"@type\":\"WebPage\",\"@id\":\"https:\/\/capitalcientifica.com.mx\/tienda\/product\/simulador-avanzado-de-puncion-de-medula-osea-en-tibia-femenino\/\",\"url\":\"https:\/\/capitalcientifica.com.mx\/tienda\/product\/simulador-avanzado-de-puncion-de-medula-osea-en-tibia-femenino\/\",\"name\":\"SIMULADOR AVANZADO DE PUNCI\u00d3N DE M\u00c9DULA \u00d3SEA EN TIBIA FEMENINO - Capital Cient&iacute;fica\",\"isPartOf\":{\"@id\":\"https:\/\/capitalcientifica.com.mx\/tienda\/#website\"},\"primaryImageOfPage\":{\"@id\":\"https:\/\/capitalcientifica.com.mx\/tienda\/product\/simulador-avanzado-de-puncion-de-medula-osea-en-tibia-femenino\/#primaryimage\"},\"image\":{\"@id\":\"https:\/\/capitalcientifica.com.mx\/tienda\/product\/simulador-avanzado-de-puncion-de-medula-osea-en-tibia-femenino\/#primaryimage\"},\"thumbnailUrl\":\"https:\/\/capitalcientifica.com.mx\/tienda\/wp-content\/uploads\/2022\/03\/0002263_simulador-avanzado-de-puncion-de-medula-osea-en-tibia.jpeg\",\"datePublished\":\"2022-03-10T22:56:54+00:00\",\"dateModified\":\"2023-03-02T22:01:12+00:00\",\"breadcrumb\":{\"@id\":\"https:\/\/capitalcientifica.com.mx\/tienda\/product\/simulador-avanzado-de-puncion-de-medula-osea-en-tibia-femenino\/#breadcrumb\"},\"inLanguage\":\"es\",\"potentialAction\":[{\"@type\":\"ReadAction\",\"target\":[\"https:\/\/capitalcientifica.com.mx\/tienda\/product\/simulador-avanzado-de-puncion-de-medula-osea-en-tibia-femenino\/\"]}]},{\"@type\":\"ImageObject\",\"inLanguage\":\"es\",\"@id\":\"https:\/\/capitalcientifica.com.mx\/tienda\/product\/simulador-avanzado-de-puncion-de-medula-osea-en-tibia-femenino\/#primaryimage\",\"url\":\"https:\/\/capitalcientifica.com.mx\/tienda\/wp-content\/uploads\/2022\/03\/0002263_simulador-avanzado-de-puncion-de-medula-osea-en-tibia.jpeg\",\"contentUrl\":\"https:\/\/capitalcientifica.com.mx\/tienda\/wp-content\/uploads\/2022\/03\/0002263_simulador-avanzado-de-puncion-de-medula-osea-en-tibia.jpeg\",\"width\":1000,\"height\":1000},{\"@type\":\"BreadcrumbList\",\"@id\":\"https:\/\/capitalcientifica.com.mx\/tienda\/product\/simulador-avanzado-de-puncion-de-medula-osea-en-tibia-femenino\/#breadcrumb\",\"itemListElement\":[{\"@type\":\"ListItem\",\"position\":1,\"name\":\"Portada\",\"item\":\"https:\/\/capitalcientifica.com.mx\/tienda\/\"},{\"@type\":\"ListItem\",\"position\":2,\"name\":\"Shop\",\"item\":\"https:\/\/capitalcientifica.com.mx\/tienda\/shop\/\"},{\"@type\":\"ListItem\",\"position\":3,\"name\":\"SIMULADOR AVANZADO DE PUNCI\u00d3N DE M\u00c9DULA \u00d3SEA EN TIBIA FEMENINO\"}]},{\"@type\":\"WebSite\",\"@id\":\"https:\/\/capitalcientifica.com.mx\/tienda\/#website\",\"url\":\"https:\/\/capitalcientifica.com.mx\/tienda\/\",\"name\":\"Capital Cient&iacute;fica\",\"description\":\"Equipo para laboratorio\",\"potentialAction\":[{\"@type\":\"SearchAction\",\"target\":{\"@type\":\"EntryPoint\",\"urlTemplate\":\"https:\/\/capitalcientifica.com.mx\/tienda\/?s={search_term_string}\"},\"query-input\":{\"@type\":\"PropertyValueSpecification\",\"valueRequired\":true,\"valueName\":\"search_term_string\"}}],\"inLanguage\":\"es\"}]}<\/script>\n<!-- \/ Yoast SEO plugin. -->","yoast_head_json":{"title":"SIMULADOR AVANZADO DE PUNCI\u00d3N DE M\u00c9DULA \u00d3SEA EN TIBIA FEMENINO - Capital Cient&iacute;fica","robots":{"index":"index","follow":"follow","max-snippet":"max-snippet:-1","max-image-preview":"max-image-preview:large","max-video-preview":"max-video-preview:-1"},"canonical":"https:\/\/capitalcientifica.com.mx\/tienda\/product\/simulador-avanzado-de-puncion-de-medula-osea-en-tibia-femenino\/","og_locale":"es_ES","og_type":"article","og_title":"SIMULADOR AVANZADO DE PUNCI\u00d3N DE M\u00c9DULA \u00d3SEA EN TIBIA FEMENINO - Capital Cient&iacute;fica","og_description":"SIMULADOR AVANZADO DE PUNCI\u00d3N DE M\u00c9DULA \u00d3SEA EN TIBIA FEMENINO Este maniqu\u00ed representa las piernas de un beb\u00e9 para realizar la punci\u00f3n de m\u00e9dula \u00f3sea, es un equipo ideal para grupos de trabajo por la posibilidad de m\u00faltiples punciones y remplazos de hueso. est\u00e1 fabricado con material de alta calidad muy realista que permite una mejore experiencia de los estudiantes en este procedimiento.    SKU:\u00a0INF-PUN-TIB","og_url":"https:\/\/capitalcientifica.com.mx\/tienda\/product\/simulador-avanzado-de-puncion-de-medula-osea-en-tibia-femenino\/","og_site_name":"Capital Cient&iacute;fica","article_modified_time":"2023-03-02T22:01:12+00:00","og_image":[{"width":1000,"height":1000,"url":"https:\/\/capitalcientifica.com.mx\/tienda\/wp-content\/uploads\/2022\/03\/0002263_simulador-avanzado-de-puncion-de-medula-osea-en-tibia.jpeg","type":"image\/jpeg"}],"twitter_card":"summary_large_image","schema":{"@context":"https:\/\/schema.org","@graph":[{"@type":"WebPage","@id":"https:\/\/capitalcientifica.com.mx\/tienda\/product\/simulador-avanzado-de-puncion-de-medula-osea-en-tibia-femenino\/","url":"https:\/\/capitalcientifica.com.mx\/tienda\/product\/simulador-avanzado-de-puncion-de-medula-osea-en-tibia-femenino\/","name":"SIMULADOR AVANZADO DE PUNCI\u00d3N DE M\u00c9DULA \u00d3SEA EN TIBIA FEMENINO - Capital Cient&iacute;fica","isPartOf":{"@id":"https:\/\/capitalcientifica.com.mx\/tienda\/#website"},"primaryImageOfPage":{"@id":"https:\/\/capitalcientifica.com.mx\/tienda\/product\/simulador-avanzado-de-puncion-de-medula-osea-en-tibia-femenino\/#primaryimage"},"image":{"@id":"https:\/\/capitalcientifica.com.mx\/tienda\/product\/simulador-avanzado-de-puncion-de-medula-osea-en-tibia-femenino\/#primaryimage"},"thumbnailUrl":"https:\/\/capitalcientifica.com.mx\/tienda\/wp-content\/uploads\/2022\/03\/0002263_simulador-avanzado-de-puncion-de-medula-osea-en-tibia.jpeg","datePublished":"2022-03-10T22:56:54+00:00","dateModified":"2023-03-02T22:01:12+00:00","breadcrumb":{"@id":"https:\/\/capitalcientifica.com.mx\/tienda\/product\/simulador-avanzado-de-puncion-de-medula-osea-en-tibia-femenino\/#breadcrumb"},"inLanguage":"es","potentialAction":[{"@type":"ReadAction","target":["https:\/\/capitalcientifica.com.mx\/tienda\/product\/simulador-avanzado-de-puncion-de-medula-osea-en-tibia-femenino\/"]}]},{"@type":"ImageObject","inLanguage":"es","@id":"https:\/\/capitalcientifica.com.mx\/tienda\/product\/simulador-avanzado-de-puncion-de-medula-osea-en-tibia-femenino\/#primaryimage","url":"https:\/\/capitalcientifica.com.mx\/tienda\/wp-content\/uploads\/2022\/03\/0002263_simulador-avanzado-de-puncion-de-medula-osea-en-tibia.jpeg","contentUrl":"https:\/\/capitalcientifica.com.mx\/tienda\/wp-content\/uploads\/2022\/03\/0002263_simulador-avanzado-de-puncion-de-medula-osea-en-tibia.jpeg","width":1000,"height":1000},{"@type":"BreadcrumbList","@id":"https:\/\/capitalcientifica.com.mx\/tienda\/product\/simulador-avanzado-de-puncion-de-medula-osea-en-tibia-femenino\/#breadcrumb","itemListElement":[{"@type":"ListItem","position":1,"name":"Portada","item":"https:\/\/capitalcientifica.com.mx\/tienda\/"},{"@type":"ListItem","position":2,"name":"Shop","item":"https:\/\/capitalcientifica.com.mx\/tienda\/shop\/"},{"@type":"ListItem","position":3,"name":"SIMULADOR AVANZADO DE PUNCI\u00d3N DE M\u00c9DULA \u00d3SEA EN TIBIA FEMENINO"}]},{"@type":"WebSite","@id":"https:\/\/capitalcientifica.com.mx\/tienda\/#website","url":"https:\/\/capitalcientifica.com.mx\/tienda\/","name":"Capital Cient&iacute;fica","description":"Equipo para laboratorio","potentialAction":[{"@type":"SearchAction","target":{"@type":"EntryPoint","urlTemplate":"https:\/\/capitalcientifica.com.mx\/tienda\/?s={search_term_string}"},"query-input":{"@type":"PropertyValueSpecification","valueRequired":true,"valueName":"search_term_string"}}],"inLanguage":"es"}]}},"_links":{"self":[{"href":"https:\/\/capitalcientifica.com.mx\/tienda\/wp-json\/wp\/v2\/product\/5441","targetHints":{"allow":["GET"]}}],"collection":[{"href":"https:\/\/capitalcientifica.com.mx\/tienda\/wp-json\/wp\/v2\/product"}],"about":[{"href":"https:\/\/capitalcientifica.com.mx\/tienda\/wp-json\/wp\/v2\/types\/product"}],"replies":[{"embeddable":true,"href":"https:\/\/capitalcientifica.com.mx\/tienda\/wp-json\/wp\/v2\/comments?post=5441"}],"wp:featuredmedia":[{"embeddable":true,"href":"https:\/\/capitalcientifica.com.mx\/tienda\/wp-json\/wp\/v2\/media\/5442"}],"wp:attachment":[{"href":"https:\/\/capitalcientifica.com.mx\/tienda\/wp-json\/wp\/v2\/media?parent=5441"}],"wp:term":[{"taxonomy":"product_cat","embeddable":true,"href":"https:\/\/capitalcientifica.com.mx\/tienda\/wp-json\/wp\/v2\/product_cat?post=5441"},{"taxonomy":"product_tag","embeddable":true,"href":"https:\/\/capitalcientifica.com.mx\/tienda\/wp-json\/wp\/v2\/product_tag?post=5441"}],"curies":[{"name":"wp","href":"https:\/\/api.w.org\/{rel}","templated":true}]}}