{"id":5409,"date":"2022-03-10T21:51:16","date_gmt":"2022-03-10T21:51:16","guid":{"rendered":"https:\/\/www.capitalcientifica.com.mx\/?post_type=product&#038;p=5409"},"modified":"2023-03-02T22:02:35","modified_gmt":"2023-03-02T22:02:35","slug":"simulador-basico-de-cateterismo-masculino-sku-sond-masc","status":"publish","type":"product","link":"https:\/\/capitalcientifica.com.mx\/tienda\/product\/simulador-basico-de-cateterismo-masculino-sku-sond-masc\/","title":{"rendered":"SIMULADOR BASICO DE CATETERISMO MASCULINO"},"content":{"rendered":"<p>SIMULADOR BASICO DE CATETERISMO MASCULINO<\/p>\n<div class=\"short-description\">CON ESTE MODELO, EL ESTUDIANTE PRACTICA TODOS LOS MOVIMIENTOS MANUALES (POR EJEMPLO, LA DESINFECCI\u00d3N, PARA REALIZAR EL CATETERISMO. EL MATERIAL PROPORCIONA UNA SENSACI\u00d3N REALISTA AL INSERTAR Y EXTRAER EL CAT\u00c9TER DE LA VEJIGA, CON UNA RESISTENCIA Y UNA PROXIMIDAD DE INSERCI\u00d3N MUY PR\u00d3XIMAS A LAS DE UN PACIENTE REAL. APRENDIZAJE DIRECTO.<\/div>\n<div>\n<div class=\"additional-details\">\n<div class=\"sku\"><span class=\"label\">SKU:<\/span>\u00a0<span id=\"sku-5458\" class=\"value\">SOND-MASC<\/span><\/div>\n<\/div>\n<\/div>\n<div class=\"availability\"><\/div>\n","protected":false},"excerpt":{"rendered":"<p>SIMULADOR BASICO DE CATETERISMO MASCULINO<\/p>\n<div class=\"short-description\">CON ESTE MODELO, EL ESTUDIANTE PRACTICA TODOS LOS MOVIMIENTOS MANUALES (POR EJEMPLO, LA DESINFECCI\u00d3N, PARA REALIZAR EL CATETERISMO. EL MATERIAL PROPORCIONA UNA SENSACI\u00d3N REALISTA AL INSERTAR Y EXTRAER EL CAT\u00c9TER DE LA VEJIGA, CON UNA RESISTENCIA Y UNA PROXIMIDAD DE INSERCI\u00d3N MUY PR\u00d3XIMAS A LAS DE UN PACIENTE REAL. APRENDIZAJE DIRECTO.<\/div>\n<div class=\"availability\"><\/div>\n<div>\n<div class=\"additional-details\">\n<div class=\"sku\"><span class=\"label\">SKU:<\/span>\u00a0<span id=\"sku-5458\" class=\"value\">SOND-MASC<\/span><\/div>\n<\/div>\n<\/div>\n","protected":false},"featured_media":5410,"comment_status":"open","ping_status":"closed","template":"","meta":{"_joinchat":[]},"product_cat":[147,155],"product_tag":[172,173,2426],"class_list":{"0":"post-5409","1":"product","2":"type-product","3":"status-publish","4":"has-post-thumbnail","6":"product_cat-simuladores-medicos-de-importacion","7":"product_cat-soporte-vital-avanzado","8":"product_tag-equipo-de-laboratorio","9":"product_tag-equipo-para-laboratorio","10":"product_tag-simulador-basico-de-cateterismo-masculino","12":"first","13":"instock","14":"shipping-taxable","15":"product-type-simple","16":"col-xs-6 col-sm-4","17":"col-md-3 col-lg-3","18":"un-4-cols"},"yoast_head":"<!-- This site is optimized with the Yoast SEO plugin v27.2 - https:\/\/yoast.com\/product\/yoast-seo-wordpress\/ -->\n<title>SIMULADOR BASICO DE CATETERISMO MASCULINO - Capital Cient&iacute;fica<\/title>\n<meta name=\"robots\" content=\"index, follow, max-snippet:-1, max-image-preview:large, max-video-preview:-1\" \/>\n<link rel=\"canonical\" href=\"https:\/\/capitalcientifica.com.mx\/tienda\/product\/simulador-basico-de-cateterismo-masculino-sku-sond-masc\/\" \/>\n<meta property=\"og:locale\" content=\"es_ES\" \/>\n<meta property=\"og:type\" content=\"article\" \/>\n<meta property=\"og:title\" content=\"SIMULADOR BASICO DE CATETERISMO MASCULINO - Capital Cient&iacute;fica\" \/>\n<meta property=\"og:description\" content=\"SIMULADOR BASICO DE CATETERISMO MASCULINO CON ESTE MODELO, EL ESTUDIANTE PRACTICA TODOS LOS MOVIMIENTOS MANUALES (POR EJEMPLO, LA DESINFECCI\u00d3N, PARA REALIZAR EL CATETERISMO. EL MATERIAL PROPORCIONA UNA SENSACI\u00d3N REALISTA AL INSERTAR Y EXTRAER EL CAT\u00c9TER DE LA VEJIGA, CON UNA RESISTENCIA Y UNA PROXIMIDAD DE INSERCI\u00d3N MUY PR\u00d3XIMAS A LAS DE UN PACIENTE REAL. APRENDIZAJE DIRECTO.    SKU:\u00a0SOND-MASC\" \/>\n<meta property=\"og:url\" content=\"https:\/\/capitalcientifica.com.mx\/tienda\/product\/simulador-basico-de-cateterismo-masculino-sku-sond-masc\/\" \/>\n<meta property=\"og:site_name\" content=\"Capital Cient&iacute;fica\" \/>\n<meta property=\"article:modified_time\" content=\"2023-03-02T22:02:35+00:00\" \/>\n<meta property=\"og:image\" content=\"https:\/\/capitalcientifica.com.mx\/tienda\/wp-content\/uploads\/2022\/03\/0000504_simulador-basico-de-cateterismo-masculino.jpg\" \/>\n\t<meta property=\"og:image:width\" content=\"1000\" \/>\n\t<meta property=\"og:image:height\" content=\"1000\" \/>\n\t<meta property=\"og:image:type\" content=\"image\/jpeg\" \/>\n<meta name=\"twitter:card\" content=\"summary_large_image\" \/>\n<script type=\"application\/ld+json\" class=\"yoast-schema-graph\">{\"@context\":\"https:\/\/schema.org\",\"@graph\":[{\"@type\":\"WebPage\",\"@id\":\"https:\/\/capitalcientifica.com.mx\/tienda\/product\/simulador-basico-de-cateterismo-masculino-sku-sond-masc\/\",\"url\":\"https:\/\/capitalcientifica.com.mx\/tienda\/product\/simulador-basico-de-cateterismo-masculino-sku-sond-masc\/\",\"name\":\"SIMULADOR BASICO DE CATETERISMO MASCULINO - Capital Cient&iacute;fica\",\"isPartOf\":{\"@id\":\"https:\/\/capitalcientifica.com.mx\/tienda\/#website\"},\"primaryImageOfPage\":{\"@id\":\"https:\/\/capitalcientifica.com.mx\/tienda\/product\/simulador-basico-de-cateterismo-masculino-sku-sond-masc\/#primaryimage\"},\"image\":{\"@id\":\"https:\/\/capitalcientifica.com.mx\/tienda\/product\/simulador-basico-de-cateterismo-masculino-sku-sond-masc\/#primaryimage\"},\"thumbnailUrl\":\"https:\/\/capitalcientifica.com.mx\/tienda\/wp-content\/uploads\/2022\/03\/0000504_simulador-basico-de-cateterismo-masculino.jpg\",\"datePublished\":\"2022-03-10T21:51:16+00:00\",\"dateModified\":\"2023-03-02T22:02:35+00:00\",\"breadcrumb\":{\"@id\":\"https:\/\/capitalcientifica.com.mx\/tienda\/product\/simulador-basico-de-cateterismo-masculino-sku-sond-masc\/#breadcrumb\"},\"inLanguage\":\"es\",\"potentialAction\":[{\"@type\":\"ReadAction\",\"target\":[\"https:\/\/capitalcientifica.com.mx\/tienda\/product\/simulador-basico-de-cateterismo-masculino-sku-sond-masc\/\"]}]},{\"@type\":\"ImageObject\",\"inLanguage\":\"es\",\"@id\":\"https:\/\/capitalcientifica.com.mx\/tienda\/product\/simulador-basico-de-cateterismo-masculino-sku-sond-masc\/#primaryimage\",\"url\":\"https:\/\/capitalcientifica.com.mx\/tienda\/wp-content\/uploads\/2022\/03\/0000504_simulador-basico-de-cateterismo-masculino.jpg\",\"contentUrl\":\"https:\/\/capitalcientifica.com.mx\/tienda\/wp-content\/uploads\/2022\/03\/0000504_simulador-basico-de-cateterismo-masculino.jpg\",\"width\":1000,\"height\":1000},{\"@type\":\"BreadcrumbList\",\"@id\":\"https:\/\/capitalcientifica.com.mx\/tienda\/product\/simulador-basico-de-cateterismo-masculino-sku-sond-masc\/#breadcrumb\",\"itemListElement\":[{\"@type\":\"ListItem\",\"position\":1,\"name\":\"Portada\",\"item\":\"https:\/\/capitalcientifica.com.mx\/tienda\/\"},{\"@type\":\"ListItem\",\"position\":2,\"name\":\"Shop\",\"item\":\"https:\/\/capitalcientifica.com.mx\/tienda\/shop\/\"},{\"@type\":\"ListItem\",\"position\":3,\"name\":\"SIMULADOR BASICO DE CATETERISMO MASCULINO\"}]},{\"@type\":\"WebSite\",\"@id\":\"https:\/\/capitalcientifica.com.mx\/tienda\/#website\",\"url\":\"https:\/\/capitalcientifica.com.mx\/tienda\/\",\"name\":\"Capital Cient&iacute;fica\",\"description\":\"Equipo para laboratorio\",\"potentialAction\":[{\"@type\":\"SearchAction\",\"target\":{\"@type\":\"EntryPoint\",\"urlTemplate\":\"https:\/\/capitalcientifica.com.mx\/tienda\/?s={search_term_string}\"},\"query-input\":{\"@type\":\"PropertyValueSpecification\",\"valueRequired\":true,\"valueName\":\"search_term_string\"}}],\"inLanguage\":\"es\"}]}<\/script>\n<!-- \/ Yoast SEO plugin. -->","yoast_head_json":{"title":"SIMULADOR BASICO DE CATETERISMO MASCULINO - Capital Cient&iacute;fica","robots":{"index":"index","follow":"follow","max-snippet":"max-snippet:-1","max-image-preview":"max-image-preview:large","max-video-preview":"max-video-preview:-1"},"canonical":"https:\/\/capitalcientifica.com.mx\/tienda\/product\/simulador-basico-de-cateterismo-masculino-sku-sond-masc\/","og_locale":"es_ES","og_type":"article","og_title":"SIMULADOR BASICO DE CATETERISMO MASCULINO - Capital Cient&iacute;fica","og_description":"SIMULADOR BASICO DE CATETERISMO MASCULINO CON ESTE MODELO, EL ESTUDIANTE PRACTICA TODOS LOS MOVIMIENTOS MANUALES (POR EJEMPLO, LA DESINFECCI\u00d3N, PARA REALIZAR EL CATETERISMO. EL MATERIAL PROPORCIONA UNA SENSACI\u00d3N REALISTA AL INSERTAR Y EXTRAER EL CAT\u00c9TER DE LA VEJIGA, CON UNA RESISTENCIA Y UNA PROXIMIDAD DE INSERCI\u00d3N MUY PR\u00d3XIMAS A LAS DE UN PACIENTE REAL. APRENDIZAJE DIRECTO.    SKU:\u00a0SOND-MASC","og_url":"https:\/\/capitalcientifica.com.mx\/tienda\/product\/simulador-basico-de-cateterismo-masculino-sku-sond-masc\/","og_site_name":"Capital Cient&iacute;fica","article_modified_time":"2023-03-02T22:02:35+00:00","og_image":[{"width":1000,"height":1000,"url":"https:\/\/capitalcientifica.com.mx\/tienda\/wp-content\/uploads\/2022\/03\/0000504_simulador-basico-de-cateterismo-masculino.jpg","type":"image\/jpeg"}],"twitter_card":"summary_large_image","schema":{"@context":"https:\/\/schema.org","@graph":[{"@type":"WebPage","@id":"https:\/\/capitalcientifica.com.mx\/tienda\/product\/simulador-basico-de-cateterismo-masculino-sku-sond-masc\/","url":"https:\/\/capitalcientifica.com.mx\/tienda\/product\/simulador-basico-de-cateterismo-masculino-sku-sond-masc\/","name":"SIMULADOR BASICO DE CATETERISMO MASCULINO - Capital Cient&iacute;fica","isPartOf":{"@id":"https:\/\/capitalcientifica.com.mx\/tienda\/#website"},"primaryImageOfPage":{"@id":"https:\/\/capitalcientifica.com.mx\/tienda\/product\/simulador-basico-de-cateterismo-masculino-sku-sond-masc\/#primaryimage"},"image":{"@id":"https:\/\/capitalcientifica.com.mx\/tienda\/product\/simulador-basico-de-cateterismo-masculino-sku-sond-masc\/#primaryimage"},"thumbnailUrl":"https:\/\/capitalcientifica.com.mx\/tienda\/wp-content\/uploads\/2022\/03\/0000504_simulador-basico-de-cateterismo-masculino.jpg","datePublished":"2022-03-10T21:51:16+00:00","dateModified":"2023-03-02T22:02:35+00:00","breadcrumb":{"@id":"https:\/\/capitalcientifica.com.mx\/tienda\/product\/simulador-basico-de-cateterismo-masculino-sku-sond-masc\/#breadcrumb"},"inLanguage":"es","potentialAction":[{"@type":"ReadAction","target":["https:\/\/capitalcientifica.com.mx\/tienda\/product\/simulador-basico-de-cateterismo-masculino-sku-sond-masc\/"]}]},{"@type":"ImageObject","inLanguage":"es","@id":"https:\/\/capitalcientifica.com.mx\/tienda\/product\/simulador-basico-de-cateterismo-masculino-sku-sond-masc\/#primaryimage","url":"https:\/\/capitalcientifica.com.mx\/tienda\/wp-content\/uploads\/2022\/03\/0000504_simulador-basico-de-cateterismo-masculino.jpg","contentUrl":"https:\/\/capitalcientifica.com.mx\/tienda\/wp-content\/uploads\/2022\/03\/0000504_simulador-basico-de-cateterismo-masculino.jpg","width":1000,"height":1000},{"@type":"BreadcrumbList","@id":"https:\/\/capitalcientifica.com.mx\/tienda\/product\/simulador-basico-de-cateterismo-masculino-sku-sond-masc\/#breadcrumb","itemListElement":[{"@type":"ListItem","position":1,"name":"Portada","item":"https:\/\/capitalcientifica.com.mx\/tienda\/"},{"@type":"ListItem","position":2,"name":"Shop","item":"https:\/\/capitalcientifica.com.mx\/tienda\/shop\/"},{"@type":"ListItem","position":3,"name":"SIMULADOR BASICO DE CATETERISMO MASCULINO"}]},{"@type":"WebSite","@id":"https:\/\/capitalcientifica.com.mx\/tienda\/#website","url":"https:\/\/capitalcientifica.com.mx\/tienda\/","name":"Capital Cient&iacute;fica","description":"Equipo para laboratorio","potentialAction":[{"@type":"SearchAction","target":{"@type":"EntryPoint","urlTemplate":"https:\/\/capitalcientifica.com.mx\/tienda\/?s={search_term_string}"},"query-input":{"@type":"PropertyValueSpecification","valueRequired":true,"valueName":"search_term_string"}}],"inLanguage":"es"}]}},"_links":{"self":[{"href":"https:\/\/capitalcientifica.com.mx\/tienda\/wp-json\/wp\/v2\/product\/5409","targetHints":{"allow":["GET"]}}],"collection":[{"href":"https:\/\/capitalcientifica.com.mx\/tienda\/wp-json\/wp\/v2\/product"}],"about":[{"href":"https:\/\/capitalcientifica.com.mx\/tienda\/wp-json\/wp\/v2\/types\/product"}],"replies":[{"embeddable":true,"href":"https:\/\/capitalcientifica.com.mx\/tienda\/wp-json\/wp\/v2\/comments?post=5409"}],"wp:featuredmedia":[{"embeddable":true,"href":"https:\/\/capitalcientifica.com.mx\/tienda\/wp-json\/wp\/v2\/media\/5410"}],"wp:attachment":[{"href":"https:\/\/capitalcientifica.com.mx\/tienda\/wp-json\/wp\/v2\/media?parent=5409"}],"wp:term":[{"taxonomy":"product_cat","embeddable":true,"href":"https:\/\/capitalcientifica.com.mx\/tienda\/wp-json\/wp\/v2\/product_cat?post=5409"},{"taxonomy":"product_tag","embeddable":true,"href":"https:\/\/capitalcientifica.com.mx\/tienda\/wp-json\/wp\/v2\/product_tag?post=5409"}],"curies":[{"name":"wp","href":"https:\/\/api.w.org\/{rel}","templated":true}]}}