{"id":5390,"date":"2022-03-10T21:31:50","date_gmt":"2022-03-10T21:31:50","guid":{"rendered":"https:\/\/www.capitalcientifica.com.mx\/?post_type=product&#038;p=5390"},"modified":"2023-02-22T18:08:16","modified_gmt":"2023-02-22T18:08:16","slug":"maniqui-de-entrenamiento-de-emergencias-en-hospital-premium-acls-sku-man-acls","status":"publish","type":"product","link":"https:\/\/capitalcientifica.com.mx\/tienda\/product\/maniqui-de-entrenamiento-de-emergencias-en-hospital-premium-acls-sku-man-acls\/","title":{"rendered":"MANIQU\u00cd DE ENTRENAMIENTO DE EMERGENCIAS EN HOSPITAL PREMIUM ACLS"},"content":{"rendered":"<p>MANIQU\u00cd DE ENTRENAMIENTO DE EMERGENCIAS EN HOSPITAL PREMIUM ACLS<\/p>\n<div class=\"short-description\">Este maniqu\u00ed contiene el m\u00e1s completo mecanismo para la adquisici\u00f3n de habilidades en situaciones de emergencia, espec\u00edficamente, en las emergencias de hospital. permite la examinaci\u00f3n del pulso arterial m\u00faltiple, respiraci\u00f3n espont\u00e1nea y entrenamiento en venopunci\u00f3n cl\u00ednica. Simula escenarios relativos a la hospitalizaci\u00f3n y signos vitales en hospital, su tratamiento y examinaci\u00f3n auxiliar en pacientes en estado de emergencia. (Gu\u00eda de implementaci\u00f3n est\u00e1ndar AHA para CPR y ECG, 2010). Ideal para el departamento de respiraci\u00f3n, de cardiolog\u00eda, neurolog\u00eda, cirug\u00eda genitourinaria, cirug\u00eda, farmacolog\u00eda, maternidad, anestesiolog\u00eda, urgencias, medicina interna y medicina militar. Ideal para estudiantes de posgrado, m\u00e9dicos internistas, doctores anestesi\u00f3logos, m\u00e9dicos del \u00e1rea de urgencias, equipo de ambulancia y enfermeros.<\/div>\n<div class=\"availability\"><\/div>\n<div>\n<div class=\"additional-details\">\n<div class=\"sku\"><span class=\"label\">SKU:<\/span>\u00a0<span id=\"sku-6837\" class=\"value\">MAN-ACLS<\/span><\/div>\n<\/div>\n<\/div>\n","protected":false},"excerpt":{"rendered":"<p>MANIQU\u00cd DE ENTRENAMIENTO DE EMERGENCIAS EN HOSPITAL PREMIUM ACLS<\/p>\n<div class=\"short-description\">Este maniqu\u00ed contiene el m\u00e1s completo mecanismo para la adquisici\u00f3n de habilidades en situaciones de emergencia, espec\u00edficamente, en las emergencias de hospital. permite la examinaci\u00f3n del pulso arterial m\u00faltiple, respiraci\u00f3n espont\u00e1nea y entrenamiento en venopunci\u00f3n cl\u00ednica. Simula escenarios relativos a la hospitalizaci\u00f3n y signos vitales en hospital, su tratamiento y examinaci\u00f3n auxiliar en pacientes en estado de emergencia. (Gu\u00eda de implementaci\u00f3n est\u00e1ndar AHA para CPR y ECG, 2010). Ideal para el departamento de respiraci\u00f3n, de cardiolog\u00eda, neurolog\u00eda, cirug\u00eda genitourinaria, cirug\u00eda, farmacolog\u00eda, maternidad, anestesiolog\u00eda, urgencias, medicina interna y medicina militar. Ideal para estudiantes de posgrado, m\u00e9dicos internistas, doctores anestesi\u00f3logos, m\u00e9dicos del \u00e1rea de urgencias, equipo de ambulancia y enfermeros.<\/div>\n<div class=\"availability\"><\/div>\n<div>\n<div class=\"additional-details\">\n<div class=\"sku\"><span class=\"label\">SKU:<\/span>\u00a0<span id=\"sku-6837\" class=\"value\">MAN-ACLS<\/span><\/div>\n<\/div>\n<\/div>\n","protected":false},"featured_media":5391,"comment_status":"open","ping_status":"closed","template":"","meta":{"_joinchat":[]},"product_cat":[147,155],"product_tag":[172,173,1267],"class_list":{"0":"post-5390","1":"product","2":"type-product","3":"status-publish","4":"has-post-thumbnail","6":"product_cat-simuladores-medicos-de-importacion","7":"product_cat-soporte-vital-avanzado","8":"product_tag-equipo-de-laboratorio","9":"product_tag-equipo-para-laboratorio","10":"product_tag-maniqui-de-entrenamiento-de-emergencias-en-hospital-premium-acls","12":"first","13":"instock","14":"shipping-taxable","15":"product-type-simple","16":"col-xs-6 col-sm-4","17":"col-md-3 col-lg-3","18":"un-4-cols"},"yoast_head":"<!-- This site is optimized with the Yoast SEO plugin v27.2 - https:\/\/yoast.com\/product\/yoast-seo-wordpress\/ -->\n<title>MANIQU\u00cd DE ENTRENAMIENTO DE EMERGENCIAS EN HOSPITAL PREMIUM ACLS - Capital Cient&iacute;fica<\/title>\n<meta name=\"robots\" content=\"index, follow, max-snippet:-1, max-image-preview:large, max-video-preview:-1\" \/>\n<link rel=\"canonical\" href=\"https:\/\/capitalcientifica.com.mx\/tienda\/product\/maniqui-de-entrenamiento-de-emergencias-en-hospital-premium-acls-sku-man-acls\/\" \/>\n<meta property=\"og:locale\" content=\"es_ES\" \/>\n<meta property=\"og:type\" content=\"article\" \/>\n<meta property=\"og:title\" content=\"MANIQU\u00cd DE ENTRENAMIENTO DE EMERGENCIAS EN HOSPITAL PREMIUM ACLS - Capital Cient&iacute;fica\" \/>\n<meta property=\"og:description\" content=\"MANIQU\u00cd DE ENTRENAMIENTO DE EMERGENCIAS EN HOSPITAL PREMIUM ACLS Este maniqu\u00ed contiene el m\u00e1s completo mecanismo para la adquisici\u00f3n de habilidades en situaciones de emergencia, espec\u00edficamente, en las emergencias de hospital. permite la examinaci\u00f3n del pulso arterial m\u00faltiple, respiraci\u00f3n espont\u00e1nea y entrenamiento en venopunci\u00f3n cl\u00ednica. Simula escenarios relativos a la hospitalizaci\u00f3n y signos vitales en hospital, su tratamiento y examinaci\u00f3n auxiliar en pacientes en estado de emergencia. (Gu\u00eda de implementaci\u00f3n est\u00e1ndar AHA para CPR y ECG, 2010). Ideal para el departamento de respiraci\u00f3n, de cardiolog\u00eda, neurolog\u00eda, cirug\u00eda genitourinaria, cirug\u00eda, farmacolog\u00eda, maternidad, anestesiolog\u00eda, urgencias, medicina interna y medicina militar. Ideal para estudiantes de posgrado, m\u00e9dicos internistas, doctores anestesi\u00f3logos, m\u00e9dicos del \u00e1rea de urgencias, equipo de ambulancia y enfermeros.    SKU:\u00a0MAN-ACLS\" \/>\n<meta property=\"og:url\" content=\"https:\/\/capitalcientifica.com.mx\/tienda\/product\/maniqui-de-entrenamiento-de-emergencias-en-hospital-premium-acls-sku-man-acls\/\" \/>\n<meta property=\"og:site_name\" content=\"Capital Cient&iacute;fica\" \/>\n<meta property=\"article:modified_time\" content=\"2023-02-22T18:08:16+00:00\" \/>\n<meta property=\"og:image\" content=\"https:\/\/capitalcientifica.com.mx\/tienda\/wp-content\/uploads\/2022\/03\/0001954_maniqui-para-el-entrenamiento-de-emergencia-en-hospital-premium-acls.jpeg\" \/>\n\t<meta property=\"og:image:width\" content=\"1000\" \/>\n\t<meta property=\"og:image:height\" content=\"1000\" \/>\n\t<meta property=\"og:image:type\" content=\"image\/jpeg\" \/>\n<meta name=\"twitter:card\" content=\"summary_large_image\" \/>\n<meta name=\"twitter:label1\" content=\"Tiempo de lectura\" \/>\n\t<meta name=\"twitter:data1\" content=\"1 minuto\" \/>\n<script type=\"application\/ld+json\" class=\"yoast-schema-graph\">{\"@context\":\"https:\/\/schema.org\",\"@graph\":[{\"@type\":\"WebPage\",\"@id\":\"https:\/\/capitalcientifica.com.mx\/tienda\/product\/maniqui-de-entrenamiento-de-emergencias-en-hospital-premium-acls-sku-man-acls\/\",\"url\":\"https:\/\/capitalcientifica.com.mx\/tienda\/product\/maniqui-de-entrenamiento-de-emergencias-en-hospital-premium-acls-sku-man-acls\/\",\"name\":\"MANIQU\u00cd DE ENTRENAMIENTO DE EMERGENCIAS EN HOSPITAL PREMIUM ACLS - Capital Cient&iacute;fica\",\"isPartOf\":{\"@id\":\"https:\/\/capitalcientifica.com.mx\/tienda\/#website\"},\"primaryImageOfPage\":{\"@id\":\"https:\/\/capitalcientifica.com.mx\/tienda\/product\/maniqui-de-entrenamiento-de-emergencias-en-hospital-premium-acls-sku-man-acls\/#primaryimage\"},\"image\":{\"@id\":\"https:\/\/capitalcientifica.com.mx\/tienda\/product\/maniqui-de-entrenamiento-de-emergencias-en-hospital-premium-acls-sku-man-acls\/#primaryimage\"},\"thumbnailUrl\":\"https:\/\/capitalcientifica.com.mx\/tienda\/wp-content\/uploads\/2022\/03\/0001954_maniqui-para-el-entrenamiento-de-emergencia-en-hospital-premium-acls.jpeg\",\"datePublished\":\"2022-03-10T21:31:50+00:00\",\"dateModified\":\"2023-02-22T18:08:16+00:00\",\"breadcrumb\":{\"@id\":\"https:\/\/capitalcientifica.com.mx\/tienda\/product\/maniqui-de-entrenamiento-de-emergencias-en-hospital-premium-acls-sku-man-acls\/#breadcrumb\"},\"inLanguage\":\"es\",\"potentialAction\":[{\"@type\":\"ReadAction\",\"target\":[\"https:\/\/capitalcientifica.com.mx\/tienda\/product\/maniqui-de-entrenamiento-de-emergencias-en-hospital-premium-acls-sku-man-acls\/\"]}]},{\"@type\":\"ImageObject\",\"inLanguage\":\"es\",\"@id\":\"https:\/\/capitalcientifica.com.mx\/tienda\/product\/maniqui-de-entrenamiento-de-emergencias-en-hospital-premium-acls-sku-man-acls\/#primaryimage\",\"url\":\"https:\/\/capitalcientifica.com.mx\/tienda\/wp-content\/uploads\/2022\/03\/0001954_maniqui-para-el-entrenamiento-de-emergencia-en-hospital-premium-acls.jpeg\",\"contentUrl\":\"https:\/\/capitalcientifica.com.mx\/tienda\/wp-content\/uploads\/2022\/03\/0001954_maniqui-para-el-entrenamiento-de-emergencia-en-hospital-premium-acls.jpeg\",\"width\":1000,\"height\":1000},{\"@type\":\"BreadcrumbList\",\"@id\":\"https:\/\/capitalcientifica.com.mx\/tienda\/product\/maniqui-de-entrenamiento-de-emergencias-en-hospital-premium-acls-sku-man-acls\/#breadcrumb\",\"itemListElement\":[{\"@type\":\"ListItem\",\"position\":1,\"name\":\"Portada\",\"item\":\"https:\/\/capitalcientifica.com.mx\/tienda\/\"},{\"@type\":\"ListItem\",\"position\":2,\"name\":\"Shop\",\"item\":\"https:\/\/capitalcientifica.com.mx\/tienda\/shop\/\"},{\"@type\":\"ListItem\",\"position\":3,\"name\":\"MANIQU\u00cd DE ENTRENAMIENTO DE EMERGENCIAS EN HOSPITAL PREMIUM ACLS\"}]},{\"@type\":\"WebSite\",\"@id\":\"https:\/\/capitalcientifica.com.mx\/tienda\/#website\",\"url\":\"https:\/\/capitalcientifica.com.mx\/tienda\/\",\"name\":\"Capital Cient&iacute;fica\",\"description\":\"Equipo para laboratorio\",\"potentialAction\":[{\"@type\":\"SearchAction\",\"target\":{\"@type\":\"EntryPoint\",\"urlTemplate\":\"https:\/\/capitalcientifica.com.mx\/tienda\/?s={search_term_string}\"},\"query-input\":{\"@type\":\"PropertyValueSpecification\",\"valueRequired\":true,\"valueName\":\"search_term_string\"}}],\"inLanguage\":\"es\"}]}<\/script>\n<!-- \/ Yoast SEO plugin. -->","yoast_head_json":{"title":"MANIQU\u00cd DE ENTRENAMIENTO DE EMERGENCIAS EN HOSPITAL PREMIUM ACLS - Capital Cient&iacute;fica","robots":{"index":"index","follow":"follow","max-snippet":"max-snippet:-1","max-image-preview":"max-image-preview:large","max-video-preview":"max-video-preview:-1"},"canonical":"https:\/\/capitalcientifica.com.mx\/tienda\/product\/maniqui-de-entrenamiento-de-emergencias-en-hospital-premium-acls-sku-man-acls\/","og_locale":"es_ES","og_type":"article","og_title":"MANIQU\u00cd DE ENTRENAMIENTO DE EMERGENCIAS EN HOSPITAL PREMIUM ACLS - Capital Cient&iacute;fica","og_description":"MANIQU\u00cd DE ENTRENAMIENTO DE EMERGENCIAS EN HOSPITAL PREMIUM ACLS Este maniqu\u00ed contiene el m\u00e1s completo mecanismo para la adquisici\u00f3n de habilidades en situaciones de emergencia, espec\u00edficamente, en las emergencias de hospital. permite la examinaci\u00f3n del pulso arterial m\u00faltiple, respiraci\u00f3n espont\u00e1nea y entrenamiento en venopunci\u00f3n cl\u00ednica. Simula escenarios relativos a la hospitalizaci\u00f3n y signos vitales en hospital, su tratamiento y examinaci\u00f3n auxiliar en pacientes en estado de emergencia. (Gu\u00eda de implementaci\u00f3n est\u00e1ndar AHA para CPR y ECG, 2010). Ideal para el departamento de respiraci\u00f3n, de cardiolog\u00eda, neurolog\u00eda, cirug\u00eda genitourinaria, cirug\u00eda, farmacolog\u00eda, maternidad, anestesiolog\u00eda, urgencias, medicina interna y medicina militar. Ideal para estudiantes de posgrado, m\u00e9dicos internistas, doctores anestesi\u00f3logos, m\u00e9dicos del \u00e1rea de urgencias, equipo de ambulancia y enfermeros.    SKU:\u00a0MAN-ACLS","og_url":"https:\/\/capitalcientifica.com.mx\/tienda\/product\/maniqui-de-entrenamiento-de-emergencias-en-hospital-premium-acls-sku-man-acls\/","og_site_name":"Capital Cient&iacute;fica","article_modified_time":"2023-02-22T18:08:16+00:00","og_image":[{"width":1000,"height":1000,"url":"https:\/\/capitalcientifica.com.mx\/tienda\/wp-content\/uploads\/2022\/03\/0001954_maniqui-para-el-entrenamiento-de-emergencia-en-hospital-premium-acls.jpeg","type":"image\/jpeg"}],"twitter_card":"summary_large_image","twitter_misc":{"Tiempo de lectura":"1 minuto"},"schema":{"@context":"https:\/\/schema.org","@graph":[{"@type":"WebPage","@id":"https:\/\/capitalcientifica.com.mx\/tienda\/product\/maniqui-de-entrenamiento-de-emergencias-en-hospital-premium-acls-sku-man-acls\/","url":"https:\/\/capitalcientifica.com.mx\/tienda\/product\/maniqui-de-entrenamiento-de-emergencias-en-hospital-premium-acls-sku-man-acls\/","name":"MANIQU\u00cd DE ENTRENAMIENTO DE EMERGENCIAS EN HOSPITAL PREMIUM ACLS - Capital Cient&iacute;fica","isPartOf":{"@id":"https:\/\/capitalcientifica.com.mx\/tienda\/#website"},"primaryImageOfPage":{"@id":"https:\/\/capitalcientifica.com.mx\/tienda\/product\/maniqui-de-entrenamiento-de-emergencias-en-hospital-premium-acls-sku-man-acls\/#primaryimage"},"image":{"@id":"https:\/\/capitalcientifica.com.mx\/tienda\/product\/maniqui-de-entrenamiento-de-emergencias-en-hospital-premium-acls-sku-man-acls\/#primaryimage"},"thumbnailUrl":"https:\/\/capitalcientifica.com.mx\/tienda\/wp-content\/uploads\/2022\/03\/0001954_maniqui-para-el-entrenamiento-de-emergencia-en-hospital-premium-acls.jpeg","datePublished":"2022-03-10T21:31:50+00:00","dateModified":"2023-02-22T18:08:16+00:00","breadcrumb":{"@id":"https:\/\/capitalcientifica.com.mx\/tienda\/product\/maniqui-de-entrenamiento-de-emergencias-en-hospital-premium-acls-sku-man-acls\/#breadcrumb"},"inLanguage":"es","potentialAction":[{"@type":"ReadAction","target":["https:\/\/capitalcientifica.com.mx\/tienda\/product\/maniqui-de-entrenamiento-de-emergencias-en-hospital-premium-acls-sku-man-acls\/"]}]},{"@type":"ImageObject","inLanguage":"es","@id":"https:\/\/capitalcientifica.com.mx\/tienda\/product\/maniqui-de-entrenamiento-de-emergencias-en-hospital-premium-acls-sku-man-acls\/#primaryimage","url":"https:\/\/capitalcientifica.com.mx\/tienda\/wp-content\/uploads\/2022\/03\/0001954_maniqui-para-el-entrenamiento-de-emergencia-en-hospital-premium-acls.jpeg","contentUrl":"https:\/\/capitalcientifica.com.mx\/tienda\/wp-content\/uploads\/2022\/03\/0001954_maniqui-para-el-entrenamiento-de-emergencia-en-hospital-premium-acls.jpeg","width":1000,"height":1000},{"@type":"BreadcrumbList","@id":"https:\/\/capitalcientifica.com.mx\/tienda\/product\/maniqui-de-entrenamiento-de-emergencias-en-hospital-premium-acls-sku-man-acls\/#breadcrumb","itemListElement":[{"@type":"ListItem","position":1,"name":"Portada","item":"https:\/\/capitalcientifica.com.mx\/tienda\/"},{"@type":"ListItem","position":2,"name":"Shop","item":"https:\/\/capitalcientifica.com.mx\/tienda\/shop\/"},{"@type":"ListItem","position":3,"name":"MANIQU\u00cd DE ENTRENAMIENTO DE EMERGENCIAS EN HOSPITAL PREMIUM ACLS"}]},{"@type":"WebSite","@id":"https:\/\/capitalcientifica.com.mx\/tienda\/#website","url":"https:\/\/capitalcientifica.com.mx\/tienda\/","name":"Capital Cient&iacute;fica","description":"Equipo para laboratorio","potentialAction":[{"@type":"SearchAction","target":{"@type":"EntryPoint","urlTemplate":"https:\/\/capitalcientifica.com.mx\/tienda\/?s={search_term_string}"},"query-input":{"@type":"PropertyValueSpecification","valueRequired":true,"valueName":"search_term_string"}}],"inLanguage":"es"}]}},"_links":{"self":[{"href":"https:\/\/capitalcientifica.com.mx\/tienda\/wp-json\/wp\/v2\/product\/5390","targetHints":{"allow":["GET"]}}],"collection":[{"href":"https:\/\/capitalcientifica.com.mx\/tienda\/wp-json\/wp\/v2\/product"}],"about":[{"href":"https:\/\/capitalcientifica.com.mx\/tienda\/wp-json\/wp\/v2\/types\/product"}],"replies":[{"embeddable":true,"href":"https:\/\/capitalcientifica.com.mx\/tienda\/wp-json\/wp\/v2\/comments?post=5390"}],"wp:featuredmedia":[{"embeddable":true,"href":"https:\/\/capitalcientifica.com.mx\/tienda\/wp-json\/wp\/v2\/media\/5391"}],"wp:attachment":[{"href":"https:\/\/capitalcientifica.com.mx\/tienda\/wp-json\/wp\/v2\/media?parent=5390"}],"wp:term":[{"taxonomy":"product_cat","embeddable":true,"href":"https:\/\/capitalcientifica.com.mx\/tienda\/wp-json\/wp\/v2\/product_cat?post=5390"},{"taxonomy":"product_tag","embeddable":true,"href":"https:\/\/capitalcientifica.com.mx\/tienda\/wp-json\/wp\/v2\/product_tag?post=5390"}],"curies":[{"name":"wp","href":"https:\/\/api.w.org\/{rel}","templated":true}]}}