{"id":5383,"date":"2022-03-10T21:25:56","date_gmt":"2022-03-10T21:25:56","guid":{"rendered":"https:\/\/www.capitalcientifica.com.mx\/?post_type=product&#038;p=5383"},"modified":"2023-02-22T18:12:25","modified_gmt":"2023-02-22T18:12:25","slug":"maniqui-neonatal-para-entrenamiento-de-emergencias-comprehensivo-acls-sku-neo-acls-red","status":"publish","type":"product","link":"https:\/\/capitalcientifica.com.mx\/tienda\/product\/maniqui-neonatal-para-entrenamiento-de-emergencias-comprehensivo-acls-sku-neo-acls-red\/","title":{"rendered":"MANIQU\u00cd NEONATAL PARA ENTRENAMIENTO DE EMERGENCIAS (COMPREHENSIVO) ACLS"},"content":{"rendered":"<p>MANIQU\u00cd NEONATAL PARA ENTRENAMIENTO DE EMERGENCIAS (COMPREHENSIVO) ACLS<\/p>\n<div class=\"short-description\">Este maniqu\u00ed es el l\u00edder mundial de la interacci\u00f3n hombre-m\u00e1quina. Este sistema completo puede simular escenas reales de emergencia y todos los signos relacionados con el paciente en estado de emergencia, como el estado de las pupilas, el pulso arterial, el ritmo cardiaco, la auscultaci\u00f3n de coraz\u00f3n y pulmones, etc. Todas las medidas de emergencia (como la maniobra de desfibrilaci\u00f3n, la toma del ritmo cardiaco la maniobra de RCP, administraci\u00f3n de medicamentos, etc). Tiene la propiedad de que todos los instrumentos de emergencia reales pueden funcionar con este simulador. Con base en la gu\u00eda para RCP y ECC AHA (American Heart Association, 2015).<\/div>\n<div>\n<div class=\"additional-details\">\n<div class=\"sku\"><span class=\"label\">SKU:<\/span>\u00a0<span id=\"sku-6878\" class=\"value\">NEO-ACLS-RED<\/span><\/div>\n<\/div>\n<\/div>\n<div class=\"availability\"><\/div>\n","protected":false},"excerpt":{"rendered":"<p>MANIQU\u00cd NEONATAL PARA ENTRENAMIENTO DE EMERGENCIAS (COMPREHENSIVO) ACLS<\/p>\n<div class=\"short-description\">Este maniqu\u00ed es el l\u00edder mundial de la interacci\u00f3n hombre-m\u00e1quina. Este sistema completo puede simular escenas reales de emergencia y todos los signos relacionados con el paciente en estado de emergencia, como el estado de las pupilas, el pulso arterial, el ritmo cardiaco, la auscultaci\u00f3n de coraz\u00f3n y pulmones, etc. Todas las medidas de emergencia (como la maniobra de desfibrilaci\u00f3n, la toma del ritmo cardiaco la maniobra de RCP, administraci\u00f3n de medicamentos, etc). Tiene la propiedad de que todos los instrumentos de emergencia reales pueden funcionar con este simulador. Con base en la gu\u00eda para RCP y ECC AHA (American Heart Association, 2015).<\/div>\n<div class=\"availability\">\n<div class=\"additional-details\">\n<div class=\"sku\"><span class=\"label\">SKU:<\/span>\u00a0<span id=\"sku-6878\" class=\"value\">NEO-ACLS-RED<\/span><\/div>\n<\/div>\n<\/div>\n","protected":false},"featured_media":5384,"comment_status":"open","ping_status":"closed","template":"","meta":{"_joinchat":[]},"product_cat":[147,155],"product_tag":[172,173,1279],"class_list":{"0":"post-5383","1":"product","2":"type-product","3":"status-publish","4":"has-post-thumbnail","6":"product_cat-simuladores-medicos-de-importacion","7":"product_cat-soporte-vital-avanzado","8":"product_tag-equipo-de-laboratorio","9":"product_tag-equipo-para-laboratorio","10":"product_tag-maniqui-neonatal-para-entrenamiento-de-emergencias-comprehensivo-acls","12":"first","13":"instock","14":"shipping-taxable","15":"product-type-simple","16":"col-xs-6 col-sm-4","17":"col-md-3 col-lg-3","18":"un-4-cols"},"yoast_head":"<!-- This site is optimized with the Yoast SEO plugin v27.5 - https:\/\/yoast.com\/product\/yoast-seo-wordpress\/ -->\n<title>MANIQU\u00cd NEONATAL PARA ENTRENAMIENTO DE EMERGENCIAS (COMPREHENSIVO) ACLS - Capital Cient&iacute;fica<\/title>\n<meta name=\"robots\" content=\"index, follow, max-snippet:-1, max-image-preview:large, max-video-preview:-1\" \/>\n<link rel=\"canonical\" href=\"https:\/\/capitalcientifica.com.mx\/tienda\/product\/maniqui-neonatal-para-entrenamiento-de-emergencias-comprehensivo-acls-sku-neo-acls-red\/\" \/>\n<meta property=\"og:locale\" content=\"es_ES\" \/>\n<meta property=\"og:type\" content=\"article\" \/>\n<meta property=\"og:title\" content=\"MANIQU\u00cd NEONATAL PARA ENTRENAMIENTO DE EMERGENCIAS (COMPREHENSIVO) ACLS - Capital Cient&iacute;fica\" \/>\n<meta property=\"og:description\" content=\"MANIQU\u00cd NEONATAL PARA ENTRENAMIENTO DE EMERGENCIAS (COMPREHENSIVO) ACLS Este maniqu\u00ed es el l\u00edder mundial de la interacci\u00f3n hombre-m\u00e1quina. Este sistema completo puede simular escenas reales de emergencia y todos los signos relacionados con el paciente en estado de emergencia, como el estado de las pupilas, el pulso arterial, el ritmo cardiaco, la auscultaci\u00f3n de coraz\u00f3n y pulmones, etc. Todas las medidas de emergencia (como la maniobra de desfibrilaci\u00f3n, la toma del ritmo cardiaco la maniobra de RCP, administraci\u00f3n de medicamentos, etc). Tiene la propiedad de que todos los instrumentos de emergencia reales pueden funcionar con este simulador. Con base en la gu\u00eda para RCP y ECC AHA (American Heart Association, 2015).   SKU:\u00a0NEO-ACLS-RED\" \/>\n<meta property=\"og:url\" content=\"https:\/\/capitalcientifica.com.mx\/tienda\/product\/maniqui-neonatal-para-entrenamiento-de-emergencias-comprehensivo-acls-sku-neo-acls-red\/\" \/>\n<meta property=\"og:site_name\" content=\"Capital Cient&iacute;fica\" \/>\n<meta property=\"article:modified_time\" content=\"2023-02-22T18:12:25+00:00\" \/>\n<meta property=\"og:image\" content=\"https:\/\/capitalcientifica.com.mx\/tienda\/wp-content\/uploads\/2022\/03\/0002077_maniqui-neonatal-para-el-entrenamiento-de-emergencias-comprehensivo-acls.jpeg\" \/>\n\t<meta property=\"og:image:width\" content=\"1000\" \/>\n\t<meta property=\"og:image:height\" content=\"1000\" \/>\n\t<meta property=\"og:image:type\" content=\"image\/jpeg\" \/>\n<meta name=\"twitter:card\" content=\"summary_large_image\" \/>\n<meta name=\"twitter:label1\" content=\"Tiempo de lectura\" \/>\n\t<meta name=\"twitter:data1\" content=\"1 minuto\" \/>\n<script type=\"application\/ld+json\" class=\"yoast-schema-graph\">{\"@context\":\"https:\\\/\\\/schema.org\",\"@graph\":[{\"@type\":\"WebPage\",\"@id\":\"https:\\\/\\\/capitalcientifica.com.mx\\\/tienda\\\/product\\\/maniqui-neonatal-para-entrenamiento-de-emergencias-comprehensivo-acls-sku-neo-acls-red\\\/\",\"url\":\"https:\\\/\\\/capitalcientifica.com.mx\\\/tienda\\\/product\\\/maniqui-neonatal-para-entrenamiento-de-emergencias-comprehensivo-acls-sku-neo-acls-red\\\/\",\"name\":\"MANIQU\u00cd NEONATAL PARA ENTRENAMIENTO DE EMERGENCIAS (COMPREHENSIVO) ACLS - Capital Cient&iacute;fica\",\"isPartOf\":{\"@id\":\"https:\\\/\\\/capitalcientifica.com.mx\\\/tienda\\\/#website\"},\"primaryImageOfPage\":{\"@id\":\"https:\\\/\\\/capitalcientifica.com.mx\\\/tienda\\\/product\\\/maniqui-neonatal-para-entrenamiento-de-emergencias-comprehensivo-acls-sku-neo-acls-red\\\/#primaryimage\"},\"image\":{\"@id\":\"https:\\\/\\\/capitalcientifica.com.mx\\\/tienda\\\/product\\\/maniqui-neonatal-para-entrenamiento-de-emergencias-comprehensivo-acls-sku-neo-acls-red\\\/#primaryimage\"},\"thumbnailUrl\":\"https:\\\/\\\/capitalcientifica.com.mx\\\/tienda\\\/wp-content\\\/uploads\\\/2022\\\/03\\\/0002077_maniqui-neonatal-para-el-entrenamiento-de-emergencias-comprehensivo-acls.jpeg\",\"datePublished\":\"2022-03-10T21:25:56+00:00\",\"dateModified\":\"2023-02-22T18:12:25+00:00\",\"breadcrumb\":{\"@id\":\"https:\\\/\\\/capitalcientifica.com.mx\\\/tienda\\\/product\\\/maniqui-neonatal-para-entrenamiento-de-emergencias-comprehensivo-acls-sku-neo-acls-red\\\/#breadcrumb\"},\"inLanguage\":\"es\",\"potentialAction\":[{\"@type\":\"ReadAction\",\"target\":[\"https:\\\/\\\/capitalcientifica.com.mx\\\/tienda\\\/product\\\/maniqui-neonatal-para-entrenamiento-de-emergencias-comprehensivo-acls-sku-neo-acls-red\\\/\"]}]},{\"@type\":\"ImageObject\",\"inLanguage\":\"es\",\"@id\":\"https:\\\/\\\/capitalcientifica.com.mx\\\/tienda\\\/product\\\/maniqui-neonatal-para-entrenamiento-de-emergencias-comprehensivo-acls-sku-neo-acls-red\\\/#primaryimage\",\"url\":\"https:\\\/\\\/capitalcientifica.com.mx\\\/tienda\\\/wp-content\\\/uploads\\\/2022\\\/03\\\/0002077_maniqui-neonatal-para-el-entrenamiento-de-emergencias-comprehensivo-acls.jpeg\",\"contentUrl\":\"https:\\\/\\\/capitalcientifica.com.mx\\\/tienda\\\/wp-content\\\/uploads\\\/2022\\\/03\\\/0002077_maniqui-neonatal-para-el-entrenamiento-de-emergencias-comprehensivo-acls.jpeg\",\"width\":1000,\"height\":1000},{\"@type\":\"BreadcrumbList\",\"@id\":\"https:\\\/\\\/capitalcientifica.com.mx\\\/tienda\\\/product\\\/maniqui-neonatal-para-entrenamiento-de-emergencias-comprehensivo-acls-sku-neo-acls-red\\\/#breadcrumb\",\"itemListElement\":[{\"@type\":\"ListItem\",\"position\":1,\"name\":\"Portada\",\"item\":\"https:\\\/\\\/capitalcientifica.com.mx\\\/tienda\\\/\"},{\"@type\":\"ListItem\",\"position\":2,\"name\":\"Shop\",\"item\":\"https:\\\/\\\/capitalcientifica.com.mx\\\/tienda\\\/shop\\\/\"},{\"@type\":\"ListItem\",\"position\":3,\"name\":\"MANIQU\u00cd NEONATAL PARA ENTRENAMIENTO DE EMERGENCIAS (COMPREHENSIVO) ACLS\"}]},{\"@type\":\"WebSite\",\"@id\":\"https:\\\/\\\/capitalcientifica.com.mx\\\/tienda\\\/#website\",\"url\":\"https:\\\/\\\/capitalcientifica.com.mx\\\/tienda\\\/\",\"name\":\"Capital Cient&iacute;fica\",\"description\":\"Equipo para laboratorio\",\"potentialAction\":[{\"@type\":\"SearchAction\",\"target\":{\"@type\":\"EntryPoint\",\"urlTemplate\":\"https:\\\/\\\/capitalcientifica.com.mx\\\/tienda\\\/?s={search_term_string}\"},\"query-input\":{\"@type\":\"PropertyValueSpecification\",\"valueRequired\":true,\"valueName\":\"search_term_string\"}}],\"inLanguage\":\"es\"}]}<\/script>\n<!-- \/ Yoast SEO plugin. -->","yoast_head_json":{"title":"MANIQU\u00cd NEONATAL PARA ENTRENAMIENTO DE EMERGENCIAS (COMPREHENSIVO) ACLS - Capital Cient&iacute;fica","robots":{"index":"index","follow":"follow","max-snippet":"max-snippet:-1","max-image-preview":"max-image-preview:large","max-video-preview":"max-video-preview:-1"},"canonical":"https:\/\/capitalcientifica.com.mx\/tienda\/product\/maniqui-neonatal-para-entrenamiento-de-emergencias-comprehensivo-acls-sku-neo-acls-red\/","og_locale":"es_ES","og_type":"article","og_title":"MANIQU\u00cd NEONATAL PARA ENTRENAMIENTO DE EMERGENCIAS (COMPREHENSIVO) ACLS - Capital Cient&iacute;fica","og_description":"MANIQU\u00cd NEONATAL PARA ENTRENAMIENTO DE EMERGENCIAS (COMPREHENSIVO) ACLS Este maniqu\u00ed es el l\u00edder mundial de la interacci\u00f3n hombre-m\u00e1quina. Este sistema completo puede simular escenas reales de emergencia y todos los signos relacionados con el paciente en estado de emergencia, como el estado de las pupilas, el pulso arterial, el ritmo cardiaco, la auscultaci\u00f3n de coraz\u00f3n y pulmones, etc. Todas las medidas de emergencia (como la maniobra de desfibrilaci\u00f3n, la toma del ritmo cardiaco la maniobra de RCP, administraci\u00f3n de medicamentos, etc). Tiene la propiedad de que todos los instrumentos de emergencia reales pueden funcionar con este simulador. Con base en la gu\u00eda para RCP y ECC AHA (American Heart Association, 2015).   SKU:\u00a0NEO-ACLS-RED","og_url":"https:\/\/capitalcientifica.com.mx\/tienda\/product\/maniqui-neonatal-para-entrenamiento-de-emergencias-comprehensivo-acls-sku-neo-acls-red\/","og_site_name":"Capital Cient&iacute;fica","article_modified_time":"2023-02-22T18:12:25+00:00","og_image":[{"width":1000,"height":1000,"url":"https:\/\/capitalcientifica.com.mx\/tienda\/wp-content\/uploads\/2022\/03\/0002077_maniqui-neonatal-para-el-entrenamiento-de-emergencias-comprehensivo-acls.jpeg","type":"image\/jpeg"}],"twitter_card":"summary_large_image","twitter_misc":{"Tiempo de lectura":"1 minuto"},"schema":{"@context":"https:\/\/schema.org","@graph":[{"@type":"WebPage","@id":"https:\/\/capitalcientifica.com.mx\/tienda\/product\/maniqui-neonatal-para-entrenamiento-de-emergencias-comprehensivo-acls-sku-neo-acls-red\/","url":"https:\/\/capitalcientifica.com.mx\/tienda\/product\/maniqui-neonatal-para-entrenamiento-de-emergencias-comprehensivo-acls-sku-neo-acls-red\/","name":"MANIQU\u00cd NEONATAL PARA ENTRENAMIENTO DE EMERGENCIAS (COMPREHENSIVO) ACLS - Capital Cient&iacute;fica","isPartOf":{"@id":"https:\/\/capitalcientifica.com.mx\/tienda\/#website"},"primaryImageOfPage":{"@id":"https:\/\/capitalcientifica.com.mx\/tienda\/product\/maniqui-neonatal-para-entrenamiento-de-emergencias-comprehensivo-acls-sku-neo-acls-red\/#primaryimage"},"image":{"@id":"https:\/\/capitalcientifica.com.mx\/tienda\/product\/maniqui-neonatal-para-entrenamiento-de-emergencias-comprehensivo-acls-sku-neo-acls-red\/#primaryimage"},"thumbnailUrl":"https:\/\/capitalcientifica.com.mx\/tienda\/wp-content\/uploads\/2022\/03\/0002077_maniqui-neonatal-para-el-entrenamiento-de-emergencias-comprehensivo-acls.jpeg","datePublished":"2022-03-10T21:25:56+00:00","dateModified":"2023-02-22T18:12:25+00:00","breadcrumb":{"@id":"https:\/\/capitalcientifica.com.mx\/tienda\/product\/maniqui-neonatal-para-entrenamiento-de-emergencias-comprehensivo-acls-sku-neo-acls-red\/#breadcrumb"},"inLanguage":"es","potentialAction":[{"@type":"ReadAction","target":["https:\/\/capitalcientifica.com.mx\/tienda\/product\/maniqui-neonatal-para-entrenamiento-de-emergencias-comprehensivo-acls-sku-neo-acls-red\/"]}]},{"@type":"ImageObject","inLanguage":"es","@id":"https:\/\/capitalcientifica.com.mx\/tienda\/product\/maniqui-neonatal-para-entrenamiento-de-emergencias-comprehensivo-acls-sku-neo-acls-red\/#primaryimage","url":"https:\/\/capitalcientifica.com.mx\/tienda\/wp-content\/uploads\/2022\/03\/0002077_maniqui-neonatal-para-el-entrenamiento-de-emergencias-comprehensivo-acls.jpeg","contentUrl":"https:\/\/capitalcientifica.com.mx\/tienda\/wp-content\/uploads\/2022\/03\/0002077_maniqui-neonatal-para-el-entrenamiento-de-emergencias-comprehensivo-acls.jpeg","width":1000,"height":1000},{"@type":"BreadcrumbList","@id":"https:\/\/capitalcientifica.com.mx\/tienda\/product\/maniqui-neonatal-para-entrenamiento-de-emergencias-comprehensivo-acls-sku-neo-acls-red\/#breadcrumb","itemListElement":[{"@type":"ListItem","position":1,"name":"Portada","item":"https:\/\/capitalcientifica.com.mx\/tienda\/"},{"@type":"ListItem","position":2,"name":"Shop","item":"https:\/\/capitalcientifica.com.mx\/tienda\/shop\/"},{"@type":"ListItem","position":3,"name":"MANIQU\u00cd NEONATAL PARA ENTRENAMIENTO DE EMERGENCIAS (COMPREHENSIVO) ACLS"}]},{"@type":"WebSite","@id":"https:\/\/capitalcientifica.com.mx\/tienda\/#website","url":"https:\/\/capitalcientifica.com.mx\/tienda\/","name":"Capital Cient&iacute;fica","description":"Equipo para laboratorio","potentialAction":[{"@type":"SearchAction","target":{"@type":"EntryPoint","urlTemplate":"https:\/\/capitalcientifica.com.mx\/tienda\/?s={search_term_string}"},"query-input":{"@type":"PropertyValueSpecification","valueRequired":true,"valueName":"search_term_string"}}],"inLanguage":"es"}]}},"_links":{"self":[{"href":"https:\/\/capitalcientifica.com.mx\/tienda\/wp-json\/wp\/v2\/product\/5383","targetHints":{"allow":["GET"]}}],"collection":[{"href":"https:\/\/capitalcientifica.com.mx\/tienda\/wp-json\/wp\/v2\/product"}],"about":[{"href":"https:\/\/capitalcientifica.com.mx\/tienda\/wp-json\/wp\/v2\/types\/product"}],"replies":[{"embeddable":true,"href":"https:\/\/capitalcientifica.com.mx\/tienda\/wp-json\/wp\/v2\/comments?post=5383"}],"wp:featuredmedia":[{"embeddable":true,"href":"https:\/\/capitalcientifica.com.mx\/tienda\/wp-json\/wp\/v2\/media\/5384"}],"wp:attachment":[{"href":"https:\/\/capitalcientifica.com.mx\/tienda\/wp-json\/wp\/v2\/media?parent=5383"}],"wp:term":[{"taxonomy":"product_cat","embeddable":true,"href":"https:\/\/capitalcientifica.com.mx\/tienda\/wp-json\/wp\/v2\/product_cat?post=5383"},{"taxonomy":"product_tag","embeddable":true,"href":"https:\/\/capitalcientifica.com.mx\/tienda\/wp-json\/wp\/v2\/product_tag?post=5383"}],"curies":[{"name":"wp","href":"https:\/\/api.w.org\/{rel}","templated":true}]}}