{"id":5375,"date":"2022-03-10T21:15:00","date_gmt":"2022-03-10T21:15:00","guid":{"rendered":"https:\/\/www.capitalcientifica.com.mx\/?post_type=product&#038;p=5375"},"modified":"2023-02-22T18:11:06","modified_gmt":"2023-02-22T18:11:06","slug":"maniqui-de-neonato-para-entrenamiento-de-habilidades-acls-soporte-vitall-cardiaco-avanzado-en-situaciones-de-emergencia-sku-bb-acls","status":"publish","type":"product","link":"https:\/\/capitalcientifica.com.mx\/tienda\/product\/maniqui-de-neonato-para-entrenamiento-de-habilidades-acls-soporte-vitall-cardiaco-avanzado-en-situaciones-de-emergencia-sku-bb-acls\/","title":{"rendered":"MANIQUI DE NEONATO PARA ENTRENAMIENTO DE HABILIDADES ACLS"},"content":{"rendered":"<p>MANIQUI DE NEONATO PARA ENTRENAMIENTO DE HABILIDADES ACLS (SOPORTE VITALL CARDIACO AVANZADO), EN SITUACIONES DE EMERGENCIA<\/p>\n<div class=\"short-description\">ESTE MANIQU\u00cd RESULTA UNA HERRAMIENTA INDISPENSABLE EN LOS HOSPITALES, ESCUELAS DE ENFERMER\u00cdA, MEDICINA, PARAM\u00c9DICOS, ETC. EST\u00c1 DISE\u00d1ADO CON BASE EN LA ANATOM\u00cdA DE UN NEONATO (CARACTER\u00cdSTICAS PSICOL\u00d3GICAS Y FISIOL\u00d3GICAS).<\/div>\n<div class=\"availability\">\n<div class=\"additional-details\">\n<div class=\"sku\"><span class=\"label\">SKU:<\/span>\u00a0<span id=\"sku-6872\" class=\"value\">BB-ACLS<\/span><\/div>\n<\/div>\n<\/div>\n","protected":false},"excerpt":{"rendered":"<p>MANIQUI DE NEONATO PARA ENTRENAMIENTO DE HABILIDADES ACLS (SOPORTE VITALL CARDIACO AVANZADO), EN SITUACIONES DE EMERGENCIA<\/p>\n<div class=\"short-description\">ESTE MANIQU\u00cd RESULTA UNA HERRAMIENTA INDISPENSABLE EN LOS HOSPITALES, ESCUELAS DE ENFERMER\u00cdA, MEDICINA, PARAM\u00c9DICOS, ETC. EST\u00c1 DISE\u00d1ADO CON BASE EN LA ANATOM\u00cdA DE UN NEONATO (CARACTER\u00cdSTICAS PSICOL\u00d3GICAS Y FISIOL\u00d3GICAS).<\/div>\n<div class=\"availability\">\n<div class=\"additional-details\">\n<div class=\"sku\"><span class=\"label\">SKU:<\/span>\u00a0<span id=\"sku-6872\" class=\"value\">BB-ACLS<\/span><\/div>\n<\/div>\n<\/div>\n","protected":false},"featured_media":5376,"comment_status":"open","ping_status":"closed","template":"","meta":{"_joinchat":[]},"product_cat":[147,155],"product_tag":[172,173,1273],"class_list":{"0":"post-5375","1":"product","2":"type-product","3":"status-publish","4":"has-post-thumbnail","6":"product_cat-simuladores-medicos-de-importacion","7":"product_cat-soporte-vital-avanzado","8":"product_tag-equipo-de-laboratorio","9":"product_tag-equipo-para-laboratorio","10":"product_tag-maniqui-de-neonato-para-entrenamiento-de-habilidades-acls","12":"first","13":"instock","14":"shipping-taxable","15":"product-type-simple","16":"col-xs-6 col-sm-4","17":"col-md-3 col-lg-3","18":"un-4-cols"},"yoast_head":"<!-- This site is optimized with the Yoast SEO plugin v27.2 - https:\/\/yoast.com\/product\/yoast-seo-wordpress\/ -->\n<title>MANIQUI DE NEONATO PARA ENTRENAMIENTO DE HABILIDADES ACLS - Capital Cient&iacute;fica<\/title>\n<meta name=\"robots\" content=\"index, follow, max-snippet:-1, max-image-preview:large, max-video-preview:-1\" \/>\n<link rel=\"canonical\" href=\"https:\/\/capitalcientifica.com.mx\/tienda\/product\/maniqui-de-neonato-para-entrenamiento-de-habilidades-acls-soporte-vitall-cardiaco-avanzado-en-situaciones-de-emergencia-sku-bb-acls\/\" \/>\n<meta property=\"og:locale\" content=\"es_ES\" \/>\n<meta property=\"og:type\" content=\"article\" \/>\n<meta property=\"og:title\" content=\"MANIQUI DE NEONATO PARA ENTRENAMIENTO DE HABILIDADES ACLS - Capital Cient&iacute;fica\" \/>\n<meta property=\"og:description\" content=\"MANIQUI DE NEONATO PARA ENTRENAMIENTO DE HABILIDADES ACLS (SOPORTE VITALL CARDIACO AVANZADO), EN SITUACIONES DE EMERGENCIA ESTE MANIQU\u00cd RESULTA UNA HERRAMIENTA INDISPENSABLE EN LOS HOSPITALES, ESCUELAS DE ENFERMER\u00cdA, MEDICINA, PARAM\u00c9DICOS, ETC. EST\u00c1 DISE\u00d1ADO CON BASE EN LA ANATOM\u00cdA DE UN NEONATO (CARACTER\u00cdSTICAS PSICOL\u00d3GICAS Y FISIOL\u00d3GICAS).   SKU:\u00a0BB-ACLS\" \/>\n<meta property=\"og:url\" content=\"https:\/\/capitalcientifica.com.mx\/tienda\/product\/maniqui-de-neonato-para-entrenamiento-de-habilidades-acls-soporte-vitall-cardiaco-avanzado-en-situaciones-de-emergencia-sku-bb-acls\/\" \/>\n<meta property=\"og:site_name\" content=\"Capital Cient&iacute;fica\" \/>\n<meta property=\"article:modified_time\" content=\"2023-02-22T18:11:06+00:00\" \/>\n<meta property=\"og:image\" content=\"https:\/\/capitalcientifica.com.mx\/tienda\/wp-content\/uploads\/2022\/03\/0002196_maniqui-de-neonato-para-entrenamiento-de-acls-en-emergencia.jpeg\" \/>\n\t<meta property=\"og:image:width\" content=\"1000\" \/>\n\t<meta property=\"og:image:height\" content=\"1000\" \/>\n\t<meta property=\"og:image:type\" content=\"image\/jpeg\" \/>\n<meta name=\"twitter:card\" content=\"summary_large_image\" \/>\n<script type=\"application\/ld+json\" class=\"yoast-schema-graph\">{\"@context\":\"https:\/\/schema.org\",\"@graph\":[{\"@type\":\"WebPage\",\"@id\":\"https:\/\/capitalcientifica.com.mx\/tienda\/product\/maniqui-de-neonato-para-entrenamiento-de-habilidades-acls-soporte-vitall-cardiaco-avanzado-en-situaciones-de-emergencia-sku-bb-acls\/\",\"url\":\"https:\/\/capitalcientifica.com.mx\/tienda\/product\/maniqui-de-neonato-para-entrenamiento-de-habilidades-acls-soporte-vitall-cardiaco-avanzado-en-situaciones-de-emergencia-sku-bb-acls\/\",\"name\":\"MANIQUI DE NEONATO PARA ENTRENAMIENTO DE HABILIDADES ACLS - Capital Cient&iacute;fica\",\"isPartOf\":{\"@id\":\"https:\/\/capitalcientifica.com.mx\/tienda\/#website\"},\"primaryImageOfPage\":{\"@id\":\"https:\/\/capitalcientifica.com.mx\/tienda\/product\/maniqui-de-neonato-para-entrenamiento-de-habilidades-acls-soporte-vitall-cardiaco-avanzado-en-situaciones-de-emergencia-sku-bb-acls\/#primaryimage\"},\"image\":{\"@id\":\"https:\/\/capitalcientifica.com.mx\/tienda\/product\/maniqui-de-neonato-para-entrenamiento-de-habilidades-acls-soporte-vitall-cardiaco-avanzado-en-situaciones-de-emergencia-sku-bb-acls\/#primaryimage\"},\"thumbnailUrl\":\"https:\/\/capitalcientifica.com.mx\/tienda\/wp-content\/uploads\/2022\/03\/0002196_maniqui-de-neonato-para-entrenamiento-de-acls-en-emergencia.jpeg\",\"datePublished\":\"2022-03-10T21:15:00+00:00\",\"dateModified\":\"2023-02-22T18:11:06+00:00\",\"breadcrumb\":{\"@id\":\"https:\/\/capitalcientifica.com.mx\/tienda\/product\/maniqui-de-neonato-para-entrenamiento-de-habilidades-acls-soporte-vitall-cardiaco-avanzado-en-situaciones-de-emergencia-sku-bb-acls\/#breadcrumb\"},\"inLanguage\":\"es\",\"potentialAction\":[{\"@type\":\"ReadAction\",\"target\":[\"https:\/\/capitalcientifica.com.mx\/tienda\/product\/maniqui-de-neonato-para-entrenamiento-de-habilidades-acls-soporte-vitall-cardiaco-avanzado-en-situaciones-de-emergencia-sku-bb-acls\/\"]}]},{\"@type\":\"ImageObject\",\"inLanguage\":\"es\",\"@id\":\"https:\/\/capitalcientifica.com.mx\/tienda\/product\/maniqui-de-neonato-para-entrenamiento-de-habilidades-acls-soporte-vitall-cardiaco-avanzado-en-situaciones-de-emergencia-sku-bb-acls\/#primaryimage\",\"url\":\"https:\/\/capitalcientifica.com.mx\/tienda\/wp-content\/uploads\/2022\/03\/0002196_maniqui-de-neonato-para-entrenamiento-de-acls-en-emergencia.jpeg\",\"contentUrl\":\"https:\/\/capitalcientifica.com.mx\/tienda\/wp-content\/uploads\/2022\/03\/0002196_maniqui-de-neonato-para-entrenamiento-de-acls-en-emergencia.jpeg\",\"width\":1000,\"height\":1000},{\"@type\":\"BreadcrumbList\",\"@id\":\"https:\/\/capitalcientifica.com.mx\/tienda\/product\/maniqui-de-neonato-para-entrenamiento-de-habilidades-acls-soporte-vitall-cardiaco-avanzado-en-situaciones-de-emergencia-sku-bb-acls\/#breadcrumb\",\"itemListElement\":[{\"@type\":\"ListItem\",\"position\":1,\"name\":\"Portada\",\"item\":\"https:\/\/capitalcientifica.com.mx\/tienda\/\"},{\"@type\":\"ListItem\",\"position\":2,\"name\":\"Shop\",\"item\":\"https:\/\/capitalcientifica.com.mx\/tienda\/shop\/\"},{\"@type\":\"ListItem\",\"position\":3,\"name\":\"MANIQUI DE NEONATO PARA ENTRENAMIENTO DE HABILIDADES ACLS\"}]},{\"@type\":\"WebSite\",\"@id\":\"https:\/\/capitalcientifica.com.mx\/tienda\/#website\",\"url\":\"https:\/\/capitalcientifica.com.mx\/tienda\/\",\"name\":\"Capital Cient&iacute;fica\",\"description\":\"Equipo para laboratorio\",\"potentialAction\":[{\"@type\":\"SearchAction\",\"target\":{\"@type\":\"EntryPoint\",\"urlTemplate\":\"https:\/\/capitalcientifica.com.mx\/tienda\/?s={search_term_string}\"},\"query-input\":{\"@type\":\"PropertyValueSpecification\",\"valueRequired\":true,\"valueName\":\"search_term_string\"}}],\"inLanguage\":\"es\"}]}<\/script>\n<!-- \/ Yoast SEO plugin. -->","yoast_head_json":{"title":"MANIQUI DE NEONATO PARA ENTRENAMIENTO DE HABILIDADES ACLS - Capital Cient&iacute;fica","robots":{"index":"index","follow":"follow","max-snippet":"max-snippet:-1","max-image-preview":"max-image-preview:large","max-video-preview":"max-video-preview:-1"},"canonical":"https:\/\/capitalcientifica.com.mx\/tienda\/product\/maniqui-de-neonato-para-entrenamiento-de-habilidades-acls-soporte-vitall-cardiaco-avanzado-en-situaciones-de-emergencia-sku-bb-acls\/","og_locale":"es_ES","og_type":"article","og_title":"MANIQUI DE NEONATO PARA ENTRENAMIENTO DE HABILIDADES ACLS - Capital Cient&iacute;fica","og_description":"MANIQUI DE NEONATO PARA ENTRENAMIENTO DE HABILIDADES ACLS (SOPORTE VITALL CARDIACO AVANZADO), EN SITUACIONES DE EMERGENCIA ESTE MANIQU\u00cd RESULTA UNA HERRAMIENTA INDISPENSABLE EN LOS HOSPITALES, ESCUELAS DE ENFERMER\u00cdA, MEDICINA, PARAM\u00c9DICOS, ETC. EST\u00c1 DISE\u00d1ADO CON BASE EN LA ANATOM\u00cdA DE UN NEONATO (CARACTER\u00cdSTICAS PSICOL\u00d3GICAS Y FISIOL\u00d3GICAS).   SKU:\u00a0BB-ACLS","og_url":"https:\/\/capitalcientifica.com.mx\/tienda\/product\/maniqui-de-neonato-para-entrenamiento-de-habilidades-acls-soporte-vitall-cardiaco-avanzado-en-situaciones-de-emergencia-sku-bb-acls\/","og_site_name":"Capital Cient&iacute;fica","article_modified_time":"2023-02-22T18:11:06+00:00","og_image":[{"width":1000,"height":1000,"url":"https:\/\/capitalcientifica.com.mx\/tienda\/wp-content\/uploads\/2022\/03\/0002196_maniqui-de-neonato-para-entrenamiento-de-acls-en-emergencia.jpeg","type":"image\/jpeg"}],"twitter_card":"summary_large_image","schema":{"@context":"https:\/\/schema.org","@graph":[{"@type":"WebPage","@id":"https:\/\/capitalcientifica.com.mx\/tienda\/product\/maniqui-de-neonato-para-entrenamiento-de-habilidades-acls-soporte-vitall-cardiaco-avanzado-en-situaciones-de-emergencia-sku-bb-acls\/","url":"https:\/\/capitalcientifica.com.mx\/tienda\/product\/maniqui-de-neonato-para-entrenamiento-de-habilidades-acls-soporte-vitall-cardiaco-avanzado-en-situaciones-de-emergencia-sku-bb-acls\/","name":"MANIQUI DE NEONATO PARA ENTRENAMIENTO DE HABILIDADES ACLS - Capital Cient&iacute;fica","isPartOf":{"@id":"https:\/\/capitalcientifica.com.mx\/tienda\/#website"},"primaryImageOfPage":{"@id":"https:\/\/capitalcientifica.com.mx\/tienda\/product\/maniqui-de-neonato-para-entrenamiento-de-habilidades-acls-soporte-vitall-cardiaco-avanzado-en-situaciones-de-emergencia-sku-bb-acls\/#primaryimage"},"image":{"@id":"https:\/\/capitalcientifica.com.mx\/tienda\/product\/maniqui-de-neonato-para-entrenamiento-de-habilidades-acls-soporte-vitall-cardiaco-avanzado-en-situaciones-de-emergencia-sku-bb-acls\/#primaryimage"},"thumbnailUrl":"https:\/\/capitalcientifica.com.mx\/tienda\/wp-content\/uploads\/2022\/03\/0002196_maniqui-de-neonato-para-entrenamiento-de-acls-en-emergencia.jpeg","datePublished":"2022-03-10T21:15:00+00:00","dateModified":"2023-02-22T18:11:06+00:00","breadcrumb":{"@id":"https:\/\/capitalcientifica.com.mx\/tienda\/product\/maniqui-de-neonato-para-entrenamiento-de-habilidades-acls-soporte-vitall-cardiaco-avanzado-en-situaciones-de-emergencia-sku-bb-acls\/#breadcrumb"},"inLanguage":"es","potentialAction":[{"@type":"ReadAction","target":["https:\/\/capitalcientifica.com.mx\/tienda\/product\/maniqui-de-neonato-para-entrenamiento-de-habilidades-acls-soporte-vitall-cardiaco-avanzado-en-situaciones-de-emergencia-sku-bb-acls\/"]}]},{"@type":"ImageObject","inLanguage":"es","@id":"https:\/\/capitalcientifica.com.mx\/tienda\/product\/maniqui-de-neonato-para-entrenamiento-de-habilidades-acls-soporte-vitall-cardiaco-avanzado-en-situaciones-de-emergencia-sku-bb-acls\/#primaryimage","url":"https:\/\/capitalcientifica.com.mx\/tienda\/wp-content\/uploads\/2022\/03\/0002196_maniqui-de-neonato-para-entrenamiento-de-acls-en-emergencia.jpeg","contentUrl":"https:\/\/capitalcientifica.com.mx\/tienda\/wp-content\/uploads\/2022\/03\/0002196_maniqui-de-neonato-para-entrenamiento-de-acls-en-emergencia.jpeg","width":1000,"height":1000},{"@type":"BreadcrumbList","@id":"https:\/\/capitalcientifica.com.mx\/tienda\/product\/maniqui-de-neonato-para-entrenamiento-de-habilidades-acls-soporte-vitall-cardiaco-avanzado-en-situaciones-de-emergencia-sku-bb-acls\/#breadcrumb","itemListElement":[{"@type":"ListItem","position":1,"name":"Portada","item":"https:\/\/capitalcientifica.com.mx\/tienda\/"},{"@type":"ListItem","position":2,"name":"Shop","item":"https:\/\/capitalcientifica.com.mx\/tienda\/shop\/"},{"@type":"ListItem","position":3,"name":"MANIQUI DE NEONATO PARA ENTRENAMIENTO DE HABILIDADES ACLS"}]},{"@type":"WebSite","@id":"https:\/\/capitalcientifica.com.mx\/tienda\/#website","url":"https:\/\/capitalcientifica.com.mx\/tienda\/","name":"Capital Cient&iacute;fica","description":"Equipo para laboratorio","potentialAction":[{"@type":"SearchAction","target":{"@type":"EntryPoint","urlTemplate":"https:\/\/capitalcientifica.com.mx\/tienda\/?s={search_term_string}"},"query-input":{"@type":"PropertyValueSpecification","valueRequired":true,"valueName":"search_term_string"}}],"inLanguage":"es"}]}},"_links":{"self":[{"href":"https:\/\/capitalcientifica.com.mx\/tienda\/wp-json\/wp\/v2\/product\/5375","targetHints":{"allow":["GET"]}}],"collection":[{"href":"https:\/\/capitalcientifica.com.mx\/tienda\/wp-json\/wp\/v2\/product"}],"about":[{"href":"https:\/\/capitalcientifica.com.mx\/tienda\/wp-json\/wp\/v2\/types\/product"}],"replies":[{"embeddable":true,"href":"https:\/\/capitalcientifica.com.mx\/tienda\/wp-json\/wp\/v2\/comments?post=5375"}],"wp:featuredmedia":[{"embeddable":true,"href":"https:\/\/capitalcientifica.com.mx\/tienda\/wp-json\/wp\/v2\/media\/5376"}],"wp:attachment":[{"href":"https:\/\/capitalcientifica.com.mx\/tienda\/wp-json\/wp\/v2\/media?parent=5375"}],"wp:term":[{"taxonomy":"product_cat","embeddable":true,"href":"https:\/\/capitalcientifica.com.mx\/tienda\/wp-json\/wp\/v2\/product_cat?post=5375"},{"taxonomy":"product_tag","embeddable":true,"href":"https:\/\/capitalcientifica.com.mx\/tienda\/wp-json\/wp\/v2\/product_tag?post=5375"}],"curies":[{"name":"wp","href":"https:\/\/api.w.org\/{rel}","templated":true}]}}