{"id":5351,"date":"2022-03-10T18:43:59","date_gmt":"2022-03-10T18:43:59","guid":{"rendered":"https:\/\/www.capitalcientifica.com.mx\/?post_type=product&#038;p=5351"},"modified":"2023-03-02T22:02:47","modified_gmt":"2023-03-02T22:02:47","slug":"simulador-colocacion-dispositivo-intra-uterino-sku-sim-diu","status":"publish","type":"product","link":"https:\/\/capitalcientifica.com.mx\/tienda\/product\/simulador-colocacion-dispositivo-intra-uterino-sku-sim-diu\/","title":{"rendered":"SIMULADOR COLOCACI\u00d3N DISPOSITIVO INTRA UTERINO"},"content":{"rendered":"<p>SIMULADOR COLOCACI\u00d3N DISPOSITIVO INTRA UTERINO<\/p>\n<div class=\"short-description\">Se trata de una representaci\u00f3n simplificada del aparato genital femenino. este modelo \u00fanico sirve para mostrar de un modo mejorable a los pacientes el uso de diferentes m\u00e9todos anticonceptivos (llamados de barrera). que que se colocan en la vagina, pr\u00f3ximos a la matriz. entre estos se encuentran el cond\u00f3n, capuch\u00f3n cervical, el anillo anticonceptivo, el diafragma y la esponja anticonceptiva.<\/div>\n<div class=\"availability\">\n<div class=\"additional-details\">\n<div class=\"sku\"><span class=\"label\">SKU:<\/span>\u00a0<span id=\"sku-6570\" class=\"value\">SIM-DIU<\/span><\/div>\n<\/div>\n<\/div>\n","protected":false},"excerpt":{"rendered":"<p>SIMULADOR COLOCACI\u00d3N DISPOSITIVO INTRA UTERINO<\/p>\n<div class=\"short-description\">Se trata de una representaci\u00f3n simplificada del aparato genital femenino. este modelo \u00fanico sirve para mostrar de un modo mejorable a los pacientes el uso de diferentes m\u00e9todos anticonceptivos (llamados de barrera). que que se colocan en la vagina, pr\u00f3ximos a la matriz. entre estos se encuentran el cond\u00f3n, capuch\u00f3n cervical, el anillo anticonceptivo, el diafragma y la esponja anticonceptiva.<\/div>\n<div class=\"availability\">\n<div class=\"additional-details\">\n<div class=\"sku\"><span class=\"label\">SKU:<\/span>\u00a0<span id=\"sku-6570\" class=\"value\">SIM-DIU<\/span><\/div>\n<\/div>\n<\/div>\n","protected":false},"featured_media":5352,"comment_status":"open","ping_status":"closed","template":"","meta":{"_joinchat":[]},"product_cat":[147,153],"product_tag":[172,173,2427],"class_list":{"0":"post-5351","1":"product","2":"type-product","3":"status-publish","4":"has-post-thumbnail","6":"product_cat-simuladores-medicos-de-importacion","7":"product_cat-soporte-vital-basico","8":"product_tag-equipo-de-laboratorio","9":"product_tag-equipo-para-laboratorio","10":"product_tag-simulador-colocacion-dispositivo-intra-uterino","12":"first","13":"instock","14":"shipping-taxable","15":"product-type-simple","16":"col-xs-6 col-sm-4","17":"col-md-3 col-lg-3","18":"un-4-cols"},"yoast_head":"<!-- This site is optimized with the Yoast SEO plugin v27.2 - https:\/\/yoast.com\/product\/yoast-seo-wordpress\/ -->\n<title>SIMULADOR COLOCACI\u00d3N DISPOSITIVO INTRA UTERINO - Capital Cient&iacute;fica<\/title>\n<meta name=\"robots\" content=\"index, follow, max-snippet:-1, max-image-preview:large, max-video-preview:-1\" \/>\n<link rel=\"canonical\" href=\"https:\/\/capitalcientifica.com.mx\/tienda\/product\/simulador-colocacion-dispositivo-intra-uterino-sku-sim-diu\/\" \/>\n<meta property=\"og:locale\" content=\"es_ES\" \/>\n<meta property=\"og:type\" content=\"article\" \/>\n<meta property=\"og:title\" content=\"SIMULADOR COLOCACI\u00d3N DISPOSITIVO INTRA UTERINO - Capital Cient&iacute;fica\" \/>\n<meta property=\"og:description\" content=\"SIMULADOR COLOCACI\u00d3N DISPOSITIVO INTRA UTERINO Se trata de una representaci\u00f3n simplificada del aparato genital femenino. este modelo \u00fanico sirve para mostrar de un modo mejorable a los pacientes el uso de diferentes m\u00e9todos anticonceptivos (llamados de barrera). que que se colocan en la vagina, pr\u00f3ximos a la matriz. entre estos se encuentran el cond\u00f3n, capuch\u00f3n cervical, el anillo anticonceptivo, el diafragma y la esponja anticonceptiva.   SKU:\u00a0SIM-DIU\" \/>\n<meta property=\"og:url\" content=\"https:\/\/capitalcientifica.com.mx\/tienda\/product\/simulador-colocacion-dispositivo-intra-uterino-sku-sim-diu\/\" \/>\n<meta property=\"og:site_name\" content=\"Capital Cient&iacute;fica\" \/>\n<meta property=\"article:modified_time\" content=\"2023-03-02T22:02:47+00:00\" \/>\n<meta property=\"og:image\" content=\"https:\/\/capitalcientifica.com.mx\/tienda\/wp-content\/uploads\/2022\/03\/0002277_simulador-colocacion-dispositivo-intra-uterino.jpeg\" \/>\n\t<meta property=\"og:image:width\" content=\"1000\" \/>\n\t<meta property=\"og:image:height\" content=\"1000\" \/>\n\t<meta property=\"og:image:type\" content=\"image\/jpeg\" \/>\n<meta name=\"twitter:card\" content=\"summary_large_image\" \/>\n<script type=\"application\/ld+json\" class=\"yoast-schema-graph\">{\"@context\":\"https:\/\/schema.org\",\"@graph\":[{\"@type\":\"WebPage\",\"@id\":\"https:\/\/capitalcientifica.com.mx\/tienda\/product\/simulador-colocacion-dispositivo-intra-uterino-sku-sim-diu\/\",\"url\":\"https:\/\/capitalcientifica.com.mx\/tienda\/product\/simulador-colocacion-dispositivo-intra-uterino-sku-sim-diu\/\",\"name\":\"SIMULADOR COLOCACI\u00d3N DISPOSITIVO INTRA UTERINO - Capital Cient&iacute;fica\",\"isPartOf\":{\"@id\":\"https:\/\/capitalcientifica.com.mx\/tienda\/#website\"},\"primaryImageOfPage\":{\"@id\":\"https:\/\/capitalcientifica.com.mx\/tienda\/product\/simulador-colocacion-dispositivo-intra-uterino-sku-sim-diu\/#primaryimage\"},\"image\":{\"@id\":\"https:\/\/capitalcientifica.com.mx\/tienda\/product\/simulador-colocacion-dispositivo-intra-uterino-sku-sim-diu\/#primaryimage\"},\"thumbnailUrl\":\"https:\/\/capitalcientifica.com.mx\/tienda\/wp-content\/uploads\/2022\/03\/0002277_simulador-colocacion-dispositivo-intra-uterino.jpeg\",\"datePublished\":\"2022-03-10T18:43:59+00:00\",\"dateModified\":\"2023-03-02T22:02:47+00:00\",\"breadcrumb\":{\"@id\":\"https:\/\/capitalcientifica.com.mx\/tienda\/product\/simulador-colocacion-dispositivo-intra-uterino-sku-sim-diu\/#breadcrumb\"},\"inLanguage\":\"es\",\"potentialAction\":[{\"@type\":\"ReadAction\",\"target\":[\"https:\/\/capitalcientifica.com.mx\/tienda\/product\/simulador-colocacion-dispositivo-intra-uterino-sku-sim-diu\/\"]}]},{\"@type\":\"ImageObject\",\"inLanguage\":\"es\",\"@id\":\"https:\/\/capitalcientifica.com.mx\/tienda\/product\/simulador-colocacion-dispositivo-intra-uterino-sku-sim-diu\/#primaryimage\",\"url\":\"https:\/\/capitalcientifica.com.mx\/tienda\/wp-content\/uploads\/2022\/03\/0002277_simulador-colocacion-dispositivo-intra-uterino.jpeg\",\"contentUrl\":\"https:\/\/capitalcientifica.com.mx\/tienda\/wp-content\/uploads\/2022\/03\/0002277_simulador-colocacion-dispositivo-intra-uterino.jpeg\",\"width\":1000,\"height\":1000},{\"@type\":\"BreadcrumbList\",\"@id\":\"https:\/\/capitalcientifica.com.mx\/tienda\/product\/simulador-colocacion-dispositivo-intra-uterino-sku-sim-diu\/#breadcrumb\",\"itemListElement\":[{\"@type\":\"ListItem\",\"position\":1,\"name\":\"Portada\",\"item\":\"https:\/\/capitalcientifica.com.mx\/tienda\/\"},{\"@type\":\"ListItem\",\"position\":2,\"name\":\"Shop\",\"item\":\"https:\/\/capitalcientifica.com.mx\/tienda\/shop\/\"},{\"@type\":\"ListItem\",\"position\":3,\"name\":\"SIMULADOR COLOCACI\u00d3N DISPOSITIVO INTRA UTERINO\"}]},{\"@type\":\"WebSite\",\"@id\":\"https:\/\/capitalcientifica.com.mx\/tienda\/#website\",\"url\":\"https:\/\/capitalcientifica.com.mx\/tienda\/\",\"name\":\"Capital Cient&iacute;fica\",\"description\":\"Equipo para laboratorio\",\"potentialAction\":[{\"@type\":\"SearchAction\",\"target\":{\"@type\":\"EntryPoint\",\"urlTemplate\":\"https:\/\/capitalcientifica.com.mx\/tienda\/?s={search_term_string}\"},\"query-input\":{\"@type\":\"PropertyValueSpecification\",\"valueRequired\":true,\"valueName\":\"search_term_string\"}}],\"inLanguage\":\"es\"}]}<\/script>\n<!-- \/ Yoast SEO plugin. -->","yoast_head_json":{"title":"SIMULADOR COLOCACI\u00d3N DISPOSITIVO INTRA UTERINO - Capital Cient&iacute;fica","robots":{"index":"index","follow":"follow","max-snippet":"max-snippet:-1","max-image-preview":"max-image-preview:large","max-video-preview":"max-video-preview:-1"},"canonical":"https:\/\/capitalcientifica.com.mx\/tienda\/product\/simulador-colocacion-dispositivo-intra-uterino-sku-sim-diu\/","og_locale":"es_ES","og_type":"article","og_title":"SIMULADOR COLOCACI\u00d3N DISPOSITIVO INTRA UTERINO - Capital Cient&iacute;fica","og_description":"SIMULADOR COLOCACI\u00d3N DISPOSITIVO INTRA UTERINO Se trata de una representaci\u00f3n simplificada del aparato genital femenino. este modelo \u00fanico sirve para mostrar de un modo mejorable a los pacientes el uso de diferentes m\u00e9todos anticonceptivos (llamados de barrera). que que se colocan en la vagina, pr\u00f3ximos a la matriz. entre estos se encuentran el cond\u00f3n, capuch\u00f3n cervical, el anillo anticonceptivo, el diafragma y la esponja anticonceptiva.   SKU:\u00a0SIM-DIU","og_url":"https:\/\/capitalcientifica.com.mx\/tienda\/product\/simulador-colocacion-dispositivo-intra-uterino-sku-sim-diu\/","og_site_name":"Capital Cient&iacute;fica","article_modified_time":"2023-03-02T22:02:47+00:00","og_image":[{"width":1000,"height":1000,"url":"https:\/\/capitalcientifica.com.mx\/tienda\/wp-content\/uploads\/2022\/03\/0002277_simulador-colocacion-dispositivo-intra-uterino.jpeg","type":"image\/jpeg"}],"twitter_card":"summary_large_image","schema":{"@context":"https:\/\/schema.org","@graph":[{"@type":"WebPage","@id":"https:\/\/capitalcientifica.com.mx\/tienda\/product\/simulador-colocacion-dispositivo-intra-uterino-sku-sim-diu\/","url":"https:\/\/capitalcientifica.com.mx\/tienda\/product\/simulador-colocacion-dispositivo-intra-uterino-sku-sim-diu\/","name":"SIMULADOR COLOCACI\u00d3N DISPOSITIVO INTRA UTERINO - Capital Cient&iacute;fica","isPartOf":{"@id":"https:\/\/capitalcientifica.com.mx\/tienda\/#website"},"primaryImageOfPage":{"@id":"https:\/\/capitalcientifica.com.mx\/tienda\/product\/simulador-colocacion-dispositivo-intra-uterino-sku-sim-diu\/#primaryimage"},"image":{"@id":"https:\/\/capitalcientifica.com.mx\/tienda\/product\/simulador-colocacion-dispositivo-intra-uterino-sku-sim-diu\/#primaryimage"},"thumbnailUrl":"https:\/\/capitalcientifica.com.mx\/tienda\/wp-content\/uploads\/2022\/03\/0002277_simulador-colocacion-dispositivo-intra-uterino.jpeg","datePublished":"2022-03-10T18:43:59+00:00","dateModified":"2023-03-02T22:02:47+00:00","breadcrumb":{"@id":"https:\/\/capitalcientifica.com.mx\/tienda\/product\/simulador-colocacion-dispositivo-intra-uterino-sku-sim-diu\/#breadcrumb"},"inLanguage":"es","potentialAction":[{"@type":"ReadAction","target":["https:\/\/capitalcientifica.com.mx\/tienda\/product\/simulador-colocacion-dispositivo-intra-uterino-sku-sim-diu\/"]}]},{"@type":"ImageObject","inLanguage":"es","@id":"https:\/\/capitalcientifica.com.mx\/tienda\/product\/simulador-colocacion-dispositivo-intra-uterino-sku-sim-diu\/#primaryimage","url":"https:\/\/capitalcientifica.com.mx\/tienda\/wp-content\/uploads\/2022\/03\/0002277_simulador-colocacion-dispositivo-intra-uterino.jpeg","contentUrl":"https:\/\/capitalcientifica.com.mx\/tienda\/wp-content\/uploads\/2022\/03\/0002277_simulador-colocacion-dispositivo-intra-uterino.jpeg","width":1000,"height":1000},{"@type":"BreadcrumbList","@id":"https:\/\/capitalcientifica.com.mx\/tienda\/product\/simulador-colocacion-dispositivo-intra-uterino-sku-sim-diu\/#breadcrumb","itemListElement":[{"@type":"ListItem","position":1,"name":"Portada","item":"https:\/\/capitalcientifica.com.mx\/tienda\/"},{"@type":"ListItem","position":2,"name":"Shop","item":"https:\/\/capitalcientifica.com.mx\/tienda\/shop\/"},{"@type":"ListItem","position":3,"name":"SIMULADOR COLOCACI\u00d3N DISPOSITIVO INTRA UTERINO"}]},{"@type":"WebSite","@id":"https:\/\/capitalcientifica.com.mx\/tienda\/#website","url":"https:\/\/capitalcientifica.com.mx\/tienda\/","name":"Capital Cient&iacute;fica","description":"Equipo para laboratorio","potentialAction":[{"@type":"SearchAction","target":{"@type":"EntryPoint","urlTemplate":"https:\/\/capitalcientifica.com.mx\/tienda\/?s={search_term_string}"},"query-input":{"@type":"PropertyValueSpecification","valueRequired":true,"valueName":"search_term_string"}}],"inLanguage":"es"}]}},"_links":{"self":[{"href":"https:\/\/capitalcientifica.com.mx\/tienda\/wp-json\/wp\/v2\/product\/5351","targetHints":{"allow":["GET"]}}],"collection":[{"href":"https:\/\/capitalcientifica.com.mx\/tienda\/wp-json\/wp\/v2\/product"}],"about":[{"href":"https:\/\/capitalcientifica.com.mx\/tienda\/wp-json\/wp\/v2\/types\/product"}],"replies":[{"embeddable":true,"href":"https:\/\/capitalcientifica.com.mx\/tienda\/wp-json\/wp\/v2\/comments?post=5351"}],"wp:featuredmedia":[{"embeddable":true,"href":"https:\/\/capitalcientifica.com.mx\/tienda\/wp-json\/wp\/v2\/media\/5352"}],"wp:attachment":[{"href":"https:\/\/capitalcientifica.com.mx\/tienda\/wp-json\/wp\/v2\/media?parent=5351"}],"wp:term":[{"taxonomy":"product_cat","embeddable":true,"href":"https:\/\/capitalcientifica.com.mx\/tienda\/wp-json\/wp\/v2\/product_cat?post=5351"},{"taxonomy":"product_tag","embeddable":true,"href":"https:\/\/capitalcientifica.com.mx\/tienda\/wp-json\/wp\/v2\/product_tag?post=5351"}],"curies":[{"name":"wp","href":"https:\/\/api.w.org\/{rel}","templated":true}]}}