{"id":5322,"date":"2022-03-10T18:09:07","date_gmt":"2022-03-10T18:09:07","guid":{"rendered":"https:\/\/www.capitalcientifica.com.mx\/?post_type=product&#038;p=5322"},"modified":"2023-02-22T18:12:35","modified_gmt":"2023-02-22T18:12:35","slug":"maniqui-nino-de-entrenamiento-para-cpr-sku-inf-cpr","status":"publish","type":"product","link":"https:\/\/capitalcientifica.com.mx\/tienda\/product\/maniqui-nino-de-entrenamiento-para-cpr-sku-inf-cpr\/","title":{"rendered":"MANIQU\u00cd NI\u00d1O DE ENTRENAMIENTO PARA CPR"},"content":{"rendered":"<p>MANIQU\u00cd NI\u00d1O DE ENTRENAMIENTO PARA CPR<\/p>\n<div class=\"short-description\">Maniqu\u00ed de ni\u00f1o de cuerpo entero para el entrenamiento cpr est\u00e1 basado en el lineamiento para cpr y ecc de la aha (american heart association, 2010). caracter\u00edsticas del maniqu\u00ed de ni\u00f1o 1. caracter\u00edsticas anat\u00f3micas bien delineadas, con un sentido realista al tacto, el color de la piel es id\u00e9ntico al de la piel natural; apariencia v\u00edvida. 2. simula signos vitales: al presionar la pelota de caucho se puede simular el pulso de la arteria car\u00f3tida. 3. simula respiraci\u00f3n artificial y compresi\u00f3n extracardiaca. 4. modo de operaci\u00f3n: entrenamiento cpr (puede simular compresi\u00f3n e inflaci\u00f3n).<\/div>\n<div>\n<div class=\"additional-details\">\n<div class=\"sku\"><span class=\"label\">SKU:<\/span>\u00a0<span id=\"sku-6545\" class=\"value\">INF-CPR<\/span><\/div>\n<\/div>\n<\/div>\n<div class=\"availability\"><\/div>\n","protected":false},"excerpt":{"rendered":"<p>MANIQU\u00cd NI\u00d1O DE ENTRENAMIENTO PARA CPR<\/p>\n<div class=\"short-description\">Maniqu\u00ed de ni\u00f1o de cuerpo entero para el entrenamiento cpr est\u00e1 basado en el lineamiento para cpr y ecc de la aha (american heart association, 2010). caracter\u00edsticas del maniqu\u00ed de ni\u00f1o 1. caracter\u00edsticas anat\u00f3micas bien delineadas, con un sentido realista al tacto, el color de la piel es id\u00e9ntico al de la piel natural; apariencia v\u00edvida. 2. simula signos vitales: al presionar la pelota de caucho se puede simular el pulso de la arteria car\u00f3tida. 3. simula respiraci\u00f3n artificial y compresi\u00f3n extracardiaca. 4. modo de operaci\u00f3n: entrenamiento cpr (puede simular compresi\u00f3n e inflaci\u00f3n).<\/div>\n<div class=\"availability\">\n<div class=\"additional-details\">\n<div class=\"sku\"><span class=\"label\">SKU:<\/span>\u00a0<span id=\"sku-6545\" class=\"value\">INF-CPR<\/span><\/div>\n<\/div>\n<\/div>\n","protected":false},"featured_media":5323,"comment_status":"open","ping_status":"closed","template":"","meta":{"_joinchat":[]},"product_cat":[147,153],"product_tag":[172,173,1280],"class_list":{"0":"post-5322","1":"product","2":"type-product","3":"status-publish","4":"has-post-thumbnail","6":"product_cat-simuladores-medicos-de-importacion","7":"product_cat-soporte-vital-basico","8":"product_tag-equipo-de-laboratorio","9":"product_tag-equipo-para-laboratorio","10":"product_tag-maniqui-nino-de-entrenamiento-para-cpr","12":"first","13":"instock","14":"shipping-taxable","15":"product-type-simple","16":"col-xs-6 col-sm-4","17":"col-md-3 col-lg-3","18":"un-4-cols"},"yoast_head":"<!-- This site is optimized with the Yoast SEO plugin v27.2 - https:\/\/yoast.com\/product\/yoast-seo-wordpress\/ -->\n<title>MANIQU\u00cd NI\u00d1O DE ENTRENAMIENTO PARA CPR - Capital Cient&iacute;fica<\/title>\n<meta name=\"robots\" content=\"index, follow, max-snippet:-1, max-image-preview:large, max-video-preview:-1\" \/>\n<link rel=\"canonical\" href=\"https:\/\/capitalcientifica.com.mx\/tienda\/product\/maniqui-nino-de-entrenamiento-para-cpr-sku-inf-cpr\/\" \/>\n<meta property=\"og:locale\" content=\"es_ES\" \/>\n<meta property=\"og:type\" content=\"article\" \/>\n<meta property=\"og:title\" content=\"MANIQU\u00cd NI\u00d1O DE ENTRENAMIENTO PARA CPR - Capital Cient&iacute;fica\" \/>\n<meta property=\"og:description\" content=\"MANIQU\u00cd NI\u00d1O DE ENTRENAMIENTO PARA CPR Maniqu\u00ed de ni\u00f1o de cuerpo entero para el entrenamiento cpr est\u00e1 basado en el lineamiento para cpr y ecc de la aha (american heart association, 2010). caracter\u00edsticas del maniqu\u00ed de ni\u00f1o 1. caracter\u00edsticas anat\u00f3micas bien delineadas, con un sentido realista al tacto, el color de la piel es id\u00e9ntico al de la piel natural; apariencia v\u00edvida. 2. simula signos vitales: al presionar la pelota de caucho se puede simular el pulso de la arteria car\u00f3tida. 3. simula respiraci\u00f3n artificial y compresi\u00f3n extracardiaca. 4. modo de operaci\u00f3n: entrenamiento cpr (puede simular compresi\u00f3n e inflaci\u00f3n).   SKU:\u00a0INF-CPR\" \/>\n<meta property=\"og:url\" content=\"https:\/\/capitalcientifica.com.mx\/tienda\/product\/maniqui-nino-de-entrenamiento-para-cpr-sku-inf-cpr\/\" \/>\n<meta property=\"og:site_name\" content=\"Capital Cient&iacute;fica\" \/>\n<meta property=\"article:modified_time\" content=\"2023-02-22T18:12:35+00:00\" \/>\n<meta property=\"og:image\" content=\"https:\/\/capitalcientifica.com.mx\/tienda\/wp-content\/uploads\/2022\/03\/0001082_maniqui-de-entrenamiento-para-rcp-de-nino.jpeg\" \/>\n\t<meta property=\"og:image:width\" content=\"1000\" \/>\n\t<meta property=\"og:image:height\" content=\"1000\" \/>\n\t<meta property=\"og:image:type\" content=\"image\/jpeg\" \/>\n<meta name=\"twitter:card\" content=\"summary_large_image\" \/>\n<meta name=\"twitter:label1\" content=\"Tiempo de lectura\" \/>\n\t<meta name=\"twitter:data1\" content=\"1 minuto\" \/>\n<script type=\"application\/ld+json\" class=\"yoast-schema-graph\">{\"@context\":\"https:\/\/schema.org\",\"@graph\":[{\"@type\":\"WebPage\",\"@id\":\"https:\/\/capitalcientifica.com.mx\/tienda\/product\/maniqui-nino-de-entrenamiento-para-cpr-sku-inf-cpr\/\",\"url\":\"https:\/\/capitalcientifica.com.mx\/tienda\/product\/maniqui-nino-de-entrenamiento-para-cpr-sku-inf-cpr\/\",\"name\":\"MANIQU\u00cd NI\u00d1O DE ENTRENAMIENTO PARA CPR - Capital Cient&iacute;fica\",\"isPartOf\":{\"@id\":\"https:\/\/capitalcientifica.com.mx\/tienda\/#website\"},\"primaryImageOfPage\":{\"@id\":\"https:\/\/capitalcientifica.com.mx\/tienda\/product\/maniqui-nino-de-entrenamiento-para-cpr-sku-inf-cpr\/#primaryimage\"},\"image\":{\"@id\":\"https:\/\/capitalcientifica.com.mx\/tienda\/product\/maniqui-nino-de-entrenamiento-para-cpr-sku-inf-cpr\/#primaryimage\"},\"thumbnailUrl\":\"https:\/\/capitalcientifica.com.mx\/tienda\/wp-content\/uploads\/2022\/03\/0001082_maniqui-de-entrenamiento-para-rcp-de-nino.jpeg\",\"datePublished\":\"2022-03-10T18:09:07+00:00\",\"dateModified\":\"2023-02-22T18:12:35+00:00\",\"breadcrumb\":{\"@id\":\"https:\/\/capitalcientifica.com.mx\/tienda\/product\/maniqui-nino-de-entrenamiento-para-cpr-sku-inf-cpr\/#breadcrumb\"},\"inLanguage\":\"es\",\"potentialAction\":[{\"@type\":\"ReadAction\",\"target\":[\"https:\/\/capitalcientifica.com.mx\/tienda\/product\/maniqui-nino-de-entrenamiento-para-cpr-sku-inf-cpr\/\"]}]},{\"@type\":\"ImageObject\",\"inLanguage\":\"es\",\"@id\":\"https:\/\/capitalcientifica.com.mx\/tienda\/product\/maniqui-nino-de-entrenamiento-para-cpr-sku-inf-cpr\/#primaryimage\",\"url\":\"https:\/\/capitalcientifica.com.mx\/tienda\/wp-content\/uploads\/2022\/03\/0001082_maniqui-de-entrenamiento-para-rcp-de-nino.jpeg\",\"contentUrl\":\"https:\/\/capitalcientifica.com.mx\/tienda\/wp-content\/uploads\/2022\/03\/0001082_maniqui-de-entrenamiento-para-rcp-de-nino.jpeg\",\"width\":1000,\"height\":1000},{\"@type\":\"BreadcrumbList\",\"@id\":\"https:\/\/capitalcientifica.com.mx\/tienda\/product\/maniqui-nino-de-entrenamiento-para-cpr-sku-inf-cpr\/#breadcrumb\",\"itemListElement\":[{\"@type\":\"ListItem\",\"position\":1,\"name\":\"Portada\",\"item\":\"https:\/\/capitalcientifica.com.mx\/tienda\/\"},{\"@type\":\"ListItem\",\"position\":2,\"name\":\"Shop\",\"item\":\"https:\/\/capitalcientifica.com.mx\/tienda\/shop\/\"},{\"@type\":\"ListItem\",\"position\":3,\"name\":\"MANIQU\u00cd NI\u00d1O DE ENTRENAMIENTO PARA CPR\"}]},{\"@type\":\"WebSite\",\"@id\":\"https:\/\/capitalcientifica.com.mx\/tienda\/#website\",\"url\":\"https:\/\/capitalcientifica.com.mx\/tienda\/\",\"name\":\"Capital Cient&iacute;fica\",\"description\":\"Equipo para laboratorio\",\"potentialAction\":[{\"@type\":\"SearchAction\",\"target\":{\"@type\":\"EntryPoint\",\"urlTemplate\":\"https:\/\/capitalcientifica.com.mx\/tienda\/?s={search_term_string}\"},\"query-input\":{\"@type\":\"PropertyValueSpecification\",\"valueRequired\":true,\"valueName\":\"search_term_string\"}}],\"inLanguage\":\"es\"}]}<\/script>\n<!-- \/ Yoast SEO plugin. -->","yoast_head_json":{"title":"MANIQU\u00cd NI\u00d1O DE ENTRENAMIENTO PARA CPR - Capital Cient&iacute;fica","robots":{"index":"index","follow":"follow","max-snippet":"max-snippet:-1","max-image-preview":"max-image-preview:large","max-video-preview":"max-video-preview:-1"},"canonical":"https:\/\/capitalcientifica.com.mx\/tienda\/product\/maniqui-nino-de-entrenamiento-para-cpr-sku-inf-cpr\/","og_locale":"es_ES","og_type":"article","og_title":"MANIQU\u00cd NI\u00d1O DE ENTRENAMIENTO PARA CPR - Capital Cient&iacute;fica","og_description":"MANIQU\u00cd NI\u00d1O DE ENTRENAMIENTO PARA CPR Maniqu\u00ed de ni\u00f1o de cuerpo entero para el entrenamiento cpr est\u00e1 basado en el lineamiento para cpr y ecc de la aha (american heart association, 2010). caracter\u00edsticas del maniqu\u00ed de ni\u00f1o 1. caracter\u00edsticas anat\u00f3micas bien delineadas, con un sentido realista al tacto, el color de la piel es id\u00e9ntico al de la piel natural; apariencia v\u00edvida. 2. simula signos vitales: al presionar la pelota de caucho se puede simular el pulso de la arteria car\u00f3tida. 3. simula respiraci\u00f3n artificial y compresi\u00f3n extracardiaca. 4. modo de operaci\u00f3n: entrenamiento cpr (puede simular compresi\u00f3n e inflaci\u00f3n).   SKU:\u00a0INF-CPR","og_url":"https:\/\/capitalcientifica.com.mx\/tienda\/product\/maniqui-nino-de-entrenamiento-para-cpr-sku-inf-cpr\/","og_site_name":"Capital Cient&iacute;fica","article_modified_time":"2023-02-22T18:12:35+00:00","og_image":[{"width":1000,"height":1000,"url":"https:\/\/capitalcientifica.com.mx\/tienda\/wp-content\/uploads\/2022\/03\/0001082_maniqui-de-entrenamiento-para-rcp-de-nino.jpeg","type":"image\/jpeg"}],"twitter_card":"summary_large_image","twitter_misc":{"Tiempo de lectura":"1 minuto"},"schema":{"@context":"https:\/\/schema.org","@graph":[{"@type":"WebPage","@id":"https:\/\/capitalcientifica.com.mx\/tienda\/product\/maniqui-nino-de-entrenamiento-para-cpr-sku-inf-cpr\/","url":"https:\/\/capitalcientifica.com.mx\/tienda\/product\/maniqui-nino-de-entrenamiento-para-cpr-sku-inf-cpr\/","name":"MANIQU\u00cd NI\u00d1O DE ENTRENAMIENTO PARA CPR - Capital Cient&iacute;fica","isPartOf":{"@id":"https:\/\/capitalcientifica.com.mx\/tienda\/#website"},"primaryImageOfPage":{"@id":"https:\/\/capitalcientifica.com.mx\/tienda\/product\/maniqui-nino-de-entrenamiento-para-cpr-sku-inf-cpr\/#primaryimage"},"image":{"@id":"https:\/\/capitalcientifica.com.mx\/tienda\/product\/maniqui-nino-de-entrenamiento-para-cpr-sku-inf-cpr\/#primaryimage"},"thumbnailUrl":"https:\/\/capitalcientifica.com.mx\/tienda\/wp-content\/uploads\/2022\/03\/0001082_maniqui-de-entrenamiento-para-rcp-de-nino.jpeg","datePublished":"2022-03-10T18:09:07+00:00","dateModified":"2023-02-22T18:12:35+00:00","breadcrumb":{"@id":"https:\/\/capitalcientifica.com.mx\/tienda\/product\/maniqui-nino-de-entrenamiento-para-cpr-sku-inf-cpr\/#breadcrumb"},"inLanguage":"es","potentialAction":[{"@type":"ReadAction","target":["https:\/\/capitalcientifica.com.mx\/tienda\/product\/maniqui-nino-de-entrenamiento-para-cpr-sku-inf-cpr\/"]}]},{"@type":"ImageObject","inLanguage":"es","@id":"https:\/\/capitalcientifica.com.mx\/tienda\/product\/maniqui-nino-de-entrenamiento-para-cpr-sku-inf-cpr\/#primaryimage","url":"https:\/\/capitalcientifica.com.mx\/tienda\/wp-content\/uploads\/2022\/03\/0001082_maniqui-de-entrenamiento-para-rcp-de-nino.jpeg","contentUrl":"https:\/\/capitalcientifica.com.mx\/tienda\/wp-content\/uploads\/2022\/03\/0001082_maniqui-de-entrenamiento-para-rcp-de-nino.jpeg","width":1000,"height":1000},{"@type":"BreadcrumbList","@id":"https:\/\/capitalcientifica.com.mx\/tienda\/product\/maniqui-nino-de-entrenamiento-para-cpr-sku-inf-cpr\/#breadcrumb","itemListElement":[{"@type":"ListItem","position":1,"name":"Portada","item":"https:\/\/capitalcientifica.com.mx\/tienda\/"},{"@type":"ListItem","position":2,"name":"Shop","item":"https:\/\/capitalcientifica.com.mx\/tienda\/shop\/"},{"@type":"ListItem","position":3,"name":"MANIQU\u00cd NI\u00d1O DE ENTRENAMIENTO PARA CPR"}]},{"@type":"WebSite","@id":"https:\/\/capitalcientifica.com.mx\/tienda\/#website","url":"https:\/\/capitalcientifica.com.mx\/tienda\/","name":"Capital Cient&iacute;fica","description":"Equipo para laboratorio","potentialAction":[{"@type":"SearchAction","target":{"@type":"EntryPoint","urlTemplate":"https:\/\/capitalcientifica.com.mx\/tienda\/?s={search_term_string}"},"query-input":{"@type":"PropertyValueSpecification","valueRequired":true,"valueName":"search_term_string"}}],"inLanguage":"es"}]}},"_links":{"self":[{"href":"https:\/\/capitalcientifica.com.mx\/tienda\/wp-json\/wp\/v2\/product\/5322","targetHints":{"allow":["GET"]}}],"collection":[{"href":"https:\/\/capitalcientifica.com.mx\/tienda\/wp-json\/wp\/v2\/product"}],"about":[{"href":"https:\/\/capitalcientifica.com.mx\/tienda\/wp-json\/wp\/v2\/types\/product"}],"replies":[{"embeddable":true,"href":"https:\/\/capitalcientifica.com.mx\/tienda\/wp-json\/wp\/v2\/comments?post=5322"}],"wp:featuredmedia":[{"embeddable":true,"href":"https:\/\/capitalcientifica.com.mx\/tienda\/wp-json\/wp\/v2\/media\/5323"}],"wp:attachment":[{"href":"https:\/\/capitalcientifica.com.mx\/tienda\/wp-json\/wp\/v2\/media?parent=5322"}],"wp:term":[{"taxonomy":"product_cat","embeddable":true,"href":"https:\/\/capitalcientifica.com.mx\/tienda\/wp-json\/wp\/v2\/product_cat?post=5322"},{"taxonomy":"product_tag","embeddable":true,"href":"https:\/\/capitalcientifica.com.mx\/tienda\/wp-json\/wp\/v2\/product_tag?post=5322"}],"curies":[{"name":"wp","href":"https:\/\/api.w.org\/{rel}","templated":true}]}}