{"id":5321,"date":"2022-03-10T18:06:24","date_gmt":"2022-03-10T18:06:24","guid":{"rendered":"https:\/\/www.capitalcientifica.com.mx\/?post_type=product&#038;p=5321"},"modified":"2023-02-22T18:10:38","modified_gmt":"2023-02-22T18:10:38","slug":"maniqui-de-medio-cuerpo-para-enternamiento-cpr-y-obstruccion-sku-tor-rcp-169","status":"publish","type":"product","link":"https:\/\/capitalcientifica.com.mx\/tienda\/product\/maniqui-de-medio-cuerpo-para-enternamiento-cpr-y-obstruccion-sku-tor-rcp-169\/","title":{"rendered":"MANIQU\u00cd DE MEDIO CUERPO PARA ENTERNAMIENTO CPR Y OBSTRUCCI\u00d3N"},"content":{"rendered":"<p>MANIQU\u00cd DE MEDIO CUERPO PARA ENTERNAMIENTO CPR Y OBSTRUCCI\u00d3N<\/p>\n<div class=\"short-description\">Este maniqu\u00ed de medio cuerpo para entrenamiento cpr est\u00e1 hecho con material de la m\u00e1s alta calidad; bajo un proceso de moldeado mediante altas temperaturas en un recipiente de acero inoxidable lo cual lo convierte en una excelente herramienta para la pr\u00e1ctica m\u00e9dica en todos los niveles (escuelas de enfermer\u00eda, estudiantes de medicina, param\u00e9dicos, etc.)..<\/div>\n<div class=\"availability\">\n<div class=\"additional-details\">\n<div class=\"sku\"><span class=\"label\">SKU:<\/span>\u00a0<span id=\"sku-6564\" class=\"value\">TOR-RCP-169+<\/span><\/div>\n<\/div>\n<\/div>\n","protected":false},"excerpt":{"rendered":"<p>MANIQU\u00cd DE MEDIO CUERPO PARA ENTERNAMIENTO CPR Y OBSTRUCCI\u00d3N<\/p>\n<div class=\"short-description\">Este maniqu\u00ed de medio cuerpo para entrenamiento cpr est\u00e1 hecho con material de la m\u00e1s alta calidad; bajo un proceso de moldeado mediante altas temperaturas en un recipiente de acero inoxidable lo cual lo convierte en una excelente herramienta para la pr\u00e1ctica m\u00e9dica en todos los niveles (escuelas de enfermer\u00eda, estudiantes de medicina, param\u00e9dicos, etc.)..<\/div>\n<div>\n<div class=\"additional-details\">\n<div class=\"sku\"><span class=\"label\">SKU:<\/span>\u00a0<span id=\"sku-6564\" class=\"value\">TOR-RCP-169+<\/span><\/div>\n<\/div>\n<\/div>\n<div class=\"availability\"><\/div>\n","protected":false},"featured_media":5318,"comment_status":"open","ping_status":"closed","template":"","meta":{"_joinchat":[]},"product_cat":[147,153],"product_tag":[172,173,1271],"class_list":{"0":"post-5321","1":"product","2":"type-product","3":"status-publish","4":"has-post-thumbnail","6":"product_cat-simuladores-medicos-de-importacion","7":"product_cat-soporte-vital-basico","8":"product_tag-equipo-de-laboratorio","9":"product_tag-equipo-para-laboratorio","10":"product_tag-maniqui-de-medio-cuerpo-para-enternamiento-cpr-y-obstruccion","12":"first","13":"instock","14":"shipping-taxable","15":"product-type-simple","16":"col-xs-6 col-sm-4","17":"col-md-3 col-lg-3","18":"un-4-cols"},"yoast_head":"<!-- This site is optimized with the Yoast SEO plugin v27.2 - https:\/\/yoast.com\/product\/yoast-seo-wordpress\/ -->\n<title>MANIQU\u00cd DE MEDIO CUERPO PARA ENTERNAMIENTO CPR Y OBSTRUCCI\u00d3N - Capital Cient&iacute;fica<\/title>\n<meta name=\"robots\" content=\"index, follow, max-snippet:-1, max-image-preview:large, max-video-preview:-1\" \/>\n<link rel=\"canonical\" href=\"https:\/\/capitalcientifica.com.mx\/tienda\/product\/maniqui-de-medio-cuerpo-para-enternamiento-cpr-y-obstruccion-sku-tor-rcp-169\/\" \/>\n<meta property=\"og:locale\" content=\"es_ES\" \/>\n<meta property=\"og:type\" content=\"article\" \/>\n<meta property=\"og:title\" content=\"MANIQU\u00cd DE MEDIO CUERPO PARA ENTERNAMIENTO CPR Y OBSTRUCCI\u00d3N - Capital Cient&iacute;fica\" \/>\n<meta property=\"og:description\" content=\"MANIQU\u00cd DE MEDIO CUERPO PARA ENTERNAMIENTO CPR Y OBSTRUCCI\u00d3N Este maniqu\u00ed de medio cuerpo para entrenamiento cpr est\u00e1 hecho con material de la m\u00e1s alta calidad; bajo un proceso de moldeado mediante altas temperaturas en un recipiente de acero inoxidable lo cual lo convierte en una excelente herramienta para la pr\u00e1ctica m\u00e9dica en todos los niveles (escuelas de enfermer\u00eda, estudiantes de medicina, param\u00e9dicos, etc.)..   SKU:\u00a0TOR-RCP-169+\" \/>\n<meta property=\"og:url\" content=\"https:\/\/capitalcientifica.com.mx\/tienda\/product\/maniqui-de-medio-cuerpo-para-enternamiento-cpr-y-obstruccion-sku-tor-rcp-169\/\" \/>\n<meta property=\"og:site_name\" content=\"Capital Cient&iacute;fica\" \/>\n<meta property=\"article:modified_time\" content=\"2023-02-22T18:10:38+00:00\" \/>\n<meta property=\"og:image\" content=\"https:\/\/capitalcientifica.com.mx\/tienda\/wp-content\/uploads\/2022\/03\/0001135_torso-de-entrenamiento-de-cpr-dos-piezas-1.jpeg\" \/>\n\t<meta property=\"og:image:width\" content=\"1000\" \/>\n\t<meta property=\"og:image:height\" content=\"1000\" \/>\n\t<meta property=\"og:image:type\" content=\"image\/jpeg\" \/>\n<meta name=\"twitter:card\" content=\"summary_large_image\" \/>\n<script type=\"application\/ld+json\" class=\"yoast-schema-graph\">{\"@context\":\"https:\/\/schema.org\",\"@graph\":[{\"@type\":\"WebPage\",\"@id\":\"https:\/\/capitalcientifica.com.mx\/tienda\/product\/maniqui-de-medio-cuerpo-para-enternamiento-cpr-y-obstruccion-sku-tor-rcp-169\/\",\"url\":\"https:\/\/capitalcientifica.com.mx\/tienda\/product\/maniqui-de-medio-cuerpo-para-enternamiento-cpr-y-obstruccion-sku-tor-rcp-169\/\",\"name\":\"MANIQU\u00cd DE MEDIO CUERPO PARA ENTERNAMIENTO CPR Y OBSTRUCCI\u00d3N - Capital Cient&iacute;fica\",\"isPartOf\":{\"@id\":\"https:\/\/capitalcientifica.com.mx\/tienda\/#website\"},\"primaryImageOfPage\":{\"@id\":\"https:\/\/capitalcientifica.com.mx\/tienda\/product\/maniqui-de-medio-cuerpo-para-enternamiento-cpr-y-obstruccion-sku-tor-rcp-169\/#primaryimage\"},\"image\":{\"@id\":\"https:\/\/capitalcientifica.com.mx\/tienda\/product\/maniqui-de-medio-cuerpo-para-enternamiento-cpr-y-obstruccion-sku-tor-rcp-169\/#primaryimage\"},\"thumbnailUrl\":\"https:\/\/capitalcientifica.com.mx\/tienda\/wp-content\/uploads\/2022\/03\/0001135_torso-de-entrenamiento-de-cpr-dos-piezas-1.jpeg\",\"datePublished\":\"2022-03-10T18:06:24+00:00\",\"dateModified\":\"2023-02-22T18:10:38+00:00\",\"breadcrumb\":{\"@id\":\"https:\/\/capitalcientifica.com.mx\/tienda\/product\/maniqui-de-medio-cuerpo-para-enternamiento-cpr-y-obstruccion-sku-tor-rcp-169\/#breadcrumb\"},\"inLanguage\":\"es\",\"potentialAction\":[{\"@type\":\"ReadAction\",\"target\":[\"https:\/\/capitalcientifica.com.mx\/tienda\/product\/maniqui-de-medio-cuerpo-para-enternamiento-cpr-y-obstruccion-sku-tor-rcp-169\/\"]}]},{\"@type\":\"ImageObject\",\"inLanguage\":\"es\",\"@id\":\"https:\/\/capitalcientifica.com.mx\/tienda\/product\/maniqui-de-medio-cuerpo-para-enternamiento-cpr-y-obstruccion-sku-tor-rcp-169\/#primaryimage\",\"url\":\"https:\/\/capitalcientifica.com.mx\/tienda\/wp-content\/uploads\/2022\/03\/0001135_torso-de-entrenamiento-de-cpr-dos-piezas-1.jpeg\",\"contentUrl\":\"https:\/\/capitalcientifica.com.mx\/tienda\/wp-content\/uploads\/2022\/03\/0001135_torso-de-entrenamiento-de-cpr-dos-piezas-1.jpeg\",\"width\":1000,\"height\":1000},{\"@type\":\"BreadcrumbList\",\"@id\":\"https:\/\/capitalcientifica.com.mx\/tienda\/product\/maniqui-de-medio-cuerpo-para-enternamiento-cpr-y-obstruccion-sku-tor-rcp-169\/#breadcrumb\",\"itemListElement\":[{\"@type\":\"ListItem\",\"position\":1,\"name\":\"Portada\",\"item\":\"https:\/\/capitalcientifica.com.mx\/tienda\/\"},{\"@type\":\"ListItem\",\"position\":2,\"name\":\"Shop\",\"item\":\"https:\/\/capitalcientifica.com.mx\/tienda\/shop\/\"},{\"@type\":\"ListItem\",\"position\":3,\"name\":\"MANIQU\u00cd DE MEDIO CUERPO PARA ENTERNAMIENTO CPR Y OBSTRUCCI\u00d3N\"}]},{\"@type\":\"WebSite\",\"@id\":\"https:\/\/capitalcientifica.com.mx\/tienda\/#website\",\"url\":\"https:\/\/capitalcientifica.com.mx\/tienda\/\",\"name\":\"Capital Cient&iacute;fica\",\"description\":\"Equipo para laboratorio\",\"potentialAction\":[{\"@type\":\"SearchAction\",\"target\":{\"@type\":\"EntryPoint\",\"urlTemplate\":\"https:\/\/capitalcientifica.com.mx\/tienda\/?s={search_term_string}\"},\"query-input\":{\"@type\":\"PropertyValueSpecification\",\"valueRequired\":true,\"valueName\":\"search_term_string\"}}],\"inLanguage\":\"es\"}]}<\/script>\n<!-- \/ Yoast SEO plugin. -->","yoast_head_json":{"title":"MANIQU\u00cd DE MEDIO CUERPO PARA ENTERNAMIENTO CPR Y OBSTRUCCI\u00d3N - Capital Cient&iacute;fica","robots":{"index":"index","follow":"follow","max-snippet":"max-snippet:-1","max-image-preview":"max-image-preview:large","max-video-preview":"max-video-preview:-1"},"canonical":"https:\/\/capitalcientifica.com.mx\/tienda\/product\/maniqui-de-medio-cuerpo-para-enternamiento-cpr-y-obstruccion-sku-tor-rcp-169\/","og_locale":"es_ES","og_type":"article","og_title":"MANIQU\u00cd DE MEDIO CUERPO PARA ENTERNAMIENTO CPR Y OBSTRUCCI\u00d3N - Capital Cient&iacute;fica","og_description":"MANIQU\u00cd DE MEDIO CUERPO PARA ENTERNAMIENTO CPR Y OBSTRUCCI\u00d3N Este maniqu\u00ed de medio cuerpo para entrenamiento cpr est\u00e1 hecho con material de la m\u00e1s alta calidad; bajo un proceso de moldeado mediante altas temperaturas en un recipiente de acero inoxidable lo cual lo convierte en una excelente herramienta para la pr\u00e1ctica m\u00e9dica en todos los niveles (escuelas de enfermer\u00eda, estudiantes de medicina, param\u00e9dicos, etc.)..   SKU:\u00a0TOR-RCP-169+","og_url":"https:\/\/capitalcientifica.com.mx\/tienda\/product\/maniqui-de-medio-cuerpo-para-enternamiento-cpr-y-obstruccion-sku-tor-rcp-169\/","og_site_name":"Capital Cient&iacute;fica","article_modified_time":"2023-02-22T18:10:38+00:00","og_image":[{"width":1000,"height":1000,"url":"https:\/\/capitalcientifica.com.mx\/tienda\/wp-content\/uploads\/2022\/03\/0001135_torso-de-entrenamiento-de-cpr-dos-piezas-1.jpeg","type":"image\/jpeg"}],"twitter_card":"summary_large_image","schema":{"@context":"https:\/\/schema.org","@graph":[{"@type":"WebPage","@id":"https:\/\/capitalcientifica.com.mx\/tienda\/product\/maniqui-de-medio-cuerpo-para-enternamiento-cpr-y-obstruccion-sku-tor-rcp-169\/","url":"https:\/\/capitalcientifica.com.mx\/tienda\/product\/maniqui-de-medio-cuerpo-para-enternamiento-cpr-y-obstruccion-sku-tor-rcp-169\/","name":"MANIQU\u00cd DE MEDIO CUERPO PARA ENTERNAMIENTO CPR Y OBSTRUCCI\u00d3N - Capital Cient&iacute;fica","isPartOf":{"@id":"https:\/\/capitalcientifica.com.mx\/tienda\/#website"},"primaryImageOfPage":{"@id":"https:\/\/capitalcientifica.com.mx\/tienda\/product\/maniqui-de-medio-cuerpo-para-enternamiento-cpr-y-obstruccion-sku-tor-rcp-169\/#primaryimage"},"image":{"@id":"https:\/\/capitalcientifica.com.mx\/tienda\/product\/maniqui-de-medio-cuerpo-para-enternamiento-cpr-y-obstruccion-sku-tor-rcp-169\/#primaryimage"},"thumbnailUrl":"https:\/\/capitalcientifica.com.mx\/tienda\/wp-content\/uploads\/2022\/03\/0001135_torso-de-entrenamiento-de-cpr-dos-piezas-1.jpeg","datePublished":"2022-03-10T18:06:24+00:00","dateModified":"2023-02-22T18:10:38+00:00","breadcrumb":{"@id":"https:\/\/capitalcientifica.com.mx\/tienda\/product\/maniqui-de-medio-cuerpo-para-enternamiento-cpr-y-obstruccion-sku-tor-rcp-169\/#breadcrumb"},"inLanguage":"es","potentialAction":[{"@type":"ReadAction","target":["https:\/\/capitalcientifica.com.mx\/tienda\/product\/maniqui-de-medio-cuerpo-para-enternamiento-cpr-y-obstruccion-sku-tor-rcp-169\/"]}]},{"@type":"ImageObject","inLanguage":"es","@id":"https:\/\/capitalcientifica.com.mx\/tienda\/product\/maniqui-de-medio-cuerpo-para-enternamiento-cpr-y-obstruccion-sku-tor-rcp-169\/#primaryimage","url":"https:\/\/capitalcientifica.com.mx\/tienda\/wp-content\/uploads\/2022\/03\/0001135_torso-de-entrenamiento-de-cpr-dos-piezas-1.jpeg","contentUrl":"https:\/\/capitalcientifica.com.mx\/tienda\/wp-content\/uploads\/2022\/03\/0001135_torso-de-entrenamiento-de-cpr-dos-piezas-1.jpeg","width":1000,"height":1000},{"@type":"BreadcrumbList","@id":"https:\/\/capitalcientifica.com.mx\/tienda\/product\/maniqui-de-medio-cuerpo-para-enternamiento-cpr-y-obstruccion-sku-tor-rcp-169\/#breadcrumb","itemListElement":[{"@type":"ListItem","position":1,"name":"Portada","item":"https:\/\/capitalcientifica.com.mx\/tienda\/"},{"@type":"ListItem","position":2,"name":"Shop","item":"https:\/\/capitalcientifica.com.mx\/tienda\/shop\/"},{"@type":"ListItem","position":3,"name":"MANIQU\u00cd DE MEDIO CUERPO PARA ENTERNAMIENTO CPR Y OBSTRUCCI\u00d3N"}]},{"@type":"WebSite","@id":"https:\/\/capitalcientifica.com.mx\/tienda\/#website","url":"https:\/\/capitalcientifica.com.mx\/tienda\/","name":"Capital Cient&iacute;fica","description":"Equipo para laboratorio","potentialAction":[{"@type":"SearchAction","target":{"@type":"EntryPoint","urlTemplate":"https:\/\/capitalcientifica.com.mx\/tienda\/?s={search_term_string}"},"query-input":{"@type":"PropertyValueSpecification","valueRequired":true,"valueName":"search_term_string"}}],"inLanguage":"es"}]}},"_links":{"self":[{"href":"https:\/\/capitalcientifica.com.mx\/tienda\/wp-json\/wp\/v2\/product\/5321","targetHints":{"allow":["GET"]}}],"collection":[{"href":"https:\/\/capitalcientifica.com.mx\/tienda\/wp-json\/wp\/v2\/product"}],"about":[{"href":"https:\/\/capitalcientifica.com.mx\/tienda\/wp-json\/wp\/v2\/types\/product"}],"replies":[{"embeddable":true,"href":"https:\/\/capitalcientifica.com.mx\/tienda\/wp-json\/wp\/v2\/comments?post=5321"}],"wp:featuredmedia":[{"embeddable":true,"href":"https:\/\/capitalcientifica.com.mx\/tienda\/wp-json\/wp\/v2\/media\/5318"}],"wp:attachment":[{"href":"https:\/\/capitalcientifica.com.mx\/tienda\/wp-json\/wp\/v2\/media?parent=5321"}],"wp:term":[{"taxonomy":"product_cat","embeddable":true,"href":"https:\/\/capitalcientifica.com.mx\/tienda\/wp-json\/wp\/v2\/product_cat?post=5321"},{"taxonomy":"product_tag","embeddable":true,"href":"https:\/\/capitalcientifica.com.mx\/tienda\/wp-json\/wp\/v2\/product_tag?post=5321"}],"curies":[{"name":"wp","href":"https:\/\/api.w.org\/{rel}","templated":true}]}}