{"id":5256,"date":"2022-03-09T18:10:23","date_gmt":"2022-03-09T18:10:23","guid":{"rendered":"https:\/\/www.capitalcientifica.com.mx\/?post_type=product&#038;p=5256"},"modified":"2023-02-14T17:47:15","modified_gmt":"2023-02-14T17:47:15","slug":"bebe-para-entrenamiento-sku-bebe","status":"publish","type":"product","link":"https:\/\/capitalcientifica.com.mx\/tienda\/product\/bebe-para-entrenamiento-sku-bebe\/","title":{"rendered":"BEBE PARA ENTRENAMIENTO"},"content":{"rendered":"<p>BEBE PARA ENTRENAMIENTO<\/p>\n<div class=\"short-description\">IDEAL PARA ENTRENAR LOS PRINCIPIOS PRINCIPALES DEL CUIDADO DEL BEB\u00c9 EN EL COLEGIO Y EN CURSOS DE PREPARACI\u00d3N DE PADRES J\u00d3VENES.<\/div>\n<div class=\"availability\">\n<div class=\"additional-details\">\n<div class=\"sku\"><span class=\"label\">SKU:<\/span>\u00a0<span id=\"sku-6866\" class=\"value\">BEBE<\/span><\/div>\n<\/div>\n<\/div>\n","protected":false},"excerpt":{"rendered":"<p>BEBE PARA ENTRENAMIENTO<\/p>\n<div class=\"short-description\">IDEAL PARA ENTRENAR LOS PRINCIPIOS PRINCIPALES DEL CUIDADO DEL BEB\u00c9 EN EL COLEGIO Y EN CURSOS DE PREPARACI\u00d3N DE PADRES J\u00d3VENES.<\/p>\n<div class=\"additional-details\">\n<div class=\"sku\"><span class=\"label\">SKU:<\/span>\u00a0<span id=\"sku-6866\" class=\"value\">BEBE<\/span><\/div>\n<\/div>\n<\/div>\n<div class=\"availability\"><\/div>\n","protected":false},"featured_media":5257,"comment_status":"open","ping_status":"closed","template":"","meta":{"_joinchat":[]},"product_cat":[148,152,147],"product_tag":[571,172,173],"class_list":{"0":"post-5256","1":"product","2":"type-product","3":"status-publish","4":"has-post-thumbnail","6":"product_cat-enfermeria","7":"product_cat-pediatrico","8":"product_cat-simuladores-medicos-de-importacion","9":"product_tag-bebe-para-entrenamiento","10":"product_tag-equipo-de-laboratorio","11":"product_tag-equipo-para-laboratorio","13":"first","14":"instock","15":"shipping-taxable","16":"product-type-simple","17":"col-xs-6 col-sm-4","18":"col-md-3 col-lg-3","19":"un-4-cols"},"yoast_head":"<!-- This site is optimized with the Yoast SEO plugin v27.2 - https:\/\/yoast.com\/product\/yoast-seo-wordpress\/ -->\n<title>BEBE PARA ENTRENAMIENTO - Capital Cient&iacute;fica<\/title>\n<meta name=\"robots\" content=\"index, follow, max-snippet:-1, max-image-preview:large, max-video-preview:-1\" \/>\n<link rel=\"canonical\" href=\"https:\/\/capitalcientifica.com.mx\/tienda\/product\/bebe-para-entrenamiento-sku-bebe\/\" \/>\n<meta property=\"og:locale\" content=\"es_ES\" \/>\n<meta property=\"og:type\" content=\"article\" \/>\n<meta property=\"og:title\" content=\"BEBE PARA ENTRENAMIENTO - Capital Cient&iacute;fica\" \/>\n<meta property=\"og:description\" content=\"BEBE PARA ENTRENAMIENTO IDEAL PARA ENTRENAR LOS PRINCIPIOS PRINCIPALES DEL CUIDADO DEL BEB\u00c9 EN EL COLEGIO Y EN CURSOS DE PREPARACI\u00d3N DE PADRES J\u00d3VENES.  SKU:\u00a0BEBE\" \/>\n<meta property=\"og:url\" content=\"https:\/\/capitalcientifica.com.mx\/tienda\/product\/bebe-para-entrenamiento-sku-bebe\/\" \/>\n<meta property=\"og:site_name\" content=\"Capital Cient&iacute;fica\" \/>\n<meta property=\"article:modified_time\" content=\"2023-02-14T17:47:15+00:00\" \/>\n<meta property=\"og:image\" content=\"https:\/\/capitalcientifica.com.mx\/tienda\/wp-content\/uploads\/2022\/03\/0003112_bebe-para-entrenamiento.jpeg\" \/>\n\t<meta property=\"og:image:width\" content=\"1500\" \/>\n\t<meta property=\"og:image:height\" content=\"1500\" \/>\n\t<meta property=\"og:image:type\" content=\"image\/jpeg\" \/>\n<meta name=\"twitter:card\" content=\"summary_large_image\" \/>\n<script type=\"application\/ld+json\" class=\"yoast-schema-graph\">{\"@context\":\"https:\/\/schema.org\",\"@graph\":[{\"@type\":\"WebPage\",\"@id\":\"https:\/\/capitalcientifica.com.mx\/tienda\/product\/bebe-para-entrenamiento-sku-bebe\/\",\"url\":\"https:\/\/capitalcientifica.com.mx\/tienda\/product\/bebe-para-entrenamiento-sku-bebe\/\",\"name\":\"BEBE PARA ENTRENAMIENTO - Capital Cient&iacute;fica\",\"isPartOf\":{\"@id\":\"https:\/\/capitalcientifica.com.mx\/tienda\/#website\"},\"primaryImageOfPage\":{\"@id\":\"https:\/\/capitalcientifica.com.mx\/tienda\/product\/bebe-para-entrenamiento-sku-bebe\/#primaryimage\"},\"image\":{\"@id\":\"https:\/\/capitalcientifica.com.mx\/tienda\/product\/bebe-para-entrenamiento-sku-bebe\/#primaryimage\"},\"thumbnailUrl\":\"https:\/\/capitalcientifica.com.mx\/tienda\/wp-content\/uploads\/2022\/03\/0003112_bebe-para-entrenamiento.jpeg\",\"datePublished\":\"2022-03-09T18:10:23+00:00\",\"dateModified\":\"2023-02-14T17:47:15+00:00\",\"breadcrumb\":{\"@id\":\"https:\/\/capitalcientifica.com.mx\/tienda\/product\/bebe-para-entrenamiento-sku-bebe\/#breadcrumb\"},\"inLanguage\":\"es\",\"potentialAction\":[{\"@type\":\"ReadAction\",\"target\":[\"https:\/\/capitalcientifica.com.mx\/tienda\/product\/bebe-para-entrenamiento-sku-bebe\/\"]}]},{\"@type\":\"ImageObject\",\"inLanguage\":\"es\",\"@id\":\"https:\/\/capitalcientifica.com.mx\/tienda\/product\/bebe-para-entrenamiento-sku-bebe\/#primaryimage\",\"url\":\"https:\/\/capitalcientifica.com.mx\/tienda\/wp-content\/uploads\/2022\/03\/0003112_bebe-para-entrenamiento.jpeg\",\"contentUrl\":\"https:\/\/capitalcientifica.com.mx\/tienda\/wp-content\/uploads\/2022\/03\/0003112_bebe-para-entrenamiento.jpeg\",\"width\":1500,\"height\":1500},{\"@type\":\"BreadcrumbList\",\"@id\":\"https:\/\/capitalcientifica.com.mx\/tienda\/product\/bebe-para-entrenamiento-sku-bebe\/#breadcrumb\",\"itemListElement\":[{\"@type\":\"ListItem\",\"position\":1,\"name\":\"Portada\",\"item\":\"https:\/\/capitalcientifica.com.mx\/tienda\/\"},{\"@type\":\"ListItem\",\"position\":2,\"name\":\"Shop\",\"item\":\"https:\/\/capitalcientifica.com.mx\/tienda\/shop\/\"},{\"@type\":\"ListItem\",\"position\":3,\"name\":\"BEBE PARA ENTRENAMIENTO\"}]},{\"@type\":\"WebSite\",\"@id\":\"https:\/\/capitalcientifica.com.mx\/tienda\/#website\",\"url\":\"https:\/\/capitalcientifica.com.mx\/tienda\/\",\"name\":\"Capital Cient&iacute;fica\",\"description\":\"Equipo para laboratorio\",\"potentialAction\":[{\"@type\":\"SearchAction\",\"target\":{\"@type\":\"EntryPoint\",\"urlTemplate\":\"https:\/\/capitalcientifica.com.mx\/tienda\/?s={search_term_string}\"},\"query-input\":{\"@type\":\"PropertyValueSpecification\",\"valueRequired\":true,\"valueName\":\"search_term_string\"}}],\"inLanguage\":\"es\"}]}<\/script>\n<!-- \/ Yoast SEO plugin. -->","yoast_head_json":{"title":"BEBE PARA ENTRENAMIENTO - Capital Cient&iacute;fica","robots":{"index":"index","follow":"follow","max-snippet":"max-snippet:-1","max-image-preview":"max-image-preview:large","max-video-preview":"max-video-preview:-1"},"canonical":"https:\/\/capitalcientifica.com.mx\/tienda\/product\/bebe-para-entrenamiento-sku-bebe\/","og_locale":"es_ES","og_type":"article","og_title":"BEBE PARA ENTRENAMIENTO - Capital Cient&iacute;fica","og_description":"BEBE PARA ENTRENAMIENTO IDEAL PARA ENTRENAR LOS PRINCIPIOS PRINCIPALES DEL CUIDADO DEL BEB\u00c9 EN EL COLEGIO Y EN CURSOS DE PREPARACI\u00d3N DE PADRES J\u00d3VENES.  SKU:\u00a0BEBE","og_url":"https:\/\/capitalcientifica.com.mx\/tienda\/product\/bebe-para-entrenamiento-sku-bebe\/","og_site_name":"Capital Cient&iacute;fica","article_modified_time":"2023-02-14T17:47:15+00:00","og_image":[{"width":1500,"height":1500,"url":"https:\/\/capitalcientifica.com.mx\/tienda\/wp-content\/uploads\/2022\/03\/0003112_bebe-para-entrenamiento.jpeg","type":"image\/jpeg"}],"twitter_card":"summary_large_image","schema":{"@context":"https:\/\/schema.org","@graph":[{"@type":"WebPage","@id":"https:\/\/capitalcientifica.com.mx\/tienda\/product\/bebe-para-entrenamiento-sku-bebe\/","url":"https:\/\/capitalcientifica.com.mx\/tienda\/product\/bebe-para-entrenamiento-sku-bebe\/","name":"BEBE PARA ENTRENAMIENTO - Capital Cient&iacute;fica","isPartOf":{"@id":"https:\/\/capitalcientifica.com.mx\/tienda\/#website"},"primaryImageOfPage":{"@id":"https:\/\/capitalcientifica.com.mx\/tienda\/product\/bebe-para-entrenamiento-sku-bebe\/#primaryimage"},"image":{"@id":"https:\/\/capitalcientifica.com.mx\/tienda\/product\/bebe-para-entrenamiento-sku-bebe\/#primaryimage"},"thumbnailUrl":"https:\/\/capitalcientifica.com.mx\/tienda\/wp-content\/uploads\/2022\/03\/0003112_bebe-para-entrenamiento.jpeg","datePublished":"2022-03-09T18:10:23+00:00","dateModified":"2023-02-14T17:47:15+00:00","breadcrumb":{"@id":"https:\/\/capitalcientifica.com.mx\/tienda\/product\/bebe-para-entrenamiento-sku-bebe\/#breadcrumb"},"inLanguage":"es","potentialAction":[{"@type":"ReadAction","target":["https:\/\/capitalcientifica.com.mx\/tienda\/product\/bebe-para-entrenamiento-sku-bebe\/"]}]},{"@type":"ImageObject","inLanguage":"es","@id":"https:\/\/capitalcientifica.com.mx\/tienda\/product\/bebe-para-entrenamiento-sku-bebe\/#primaryimage","url":"https:\/\/capitalcientifica.com.mx\/tienda\/wp-content\/uploads\/2022\/03\/0003112_bebe-para-entrenamiento.jpeg","contentUrl":"https:\/\/capitalcientifica.com.mx\/tienda\/wp-content\/uploads\/2022\/03\/0003112_bebe-para-entrenamiento.jpeg","width":1500,"height":1500},{"@type":"BreadcrumbList","@id":"https:\/\/capitalcientifica.com.mx\/tienda\/product\/bebe-para-entrenamiento-sku-bebe\/#breadcrumb","itemListElement":[{"@type":"ListItem","position":1,"name":"Portada","item":"https:\/\/capitalcientifica.com.mx\/tienda\/"},{"@type":"ListItem","position":2,"name":"Shop","item":"https:\/\/capitalcientifica.com.mx\/tienda\/shop\/"},{"@type":"ListItem","position":3,"name":"BEBE PARA ENTRENAMIENTO"}]},{"@type":"WebSite","@id":"https:\/\/capitalcientifica.com.mx\/tienda\/#website","url":"https:\/\/capitalcientifica.com.mx\/tienda\/","name":"Capital Cient&iacute;fica","description":"Equipo para laboratorio","potentialAction":[{"@type":"SearchAction","target":{"@type":"EntryPoint","urlTemplate":"https:\/\/capitalcientifica.com.mx\/tienda\/?s={search_term_string}"},"query-input":{"@type":"PropertyValueSpecification","valueRequired":true,"valueName":"search_term_string"}}],"inLanguage":"es"}]}},"_links":{"self":[{"href":"https:\/\/capitalcientifica.com.mx\/tienda\/wp-json\/wp\/v2\/product\/5256","targetHints":{"allow":["GET"]}}],"collection":[{"href":"https:\/\/capitalcientifica.com.mx\/tienda\/wp-json\/wp\/v2\/product"}],"about":[{"href":"https:\/\/capitalcientifica.com.mx\/tienda\/wp-json\/wp\/v2\/types\/product"}],"replies":[{"embeddable":true,"href":"https:\/\/capitalcientifica.com.mx\/tienda\/wp-json\/wp\/v2\/comments?post=5256"}],"wp:featuredmedia":[{"embeddable":true,"href":"https:\/\/capitalcientifica.com.mx\/tienda\/wp-json\/wp\/v2\/media\/5257"}],"wp:attachment":[{"href":"https:\/\/capitalcientifica.com.mx\/tienda\/wp-json\/wp\/v2\/media?parent=5256"}],"wp:term":[{"taxonomy":"product_cat","embeddable":true,"href":"https:\/\/capitalcientifica.com.mx\/tienda\/wp-json\/wp\/v2\/product_cat?post=5256"},{"taxonomy":"product_tag","embeddable":true,"href":"https:\/\/capitalcientifica.com.mx\/tienda\/wp-json\/wp\/v2\/product_tag?post=5256"}],"curies":[{"name":"wp","href":"https:\/\/api.w.org\/{rel}","templated":true}]}}