{"id":5227,"date":"2022-03-09T05:13:51","date_gmt":"2022-03-09T05:13:51","guid":{"rendered":"https:\/\/www.capitalcientifica.com.mx\/?post_type=product&#038;p=5227"},"modified":"2023-02-14T17:59:07","modified_gmt":"2023-02-14T17:59:07","slug":"brazo-de-entrenamiento-avanzado-para-iv","status":"publish","type":"product","link":"https:\/\/capitalcientifica.com.mx\/tienda\/product\/brazo-de-entrenamiento-avanzado-para-iv\/","title":{"rendered":"BRAZO DE ENTRENAMIENTO AVANZADO PARA IV"},"content":{"rendered":"<p>BRAZO DE ENTRENAMIENTO AVANZADO PARA IV<\/p>\n<p>Este brazo de inyecci\u00f3n fabricado en silicona es \u00fanico tanto en calidad como en dise\u00f1o y permite una formaci\u00f3n realista para mejorar las competencias del personal sanitario. adem\u00e1s es muy apropiado para el aprendizaje en grupo, puesto que se trata de un producto de alta calidad, resistente a las manchas y fabricado con un producto blando f\u00e1cil de limpiar. ideal para una terapia intravenosa perif\u00e9rica e inyecci\u00f3n intramuscular deltoidea.<\/p>\n<p><span class=\"label\">SKU:<\/span>\u00a0<span id=\"sku-6434\" class=\"value\">BRA-INY-AVA<\/span><\/p>\n","protected":false},"excerpt":{"rendered":"<p>BRAZO DE ENTRENAMIENTO AVANZADO PARA IV<\/p>\n<p>Este brazo de inyecci\u00f3n fabricado en silicona es \u00fanico tanto en calidad como en dise\u00f1o y permite una formaci\u00f3n realista para mejorar las competencias del personal sanitario. adem\u00e1s es muy apropiado para el aprendizaje en grupo, puesto que se trata de un producto de alta calidad, resistente a las manchas y fabricado con un producto blando f\u00e1cil de limpiar. ideal para una terapia intravenosa perif\u00e9rica e inyecci\u00f3n intramuscular deltoidea.<\/p>\n<p><span class=\"label\">SKU:<\/span>\u00a0<span id=\"sku-6434\" class=\"value\">BRA-INY-AVA<\/span><\/p>\n","protected":false},"featured_media":5229,"comment_status":"open","ping_status":"closed","template":"","meta":{"_joinchat":[]},"product_cat":[150,148,147],"product_tag":[608,172,173],"class_list":{"0":"post-5227","1":"product","2":"type-product","3":"status-publish","4":"has-post-thumbnail","6":"product_cat-brazos","7":"product_cat-enfermeria","8":"product_cat-simuladores-medicos-de-importacion","9":"product_tag-brazo-de-entrenamiento-avanzado-para-iv","10":"product_tag-equipo-de-laboratorio","11":"product_tag-equipo-para-laboratorio","13":"first","14":"instock","15":"shipping-taxable","16":"product-type-simple","17":"col-xs-6 col-sm-4","18":"col-md-3 col-lg-3","19":"un-4-cols"},"yoast_head":"<!-- This site is optimized with the Yoast SEO plugin v27.2 - https:\/\/yoast.com\/product\/yoast-seo-wordpress\/ -->\n<title>BRAZO DE ENTRENAMIENTO AVANZADO PARA IV - Capital Cient&iacute;fica<\/title>\n<meta name=\"robots\" content=\"index, follow, max-snippet:-1, max-image-preview:large, max-video-preview:-1\" \/>\n<link rel=\"canonical\" href=\"https:\/\/capitalcientifica.com.mx\/tienda\/product\/brazo-de-entrenamiento-avanzado-para-iv\/\" \/>\n<meta property=\"og:locale\" content=\"es_ES\" \/>\n<meta property=\"og:type\" content=\"article\" \/>\n<meta property=\"og:title\" content=\"BRAZO DE ENTRENAMIENTO AVANZADO PARA IV - Capital Cient&iacute;fica\" \/>\n<meta property=\"og:description\" content=\"BRAZO DE ENTRENAMIENTO AVANZADO PARA IV  Este brazo de inyecci\u00f3n fabricado en silicona es \u00fanico tanto en calidad como en dise\u00f1o y permite una formaci\u00f3n realista para mejorar las competencias del personal sanitario. adem\u00e1s es muy apropiado para el aprendizaje en grupo, puesto que se trata de un producto de alta calidad, resistente a las manchas y fabricado con un producto blando f\u00e1cil de limpiar. ideal para una terapia intravenosa perif\u00e9rica e inyecci\u00f3n intramuscular deltoidea.  SKU:\u00a0BRA-INY-AVA\" \/>\n<meta property=\"og:url\" content=\"https:\/\/capitalcientifica.com.mx\/tienda\/product\/brazo-de-entrenamiento-avanzado-para-iv\/\" \/>\n<meta property=\"og:site_name\" content=\"Capital Cient&iacute;fica\" \/>\n<meta property=\"article:modified_time\" content=\"2023-02-14T17:59:07+00:00\" \/>\n<meta property=\"og:image\" content=\"https:\/\/capitalcientifica.com.mx\/tienda\/wp-content\/uploads\/2022\/03\/0002205_brazo-de-entrenamiento-avanzado-para-iv.jpeg\" \/>\n\t<meta property=\"og:image:width\" content=\"1000\" \/>\n\t<meta property=\"og:image:height\" content=\"1000\" \/>\n\t<meta property=\"og:image:type\" content=\"image\/jpeg\" \/>\n<meta name=\"twitter:card\" content=\"summary_large_image\" \/>\n<script type=\"application\/ld+json\" class=\"yoast-schema-graph\">{\"@context\":\"https:\/\/schema.org\",\"@graph\":[{\"@type\":\"WebPage\",\"@id\":\"https:\/\/capitalcientifica.com.mx\/tienda\/product\/brazo-de-entrenamiento-avanzado-para-iv\/\",\"url\":\"https:\/\/capitalcientifica.com.mx\/tienda\/product\/brazo-de-entrenamiento-avanzado-para-iv\/\",\"name\":\"BRAZO DE ENTRENAMIENTO AVANZADO PARA IV - Capital Cient&iacute;fica\",\"isPartOf\":{\"@id\":\"https:\/\/capitalcientifica.com.mx\/tienda\/#website\"},\"primaryImageOfPage\":{\"@id\":\"https:\/\/capitalcientifica.com.mx\/tienda\/product\/brazo-de-entrenamiento-avanzado-para-iv\/#primaryimage\"},\"image\":{\"@id\":\"https:\/\/capitalcientifica.com.mx\/tienda\/product\/brazo-de-entrenamiento-avanzado-para-iv\/#primaryimage\"},\"thumbnailUrl\":\"https:\/\/capitalcientifica.com.mx\/tienda\/wp-content\/uploads\/2022\/03\/0002205_brazo-de-entrenamiento-avanzado-para-iv.jpeg\",\"datePublished\":\"2022-03-09T05:13:51+00:00\",\"dateModified\":\"2023-02-14T17:59:07+00:00\",\"breadcrumb\":{\"@id\":\"https:\/\/capitalcientifica.com.mx\/tienda\/product\/brazo-de-entrenamiento-avanzado-para-iv\/#breadcrumb\"},\"inLanguage\":\"es\",\"potentialAction\":[{\"@type\":\"ReadAction\",\"target\":[\"https:\/\/capitalcientifica.com.mx\/tienda\/product\/brazo-de-entrenamiento-avanzado-para-iv\/\"]}]},{\"@type\":\"ImageObject\",\"inLanguage\":\"es\",\"@id\":\"https:\/\/capitalcientifica.com.mx\/tienda\/product\/brazo-de-entrenamiento-avanzado-para-iv\/#primaryimage\",\"url\":\"https:\/\/capitalcientifica.com.mx\/tienda\/wp-content\/uploads\/2022\/03\/0002205_brazo-de-entrenamiento-avanzado-para-iv.jpeg\",\"contentUrl\":\"https:\/\/capitalcientifica.com.mx\/tienda\/wp-content\/uploads\/2022\/03\/0002205_brazo-de-entrenamiento-avanzado-para-iv.jpeg\",\"width\":1000,\"height\":1000},{\"@type\":\"BreadcrumbList\",\"@id\":\"https:\/\/capitalcientifica.com.mx\/tienda\/product\/brazo-de-entrenamiento-avanzado-para-iv\/#breadcrumb\",\"itemListElement\":[{\"@type\":\"ListItem\",\"position\":1,\"name\":\"Portada\",\"item\":\"https:\/\/capitalcientifica.com.mx\/tienda\/\"},{\"@type\":\"ListItem\",\"position\":2,\"name\":\"Shop\",\"item\":\"https:\/\/capitalcientifica.com.mx\/tienda\/shop\/\"},{\"@type\":\"ListItem\",\"position\":3,\"name\":\"BRAZO DE ENTRENAMIENTO AVANZADO PARA IV\"}]},{\"@type\":\"WebSite\",\"@id\":\"https:\/\/capitalcientifica.com.mx\/tienda\/#website\",\"url\":\"https:\/\/capitalcientifica.com.mx\/tienda\/\",\"name\":\"Capital Cient&iacute;fica\",\"description\":\"Equipo para laboratorio\",\"potentialAction\":[{\"@type\":\"SearchAction\",\"target\":{\"@type\":\"EntryPoint\",\"urlTemplate\":\"https:\/\/capitalcientifica.com.mx\/tienda\/?s={search_term_string}\"},\"query-input\":{\"@type\":\"PropertyValueSpecification\",\"valueRequired\":true,\"valueName\":\"search_term_string\"}}],\"inLanguage\":\"es\"}]}<\/script>\n<!-- \/ Yoast SEO plugin. -->","yoast_head_json":{"title":"BRAZO DE ENTRENAMIENTO AVANZADO PARA IV - Capital Cient&iacute;fica","robots":{"index":"index","follow":"follow","max-snippet":"max-snippet:-1","max-image-preview":"max-image-preview:large","max-video-preview":"max-video-preview:-1"},"canonical":"https:\/\/capitalcientifica.com.mx\/tienda\/product\/brazo-de-entrenamiento-avanzado-para-iv\/","og_locale":"es_ES","og_type":"article","og_title":"BRAZO DE ENTRENAMIENTO AVANZADO PARA IV - Capital Cient&iacute;fica","og_description":"BRAZO DE ENTRENAMIENTO AVANZADO PARA IV  Este brazo de inyecci\u00f3n fabricado en silicona es \u00fanico tanto en calidad como en dise\u00f1o y permite una formaci\u00f3n realista para mejorar las competencias del personal sanitario. adem\u00e1s es muy apropiado para el aprendizaje en grupo, puesto que se trata de un producto de alta calidad, resistente a las manchas y fabricado con un producto blando f\u00e1cil de limpiar. ideal para una terapia intravenosa perif\u00e9rica e inyecci\u00f3n intramuscular deltoidea.  SKU:\u00a0BRA-INY-AVA","og_url":"https:\/\/capitalcientifica.com.mx\/tienda\/product\/brazo-de-entrenamiento-avanzado-para-iv\/","og_site_name":"Capital Cient&iacute;fica","article_modified_time":"2023-02-14T17:59:07+00:00","og_image":[{"width":1000,"height":1000,"url":"https:\/\/capitalcientifica.com.mx\/tienda\/wp-content\/uploads\/2022\/03\/0002205_brazo-de-entrenamiento-avanzado-para-iv.jpeg","type":"image\/jpeg"}],"twitter_card":"summary_large_image","schema":{"@context":"https:\/\/schema.org","@graph":[{"@type":"WebPage","@id":"https:\/\/capitalcientifica.com.mx\/tienda\/product\/brazo-de-entrenamiento-avanzado-para-iv\/","url":"https:\/\/capitalcientifica.com.mx\/tienda\/product\/brazo-de-entrenamiento-avanzado-para-iv\/","name":"BRAZO DE ENTRENAMIENTO AVANZADO PARA IV - Capital Cient&iacute;fica","isPartOf":{"@id":"https:\/\/capitalcientifica.com.mx\/tienda\/#website"},"primaryImageOfPage":{"@id":"https:\/\/capitalcientifica.com.mx\/tienda\/product\/brazo-de-entrenamiento-avanzado-para-iv\/#primaryimage"},"image":{"@id":"https:\/\/capitalcientifica.com.mx\/tienda\/product\/brazo-de-entrenamiento-avanzado-para-iv\/#primaryimage"},"thumbnailUrl":"https:\/\/capitalcientifica.com.mx\/tienda\/wp-content\/uploads\/2022\/03\/0002205_brazo-de-entrenamiento-avanzado-para-iv.jpeg","datePublished":"2022-03-09T05:13:51+00:00","dateModified":"2023-02-14T17:59:07+00:00","breadcrumb":{"@id":"https:\/\/capitalcientifica.com.mx\/tienda\/product\/brazo-de-entrenamiento-avanzado-para-iv\/#breadcrumb"},"inLanguage":"es","potentialAction":[{"@type":"ReadAction","target":["https:\/\/capitalcientifica.com.mx\/tienda\/product\/brazo-de-entrenamiento-avanzado-para-iv\/"]}]},{"@type":"ImageObject","inLanguage":"es","@id":"https:\/\/capitalcientifica.com.mx\/tienda\/product\/brazo-de-entrenamiento-avanzado-para-iv\/#primaryimage","url":"https:\/\/capitalcientifica.com.mx\/tienda\/wp-content\/uploads\/2022\/03\/0002205_brazo-de-entrenamiento-avanzado-para-iv.jpeg","contentUrl":"https:\/\/capitalcientifica.com.mx\/tienda\/wp-content\/uploads\/2022\/03\/0002205_brazo-de-entrenamiento-avanzado-para-iv.jpeg","width":1000,"height":1000},{"@type":"BreadcrumbList","@id":"https:\/\/capitalcientifica.com.mx\/tienda\/product\/brazo-de-entrenamiento-avanzado-para-iv\/#breadcrumb","itemListElement":[{"@type":"ListItem","position":1,"name":"Portada","item":"https:\/\/capitalcientifica.com.mx\/tienda\/"},{"@type":"ListItem","position":2,"name":"Shop","item":"https:\/\/capitalcientifica.com.mx\/tienda\/shop\/"},{"@type":"ListItem","position":3,"name":"BRAZO DE ENTRENAMIENTO AVANZADO PARA IV"}]},{"@type":"WebSite","@id":"https:\/\/capitalcientifica.com.mx\/tienda\/#website","url":"https:\/\/capitalcientifica.com.mx\/tienda\/","name":"Capital Cient&iacute;fica","description":"Equipo para laboratorio","potentialAction":[{"@type":"SearchAction","target":{"@type":"EntryPoint","urlTemplate":"https:\/\/capitalcientifica.com.mx\/tienda\/?s={search_term_string}"},"query-input":{"@type":"PropertyValueSpecification","valueRequired":true,"valueName":"search_term_string"}}],"inLanguage":"es"}]}},"_links":{"self":[{"href":"https:\/\/capitalcientifica.com.mx\/tienda\/wp-json\/wp\/v2\/product\/5227","targetHints":{"allow":["GET"]}}],"collection":[{"href":"https:\/\/capitalcientifica.com.mx\/tienda\/wp-json\/wp\/v2\/product"}],"about":[{"href":"https:\/\/capitalcientifica.com.mx\/tienda\/wp-json\/wp\/v2\/types\/product"}],"replies":[{"embeddable":true,"href":"https:\/\/capitalcientifica.com.mx\/tienda\/wp-json\/wp\/v2\/comments?post=5227"}],"wp:featuredmedia":[{"embeddable":true,"href":"https:\/\/capitalcientifica.com.mx\/tienda\/wp-json\/wp\/v2\/media\/5229"}],"wp:attachment":[{"href":"https:\/\/capitalcientifica.com.mx\/tienda\/wp-json\/wp\/v2\/media?parent=5227"}],"wp:term":[{"taxonomy":"product_cat","embeddable":true,"href":"https:\/\/capitalcientifica.com.mx\/tienda\/wp-json\/wp\/v2\/product_cat?post=5227"},{"taxonomy":"product_tag","embeddable":true,"href":"https:\/\/capitalcientifica.com.mx\/tienda\/wp-json\/wp\/v2\/product_tag?post=5227"}],"curies":[{"name":"wp","href":"https:\/\/api.w.org\/{rel}","templated":true}]}}