{"id":5225,"date":"2022-03-09T05:12:02","date_gmt":"2022-03-09T05:12:02","guid":{"rendered":"https:\/\/www.capitalcientifica.com.mx\/?post_type=product&#038;p=5225"},"modified":"2023-02-14T18:00:32","modified_gmt":"2023-02-14T18:00:32","slug":"brazo-de-entrenamiento-para-inyeccion-intravenosa-y-deltoides","status":"publish","type":"product","link":"https:\/\/capitalcientifica.com.mx\/tienda\/product\/brazo-de-entrenamiento-para-inyeccion-intravenosa-y-deltoides\/","title":{"rendered":"BRAZO DE ENTRENAMIENTO PARA INYECCI\u00d3N INTRAVENOSA Y DELTOIDES"},"content":{"rendered":"<p>BRAZO DE ENTRENAMIENTO PARA INYECCI\u00d3N INTRAVENOSA Y DELTOIDES<\/p>\n<p>Este brazo de inyecci\u00f3n fabricado en silicona y PVC suave es \u00fanico tanto en calidad como en dise\u00f1o y permite una formaci\u00f3n realista para mejorar las competencias de los estudiantes de enfermer\u00eda y dem\u00e1s personas involucradas en cuidados cl\u00ednicos de emergencia, paliativos y profil\u00e1cticos. Adem\u00e1s es muy apropiado para el aprendizaje en grupo, puesto que se trata de un producto de alta calidad que resiste cientos de inyecciones.<\/p>\n<p><span class=\"label\">SKU:<\/span>\u00a0<span id=\"sku-996\" class=\"value\">BRA-INY<\/span><\/p>\n","protected":false},"excerpt":{"rendered":"<p>BRAZO DE ENTRENAMIENTO PARA INYECCI\u00d3N INTRAVENOSA Y DELTOIDES<\/p>\n<p>Este brazo de inyecci\u00f3n fabricado en silicona y PVC suave es \u00fanico tanto en calidad como en dise\u00f1o y permite una formaci\u00f3n realista para mejorar las competencias de los estudiantes de enfermer\u00eda y dem\u00e1s personas involucradas en cuidados cl\u00ednicos de emergencia, paliativos y profil\u00e1cticos. Adem\u00e1s es muy apropiado para el aprendizaje en grupo, puesto que se trata de un producto de alta calidad que resiste cientos de inyecciones.<\/p>\n<p><span class=\"label\">SKU:<\/span>\u00a0<span id=\"sku-996\" class=\"value\">BRA-INY<\/span><\/p>\n","protected":false},"featured_media":5226,"comment_status":"open","ping_status":"closed","template":"","meta":{"_joinchat":[]},"product_cat":[150,148,147],"product_tag":[612,172,173],"class_list":{"0":"post-5225","1":"product","2":"type-product","3":"status-publish","4":"has-post-thumbnail","6":"product_cat-brazos","7":"product_cat-enfermeria","8":"product_cat-simuladores-medicos-de-importacion","9":"product_tag-brazo-de-entrenamiento-para-inyeccion-intravenosa-y-deltoides","10":"product_tag-equipo-de-laboratorio","11":"product_tag-equipo-para-laboratorio","13":"first","14":"instock","15":"shipping-taxable","16":"product-type-simple","17":"col-xs-6 col-sm-4","18":"col-md-3 col-lg-3","19":"un-4-cols"},"yoast_head":"<!-- This site is optimized with the Yoast SEO plugin v27.2 - https:\/\/yoast.com\/product\/yoast-seo-wordpress\/ -->\n<title>BRAZO DE ENTRENAMIENTO PARA INYECCI\u00d3N INTRAVENOSA Y DELTOIDES - Capital Cient&iacute;fica<\/title>\n<meta name=\"robots\" content=\"index, follow, max-snippet:-1, max-image-preview:large, max-video-preview:-1\" \/>\n<link rel=\"canonical\" href=\"https:\/\/capitalcientifica.com.mx\/tienda\/product\/brazo-de-entrenamiento-para-inyeccion-intravenosa-y-deltoides\/\" \/>\n<meta property=\"og:locale\" content=\"es_ES\" \/>\n<meta property=\"og:type\" content=\"article\" \/>\n<meta property=\"og:title\" content=\"BRAZO DE ENTRENAMIENTO PARA INYECCI\u00d3N INTRAVENOSA Y DELTOIDES - Capital Cient&iacute;fica\" \/>\n<meta property=\"og:description\" content=\"BRAZO DE ENTRENAMIENTO PARA INYECCI\u00d3N INTRAVENOSA Y DELTOIDES  Este brazo de inyecci\u00f3n fabricado en silicona y PVC suave es \u00fanico tanto en calidad como en dise\u00f1o y permite una formaci\u00f3n realista para mejorar las competencias de los estudiantes de enfermer\u00eda y dem\u00e1s personas involucradas en cuidados cl\u00ednicos de emergencia, paliativos y profil\u00e1cticos. Adem\u00e1s es muy apropiado para el aprendizaje en grupo, puesto que se trata de un producto de alta calidad que resiste cientos de inyecciones.  SKU:\u00a0BRA-INY\" \/>\n<meta property=\"og:url\" content=\"https:\/\/capitalcientifica.com.mx\/tienda\/product\/brazo-de-entrenamiento-para-inyeccion-intravenosa-y-deltoides\/\" \/>\n<meta property=\"og:site_name\" content=\"Capital Cient&iacute;fica\" \/>\n<meta property=\"article:modified_time\" content=\"2023-02-14T18:00:32+00:00\" \/>\n<meta property=\"og:image\" content=\"https:\/\/capitalcientifica.com.mx\/tienda\/wp-content\/uploads\/2022\/03\/0000611_brazo-de-entrenamiento-para-inyeccion-intravenosa-y-deltoides.jpeg\" \/>\n\t<meta property=\"og:image:width\" content=\"1000\" \/>\n\t<meta property=\"og:image:height\" content=\"1000\" \/>\n\t<meta property=\"og:image:type\" content=\"image\/jpeg\" \/>\n<meta name=\"twitter:card\" content=\"summary_large_image\" \/>\n<script type=\"application\/ld+json\" class=\"yoast-schema-graph\">{\"@context\":\"https:\/\/schema.org\",\"@graph\":[{\"@type\":\"WebPage\",\"@id\":\"https:\/\/capitalcientifica.com.mx\/tienda\/product\/brazo-de-entrenamiento-para-inyeccion-intravenosa-y-deltoides\/\",\"url\":\"https:\/\/capitalcientifica.com.mx\/tienda\/product\/brazo-de-entrenamiento-para-inyeccion-intravenosa-y-deltoides\/\",\"name\":\"BRAZO DE ENTRENAMIENTO PARA INYECCI\u00d3N INTRAVENOSA Y DELTOIDES - Capital Cient&iacute;fica\",\"isPartOf\":{\"@id\":\"https:\/\/capitalcientifica.com.mx\/tienda\/#website\"},\"primaryImageOfPage\":{\"@id\":\"https:\/\/capitalcientifica.com.mx\/tienda\/product\/brazo-de-entrenamiento-para-inyeccion-intravenosa-y-deltoides\/#primaryimage\"},\"image\":{\"@id\":\"https:\/\/capitalcientifica.com.mx\/tienda\/product\/brazo-de-entrenamiento-para-inyeccion-intravenosa-y-deltoides\/#primaryimage\"},\"thumbnailUrl\":\"https:\/\/capitalcientifica.com.mx\/tienda\/wp-content\/uploads\/2022\/03\/0000611_brazo-de-entrenamiento-para-inyeccion-intravenosa-y-deltoides.jpeg\",\"datePublished\":\"2022-03-09T05:12:02+00:00\",\"dateModified\":\"2023-02-14T18:00:32+00:00\",\"breadcrumb\":{\"@id\":\"https:\/\/capitalcientifica.com.mx\/tienda\/product\/brazo-de-entrenamiento-para-inyeccion-intravenosa-y-deltoides\/#breadcrumb\"},\"inLanguage\":\"es\",\"potentialAction\":[{\"@type\":\"ReadAction\",\"target\":[\"https:\/\/capitalcientifica.com.mx\/tienda\/product\/brazo-de-entrenamiento-para-inyeccion-intravenosa-y-deltoides\/\"]}]},{\"@type\":\"ImageObject\",\"inLanguage\":\"es\",\"@id\":\"https:\/\/capitalcientifica.com.mx\/tienda\/product\/brazo-de-entrenamiento-para-inyeccion-intravenosa-y-deltoides\/#primaryimage\",\"url\":\"https:\/\/capitalcientifica.com.mx\/tienda\/wp-content\/uploads\/2022\/03\/0000611_brazo-de-entrenamiento-para-inyeccion-intravenosa-y-deltoides.jpeg\",\"contentUrl\":\"https:\/\/capitalcientifica.com.mx\/tienda\/wp-content\/uploads\/2022\/03\/0000611_brazo-de-entrenamiento-para-inyeccion-intravenosa-y-deltoides.jpeg\",\"width\":1000,\"height\":1000},{\"@type\":\"BreadcrumbList\",\"@id\":\"https:\/\/capitalcientifica.com.mx\/tienda\/product\/brazo-de-entrenamiento-para-inyeccion-intravenosa-y-deltoides\/#breadcrumb\",\"itemListElement\":[{\"@type\":\"ListItem\",\"position\":1,\"name\":\"Portada\",\"item\":\"https:\/\/capitalcientifica.com.mx\/tienda\/\"},{\"@type\":\"ListItem\",\"position\":2,\"name\":\"Shop\",\"item\":\"https:\/\/capitalcientifica.com.mx\/tienda\/shop\/\"},{\"@type\":\"ListItem\",\"position\":3,\"name\":\"BRAZO DE ENTRENAMIENTO PARA INYECCI\u00d3N INTRAVENOSA Y DELTOIDES\"}]},{\"@type\":\"WebSite\",\"@id\":\"https:\/\/capitalcientifica.com.mx\/tienda\/#website\",\"url\":\"https:\/\/capitalcientifica.com.mx\/tienda\/\",\"name\":\"Capital Cient&iacute;fica\",\"description\":\"Equipo para laboratorio\",\"potentialAction\":[{\"@type\":\"SearchAction\",\"target\":{\"@type\":\"EntryPoint\",\"urlTemplate\":\"https:\/\/capitalcientifica.com.mx\/tienda\/?s={search_term_string}\"},\"query-input\":{\"@type\":\"PropertyValueSpecification\",\"valueRequired\":true,\"valueName\":\"search_term_string\"}}],\"inLanguage\":\"es\"}]}<\/script>\n<!-- \/ Yoast SEO plugin. -->","yoast_head_json":{"title":"BRAZO DE ENTRENAMIENTO PARA INYECCI\u00d3N INTRAVENOSA Y DELTOIDES - Capital Cient&iacute;fica","robots":{"index":"index","follow":"follow","max-snippet":"max-snippet:-1","max-image-preview":"max-image-preview:large","max-video-preview":"max-video-preview:-1"},"canonical":"https:\/\/capitalcientifica.com.mx\/tienda\/product\/brazo-de-entrenamiento-para-inyeccion-intravenosa-y-deltoides\/","og_locale":"es_ES","og_type":"article","og_title":"BRAZO DE ENTRENAMIENTO PARA INYECCI\u00d3N INTRAVENOSA Y DELTOIDES - Capital Cient&iacute;fica","og_description":"BRAZO DE ENTRENAMIENTO PARA INYECCI\u00d3N INTRAVENOSA Y DELTOIDES  Este brazo de inyecci\u00f3n fabricado en silicona y PVC suave es \u00fanico tanto en calidad como en dise\u00f1o y permite una formaci\u00f3n realista para mejorar las competencias de los estudiantes de enfermer\u00eda y dem\u00e1s personas involucradas en cuidados cl\u00ednicos de emergencia, paliativos y profil\u00e1cticos. Adem\u00e1s es muy apropiado para el aprendizaje en grupo, puesto que se trata de un producto de alta calidad que resiste cientos de inyecciones.  SKU:\u00a0BRA-INY","og_url":"https:\/\/capitalcientifica.com.mx\/tienda\/product\/brazo-de-entrenamiento-para-inyeccion-intravenosa-y-deltoides\/","og_site_name":"Capital Cient&iacute;fica","article_modified_time":"2023-02-14T18:00:32+00:00","og_image":[{"width":1000,"height":1000,"url":"https:\/\/capitalcientifica.com.mx\/tienda\/wp-content\/uploads\/2022\/03\/0000611_brazo-de-entrenamiento-para-inyeccion-intravenosa-y-deltoides.jpeg","type":"image\/jpeg"}],"twitter_card":"summary_large_image","schema":{"@context":"https:\/\/schema.org","@graph":[{"@type":"WebPage","@id":"https:\/\/capitalcientifica.com.mx\/tienda\/product\/brazo-de-entrenamiento-para-inyeccion-intravenosa-y-deltoides\/","url":"https:\/\/capitalcientifica.com.mx\/tienda\/product\/brazo-de-entrenamiento-para-inyeccion-intravenosa-y-deltoides\/","name":"BRAZO DE ENTRENAMIENTO PARA INYECCI\u00d3N INTRAVENOSA Y DELTOIDES - Capital Cient&iacute;fica","isPartOf":{"@id":"https:\/\/capitalcientifica.com.mx\/tienda\/#website"},"primaryImageOfPage":{"@id":"https:\/\/capitalcientifica.com.mx\/tienda\/product\/brazo-de-entrenamiento-para-inyeccion-intravenosa-y-deltoides\/#primaryimage"},"image":{"@id":"https:\/\/capitalcientifica.com.mx\/tienda\/product\/brazo-de-entrenamiento-para-inyeccion-intravenosa-y-deltoides\/#primaryimage"},"thumbnailUrl":"https:\/\/capitalcientifica.com.mx\/tienda\/wp-content\/uploads\/2022\/03\/0000611_brazo-de-entrenamiento-para-inyeccion-intravenosa-y-deltoides.jpeg","datePublished":"2022-03-09T05:12:02+00:00","dateModified":"2023-02-14T18:00:32+00:00","breadcrumb":{"@id":"https:\/\/capitalcientifica.com.mx\/tienda\/product\/brazo-de-entrenamiento-para-inyeccion-intravenosa-y-deltoides\/#breadcrumb"},"inLanguage":"es","potentialAction":[{"@type":"ReadAction","target":["https:\/\/capitalcientifica.com.mx\/tienda\/product\/brazo-de-entrenamiento-para-inyeccion-intravenosa-y-deltoides\/"]}]},{"@type":"ImageObject","inLanguage":"es","@id":"https:\/\/capitalcientifica.com.mx\/tienda\/product\/brazo-de-entrenamiento-para-inyeccion-intravenosa-y-deltoides\/#primaryimage","url":"https:\/\/capitalcientifica.com.mx\/tienda\/wp-content\/uploads\/2022\/03\/0000611_brazo-de-entrenamiento-para-inyeccion-intravenosa-y-deltoides.jpeg","contentUrl":"https:\/\/capitalcientifica.com.mx\/tienda\/wp-content\/uploads\/2022\/03\/0000611_brazo-de-entrenamiento-para-inyeccion-intravenosa-y-deltoides.jpeg","width":1000,"height":1000},{"@type":"BreadcrumbList","@id":"https:\/\/capitalcientifica.com.mx\/tienda\/product\/brazo-de-entrenamiento-para-inyeccion-intravenosa-y-deltoides\/#breadcrumb","itemListElement":[{"@type":"ListItem","position":1,"name":"Portada","item":"https:\/\/capitalcientifica.com.mx\/tienda\/"},{"@type":"ListItem","position":2,"name":"Shop","item":"https:\/\/capitalcientifica.com.mx\/tienda\/shop\/"},{"@type":"ListItem","position":3,"name":"BRAZO DE ENTRENAMIENTO PARA INYECCI\u00d3N INTRAVENOSA Y DELTOIDES"}]},{"@type":"WebSite","@id":"https:\/\/capitalcientifica.com.mx\/tienda\/#website","url":"https:\/\/capitalcientifica.com.mx\/tienda\/","name":"Capital Cient&iacute;fica","description":"Equipo para laboratorio","potentialAction":[{"@type":"SearchAction","target":{"@type":"EntryPoint","urlTemplate":"https:\/\/capitalcientifica.com.mx\/tienda\/?s={search_term_string}"},"query-input":{"@type":"PropertyValueSpecification","valueRequired":true,"valueName":"search_term_string"}}],"inLanguage":"es"}]}},"_links":{"self":[{"href":"https:\/\/capitalcientifica.com.mx\/tienda\/wp-json\/wp\/v2\/product\/5225","targetHints":{"allow":["GET"]}}],"collection":[{"href":"https:\/\/capitalcientifica.com.mx\/tienda\/wp-json\/wp\/v2\/product"}],"about":[{"href":"https:\/\/capitalcientifica.com.mx\/tienda\/wp-json\/wp\/v2\/types\/product"}],"replies":[{"embeddable":true,"href":"https:\/\/capitalcientifica.com.mx\/tienda\/wp-json\/wp\/v2\/comments?post=5225"}],"wp:featuredmedia":[{"embeddable":true,"href":"https:\/\/capitalcientifica.com.mx\/tienda\/wp-json\/wp\/v2\/media\/5226"}],"wp:attachment":[{"href":"https:\/\/capitalcientifica.com.mx\/tienda\/wp-json\/wp\/v2\/media?parent=5225"}],"wp:term":[{"taxonomy":"product_cat","embeddable":true,"href":"https:\/\/capitalcientifica.com.mx\/tienda\/wp-json\/wp\/v2\/product_cat?post=5225"},{"taxonomy":"product_tag","embeddable":true,"href":"https:\/\/capitalcientifica.com.mx\/tienda\/wp-json\/wp\/v2\/product_tag?post=5225"}],"curies":[{"name":"wp","href":"https:\/\/api.w.org\/{rel}","templated":true}]}}