{"id":5167,"date":"2022-03-09T03:55:09","date_gmt":"2022-03-09T03:55:09","guid":{"rendered":"https:\/\/www.capitalcientifica.com.mx\/?post_type=product&#038;p=5167"},"modified":"2023-03-02T22:23:17","modified_gmt":"2023-03-02T22:23:17","slug":"simulador-para-la-alimentacion-nasogastrica-e-intubacion-traqueal-sku-tor-ali-gaso","status":"publish","type":"product","link":"https:\/\/capitalcientifica.com.mx\/tienda\/product\/simulador-para-la-alimentacion-nasogastrica-e-intubacion-traqueal-sku-tor-ali-gaso\/","title":{"rendered":"SIMULADOR PARA LA ALIMENTACI\u00d3N NASOG\u00c1STRICA E INTUBACI\u00d3N TRAQUEAL"},"content":{"rendered":"<p>SIMULADOR PARA LA ALIMENTACI\u00d3N NASOG\u00c1STRICA E INTUBACI\u00d3N TRAQUEAL<\/p>\n<p>Este maniqu\u00ed est\u00e1 hecho con material importado que simulada una piel suave y realista al tacto.<\/p>\n<p><span class=\"label\">SKU:<\/span>\u00a0<span id=\"sku-6552\" class=\"value\">TOR-ALI-GASO<\/span><\/p>\n","protected":false},"excerpt":{"rendered":"<p>SIMULADOR PARA LA ALIMENTACI\u00d3N NASOG\u00c1STRICA E INTUBACI\u00d3N TRAQUEAL<\/p>\n<p>Este maniqu\u00ed est\u00e1 hecho con material importado que simulada una piel suave y realista al tacto.<\/p>\n<p><span class=\"label\">SKU:<\/span>\u00a0<span id=\"sku-6552\" class=\"value\">TOR-ALI-GASO<\/span><\/p>\n","protected":false},"featured_media":5168,"comment_status":"open","ping_status":"closed","template":"","meta":{"_joinchat":[]},"product_cat":[149,148,147],"product_tag":[172,173,2492],"class_list":{"0":"post-5167","1":"product","2":"type-product","3":"status-publish","4":"has-post-thumbnail","6":"product_cat-adulto","7":"product_cat-enfermeria","8":"product_cat-simuladores-medicos-de-importacion","9":"product_tag-equipo-de-laboratorio","10":"product_tag-equipo-para-laboratorio","11":"product_tag-simulador-para-la-alimentacion-nasogastrica-e-intubacion-traqueal","13":"first","14":"instock","15":"shipping-taxable","16":"product-type-simple","17":"col-xs-6 col-sm-4","18":"col-md-3 col-lg-3","19":"un-4-cols"},"yoast_head":"<!-- This site is optimized with the Yoast SEO plugin v27.2 - https:\/\/yoast.com\/product\/yoast-seo-wordpress\/ -->\n<title>SIMULADOR PARA LA ALIMENTACI\u00d3N NASOG\u00c1STRICA E INTUBACI\u00d3N TRAQUEAL - Capital Cient&iacute;fica<\/title>\n<meta name=\"robots\" content=\"index, follow, max-snippet:-1, max-image-preview:large, max-video-preview:-1\" \/>\n<link rel=\"canonical\" href=\"https:\/\/capitalcientifica.com.mx\/tienda\/product\/simulador-para-la-alimentacion-nasogastrica-e-intubacion-traqueal-sku-tor-ali-gaso\/\" \/>\n<meta property=\"og:locale\" content=\"es_ES\" \/>\n<meta property=\"og:type\" content=\"article\" \/>\n<meta property=\"og:title\" content=\"SIMULADOR PARA LA ALIMENTACI\u00d3N NASOG\u00c1STRICA E INTUBACI\u00d3N TRAQUEAL - Capital Cient&iacute;fica\" \/>\n<meta property=\"og:description\" content=\"SIMULADOR PARA LA ALIMENTACI\u00d3N NASOG\u00c1STRICA E INTUBACI\u00d3N TRAQUEAL  Este maniqu\u00ed est\u00e1 hecho con material importado que simulada una piel suave y realista al tacto.  SKU:\u00a0TOR-ALI-GASO\" \/>\n<meta property=\"og:url\" content=\"https:\/\/capitalcientifica.com.mx\/tienda\/product\/simulador-para-la-alimentacion-nasogastrica-e-intubacion-traqueal-sku-tor-ali-gaso\/\" \/>\n<meta property=\"og:site_name\" content=\"Capital Cient&iacute;fica\" \/>\n<meta property=\"article:modified_time\" content=\"2023-03-02T22:23:17+00:00\" \/>\n<meta property=\"og:image\" content=\"https:\/\/capitalcientifica.com.mx\/tienda\/wp-content\/uploads\/2022\/03\/0001128_simulador-para-alimentacion-nasogastrica-e-intubacion-traqueal.jpeg\" \/>\n\t<meta property=\"og:image:width\" content=\"1000\" \/>\n\t<meta property=\"og:image:height\" content=\"1000\" \/>\n\t<meta property=\"og:image:type\" content=\"image\/jpeg\" \/>\n<meta name=\"twitter:card\" content=\"summary_large_image\" \/>\n<script type=\"application\/ld+json\" class=\"yoast-schema-graph\">{\"@context\":\"https:\/\/schema.org\",\"@graph\":[{\"@type\":\"WebPage\",\"@id\":\"https:\/\/capitalcientifica.com.mx\/tienda\/product\/simulador-para-la-alimentacion-nasogastrica-e-intubacion-traqueal-sku-tor-ali-gaso\/\",\"url\":\"https:\/\/capitalcientifica.com.mx\/tienda\/product\/simulador-para-la-alimentacion-nasogastrica-e-intubacion-traqueal-sku-tor-ali-gaso\/\",\"name\":\"SIMULADOR PARA LA ALIMENTACI\u00d3N NASOG\u00c1STRICA E INTUBACI\u00d3N TRAQUEAL - Capital Cient&iacute;fica\",\"isPartOf\":{\"@id\":\"https:\/\/capitalcientifica.com.mx\/tienda\/#website\"},\"primaryImageOfPage\":{\"@id\":\"https:\/\/capitalcientifica.com.mx\/tienda\/product\/simulador-para-la-alimentacion-nasogastrica-e-intubacion-traqueal-sku-tor-ali-gaso\/#primaryimage\"},\"image\":{\"@id\":\"https:\/\/capitalcientifica.com.mx\/tienda\/product\/simulador-para-la-alimentacion-nasogastrica-e-intubacion-traqueal-sku-tor-ali-gaso\/#primaryimage\"},\"thumbnailUrl\":\"https:\/\/capitalcientifica.com.mx\/tienda\/wp-content\/uploads\/2022\/03\/0001128_simulador-para-alimentacion-nasogastrica-e-intubacion-traqueal.jpeg\",\"datePublished\":\"2022-03-09T03:55:09+00:00\",\"dateModified\":\"2023-03-02T22:23:17+00:00\",\"breadcrumb\":{\"@id\":\"https:\/\/capitalcientifica.com.mx\/tienda\/product\/simulador-para-la-alimentacion-nasogastrica-e-intubacion-traqueal-sku-tor-ali-gaso\/#breadcrumb\"},\"inLanguage\":\"es\",\"potentialAction\":[{\"@type\":\"ReadAction\",\"target\":[\"https:\/\/capitalcientifica.com.mx\/tienda\/product\/simulador-para-la-alimentacion-nasogastrica-e-intubacion-traqueal-sku-tor-ali-gaso\/\"]}]},{\"@type\":\"ImageObject\",\"inLanguage\":\"es\",\"@id\":\"https:\/\/capitalcientifica.com.mx\/tienda\/product\/simulador-para-la-alimentacion-nasogastrica-e-intubacion-traqueal-sku-tor-ali-gaso\/#primaryimage\",\"url\":\"https:\/\/capitalcientifica.com.mx\/tienda\/wp-content\/uploads\/2022\/03\/0001128_simulador-para-alimentacion-nasogastrica-e-intubacion-traqueal.jpeg\",\"contentUrl\":\"https:\/\/capitalcientifica.com.mx\/tienda\/wp-content\/uploads\/2022\/03\/0001128_simulador-para-alimentacion-nasogastrica-e-intubacion-traqueal.jpeg\",\"width\":1000,\"height\":1000},{\"@type\":\"BreadcrumbList\",\"@id\":\"https:\/\/capitalcientifica.com.mx\/tienda\/product\/simulador-para-la-alimentacion-nasogastrica-e-intubacion-traqueal-sku-tor-ali-gaso\/#breadcrumb\",\"itemListElement\":[{\"@type\":\"ListItem\",\"position\":1,\"name\":\"Portada\",\"item\":\"https:\/\/capitalcientifica.com.mx\/tienda\/\"},{\"@type\":\"ListItem\",\"position\":2,\"name\":\"Shop\",\"item\":\"https:\/\/capitalcientifica.com.mx\/tienda\/shop\/\"},{\"@type\":\"ListItem\",\"position\":3,\"name\":\"SIMULADOR PARA LA ALIMENTACI\u00d3N NASOG\u00c1STRICA E INTUBACI\u00d3N TRAQUEAL\"}]},{\"@type\":\"WebSite\",\"@id\":\"https:\/\/capitalcientifica.com.mx\/tienda\/#website\",\"url\":\"https:\/\/capitalcientifica.com.mx\/tienda\/\",\"name\":\"Capital Cient&iacute;fica\",\"description\":\"Equipo para laboratorio\",\"potentialAction\":[{\"@type\":\"SearchAction\",\"target\":{\"@type\":\"EntryPoint\",\"urlTemplate\":\"https:\/\/capitalcientifica.com.mx\/tienda\/?s={search_term_string}\"},\"query-input\":{\"@type\":\"PropertyValueSpecification\",\"valueRequired\":true,\"valueName\":\"search_term_string\"}}],\"inLanguage\":\"es\"}]}<\/script>\n<!-- \/ Yoast SEO plugin. -->","yoast_head_json":{"title":"SIMULADOR PARA LA ALIMENTACI\u00d3N NASOG\u00c1STRICA E INTUBACI\u00d3N TRAQUEAL - Capital Cient&iacute;fica","robots":{"index":"index","follow":"follow","max-snippet":"max-snippet:-1","max-image-preview":"max-image-preview:large","max-video-preview":"max-video-preview:-1"},"canonical":"https:\/\/capitalcientifica.com.mx\/tienda\/product\/simulador-para-la-alimentacion-nasogastrica-e-intubacion-traqueal-sku-tor-ali-gaso\/","og_locale":"es_ES","og_type":"article","og_title":"SIMULADOR PARA LA ALIMENTACI\u00d3N NASOG\u00c1STRICA E INTUBACI\u00d3N TRAQUEAL - Capital Cient&iacute;fica","og_description":"SIMULADOR PARA LA ALIMENTACI\u00d3N NASOG\u00c1STRICA E INTUBACI\u00d3N TRAQUEAL  Este maniqu\u00ed est\u00e1 hecho con material importado que simulada una piel suave y realista al tacto.  SKU:\u00a0TOR-ALI-GASO","og_url":"https:\/\/capitalcientifica.com.mx\/tienda\/product\/simulador-para-la-alimentacion-nasogastrica-e-intubacion-traqueal-sku-tor-ali-gaso\/","og_site_name":"Capital Cient&iacute;fica","article_modified_time":"2023-03-02T22:23:17+00:00","og_image":[{"width":1000,"height":1000,"url":"https:\/\/capitalcientifica.com.mx\/tienda\/wp-content\/uploads\/2022\/03\/0001128_simulador-para-alimentacion-nasogastrica-e-intubacion-traqueal.jpeg","type":"image\/jpeg"}],"twitter_card":"summary_large_image","schema":{"@context":"https:\/\/schema.org","@graph":[{"@type":"WebPage","@id":"https:\/\/capitalcientifica.com.mx\/tienda\/product\/simulador-para-la-alimentacion-nasogastrica-e-intubacion-traqueal-sku-tor-ali-gaso\/","url":"https:\/\/capitalcientifica.com.mx\/tienda\/product\/simulador-para-la-alimentacion-nasogastrica-e-intubacion-traqueal-sku-tor-ali-gaso\/","name":"SIMULADOR PARA LA ALIMENTACI\u00d3N NASOG\u00c1STRICA E INTUBACI\u00d3N TRAQUEAL - Capital Cient&iacute;fica","isPartOf":{"@id":"https:\/\/capitalcientifica.com.mx\/tienda\/#website"},"primaryImageOfPage":{"@id":"https:\/\/capitalcientifica.com.mx\/tienda\/product\/simulador-para-la-alimentacion-nasogastrica-e-intubacion-traqueal-sku-tor-ali-gaso\/#primaryimage"},"image":{"@id":"https:\/\/capitalcientifica.com.mx\/tienda\/product\/simulador-para-la-alimentacion-nasogastrica-e-intubacion-traqueal-sku-tor-ali-gaso\/#primaryimage"},"thumbnailUrl":"https:\/\/capitalcientifica.com.mx\/tienda\/wp-content\/uploads\/2022\/03\/0001128_simulador-para-alimentacion-nasogastrica-e-intubacion-traqueal.jpeg","datePublished":"2022-03-09T03:55:09+00:00","dateModified":"2023-03-02T22:23:17+00:00","breadcrumb":{"@id":"https:\/\/capitalcientifica.com.mx\/tienda\/product\/simulador-para-la-alimentacion-nasogastrica-e-intubacion-traqueal-sku-tor-ali-gaso\/#breadcrumb"},"inLanguage":"es","potentialAction":[{"@type":"ReadAction","target":["https:\/\/capitalcientifica.com.mx\/tienda\/product\/simulador-para-la-alimentacion-nasogastrica-e-intubacion-traqueal-sku-tor-ali-gaso\/"]}]},{"@type":"ImageObject","inLanguage":"es","@id":"https:\/\/capitalcientifica.com.mx\/tienda\/product\/simulador-para-la-alimentacion-nasogastrica-e-intubacion-traqueal-sku-tor-ali-gaso\/#primaryimage","url":"https:\/\/capitalcientifica.com.mx\/tienda\/wp-content\/uploads\/2022\/03\/0001128_simulador-para-alimentacion-nasogastrica-e-intubacion-traqueal.jpeg","contentUrl":"https:\/\/capitalcientifica.com.mx\/tienda\/wp-content\/uploads\/2022\/03\/0001128_simulador-para-alimentacion-nasogastrica-e-intubacion-traqueal.jpeg","width":1000,"height":1000},{"@type":"BreadcrumbList","@id":"https:\/\/capitalcientifica.com.mx\/tienda\/product\/simulador-para-la-alimentacion-nasogastrica-e-intubacion-traqueal-sku-tor-ali-gaso\/#breadcrumb","itemListElement":[{"@type":"ListItem","position":1,"name":"Portada","item":"https:\/\/capitalcientifica.com.mx\/tienda\/"},{"@type":"ListItem","position":2,"name":"Shop","item":"https:\/\/capitalcientifica.com.mx\/tienda\/shop\/"},{"@type":"ListItem","position":3,"name":"SIMULADOR PARA LA ALIMENTACI\u00d3N NASOG\u00c1STRICA E INTUBACI\u00d3N TRAQUEAL"}]},{"@type":"WebSite","@id":"https:\/\/capitalcientifica.com.mx\/tienda\/#website","url":"https:\/\/capitalcientifica.com.mx\/tienda\/","name":"Capital Cient&iacute;fica","description":"Equipo para laboratorio","potentialAction":[{"@type":"SearchAction","target":{"@type":"EntryPoint","urlTemplate":"https:\/\/capitalcientifica.com.mx\/tienda\/?s={search_term_string}"},"query-input":{"@type":"PropertyValueSpecification","valueRequired":true,"valueName":"search_term_string"}}],"inLanguage":"es"}]}},"_links":{"self":[{"href":"https:\/\/capitalcientifica.com.mx\/tienda\/wp-json\/wp\/v2\/product\/5167","targetHints":{"allow":["GET"]}}],"collection":[{"href":"https:\/\/capitalcientifica.com.mx\/tienda\/wp-json\/wp\/v2\/product"}],"about":[{"href":"https:\/\/capitalcientifica.com.mx\/tienda\/wp-json\/wp\/v2\/types\/product"}],"replies":[{"embeddable":true,"href":"https:\/\/capitalcientifica.com.mx\/tienda\/wp-json\/wp\/v2\/comments?post=5167"}],"wp:featuredmedia":[{"embeddable":true,"href":"https:\/\/capitalcientifica.com.mx\/tienda\/wp-json\/wp\/v2\/media\/5168"}],"wp:attachment":[{"href":"https:\/\/capitalcientifica.com.mx\/tienda\/wp-json\/wp\/v2\/media?parent=5167"}],"wp:term":[{"taxonomy":"product_cat","embeddable":true,"href":"https:\/\/capitalcientifica.com.mx\/tienda\/wp-json\/wp\/v2\/product_cat?post=5167"},{"taxonomy":"product_tag","embeddable":true,"href":"https:\/\/capitalcientifica.com.mx\/tienda\/wp-json\/wp\/v2\/product_tag?post=5167"}],"curies":[{"name":"wp","href":"https:\/\/api.w.org\/{rel}","templated":true}]}}