{"id":5136,"date":"2022-03-08T04:42:47","date_gmt":"2022-03-08T04:42:47","guid":{"rendered":"https:\/\/www.capitalcientifica.com.mx\/?post_type=product&#038;p=5136"},"modified":"2023-02-14T20:56:33","modified_gmt":"2023-02-14T20:56:33","slug":"controlador-de-encendido-de-equipos-de-tiempo-no-catalogo-cc-5090","status":"publish","type":"product","link":"https:\/\/capitalcientifica.com.mx\/tienda\/product\/controlador-de-encendido-de-equipos-de-tiempo-no-catalogo-cc-5090\/","title":{"rendered":"CONTROLADOR DE ENCENDIDO DE EQUIPOS DE TIEMPO"},"content":{"rendered":"<p>CONTROLADOR DE ENCENDIDO DE EQUIPOS DE TIEMPO<\/p>\n<div class=\"product-id-stock\"><span class=\"product-id\"><span class=\"product-id-name\">No. Cat\u00e1logo<\/span>\u00a0<span class=\"product-id-value\">CC-5090<\/span><\/span><\/div>\n<div><\/div>\n<div>\u00a0Controlador vers\u00e1til y econ\u00f3mico que puede programarse para encender y apagar un equipo en cualquier minuto del d\u00eda. Una memoria a prueba de fallos permite programar 14 conmutaciones diferentes por d\u00eda. Se les puede asignar m\u00e1s de cuatro programas semanales separados para un m\u00e1ximo de 196 cambios por semana. La funci\u00f3n aleatoria enciende y apaga autom\u00e1ticamente el controlador a intervalos aleatorios. Es f\u00e1cil de programar, puede establecer intervalos de 1 minuto a 168 horas, cuenta con bater\u00eda de reserva en caso de un apag\u00f3n.<\/div>\n","protected":false},"excerpt":{"rendered":"<p>CONTROLADOR DE ENCENDIDO DE EQUIPOS DE TIEMPO<\/p>\n<div class=\"product-id-stock\"><span class=\"product-id\"><span class=\"product-id-name\">No. Cat\u00e1logo<\/span>\u00a0<span class=\"product-id-value\">CC-5090<\/span><\/span><\/div>\n<div><\/div>\n<div>\u00a0Controlador vers\u00e1til y econ\u00f3mico que puede programarse para encender y apagar un equipo en cualquier minuto del d\u00eda. Una memoria a prueba de fallos permite programar 14 conmutaciones diferentes por d\u00eda. Se les puede asignar m\u00e1s de cuatro programas semanales separados para un m\u00e1ximo de 196 cambios por semana. La funci\u00f3n aleatoria enciende y apaga autom\u00e1ticamente el controlador a intervalos aleatorios. Es f\u00e1cil de programar, puede establecer intervalos de 1 minuto a 168 horas, cuenta con bater\u00eda de reserva en caso de un apag\u00f3n.<\/div>\n","protected":false},"featured_media":5137,"comment_status":"open","ping_status":"closed","template":"","meta":{"_joinchat":[]},"product_cat":[146,130],"product_tag":[796,172,173],"class_list":{"0":"post-5136","1":"product","2":"type-product","3":"status-publish","4":"has-post-thumbnail","6":"product_cat-otros-traceable","7":"product_cat-traceable","8":"product_tag-controlador-de-encendido-de-equipos-de-tiempo","9":"product_tag-equipo-de-laboratorio","10":"product_tag-equipo-para-laboratorio","12":"first","13":"instock","14":"shipping-taxable","15":"product-type-simple","16":"col-xs-6 col-sm-4","17":"col-md-3 col-lg-3","18":"un-4-cols"},"yoast_head":"<!-- This site is optimized with the Yoast SEO plugin v27.2 - https:\/\/yoast.com\/product\/yoast-seo-wordpress\/ -->\n<title>CONTROLADOR DE ENCENDIDO DE EQUIPOS DE TIEMPO - Capital Cient&iacute;fica<\/title>\n<meta name=\"robots\" content=\"index, follow, max-snippet:-1, max-image-preview:large, max-video-preview:-1\" \/>\n<link rel=\"canonical\" href=\"https:\/\/capitalcientifica.com.mx\/tienda\/product\/controlador-de-encendido-de-equipos-de-tiempo-no-catalogo-cc-5090\/\" \/>\n<meta property=\"og:locale\" content=\"es_ES\" \/>\n<meta property=\"og:type\" content=\"article\" \/>\n<meta property=\"og:title\" content=\"CONTROLADOR DE ENCENDIDO DE EQUIPOS DE TIEMPO - Capital Cient&iacute;fica\" \/>\n<meta property=\"og:description\" content=\"CONTROLADOR DE ENCENDIDO DE EQUIPOS DE TIEMPO No. Cat\u00e1logo\u00a0CC-5090  \u00a0Controlador vers\u00e1til y econ\u00f3mico que puede programarse para encender y apagar un equipo en cualquier minuto del d\u00eda. Una memoria a prueba de fallos permite programar 14 conmutaciones diferentes por d\u00eda. Se les puede asignar m\u00e1s de cuatro programas semanales separados para un m\u00e1ximo de 196 cambios por semana. La funci\u00f3n aleatoria enciende y apaga autom\u00e1ticamente el controlador a intervalos aleatorios. Es f\u00e1cil de programar, puede establecer intervalos de 1 minuto a 168 horas, cuenta con bater\u00eda de reserva en caso de un apag\u00f3n.\" \/>\n<meta property=\"og:url\" content=\"https:\/\/capitalcientifica.com.mx\/tienda\/product\/controlador-de-encendido-de-equipos-de-tiempo-no-catalogo-cc-5090\/\" \/>\n<meta property=\"og:site_name\" content=\"Capital Cient&iacute;fica\" \/>\n<meta property=\"article:modified_time\" content=\"2023-02-14T20:56:33+00:00\" \/>\n<meta property=\"og:image\" content=\"https:\/\/capitalcientifica.com.mx\/tienda\/wp-content\/uploads\/2022\/03\/cc-5090_0.png\" \/>\n\t<meta property=\"og:image:width\" content=\"379\" \/>\n\t<meta property=\"og:image:height\" content=\"400\" \/>\n\t<meta property=\"og:image:type\" content=\"image\/png\" \/>\n<meta name=\"twitter:card\" content=\"summary_large_image\" \/>\n<meta name=\"twitter:label1\" content=\"Tiempo de lectura\" \/>\n\t<meta name=\"twitter:data1\" content=\"1 minuto\" \/>\n<script type=\"application\/ld+json\" class=\"yoast-schema-graph\">{\"@context\":\"https:\/\/schema.org\",\"@graph\":[{\"@type\":\"WebPage\",\"@id\":\"https:\/\/capitalcientifica.com.mx\/tienda\/product\/controlador-de-encendido-de-equipos-de-tiempo-no-catalogo-cc-5090\/\",\"url\":\"https:\/\/capitalcientifica.com.mx\/tienda\/product\/controlador-de-encendido-de-equipos-de-tiempo-no-catalogo-cc-5090\/\",\"name\":\"CONTROLADOR DE ENCENDIDO DE EQUIPOS DE TIEMPO - Capital Cient&iacute;fica\",\"isPartOf\":{\"@id\":\"https:\/\/capitalcientifica.com.mx\/tienda\/#website\"},\"primaryImageOfPage\":{\"@id\":\"https:\/\/capitalcientifica.com.mx\/tienda\/product\/controlador-de-encendido-de-equipos-de-tiempo-no-catalogo-cc-5090\/#primaryimage\"},\"image\":{\"@id\":\"https:\/\/capitalcientifica.com.mx\/tienda\/product\/controlador-de-encendido-de-equipos-de-tiempo-no-catalogo-cc-5090\/#primaryimage\"},\"thumbnailUrl\":\"https:\/\/capitalcientifica.com.mx\/tienda\/wp-content\/uploads\/2022\/03\/cc-5090_0.png\",\"datePublished\":\"2022-03-08T04:42:47+00:00\",\"dateModified\":\"2023-02-14T20:56:33+00:00\",\"breadcrumb\":{\"@id\":\"https:\/\/capitalcientifica.com.mx\/tienda\/product\/controlador-de-encendido-de-equipos-de-tiempo-no-catalogo-cc-5090\/#breadcrumb\"},\"inLanguage\":\"es\",\"potentialAction\":[{\"@type\":\"ReadAction\",\"target\":[\"https:\/\/capitalcientifica.com.mx\/tienda\/product\/controlador-de-encendido-de-equipos-de-tiempo-no-catalogo-cc-5090\/\"]}]},{\"@type\":\"ImageObject\",\"inLanguage\":\"es\",\"@id\":\"https:\/\/capitalcientifica.com.mx\/tienda\/product\/controlador-de-encendido-de-equipos-de-tiempo-no-catalogo-cc-5090\/#primaryimage\",\"url\":\"https:\/\/capitalcientifica.com.mx\/tienda\/wp-content\/uploads\/2022\/03\/cc-5090_0.png\",\"contentUrl\":\"https:\/\/capitalcientifica.com.mx\/tienda\/wp-content\/uploads\/2022\/03\/cc-5090_0.png\",\"width\":379,\"height\":400},{\"@type\":\"BreadcrumbList\",\"@id\":\"https:\/\/capitalcientifica.com.mx\/tienda\/product\/controlador-de-encendido-de-equipos-de-tiempo-no-catalogo-cc-5090\/#breadcrumb\",\"itemListElement\":[{\"@type\":\"ListItem\",\"position\":1,\"name\":\"Portada\",\"item\":\"https:\/\/capitalcientifica.com.mx\/tienda\/\"},{\"@type\":\"ListItem\",\"position\":2,\"name\":\"Shop\",\"item\":\"https:\/\/capitalcientifica.com.mx\/tienda\/shop\/\"},{\"@type\":\"ListItem\",\"position\":3,\"name\":\"CONTROLADOR DE ENCENDIDO DE EQUIPOS DE TIEMPO\"}]},{\"@type\":\"WebSite\",\"@id\":\"https:\/\/capitalcientifica.com.mx\/tienda\/#website\",\"url\":\"https:\/\/capitalcientifica.com.mx\/tienda\/\",\"name\":\"Capital Cient&iacute;fica\",\"description\":\"Equipo para laboratorio\",\"potentialAction\":[{\"@type\":\"SearchAction\",\"target\":{\"@type\":\"EntryPoint\",\"urlTemplate\":\"https:\/\/capitalcientifica.com.mx\/tienda\/?s={search_term_string}\"},\"query-input\":{\"@type\":\"PropertyValueSpecification\",\"valueRequired\":true,\"valueName\":\"search_term_string\"}}],\"inLanguage\":\"es\"}]}<\/script>\n<!-- \/ Yoast SEO plugin. -->","yoast_head_json":{"title":"CONTROLADOR DE ENCENDIDO DE EQUIPOS DE TIEMPO - Capital Cient&iacute;fica","robots":{"index":"index","follow":"follow","max-snippet":"max-snippet:-1","max-image-preview":"max-image-preview:large","max-video-preview":"max-video-preview:-1"},"canonical":"https:\/\/capitalcientifica.com.mx\/tienda\/product\/controlador-de-encendido-de-equipos-de-tiempo-no-catalogo-cc-5090\/","og_locale":"es_ES","og_type":"article","og_title":"CONTROLADOR DE ENCENDIDO DE EQUIPOS DE TIEMPO - Capital Cient&iacute;fica","og_description":"CONTROLADOR DE ENCENDIDO DE EQUIPOS DE TIEMPO No. Cat\u00e1logo\u00a0CC-5090  \u00a0Controlador vers\u00e1til y econ\u00f3mico que puede programarse para encender y apagar un equipo en cualquier minuto del d\u00eda. Una memoria a prueba de fallos permite programar 14 conmutaciones diferentes por d\u00eda. Se les puede asignar m\u00e1s de cuatro programas semanales separados para un m\u00e1ximo de 196 cambios por semana. La funci\u00f3n aleatoria enciende y apaga autom\u00e1ticamente el controlador a intervalos aleatorios. Es f\u00e1cil de programar, puede establecer intervalos de 1 minuto a 168 horas, cuenta con bater\u00eda de reserva en caso de un apag\u00f3n.","og_url":"https:\/\/capitalcientifica.com.mx\/tienda\/product\/controlador-de-encendido-de-equipos-de-tiempo-no-catalogo-cc-5090\/","og_site_name":"Capital Cient&iacute;fica","article_modified_time":"2023-02-14T20:56:33+00:00","og_image":[{"width":379,"height":400,"url":"https:\/\/capitalcientifica.com.mx\/tienda\/wp-content\/uploads\/2022\/03\/cc-5090_0.png","type":"image\/png"}],"twitter_card":"summary_large_image","twitter_misc":{"Tiempo de lectura":"1 minuto"},"schema":{"@context":"https:\/\/schema.org","@graph":[{"@type":"WebPage","@id":"https:\/\/capitalcientifica.com.mx\/tienda\/product\/controlador-de-encendido-de-equipos-de-tiempo-no-catalogo-cc-5090\/","url":"https:\/\/capitalcientifica.com.mx\/tienda\/product\/controlador-de-encendido-de-equipos-de-tiempo-no-catalogo-cc-5090\/","name":"CONTROLADOR DE ENCENDIDO DE EQUIPOS DE TIEMPO - Capital Cient&iacute;fica","isPartOf":{"@id":"https:\/\/capitalcientifica.com.mx\/tienda\/#website"},"primaryImageOfPage":{"@id":"https:\/\/capitalcientifica.com.mx\/tienda\/product\/controlador-de-encendido-de-equipos-de-tiempo-no-catalogo-cc-5090\/#primaryimage"},"image":{"@id":"https:\/\/capitalcientifica.com.mx\/tienda\/product\/controlador-de-encendido-de-equipos-de-tiempo-no-catalogo-cc-5090\/#primaryimage"},"thumbnailUrl":"https:\/\/capitalcientifica.com.mx\/tienda\/wp-content\/uploads\/2022\/03\/cc-5090_0.png","datePublished":"2022-03-08T04:42:47+00:00","dateModified":"2023-02-14T20:56:33+00:00","breadcrumb":{"@id":"https:\/\/capitalcientifica.com.mx\/tienda\/product\/controlador-de-encendido-de-equipos-de-tiempo-no-catalogo-cc-5090\/#breadcrumb"},"inLanguage":"es","potentialAction":[{"@type":"ReadAction","target":["https:\/\/capitalcientifica.com.mx\/tienda\/product\/controlador-de-encendido-de-equipos-de-tiempo-no-catalogo-cc-5090\/"]}]},{"@type":"ImageObject","inLanguage":"es","@id":"https:\/\/capitalcientifica.com.mx\/tienda\/product\/controlador-de-encendido-de-equipos-de-tiempo-no-catalogo-cc-5090\/#primaryimage","url":"https:\/\/capitalcientifica.com.mx\/tienda\/wp-content\/uploads\/2022\/03\/cc-5090_0.png","contentUrl":"https:\/\/capitalcientifica.com.mx\/tienda\/wp-content\/uploads\/2022\/03\/cc-5090_0.png","width":379,"height":400},{"@type":"BreadcrumbList","@id":"https:\/\/capitalcientifica.com.mx\/tienda\/product\/controlador-de-encendido-de-equipos-de-tiempo-no-catalogo-cc-5090\/#breadcrumb","itemListElement":[{"@type":"ListItem","position":1,"name":"Portada","item":"https:\/\/capitalcientifica.com.mx\/tienda\/"},{"@type":"ListItem","position":2,"name":"Shop","item":"https:\/\/capitalcientifica.com.mx\/tienda\/shop\/"},{"@type":"ListItem","position":3,"name":"CONTROLADOR DE ENCENDIDO DE EQUIPOS DE TIEMPO"}]},{"@type":"WebSite","@id":"https:\/\/capitalcientifica.com.mx\/tienda\/#website","url":"https:\/\/capitalcientifica.com.mx\/tienda\/","name":"Capital Cient&iacute;fica","description":"Equipo para laboratorio","potentialAction":[{"@type":"SearchAction","target":{"@type":"EntryPoint","urlTemplate":"https:\/\/capitalcientifica.com.mx\/tienda\/?s={search_term_string}"},"query-input":{"@type":"PropertyValueSpecification","valueRequired":true,"valueName":"search_term_string"}}],"inLanguage":"es"}]}},"_links":{"self":[{"href":"https:\/\/capitalcientifica.com.mx\/tienda\/wp-json\/wp\/v2\/product\/5136","targetHints":{"allow":["GET"]}}],"collection":[{"href":"https:\/\/capitalcientifica.com.mx\/tienda\/wp-json\/wp\/v2\/product"}],"about":[{"href":"https:\/\/capitalcientifica.com.mx\/tienda\/wp-json\/wp\/v2\/types\/product"}],"replies":[{"embeddable":true,"href":"https:\/\/capitalcientifica.com.mx\/tienda\/wp-json\/wp\/v2\/comments?post=5136"}],"wp:featuredmedia":[{"embeddable":true,"href":"https:\/\/capitalcientifica.com.mx\/tienda\/wp-json\/wp\/v2\/media\/5137"}],"wp:attachment":[{"href":"https:\/\/capitalcientifica.com.mx\/tienda\/wp-json\/wp\/v2\/media?parent=5136"}],"wp:term":[{"taxonomy":"product_cat","embeddable":true,"href":"https:\/\/capitalcientifica.com.mx\/tienda\/wp-json\/wp\/v2\/product_cat?post=5136"},{"taxonomy":"product_tag","embeddable":true,"href":"https:\/\/capitalcientifica.com.mx\/tienda\/wp-json\/wp\/v2\/product_tag?post=5136"}],"curies":[{"name":"wp","href":"https:\/\/api.w.org\/{rel}","templated":true}]}}