{"id":5081,"date":"2022-03-07T21:09:06","date_gmt":"2022-03-07T21:09:06","guid":{"rendered":"https:\/\/www.capitalcientifica.com.mx\/?post_type=product&#038;p=5081"},"modified":"2023-03-03T18:30:23","modified_gmt":"2023-03-03T18:30:23","slug":"termometro-digital-p-refri-o-cong-cert-50-a-70c-no-catalogo-cc-4127","status":"publish","type":"product","link":"https:\/\/capitalcientifica.com.mx\/tienda\/product\/termometro-digital-p-refri-o-cong-cert-50-a-70c-no-catalogo-cc-4127\/","title":{"rendered":"TERM\u00d3METRO DIGITAL P\/REFRI O CONG. CERT -50 a 70\u00b0C"},"content":{"rendered":"<p>TERM\u00d3METRO DIGITAL P\/REFRI O CONG. CERT -50 a 70\u00b0C<\/p>\n<div class=\"product-id-stock\"><span class=\"product-id\"><span class=\"product-id-name\">No. Cat\u00e1logo<\/span>\u00a0<span class=\"product-id-value\">CC-4127<\/span><\/span><\/div>\n<div><\/div>\n<div>\u00a0Term\u00f3metro digital con sonda en botella con soluci\u00f3n, cuenta con pantalla LCD de triple l\u00ednea para mostrar simult\u00e1neamente temperatura actual, m\u00e1xima y m\u00ednima. Tiene alarma programable de altas y bajas, selecci\u00f3n de unidades y memoria de m\u00e1ximos y m\u00ednimos. Incluye sonda en botella miniatura llena de soluci\u00f3n GRAS en glicol no t\u00f3xico, cable, soporte abatible, montaje de pared, velcro adherible y tiras magn\u00e9ticas.<\/div>\n","protected":false},"excerpt":{"rendered":"<p>TERM\u00d3METRO DIGITAL P\/REFRI O CONG. CERT -50 a 70\u00b0C<\/p>\n<div class=\"product-id-stock\"><span class=\"product-id\"><span class=\"product-id-name\">No. Cat\u00e1logo<\/span>\u00a0<span class=\"product-id-value\">CC-4127<\/span><\/span><\/div>\n<div><\/div>\n<div>\u00a0Term\u00f3metro digital con sonda en botella con soluci\u00f3n, cuenta con pantalla LCD de triple l\u00ednea para mostrar simult\u00e1neamente temperatura actual, m\u00e1xima y m\u00ednima. Tiene alarma programable de altas y bajas, selecci\u00f3n de unidades y memoria de m\u00e1ximos y m\u00ednimos. Incluye sonda en botella miniatura llena de soluci\u00f3n GRAS en glicol no t\u00f3xico, cable, soporte abatible, montaje de pared, velcro adherible y tiras magn\u00e9ticas.<\/div>\n","protected":false},"featured_media":5082,"comment_status":"open","ping_status":"closed","template":"","meta":{"_joinchat":[]},"product_cat":[146,130],"product_tag":[172,173,2677],"class_list":{"0":"post-5081","1":"product","2":"type-product","3":"status-publish","4":"has-post-thumbnail","6":"product_cat-otros-traceable","7":"product_cat-traceable","8":"product_tag-equipo-de-laboratorio","9":"product_tag-equipo-para-laboratorio","10":"product_tag-termometro-digital-p-refri-o-cong-cert-50-a-70c","12":"first","13":"instock","14":"shipping-taxable","15":"product-type-simple","16":"col-xs-6 col-sm-4","17":"col-md-3 col-lg-3","18":"un-4-cols"},"yoast_head":"<!-- This site is optimized with the Yoast SEO plugin v27.2 - https:\/\/yoast.com\/product\/yoast-seo-wordpress\/ -->\n<title>TERM\u00d3METRO DIGITAL P\/REFRI O CONG. CERT -50 a 70\u00b0C - Capital Cient&iacute;fica<\/title>\n<meta name=\"robots\" content=\"index, follow, max-snippet:-1, max-image-preview:large, max-video-preview:-1\" \/>\n<link rel=\"canonical\" href=\"https:\/\/capitalcientifica.com.mx\/tienda\/product\/termometro-digital-p-refri-o-cong-cert-50-a-70c-no-catalogo-cc-4127\/\" \/>\n<meta property=\"og:locale\" content=\"es_ES\" \/>\n<meta property=\"og:type\" content=\"article\" \/>\n<meta property=\"og:title\" content=\"TERM\u00d3METRO DIGITAL P\/REFRI O CONG. CERT -50 a 70\u00b0C - Capital Cient&iacute;fica\" \/>\n<meta property=\"og:description\" content=\"TERM\u00d3METRO DIGITAL P\/REFRI O CONG. CERT -50 a 70\u00b0C No. Cat\u00e1logo\u00a0CC-4127  \u00a0Term\u00f3metro digital con sonda en botella con soluci\u00f3n, cuenta con pantalla LCD de triple l\u00ednea para mostrar simult\u00e1neamente temperatura actual, m\u00e1xima y m\u00ednima. Tiene alarma programable de altas y bajas, selecci\u00f3n de unidades y memoria de m\u00e1ximos y m\u00ednimos. Incluye sonda en botella miniatura llena de soluci\u00f3n GRAS en glicol no t\u00f3xico, cable, soporte abatible, montaje de pared, velcro adherible y tiras magn\u00e9ticas.\" \/>\n<meta property=\"og:url\" content=\"https:\/\/capitalcientifica.com.mx\/tienda\/product\/termometro-digital-p-refri-o-cong-cert-50-a-70c-no-catalogo-cc-4127\/\" \/>\n<meta property=\"og:site_name\" content=\"Capital Cient&iacute;fica\" \/>\n<meta property=\"article:modified_time\" content=\"2023-03-03T18:30:23+00:00\" \/>\n<meta property=\"og:image\" content=\"https:\/\/capitalcientifica.com.mx\/tienda\/wp-content\/uploads\/2022\/03\/cc-4127_0.png\" \/>\n\t<meta property=\"og:image:width\" content=\"400\" \/>\n\t<meta property=\"og:image:height\" content=\"400\" \/>\n\t<meta property=\"og:image:type\" content=\"image\/png\" \/>\n<meta name=\"twitter:card\" content=\"summary_large_image\" \/>\n<script type=\"application\/ld+json\" class=\"yoast-schema-graph\">{\"@context\":\"https:\/\/schema.org\",\"@graph\":[{\"@type\":\"WebPage\",\"@id\":\"https:\/\/capitalcientifica.com.mx\/tienda\/product\/termometro-digital-p-refri-o-cong-cert-50-a-70c-no-catalogo-cc-4127\/\",\"url\":\"https:\/\/capitalcientifica.com.mx\/tienda\/product\/termometro-digital-p-refri-o-cong-cert-50-a-70c-no-catalogo-cc-4127\/\",\"name\":\"TERM\u00d3METRO DIGITAL P\/REFRI O CONG. CERT -50 a 70\u00b0C - Capital Cient&iacute;fica\",\"isPartOf\":{\"@id\":\"https:\/\/capitalcientifica.com.mx\/tienda\/#website\"},\"primaryImageOfPage\":{\"@id\":\"https:\/\/capitalcientifica.com.mx\/tienda\/product\/termometro-digital-p-refri-o-cong-cert-50-a-70c-no-catalogo-cc-4127\/#primaryimage\"},\"image\":{\"@id\":\"https:\/\/capitalcientifica.com.mx\/tienda\/product\/termometro-digital-p-refri-o-cong-cert-50-a-70c-no-catalogo-cc-4127\/#primaryimage\"},\"thumbnailUrl\":\"https:\/\/capitalcientifica.com.mx\/tienda\/wp-content\/uploads\/2022\/03\/cc-4127_0.png\",\"datePublished\":\"2022-03-07T21:09:06+00:00\",\"dateModified\":\"2023-03-03T18:30:23+00:00\",\"breadcrumb\":{\"@id\":\"https:\/\/capitalcientifica.com.mx\/tienda\/product\/termometro-digital-p-refri-o-cong-cert-50-a-70c-no-catalogo-cc-4127\/#breadcrumb\"},\"inLanguage\":\"es\",\"potentialAction\":[{\"@type\":\"ReadAction\",\"target\":[\"https:\/\/capitalcientifica.com.mx\/tienda\/product\/termometro-digital-p-refri-o-cong-cert-50-a-70c-no-catalogo-cc-4127\/\"]}]},{\"@type\":\"ImageObject\",\"inLanguage\":\"es\",\"@id\":\"https:\/\/capitalcientifica.com.mx\/tienda\/product\/termometro-digital-p-refri-o-cong-cert-50-a-70c-no-catalogo-cc-4127\/#primaryimage\",\"url\":\"https:\/\/capitalcientifica.com.mx\/tienda\/wp-content\/uploads\/2022\/03\/cc-4127_0.png\",\"contentUrl\":\"https:\/\/capitalcientifica.com.mx\/tienda\/wp-content\/uploads\/2022\/03\/cc-4127_0.png\",\"width\":400,\"height\":400},{\"@type\":\"BreadcrumbList\",\"@id\":\"https:\/\/capitalcientifica.com.mx\/tienda\/product\/termometro-digital-p-refri-o-cong-cert-50-a-70c-no-catalogo-cc-4127\/#breadcrumb\",\"itemListElement\":[{\"@type\":\"ListItem\",\"position\":1,\"name\":\"Portada\",\"item\":\"https:\/\/capitalcientifica.com.mx\/tienda\/\"},{\"@type\":\"ListItem\",\"position\":2,\"name\":\"Shop\",\"item\":\"https:\/\/capitalcientifica.com.mx\/tienda\/shop\/\"},{\"@type\":\"ListItem\",\"position\":3,\"name\":\"TERM\u00d3METRO DIGITAL P\/REFRI O CONG. CERT -50 a 70\u00b0C\"}]},{\"@type\":\"WebSite\",\"@id\":\"https:\/\/capitalcientifica.com.mx\/tienda\/#website\",\"url\":\"https:\/\/capitalcientifica.com.mx\/tienda\/\",\"name\":\"Capital Cient&iacute;fica\",\"description\":\"Equipo para laboratorio\",\"potentialAction\":[{\"@type\":\"SearchAction\",\"target\":{\"@type\":\"EntryPoint\",\"urlTemplate\":\"https:\/\/capitalcientifica.com.mx\/tienda\/?s={search_term_string}\"},\"query-input\":{\"@type\":\"PropertyValueSpecification\",\"valueRequired\":true,\"valueName\":\"search_term_string\"}}],\"inLanguage\":\"es\"}]}<\/script>\n<!-- \/ Yoast SEO plugin. -->","yoast_head_json":{"title":"TERM\u00d3METRO DIGITAL P\/REFRI O CONG. CERT -50 a 70\u00b0C - Capital Cient&iacute;fica","robots":{"index":"index","follow":"follow","max-snippet":"max-snippet:-1","max-image-preview":"max-image-preview:large","max-video-preview":"max-video-preview:-1"},"canonical":"https:\/\/capitalcientifica.com.mx\/tienda\/product\/termometro-digital-p-refri-o-cong-cert-50-a-70c-no-catalogo-cc-4127\/","og_locale":"es_ES","og_type":"article","og_title":"TERM\u00d3METRO DIGITAL P\/REFRI O CONG. CERT -50 a 70\u00b0C - Capital Cient&iacute;fica","og_description":"TERM\u00d3METRO DIGITAL P\/REFRI O CONG. CERT -50 a 70\u00b0C No. Cat\u00e1logo\u00a0CC-4127  \u00a0Term\u00f3metro digital con sonda en botella con soluci\u00f3n, cuenta con pantalla LCD de triple l\u00ednea para mostrar simult\u00e1neamente temperatura actual, m\u00e1xima y m\u00ednima. Tiene alarma programable de altas y bajas, selecci\u00f3n de unidades y memoria de m\u00e1ximos y m\u00ednimos. Incluye sonda en botella miniatura llena de soluci\u00f3n GRAS en glicol no t\u00f3xico, cable, soporte abatible, montaje de pared, velcro adherible y tiras magn\u00e9ticas.","og_url":"https:\/\/capitalcientifica.com.mx\/tienda\/product\/termometro-digital-p-refri-o-cong-cert-50-a-70c-no-catalogo-cc-4127\/","og_site_name":"Capital Cient&iacute;fica","article_modified_time":"2023-03-03T18:30:23+00:00","og_image":[{"width":400,"height":400,"url":"https:\/\/capitalcientifica.com.mx\/tienda\/wp-content\/uploads\/2022\/03\/cc-4127_0.png","type":"image\/png"}],"twitter_card":"summary_large_image","schema":{"@context":"https:\/\/schema.org","@graph":[{"@type":"WebPage","@id":"https:\/\/capitalcientifica.com.mx\/tienda\/product\/termometro-digital-p-refri-o-cong-cert-50-a-70c-no-catalogo-cc-4127\/","url":"https:\/\/capitalcientifica.com.mx\/tienda\/product\/termometro-digital-p-refri-o-cong-cert-50-a-70c-no-catalogo-cc-4127\/","name":"TERM\u00d3METRO DIGITAL P\/REFRI O CONG. CERT -50 a 70\u00b0C - Capital Cient&iacute;fica","isPartOf":{"@id":"https:\/\/capitalcientifica.com.mx\/tienda\/#website"},"primaryImageOfPage":{"@id":"https:\/\/capitalcientifica.com.mx\/tienda\/product\/termometro-digital-p-refri-o-cong-cert-50-a-70c-no-catalogo-cc-4127\/#primaryimage"},"image":{"@id":"https:\/\/capitalcientifica.com.mx\/tienda\/product\/termometro-digital-p-refri-o-cong-cert-50-a-70c-no-catalogo-cc-4127\/#primaryimage"},"thumbnailUrl":"https:\/\/capitalcientifica.com.mx\/tienda\/wp-content\/uploads\/2022\/03\/cc-4127_0.png","datePublished":"2022-03-07T21:09:06+00:00","dateModified":"2023-03-03T18:30:23+00:00","breadcrumb":{"@id":"https:\/\/capitalcientifica.com.mx\/tienda\/product\/termometro-digital-p-refri-o-cong-cert-50-a-70c-no-catalogo-cc-4127\/#breadcrumb"},"inLanguage":"es","potentialAction":[{"@type":"ReadAction","target":["https:\/\/capitalcientifica.com.mx\/tienda\/product\/termometro-digital-p-refri-o-cong-cert-50-a-70c-no-catalogo-cc-4127\/"]}]},{"@type":"ImageObject","inLanguage":"es","@id":"https:\/\/capitalcientifica.com.mx\/tienda\/product\/termometro-digital-p-refri-o-cong-cert-50-a-70c-no-catalogo-cc-4127\/#primaryimage","url":"https:\/\/capitalcientifica.com.mx\/tienda\/wp-content\/uploads\/2022\/03\/cc-4127_0.png","contentUrl":"https:\/\/capitalcientifica.com.mx\/tienda\/wp-content\/uploads\/2022\/03\/cc-4127_0.png","width":400,"height":400},{"@type":"BreadcrumbList","@id":"https:\/\/capitalcientifica.com.mx\/tienda\/product\/termometro-digital-p-refri-o-cong-cert-50-a-70c-no-catalogo-cc-4127\/#breadcrumb","itemListElement":[{"@type":"ListItem","position":1,"name":"Portada","item":"https:\/\/capitalcientifica.com.mx\/tienda\/"},{"@type":"ListItem","position":2,"name":"Shop","item":"https:\/\/capitalcientifica.com.mx\/tienda\/shop\/"},{"@type":"ListItem","position":3,"name":"TERM\u00d3METRO DIGITAL P\/REFRI O CONG. CERT -50 a 70\u00b0C"}]},{"@type":"WebSite","@id":"https:\/\/capitalcientifica.com.mx\/tienda\/#website","url":"https:\/\/capitalcientifica.com.mx\/tienda\/","name":"Capital Cient&iacute;fica","description":"Equipo para laboratorio","potentialAction":[{"@type":"SearchAction","target":{"@type":"EntryPoint","urlTemplate":"https:\/\/capitalcientifica.com.mx\/tienda\/?s={search_term_string}"},"query-input":{"@type":"PropertyValueSpecification","valueRequired":true,"valueName":"search_term_string"}}],"inLanguage":"es"}]}},"_links":{"self":[{"href":"https:\/\/capitalcientifica.com.mx\/tienda\/wp-json\/wp\/v2\/product\/5081","targetHints":{"allow":["GET"]}}],"collection":[{"href":"https:\/\/capitalcientifica.com.mx\/tienda\/wp-json\/wp\/v2\/product"}],"about":[{"href":"https:\/\/capitalcientifica.com.mx\/tienda\/wp-json\/wp\/v2\/types\/product"}],"replies":[{"embeddable":true,"href":"https:\/\/capitalcientifica.com.mx\/tienda\/wp-json\/wp\/v2\/comments?post=5081"}],"wp:featuredmedia":[{"embeddable":true,"href":"https:\/\/capitalcientifica.com.mx\/tienda\/wp-json\/wp\/v2\/media\/5082"}],"wp:attachment":[{"href":"https:\/\/capitalcientifica.com.mx\/tienda\/wp-json\/wp\/v2\/media?parent=5081"}],"wp:term":[{"taxonomy":"product_cat","embeddable":true,"href":"https:\/\/capitalcientifica.com.mx\/tienda\/wp-json\/wp\/v2\/product_cat?post=5081"},{"taxonomy":"product_tag","embeddable":true,"href":"https:\/\/capitalcientifica.com.mx\/tienda\/wp-json\/wp\/v2\/product_tag?post=5081"}],"curies":[{"name":"wp","href":"https:\/\/api.w.org\/{rel}","templated":true}]}}