{"id":5078,"date":"2022-03-07T21:07:15","date_gmt":"2022-03-07T21:07:15","guid":{"rendered":"https:\/\/www.capitalcientifica.com.mx\/?post_type=product&#038;p=5078"},"modified":"2023-02-24T17:21:52","modified_gmt":"2023-02-24T17:21:52","slug":"medidor-de-velocidad-de-giro-certificado-laser-no-catalogo-cc-4060","status":"publish","type":"product","link":"https:\/\/capitalcientifica.com.mx\/tienda\/product\/medidor-de-velocidad-de-giro-certificado-laser-no-catalogo-cc-4060\/","title":{"rendered":"MEDIDOR DE VELOCIDAD DE GIRO CERTIFICADO LASER"},"content":{"rendered":"<p>MEDIDOR DE VELOCIDAD DE GIRO CERTIFICADO LASER<\/p>\n<div class=\"product-id-stock\"><span class=\"product-id\"><span class=\"product-id-name\">No. Cat\u00e1logo<\/span>\u00a0<span class=\"product-id-value\">CC-4060<\/span><\/span><\/div>\n<div><\/div>\n<div>Tac\u00f3metro de no-contacto por medio de un punto l\u00e1ser, el sensor es de cristal de cuarzo para una medici\u00f3n precisa. Se pueden hacer mediciones de hasta 1,981 mm de distancia, la medici\u00f3n se realiza colocando las etiquetas autoadheribles en el objeto giratorio, memoria para capturar la \u00faltima medici\u00f3n e incluye estuche de transporte.<\/div>\n","protected":false},"excerpt":{"rendered":"<p>MEDIDOR DE VELOCIDAD DE GIRO CERTIFICADO LASER<\/p>\n<div class=\"product-id-stock\"><span class=\"product-id\"><span class=\"product-id-name\">No. Cat\u00e1logo<\/span>\u00a0<span class=\"product-id-value\">CC-4060<\/span><\/span><\/div>\n<div><\/div>\n<div>Tac\u00f3metro de no-contacto por medio de un punto l\u00e1ser, el sensor es de cristal de cuarzo para una medici\u00f3n precisa. Se pueden hacer mediciones de hasta 1,981 mm de distancia, la medici\u00f3n se realiza colocando las etiquetas autoadheribles en el objeto giratorio, memoria para capturar la \u00faltima medici\u00f3n e incluye estuche de transporte.<\/div>\n","protected":false},"featured_media":5080,"comment_status":"open","ping_status":"closed","template":"","meta":{"_joinchat":[]},"product_cat":[146,130],"product_tag":[172,173,1711],"class_list":{"0":"post-5078","1":"product","2":"type-product","3":"status-publish","4":"has-post-thumbnail","6":"product_cat-otros-traceable","7":"product_cat-traceable","8":"product_tag-equipo-de-laboratorio","9":"product_tag-equipo-para-laboratorio","10":"product_tag-medidor-de-velocidad-de-giro-certificado-laser","12":"first","13":"instock","14":"shipping-taxable","15":"product-type-simple","16":"col-xs-6 col-sm-4","17":"col-md-3 col-lg-3","18":"un-4-cols"},"yoast_head":"<!-- This site is optimized with the Yoast SEO plugin v27.2 - https:\/\/yoast.com\/product\/yoast-seo-wordpress\/ -->\n<title>MEDIDOR DE VELOCIDAD DE GIRO CERTIFICADO LASER - Capital Cient&iacute;fica<\/title>\n<meta name=\"robots\" content=\"index, follow, max-snippet:-1, max-image-preview:large, max-video-preview:-1\" \/>\n<link rel=\"canonical\" href=\"https:\/\/capitalcientifica.com.mx\/tienda\/product\/medidor-de-velocidad-de-giro-certificado-laser-no-catalogo-cc-4060\/\" \/>\n<meta property=\"og:locale\" content=\"es_ES\" \/>\n<meta property=\"og:type\" content=\"article\" \/>\n<meta property=\"og:title\" content=\"MEDIDOR DE VELOCIDAD DE GIRO CERTIFICADO LASER - Capital Cient&iacute;fica\" \/>\n<meta property=\"og:description\" content=\"MEDIDOR DE VELOCIDAD DE GIRO CERTIFICADO LASER No. Cat\u00e1logo\u00a0CC-4060  Tac\u00f3metro de no-contacto por medio de un punto l\u00e1ser, el sensor es de cristal de cuarzo para una medici\u00f3n precisa. Se pueden hacer mediciones de hasta 1,981 mm de distancia, la medici\u00f3n se realiza colocando las etiquetas autoadheribles en el objeto giratorio, memoria para capturar la \u00faltima medici\u00f3n e incluye estuche de transporte.\" \/>\n<meta property=\"og:url\" content=\"https:\/\/capitalcientifica.com.mx\/tienda\/product\/medidor-de-velocidad-de-giro-certificado-laser-no-catalogo-cc-4060\/\" \/>\n<meta property=\"og:site_name\" content=\"Capital Cient&iacute;fica\" \/>\n<meta property=\"article:modified_time\" content=\"2023-02-24T17:21:52+00:00\" \/>\n<meta property=\"og:image\" content=\"https:\/\/capitalcientifica.com.mx\/tienda\/wp-content\/uploads\/2022\/03\/cc-4060_0.png\" \/>\n\t<meta property=\"og:image:width\" content=\"324\" \/>\n\t<meta property=\"og:image:height\" content=\"400\" \/>\n\t<meta property=\"og:image:type\" content=\"image\/png\" \/>\n<meta name=\"twitter:card\" content=\"summary_large_image\" \/>\n<script type=\"application\/ld+json\" class=\"yoast-schema-graph\">{\"@context\":\"https:\/\/schema.org\",\"@graph\":[{\"@type\":\"WebPage\",\"@id\":\"https:\/\/capitalcientifica.com.mx\/tienda\/product\/medidor-de-velocidad-de-giro-certificado-laser-no-catalogo-cc-4060\/\",\"url\":\"https:\/\/capitalcientifica.com.mx\/tienda\/product\/medidor-de-velocidad-de-giro-certificado-laser-no-catalogo-cc-4060\/\",\"name\":\"MEDIDOR DE VELOCIDAD DE GIRO CERTIFICADO LASER - Capital Cient&iacute;fica\",\"isPartOf\":{\"@id\":\"https:\/\/capitalcientifica.com.mx\/tienda\/#website\"},\"primaryImageOfPage\":{\"@id\":\"https:\/\/capitalcientifica.com.mx\/tienda\/product\/medidor-de-velocidad-de-giro-certificado-laser-no-catalogo-cc-4060\/#primaryimage\"},\"image\":{\"@id\":\"https:\/\/capitalcientifica.com.mx\/tienda\/product\/medidor-de-velocidad-de-giro-certificado-laser-no-catalogo-cc-4060\/#primaryimage\"},\"thumbnailUrl\":\"https:\/\/capitalcientifica.com.mx\/tienda\/wp-content\/uploads\/2022\/03\/cc-4060_0.png\",\"datePublished\":\"2022-03-07T21:07:15+00:00\",\"dateModified\":\"2023-02-24T17:21:52+00:00\",\"breadcrumb\":{\"@id\":\"https:\/\/capitalcientifica.com.mx\/tienda\/product\/medidor-de-velocidad-de-giro-certificado-laser-no-catalogo-cc-4060\/#breadcrumb\"},\"inLanguage\":\"es\",\"potentialAction\":[{\"@type\":\"ReadAction\",\"target\":[\"https:\/\/capitalcientifica.com.mx\/tienda\/product\/medidor-de-velocidad-de-giro-certificado-laser-no-catalogo-cc-4060\/\"]}]},{\"@type\":\"ImageObject\",\"inLanguage\":\"es\",\"@id\":\"https:\/\/capitalcientifica.com.mx\/tienda\/product\/medidor-de-velocidad-de-giro-certificado-laser-no-catalogo-cc-4060\/#primaryimage\",\"url\":\"https:\/\/capitalcientifica.com.mx\/tienda\/wp-content\/uploads\/2022\/03\/cc-4060_0.png\",\"contentUrl\":\"https:\/\/capitalcientifica.com.mx\/tienda\/wp-content\/uploads\/2022\/03\/cc-4060_0.png\",\"width\":324,\"height\":400},{\"@type\":\"BreadcrumbList\",\"@id\":\"https:\/\/capitalcientifica.com.mx\/tienda\/product\/medidor-de-velocidad-de-giro-certificado-laser-no-catalogo-cc-4060\/#breadcrumb\",\"itemListElement\":[{\"@type\":\"ListItem\",\"position\":1,\"name\":\"Portada\",\"item\":\"https:\/\/capitalcientifica.com.mx\/tienda\/\"},{\"@type\":\"ListItem\",\"position\":2,\"name\":\"Shop\",\"item\":\"https:\/\/capitalcientifica.com.mx\/tienda\/shop\/\"},{\"@type\":\"ListItem\",\"position\":3,\"name\":\"MEDIDOR DE VELOCIDAD DE GIRO CERTIFICADO LASER\"}]},{\"@type\":\"WebSite\",\"@id\":\"https:\/\/capitalcientifica.com.mx\/tienda\/#website\",\"url\":\"https:\/\/capitalcientifica.com.mx\/tienda\/\",\"name\":\"Capital Cient&iacute;fica\",\"description\":\"Equipo para laboratorio\",\"potentialAction\":[{\"@type\":\"SearchAction\",\"target\":{\"@type\":\"EntryPoint\",\"urlTemplate\":\"https:\/\/capitalcientifica.com.mx\/tienda\/?s={search_term_string}\"},\"query-input\":{\"@type\":\"PropertyValueSpecification\",\"valueRequired\":true,\"valueName\":\"search_term_string\"}}],\"inLanguage\":\"es\"}]}<\/script>\n<!-- \/ Yoast SEO plugin. -->","yoast_head_json":{"title":"MEDIDOR DE VELOCIDAD DE GIRO CERTIFICADO LASER - Capital Cient&iacute;fica","robots":{"index":"index","follow":"follow","max-snippet":"max-snippet:-1","max-image-preview":"max-image-preview:large","max-video-preview":"max-video-preview:-1"},"canonical":"https:\/\/capitalcientifica.com.mx\/tienda\/product\/medidor-de-velocidad-de-giro-certificado-laser-no-catalogo-cc-4060\/","og_locale":"es_ES","og_type":"article","og_title":"MEDIDOR DE VELOCIDAD DE GIRO CERTIFICADO LASER - Capital Cient&iacute;fica","og_description":"MEDIDOR DE VELOCIDAD DE GIRO CERTIFICADO LASER No. Cat\u00e1logo\u00a0CC-4060  Tac\u00f3metro de no-contacto por medio de un punto l\u00e1ser, el sensor es de cristal de cuarzo para una medici\u00f3n precisa. Se pueden hacer mediciones de hasta 1,981 mm de distancia, la medici\u00f3n se realiza colocando las etiquetas autoadheribles en el objeto giratorio, memoria para capturar la \u00faltima medici\u00f3n e incluye estuche de transporte.","og_url":"https:\/\/capitalcientifica.com.mx\/tienda\/product\/medidor-de-velocidad-de-giro-certificado-laser-no-catalogo-cc-4060\/","og_site_name":"Capital Cient&iacute;fica","article_modified_time":"2023-02-24T17:21:52+00:00","og_image":[{"width":324,"height":400,"url":"https:\/\/capitalcientifica.com.mx\/tienda\/wp-content\/uploads\/2022\/03\/cc-4060_0.png","type":"image\/png"}],"twitter_card":"summary_large_image","schema":{"@context":"https:\/\/schema.org","@graph":[{"@type":"WebPage","@id":"https:\/\/capitalcientifica.com.mx\/tienda\/product\/medidor-de-velocidad-de-giro-certificado-laser-no-catalogo-cc-4060\/","url":"https:\/\/capitalcientifica.com.mx\/tienda\/product\/medidor-de-velocidad-de-giro-certificado-laser-no-catalogo-cc-4060\/","name":"MEDIDOR DE VELOCIDAD DE GIRO CERTIFICADO LASER - Capital Cient&iacute;fica","isPartOf":{"@id":"https:\/\/capitalcientifica.com.mx\/tienda\/#website"},"primaryImageOfPage":{"@id":"https:\/\/capitalcientifica.com.mx\/tienda\/product\/medidor-de-velocidad-de-giro-certificado-laser-no-catalogo-cc-4060\/#primaryimage"},"image":{"@id":"https:\/\/capitalcientifica.com.mx\/tienda\/product\/medidor-de-velocidad-de-giro-certificado-laser-no-catalogo-cc-4060\/#primaryimage"},"thumbnailUrl":"https:\/\/capitalcientifica.com.mx\/tienda\/wp-content\/uploads\/2022\/03\/cc-4060_0.png","datePublished":"2022-03-07T21:07:15+00:00","dateModified":"2023-02-24T17:21:52+00:00","breadcrumb":{"@id":"https:\/\/capitalcientifica.com.mx\/tienda\/product\/medidor-de-velocidad-de-giro-certificado-laser-no-catalogo-cc-4060\/#breadcrumb"},"inLanguage":"es","potentialAction":[{"@type":"ReadAction","target":["https:\/\/capitalcientifica.com.mx\/tienda\/product\/medidor-de-velocidad-de-giro-certificado-laser-no-catalogo-cc-4060\/"]}]},{"@type":"ImageObject","inLanguage":"es","@id":"https:\/\/capitalcientifica.com.mx\/tienda\/product\/medidor-de-velocidad-de-giro-certificado-laser-no-catalogo-cc-4060\/#primaryimage","url":"https:\/\/capitalcientifica.com.mx\/tienda\/wp-content\/uploads\/2022\/03\/cc-4060_0.png","contentUrl":"https:\/\/capitalcientifica.com.mx\/tienda\/wp-content\/uploads\/2022\/03\/cc-4060_0.png","width":324,"height":400},{"@type":"BreadcrumbList","@id":"https:\/\/capitalcientifica.com.mx\/tienda\/product\/medidor-de-velocidad-de-giro-certificado-laser-no-catalogo-cc-4060\/#breadcrumb","itemListElement":[{"@type":"ListItem","position":1,"name":"Portada","item":"https:\/\/capitalcientifica.com.mx\/tienda\/"},{"@type":"ListItem","position":2,"name":"Shop","item":"https:\/\/capitalcientifica.com.mx\/tienda\/shop\/"},{"@type":"ListItem","position":3,"name":"MEDIDOR DE VELOCIDAD DE GIRO CERTIFICADO LASER"}]},{"@type":"WebSite","@id":"https:\/\/capitalcientifica.com.mx\/tienda\/#website","url":"https:\/\/capitalcientifica.com.mx\/tienda\/","name":"Capital Cient&iacute;fica","description":"Equipo para laboratorio","potentialAction":[{"@type":"SearchAction","target":{"@type":"EntryPoint","urlTemplate":"https:\/\/capitalcientifica.com.mx\/tienda\/?s={search_term_string}"},"query-input":{"@type":"PropertyValueSpecification","valueRequired":true,"valueName":"search_term_string"}}],"inLanguage":"es"}]}},"_links":{"self":[{"href":"https:\/\/capitalcientifica.com.mx\/tienda\/wp-json\/wp\/v2\/product\/5078","targetHints":{"allow":["GET"]}}],"collection":[{"href":"https:\/\/capitalcientifica.com.mx\/tienda\/wp-json\/wp\/v2\/product"}],"about":[{"href":"https:\/\/capitalcientifica.com.mx\/tienda\/wp-json\/wp\/v2\/types\/product"}],"replies":[{"embeddable":true,"href":"https:\/\/capitalcientifica.com.mx\/tienda\/wp-json\/wp\/v2\/comments?post=5078"}],"wp:featuredmedia":[{"embeddable":true,"href":"https:\/\/capitalcientifica.com.mx\/tienda\/wp-json\/wp\/v2\/media\/5080"}],"wp:attachment":[{"href":"https:\/\/capitalcientifica.com.mx\/tienda\/wp-json\/wp\/v2\/media?parent=5078"}],"wp:term":[{"taxonomy":"product_cat","embeddable":true,"href":"https:\/\/capitalcientifica.com.mx\/tienda\/wp-json\/wp\/v2\/product_cat?post=5078"},{"taxonomy":"product_tag","embeddable":true,"href":"https:\/\/capitalcientifica.com.mx\/tienda\/wp-json\/wp\/v2\/product_tag?post=5078"}],"curies":[{"name":"wp","href":"https:\/\/api.w.org\/{rel}","templated":true}]}}