{"id":5058,"date":"2022-03-07T20:50:18","date_gmt":"2022-03-07T20:50:18","guid":{"rendered":"https:\/\/www.capitalcientifica.com.mx\/?post_type=product&#038;p=5058"},"modified":"2023-02-14T18:08:44","modified_gmt":"2023-02-14T18:08:44","slug":"brocha-antiestatica-de-pelo-fino-57-1-mm-no-catalogo-cc-3316","status":"publish","type":"product","link":"https:\/\/capitalcientifica.com.mx\/tienda\/product\/brocha-antiestatica-de-pelo-fino-57-1-mm-no-catalogo-cc-3316\/","title":{"rendered":"BROCHA ANTIEST\u00c1TICA DE PELO FINO 57.1 MM"},"content":{"rendered":"<p><strong>BROCHA ANTIEST\u00c1TICA DE PELO FINO 57.1 MM<\/strong><\/p>\n<div class=\"product-id-stock\"><span class=\"product-id\"><span class=\"product-id-name\">No. Cat\u00e1logo<\/span>\u00a0<span class=\"product-id-value\">CC-3316<\/span><\/span><\/div>\n<div><\/div>\n<div>Brocha de pelo fino antiest\u00e1tico, con cerdas naturales lavables y fibras conductoras sint\u00e9ticas que eliminan la est\u00e1tica da\u00f1ina a medida que limpia. Tiene mango conductivo compuesto. Permite el acceso a lugares dif\u00edciles y elimina el contacto con equipos cr\u00edticos; no raya las superficies cr\u00edticas.<\/p>\n<p>Ideal para limpiar pel\u00edculas, cubetas, partes \u00f3pticas, laminillas, celdas, microscopios, electr\u00f3nica, monitores y balanzas electr\u00f3nicas evitando variaciones de peso causadas por la est\u00e1tica.<\/p><\/div>\n","protected":false},"excerpt":{"rendered":"<p>BROCHA ANTIEST\u00c1TICA DE PELO FINO 57.1 MM<\/p>\n<div class=\"product-id-stock\"><span class=\"product-id\"><span class=\"product-id-name\">No. Cat\u00e1logo<\/span>\u00a0<span class=\"product-id-value\">CC-3316<\/span><\/span><\/div>\n<div><\/div>\n<div>Brocha de pelo fino antiest\u00e1tico, con cerdas naturales lavables y fibras conductoras sint\u00e9ticas que eliminan la est\u00e1tica da\u00f1ina a medida que limpia. Tiene mango conductivo compuesto. Permite el acceso a lugares dif\u00edciles y elimina el contacto con equipos cr\u00edticos; no raya las superficies cr\u00edticas.<\/p>\n<p>Ideal para limpiar pel\u00edculas, cubetas, partes \u00f3pticas, laminillas, celdas, microscopios, electr\u00f3nica, monitores y balanzas electr\u00f3nicas evitando variaciones de peso causadas por la est\u00e1tica.<\/p><\/div>\n","protected":false},"featured_media":5059,"comment_status":"open","ping_status":"closed","template":"","meta":{"_joinchat":[]},"product_cat":[146,130],"product_tag":[622,172,173],"class_list":{"0":"post-5058","1":"product","2":"type-product","3":"status-publish","4":"has-post-thumbnail","6":"product_cat-otros-traceable","7":"product_cat-traceable","8":"product_tag-brocha-antiestatica-de-pelo-fino-57-1-mm","9":"product_tag-equipo-de-laboratorio","10":"product_tag-equipo-para-laboratorio","12":"first","13":"instock","14":"shipping-taxable","15":"product-type-simple","16":"col-xs-6 col-sm-4","17":"col-md-3 col-lg-3","18":"un-4-cols"},"yoast_head":"<!-- This site is optimized with the Yoast SEO plugin v27.5 - https:\/\/yoast.com\/product\/yoast-seo-wordpress\/ -->\n<title>BROCHA ANTIEST\u00c1TICA DE PELO FINO 57.1 MM - Capital Cient&iacute;fica<\/title>\n<meta name=\"robots\" content=\"index, follow, max-snippet:-1, max-image-preview:large, max-video-preview:-1\" \/>\n<link rel=\"canonical\" href=\"https:\/\/capitalcientifica.com.mx\/tienda\/product\/brocha-antiestatica-de-pelo-fino-57-1-mm-no-catalogo-cc-3316\/\" \/>\n<meta property=\"og:locale\" content=\"es_ES\" \/>\n<meta property=\"og:type\" content=\"article\" \/>\n<meta property=\"og:title\" content=\"BROCHA ANTIEST\u00c1TICA DE PELO FINO 57.1 MM - Capital Cient&iacute;fica\" \/>\n<meta property=\"og:description\" content=\"BROCHA ANTIEST\u00c1TICA DE PELO FINO 57.1 MM No. Cat\u00e1logo\u00a0CC-3316  Brocha de pelo fino antiest\u00e1tico, con cerdas naturales lavables y fibras conductoras sint\u00e9ticas que eliminan la est\u00e1tica da\u00f1ina a medida que limpia. Tiene mango conductivo compuesto. Permite el acceso a lugares dif\u00edciles y elimina el contacto con equipos cr\u00edticos; no raya las superficies cr\u00edticas.  Ideal para limpiar pel\u00edculas, cubetas, partes \u00f3pticas, laminillas, celdas, microscopios, electr\u00f3nica, monitores y balanzas electr\u00f3nicas evitando variaciones de peso causadas por la est\u00e1tica.\" \/>\n<meta property=\"og:url\" content=\"https:\/\/capitalcientifica.com.mx\/tienda\/product\/brocha-antiestatica-de-pelo-fino-57-1-mm-no-catalogo-cc-3316\/\" \/>\n<meta property=\"og:site_name\" content=\"Capital Cient&iacute;fica\" \/>\n<meta property=\"article:modified_time\" content=\"2023-02-14T18:08:44+00:00\" \/>\n<meta property=\"og:image\" content=\"https:\/\/capitalcientifica.com.mx\/tienda\/wp-content\/uploads\/2022\/03\/cc-3316_0.png\" \/>\n\t<meta property=\"og:image:width\" content=\"400\" \/>\n\t<meta property=\"og:image:height\" content=\"392\" \/>\n\t<meta property=\"og:image:type\" content=\"image\/png\" \/>\n<meta name=\"twitter:card\" content=\"summary_large_image\" \/>\n<script type=\"application\/ld+json\" class=\"yoast-schema-graph\">{\"@context\":\"https:\\\/\\\/schema.org\",\"@graph\":[{\"@type\":\"WebPage\",\"@id\":\"https:\\\/\\\/capitalcientifica.com.mx\\\/tienda\\\/product\\\/brocha-antiestatica-de-pelo-fino-57-1-mm-no-catalogo-cc-3316\\\/\",\"url\":\"https:\\\/\\\/capitalcientifica.com.mx\\\/tienda\\\/product\\\/brocha-antiestatica-de-pelo-fino-57-1-mm-no-catalogo-cc-3316\\\/\",\"name\":\"BROCHA ANTIEST\u00c1TICA DE PELO FINO 57.1 MM - Capital Cient&iacute;fica\",\"isPartOf\":{\"@id\":\"https:\\\/\\\/capitalcientifica.com.mx\\\/tienda\\\/#website\"},\"primaryImageOfPage\":{\"@id\":\"https:\\\/\\\/capitalcientifica.com.mx\\\/tienda\\\/product\\\/brocha-antiestatica-de-pelo-fino-57-1-mm-no-catalogo-cc-3316\\\/#primaryimage\"},\"image\":{\"@id\":\"https:\\\/\\\/capitalcientifica.com.mx\\\/tienda\\\/product\\\/brocha-antiestatica-de-pelo-fino-57-1-mm-no-catalogo-cc-3316\\\/#primaryimage\"},\"thumbnailUrl\":\"https:\\\/\\\/capitalcientifica.com.mx\\\/tienda\\\/wp-content\\\/uploads\\\/2022\\\/03\\\/cc-3316_0.png\",\"datePublished\":\"2022-03-07T20:50:18+00:00\",\"dateModified\":\"2023-02-14T18:08:44+00:00\",\"breadcrumb\":{\"@id\":\"https:\\\/\\\/capitalcientifica.com.mx\\\/tienda\\\/product\\\/brocha-antiestatica-de-pelo-fino-57-1-mm-no-catalogo-cc-3316\\\/#breadcrumb\"},\"inLanguage\":\"es\",\"potentialAction\":[{\"@type\":\"ReadAction\",\"target\":[\"https:\\\/\\\/capitalcientifica.com.mx\\\/tienda\\\/product\\\/brocha-antiestatica-de-pelo-fino-57-1-mm-no-catalogo-cc-3316\\\/\"]}]},{\"@type\":\"ImageObject\",\"inLanguage\":\"es\",\"@id\":\"https:\\\/\\\/capitalcientifica.com.mx\\\/tienda\\\/product\\\/brocha-antiestatica-de-pelo-fino-57-1-mm-no-catalogo-cc-3316\\\/#primaryimage\",\"url\":\"https:\\\/\\\/capitalcientifica.com.mx\\\/tienda\\\/wp-content\\\/uploads\\\/2022\\\/03\\\/cc-3316_0.png\",\"contentUrl\":\"https:\\\/\\\/capitalcientifica.com.mx\\\/tienda\\\/wp-content\\\/uploads\\\/2022\\\/03\\\/cc-3316_0.png\",\"width\":400,\"height\":392},{\"@type\":\"BreadcrumbList\",\"@id\":\"https:\\\/\\\/capitalcientifica.com.mx\\\/tienda\\\/product\\\/brocha-antiestatica-de-pelo-fino-57-1-mm-no-catalogo-cc-3316\\\/#breadcrumb\",\"itemListElement\":[{\"@type\":\"ListItem\",\"position\":1,\"name\":\"Portada\",\"item\":\"https:\\\/\\\/capitalcientifica.com.mx\\\/tienda\\\/\"},{\"@type\":\"ListItem\",\"position\":2,\"name\":\"Shop\",\"item\":\"https:\\\/\\\/capitalcientifica.com.mx\\\/tienda\\\/shop\\\/\"},{\"@type\":\"ListItem\",\"position\":3,\"name\":\"BROCHA ANTIEST\u00c1TICA DE PELO FINO 57.1 MM\"}]},{\"@type\":\"WebSite\",\"@id\":\"https:\\\/\\\/capitalcientifica.com.mx\\\/tienda\\\/#website\",\"url\":\"https:\\\/\\\/capitalcientifica.com.mx\\\/tienda\\\/\",\"name\":\"Capital Cient&iacute;fica\",\"description\":\"Equipo para laboratorio\",\"potentialAction\":[{\"@type\":\"SearchAction\",\"target\":{\"@type\":\"EntryPoint\",\"urlTemplate\":\"https:\\\/\\\/capitalcientifica.com.mx\\\/tienda\\\/?s={search_term_string}\"},\"query-input\":{\"@type\":\"PropertyValueSpecification\",\"valueRequired\":true,\"valueName\":\"search_term_string\"}}],\"inLanguage\":\"es\"}]}<\/script>\n<!-- \/ Yoast SEO plugin. -->","yoast_head_json":{"title":"BROCHA ANTIEST\u00c1TICA DE PELO FINO 57.1 MM - Capital Cient&iacute;fica","robots":{"index":"index","follow":"follow","max-snippet":"max-snippet:-1","max-image-preview":"max-image-preview:large","max-video-preview":"max-video-preview:-1"},"canonical":"https:\/\/capitalcientifica.com.mx\/tienda\/product\/brocha-antiestatica-de-pelo-fino-57-1-mm-no-catalogo-cc-3316\/","og_locale":"es_ES","og_type":"article","og_title":"BROCHA ANTIEST\u00c1TICA DE PELO FINO 57.1 MM - Capital Cient&iacute;fica","og_description":"BROCHA ANTIEST\u00c1TICA DE PELO FINO 57.1 MM No. Cat\u00e1logo\u00a0CC-3316  Brocha de pelo fino antiest\u00e1tico, con cerdas naturales lavables y fibras conductoras sint\u00e9ticas que eliminan la est\u00e1tica da\u00f1ina a medida que limpia. Tiene mango conductivo compuesto. Permite el acceso a lugares dif\u00edciles y elimina el contacto con equipos cr\u00edticos; no raya las superficies cr\u00edticas.  Ideal para limpiar pel\u00edculas, cubetas, partes \u00f3pticas, laminillas, celdas, microscopios, electr\u00f3nica, monitores y balanzas electr\u00f3nicas evitando variaciones de peso causadas por la est\u00e1tica.","og_url":"https:\/\/capitalcientifica.com.mx\/tienda\/product\/brocha-antiestatica-de-pelo-fino-57-1-mm-no-catalogo-cc-3316\/","og_site_name":"Capital Cient&iacute;fica","article_modified_time":"2023-02-14T18:08:44+00:00","og_image":[{"width":400,"height":392,"url":"https:\/\/capitalcientifica.com.mx\/tienda\/wp-content\/uploads\/2022\/03\/cc-3316_0.png","type":"image\/png"}],"twitter_card":"summary_large_image","schema":{"@context":"https:\/\/schema.org","@graph":[{"@type":"WebPage","@id":"https:\/\/capitalcientifica.com.mx\/tienda\/product\/brocha-antiestatica-de-pelo-fino-57-1-mm-no-catalogo-cc-3316\/","url":"https:\/\/capitalcientifica.com.mx\/tienda\/product\/brocha-antiestatica-de-pelo-fino-57-1-mm-no-catalogo-cc-3316\/","name":"BROCHA ANTIEST\u00c1TICA DE PELO FINO 57.1 MM - Capital Cient&iacute;fica","isPartOf":{"@id":"https:\/\/capitalcientifica.com.mx\/tienda\/#website"},"primaryImageOfPage":{"@id":"https:\/\/capitalcientifica.com.mx\/tienda\/product\/brocha-antiestatica-de-pelo-fino-57-1-mm-no-catalogo-cc-3316\/#primaryimage"},"image":{"@id":"https:\/\/capitalcientifica.com.mx\/tienda\/product\/brocha-antiestatica-de-pelo-fino-57-1-mm-no-catalogo-cc-3316\/#primaryimage"},"thumbnailUrl":"https:\/\/capitalcientifica.com.mx\/tienda\/wp-content\/uploads\/2022\/03\/cc-3316_0.png","datePublished":"2022-03-07T20:50:18+00:00","dateModified":"2023-02-14T18:08:44+00:00","breadcrumb":{"@id":"https:\/\/capitalcientifica.com.mx\/tienda\/product\/brocha-antiestatica-de-pelo-fino-57-1-mm-no-catalogo-cc-3316\/#breadcrumb"},"inLanguage":"es","potentialAction":[{"@type":"ReadAction","target":["https:\/\/capitalcientifica.com.mx\/tienda\/product\/brocha-antiestatica-de-pelo-fino-57-1-mm-no-catalogo-cc-3316\/"]}]},{"@type":"ImageObject","inLanguage":"es","@id":"https:\/\/capitalcientifica.com.mx\/tienda\/product\/brocha-antiestatica-de-pelo-fino-57-1-mm-no-catalogo-cc-3316\/#primaryimage","url":"https:\/\/capitalcientifica.com.mx\/tienda\/wp-content\/uploads\/2022\/03\/cc-3316_0.png","contentUrl":"https:\/\/capitalcientifica.com.mx\/tienda\/wp-content\/uploads\/2022\/03\/cc-3316_0.png","width":400,"height":392},{"@type":"BreadcrumbList","@id":"https:\/\/capitalcientifica.com.mx\/tienda\/product\/brocha-antiestatica-de-pelo-fino-57-1-mm-no-catalogo-cc-3316\/#breadcrumb","itemListElement":[{"@type":"ListItem","position":1,"name":"Portada","item":"https:\/\/capitalcientifica.com.mx\/tienda\/"},{"@type":"ListItem","position":2,"name":"Shop","item":"https:\/\/capitalcientifica.com.mx\/tienda\/shop\/"},{"@type":"ListItem","position":3,"name":"BROCHA ANTIEST\u00c1TICA DE PELO FINO 57.1 MM"}]},{"@type":"WebSite","@id":"https:\/\/capitalcientifica.com.mx\/tienda\/#website","url":"https:\/\/capitalcientifica.com.mx\/tienda\/","name":"Capital Cient&iacute;fica","description":"Equipo para laboratorio","potentialAction":[{"@type":"SearchAction","target":{"@type":"EntryPoint","urlTemplate":"https:\/\/capitalcientifica.com.mx\/tienda\/?s={search_term_string}"},"query-input":{"@type":"PropertyValueSpecification","valueRequired":true,"valueName":"search_term_string"}}],"inLanguage":"es"}]}},"_links":{"self":[{"href":"https:\/\/capitalcientifica.com.mx\/tienda\/wp-json\/wp\/v2\/product\/5058","targetHints":{"allow":["GET"]}}],"collection":[{"href":"https:\/\/capitalcientifica.com.mx\/tienda\/wp-json\/wp\/v2\/product"}],"about":[{"href":"https:\/\/capitalcientifica.com.mx\/tienda\/wp-json\/wp\/v2\/types\/product"}],"replies":[{"embeddable":true,"href":"https:\/\/capitalcientifica.com.mx\/tienda\/wp-json\/wp\/v2\/comments?post=5058"}],"wp:featuredmedia":[{"embeddable":true,"href":"https:\/\/capitalcientifica.com.mx\/tienda\/wp-json\/wp\/v2\/media\/5059"}],"wp:attachment":[{"href":"https:\/\/capitalcientifica.com.mx\/tienda\/wp-json\/wp\/v2\/media?parent=5058"}],"wp:term":[{"taxonomy":"product_cat","embeddable":true,"href":"https:\/\/capitalcientifica.com.mx\/tienda\/wp-json\/wp\/v2\/product_cat?post=5058"},{"taxonomy":"product_tag","embeddable":true,"href":"https:\/\/capitalcientifica.com.mx\/tienda\/wp-json\/wp\/v2\/product_tag?post=5058"}],"curies":[{"name":"wp","href":"https:\/\/api.w.org\/{rel}","templated":true}]}}