{"id":4997,"date":"2022-03-04T19:41:49","date_gmt":"2022-03-04T19:41:49","guid":{"rendered":"https:\/\/www.capitalcientifica.com.mx\/?post_type=product&#038;p=4997"},"modified":"2023-03-03T18:22:57","modified_gmt":"2023-03-03T18:22:57","slug":"termometro-dig-cert-interior-exterior-50-a-70-c-no-catalogo-cc-4307","status":"publish","type":"product","link":"https:\/\/capitalcientifica.com.mx\/tienda\/product\/termometro-dig-cert-interior-exterior-50-a-70-c-no-catalogo-cc-4307\/","title":{"rendered":"TERM\u00d3METRO DIG CERT INTERIOR \/EXTERIOR -50 a 70 \u00b0C"},"content":{"rendered":"<p>TERM\u00d3METRO DIG CERT INTERIOR \/EXTERIOR -50 a 70 \u00b0C<\/p>\n<div class=\"product-id-stock\"><span class=\"product-id\"><span class=\"product-id-name\">No. Cat\u00e1logo<\/span>\u00a0<span class=\"product-id-value\">CC-4307<\/span><\/span><\/div>\n<div><\/div>\n<div>Term\u00f3metro digital con doble sonda pl\u00e1stica tipo bala, proporciona de forma simult\u00e1nea una lectura precisa en dos \u00e1reas separadas. Pantalla LCD de dos secciones muestra la temperatura de las dos zonas a la vez. Configurado con funci\u00f3n de m\u00e1ximos y m\u00ednimos, con registro de fecha y hora. Incluye sonda, cable, soporte abatible y soporte magn\u00e9tico.<\/div>\n","protected":false},"excerpt":{"rendered":"<p>TERM\u00d3METRO DIG CERT INTERIOR \/EXTERIOR -50 a 70 \u00b0C<\/p>\n<div class=\"product-id-stock\"><span class=\"product-id\"><span class=\"product-id-name\">No. Cat\u00e1logo<\/span>\u00a0<span class=\"product-id-value\">CC-4307<\/span><\/span><\/div>\n<div><\/div>\n<div>Term\u00f3metro digital con doble sonda pl\u00e1stica tipo bala, proporciona de forma simult\u00e1nea una lectura precisa en dos \u00e1reas separadas. Pantalla LCD de dos secciones muestra la temperatura de las dos zonas a la vez. Configurado con funci\u00f3n de m\u00e1ximos y m\u00ednimos, con registro de fecha y hora. Incluye sonda, cable, soporte abatible y soporte magn\u00e9tico.<\/div>\n","protected":false},"featured_media":4998,"comment_status":"open","ping_status":"closed","template":"","meta":{"_joinchat":[]},"product_cat":[144,130],"product_tag":[172,173,2651],"class_list":{"0":"post-4997","1":"product","2":"type-product","3":"status-publish","4":"has-post-thumbnail","6":"product_cat-termometros-con-sonda","7":"product_cat-traceable","8":"product_tag-equipo-de-laboratorio","9":"product_tag-equipo-para-laboratorio","10":"product_tag-termometro-dig-cert-interior-exterior-50-a-70-c","12":"first","13":"instock","14":"shipping-taxable","15":"product-type-simple","16":"col-xs-6 col-sm-4","17":"col-md-3 col-lg-3","18":"un-4-cols"},"yoast_head":"<!-- This site is optimized with the Yoast SEO plugin v27.2 - https:\/\/yoast.com\/product\/yoast-seo-wordpress\/ -->\n<title>TERM\u00d3METRO DIG CERT INTERIOR \/EXTERIOR -50 a 70 \u00b0C - Capital Cient&iacute;fica<\/title>\n<meta name=\"robots\" content=\"index, follow, max-snippet:-1, max-image-preview:large, max-video-preview:-1\" \/>\n<link rel=\"canonical\" href=\"https:\/\/capitalcientifica.com.mx\/tienda\/product\/termometro-dig-cert-interior-exterior-50-a-70-c-no-catalogo-cc-4307\/\" \/>\n<meta property=\"og:locale\" content=\"es_ES\" \/>\n<meta property=\"og:type\" content=\"article\" \/>\n<meta property=\"og:title\" content=\"TERM\u00d3METRO DIG CERT INTERIOR \/EXTERIOR -50 a 70 \u00b0C - Capital Cient&iacute;fica\" \/>\n<meta property=\"og:description\" content=\"TERM\u00d3METRO DIG CERT INTERIOR \/EXTERIOR -50 a 70 \u00b0C No. Cat\u00e1logo\u00a0CC-4307  Term\u00f3metro digital con doble sonda pl\u00e1stica tipo bala, proporciona de forma simult\u00e1nea una lectura precisa en dos \u00e1reas separadas. Pantalla LCD de dos secciones muestra la temperatura de las dos zonas a la vez. Configurado con funci\u00f3n de m\u00e1ximos y m\u00ednimos, con registro de fecha y hora. Incluye sonda, cable, soporte abatible y soporte magn\u00e9tico.\" \/>\n<meta property=\"og:url\" content=\"https:\/\/capitalcientifica.com.mx\/tienda\/product\/termometro-dig-cert-interior-exterior-50-a-70-c-no-catalogo-cc-4307\/\" \/>\n<meta property=\"og:site_name\" content=\"Capital Cient&iacute;fica\" \/>\n<meta property=\"article:modified_time\" content=\"2023-03-03T18:22:57+00:00\" \/>\n<meta property=\"og:image\" content=\"https:\/\/capitalcientifica.com.mx\/tienda\/wp-content\/uploads\/2022\/03\/cc-4307_0.png\" \/>\n\t<meta property=\"og:image:width\" content=\"400\" \/>\n\t<meta property=\"og:image:height\" content=\"400\" \/>\n\t<meta property=\"og:image:type\" content=\"image\/png\" \/>\n<meta name=\"twitter:card\" content=\"summary_large_image\" \/>\n<script type=\"application\/ld+json\" class=\"yoast-schema-graph\">{\"@context\":\"https:\/\/schema.org\",\"@graph\":[{\"@type\":\"WebPage\",\"@id\":\"https:\/\/capitalcientifica.com.mx\/tienda\/product\/termometro-dig-cert-interior-exterior-50-a-70-c-no-catalogo-cc-4307\/\",\"url\":\"https:\/\/capitalcientifica.com.mx\/tienda\/product\/termometro-dig-cert-interior-exterior-50-a-70-c-no-catalogo-cc-4307\/\",\"name\":\"TERM\u00d3METRO DIG CERT INTERIOR \/EXTERIOR -50 a 70 \u00b0C - Capital Cient&iacute;fica\",\"isPartOf\":{\"@id\":\"https:\/\/capitalcientifica.com.mx\/tienda\/#website\"},\"primaryImageOfPage\":{\"@id\":\"https:\/\/capitalcientifica.com.mx\/tienda\/product\/termometro-dig-cert-interior-exterior-50-a-70-c-no-catalogo-cc-4307\/#primaryimage\"},\"image\":{\"@id\":\"https:\/\/capitalcientifica.com.mx\/tienda\/product\/termometro-dig-cert-interior-exterior-50-a-70-c-no-catalogo-cc-4307\/#primaryimage\"},\"thumbnailUrl\":\"https:\/\/capitalcientifica.com.mx\/tienda\/wp-content\/uploads\/2022\/03\/cc-4307_0.png\",\"datePublished\":\"2022-03-04T19:41:49+00:00\",\"dateModified\":\"2023-03-03T18:22:57+00:00\",\"breadcrumb\":{\"@id\":\"https:\/\/capitalcientifica.com.mx\/tienda\/product\/termometro-dig-cert-interior-exterior-50-a-70-c-no-catalogo-cc-4307\/#breadcrumb\"},\"inLanguage\":\"es\",\"potentialAction\":[{\"@type\":\"ReadAction\",\"target\":[\"https:\/\/capitalcientifica.com.mx\/tienda\/product\/termometro-dig-cert-interior-exterior-50-a-70-c-no-catalogo-cc-4307\/\"]}]},{\"@type\":\"ImageObject\",\"inLanguage\":\"es\",\"@id\":\"https:\/\/capitalcientifica.com.mx\/tienda\/product\/termometro-dig-cert-interior-exterior-50-a-70-c-no-catalogo-cc-4307\/#primaryimage\",\"url\":\"https:\/\/capitalcientifica.com.mx\/tienda\/wp-content\/uploads\/2022\/03\/cc-4307_0.png\",\"contentUrl\":\"https:\/\/capitalcientifica.com.mx\/tienda\/wp-content\/uploads\/2022\/03\/cc-4307_0.png\",\"width\":400,\"height\":400},{\"@type\":\"BreadcrumbList\",\"@id\":\"https:\/\/capitalcientifica.com.mx\/tienda\/product\/termometro-dig-cert-interior-exterior-50-a-70-c-no-catalogo-cc-4307\/#breadcrumb\",\"itemListElement\":[{\"@type\":\"ListItem\",\"position\":1,\"name\":\"Portada\",\"item\":\"https:\/\/capitalcientifica.com.mx\/tienda\/\"},{\"@type\":\"ListItem\",\"position\":2,\"name\":\"Shop\",\"item\":\"https:\/\/capitalcientifica.com.mx\/tienda\/shop\/\"},{\"@type\":\"ListItem\",\"position\":3,\"name\":\"TERM\u00d3METRO DIG CERT INTERIOR \/EXTERIOR -50 a 70 \u00b0C\"}]},{\"@type\":\"WebSite\",\"@id\":\"https:\/\/capitalcientifica.com.mx\/tienda\/#website\",\"url\":\"https:\/\/capitalcientifica.com.mx\/tienda\/\",\"name\":\"Capital Cient&iacute;fica\",\"description\":\"Equipo para laboratorio\",\"potentialAction\":[{\"@type\":\"SearchAction\",\"target\":{\"@type\":\"EntryPoint\",\"urlTemplate\":\"https:\/\/capitalcientifica.com.mx\/tienda\/?s={search_term_string}\"},\"query-input\":{\"@type\":\"PropertyValueSpecification\",\"valueRequired\":true,\"valueName\":\"search_term_string\"}}],\"inLanguage\":\"es\"}]}<\/script>\n<!-- \/ Yoast SEO plugin. -->","yoast_head_json":{"title":"TERM\u00d3METRO DIG CERT INTERIOR \/EXTERIOR -50 a 70 \u00b0C - Capital Cient&iacute;fica","robots":{"index":"index","follow":"follow","max-snippet":"max-snippet:-1","max-image-preview":"max-image-preview:large","max-video-preview":"max-video-preview:-1"},"canonical":"https:\/\/capitalcientifica.com.mx\/tienda\/product\/termometro-dig-cert-interior-exterior-50-a-70-c-no-catalogo-cc-4307\/","og_locale":"es_ES","og_type":"article","og_title":"TERM\u00d3METRO DIG CERT INTERIOR \/EXTERIOR -50 a 70 \u00b0C - Capital Cient&iacute;fica","og_description":"TERM\u00d3METRO DIG CERT INTERIOR \/EXTERIOR -50 a 70 \u00b0C No. Cat\u00e1logo\u00a0CC-4307  Term\u00f3metro digital con doble sonda pl\u00e1stica tipo bala, proporciona de forma simult\u00e1nea una lectura precisa en dos \u00e1reas separadas. Pantalla LCD de dos secciones muestra la temperatura de las dos zonas a la vez. Configurado con funci\u00f3n de m\u00e1ximos y m\u00ednimos, con registro de fecha y hora. Incluye sonda, cable, soporte abatible y soporte magn\u00e9tico.","og_url":"https:\/\/capitalcientifica.com.mx\/tienda\/product\/termometro-dig-cert-interior-exterior-50-a-70-c-no-catalogo-cc-4307\/","og_site_name":"Capital Cient&iacute;fica","article_modified_time":"2023-03-03T18:22:57+00:00","og_image":[{"width":400,"height":400,"url":"https:\/\/capitalcientifica.com.mx\/tienda\/wp-content\/uploads\/2022\/03\/cc-4307_0.png","type":"image\/png"}],"twitter_card":"summary_large_image","schema":{"@context":"https:\/\/schema.org","@graph":[{"@type":"WebPage","@id":"https:\/\/capitalcientifica.com.mx\/tienda\/product\/termometro-dig-cert-interior-exterior-50-a-70-c-no-catalogo-cc-4307\/","url":"https:\/\/capitalcientifica.com.mx\/tienda\/product\/termometro-dig-cert-interior-exterior-50-a-70-c-no-catalogo-cc-4307\/","name":"TERM\u00d3METRO DIG CERT INTERIOR \/EXTERIOR -50 a 70 \u00b0C - Capital Cient&iacute;fica","isPartOf":{"@id":"https:\/\/capitalcientifica.com.mx\/tienda\/#website"},"primaryImageOfPage":{"@id":"https:\/\/capitalcientifica.com.mx\/tienda\/product\/termometro-dig-cert-interior-exterior-50-a-70-c-no-catalogo-cc-4307\/#primaryimage"},"image":{"@id":"https:\/\/capitalcientifica.com.mx\/tienda\/product\/termometro-dig-cert-interior-exterior-50-a-70-c-no-catalogo-cc-4307\/#primaryimage"},"thumbnailUrl":"https:\/\/capitalcientifica.com.mx\/tienda\/wp-content\/uploads\/2022\/03\/cc-4307_0.png","datePublished":"2022-03-04T19:41:49+00:00","dateModified":"2023-03-03T18:22:57+00:00","breadcrumb":{"@id":"https:\/\/capitalcientifica.com.mx\/tienda\/product\/termometro-dig-cert-interior-exterior-50-a-70-c-no-catalogo-cc-4307\/#breadcrumb"},"inLanguage":"es","potentialAction":[{"@type":"ReadAction","target":["https:\/\/capitalcientifica.com.mx\/tienda\/product\/termometro-dig-cert-interior-exterior-50-a-70-c-no-catalogo-cc-4307\/"]}]},{"@type":"ImageObject","inLanguage":"es","@id":"https:\/\/capitalcientifica.com.mx\/tienda\/product\/termometro-dig-cert-interior-exterior-50-a-70-c-no-catalogo-cc-4307\/#primaryimage","url":"https:\/\/capitalcientifica.com.mx\/tienda\/wp-content\/uploads\/2022\/03\/cc-4307_0.png","contentUrl":"https:\/\/capitalcientifica.com.mx\/tienda\/wp-content\/uploads\/2022\/03\/cc-4307_0.png","width":400,"height":400},{"@type":"BreadcrumbList","@id":"https:\/\/capitalcientifica.com.mx\/tienda\/product\/termometro-dig-cert-interior-exterior-50-a-70-c-no-catalogo-cc-4307\/#breadcrumb","itemListElement":[{"@type":"ListItem","position":1,"name":"Portada","item":"https:\/\/capitalcientifica.com.mx\/tienda\/"},{"@type":"ListItem","position":2,"name":"Shop","item":"https:\/\/capitalcientifica.com.mx\/tienda\/shop\/"},{"@type":"ListItem","position":3,"name":"TERM\u00d3METRO DIG CERT INTERIOR \/EXTERIOR -50 a 70 \u00b0C"}]},{"@type":"WebSite","@id":"https:\/\/capitalcientifica.com.mx\/tienda\/#website","url":"https:\/\/capitalcientifica.com.mx\/tienda\/","name":"Capital Cient&iacute;fica","description":"Equipo para laboratorio","potentialAction":[{"@type":"SearchAction","target":{"@type":"EntryPoint","urlTemplate":"https:\/\/capitalcientifica.com.mx\/tienda\/?s={search_term_string}"},"query-input":{"@type":"PropertyValueSpecification","valueRequired":true,"valueName":"search_term_string"}}],"inLanguage":"es"}]}},"_links":{"self":[{"href":"https:\/\/capitalcientifica.com.mx\/tienda\/wp-json\/wp\/v2\/product\/4997","targetHints":{"allow":["GET"]}}],"collection":[{"href":"https:\/\/capitalcientifica.com.mx\/tienda\/wp-json\/wp\/v2\/product"}],"about":[{"href":"https:\/\/capitalcientifica.com.mx\/tienda\/wp-json\/wp\/v2\/types\/product"}],"replies":[{"embeddable":true,"href":"https:\/\/capitalcientifica.com.mx\/tienda\/wp-json\/wp\/v2\/comments?post=4997"}],"wp:featuredmedia":[{"embeddable":true,"href":"https:\/\/capitalcientifica.com.mx\/tienda\/wp-json\/wp\/v2\/media\/4998"}],"wp:attachment":[{"href":"https:\/\/capitalcientifica.com.mx\/tienda\/wp-json\/wp\/v2\/media?parent=4997"}],"wp:term":[{"taxonomy":"product_cat","embeddable":true,"href":"https:\/\/capitalcientifica.com.mx\/tienda\/wp-json\/wp\/v2\/product_cat?post=4997"},{"taxonomy":"product_tag","embeddable":true,"href":"https:\/\/capitalcientifica.com.mx\/tienda\/wp-json\/wp\/v2\/product_tag?post=4997"}],"curies":[{"name":"wp","href":"https:\/\/api.w.org\/{rel}","templated":true}]}}