{"id":499,"date":"2022-01-13T19:13:44","date_gmt":"2022-01-13T19:13:44","guid":{"rendered":"https:\/\/www.capitalcientifica.com.mx\/?post_type=product&#038;p=499"},"modified":"2023-03-03T17:47:03","modified_gmt":"2023-03-03T17:47:03","slug":"solucion-valorada-nitrato-de-plata-0-1n-4-l-no-catalogo-jtb-5630-03","status":"publish","type":"product","link":"https:\/\/capitalcientifica.com.mx\/tienda\/product\/solucion-valorada-nitrato-de-plata-0-1n-4-l-no-catalogo-jtb-5630-03\/","title":{"rendered":"SOLUCI\u00d3N VALORADA NITRATO DE PLATA 0.1N 4 L"},"content":{"rendered":"<p>SOLUCI\u00d3N VALORADA NITRATO DE PLATA 0.1N 4 L<\/p>\n<div class=\"product-id-stock\"><span class=\"product-id\"><span class=\"product-id-name\">No. Cat\u00e1logo<\/span>\u00a0<span class=\"product-id-value\">JTB-5630-03<\/span><\/span><\/div>\n","protected":false},"excerpt":{"rendered":"<p><a class=\"product-title\" href=\"https:\/\/viresa.com.mx\/soluci%c3%93n-valorada-nitrato-de-plata-0-1n-4-l-jtb--5630--03?returnurl=%2fsolucionesvaloradasjtb%2f%3fcount%3d20\" data-product-url=\"\">SOLUCI\u00d3N VALORADA NITRATO DE PLATA 0.1N 4 L<\/a><\/p>\n<div class=\"product-id-stock\"><span class=\"product-id\"><span class=\"product-id-name\">No. Cat\u00e1logo<\/span>\u00a0<span class=\"product-id-value\">JTB-5630-03<\/span><\/span><\/div>\n","protected":false},"featured_media":2022,"comment_status":"open","ping_status":"closed","template":"","meta":{"_joinchat":[]},"product_cat":[20,59,68],"product_tag":[172,173,2570],"class_list":{"0":"post-499","1":"product","2":"type-product","3":"status-publish","4":"has-post-thumbnail","6":"product_cat-j-t-baker","7":"product_cat-reactivos-quimicos","8":"product_cat-soluciones-valoradas","9":"product_tag-equipo-de-laboratorio","10":"product_tag-equipo-para-laboratorio","11":"product_tag-solucion-valorada-nitrato-de-plata-0-1n-4-l","13":"first","14":"instock","15":"shipping-taxable","16":"product-type-simple","17":"col-xs-6 col-sm-4","18":"col-md-3 col-lg-3","19":"un-4-cols"},"yoast_head":"<!-- This site is optimized with the Yoast SEO plugin v27.5 - https:\/\/yoast.com\/product\/yoast-seo-wordpress\/ -->\n<title>SOLUCI\u00d3N VALORADA NITRATO DE PLATA 0.1N 4 L - Capital Cient&iacute;fica<\/title>\n<meta name=\"robots\" content=\"index, follow, max-snippet:-1, max-image-preview:large, max-video-preview:-1\" \/>\n<link rel=\"canonical\" href=\"https:\/\/capitalcientifica.com.mx\/tienda\/product\/solucion-valorada-nitrato-de-plata-0-1n-4-l-no-catalogo-jtb-5630-03\/\" \/>\n<meta property=\"og:locale\" content=\"es_ES\" \/>\n<meta property=\"og:type\" content=\"article\" \/>\n<meta property=\"og:title\" content=\"SOLUCI\u00d3N VALORADA NITRATO DE PLATA 0.1N 4 L - Capital Cient&iacute;fica\" \/>\n<meta property=\"og:description\" content=\"SOLUCI\u00d3N VALORADA NITRATO DE PLATA 0.1N 4 L No. Cat\u00e1logo\u00a0JTB-5630-03\" \/>\n<meta property=\"og:url\" content=\"https:\/\/capitalcientifica.com.mx\/tienda\/product\/solucion-valorada-nitrato-de-plata-0-1n-4-l-no-catalogo-jtb-5630-03\/\" \/>\n<meta property=\"og:site_name\" content=\"Capital Cient&iacute;fica\" \/>\n<meta property=\"article:modified_time\" content=\"2023-03-03T17:47:03+00:00\" \/>\n<meta property=\"og:image\" content=\"https:\/\/capitalcientifica.com.mx\/tienda\/wp-content\/uploads\/2022\/01\/WhatsApp-Image-2022-01-28-at-9.25.39-PM-1.jpeg\" \/>\n\t<meta property=\"og:image:width\" content=\"303\" \/>\n\t<meta property=\"og:image:height\" content=\"249\" \/>\n\t<meta property=\"og:image:type\" content=\"image\/jpeg\" \/>\n<meta name=\"twitter:card\" content=\"summary_large_image\" \/>\n<script type=\"application\/ld+json\" class=\"yoast-schema-graph\">{\"@context\":\"https:\\\/\\\/schema.org\",\"@graph\":[{\"@type\":\"WebPage\",\"@id\":\"https:\\\/\\\/capitalcientifica.com.mx\\\/tienda\\\/product\\\/solucion-valorada-nitrato-de-plata-0-1n-4-l-no-catalogo-jtb-5630-03\\\/\",\"url\":\"https:\\\/\\\/capitalcientifica.com.mx\\\/tienda\\\/product\\\/solucion-valorada-nitrato-de-plata-0-1n-4-l-no-catalogo-jtb-5630-03\\\/\",\"name\":\"SOLUCI\u00d3N VALORADA NITRATO DE PLATA 0.1N 4 L - Capital Cient&iacute;fica\",\"isPartOf\":{\"@id\":\"https:\\\/\\\/capitalcientifica.com.mx\\\/tienda\\\/#website\"},\"primaryImageOfPage\":{\"@id\":\"https:\\\/\\\/capitalcientifica.com.mx\\\/tienda\\\/product\\\/solucion-valorada-nitrato-de-plata-0-1n-4-l-no-catalogo-jtb-5630-03\\\/#primaryimage\"},\"image\":{\"@id\":\"https:\\\/\\\/capitalcientifica.com.mx\\\/tienda\\\/product\\\/solucion-valorada-nitrato-de-plata-0-1n-4-l-no-catalogo-jtb-5630-03\\\/#primaryimage\"},\"thumbnailUrl\":\"https:\\\/\\\/capitalcientifica.com.mx\\\/tienda\\\/wp-content\\\/uploads\\\/2022\\\/01\\\/WhatsApp-Image-2022-01-28-at-9.25.39-PM-1.jpeg\",\"datePublished\":\"2022-01-13T19:13:44+00:00\",\"dateModified\":\"2023-03-03T17:47:03+00:00\",\"breadcrumb\":{\"@id\":\"https:\\\/\\\/capitalcientifica.com.mx\\\/tienda\\\/product\\\/solucion-valorada-nitrato-de-plata-0-1n-4-l-no-catalogo-jtb-5630-03\\\/#breadcrumb\"},\"inLanguage\":\"es\",\"potentialAction\":[{\"@type\":\"ReadAction\",\"target\":[\"https:\\\/\\\/capitalcientifica.com.mx\\\/tienda\\\/product\\\/solucion-valorada-nitrato-de-plata-0-1n-4-l-no-catalogo-jtb-5630-03\\\/\"]}]},{\"@type\":\"ImageObject\",\"inLanguage\":\"es\",\"@id\":\"https:\\\/\\\/capitalcientifica.com.mx\\\/tienda\\\/product\\\/solucion-valorada-nitrato-de-plata-0-1n-4-l-no-catalogo-jtb-5630-03\\\/#primaryimage\",\"url\":\"https:\\\/\\\/capitalcientifica.com.mx\\\/tienda\\\/wp-content\\\/uploads\\\/2022\\\/01\\\/WhatsApp-Image-2022-01-28-at-9.25.39-PM-1.jpeg\",\"contentUrl\":\"https:\\\/\\\/capitalcientifica.com.mx\\\/tienda\\\/wp-content\\\/uploads\\\/2022\\\/01\\\/WhatsApp-Image-2022-01-28-at-9.25.39-PM-1.jpeg\",\"width\":303,\"height\":249},{\"@type\":\"BreadcrumbList\",\"@id\":\"https:\\\/\\\/capitalcientifica.com.mx\\\/tienda\\\/product\\\/solucion-valorada-nitrato-de-plata-0-1n-4-l-no-catalogo-jtb-5630-03\\\/#breadcrumb\",\"itemListElement\":[{\"@type\":\"ListItem\",\"position\":1,\"name\":\"Portada\",\"item\":\"https:\\\/\\\/capitalcientifica.com.mx\\\/tienda\\\/\"},{\"@type\":\"ListItem\",\"position\":2,\"name\":\"Shop\",\"item\":\"https:\\\/\\\/capitalcientifica.com.mx\\\/tienda\\\/shop\\\/\"},{\"@type\":\"ListItem\",\"position\":3,\"name\":\"SOLUCI\u00d3N VALORADA NITRATO DE PLATA 0.1N 4 L\"}]},{\"@type\":\"WebSite\",\"@id\":\"https:\\\/\\\/capitalcientifica.com.mx\\\/tienda\\\/#website\",\"url\":\"https:\\\/\\\/capitalcientifica.com.mx\\\/tienda\\\/\",\"name\":\"Capital Cient&iacute;fica\",\"description\":\"Equipo para laboratorio\",\"potentialAction\":[{\"@type\":\"SearchAction\",\"target\":{\"@type\":\"EntryPoint\",\"urlTemplate\":\"https:\\\/\\\/capitalcientifica.com.mx\\\/tienda\\\/?s={search_term_string}\"},\"query-input\":{\"@type\":\"PropertyValueSpecification\",\"valueRequired\":true,\"valueName\":\"search_term_string\"}}],\"inLanguage\":\"es\"}]}<\/script>\n<!-- \/ Yoast SEO plugin. -->","yoast_head_json":{"title":"SOLUCI\u00d3N VALORADA NITRATO DE PLATA 0.1N 4 L - Capital Cient&iacute;fica","robots":{"index":"index","follow":"follow","max-snippet":"max-snippet:-1","max-image-preview":"max-image-preview:large","max-video-preview":"max-video-preview:-1"},"canonical":"https:\/\/capitalcientifica.com.mx\/tienda\/product\/solucion-valorada-nitrato-de-plata-0-1n-4-l-no-catalogo-jtb-5630-03\/","og_locale":"es_ES","og_type":"article","og_title":"SOLUCI\u00d3N VALORADA NITRATO DE PLATA 0.1N 4 L - Capital Cient&iacute;fica","og_description":"SOLUCI\u00d3N VALORADA NITRATO DE PLATA 0.1N 4 L No. Cat\u00e1logo\u00a0JTB-5630-03","og_url":"https:\/\/capitalcientifica.com.mx\/tienda\/product\/solucion-valorada-nitrato-de-plata-0-1n-4-l-no-catalogo-jtb-5630-03\/","og_site_name":"Capital Cient&iacute;fica","article_modified_time":"2023-03-03T17:47:03+00:00","og_image":[{"width":303,"height":249,"url":"https:\/\/capitalcientifica.com.mx\/tienda\/wp-content\/uploads\/2022\/01\/WhatsApp-Image-2022-01-28-at-9.25.39-PM-1.jpeg","type":"image\/jpeg"}],"twitter_card":"summary_large_image","schema":{"@context":"https:\/\/schema.org","@graph":[{"@type":"WebPage","@id":"https:\/\/capitalcientifica.com.mx\/tienda\/product\/solucion-valorada-nitrato-de-plata-0-1n-4-l-no-catalogo-jtb-5630-03\/","url":"https:\/\/capitalcientifica.com.mx\/tienda\/product\/solucion-valorada-nitrato-de-plata-0-1n-4-l-no-catalogo-jtb-5630-03\/","name":"SOLUCI\u00d3N VALORADA NITRATO DE PLATA 0.1N 4 L - Capital Cient&iacute;fica","isPartOf":{"@id":"https:\/\/capitalcientifica.com.mx\/tienda\/#website"},"primaryImageOfPage":{"@id":"https:\/\/capitalcientifica.com.mx\/tienda\/product\/solucion-valorada-nitrato-de-plata-0-1n-4-l-no-catalogo-jtb-5630-03\/#primaryimage"},"image":{"@id":"https:\/\/capitalcientifica.com.mx\/tienda\/product\/solucion-valorada-nitrato-de-plata-0-1n-4-l-no-catalogo-jtb-5630-03\/#primaryimage"},"thumbnailUrl":"https:\/\/capitalcientifica.com.mx\/tienda\/wp-content\/uploads\/2022\/01\/WhatsApp-Image-2022-01-28-at-9.25.39-PM-1.jpeg","datePublished":"2022-01-13T19:13:44+00:00","dateModified":"2023-03-03T17:47:03+00:00","breadcrumb":{"@id":"https:\/\/capitalcientifica.com.mx\/tienda\/product\/solucion-valorada-nitrato-de-plata-0-1n-4-l-no-catalogo-jtb-5630-03\/#breadcrumb"},"inLanguage":"es","potentialAction":[{"@type":"ReadAction","target":["https:\/\/capitalcientifica.com.mx\/tienda\/product\/solucion-valorada-nitrato-de-plata-0-1n-4-l-no-catalogo-jtb-5630-03\/"]}]},{"@type":"ImageObject","inLanguage":"es","@id":"https:\/\/capitalcientifica.com.mx\/tienda\/product\/solucion-valorada-nitrato-de-plata-0-1n-4-l-no-catalogo-jtb-5630-03\/#primaryimage","url":"https:\/\/capitalcientifica.com.mx\/tienda\/wp-content\/uploads\/2022\/01\/WhatsApp-Image-2022-01-28-at-9.25.39-PM-1.jpeg","contentUrl":"https:\/\/capitalcientifica.com.mx\/tienda\/wp-content\/uploads\/2022\/01\/WhatsApp-Image-2022-01-28-at-9.25.39-PM-1.jpeg","width":303,"height":249},{"@type":"BreadcrumbList","@id":"https:\/\/capitalcientifica.com.mx\/tienda\/product\/solucion-valorada-nitrato-de-plata-0-1n-4-l-no-catalogo-jtb-5630-03\/#breadcrumb","itemListElement":[{"@type":"ListItem","position":1,"name":"Portada","item":"https:\/\/capitalcientifica.com.mx\/tienda\/"},{"@type":"ListItem","position":2,"name":"Shop","item":"https:\/\/capitalcientifica.com.mx\/tienda\/shop\/"},{"@type":"ListItem","position":3,"name":"SOLUCI\u00d3N VALORADA NITRATO DE PLATA 0.1N 4 L"}]},{"@type":"WebSite","@id":"https:\/\/capitalcientifica.com.mx\/tienda\/#website","url":"https:\/\/capitalcientifica.com.mx\/tienda\/","name":"Capital Cient&iacute;fica","description":"Equipo para laboratorio","potentialAction":[{"@type":"SearchAction","target":{"@type":"EntryPoint","urlTemplate":"https:\/\/capitalcientifica.com.mx\/tienda\/?s={search_term_string}"},"query-input":{"@type":"PropertyValueSpecification","valueRequired":true,"valueName":"search_term_string"}}],"inLanguage":"es"}]}},"_links":{"self":[{"href":"https:\/\/capitalcientifica.com.mx\/tienda\/wp-json\/wp\/v2\/product\/499","targetHints":{"allow":["GET"]}}],"collection":[{"href":"https:\/\/capitalcientifica.com.mx\/tienda\/wp-json\/wp\/v2\/product"}],"about":[{"href":"https:\/\/capitalcientifica.com.mx\/tienda\/wp-json\/wp\/v2\/types\/product"}],"replies":[{"embeddable":true,"href":"https:\/\/capitalcientifica.com.mx\/tienda\/wp-json\/wp\/v2\/comments?post=499"}],"wp:featuredmedia":[{"embeddable":true,"href":"https:\/\/capitalcientifica.com.mx\/tienda\/wp-json\/wp\/v2\/media\/2022"}],"wp:attachment":[{"href":"https:\/\/capitalcientifica.com.mx\/tienda\/wp-json\/wp\/v2\/media?parent=499"}],"wp:term":[{"taxonomy":"product_cat","embeddable":true,"href":"https:\/\/capitalcientifica.com.mx\/tienda\/wp-json\/wp\/v2\/product_cat?post=499"},{"taxonomy":"product_tag","embeddable":true,"href":"https:\/\/capitalcientifica.com.mx\/tienda\/wp-json\/wp\/v2\/product_tag?post=499"}],"curies":[{"name":"wp","href":"https:\/\/api.w.org\/{rel}","templated":true}]}}